{"id":1437,"date":"2015-08-19T14:20:50","date_gmt":"2015-08-19T13:20:50","guid":{"rendered":"https:\/\/dev.tg4.ie\/corporate\/press-releases\/2015-2\/02-04-15\/"},"modified":"2019-06-25T11:11:51","modified_gmt":"2019-06-25T10:11:51","slug":"02-04-15","status":"publish","type":"page","link":"https:\/\/dev.tg4.ie\/ga\/eolas\/preas\/nuacht-raitis\/2015-2\/02-04-15\/","title":{"rendered":"02.04.15"},"content":{"rendered":"<p>Seo an dara Aip Sc\u00e9al an Lae, sraith teilif\u00edse l\u00e9irithe ag C\u00fala4, TG4. San Aip seo, t\u00e1 &#8220;Ceol na gCat&#8221;, leabhar a d&#8217;fhoilsigh Cl\u00f3 Mhaigh Eo, scr\u00edofa ag Colm\u00e1n \u00d3 Raghallaigh agus maisithe go h\u00e1lainn ag Jane O\u2019 Sullivan.<\/p>\n<p>T\u00e1 an sc\u00e9al \u00e1 l\u00e9amh ag Colm\u00e1n \u00d3 Raghallaigh agus t\u00e1 na picti\u00fair agus na focail le feice\u00e1il ar sc\u00e1ile\u00e1n. Is f\u00e9idir leat f\u00e9in an sc\u00e9al a l\u00e9amh gan an l\u00e9itheoir a chloiste\u00e1il N\u00d3 is f\u00e9idir \u00e9isteacht leis an sc\u00e9al gan na focail a fheice\u00e1il. Is f\u00e9idir \u00e9 a \u00edosl\u00f3d\u00e1il saor in aisce anois \u00f3n App store don Ipad, ach cuardach a dh\u00e9anamh faoi &#8216;<b>Sc\u00e9al An Lae 2<\/b>&#8216; n\u00f3 &#8216;cula4&#8217;.<\/p>\n<p><a href=\"https:\/\/itunes.apple.com\/gb\/app\/sceal-an-lae-2\/id975502364?mt=8\" target=\"_New\" rel=\"noopener noreferrer\">https:\/\/itunes.apple.com\/gb\/app\/sceal-an-lae-2\/id975502364?mt=8<\/a><\/p>\n<p>T\u00e1 r\u00e9imse leabhar Gaeilge foilsithe agus ar f\u00e1il \u00f3 <a href=\"http:\/\/www.leabhar.com\/\" target=\"_New\" rel=\"noopener noreferrer\">www.leabhar.com<\/a><\/p>\n<p>Is f\u00e9idir f\u00e9achaint ar sraith Sc\u00e9al an Lae ag <a href=\"http:\/\/www.tg4.tv\/\" target=\"_New\" rel=\"noopener noreferrer\">www.tg4.tv<\/a><\/p>\n","protected":false},"excerpt":{"rendered":"<p>Seo an dara Aip Sc\u00e9al an Lae, sraith teilif\u00edse l\u00e9irithe ag C\u00fala4, TG4. San Aip seo, t\u00e1 &#8220;Ceol na gCat&#8221;, leabhar a d&#8217;fhoilsigh Cl\u00f3 Mhaigh Eo, scr\u00edofa ag Colm\u00e1n \u00d3 Raghallaigh agus maisithe go h\u00e1lainn ag Jane O\u2019 Sullivan. T\u00e1 an sc\u00e9al \u00e1 l\u00e9amh ag Colm\u00e1n \u00d3 Raghallaigh agus t\u00e1 na picti\u00fair agus na focail [&hellip;]<\/p>\n","protected":false},"author":6,"featured_media":1436,"parent":985,"menu_order":5,"comment_status":"closed","ping_status":"closed","template":"page-templates\/template-pr.php","meta":{"_acf_changed":false,"footnotes":""},"acf":[],"yoast_head":"<!-- This site is optimized with the Yoast SEO plugin v22.6 - https:\/\/yoast.com\/wordpress\/plugins\/seo\/ -->\n<title>02.04.15 - TG4<\/title>\n<meta name=\"robots\" content=\"index, follow, max-snippet:-1, max-image-preview:large, max-video-preview:-1\" \/>\n<meta property=\"og:locale\" content=\"en_US\" \/>\n<meta property=\"og:type\" content=\"article\" \/>\n<meta property=\"og:title\" content=\"02.04.15 - TG4\" \/>\n<meta property=\"og:description\" content=\"Seo an dara Aip Sc\u00e9al an Lae, sraith teilif\u00edse l\u00e9irithe ag C\u00fala4, TG4. San Aip seo, t\u00e1 &#8220;Ceol na gCat&#8221;, leabhar a d&#8217;fhoilsigh Cl\u00f3 Mhaigh Eo, scr\u00edofa ag Colm\u00e1n \u00d3 Raghallaigh agus maisithe go h\u00e1lainn ag Jane O\u2019 Sullivan. T\u00e1 an sc\u00e9al \u00e1 l\u00e9amh ag Colm\u00e1n \u00d3 Raghallaigh agus t\u00e1 na picti\u00fair agus na focail [&hellip;]\" \/>\n<meta property=\"og:url\" content=\"https:\/\/dev.tg4.ie\/ga\/eolas\/preas\/nuacht-raitis\/2015-2\/02-04-15\/\" \/>\n<meta property=\"og:site_name\" content=\"TG4\" \/>\n<meta property=\"article:publisher\" content=\"https:\/\/www.facebook.com\/TG4TV\" \/>\n<meta property=\"article:modified_time\" content=\"2019-06-25T10:11:51+00:00\" \/>\n<meta property=\"og:image\" content=\"https:\/\/tg4-docs.s3.amazonaws.com\/tg4-redesign-2015\/wp-content\/uploads\/2015\/08\/Sceal_an_Lae.jpg\" \/>\n\t<meta property=\"og:image:width\" content=\"1920\" \/>\n\t<meta property=\"og:image:height\" content=\"1080\" \/>\n\t<meta property=\"og:image:type\" content=\"image\/jpeg\" \/>\n<meta name=\"twitter:card\" content=\"summary_large_image\" \/>\n<meta name=\"twitter:site\" content=\"@TG4TV\" \/>\n<meta name=\"twitter:label1\" content=\"Est. reading time\" \/>\n\t<meta name=\"twitter:data1\" content=\"1 minute\" \/>\n<script type=\"application\/ld+json\" class=\"yoast-schema-graph\">{\"@context\":\"https:\/\/schema.org\",\"@graph\":[{\"@type\":\"WebPage\",\"@id\":\"https:\/\/dev.tg4.ie\/ga\/eolas\/preas\/nuacht-raitis\/2015-2\/02-04-15\/\",\"url\":\"https:\/\/dev.tg4.ie\/ga\/eolas\/preas\/nuacht-raitis\/2015-2\/02-04-15\/\",\"name\":\"02.04.15 - TG4\",\"isPartOf\":{\"@id\":\"https:\/\/dev.tg4.ie\/en\/#website\"},\"primaryImageOfPage\":{\"@id\":\"https:\/\/dev.tg4.ie\/ga\/eolas\/preas\/nuacht-raitis\/2015-2\/02-04-15\/#primaryimage\"},\"image\":{\"@id\":\"https:\/\/dev.tg4.ie\/ga\/eolas\/preas\/nuacht-raitis\/2015-2\/02-04-15\/#primaryimage\"},\"thumbnailUrl\":\"https:\/\/tg4-docs.s3.amazonaws.com\/tg4-redesign-2015\/wp-content\/uploads\/2015\/08\/Sceal_an_Lae.jpg\",\"datePublished\":\"2015-08-19T13:20:50+00:00\",\"dateModified\":\"2019-06-25T10:11:51+00:00\",\"breadcrumb\":{\"@id\":\"https:\/\/dev.tg4.ie\/ga\/eolas\/preas\/nuacht-raitis\/2015-2\/02-04-15\/#breadcrumb\"},\"inLanguage\":\"ga\",\"potentialAction\":[{\"@type\":\"ReadAction\",\"target\":[\"https:\/\/dev.tg4.ie\/ga\/eolas\/preas\/nuacht-raitis\/2015-2\/02-04-15\/\"]}]},{\"@type\":\"ImageObject\",\"inLanguage\":\"ga\",\"@id\":\"https:\/\/dev.tg4.ie\/ga\/eolas\/preas\/nuacht-raitis\/2015-2\/02-04-15\/#primaryimage\",\"url\":\"https:\/\/tg4-docs.s3.amazonaws.com\/tg4-redesign-2015\/wp-content\/uploads\/2015\/08\/Sceal_an_Lae.jpg\",\"contentUrl\":\"https:\/\/tg4-docs.s3.amazonaws.com\/tg4-redesign-2015\/wp-content\/uploads\/2015\/08\/Sceal_an_Lae.jpg\",\"width\":1920,\"height\":1080},{\"@type\":\"BreadcrumbList\",\"@id\":\"https:\/\/dev.tg4.ie\/ga\/eolas\/preas\/nuacht-raitis\/2015-2\/02-04-15\/#breadcrumb\",\"itemListElement\":[{\"@type\":\"ListItem\",\"position\":1,\"name\":\"Home\",\"item\":\"https:\/\/dev.tg4.ie\/ga\/\"},{\"@type\":\"ListItem\",\"position\":2,\"name\":\"Eolas\",\"item\":\"https:\/\/dev.tg4.ie\/ga\/eolas\/\"},{\"@type\":\"ListItem\",\"position\":3,\"name\":\"Preas\",\"item\":\"https:\/\/dev.tg4.ie\/ga\/eolas\/preas\/\"},{\"@type\":\"ListItem\",\"position\":4,\"name\":\"Nuacht R\u00e1itis\",\"item\":\"https:\/\/dev.tg4.ie\/ga\/eolas\/preas\/nuacht-raitis\/\"},{\"@type\":\"ListItem\",\"position\":5,\"name\":\"2015\",\"item\":\"https:\/\/dev.tg4.ie\/ga\/eolas\/preas\/nuacht-raitis\/2015-2\/\"},{\"@type\":\"ListItem\",\"position\":6,\"name\":\"02.04.15\"}]},{\"@type\":\"WebSite\",\"@id\":\"https:\/\/dev.tg4.ie\/en\/#website\",\"url\":\"https:\/\/dev.tg4.ie\/en\/\",\"name\":\"TG4\",\"description\":\"S\u00fail Eile\",\"potentialAction\":[{\"@type\":\"SearchAction\",\"target\":{\"@type\":\"EntryPoint\",\"urlTemplate\":\"https:\/\/dev.tg4.ie\/en\/?s={search_term_string}\"},\"query-input\":\"required name=search_term_string\"}],\"inLanguage\":\"ga\"}]}<\/script>\n<!-- \/ Yoast SEO plugin. -->","yoast_head_json":{"title":"02.04.15 - TG4","robots":{"index":"index","follow":"follow","max-snippet":"max-snippet:-1","max-image-preview":"max-image-preview:large","max-video-preview":"max-video-preview:-1"},"og_locale":"en_US","og_type":"article","og_title":"02.04.15 - TG4","og_description":"Seo an dara Aip Sc\u00e9al an Lae, sraith teilif\u00edse l\u00e9irithe ag C\u00fala4, TG4. San Aip seo, t\u00e1 &#8220;Ceol na gCat&#8221;, leabhar a d&#8217;fhoilsigh Cl\u00f3 Mhaigh Eo, scr\u00edofa ag Colm\u00e1n \u00d3 Raghallaigh agus maisithe go h\u00e1lainn ag Jane O\u2019 Sullivan. T\u00e1 an sc\u00e9al \u00e1 l\u00e9amh ag Colm\u00e1n \u00d3 Raghallaigh agus t\u00e1 na picti\u00fair agus na focail [&hellip;]","og_url":"https:\/\/dev.tg4.ie\/ga\/eolas\/preas\/nuacht-raitis\/2015-2\/02-04-15\/","og_site_name":"TG4","article_publisher":"https:\/\/www.facebook.com\/TG4TV","article_modified_time":"2019-06-25T10:11:51+00:00","og_image":[{"width":1920,"height":1080,"url":"https:\/\/tg4-docs.s3.amazonaws.com\/tg4-redesign-2015\/wp-content\/uploads\/2015\/08\/Sceal_an_Lae.jpg","type":"image\/jpeg"}],"twitter_card":"summary_large_image","twitter_site":"@TG4TV","twitter_misc":{"Est. reading time":"1 minute"},"schema":{"@context":"https:\/\/schema.org","@graph":[{"@type":"WebPage","@id":"https:\/\/dev.tg4.ie\/ga\/eolas\/preas\/nuacht-raitis\/2015-2\/02-04-15\/","url":"https:\/\/dev.tg4.ie\/ga\/eolas\/preas\/nuacht-raitis\/2015-2\/02-04-15\/","name":"02.04.15 - TG4","isPartOf":{"@id":"https:\/\/dev.tg4.ie\/en\/#website"},"primaryImageOfPage":{"@id":"https:\/\/dev.tg4.ie\/ga\/eolas\/preas\/nuacht-raitis\/2015-2\/02-04-15\/#primaryimage"},"image":{"@id":"https:\/\/dev.tg4.ie\/ga\/eolas\/preas\/nuacht-raitis\/2015-2\/02-04-15\/#primaryimage"},"thumbnailUrl":"https:\/\/tg4-docs.s3.amazonaws.com\/tg4-redesign-2015\/wp-content\/uploads\/2015\/08\/Sceal_an_Lae.jpg","datePublished":"2015-08-19T13:20:50+00:00","dateModified":"2019-06-25T10:11:51+00:00","breadcrumb":{"@id":"https:\/\/dev.tg4.ie\/ga\/eolas\/preas\/nuacht-raitis\/2015-2\/02-04-15\/#breadcrumb"},"inLanguage":"ga","potentialAction":[{"@type":"ReadAction","target":["https:\/\/dev.tg4.ie\/ga\/eolas\/preas\/nuacht-raitis\/2015-2\/02-04-15\/"]}]},{"@type":"ImageObject","inLanguage":"ga","@id":"https:\/\/dev.tg4.ie\/ga\/eolas\/preas\/nuacht-raitis\/2015-2\/02-04-15\/#primaryimage","url":"https:\/\/tg4-docs.s3.amazonaws.com\/tg4-redesign-2015\/wp-content\/uploads\/2015\/08\/Sceal_an_Lae.jpg","contentUrl":"https:\/\/tg4-docs.s3.amazonaws.com\/tg4-redesign-2015\/wp-content\/uploads\/2015\/08\/Sceal_an_Lae.jpg","width":1920,"height":1080},{"@type":"BreadcrumbList","@id":"https:\/\/dev.tg4.ie\/ga\/eolas\/preas\/nuacht-raitis\/2015-2\/02-04-15\/#breadcrumb","itemListElement":[{"@type":"ListItem","position":1,"name":"Home","item":"https:\/\/dev.tg4.ie\/ga\/"},{"@type":"ListItem","position":2,"name":"Eolas","item":"https:\/\/dev.tg4.ie\/ga\/eolas\/"},{"@type":"ListItem","position":3,"name":"Preas","item":"https:\/\/dev.tg4.ie\/ga\/eolas\/preas\/"},{"@type":"ListItem","position":4,"name":"Nuacht R\u00e1itis","item":"https:\/\/dev.tg4.ie\/ga\/eolas\/preas\/nuacht-raitis\/"},{"@type":"ListItem","position":5,"name":"2015","item":"https:\/\/dev.tg4.ie\/ga\/eolas\/preas\/nuacht-raitis\/2015-2\/"},{"@type":"ListItem","position":6,"name":"02.04.15"}]},{"@type":"WebSite","@id":"https:\/\/dev.tg4.ie\/en\/#website","url":"https:\/\/dev.tg4.ie\/en\/","name":"TG4","description":"S\u00fail Eile","potentialAction":[{"@type":"SearchAction","target":{"@type":"EntryPoint","urlTemplate":"https:\/\/dev.tg4.ie\/en\/?s={search_term_string}"},"query-input":"required name=search_term_string"}],"inLanguage":"ga"}]}},"_links":{"self":[{"href":"https:\/\/dev.tg4.ie\/ga\/wp-json\/wp\/v2\/pages\/1437"}],"collection":[{"href":"https:\/\/dev.tg4.ie\/ga\/wp-json\/wp\/v2\/pages"}],"about":[{"href":"https:\/\/dev.tg4.ie\/ga\/wp-json\/wp\/v2\/types\/page"}],"author":[{"embeddable":true,"href":"https:\/\/dev.tg4.ie\/ga\/wp-json\/wp\/v2\/users\/6"}],"replies":[{"embeddable":true,"href":"https:\/\/dev.tg4.ie\/ga\/wp-json\/wp\/v2\/comments?post=1437"}],"version-history":[{"count":0,"href":"https:\/\/dev.tg4.ie\/ga\/wp-json\/wp\/v2\/pages\/1437\/revisions"}],"up":[{"embeddable":true,"href":"https:\/\/dev.tg4.ie\/ga\/wp-json\/wp\/v2\/pages\/985"}],"wp:featuredmedia":[{"embeddable":true,"href":"https:\/\/dev.tg4.ie\/ga\/wp-json\/wp\/v2\/media\/1436"}],"wp:attachment":[{"href":"https:\/\/dev.tg4.ie\/ga\/wp-json\/wp\/v2\/media?parent=1437"}],"curies":[{"name":"wp","href":"https:\/\/api.w.org\/{rel}","templated":true}]}}