{"id":144040,"date":"2022-03-22T16:24:10","date_gmt":"2022-03-22T16:24:10","guid":{"rendered":"https:\/\/dev.tg4.ie\/?page_id=144040"},"modified":"2022-03-22T16:24:10","modified_gmt":"2022-03-22T16:24:10","slug":"gradaim-bronnta-ar-an-cailin-ciuin-agus-roise-frank-ag-feile-idirnaisiunta-scannan-bhaile-atha-cliath-virgin-media","status":"publish","type":"page","link":"https:\/\/dev.tg4.ie\/ga\/eolas\/preas\/nuacht-raitis\/2022-2\/gradaim-bronnta-ar-an-cailin-ciuin-agus-roise-frank-ag-feile-idirnaisiunta-scannan-bhaile-atha-cliath-virgin-media\/","title":{"rendered":"Gradaim bronnta ar An Cail\u00edn Ci\u00fain agus R\u00f3ise &#038; Frank ag F\u00e9ile Idirn\u00e1isi\u00fanta Scann\u00e1n Bhaile \u00c1tha Cliath Virgin Media"},"content":{"rendered":"<p><img decoding=\"async\" src=\"https:\/\/tg4-docs.s3.amazonaws.com\/tg4-redesign-2015\/wp-content\/uploads\/2022\/02\/AnCailinCiuin_TheQuietGirl_Cait_Catherine_Clinch_1-1920x1080-1.jpg\" width=\"50%\" \/><img decoding=\"async\" src=\"https:\/\/tg4-docs.s3.amazonaws.com\/tg4-redesign-2015\/wp-content\/uploads\/2022\/03\/Roise_Frank_1-1920x1080-1.jpg\"  width=\"50%\" \/><br \/>\n&nbsp;<br \/>\n<strong>Bronnadh gradaim ar dh\u00e1 scann\u00e1n \u00f3 sc\u00e9im CINE4 TG4, F\u00eds \u00c9ireann agus \u00dadar\u00e1s Craolach\u00e1in na h\u00c9ireann inniu ag gradaim Ciorcal L\u00e9irmheast\u00f3ir\u00ed Scann\u00e1n Bhaile \u00c1tha Cliath (DFCC) ar o\u00edche dheireanach na F\u00e9ile Idirn\u00e1isi\u00fanta Scann\u00e1n Bhaile \u00c1tha Cliath Virgin Media.<\/strong>  Bronnadh gradam don SCANN\u00c1N \u00c9IREANNACH IS FEARR ar <strong>An Cail\u00edn Ci\u00fain<\/strong>, agus gradam don CLIAR IS FEARR ar an scann\u00e1n <strong>R\u00f3ise &#038; Frank<\/strong>.<br \/>\n&nbsp;<br \/>\nIns\u00edonn <strong>An Cail\u00edn Ci\u00fain<\/strong> sc\u00e9al Ch\u00e1it (Catherine Clinch), cail\u00edn naoi mbliana d\u2019aois \u00f3 theaghlach at\u00e1 r\u00f3phl\u00f3daithe, m\u00edfheidhmi\u00fail agus a chuirtear ar shi\u00fal chun c\u00f3na\u00ed le tuismitheoir\u00ed altrama don samhradh. D\u2019ainneoin f\u00e1ilte chro\u00ed\u00fail \u00f3n bhean, Eibhl\u00edn (Carrie Crowley), d\u2019fhan fear an t\u00ed, Se\u00e1n (Andrew Bennett) amach \u00f3 Ch\u00e1it, agus \u00edse uaidhsean, ach le himeacht ama thosaigh cairdeas ag neart\u00fa eatarthu. Go mall, faoi ch\u00faram na gCinsealach, bl\u00e1tha\u00edonn C\u00e1it agus aims\u00edonn s\u00ed sl\u00ed \u00far beatha. Ach sa teach seo n\u00e1r ch\u00f3ir aon r\u00fain a bheith ann, tagann s\u00ed ar aon fh\u00edrinne phianmhar amh\u00e1in.<br \/>\n&nbsp;<br \/>\nT\u00e1 An Cail\u00edn Ci\u00fain bunaithe ar an ghearrsc\u00e9al ardmholta Foster le Claire Keegan, agus dr\u00e1ma casta, cigilteach is ea \u00e9 faoi theacht in aois a dh\u00e9anann ini\u00fachadh ar cheisteanna teaghlaigh, neamairt agus cumha tr\u00ed sh\u00faile a phr\u00edomhcharachtair \u00f3ig.<br \/>\n&nbsp;<br \/>\nTaispe\u00e1nadh An Cail\u00edn Ci\u00fain den ch\u00e9ad uair F\u00e9ile Scann\u00e1n Idirn\u00e1isi\u00fanta Bheirl\u00edn Berlinale an mh\u00ed seo agus bhain s\u00e9 Duais an Grand Prix of the Generation 14plus International Jury don Scann\u00e1n Is Fearr amach. D&#8217;oscail An Cail\u00edn Ci\u00fain F\u00e9ile Scann\u00e1n Idirn\u00e1isi\u00fanta Bhaile \u00c1tha Cliath Virgin Media agus bh\u00ed s\u00e9 \u00e1 thaispe\u00e1int ag F\u00e9ile Scann\u00e1n Ghlasch\u00fa thar an deireadh seachtaine.  T\u00e1 ard-mholadh tugtha ag l\u00e9irmheast\u00f3ir\u00ed don scann\u00e1n go dt\u00ed seo<br \/>\n&nbsp;<br \/>\nIs \u00e9 An Cail\u00edn Ci\u00fain an ch\u00e9ad scann\u00e1n fada \u00f3n scr\u00edbhneoir agus sti\u00farth\u00f3ir, Colm Bair\u00e9ad agus \u00f3n l\u00e9iritheoir, Cleona N\u00ed Chrualaoi \u00f3 Insc\u00e9al. Bronnadh Gradam Aimsithe Aer Lingus ar Cholm Bair\u00e9ad n\u00edos luaithe an tseachtain seo.<br \/>\n&nbsp;<br \/>\nBronnadh gradam don chliar is fearr ar an scann\u00e1n gleoite <strong>R\u00f3ise &#038; Frank<\/strong>.  L\u00e9ir\u00edtear sa scann\u00e1n R\u00f3ise (Br\u00edd N\u00ed Neachtain) a chaill a fear c\u00e9ile Frank dh\u00e1 bhliain roimh r\u00e9idh.  T\u00e1 s\u00ed f\u00f3s faoi bhr\u00f3n agus \u00ed scoite amach \u00f3na teaghlach agus \u00f3n bpobal. Tagann madra mist\u00e9ireach chuici agus is l\u00e9ir go bhfuil an madra an-mh\u00f3r l\u00e9i. Is bre\u00e1 leis an madra sp\u00f3rt agus feoil, agus t\u00e1 cathaoir ar leith gur fearr leis sa teach. Samhla\u00edtear do R\u00f3ise gurb \u00e9 an madra a fear ch\u00e9ile Frank tagtha chun beatha ar\u00eds. Ceapann a mac (Cillian \u00d3 Gairbh\u00ed) go bhfuil s\u00ed imithe as a meabhair ar fad, ach glacann an pobal leis go bhfuil Frank tar \u00e9is filleadh. <\/p>\n<p>Is iad Rachael Moriarty agus Peter Murphy a sti\u00faraigh R\u00f3ise &#038; Frank, agus C\u00fa\u00e1n Mac Conghail \u00f3 Macalla Teo a l\u00e9irigh. Ba iad Macalla Teo a l\u00e9irigh an scann\u00e1n Gaeilge Arracht freisin.<br \/>\n&nbsp;<\/p>\n<p>D\u00fairt <strong>Cleona N\u00ed Chrualaoi, L\u00e9iritheoir An Cail\u00edn Ci\u00fain<\/strong>, <em>&#8220;Is m\u00f3r an on\u00f3ir \u00e9 d\u00fainn gur bronnadh an gradam don Scann\u00e1n \u00c9ireannach is Fearr orainn i mbliana. Th\u00e1inig an oiread sin scann\u00e1in \u00c9ireannacha iontacha ar an bhf\u00f3d le d\u00e9ana\u00ed gur c\u00fais bhr\u00f3id nach beag \u00e9 gur roghna\u00edodh \u00e1r scann\u00e1n \u00f3na measc. Is moladh m\u00f3r \u00e9 seo don sc\u00e9im Cine4, faoinar le\u00edr\u00edodh An Cail\u00edn Ci\u00fain, agus do fh\u00eds TG4, F\u00eds \u00c9ireann agus \u00dadar\u00e1s Craolach\u00e1in na h\u00c9ireann fadscann\u00e1in Ghaeilge a fhorbairt agus a mhaoini\u00fa. M\u00edle bu\u00edochas leis na maoinitheoir\u00ed seo, len\u00e1r s\u00e1r-cliar agus cri\u00fa, le Ciorcal L\u00e9irmheast\u00f3ir\u00ed Scann\u00e1n Bhaile \u00c1tha Cliath agus le F\u00e9ile Idirn\u00e1isi\u00fanta Scann\u00e1n Bhaile \u00c1tha Cliath Virgin Media a chreid in\u00e1r scann\u00e1n agus a chuir \u00e9 faoi bhr\u00e1id lucht f\u00e9achana \u00c9ireannach don ch\u00e9ad uair.&#8221;<\/em><br \/>\n&nbsp;<\/p>\n<p>D\u00fairt <strong>Rachael Moriarty, Sti\u00farth\u00f3ir R\u00f3ise &#038; Frank<\/strong>, <em>&#8220;T\u00e1 r\u00edm\u00e9ad an domhain orm gur thaitin R\u00f3ise &#038; Frank thar cionn leis an lucht f\u00e9achana ag DIFF! Foireann aisteoir\u00ed den scoth a thug chuig an sc\u00e1ile\u00e1n m\u00f3r \u00e9 agus aitheantas tuillte acu gan aon ag\u00f3. Sc\u00e9al mealltacht \u00e9 R\u00f3ise &#038; Frank le f\u00e9ith grinn agus cro\u00ed m\u00f3r leis. T\u00e1 an scann\u00e1n \u00e1 thaispe\u00e1int faoi l\u00e1thair i bhF\u00e9ile Scann\u00e1na\u00edochta Santa Barbara, i gCalifornia S.A. agus t\u00e1 an lucht f\u00e9achana anseo ag baint taitneamh iontach as &#8211; agus ag g\u00e1ire! <\/p>\n<p>Do go leor anseo is \u00e9 seo an ch\u00e9ad uair d\u00f3\u00edbh Gaeilge a chloiste\u00e1il agus iom\u00e1na\u00edocht a fheice\u00e1il!&#8221;<\/em><br \/>\n&nbsp;<\/p>\n<p>D\u00fairt <strong>Ard-Sti\u00farth\u00f3ir TG4 Alan Esslemont<\/strong>, <em>\u201cTr\u00e9asla\u00edonn TG4 le Insc\u00e9al agus le Macalla as na gradaim at\u00e1 faighte ag An Cail\u00edn Ci\u00fain agus R\u00f3ise &#038; Frank ag F\u00e9ile Idirn\u00e1isi\u00fanta Scann\u00e1n Bhaile \u00c1tha Cliath. T\u00e1 \u00e1bhar Gaeilge a shol\u00e1thar don lucht f\u00e9achana ar gach ard\u00e1n i gcro\u00edl\u00e1r fh\u00eds TG4 agus t\u00e1imid rim\u00e9adach faoin r\u00e9imse scann\u00e1n Ghaeilge den ch\u00e9ad scoth at\u00e1 ann anois de bharr sc\u00e9im CINE4.   Tugann na gradaim seo aitheantas do chaighde\u00e1n na foirne l\u00e9iri\u00fach\u00e1in agus cliar ag leibh\u00e9al idirn\u00e1isi\u00fanta.&#8221;<\/em><br \/>\n&nbsp;<\/p>\n<p>Beidh an d\u00e1 scann\u00e1n i bpicti\u00farlanna ar fud na t\u00edre n\u00edos d\u00e9ana\u00ed i mbliana.<br \/>\n&nbsp;<br \/>\n&nbsp;<\/p>\n","protected":false},"excerpt":{"rendered":"<p>&nbsp; Bronnadh gradaim ar dh\u00e1 scann\u00e1n \u00f3 sc\u00e9im CINE4 TG4, F\u00eds \u00c9ireann agus \u00dadar\u00e1s Craolach\u00e1in na h\u00c9ireann inniu ag gradaim Ciorcal L\u00e9irmheast\u00f3ir\u00ed Scann\u00e1n Bhaile \u00c1tha Cliath (DFCC) ar o\u00edche dheireanach na F\u00e9ile Idirn\u00e1isi\u00fanta Scann\u00e1n Bhaile \u00c1tha Cliath Virgin Media. Bronnadh gradam don SCANN\u00c1N \u00c9IREANNACH IS FEARR ar An Cail\u00edn Ci\u00fain, agus gradam don CLIAR IS [&hellip;]<\/p>\n","protected":false},"author":876,"featured_media":0,"parent":138171,"menu_order":8,"comment_status":"closed","ping_status":"closed","template":"page-templates\/template-pr.php","meta":{"_acf_changed":false,"footnotes":""},"acf":[],"yoast_head":"<!-- This site is optimized with the Yoast SEO plugin v22.6 - https:\/\/yoast.com\/wordpress\/plugins\/seo\/ -->\n<title>Gradaim bronnta ar An Cail\u00edn Ci\u00fain agus R\u00f3ise &amp; Frank ag F\u00e9ile Idirn\u00e1isi\u00fanta Scann\u00e1n Bhaile \u00c1tha Cliath Virgin Media | Preas R\u00e1iteas | TG4<\/title>\n<meta name=\"description\" content=\"Bronnadh gradaim ar dh\u00e1 scann\u00e1n \u00f3 sc\u00e9im CINE4 TG4, F\u00eds \u00c9ireann agus \u00dadar\u00e1s Craolach\u00e1in na h\u00c9ireann inniu ag gradaim Ciorcal L\u00e9irmheast\u00f3ir\u00ed Scann\u00e1n Bhaile \u00c1tha Cliath (DFCC) ar o\u00edche dheireanach na F\u00e9ile Idirn\u00e1isi\u00fanta Scann\u00e1n Bhaile \u00c1tha Cliath Virgin Media.\" \/>\n<meta name=\"robots\" content=\"index, follow, max-snippet:-1, max-image-preview:large, max-video-preview:-1\" \/>\n<meta property=\"og:locale\" content=\"en_US\" \/>\n<meta property=\"og:type\" content=\"article\" \/>\n<meta property=\"og:title\" content=\"Gradaim bronnta ar An Cail\u00edn Ci\u00fain agus R\u00f3ise &amp; Frank ag F\u00e9ile Idirn\u00e1isi\u00fanta Scann\u00e1n Bhaile \u00c1tha Cliath Virgin Media | Preas R\u00e1iteas | TG4\" \/>\n<meta property=\"og:description\" content=\"Bronnadh gradaim ar dh\u00e1 scann\u00e1n \u00f3 sc\u00e9im CINE4 TG4, F\u00eds \u00c9ireann agus \u00dadar\u00e1s Craolach\u00e1in na h\u00c9ireann inniu ag gradaim Ciorcal L\u00e9irmheast\u00f3ir\u00ed Scann\u00e1n Bhaile \u00c1tha Cliath (DFCC) ar o\u00edche dheireanach na F\u00e9ile Idirn\u00e1isi\u00fanta Scann\u00e1n Bhaile \u00c1tha Cliath Virgin Media.\" \/>\n<meta property=\"og:url\" content=\"https:\/\/dev.tg4.ie\/ga\/eolas\/preas\/nuacht-raitis\/2022-2\/gradaim-bronnta-ar-an-cailin-ciuin-agus-roise-frank-ag-feile-idirnaisiunta-scannan-bhaile-atha-cliath-virgin-media\/\" \/>\n<meta property=\"og:site_name\" content=\"TG4\" \/>\n<meta property=\"article:publisher\" content=\"https:\/\/www.facebook.com\/TG4TV\" \/>\n<meta property=\"og:image\" content=\"https:\/\/tg4-docs.s3.amazonaws.com\/tg4-redesign-2015\/wp-content\/uploads\/2022\/03\/Roise_Frank_1-1920x1080-1.jpg\" \/>\n\t<meta property=\"og:image:width\" content=\"1920\" \/>\n\t<meta property=\"og:image:height\" content=\"1080\" \/>\n\t<meta property=\"og:image:type\" content=\"image\/jpeg\" \/>\n<meta name=\"twitter:card\" content=\"summary_large_image\" \/>\n<meta name=\"twitter:image\" content=\"https:\/\/tg4-docs.s3.amazonaws.com\/tg4-redesign-2015\/wp-content\/uploads\/2022\/03\/Roise_Frank_1-1920x1080-1.jpg\" \/>\n<meta name=\"twitter:site\" content=\"@TG4TV\" \/>\n<meta name=\"twitter:label1\" content=\"Est. reading time\" \/>\n\t<meta name=\"twitter:data1\" content=\"8 minutes\" \/>\n<script type=\"application\/ld+json\" class=\"yoast-schema-graph\">{\"@context\":\"https:\/\/schema.org\",\"@graph\":[{\"@type\":\"WebPage\",\"@id\":\"https:\/\/dev.tg4.ie\/ga\/eolas\/preas\/nuacht-raitis\/2022-2\/gradaim-bronnta-ar-an-cailin-ciuin-agus-roise-frank-ag-feile-idirnaisiunta-scannan-bhaile-atha-cliath-virgin-media\/\",\"url\":\"https:\/\/dev.tg4.ie\/ga\/eolas\/preas\/nuacht-raitis\/2022-2\/gradaim-bronnta-ar-an-cailin-ciuin-agus-roise-frank-ag-feile-idirnaisiunta-scannan-bhaile-atha-cliath-virgin-media\/\",\"name\":\"Gradaim bronnta ar An Cail\u00edn Ci\u00fain agus R\u00f3ise & Frank ag F\u00e9ile Idirn\u00e1isi\u00fanta Scann\u00e1n Bhaile \u00c1tha Cliath Virgin Media | Preas R\u00e1iteas | TG4\",\"isPartOf\":{\"@id\":\"https:\/\/dev.tg4.ie\/en\/#website\"},\"primaryImageOfPage\":{\"@id\":\"https:\/\/dev.tg4.ie\/ga\/eolas\/preas\/nuacht-raitis\/2022-2\/gradaim-bronnta-ar-an-cailin-ciuin-agus-roise-frank-ag-feile-idirnaisiunta-scannan-bhaile-atha-cliath-virgin-media\/#primaryimage\"},\"image\":{\"@id\":\"https:\/\/dev.tg4.ie\/ga\/eolas\/preas\/nuacht-raitis\/2022-2\/gradaim-bronnta-ar-an-cailin-ciuin-agus-roise-frank-ag-feile-idirnaisiunta-scannan-bhaile-atha-cliath-virgin-media\/#primaryimage\"},\"thumbnailUrl\":\"https:\/\/dev.tg4.ie\/wp-content\/uploads\/2022\/02\/AnCailinCiuin_TheQuietGirl_Cait_Catherine_Clinch_1-1920x1080-1.jpg\",\"datePublished\":\"2022-03-22T16:24:10+00:00\",\"dateModified\":\"2022-03-22T16:24:10+00:00\",\"description\":\"Bronnadh gradaim ar dh\u00e1 scann\u00e1n \u00f3 sc\u00e9im CINE4 TG4, F\u00eds \u00c9ireann agus \u00dadar\u00e1s Craolach\u00e1in na h\u00c9ireann inniu ag gradaim Ciorcal L\u00e9irmheast\u00f3ir\u00ed Scann\u00e1n Bhaile \u00c1tha Cliath (DFCC) ar o\u00edche dheireanach na F\u00e9ile Idirn\u00e1isi\u00fanta Scann\u00e1n Bhaile \u00c1tha Cliath Virgin Media.\",\"breadcrumb\":{\"@id\":\"https:\/\/dev.tg4.ie\/ga\/eolas\/preas\/nuacht-raitis\/2022-2\/gradaim-bronnta-ar-an-cailin-ciuin-agus-roise-frank-ag-feile-idirnaisiunta-scannan-bhaile-atha-cliath-virgin-media\/#breadcrumb\"},\"inLanguage\":\"ga\",\"potentialAction\":[{\"@type\":\"ReadAction\",\"target\":[\"https:\/\/dev.tg4.ie\/ga\/eolas\/preas\/nuacht-raitis\/2022-2\/gradaim-bronnta-ar-an-cailin-ciuin-agus-roise-frank-ag-feile-idirnaisiunta-scannan-bhaile-atha-cliath-virgin-media\/\"]}]},{\"@type\":\"ImageObject\",\"inLanguage\":\"ga\",\"@id\":\"https:\/\/dev.tg4.ie\/ga\/eolas\/preas\/nuacht-raitis\/2022-2\/gradaim-bronnta-ar-an-cailin-ciuin-agus-roise-frank-ag-feile-idirnaisiunta-scannan-bhaile-atha-cliath-virgin-media\/#primaryimage\",\"url\":\"https:\/\/dev.tg4.ie\/wp-content\/uploads\/2022\/02\/AnCailinCiuin_TheQuietGirl_Cait_Catherine_Clinch_1-1920x1080-1.jpg\",\"contentUrl\":\"https:\/\/dev.tg4.ie\/wp-content\/uploads\/2022\/02\/AnCailinCiuin_TheQuietGirl_Cait_Catherine_Clinch_1-1920x1080-1.jpg\"},{\"@type\":\"BreadcrumbList\",\"@id\":\"https:\/\/dev.tg4.ie\/ga\/eolas\/preas\/nuacht-raitis\/2022-2\/gradaim-bronnta-ar-an-cailin-ciuin-agus-roise-frank-ag-feile-idirnaisiunta-scannan-bhaile-atha-cliath-virgin-media\/#breadcrumb\",\"itemListElement\":[{\"@type\":\"ListItem\",\"position\":1,\"name\":\"Home\",\"item\":\"https:\/\/dev.tg4.ie\/ga\/\"},{\"@type\":\"ListItem\",\"position\":2,\"name\":\"Eolas\",\"item\":\"https:\/\/dev.tg4.ie\/ga\/eolas\/\"},{\"@type\":\"ListItem\",\"position\":3,\"name\":\"Preas\",\"item\":\"https:\/\/dev.tg4.ie\/ga\/eolas\/preas\/\"},{\"@type\":\"ListItem\",\"position\":4,\"name\":\"Nuacht R\u00e1itis\",\"item\":\"https:\/\/dev.tg4.ie\/ga\/eolas\/preas\/nuacht-raitis\/\"},{\"@type\":\"ListItem\",\"position\":5,\"name\":\"2022\",\"item\":\"https:\/\/dev.tg4.ie\/ga\/eolas\/preas\/nuacht-raitis\/2022-2\/\"},{\"@type\":\"ListItem\",\"position\":6,\"name\":\"Gradaim bronnta ar An Cail\u00edn Ci\u00fain agus R\u00f3ise &#038; Frank ag F\u00e9ile Idirn\u00e1isi\u00fanta Scann\u00e1n Bhaile \u00c1tha Cliath Virgin Media\"}]},{\"@type\":\"WebSite\",\"@id\":\"https:\/\/dev.tg4.ie\/en\/#website\",\"url\":\"https:\/\/dev.tg4.ie\/en\/\",\"name\":\"TG4\",\"description\":\"S\u00fail Eile\",\"potentialAction\":[{\"@type\":\"SearchAction\",\"target\":{\"@type\":\"EntryPoint\",\"urlTemplate\":\"https:\/\/dev.tg4.ie\/en\/?s={search_term_string}\"},\"query-input\":\"required name=search_term_string\"}],\"inLanguage\":\"ga\"}]}<\/script>\n<!-- \/ Yoast SEO plugin. -->","yoast_head_json":{"title":"Gradaim bronnta ar An Cail\u00edn Ci\u00fain agus R\u00f3ise & Frank ag F\u00e9ile Idirn\u00e1isi\u00fanta Scann\u00e1n Bhaile \u00c1tha Cliath Virgin Media | Preas R\u00e1iteas | TG4","description":"Bronnadh gradaim ar dh\u00e1 scann\u00e1n \u00f3 sc\u00e9im CINE4 TG4, F\u00eds \u00c9ireann agus \u00dadar\u00e1s Craolach\u00e1in na h\u00c9ireann inniu ag gradaim Ciorcal L\u00e9irmheast\u00f3ir\u00ed Scann\u00e1n Bhaile \u00c1tha Cliath (DFCC) ar o\u00edche dheireanach na F\u00e9ile Idirn\u00e1isi\u00fanta Scann\u00e1n Bhaile \u00c1tha Cliath Virgin Media.","robots":{"index":"index","follow":"follow","max-snippet":"max-snippet:-1","max-image-preview":"max-image-preview:large","max-video-preview":"max-video-preview:-1"},"og_locale":"en_US","og_type":"article","og_title":"Gradaim bronnta ar An Cail\u00edn Ci\u00fain agus R\u00f3ise & Frank ag F\u00e9ile Idirn\u00e1isi\u00fanta Scann\u00e1n Bhaile \u00c1tha Cliath Virgin Media | Preas R\u00e1iteas | TG4","og_description":"Bronnadh gradaim ar dh\u00e1 scann\u00e1n \u00f3 sc\u00e9im CINE4 TG4, F\u00eds \u00c9ireann agus \u00dadar\u00e1s Craolach\u00e1in na h\u00c9ireann inniu ag gradaim Ciorcal L\u00e9irmheast\u00f3ir\u00ed Scann\u00e1n Bhaile \u00c1tha Cliath (DFCC) ar o\u00edche dheireanach na F\u00e9ile Idirn\u00e1isi\u00fanta Scann\u00e1n Bhaile \u00c1tha Cliath Virgin Media.","og_url":"https:\/\/dev.tg4.ie\/ga\/eolas\/preas\/nuacht-raitis\/2022-2\/gradaim-bronnta-ar-an-cailin-ciuin-agus-roise-frank-ag-feile-idirnaisiunta-scannan-bhaile-atha-cliath-virgin-media\/","og_site_name":"TG4","article_publisher":"https:\/\/www.facebook.com\/TG4TV","og_image":[{"width":1920,"height":1080,"url":"https:\/\/tg4-docs.s3.amazonaws.com\/tg4-redesign-2015\/wp-content\/uploads\/2022\/03\/Roise_Frank_1-1920x1080-1.jpg","type":"image\/jpeg"}],"twitter_card":"summary_large_image","twitter_image":"https:\/\/tg4-docs.s3.amazonaws.com\/tg4-redesign-2015\/wp-content\/uploads\/2022\/03\/Roise_Frank_1-1920x1080-1.jpg","twitter_site":"@TG4TV","twitter_misc":{"Est. reading time":"8 minutes"},"schema":{"@context":"https:\/\/schema.org","@graph":[{"@type":"WebPage","@id":"https:\/\/dev.tg4.ie\/ga\/eolas\/preas\/nuacht-raitis\/2022-2\/gradaim-bronnta-ar-an-cailin-ciuin-agus-roise-frank-ag-feile-idirnaisiunta-scannan-bhaile-atha-cliath-virgin-media\/","url":"https:\/\/dev.tg4.ie\/ga\/eolas\/preas\/nuacht-raitis\/2022-2\/gradaim-bronnta-ar-an-cailin-ciuin-agus-roise-frank-ag-feile-idirnaisiunta-scannan-bhaile-atha-cliath-virgin-media\/","name":"Gradaim bronnta ar An Cail\u00edn Ci\u00fain agus R\u00f3ise & Frank ag F\u00e9ile Idirn\u00e1isi\u00fanta Scann\u00e1n Bhaile \u00c1tha Cliath Virgin Media | Preas R\u00e1iteas | TG4","isPartOf":{"@id":"https:\/\/dev.tg4.ie\/en\/#website"},"primaryImageOfPage":{"@id":"https:\/\/dev.tg4.ie\/ga\/eolas\/preas\/nuacht-raitis\/2022-2\/gradaim-bronnta-ar-an-cailin-ciuin-agus-roise-frank-ag-feile-idirnaisiunta-scannan-bhaile-atha-cliath-virgin-media\/#primaryimage"},"image":{"@id":"https:\/\/dev.tg4.ie\/ga\/eolas\/preas\/nuacht-raitis\/2022-2\/gradaim-bronnta-ar-an-cailin-ciuin-agus-roise-frank-ag-feile-idirnaisiunta-scannan-bhaile-atha-cliath-virgin-media\/#primaryimage"},"thumbnailUrl":"https:\/\/dev.tg4.ie\/wp-content\/uploads\/2022\/02\/AnCailinCiuin_TheQuietGirl_Cait_Catherine_Clinch_1-1920x1080-1.jpg","datePublished":"2022-03-22T16:24:10+00:00","dateModified":"2022-03-22T16:24:10+00:00","description":"Bronnadh gradaim ar dh\u00e1 scann\u00e1n \u00f3 sc\u00e9im CINE4 TG4, F\u00eds \u00c9ireann agus \u00dadar\u00e1s Craolach\u00e1in na h\u00c9ireann inniu ag gradaim Ciorcal L\u00e9irmheast\u00f3ir\u00ed Scann\u00e1n Bhaile \u00c1tha Cliath (DFCC) ar o\u00edche dheireanach na F\u00e9ile Idirn\u00e1isi\u00fanta Scann\u00e1n Bhaile \u00c1tha Cliath Virgin Media.","breadcrumb":{"@id":"https:\/\/dev.tg4.ie\/ga\/eolas\/preas\/nuacht-raitis\/2022-2\/gradaim-bronnta-ar-an-cailin-ciuin-agus-roise-frank-ag-feile-idirnaisiunta-scannan-bhaile-atha-cliath-virgin-media\/#breadcrumb"},"inLanguage":"ga","potentialAction":[{"@type":"ReadAction","target":["https:\/\/dev.tg4.ie\/ga\/eolas\/preas\/nuacht-raitis\/2022-2\/gradaim-bronnta-ar-an-cailin-ciuin-agus-roise-frank-ag-feile-idirnaisiunta-scannan-bhaile-atha-cliath-virgin-media\/"]}]},{"@type":"ImageObject","inLanguage":"ga","@id":"https:\/\/dev.tg4.ie\/ga\/eolas\/preas\/nuacht-raitis\/2022-2\/gradaim-bronnta-ar-an-cailin-ciuin-agus-roise-frank-ag-feile-idirnaisiunta-scannan-bhaile-atha-cliath-virgin-media\/#primaryimage","url":"https:\/\/dev.tg4.ie\/wp-content\/uploads\/2022\/02\/AnCailinCiuin_TheQuietGirl_Cait_Catherine_Clinch_1-1920x1080-1.jpg","contentUrl":"https:\/\/dev.tg4.ie\/wp-content\/uploads\/2022\/02\/AnCailinCiuin_TheQuietGirl_Cait_Catherine_Clinch_1-1920x1080-1.jpg"},{"@type":"BreadcrumbList","@id":"https:\/\/dev.tg4.ie\/ga\/eolas\/preas\/nuacht-raitis\/2022-2\/gradaim-bronnta-ar-an-cailin-ciuin-agus-roise-frank-ag-feile-idirnaisiunta-scannan-bhaile-atha-cliath-virgin-media\/#breadcrumb","itemListElement":[{"@type":"ListItem","position":1,"name":"Home","item":"https:\/\/dev.tg4.ie\/ga\/"},{"@type":"ListItem","position":2,"name":"Eolas","item":"https:\/\/dev.tg4.ie\/ga\/eolas\/"},{"@type":"ListItem","position":3,"name":"Preas","item":"https:\/\/dev.tg4.ie\/ga\/eolas\/preas\/"},{"@type":"ListItem","position":4,"name":"Nuacht R\u00e1itis","item":"https:\/\/dev.tg4.ie\/ga\/eolas\/preas\/nuacht-raitis\/"},{"@type":"ListItem","position":5,"name":"2022","item":"https:\/\/dev.tg4.ie\/ga\/eolas\/preas\/nuacht-raitis\/2022-2\/"},{"@type":"ListItem","position":6,"name":"Gradaim bronnta ar An Cail\u00edn Ci\u00fain agus R\u00f3ise &#038; Frank ag F\u00e9ile Idirn\u00e1isi\u00fanta Scann\u00e1n Bhaile \u00c1tha Cliath Virgin Media"}]},{"@type":"WebSite","@id":"https:\/\/dev.tg4.ie\/en\/#website","url":"https:\/\/dev.tg4.ie\/en\/","name":"TG4","description":"S\u00fail Eile","potentialAction":[{"@type":"SearchAction","target":{"@type":"EntryPoint","urlTemplate":"https:\/\/dev.tg4.ie\/en\/?s={search_term_string}"},"query-input":"required name=search_term_string"}],"inLanguage":"ga"}]}},"_links":{"self":[{"href":"https:\/\/dev.tg4.ie\/ga\/wp-json\/wp\/v2\/pages\/144040"}],"collection":[{"href":"https:\/\/dev.tg4.ie\/ga\/wp-json\/wp\/v2\/pages"}],"about":[{"href":"https:\/\/dev.tg4.ie\/ga\/wp-json\/wp\/v2\/types\/page"}],"author":[{"embeddable":true,"href":"https:\/\/dev.tg4.ie\/ga\/wp-json\/wp\/v2\/users\/876"}],"replies":[{"embeddable":true,"href":"https:\/\/dev.tg4.ie\/ga\/wp-json\/wp\/v2\/comments?post=144040"}],"version-history":[{"count":0,"href":"https:\/\/dev.tg4.ie\/ga\/wp-json\/wp\/v2\/pages\/144040\/revisions"}],"up":[{"embeddable":true,"href":"https:\/\/dev.tg4.ie\/ga\/wp-json\/wp\/v2\/pages\/138171"}],"wp:attachment":[{"href":"https:\/\/dev.tg4.ie\/ga\/wp-json\/wp\/v2\/media?parent=144040"}],"curies":[{"name":"wp","href":"https:\/\/api.w.org\/{rel}","templated":true}]}}