{"id":144050,"date":"2022-03-22T16:34:28","date_gmt":"2022-03-22T16:34:28","guid":{"rendered":"https:\/\/dev.tg4.ie\/?page_id=144050"},"modified":"2022-03-22T16:34:29","modified_gmt":"2022-03-22T16:34:29","slug":"ocht-ngradam-ifta-bronnta-ar-an-scannan-gaeilge-an-cailin-ciuin","status":"publish","type":"page","link":"https:\/\/dev.tg4.ie\/ga\/eolas\/preas\/nuacht-raitis\/2022-2\/ocht-ngradam-ifta-bronnta-ar-an-scannan-gaeilge-an-cailin-ciuin\/","title":{"rendered":"Ocht ngradam IFTA bronnta ar an scann\u00e1n Gaeilge An Cail\u00edn Ci\u00fain"},"content":{"rendered":"<p><img loading=\"lazy\" decoding=\"async\" width=\"1920\" height=\"1080\" src=\"https:\/\/tg4-docs.s3.amazonaws.com\/tg4-redesign-2015\/wp-content\/uploads\/2022\/02\/AnCailinCiuin_TheQuietGirl_Cait_Catherine_Clinch_2-1920x1080-1.jpg\" alt=\"\" class=\"alignleft size-full wp-image-141459\" srcset=\"https:\/\/tg4-docs.s3.amazonaws.com\/tg4-redesign-2015\/wp-content\/uploads\/2022\/02\/AnCailinCiuin_TheQuietGirl_Cait_Catherine_Clinch_2-1920x1080-1.jpg 1920w, https:\/\/tg4-docs.s3.amazonaws.com\/tg4-redesign-2015\/wp-content\/uploads\/2022\/02\/AnCailinCiuin_TheQuietGirl_Cait_Catherine_Clinch_2-1920x1080-1-250x141.jpg 250w, https:\/\/tg4-docs.s3.amazonaws.com\/tg4-redesign-2015\/wp-content\/uploads\/2022\/02\/AnCailinCiuin_TheQuietGirl_Cait_Catherine_Clinch_2-1920x1080-1-700x394.jpg 700w, https:\/\/tg4-docs.s3.amazonaws.com\/tg4-redesign-2015\/wp-content\/uploads\/2022\/02\/AnCailinCiuin_TheQuietGirl_Cait_Catherine_Clinch_2-1920x1080-1-252x141.jpg 252w, https:\/\/tg4-docs.s3.amazonaws.com\/tg4-redesign-2015\/wp-content\/uploads\/2022\/02\/AnCailinCiuin_TheQuietGirl_Cait_Catherine_Clinch_2-1920x1080-1-1536x864.jpg 1536w, https:\/\/tg4-docs.s3.amazonaws.com\/tg4-redesign-2015\/wp-content\/uploads\/2022\/02\/AnCailinCiuin_TheQuietGirl_Cait_Catherine_Clinch_2-1920x1080-1-120x68.jpg 120w\" sizes=\"(max-width: 1920px) 100vw, 1920px\" \/><br \/>\n&nbsp;<br \/>\nBronnadh ocht ngradam IFTA ar an scann\u00e1n Gaeilge \u00f3 sc\u00e9im CINE4, <strong>An Cail\u00edn Ci\u00fain<\/strong> anocht.   Bronnadh pr\u00edomh-ghradam na ho\u00edche don &#8216;SCANN\u00c1N IS FEARR&#8217; ar An Cail\u00edn Ci\u00fain a bh\u00ed ainmnithe sa chatag\u00f3ir ch\u00e9anna le scann\u00e1n Kenneth Branagh, <em>Belfast<\/em>, <em>Deadly Cuts<\/em>, <em>You are Not My Mother<\/em>, <em>Swan Song<\/em> agus <em>Who We Love<\/em>. Thug r\u00e9alta \u00f3g An Cail\u00edn Ci\u00fain, Catherine Clinch an gradam l\u00e9i don &#8216;Ban-Aisteoir is Fearr&#8217; d\u00e1 p\u00e1irt C\u00e1it sa scann\u00e1n.  Bronnadh an IFTA don Sti\u00farth\u00f3ir is Fearr ar Cholm Bair\u00e9ad agus bronnadh Gradam R\u00e9alta Nua F\u00eds \u00c9ireann air chomh maith.<br \/>\n&nbsp;<br \/>\nFuair Kate McCullough an IFTA don Cineamatografa\u00ed\u00f3cht is Fearr, agus John Murphy don Eagarth\u00f3ireacht is Fearr.  Bronnadh gradam IFTA don Cheol is Fearr ar Stephen Rennicks agus gradam don Dearadh L\u00e9irithe is Fearr ar Emma Lowney.<br \/>\n&nbsp;<br \/>\nIns\u00edonn <strong>An Cail\u00edn Ci\u00fain<\/strong> sc\u00e9al Ch\u00e1it (Catherine Clinch), cail\u00edn naoi mbliana d\u2019aois \u00f3 theaghlach at\u00e1 r\u00f3phl\u00f3daithe, m\u00edfheidhmi\u00fail agus a chuirtear ar shi\u00fal chun c\u00f3na\u00ed le tuismitheoir\u00ed altrama don samhradh. D\u2019ainneoin f\u00e1ilte chro\u00ed\u00fail \u00f3n bhean, Eibhl\u00edn (Carrie Crowley), d\u2019fhan fear an t\u00ed, Se\u00e1n (Andrew Bennett) amach \u00f3 Ch\u00e1it, agus \u00edse uaidhsean, ach le himeacht ama thosaigh cairdeas ag neart\u00fa eatarthu. Go mall, faoi ch\u00faram na gCinsealach, bl\u00e1tha\u00edonn C\u00e1it agus aims\u00edonn s\u00ed sl\u00ed \u00far beatha. Ach sa teach seo n\u00e1r ch\u00f3ir aon r\u00fain a bheith ann, tagann s\u00ed ar aon fh\u00edrinne phianmhar amh\u00e1in.<br \/>\n&nbsp;<br \/>\nT\u00e1 An Cail\u00edn Ci\u00fain bunaithe ar an ghearrsc\u00e9al ardmholta Foster le Claire Keegan, agus dr\u00e1ma casta, cigilteach is ea \u00e9 faoi theacht in aois a dh\u00e9anann ini\u00fachadh ar cheisteanna teaghlaigh, neamairt agus cumha tr\u00ed sh\u00faile a phr\u00edomhcharachtair \u00f3ig.  Is \u00e9 An Cail\u00edn Ci\u00fain an ch\u00e9ad scann\u00e1n fada \u00f3n scr\u00edbhneoir agus sti\u00farth\u00f3ir, Colm Bair\u00e9ad agus \u00f3n l\u00e9iritheoir, Cleona N\u00ed Chrualaoi \u00f3 Insc\u00e9al.<br \/>\n&nbsp;<br \/>\n\u00d3 taispe\u00e1nadh den ch\u00e9ad uair ag Berlinale \u00e9 i M\u00ed Feabhra, t\u00e1 ard-mholadh \u00e1 fh\u00e1il ag an scann\u00e1n \u00f3 l\u00e9irmheast\u00f3ir\u00ed anseo in \u00c9irinn agus go hidirn\u00e1isi\u00fanta agus gradaim buaite ag F\u00e9ile Scann\u00e1n Idirn\u00e1isi\u00fanta Bhaile \u00c1tha Cliath Virgin Media agus ag F\u00e9ile Scann\u00e1n Idirn\u00e1isi\u00fanta Bheirl\u00edn.<br \/>\n&nbsp;<br \/>\nD\u00fairt <strong>Cleona N\u00ed Chrualaoi, L\u00e9iritheoir An Cail\u00edn Ci\u00fain<\/strong>, <em>&#8220;T\u00e1 l\u00fach\u00e1ir orainn go bhfuil ocht ngradam IFTA buaite ag foireann An Cail\u00edn Ci\u00fain, an Scann\u00e1n is Fearr, an Sti\u00farth\u00f3ir is Fearr agus an Pr\u00edomh-Aisteoir is Fearr san \u00e1ireamh. S\u00e1ra\u00edonn s\u00e9 seo gach a raibh muid ag s\u00fail leis! T\u00e1 r\u00edm\u00e9ad orainn d\u00e1r bpr\u00edomhaisteoir, Catherine Clinch agus d\u00e1r gcri\u00fa iontach a bhuaigh duaiseanna sna catag\u00f3ir\u00ed; Cineamatagrafa\u00edocht, Eagarth\u00f3ireacht, Dearadh L\u00e9iri\u00fach\u00e1in agus Ceol. Is c\u00fais mh\u00f3r bhr\u00f3id d\u00fainn \u00e9 gurb \u00e9 seo an ch\u00e9ad uair gur bhuaigh scann\u00e1n Gaeilge sa chatag\u00f3ir don Scann\u00e1n is Fearr. T\u00e1 \u00e9acht d\u00e9anta freisin ag \u00e1r scr\u00edbhneoir\/sti\u00farth\u00f3ir, Colm Bair\u00e9ad a bhuaigh na gradaim, Sti\u00farth\u00f3ir is Fearr agus an IFTA &#8211; Screen Ireland Rising Star araon. Is rud iontach stairi\u00fail \u00e9 an m\u00e9id at\u00e1 bainte amach ag an scann\u00e1n. \u00c1r m\u00edle bu\u00edochas do IFTA as na hon\u00f3racha ollmh\u00f3ra seo.\u201d <\/em><br \/>\n&nbsp;<br \/>\nD\u00fairt <strong>M\u00e1ire N\u00ed Chonl\u00e1in, Eagarth\u00f3ir Coimisi\u00fanaithe An Cail\u00edn Ci\u00fain i TG4<\/strong>, <em>&#8220;T\u00e1 TG4 r\u00edm\u00e9adach agus an-mh\u00f3r\u00e1lach gur thacaigh muid leis an scann\u00e1n speisialta seo i bp\u00e1irt le F\u00eds \u00c9ireann agus \u00dadar\u00e1s Craolach\u00e1in na h\u00c9ireann faoin sc\u00e9im Cine4.   Bu\u00edochas do bhaill IFTA a chonaic an ard-chaighde\u00e1n tallainne at\u00e1 sa scann\u00e1n dra\u00edocht\u00fail seo. T\u00e1 na gradaim seo tuillte go m\u00f3r ag an gcomhlacht Insc\u00e9al, ag an gcliar agus ag an bhfoireann uile a ghlac p\u00e1irt ann.&#8221;<\/em><br \/>\n&nbsp;<br \/>\n&nbsp;<\/p>\n","protected":false},"excerpt":{"rendered":"<p>&nbsp; Bronnadh ocht ngradam IFTA ar an scann\u00e1n Gaeilge \u00f3 sc\u00e9im CINE4, An Cail\u00edn Ci\u00fain anocht. Bronnadh pr\u00edomh-ghradam na ho\u00edche don &#8216;SCANN\u00c1N IS FEARR&#8217; ar An Cail\u00edn Ci\u00fain a bh\u00ed ainmnithe sa chatag\u00f3ir ch\u00e9anna le scann\u00e1n Kenneth Branagh, Belfast, Deadly Cuts, You are Not My Mother, Swan Song agus Who We Love. Thug r\u00e9alta \u00f3g [&hellip;]<\/p>\n","protected":false},"author":876,"featured_media":0,"parent":138171,"menu_order":9,"comment_status":"closed","ping_status":"closed","template":"page-templates\/template-pr.php","meta":{"_acf_changed":false,"footnotes":""},"acf":[],"yoast_head":"<!-- This site is optimized with the Yoast SEO plugin v22.6 - https:\/\/yoast.com\/wordpress\/plugins\/seo\/ -->\n<title>Ocht ngradam IFTA bronnta ar an scann\u00e1n Gaeilge An Cail\u00edn Ci\u00fain | Preas R\u00e1iteas | TG4<\/title>\n<meta name=\"description\" content=\"Bronnadh ocht ngradam IFTA ar an scann\u00e1n Gaeilge \u00f3 sc\u00e9im CINE4, An Cail\u00edn Ci\u00fain anocht.\" \/>\n<meta name=\"robots\" content=\"index, follow, max-snippet:-1, max-image-preview:large, max-video-preview:-1\" \/>\n<meta property=\"og:locale\" content=\"en_US\" \/>\n<meta property=\"og:type\" content=\"article\" \/>\n<meta property=\"og:title\" content=\"Ocht ngradam IFTA bronnta ar an scann\u00e1n Gaeilge An Cail\u00edn Ci\u00fain | Preas R\u00e1iteas | TG4\" \/>\n<meta property=\"og:description\" content=\"Bronnadh ocht ngradam IFTA ar an scann\u00e1n Gaeilge \u00f3 sc\u00e9im CINE4, An Cail\u00edn Ci\u00fain anocht.\" \/>\n<meta property=\"og:url\" content=\"https:\/\/dev.tg4.ie\/ga\/eolas\/preas\/nuacht-raitis\/2022-2\/ocht-ngradam-ifta-bronnta-ar-an-scannan-gaeilge-an-cailin-ciuin\/\" \/>\n<meta property=\"og:site_name\" content=\"TG4\" \/>\n<meta property=\"article:publisher\" content=\"https:\/\/www.facebook.com\/TG4TV\" \/>\n<meta property=\"article:modified_time\" content=\"2022-03-22T16:34:29+00:00\" \/>\n<meta property=\"og:image\" content=\"https:\/\/tg4-docs.s3.amazonaws.com\/tg4-redesign-2015\/wp-content\/uploads\/2022\/02\/AnCailinCiuin_TheQuietGirl_Cait_Catherine_Clinch_2-1920x1080-1.jpg\" \/>\n\t<meta property=\"og:image:width\" content=\"1920\" \/>\n\t<meta property=\"og:image:height\" content=\"1080\" \/>\n\t<meta property=\"og:image:type\" content=\"image\/jpeg\" \/>\n<meta name=\"twitter:card\" content=\"summary_large_image\" \/>\n<meta name=\"twitter:image\" content=\"https:\/\/tg4-docs.s3.amazonaws.com\/tg4-redesign-2015\/wp-content\/uploads\/2022\/02\/AnCailinCiuin_TheQuietGirl_Cait_Catherine_Clinch_2-1920x1080-1.jpg\" \/>\n<meta name=\"twitter:site\" content=\"@TG4TV\" \/>\n<meta name=\"twitter:label1\" content=\"Est. reading time\" \/>\n\t<meta name=\"twitter:data1\" content=\"8 minutes\" \/>\n<script type=\"application\/ld+json\" class=\"yoast-schema-graph\">{\"@context\":\"https:\/\/schema.org\",\"@graph\":[{\"@type\":\"WebPage\",\"@id\":\"https:\/\/dev.tg4.ie\/ga\/eolas\/preas\/nuacht-raitis\/2022-2\/ocht-ngradam-ifta-bronnta-ar-an-scannan-gaeilge-an-cailin-ciuin\/\",\"url\":\"https:\/\/dev.tg4.ie\/ga\/eolas\/preas\/nuacht-raitis\/2022-2\/ocht-ngradam-ifta-bronnta-ar-an-scannan-gaeilge-an-cailin-ciuin\/\",\"name\":\"Ocht ngradam IFTA bronnta ar an scann\u00e1n Gaeilge An Cail\u00edn Ci\u00fain | Preas R\u00e1iteas | TG4\",\"isPartOf\":{\"@id\":\"https:\/\/dev.tg4.ie\/en\/#website\"},\"primaryImageOfPage\":{\"@id\":\"https:\/\/dev.tg4.ie\/ga\/eolas\/preas\/nuacht-raitis\/2022-2\/ocht-ngradam-ifta-bronnta-ar-an-scannan-gaeilge-an-cailin-ciuin\/#primaryimage\"},\"image\":{\"@id\":\"https:\/\/dev.tg4.ie\/ga\/eolas\/preas\/nuacht-raitis\/2022-2\/ocht-ngradam-ifta-bronnta-ar-an-scannan-gaeilge-an-cailin-ciuin\/#primaryimage\"},\"thumbnailUrl\":\"https:\/\/dev.tg4.ie\/wp-content\/uploads\/2022\/02\/AnCailinCiuin_TheQuietGirl_Cait_Catherine_Clinch_2-1920x1080-1.jpg\",\"datePublished\":\"2022-03-22T16:34:28+00:00\",\"dateModified\":\"2022-03-22T16:34:29+00:00\",\"description\":\"Bronnadh ocht ngradam IFTA ar an scann\u00e1n Gaeilge \u00f3 sc\u00e9im CINE4, An Cail\u00edn Ci\u00fain anocht.\",\"breadcrumb\":{\"@id\":\"https:\/\/dev.tg4.ie\/ga\/eolas\/preas\/nuacht-raitis\/2022-2\/ocht-ngradam-ifta-bronnta-ar-an-scannan-gaeilge-an-cailin-ciuin\/#breadcrumb\"},\"inLanguage\":\"ga\",\"potentialAction\":[{\"@type\":\"ReadAction\",\"target\":[\"https:\/\/dev.tg4.ie\/ga\/eolas\/preas\/nuacht-raitis\/2022-2\/ocht-ngradam-ifta-bronnta-ar-an-scannan-gaeilge-an-cailin-ciuin\/\"]}]},{\"@type\":\"ImageObject\",\"inLanguage\":\"ga\",\"@id\":\"https:\/\/dev.tg4.ie\/ga\/eolas\/preas\/nuacht-raitis\/2022-2\/ocht-ngradam-ifta-bronnta-ar-an-scannan-gaeilge-an-cailin-ciuin\/#primaryimage\",\"url\":\"https:\/\/dev.tg4.ie\/wp-content\/uploads\/2022\/02\/AnCailinCiuin_TheQuietGirl_Cait_Catherine_Clinch_2-1920x1080-1.jpg\",\"contentUrl\":\"https:\/\/dev.tg4.ie\/wp-content\/uploads\/2022\/02\/AnCailinCiuin_TheQuietGirl_Cait_Catherine_Clinch_2-1920x1080-1.jpg\"},{\"@type\":\"BreadcrumbList\",\"@id\":\"https:\/\/dev.tg4.ie\/ga\/eolas\/preas\/nuacht-raitis\/2022-2\/ocht-ngradam-ifta-bronnta-ar-an-scannan-gaeilge-an-cailin-ciuin\/#breadcrumb\",\"itemListElement\":[{\"@type\":\"ListItem\",\"position\":1,\"name\":\"Home\",\"item\":\"https:\/\/dev.tg4.ie\/ga\/\"},{\"@type\":\"ListItem\",\"position\":2,\"name\":\"Eolas\",\"item\":\"https:\/\/dev.tg4.ie\/ga\/eolas\/\"},{\"@type\":\"ListItem\",\"position\":3,\"name\":\"Preas\",\"item\":\"https:\/\/dev.tg4.ie\/ga\/eolas\/preas\/\"},{\"@type\":\"ListItem\",\"position\":4,\"name\":\"Nuacht R\u00e1itis\",\"item\":\"https:\/\/dev.tg4.ie\/ga\/eolas\/preas\/nuacht-raitis\/\"},{\"@type\":\"ListItem\",\"position\":5,\"name\":\"2022\",\"item\":\"https:\/\/dev.tg4.ie\/ga\/eolas\/preas\/nuacht-raitis\/2022-2\/\"},{\"@type\":\"ListItem\",\"position\":6,\"name\":\"Ocht ngradam IFTA bronnta ar an scann\u00e1n Gaeilge An Cail\u00edn Ci\u00fain\"}]},{\"@type\":\"WebSite\",\"@id\":\"https:\/\/dev.tg4.ie\/en\/#website\",\"url\":\"https:\/\/dev.tg4.ie\/en\/\",\"name\":\"TG4\",\"description\":\"S\u00fail Eile\",\"potentialAction\":[{\"@type\":\"SearchAction\",\"target\":{\"@type\":\"EntryPoint\",\"urlTemplate\":\"https:\/\/dev.tg4.ie\/en\/?s={search_term_string}\"},\"query-input\":\"required name=search_term_string\"}],\"inLanguage\":\"ga\"}]}<\/script>\n<!-- \/ Yoast SEO plugin. -->","yoast_head_json":{"title":"Ocht ngradam IFTA bronnta ar an scann\u00e1n Gaeilge An Cail\u00edn Ci\u00fain | Preas R\u00e1iteas | TG4","description":"Bronnadh ocht ngradam IFTA ar an scann\u00e1n Gaeilge \u00f3 sc\u00e9im CINE4, An Cail\u00edn Ci\u00fain anocht.","robots":{"index":"index","follow":"follow","max-snippet":"max-snippet:-1","max-image-preview":"max-image-preview:large","max-video-preview":"max-video-preview:-1"},"og_locale":"en_US","og_type":"article","og_title":"Ocht ngradam IFTA bronnta ar an scann\u00e1n Gaeilge An Cail\u00edn Ci\u00fain | Preas R\u00e1iteas | TG4","og_description":"Bronnadh ocht ngradam IFTA ar an scann\u00e1n Gaeilge \u00f3 sc\u00e9im CINE4, An Cail\u00edn Ci\u00fain anocht.","og_url":"https:\/\/dev.tg4.ie\/ga\/eolas\/preas\/nuacht-raitis\/2022-2\/ocht-ngradam-ifta-bronnta-ar-an-scannan-gaeilge-an-cailin-ciuin\/","og_site_name":"TG4","article_publisher":"https:\/\/www.facebook.com\/TG4TV","article_modified_time":"2022-03-22T16:34:29+00:00","og_image":[{"width":1920,"height":1080,"url":"https:\/\/tg4-docs.s3.amazonaws.com\/tg4-redesign-2015\/wp-content\/uploads\/2022\/02\/AnCailinCiuin_TheQuietGirl_Cait_Catherine_Clinch_2-1920x1080-1.jpg","type":"image\/jpeg"}],"twitter_card":"summary_large_image","twitter_image":"https:\/\/tg4-docs.s3.amazonaws.com\/tg4-redesign-2015\/wp-content\/uploads\/2022\/02\/AnCailinCiuin_TheQuietGirl_Cait_Catherine_Clinch_2-1920x1080-1.jpg","twitter_site":"@TG4TV","twitter_misc":{"Est. reading time":"8 minutes"},"schema":{"@context":"https:\/\/schema.org","@graph":[{"@type":"WebPage","@id":"https:\/\/dev.tg4.ie\/ga\/eolas\/preas\/nuacht-raitis\/2022-2\/ocht-ngradam-ifta-bronnta-ar-an-scannan-gaeilge-an-cailin-ciuin\/","url":"https:\/\/dev.tg4.ie\/ga\/eolas\/preas\/nuacht-raitis\/2022-2\/ocht-ngradam-ifta-bronnta-ar-an-scannan-gaeilge-an-cailin-ciuin\/","name":"Ocht ngradam IFTA bronnta ar an scann\u00e1n Gaeilge An Cail\u00edn Ci\u00fain | Preas R\u00e1iteas | TG4","isPartOf":{"@id":"https:\/\/dev.tg4.ie\/en\/#website"},"primaryImageOfPage":{"@id":"https:\/\/dev.tg4.ie\/ga\/eolas\/preas\/nuacht-raitis\/2022-2\/ocht-ngradam-ifta-bronnta-ar-an-scannan-gaeilge-an-cailin-ciuin\/#primaryimage"},"image":{"@id":"https:\/\/dev.tg4.ie\/ga\/eolas\/preas\/nuacht-raitis\/2022-2\/ocht-ngradam-ifta-bronnta-ar-an-scannan-gaeilge-an-cailin-ciuin\/#primaryimage"},"thumbnailUrl":"https:\/\/dev.tg4.ie\/wp-content\/uploads\/2022\/02\/AnCailinCiuin_TheQuietGirl_Cait_Catherine_Clinch_2-1920x1080-1.jpg","datePublished":"2022-03-22T16:34:28+00:00","dateModified":"2022-03-22T16:34:29+00:00","description":"Bronnadh ocht ngradam IFTA ar an scann\u00e1n Gaeilge \u00f3 sc\u00e9im CINE4, An Cail\u00edn Ci\u00fain anocht.","breadcrumb":{"@id":"https:\/\/dev.tg4.ie\/ga\/eolas\/preas\/nuacht-raitis\/2022-2\/ocht-ngradam-ifta-bronnta-ar-an-scannan-gaeilge-an-cailin-ciuin\/#breadcrumb"},"inLanguage":"ga","potentialAction":[{"@type":"ReadAction","target":["https:\/\/dev.tg4.ie\/ga\/eolas\/preas\/nuacht-raitis\/2022-2\/ocht-ngradam-ifta-bronnta-ar-an-scannan-gaeilge-an-cailin-ciuin\/"]}]},{"@type":"ImageObject","inLanguage":"ga","@id":"https:\/\/dev.tg4.ie\/ga\/eolas\/preas\/nuacht-raitis\/2022-2\/ocht-ngradam-ifta-bronnta-ar-an-scannan-gaeilge-an-cailin-ciuin\/#primaryimage","url":"https:\/\/dev.tg4.ie\/wp-content\/uploads\/2022\/02\/AnCailinCiuin_TheQuietGirl_Cait_Catherine_Clinch_2-1920x1080-1.jpg","contentUrl":"https:\/\/dev.tg4.ie\/wp-content\/uploads\/2022\/02\/AnCailinCiuin_TheQuietGirl_Cait_Catherine_Clinch_2-1920x1080-1.jpg"},{"@type":"BreadcrumbList","@id":"https:\/\/dev.tg4.ie\/ga\/eolas\/preas\/nuacht-raitis\/2022-2\/ocht-ngradam-ifta-bronnta-ar-an-scannan-gaeilge-an-cailin-ciuin\/#breadcrumb","itemListElement":[{"@type":"ListItem","position":1,"name":"Home","item":"https:\/\/dev.tg4.ie\/ga\/"},{"@type":"ListItem","position":2,"name":"Eolas","item":"https:\/\/dev.tg4.ie\/ga\/eolas\/"},{"@type":"ListItem","position":3,"name":"Preas","item":"https:\/\/dev.tg4.ie\/ga\/eolas\/preas\/"},{"@type":"ListItem","position":4,"name":"Nuacht R\u00e1itis","item":"https:\/\/dev.tg4.ie\/ga\/eolas\/preas\/nuacht-raitis\/"},{"@type":"ListItem","position":5,"name":"2022","item":"https:\/\/dev.tg4.ie\/ga\/eolas\/preas\/nuacht-raitis\/2022-2\/"},{"@type":"ListItem","position":6,"name":"Ocht ngradam IFTA bronnta ar an scann\u00e1n Gaeilge An Cail\u00edn Ci\u00fain"}]},{"@type":"WebSite","@id":"https:\/\/dev.tg4.ie\/en\/#website","url":"https:\/\/dev.tg4.ie\/en\/","name":"TG4","description":"S\u00fail Eile","potentialAction":[{"@type":"SearchAction","target":{"@type":"EntryPoint","urlTemplate":"https:\/\/dev.tg4.ie\/en\/?s={search_term_string}"},"query-input":"required name=search_term_string"}],"inLanguage":"ga"}]}},"_links":{"self":[{"href":"https:\/\/dev.tg4.ie\/ga\/wp-json\/wp\/v2\/pages\/144050"}],"collection":[{"href":"https:\/\/dev.tg4.ie\/ga\/wp-json\/wp\/v2\/pages"}],"about":[{"href":"https:\/\/dev.tg4.ie\/ga\/wp-json\/wp\/v2\/types\/page"}],"author":[{"embeddable":true,"href":"https:\/\/dev.tg4.ie\/ga\/wp-json\/wp\/v2\/users\/876"}],"replies":[{"embeddable":true,"href":"https:\/\/dev.tg4.ie\/ga\/wp-json\/wp\/v2\/comments?post=144050"}],"version-history":[{"count":0,"href":"https:\/\/dev.tg4.ie\/ga\/wp-json\/wp\/v2\/pages\/144050\/revisions"}],"up":[{"embeddable":true,"href":"https:\/\/dev.tg4.ie\/ga\/wp-json\/wp\/v2\/pages\/138171"}],"wp:attachment":[{"href":"https:\/\/dev.tg4.ie\/ga\/wp-json\/wp\/v2\/media?parent=144050"}],"curies":[{"name":"wp","href":"https:\/\/api.w.org\/{rel}","templated":true}]}}