{"id":144057,"date":"2022-03-22T16:59:57","date_gmt":"2022-03-22T16:59:57","guid":{"rendered":"https:\/\/dev.tg4.ie\/?page_id=144057"},"modified":"2022-03-22T16:59:57","modified_gmt":"2022-03-22T16:59:57","slug":"6-ainmniuchan-do-tg4-i-ngradaim-theilifise-rts-2022","status":"publish","type":"page","link":"https:\/\/dev.tg4.ie\/ga\/eolas\/preas\/nuacht-raitis\/2022-2\/6-ainmniuchan-do-tg4-i-ngradaim-theilifise-rts-2022\/","title":{"rendered":"6 Ainmni\u00fach\u00e1n do TG4 i nGradaim Theilif\u00edse RTS 2022"},"content":{"rendered":"<p><img decoding=\"async\" src=\"https:\/\/tg4-docs.s3.amazonaws.com\/tg4-redesign-2015\/wp-content\/uploads\/2021\/03\/Sile_Seoighe_Deireadh_Tochta_1_1920x1080.jpg\" width=\"50%\" \/><img decoding=\"async\" src=\"https:\/\/tg4-docs.s3.amazonaws.com\/tg4-redesign-2015\/wp-content\/uploads\/2021\/11\/An_Cuan_1-1920x1080-1.jpg\"  width=\"50%\" \/><br \/>\n&nbsp;<br \/>\nS\u00e9 ainmni\u00fach\u00e1n ar fad a fuair cl\u00e1ir de chuid TG4 sna Gradaim Theilif\u00edse RTS a f\u00f3gra\u00edodh inniu. Tugann na gradaim aitheantas do barr feabhais agus gaisce in earn\u00e1il teilif\u00edse na h\u00c9ireann.<br \/>\n&nbsp;<br \/>\nAinmn\u00edodh <strong>S\u00edle Seoige: Deireadh Tochta<\/strong> don CL\u00c1R F\u00cdORASACH AONAIR is fearr. Sa chl\u00e1r faisn\u00e9ise a l\u00e9irigh Tyrone Productions, ch\u00edoraigh S\u00edle Seoige, an cumha, an t-\u00e1bhar d\u00f3chais agus \u00e9ad\u00f3chais, a air\u00edonn daoine d\u00e1 dtarla\u00edonn breith anaba\u00ed d\u00f3ibh.  T\u00e1 <strong>Se\u00e1n \u00d3 Riada Mo Sheanathair<\/strong> agus <strong>An Cuan<\/strong> ainmnithe sa chatag\u00f3ir SAINCHL\u00c1R F\u00cdORASACH. T\u00e9ann Doireann N\u00ed Ghlac\u00e1in, gar\u00edn\u00edon le Se\u00e1n \u00d3 Riada ar a triail tuilleadh a fh\u00e1il amach faoin bpearsa aitheanta a dheighleann daoine leathch\u00e9ad bliain i ndiaidh a bh\u00e1is. De r\u00e9ir mar a fhiosra\u00edonn s\u00ed a cuid oidhreachta, tr\u00ed shaol agus r\u00e9 a seanathar a leagan amach, tugtar saol U\u00ed Riada chun f\u00edre tr\u00ed aitheantas tochtmhar d&#8217;fhathach seo shaol cult\u00fair na h\u00c9ireann.  L\u00e9irithe ag T\u00e1in Media.<br \/>\n&nbsp;<br \/>\nTugtar l\u00e9argas ar bhliain a caitheadh i gceann de na h\u00e9iceach\u00f3rais is aitheanta agus is uath\u00fala in \u00c9irinn &#8211; Cuan Bhaile \u00c1tha Cliath sa tsraith <strong>An Cuan<\/strong> at\u00e1 l\u00e9irithe ag Oddboy Media. T\u00e1 beagnach 1.5 milli\u00fan duine ina gc\u00f3na\u00ed i mBaile \u00c1tha Cliath, agus c\u00e9 go bhfuil ceann de na calafoirt is gn\u00f3tha\u00ed san Eoraip le c\u00f3sta Chuan Bhaile \u00c1tha Cliath, is Bithsf\u00e9ar ainmnithe ag UNESCO \u00e9 chomh maith. L\u00e1n le beatha, idir fhiadh\u00falra agus dhaoine, is ioma\u00ed d\u00fashl\u00e1n at\u00e1 os comhair an chuain, d\u00fashl\u00e1in n\u00e1d\u00fartha agus d\u00fashl\u00e1in at\u00e1 cruthaithe ag an duine f\u00e9in &#8211; an \u00e9ireoidh leis an d\u00e1 shaol maireacht\u00e1il taobh le ch\u00e9ile.<br \/>\n&nbsp;<br \/>\nSc\u00e9alta a bhaineann leo si\u00fad a chuir iad f\u00e9in sa bhearna bhaoil chun labhairt amach i gcoinne \u00e9ag\u00f3ir ina n-ionad oibre agus a shroich pointe gur chreid siad go mbeadh a saol ioml\u00e1n scriosta de bharr nach raibh siad s\u00e1sta fanacht ina dtost a ins\u00edtear sa tsraith <strong>Misneach<\/strong> l\u00e9irithe ag Midas Productions at\u00e1 ainmnithe sa chatag\u00f3ir SRAITH F\u00cdORASACH.<br \/>\n&nbsp;<br \/>\nT\u00e1 dh\u00e1 ainmni\u00fach\u00e1n ag TG4 sa chatag\u00f3ir do LEANA\u00cd; <strong>Mo Shaol, Do Shaol<\/strong> agus <strong>Na Debs<\/strong>.  Sraith ina bhfuil beirt at\u00e1 go huile agus go hioml\u00e1n \u00e9ags\u00fail \u00f3na ch\u00e9ile ag babht\u00e1il caitheamh aimsire agus saol ar feadh l\u00e1 amh\u00e1in AGUS t\u00e1 d\u00fashl\u00e1n m\u00f3r le baint amach acu roimh dheireadh an lae at\u00e1 i <strong>Mo Shaol, Do Shaol<\/strong>, at\u00e1 l\u00e9irithe ag Macalla. T\u00e1 beirt iomaitheoir nua i ngach aon eagr\u00e1n agus t\u00e1imid ag d\u00edri\u00fa ar an r\u00e9imse leathan do caitheamh aimsire at\u00e1 ag daoine \u00f3ga in \u00c9irinn sa l\u00e1 at\u00e1 inniu ann.<br \/>\n&nbsp;<br \/>\nDen ch\u00e9ad uair riamh, l\u00e9ir\u00edodh dr\u00e1ma i nGaeilge don ard\u00e1n Tik Tok mar chuid de Cruinni\u00fa na n\u00d3g anuraidh. T\u00e1 <strong>Na Debs<\/strong> bunaithe ar sc\u00e9al gr\u00e1 na Debs idir Gillian agus S\u00e9amus ag baint \u00fas\u00e1id as an haishchlib #Fairytale a bhfuil t\u00f3ir air ar Tik Tok. Craoladh an dr\u00e1ma ina m\u00edreanna ar Tik Tok bloc_tg4. Is iad F\u00edb\u00edn Media a l\u00e9irigh, agus Philip Doherty a scr\u00edobh agus a sti\u00faraigh i bp\u00e1irt le daoine \u00f3ga.<br \/>\n&nbsp;<br \/>\nF\u00f3gr\u00f3far na buaiteoir\u00ed tr\u00e1thn\u00f3na D\u00e9 M\u00e1irt an 12 Aibre\u00e1n ag \u00f3c\u00e1id speisialta i gCeol\u00e1ras RDS i mBaile \u00c1tha Cliath, is \u00ed Bl\u00e1thnaid Treacy i dteannta Nuala Carey a chuirfidh an \u00f3c\u00e1id i l\u00e1thair.<br \/>\n&nbsp;<br \/>\n<strong>Na hainmni\u00fach\u00e1in: <\/strong><br \/>\n&nbsp;<br \/>\n<strong>1 \u2013 NA hAINMNITHE | Dr\u00e1ma\u00edocht<\/strong><\/p>\n<p>Dalgliesh &#8211; New Pictures Ltd<\/p>\n<p>Hidden Assets &#8211; Saffron Moon<\/p>\n<p>Smother &#8211; Treasure Entertainment Ltd \/ BBC Studios<br \/>\n&nbsp;<\/p>\n<p><strong>2 \u2013 NA hAINMNITHE | Siamsa\u00edocht<\/strong><\/p>\n<p>BOWIE: Starman le Ceolfhoireann Coirme RT\u00c9 &#8211; Eala\u00edona &#038; Cult\u00far RT\u00c9<\/p>\n<p>Ireland&#8217;s Fittest Family &#8211; Animo TV, Kite Entertainment Ltd<\/p>\n<p>Last Singer Standing &#8211; ShinAwiL<\/p>\n<p>Special Forces &#8211; Ultimate Hell Week &#8211; Motive Television<\/p>\n<p>The Deirdre O\u2019Kane Show &#8211; Kite Entertainment Ltd<br \/>\n&nbsp;<\/p>\n<p><strong>3 \u2013 NA hAINMNITHE | Sraith Fh\u00edorasach<\/strong><\/p>\n<p><strong>MISNEACH &#8211; Midas Productions<\/strong><\/p>\n<p>Murder at the Cottage: The Search for Justice for Sophie &#8211; Hell\u2019s Kitchen, Dare Films i gcomhar le Sky Studios<\/p>\n<p>RT\u00c9 Investigates &#8211; Who Am I? The story of Ireland&#8217;s Illegal Adoptions &#8211; RT\u00c9<\/p>\n<p>The Case I Can&#8217;t Forget &#8211; Rare Television Ireland Ltd agus Green Inc Film agus TV Ltd<\/p>\n<p>The Killing of Fr. Niall Molloy &#8211; Flawless Films<br \/>\n&nbsp;<\/p>\n<p><strong>4 \u2013 NA hAINMNITHE | Cl\u00e1r F\u00edorasach Aonair<\/strong><\/p>\n<p>Keelin Shanley: Faraway, Still Close &#8211; Scratch Films Ltd.<\/p>\n<p>Let the Rest of the World Go By &#8211; Angelo Films \/ Ponder<\/p>\n<p><strong>S\u00edle Seoige: Deireadh Tochta &#8211; TYRONE PRODUCTIONS<\/strong><\/p>\n<p>The Irish Wedding &#8211; Atom Films<\/p>\n<p>Tomorrow Is Saturday &#8211; GMarsh TV Productions<br \/>\n&nbsp;<\/p>\n<p><strong>5 \u2013 NA hAINMNITHE | Sp\u00f3rt<\/strong><\/p>\n<p>17 Days in The Crucible &#8211; Proposition Films<\/p>\n<p>Barney Curley: The Man Who Beat The Bookies &#8211; True Films<\/p>\n<p>Finding Jack Charlton &#8211; Noah Media Group, Virgin Media, BBC<\/p>\n<p>Horizon Tokyo &#8211; Brick Films<\/p>\n<p>Rachael Blackmore: A Grand Year &#8211; Fifty-Three Six<br \/>\n&nbsp;<\/p>\n<p><strong>6 \u2013 NA hAINMNITHE | Nuacht &#038; C\u00farsa\u00ed Reatha  <\/strong> <\/p>\n<p>Brexit, the protocol and the fallout 2021 &#8211; Sky News <\/p>\n<p>Opening Another Year With COVID &#8211; Virgin Media News<\/p>\n<p>RT\u00c9 Investigates &#8211; Covid 19 The Third Wave &#8211; RT\u00c9<br \/>\n&nbsp;<\/p>\n<p><strong>7 \u2013 NA hAINMNITHE | Beochan<\/strong><\/p>\n<p>Adam Saves Christmas &#8211; Kavaleer Productions<\/p>\n<p>B\u00f3in agus Beach &#8211; Paper Owl Films<\/p>\n<p>Dagda&#8217;s Harp &#8211; Cardel Entertainment<br \/>\n&nbsp;<\/p>\n<p><strong>8 \u2013 NA hAINMNITHE | Sainchl\u00e1r F\u00edorasach<\/strong><\/p>\n<p><strong>An Cuan &#8211; Oddboy Media<\/strong><\/p>\n<p>Jack B. Yeats: The Man Who Painted Ireland &#8211; Averner Films<\/p>\n<p>My Tribe &#8211; Mo Threibh &#8211; Mind the Gap Films<\/p>\n<p><strong>Se\u00e1n \u00d3 Riada &#8211; Mo Sheanathair &#8211; T\u00e1in Media<\/strong><\/p>\n<p>Voices of Ireland &#8211; Red Shoe<br \/>\n&nbsp;<\/p>\n<p><strong>9 \u2013 NA hAINMNITHE | Leana\u00ed (Cl\u00e1racha)<\/strong><\/p>\n<p>Critters TV &#8211; Turnip + Duck<\/p>\n<p><strong>Mo Shaol, Do Shaol &#8211; Macalla Teo<\/strong><\/p>\n<p><strong>Na Debs &#8211; TicToc Drama &#8211; F\u00edb\u00edn Media<\/strong><\/p>\n<p>Nova Jones &#8211; Friends of Nova &#8211; JAM Meda<\/p>\n<p>Royals Next Door &#8211; Ink and Light, Pikkukala Oy, Pikkukala ES &#038; Walking the Dog<br \/>\n&nbsp;<\/p>\n<p><strong>10 \u2013 NA hAINMNITHE | Siamsa\u00edocht Fh\u00edorasach<\/strong><\/p>\n<p>Eating With The Enemy &#8211; Animo TV Productions LTD<\/p>\n<p>Gogglebox Ireland &#8211; Kite Entertainment Ltd<\/p>\n<p>Home of The Year &#8211; ShinAwiL<\/p>\n<p>REELING IN THE YEARS 2010-2019 &#8211; RT\u00c9<\/p>\n<p>The 2 Johnnies Take on &#8211; Straywave Media Ltd<br \/>\n&nbsp;<br \/>\n&nbsp;<\/p>\n<p>Tuilleadh eolais ar f\u00e1il ag: <a href=\"https:\/\/rts.org.uk\/award\/rts-ireland-television-awards-2022\" rel=\"noopener\" target=\"_blank\">rts.org.uk\/award\/rts-ireland-television-awards-2022<\/a><br \/>\n&nbsp;<br \/>\n&nbsp;<\/p>\n","protected":false},"excerpt":{"rendered":"<p>&nbsp; S\u00e9 ainmni\u00fach\u00e1n ar fad a fuair cl\u00e1ir de chuid TG4 sna Gradaim Theilif\u00edse RTS a f\u00f3gra\u00edodh inniu. Tugann na gradaim aitheantas do barr feabhais agus gaisce in earn\u00e1il teilif\u00edse na h\u00c9ireann. &nbsp; Ainmn\u00edodh S\u00edle Seoige: Deireadh Tochta don CL\u00c1R F\u00cdORASACH AONAIR is fearr. Sa chl\u00e1r faisn\u00e9ise a l\u00e9irigh Tyrone Productions, ch\u00edoraigh S\u00edle Seoige, an [&hellip;]<\/p>\n","protected":false},"author":876,"featured_media":0,"parent":138171,"menu_order":10,"comment_status":"closed","ping_status":"closed","template":"page-templates\/template-pr.php","meta":{"_acf_changed":false,"footnotes":""},"acf":[],"yoast_head":"<!-- This site is optimized with the Yoast SEO plugin v22.6 - https:\/\/yoast.com\/wordpress\/plugins\/seo\/ -->\n<title>6 Ainmni\u00fach\u00e1n do TG4 i nGradaim Theilif\u00edse RTS 2022 | Preas R\u00e1iteas | TG4<\/title>\n<meta name=\"description\" content=\"S\u00e9 ainmni\u00fach\u00e1n ar fad a fuair cl\u00e1ir de chuid TG4 sna Gradaim Theilif\u00edse RTS a f\u00f3gra\u00edodh inniu. Tugann na gradaim aitheantas do barr feabhais agus gaisce in earn\u00e1il teilif\u00edse na h\u00c9ireann.\" \/>\n<meta name=\"robots\" content=\"index, follow, max-snippet:-1, max-image-preview:large, max-video-preview:-1\" \/>\n<meta property=\"og:locale\" content=\"en_US\" \/>\n<meta property=\"og:type\" content=\"article\" \/>\n<meta property=\"og:title\" content=\"6 Ainmni\u00fach\u00e1n do TG4 i nGradaim Theilif\u00edse RTS 2022 | Preas R\u00e1iteas | TG4\" \/>\n<meta property=\"og:description\" content=\"S\u00e9 ainmni\u00fach\u00e1n ar fad a fuair cl\u00e1ir de chuid TG4 sna Gradaim Theilif\u00edse RTS a f\u00f3gra\u00edodh inniu. Tugann na gradaim aitheantas do barr feabhais agus gaisce in earn\u00e1il teilif\u00edse na h\u00c9ireann.\" \/>\n<meta property=\"og:url\" content=\"https:\/\/dev.tg4.ie\/ga\/eolas\/preas\/nuacht-raitis\/2022-2\/6-ainmniuchan-do-tg4-i-ngradaim-theilifise-rts-2022\/\" \/>\n<meta property=\"og:site_name\" content=\"TG4\" \/>\n<meta property=\"article:publisher\" content=\"https:\/\/www.facebook.com\/TG4TV\" \/>\n<meta property=\"og:image\" content=\"https:\/\/tg4-docs.s3.amazonaws.com\/tg4-redesign-2015\/wp-content\/uploads\/2021\/03\/Sile_Seoighe_Deireadh_Tochta_1_1920x1080.jpg\" \/>\n\t<meta property=\"og:image:width\" content=\"1920\" \/>\n\t<meta property=\"og:image:height\" content=\"1080\" \/>\n\t<meta property=\"og:image:type\" content=\"image\/jpeg\" \/>\n<meta name=\"twitter:card\" content=\"summary_large_image\" \/>\n<meta name=\"twitter:image\" content=\"https:\/\/tg4-docs.s3.amazonaws.com\/tg4-redesign-2015\/wp-content\/uploads\/2021\/03\/Sile_Seoighe_Deireadh_Tochta_1_1920x1080.jpg\" \/>\n<meta name=\"twitter:site\" content=\"@TG4TV\" \/>\n<meta name=\"twitter:label1\" content=\"Est. reading time\" \/>\n\t<meta name=\"twitter:data1\" content=\"8 minutes\" \/>\n<script type=\"application\/ld+json\" class=\"yoast-schema-graph\">{\"@context\":\"https:\/\/schema.org\",\"@graph\":[{\"@type\":\"WebPage\",\"@id\":\"https:\/\/dev.tg4.ie\/ga\/eolas\/preas\/nuacht-raitis\/2022-2\/6-ainmniuchan-do-tg4-i-ngradaim-theilifise-rts-2022\/\",\"url\":\"https:\/\/dev.tg4.ie\/ga\/eolas\/preas\/nuacht-raitis\/2022-2\/6-ainmniuchan-do-tg4-i-ngradaim-theilifise-rts-2022\/\",\"name\":\"6 Ainmni\u00fach\u00e1n do TG4 i nGradaim Theilif\u00edse RTS 2022 | Preas R\u00e1iteas | TG4\",\"isPartOf\":{\"@id\":\"https:\/\/dev.tg4.ie\/en\/#website\"},\"primaryImageOfPage\":{\"@id\":\"https:\/\/dev.tg4.ie\/ga\/eolas\/preas\/nuacht-raitis\/2022-2\/6-ainmniuchan-do-tg4-i-ngradaim-theilifise-rts-2022\/#primaryimage\"},\"image\":{\"@id\":\"https:\/\/dev.tg4.ie\/ga\/eolas\/preas\/nuacht-raitis\/2022-2\/6-ainmniuchan-do-tg4-i-ngradaim-theilifise-rts-2022\/#primaryimage\"},\"thumbnailUrl\":\"https:\/\/dev.tg4.ie\/wp-content\/uploads\/2021\/03\/Sile_Seoighe_Deireadh_Tochta_1_1920x1080.jpg\",\"datePublished\":\"2022-03-22T16:59:57+00:00\",\"dateModified\":\"2022-03-22T16:59:57+00:00\",\"description\":\"S\u00e9 ainmni\u00fach\u00e1n ar fad a fuair cl\u00e1ir de chuid TG4 sna Gradaim Theilif\u00edse RTS a f\u00f3gra\u00edodh inniu. Tugann na gradaim aitheantas do barr feabhais agus gaisce in earn\u00e1il teilif\u00edse na h\u00c9ireann.\",\"breadcrumb\":{\"@id\":\"https:\/\/dev.tg4.ie\/ga\/eolas\/preas\/nuacht-raitis\/2022-2\/6-ainmniuchan-do-tg4-i-ngradaim-theilifise-rts-2022\/#breadcrumb\"},\"inLanguage\":\"ga\",\"potentialAction\":[{\"@type\":\"ReadAction\",\"target\":[\"https:\/\/dev.tg4.ie\/ga\/eolas\/preas\/nuacht-raitis\/2022-2\/6-ainmniuchan-do-tg4-i-ngradaim-theilifise-rts-2022\/\"]}]},{\"@type\":\"ImageObject\",\"inLanguage\":\"ga\",\"@id\":\"https:\/\/dev.tg4.ie\/ga\/eolas\/preas\/nuacht-raitis\/2022-2\/6-ainmniuchan-do-tg4-i-ngradaim-theilifise-rts-2022\/#primaryimage\",\"url\":\"https:\/\/dev.tg4.ie\/wp-content\/uploads\/2021\/03\/Sile_Seoighe_Deireadh_Tochta_1_1920x1080.jpg\",\"contentUrl\":\"https:\/\/dev.tg4.ie\/wp-content\/uploads\/2021\/03\/Sile_Seoighe_Deireadh_Tochta_1_1920x1080.jpg\"},{\"@type\":\"BreadcrumbList\",\"@id\":\"https:\/\/dev.tg4.ie\/ga\/eolas\/preas\/nuacht-raitis\/2022-2\/6-ainmniuchan-do-tg4-i-ngradaim-theilifise-rts-2022\/#breadcrumb\",\"itemListElement\":[{\"@type\":\"ListItem\",\"position\":1,\"name\":\"Home\",\"item\":\"https:\/\/dev.tg4.ie\/ga\/\"},{\"@type\":\"ListItem\",\"position\":2,\"name\":\"Eolas\",\"item\":\"https:\/\/dev.tg4.ie\/ga\/eolas\/\"},{\"@type\":\"ListItem\",\"position\":3,\"name\":\"Preas\",\"item\":\"https:\/\/dev.tg4.ie\/ga\/eolas\/preas\/\"},{\"@type\":\"ListItem\",\"position\":4,\"name\":\"Nuacht R\u00e1itis\",\"item\":\"https:\/\/dev.tg4.ie\/ga\/eolas\/preas\/nuacht-raitis\/\"},{\"@type\":\"ListItem\",\"position\":5,\"name\":\"2022\",\"item\":\"https:\/\/dev.tg4.ie\/ga\/eolas\/preas\/nuacht-raitis\/2022-2\/\"},{\"@type\":\"ListItem\",\"position\":6,\"name\":\"6 Ainmni\u00fach\u00e1n do TG4 i nGradaim Theilif\u00edse RTS 2022\"}]},{\"@type\":\"WebSite\",\"@id\":\"https:\/\/dev.tg4.ie\/en\/#website\",\"url\":\"https:\/\/dev.tg4.ie\/en\/\",\"name\":\"TG4\",\"description\":\"S\u00fail Eile\",\"potentialAction\":[{\"@type\":\"SearchAction\",\"target\":{\"@type\":\"EntryPoint\",\"urlTemplate\":\"https:\/\/dev.tg4.ie\/en\/?s={search_term_string}\"},\"query-input\":\"required name=search_term_string\"}],\"inLanguage\":\"ga\"}]}<\/script>\n<!-- \/ Yoast SEO plugin. -->","yoast_head_json":{"title":"6 Ainmni\u00fach\u00e1n do TG4 i nGradaim Theilif\u00edse RTS 2022 | Preas R\u00e1iteas | TG4","description":"S\u00e9 ainmni\u00fach\u00e1n ar fad a fuair cl\u00e1ir de chuid TG4 sna Gradaim Theilif\u00edse RTS a f\u00f3gra\u00edodh inniu. Tugann na gradaim aitheantas do barr feabhais agus gaisce in earn\u00e1il teilif\u00edse na h\u00c9ireann.","robots":{"index":"index","follow":"follow","max-snippet":"max-snippet:-1","max-image-preview":"max-image-preview:large","max-video-preview":"max-video-preview:-1"},"og_locale":"en_US","og_type":"article","og_title":"6 Ainmni\u00fach\u00e1n do TG4 i nGradaim Theilif\u00edse RTS 2022 | Preas R\u00e1iteas | TG4","og_description":"S\u00e9 ainmni\u00fach\u00e1n ar fad a fuair cl\u00e1ir de chuid TG4 sna Gradaim Theilif\u00edse RTS a f\u00f3gra\u00edodh inniu. Tugann na gradaim aitheantas do barr feabhais agus gaisce in earn\u00e1il teilif\u00edse na h\u00c9ireann.","og_url":"https:\/\/dev.tg4.ie\/ga\/eolas\/preas\/nuacht-raitis\/2022-2\/6-ainmniuchan-do-tg4-i-ngradaim-theilifise-rts-2022\/","og_site_name":"TG4","article_publisher":"https:\/\/www.facebook.com\/TG4TV","og_image":[{"width":1920,"height":1080,"url":"https:\/\/tg4-docs.s3.amazonaws.com\/tg4-redesign-2015\/wp-content\/uploads\/2021\/03\/Sile_Seoighe_Deireadh_Tochta_1_1920x1080.jpg","type":"image\/jpeg"}],"twitter_card":"summary_large_image","twitter_image":"https:\/\/tg4-docs.s3.amazonaws.com\/tg4-redesign-2015\/wp-content\/uploads\/2021\/03\/Sile_Seoighe_Deireadh_Tochta_1_1920x1080.jpg","twitter_site":"@TG4TV","twitter_misc":{"Est. reading time":"8 minutes"},"schema":{"@context":"https:\/\/schema.org","@graph":[{"@type":"WebPage","@id":"https:\/\/dev.tg4.ie\/ga\/eolas\/preas\/nuacht-raitis\/2022-2\/6-ainmniuchan-do-tg4-i-ngradaim-theilifise-rts-2022\/","url":"https:\/\/dev.tg4.ie\/ga\/eolas\/preas\/nuacht-raitis\/2022-2\/6-ainmniuchan-do-tg4-i-ngradaim-theilifise-rts-2022\/","name":"6 Ainmni\u00fach\u00e1n do TG4 i nGradaim Theilif\u00edse RTS 2022 | Preas R\u00e1iteas | TG4","isPartOf":{"@id":"https:\/\/dev.tg4.ie\/en\/#website"},"primaryImageOfPage":{"@id":"https:\/\/dev.tg4.ie\/ga\/eolas\/preas\/nuacht-raitis\/2022-2\/6-ainmniuchan-do-tg4-i-ngradaim-theilifise-rts-2022\/#primaryimage"},"image":{"@id":"https:\/\/dev.tg4.ie\/ga\/eolas\/preas\/nuacht-raitis\/2022-2\/6-ainmniuchan-do-tg4-i-ngradaim-theilifise-rts-2022\/#primaryimage"},"thumbnailUrl":"https:\/\/dev.tg4.ie\/wp-content\/uploads\/2021\/03\/Sile_Seoighe_Deireadh_Tochta_1_1920x1080.jpg","datePublished":"2022-03-22T16:59:57+00:00","dateModified":"2022-03-22T16:59:57+00:00","description":"S\u00e9 ainmni\u00fach\u00e1n ar fad a fuair cl\u00e1ir de chuid TG4 sna Gradaim Theilif\u00edse RTS a f\u00f3gra\u00edodh inniu. Tugann na gradaim aitheantas do barr feabhais agus gaisce in earn\u00e1il teilif\u00edse na h\u00c9ireann.","breadcrumb":{"@id":"https:\/\/dev.tg4.ie\/ga\/eolas\/preas\/nuacht-raitis\/2022-2\/6-ainmniuchan-do-tg4-i-ngradaim-theilifise-rts-2022\/#breadcrumb"},"inLanguage":"ga","potentialAction":[{"@type":"ReadAction","target":["https:\/\/dev.tg4.ie\/ga\/eolas\/preas\/nuacht-raitis\/2022-2\/6-ainmniuchan-do-tg4-i-ngradaim-theilifise-rts-2022\/"]}]},{"@type":"ImageObject","inLanguage":"ga","@id":"https:\/\/dev.tg4.ie\/ga\/eolas\/preas\/nuacht-raitis\/2022-2\/6-ainmniuchan-do-tg4-i-ngradaim-theilifise-rts-2022\/#primaryimage","url":"https:\/\/dev.tg4.ie\/wp-content\/uploads\/2021\/03\/Sile_Seoighe_Deireadh_Tochta_1_1920x1080.jpg","contentUrl":"https:\/\/dev.tg4.ie\/wp-content\/uploads\/2021\/03\/Sile_Seoighe_Deireadh_Tochta_1_1920x1080.jpg"},{"@type":"BreadcrumbList","@id":"https:\/\/dev.tg4.ie\/ga\/eolas\/preas\/nuacht-raitis\/2022-2\/6-ainmniuchan-do-tg4-i-ngradaim-theilifise-rts-2022\/#breadcrumb","itemListElement":[{"@type":"ListItem","position":1,"name":"Home","item":"https:\/\/dev.tg4.ie\/ga\/"},{"@type":"ListItem","position":2,"name":"Eolas","item":"https:\/\/dev.tg4.ie\/ga\/eolas\/"},{"@type":"ListItem","position":3,"name":"Preas","item":"https:\/\/dev.tg4.ie\/ga\/eolas\/preas\/"},{"@type":"ListItem","position":4,"name":"Nuacht R\u00e1itis","item":"https:\/\/dev.tg4.ie\/ga\/eolas\/preas\/nuacht-raitis\/"},{"@type":"ListItem","position":5,"name":"2022","item":"https:\/\/dev.tg4.ie\/ga\/eolas\/preas\/nuacht-raitis\/2022-2\/"},{"@type":"ListItem","position":6,"name":"6 Ainmni\u00fach\u00e1n do TG4 i nGradaim Theilif\u00edse RTS 2022"}]},{"@type":"WebSite","@id":"https:\/\/dev.tg4.ie\/en\/#website","url":"https:\/\/dev.tg4.ie\/en\/","name":"TG4","description":"S\u00fail Eile","potentialAction":[{"@type":"SearchAction","target":{"@type":"EntryPoint","urlTemplate":"https:\/\/dev.tg4.ie\/en\/?s={search_term_string}"},"query-input":"required name=search_term_string"}],"inLanguage":"ga"}]}},"_links":{"self":[{"href":"https:\/\/dev.tg4.ie\/ga\/wp-json\/wp\/v2\/pages\/144057"}],"collection":[{"href":"https:\/\/dev.tg4.ie\/ga\/wp-json\/wp\/v2\/pages"}],"about":[{"href":"https:\/\/dev.tg4.ie\/ga\/wp-json\/wp\/v2\/types\/page"}],"author":[{"embeddable":true,"href":"https:\/\/dev.tg4.ie\/ga\/wp-json\/wp\/v2\/users\/876"}],"replies":[{"embeddable":true,"href":"https:\/\/dev.tg4.ie\/ga\/wp-json\/wp\/v2\/comments?post=144057"}],"version-history":[{"count":0,"href":"https:\/\/dev.tg4.ie\/ga\/wp-json\/wp\/v2\/pages\/144057\/revisions"}],"up":[{"embeddable":true,"href":"https:\/\/dev.tg4.ie\/ga\/wp-json\/wp\/v2\/pages\/138171"}],"wp:attachment":[{"href":"https:\/\/dev.tg4.ie\/ga\/wp-json\/wp\/v2\/media?parent=144057"}],"curies":[{"name":"wp","href":"https:\/\/api.w.org\/{rel}","templated":true}]}}