{"id":144134,"date":"2022-03-24T19:02:10","date_gmt":"2022-03-24T19:02:10","guid":{"rendered":"https:\/\/dev.tg4.ie\/?page_id=144134"},"modified":"2022-03-25T15:29:53","modified_gmt":"2022-03-25T15:29:53","slug":"an-gradam-is-mo-i-gceol-traidisiunta-na-heireann-le-bronnadh-ar-an-gceoltoir-paddy-glackin","status":"publish","type":"page","link":"https:\/\/dev.tg4.ie\/ga\/eolas\/preas\/nuacht-raitis\/2022-2\/an-gradam-is-mo-i-gceol-traidisiunta-na-heireann-le-bronnadh-ar-an-gceoltoir-paddy-glackin\/","title":{"rendered":"An gradam is m\u00f3 i gCeol Traidisi\u00fanta na h\u00c9ireann le bronnadh ar an gceolt\u00f3ir Paddy Glackin"},"content":{"rendered":"<p><img loading=\"lazy\" decoding=\"async\" width=\"1920\" height=\"1080\" src=\"https:\/\/tg4-docs.s3.amazonaws.com\/tg4-redesign-2015\/wp-content\/uploads\/2022\/03\/Gradam_Ceoil_2022_Paddy-Glackin_1-1920x1080-1.jpg\" alt=\"\" class=\"alignleft size-full wp-image-144188\" srcset=\"https:\/\/tg4-docs.s3.amazonaws.com\/tg4-redesign-2015\/wp-content\/uploads\/2022\/03\/Gradam_Ceoil_2022_Paddy-Glackin_1-1920x1080-1.jpg 1920w, https:\/\/tg4-docs.s3.amazonaws.com\/tg4-redesign-2015\/wp-content\/uploads\/2022\/03\/Gradam_Ceoil_2022_Paddy-Glackin_1-1920x1080-1-250x141.jpg 250w, https:\/\/tg4-docs.s3.amazonaws.com\/tg4-redesign-2015\/wp-content\/uploads\/2022\/03\/Gradam_Ceoil_2022_Paddy-Glackin_1-1920x1080-1-700x394.jpg 700w, https:\/\/tg4-docs.s3.amazonaws.com\/tg4-redesign-2015\/wp-content\/uploads\/2022\/03\/Gradam_Ceoil_2022_Paddy-Glackin_1-1920x1080-1-252x141.jpg 252w, https:\/\/tg4-docs.s3.amazonaws.com\/tg4-redesign-2015\/wp-content\/uploads\/2022\/03\/Gradam_Ceoil_2022_Paddy-Glackin_1-1920x1080-1-1536x864.jpg 1536w, https:\/\/tg4-docs.s3.amazonaws.com\/tg4-redesign-2015\/wp-content\/uploads\/2022\/03\/Gradam_Ceoil_2022_Paddy-Glackin_1-1920x1080-1-120x68.jpg 120w\" sizes=\"(max-width: 1920px) 100vw, 1920px\" \/><br \/>\n&nbsp;<\/p>\n<p>Re\u00e1cht\u00e1lfar searmanas Gradam <strong>Ghradam Ceoil TG4 2022 TG4<\/strong> i mBaile \u00c1tha Cliath den ch\u00e9ad uair i stair na nGradam. Is \u00e9 seo 25\u00fa bliain de shearmanas na ngradam a chraolfar beo ar TG4 as an gCeol\u00e1ras N\u00e1isi\u00fanta Domhnach C\u00e1sca an 17 Aibre\u00e1n ag 9.30pm. L\u00e9ir\u00edtear urraim ag Gradaim bhliant\u00fala Ghradam Ceoil, ar a dtugtar \u2018gradaim Oscar an cheoil thraidisi\u00fanta\u2019 freisin, do cheolt\u00f3ir\u00ed a bhfuil an ceol traidisi\u00fanta tugtha chun cinn, neartaithe agus caomhnaithe in \u00c9irinn acu.<br \/>\n&nbsp;<br \/>\nIs ar <strong>Paddy Glackin<\/strong> a bhronnfar <strong>Gradam Ceoil TG4 2022<\/strong>. T\u00e1 an-chuid d\u00e9anta ag Paddy le beagnach leathch\u00e9ad bliain chun cur leis an gceol traidisi\u00fanta in \u00c9irinn, obair a bhfuil s\u00e9 f\u00f3s ina bun. I measc na ndaoine a chuaigh i bhfeidhm air bh\u00ed a athair, agus ina dhiaidh sin John Doherty, Tommie Potts agus Padraig O\u2019Keeffe. Bh\u00ed an-fhonn riamh ar Paddy tabhairt faoi chuir chuige nua freisin &#8211; leag a thaifeadadh ceannr\u00f3da\u00edoch sa bhliain 1980 le Jolyon Jackson tagarmharc s\u00edos chun tabhairt faoi chomhroinnt smaointe sa cheol traidisi\u00fanta agus t\u00e1 aitheantas bainte amach ag a shaothar leis an gcumad\u00f3ir Meirice\u00e1nach avant-garde, John Cage, ar fud an domhain. Is \u00e9 Paddy fidl\u00e9ir bunaidh The Bothy Band agus i measc na gceolt\u00f3ir\u00ed a ndeachaigh s\u00e9 ar chamchuairt agus a thaifead s\u00e9 ceol leo t\u00e1 M\u00edche\u00e1l \u00d3 Domhnaill, Liam O\u2019Flynn, M\u00edche\u00e1l \u00d3 S\u00failleabh\u00e1in agus Robbie Hannan. Fidl\u00e9ir, taibheoir cruthanta, craolt\u00f3ir a bhfuil taith\u00ed aige, m\u00fainteoir, oirfideach, cartlanna\u00ed, comhoibr\u00ed &#8211; f\u00edorchoime\u00e1da\u00ed an cheoil.<br \/>\n&nbsp;<br \/>\nIs ar <strong>Dhiarmuid \u00d3 Meachair<\/strong> as C\u00fail Aodha i gCorcaigh a bhronnfar an gradam <strong>Ceolt\u00f3ir \u00d3g TG4<\/strong> i mbliana. Thosaigh s\u00e9 leis an bhfead\u00f3g st\u00e1in agus d\u2019fh\u00e1s an\u00edos ag gabh\u00e1il fhoinn le C\u00f3r Ch\u00fail Aodha agus d\u00e1 r\u00e9ir bh\u00ed Diarmuid i gc\u00f3na\u00ed s\u00e1ite i ndomhan an cheoil thraidisi\u00fanta. N\u00ed sa cheantar sin amh\u00e1in a f\u00e1isceadh a chuid ceoil, t\u00e1 s\u00e9 go smior ann.<\/p>\n<p>Bh\u00ed tionchar ag ceolt\u00f3ir\u00ed amhail Finbarr Dwyer, Jackie Daly agus Johnny Connolly air agus rinne Diarmaid an tionchar sin agus teicn\u00edc\u00ed leith\u00e9id\u00ed John Kimmell agus go leor ceolt\u00f3ir\u00ed as Qu\u00e9bec a mheascadh le go mbeadh s\u00e9 anois ar dhuine de cheolt\u00f3ir\u00ed is spreag\u00fala na linne seo ar an mbosca ceoil\/mileoidean.<br \/>\n&nbsp;<br \/>\nIs ar <strong>Dolores Keane<\/strong> a bhronnfar <strong>Gradam Saoil TG4<\/strong>. T\u00e1 ceann de ghl\u00f3rtha is saini\u00fala, is tochtmhaire agus is binne na linne seo ag Dolores Keane. Bh\u00ed tionchar ag amhr\u00e1na\u00edocht a haint\u00edn\u00ed Sarah agus Rita uirthi ina cail\u00edn \u00f3g. Thosaigh s\u00ed ag canadh go gairmi\u00fail le De Dannan sa bhliain 1975 tr\u00e1th ar cloiseadh a gl\u00f3r saini\u00fail, tochtmhar agus corraitheach ar fud na cruinne. Mar thoradh ar an obair a rinne s\u00ed le John Faulkner cuireadh c\u00f3irithe nua leis an traidisi\u00fan, obair a lean ar aghaidh le linn na 1980id\u00ed agus i dt\u00fas na 1990id\u00ed. Saothair cheannr\u00f3da\u00edocha a bh\u00ed ina cuid taifeadta\u00ed le The Reel Union Band, \u2018Solid Ground agus \u2018Lion in a Cage\u2019. D\u2019oibrigh s\u00ed i gcomhar le Emmylou Harris, The Chieftains, Paul Brady san amhr\u00e1na\u00edocht thraidisi\u00fanta agus i dtraidisi\u00fain eile.<br \/>\n&nbsp;<br \/>\nIs ar <strong>Connie O\u2019Connell<\/strong> a bhronnfar an gradam <strong>Cumad\u00f3ir TG4<\/strong>. Is fidl\u00e9ir agus cumad\u00f3ir \u00e9 Connie as Cill na Martra, i nGaeltacht Mh\u00fascra\u00ed in Iarthar Chorca\u00ed. Bh\u00ed tionchar ag fidl\u00e9ir\u00ed iomr\u00e1iteacha cheantar Shliabh Luachra, nach bhfuil i bhfad \u00f3 bhaile, ar cheol Connie, fidl\u00e9ir\u00ed amhail Denis Murphy, P\u00e1draig O\u2019Keeffe agus Julia Clifford. Eis\u00edodh baili\u00fach\u00e1n ina bhfuil 69 d\u00e1 chuid saothar sa bhliain 2014 ar dh\u00e1 dhl\u00fathdhiosca (a thaifead Connie agus a in\u00edon, \u00c1ine), lena raibh leabhar de na poirt. Chuir Col\u00e1iste na hOllscoile, Corcaigh \u2013 ina bhfuil Connie ag m\u00faineadh na fidle \u00f3 na 1980id\u00ed \u2013 an togra seo B\u00f3ithr\u00edn na Smaointe ar f\u00e1il mar acmhainn foghlama ar l\u00edne saor in aisce.<br \/>\n&nbsp;<br \/>\nIs ar <strong>Sarah Ghriallais<\/strong>, amhr\u00e1na\u00ed ar an sean-n\u00f3s as Conamara a bhronnfar an gradam <strong>Amhr\u00e1na\u00ed TG4<\/strong> i mbliana. I Muiceanach idir Dh\u00e1 Sh\u00e1ile i nGaeltacht Chonamara a t\u00f3gadh Sarah, ceantar at\u00e1 b\u00e1ite i dtraidisi\u00fan an tsean-n\u00f3is. Thug s\u00ed l\u00e9i Corn U\u00ed Riada ag Oireachtas na Gaeilge i 1984, gradam at\u00e1 buaite ocht n-uaire \u00f3 shin ag muintir U\u00ed Ghriallais; a cuid deirfi\u00faracha Nan agus N\u00f3ra agus ina dhiaidh sin ag a mac Michael Frank \u00d3 Confhaola agus a neacht Celia N\u00ed Fh\u00e1tharta. Ceapadh Sarah ina hamhr\u00e1na\u00ed c\u00f3naithe in Ollscoil na h\u00c9ireann, Gaillimh sa bhliain 2017. T\u00e1 amhr\u00e1in d\u00e1 cuid taifeadta ag Cl\u00f3 Iar-Chonnacht agus n\u00edos d\u00e9ana\u00ed thaifead Gael Linn \u2018Idir Dh\u00e1 Sh\u00e1ile 2\u2019. Ar na hamhr\u00e1in is m\u00f3 aithne ina st\u00f3r t\u00e1 \u2018T\u00e1illi\u00fair a\u2019 Mhagadh\u2019, \u2018Eilean\u00f3ir na R\u00fan\u2019, \u2018P\u00f3g Bhideog\u2019 agus \u2018Amhr\u00e1n Chamuis\u2019.<br \/>\n&nbsp;<br \/>\nIs ar <strong>Edwina Guckian<\/strong> as Droim ar Sn\u00e1mh i gCo. Liatroma a bhronnfar <strong>Gradam Comaoine TG4<\/strong>. T\u00e1 Edwina b\u00e1ite i gceol Liatroma agus Ros Com\u00e1in \u00f3 bh\u00ed s\u00ed ina cail\u00edn \u00f3g. Is damhs\u00f3ir, m\u00fainteoir damhsa, c\u00f3ir\u00e9agrafa\u00ed, sti\u00farth\u00f3ir eala\u00edne agus gn\u00edomha\u00ed cult\u00fair \u00ed Edwina at\u00e1 i mbun togra\u00ed agus tion\u00f3il \u00e9ags\u00fala a chruth\u00fa agus a mh\u00fanl\u00fa \u00f3 bh\u00ed s\u00ed 16 bliain d\u2019aois, iad ar fad ag d\u00e9anamh scr\u00fad\u00fa ar an gcaidreamh at\u00e1 idir ceol agus gluaiseacht.<\/p>\n<p>Tr\u00ed The Airc Damhsa Culture Club, The Leitrim Dance Project, The Modern-Day Mummers agus na togra\u00ed is d\u00e9ana\u00ed d\u00e1 cuid, Sowing the Seed agus Jenny put the Kettle on, t\u00e1 spreagadh tugtha aici do na m\u00edlte leana\u00ed agus daoine f\u00e1sta tabhairt faoin damhsa i dtimpeallacht spra\u00ed\u00fail agus neamhioma\u00edoch. Oibr\u00edonn s\u00ed gan stad gan staonadh chun seoda cult\u00fair a ceantair d\u00fachais, Liatroim, a chur chun cinn tr\u00edd an obair a dh\u00e9anann s\u00ed leis an gcuid is m\u00f3 de na heagra\u00edochta\u00ed cult\u00fair agus eala\u00edon in \u00c9irinn sa l\u00e1 at\u00e1 inniu ann. T\u00e1 an st\u00e1itse roinnte aici leis na taibheoir\u00ed ceoil is iomr\u00e1it\u00ed sa t\u00edr sa l\u00e1 at\u00e1 inniu ann agus t\u00e1 s\u00ed, gan dabht, ar dhuine de mh\u00f3rdhamhs\u00f3ir\u00ed aonair na h\u00c9ireann.<br \/>\n&nbsp;<br \/>\nIs ar <strong>Skara Brae<\/strong> a bhronnfar den ch\u00e9ad uair an gradam nua <strong>Gr\u00fapa Ceoil TG4<\/strong> i mbliana. Mh\u00fascail teacht chun cinn an ghr\u00fapa ceoil Skara Brae sna 1970id\u00ed sp\u00e9is ar\u00eds san fhonnad\u00f3ireacht thraidisi\u00fanta, tr\u00e1th a raibh an st\u00edl fonnad\u00f3ireachta sin i mbaol. Bh\u00ed st\u00edl ar leith, st\u00edl cheannr\u00f3da\u00edoch, ag an ngr\u00fapa, a thug aghaidh ar an tuiscint a bh\u00ed ag daoine ar amhr\u00e1na\u00edocht ar an sean-n\u00f3s, ach is st\u00edl \u00ed sin at\u00e1 f\u00f3s nua agus nu\u00e1lach sa l\u00e1 at\u00e1 inniu ann. Is iad na deirfi\u00faracha Tr\u00edona agus Maighread N\u00ed Dhomhnaill, a ndearth\u00e1ir M\u00edche\u00e1l \u00d3 Domhnaill (1951-2006) agus D\u00e1ith\u00ed Sproule an gr\u00fapa ceoil Skara Brae. T\u00e1 st\u00edl Skara Brae fr\u00e9amhaithe go l\u00e1idir sa traidisi\u00fan c\u00e9 go bhfuil tionchar an phopcheoil agus cheol na ndaoine a bh\u00ed ag teacht chun cinn sna 1960id\u00ed, amhail The Beatles, Bob Dylan, agus Joan Baez le brath freisin uirthi. Bh\u00ed lucht \u00e9isteachta nua agus \u00f3g, a bh\u00ed ag teacht chun cinn, faoi gheasa ag fuaim n\u00e1d\u00fartha, nu\u00e1lach agus nua Skara Brae agus t\u00e1 a n-albam \u00f3n mbliain 1971 f\u00f3s ag imirt tionchair ar ghl\u00fanta amhr\u00e1naithe agus ceolt\u00f3ir\u00ed traidisi\u00fanta agus sa l\u00e1 at\u00e1 inniu ann.<br \/>\n&nbsp;<br \/>\nIs \u00e9 seo a leanas an liosta ioml\u00e1n de bhuaiteoir\u00ed <strong>Ghradam Ceoil TG4 2022<\/strong>:<br \/>\n<strong><\/p>\n<ul>\n<li>Ceolt\u00f3ir &#8211; Paddy Glackin<\/li>\n<li>Amhr\u00e1na\u00ed &#8211; Sarah Ghriallais<\/li>\n<li>Ceolt\u00f3ir \u00d3g &#8211; Diarmuid \u00d3 Meachair<\/li>\n<li>Gradam Saoil &#8211; Dolores Keane<\/li>\n<li>Cumad\u00f3ir &#8211; Connie \u00d3 Connell<\/li>\n<li>Gr\u00fapa Ceoil &#8211; Skara Brae<\/li>\n<li>Gradam Comaoine \u2013 Edwina Guckian<\/li>\n<\/ul>\n<p><\/strong><br \/>\n&nbsp;<br \/>\nIs \u00e9 <strong>Gradam Ceoil TG4<\/strong> pr\u00edomhsc\u00e9im agus pr\u00edomhacadamh bliant\u00fail na ngradam ceoil thraidisi\u00fanta. Is pain\u00e9al molt\u00f3ir\u00ed neamhsple\u00e1ch a roghna\u00edonn na buaiteoir\u00ed gach bliain. N\u00ed com\u00f3rtas \u00e9. Bronnfar p\u00edosa dealbh\u00f3ireachta leis an dealbh\u00f3ir m\u00f3r le r\u00e1, John Coll, a coimisi\u00fana\u00edodh go speisialta, ar na buaiteoir\u00ed chomh maith le suim bheag airgid.<br \/>\n&nbsp;<br \/>\nD\u00e9anfar gradaim na bliana seo a bhronnadh ag Ceolchoirm <strong>Ghradam Ceoil TG4<\/strong> sa <strong>gCeol\u00e1ras N\u00e1isi\u00fanta, Baile \u00c1tha Cliath<\/strong> Domhnach C\u00e1sca an 17 Aibre\u00e1n. Is iad <strong>Doireann N\u00ed Ghlac\u00e1in<\/strong> agus <strong>P\u00e1id\u00ed \u00d3 Lion\u00e1ird<\/strong> a chuirfidh an cheolchoirm seo, a bheidh \u00e1 craoladh beo ar an teilif\u00eds, i l\u00e1thair agus beidh buaiteoir\u00ed Ghradam 2022 ag ceol ar an st\u00e1itse lena gcuid a\u00edonna speisialta ceoil f\u00e9in i dteannta ceolt\u00f3ir\u00ed ar leith, m\u00f3r le r\u00e1 eile agus lucht bronnta na ngradam. Is f\u00e9idir tic\u00e9id a fh\u00e1il ar <a href=\"https:\/\/www.nch.ie\/Online\/default.asp?BOparam::WScontent::loadArticle::permalink=Gradam-Ceoil-17Apr22&#038;BOparam::WScontent::loadArticle::context_id=\" rel=\"noopener\" target=\"_blank\">www.NCH.ie<\/a><br \/>\n&nbsp;<br \/>\nIs \u00e9ard a d\u00fairt <strong>Proinsias N\u00ed Ghr\u00e1inne, Eagarth\u00f3ir Coimisi\u00fanaithe TG4<\/strong>, <em>\u201cT\u00e1 r\u00edm\u00e9ad orm go bhfuil s\u00e9 ar chumas TG4 ceili\u00faradh a dh\u00e9anamh go f\u00f3ill ar scoth an cheoil agus na hamhr\u00e1na\u00edochta gach bliain. Is m\u00f3r an on\u00f3ir d\u00fainn a leith\u00e9id de sh\u00e1roirfid\u00edocht a fheice\u00e1il ar ard\u00e1n an Ghradaim agus ar na hard\u00e1in agus sna h\u00e1iteanna \u00e9ags\u00fala eile go l\u00e9ir inar taifeadadh cl\u00e1racha ceoil thraidisi\u00fanta ar feadh na bliana.<\/p>\n<p>Beidh an Gradam ar si\u00fal i mBaile \u00c1tha Cliath den ch\u00e9ad uair riamh chun \u00f3c\u00e1id 25 bliain an Ghradaim a cheili\u00faradh. Comhghairdeas leis na buaiteoir\u00ed uilig. Is sibhse cro\u00ed agus anam na t\u00edre seo.\u201d<\/em><\/p>\n<p>&nbsp;<br \/>\n&nbsp;<\/p>\n","protected":false},"excerpt":{"rendered":"<p>&nbsp; Re\u00e1cht\u00e1lfar searmanas Gradam Ghradam Ceoil TG4 2022 TG4 i mBaile \u00c1tha Cliath den ch\u00e9ad uair i stair na nGradam. Is \u00e9 seo 25\u00fa bliain de shearmanas na ngradam a chraolfar beo ar TG4 as an gCeol\u00e1ras N\u00e1isi\u00fanta Domhnach C\u00e1sca an 17 Aibre\u00e1n ag 9.30pm. L\u00e9ir\u00edtear urraim ag Gradaim bhliant\u00fala Ghradam Ceoil, ar a dtugtar [&hellip;]<\/p>\n","protected":false},"author":876,"featured_media":0,"parent":138171,"menu_order":11,"comment_status":"closed","ping_status":"closed","template":"page-templates\/template-pr.php","meta":{"_acf_changed":false,"footnotes":""},"acf":[],"yoast_head":"<!-- This site is optimized with the Yoast SEO plugin v22.6 - https:\/\/yoast.com\/wordpress\/plugins\/seo\/ -->\n<title>An gradam is m\u00f3 i gCeol Traidisi\u00fanta na h\u00c9ireann le bronnadh ar an gceolt\u00f3ir Paddy Glackin | Preas R\u00e1iteas | TG4<\/title>\n<meta name=\"description\" content=\"Re\u00e1cht\u00e1lfar searmanas Gradam Ghradam Ceoil TG4 2022 TG4 i mBaile \u00c1tha Cliath den ch\u00e9ad uair i stair na nGradam. Is \u00e9 seo 25\u00fa bliain de shearmanas na ngradam a chraolfar beo ar TG4 as an gCeol\u00e1ras N\u00e1isi\u00fanta Domhnach C\u00e1sca an 17 Aibre\u00e1n ag 9.30pm.\" \/>\n<meta name=\"robots\" content=\"index, follow, max-snippet:-1, max-image-preview:large, max-video-preview:-1\" \/>\n<meta property=\"og:locale\" content=\"en_US\" \/>\n<meta property=\"og:type\" content=\"article\" \/>\n<meta property=\"og:title\" content=\"An gradam is m\u00f3 i gCeol Traidisi\u00fanta na h\u00c9ireann le bronnadh ar an gceolt\u00f3ir Paddy Glackin | Preas R\u00e1iteas | TG4\" \/>\n<meta property=\"og:description\" content=\"Re\u00e1cht\u00e1lfar searmanas Gradam Ghradam Ceoil TG4 2022 TG4 i mBaile \u00c1tha Cliath den ch\u00e9ad uair i stair na nGradam. Is \u00e9 seo 25\u00fa bliain de shearmanas na ngradam a chraolfar beo ar TG4 as an gCeol\u00e1ras N\u00e1isi\u00fanta Domhnach C\u00e1sca an 17 Aibre\u00e1n ag 9.30pm.\" \/>\n<meta property=\"og:url\" content=\"https:\/\/dev.tg4.ie\/ga\/eolas\/preas\/nuacht-raitis\/2022-2\/an-gradam-is-mo-i-gceol-traidisiunta-na-heireann-le-bronnadh-ar-an-gceoltoir-paddy-glackin\/\" \/>\n<meta property=\"og:site_name\" content=\"TG4\" \/>\n<meta property=\"article:publisher\" content=\"https:\/\/www.facebook.com\/TG4TV\" \/>\n<meta property=\"article:modified_time\" content=\"2022-03-25T15:29:53+00:00\" \/>\n<meta property=\"og:image\" content=\"https:\/\/tg4-docs.s3.amazonaws.com\/tg4-redesign-2015\/wp-content\/uploads\/2022\/03\/Gradam_Ceoil_2022_Paddy-Glackin_2-1920x1080-1.jpg\" \/>\n\t<meta property=\"og:image:width\" content=\"1920\" \/>\n\t<meta property=\"og:image:height\" content=\"1080\" \/>\n\t<meta property=\"og:image:type\" content=\"image\/jpeg\" \/>\n<meta name=\"twitter:card\" content=\"summary_large_image\" \/>\n<meta name=\"twitter:image\" content=\"https:\/\/tg4-docs.s3.amazonaws.com\/tg4-redesign-2015\/wp-content\/uploads\/2022\/03\/Gradam_Ceoil_2022_Paddy-Glackin_2-1920x1080-1.jpg\" \/>\n<meta name=\"twitter:site\" content=\"@TG4TV\" \/>\n<meta name=\"twitter:label1\" content=\"Est. reading time\" \/>\n\t<meta name=\"twitter:data1\" content=\"8 minutes\" \/>\n<script type=\"application\/ld+json\" class=\"yoast-schema-graph\">{\"@context\":\"https:\/\/schema.org\",\"@graph\":[{\"@type\":\"WebPage\",\"@id\":\"https:\/\/dev.tg4.ie\/ga\/eolas\/preas\/nuacht-raitis\/2022-2\/an-gradam-is-mo-i-gceol-traidisiunta-na-heireann-le-bronnadh-ar-an-gceoltoir-paddy-glackin\/\",\"url\":\"https:\/\/dev.tg4.ie\/ga\/eolas\/preas\/nuacht-raitis\/2022-2\/an-gradam-is-mo-i-gceol-traidisiunta-na-heireann-le-bronnadh-ar-an-gceoltoir-paddy-glackin\/\",\"name\":\"An gradam is m\u00f3 i gCeol Traidisi\u00fanta na h\u00c9ireann le bronnadh ar an gceolt\u00f3ir Paddy Glackin | Preas R\u00e1iteas | TG4\",\"isPartOf\":{\"@id\":\"https:\/\/dev.tg4.ie\/en\/#website\"},\"primaryImageOfPage\":{\"@id\":\"https:\/\/dev.tg4.ie\/ga\/eolas\/preas\/nuacht-raitis\/2022-2\/an-gradam-is-mo-i-gceol-traidisiunta-na-heireann-le-bronnadh-ar-an-gceoltoir-paddy-glackin\/#primaryimage\"},\"image\":{\"@id\":\"https:\/\/dev.tg4.ie\/ga\/eolas\/preas\/nuacht-raitis\/2022-2\/an-gradam-is-mo-i-gceol-traidisiunta-na-heireann-le-bronnadh-ar-an-gceoltoir-paddy-glackin\/#primaryimage\"},\"thumbnailUrl\":\"https:\/\/dev.tg4.ie\/wp-content\/uploads\/2022\/03\/Gradam_Ceoil_2022_Paddy-Glackin_1-1920x1080-1.jpg\",\"datePublished\":\"2022-03-24T19:02:10+00:00\",\"dateModified\":\"2022-03-25T15:29:53+00:00\",\"description\":\"Re\u00e1cht\u00e1lfar searmanas Gradam Ghradam Ceoil TG4 2022 TG4 i mBaile \u00c1tha Cliath den ch\u00e9ad uair i stair na nGradam. Is \u00e9 seo 25\u00fa bliain de shearmanas na ngradam a chraolfar beo ar TG4 as an gCeol\u00e1ras N\u00e1isi\u00fanta Domhnach C\u00e1sca an 17 Aibre\u00e1n ag 9.30pm.\",\"breadcrumb\":{\"@id\":\"https:\/\/dev.tg4.ie\/ga\/eolas\/preas\/nuacht-raitis\/2022-2\/an-gradam-is-mo-i-gceol-traidisiunta-na-heireann-le-bronnadh-ar-an-gceoltoir-paddy-glackin\/#breadcrumb\"},\"inLanguage\":\"ga\",\"potentialAction\":[{\"@type\":\"ReadAction\",\"target\":[\"https:\/\/dev.tg4.ie\/ga\/eolas\/preas\/nuacht-raitis\/2022-2\/an-gradam-is-mo-i-gceol-traidisiunta-na-heireann-le-bronnadh-ar-an-gceoltoir-paddy-glackin\/\"]}]},{\"@type\":\"ImageObject\",\"inLanguage\":\"ga\",\"@id\":\"https:\/\/dev.tg4.ie\/ga\/eolas\/preas\/nuacht-raitis\/2022-2\/an-gradam-is-mo-i-gceol-traidisiunta-na-heireann-le-bronnadh-ar-an-gceoltoir-paddy-glackin\/#primaryimage\",\"url\":\"https:\/\/dev.tg4.ie\/wp-content\/uploads\/2022\/03\/Gradam_Ceoil_2022_Paddy-Glackin_1-1920x1080-1.jpg\",\"contentUrl\":\"https:\/\/dev.tg4.ie\/wp-content\/uploads\/2022\/03\/Gradam_Ceoil_2022_Paddy-Glackin_1-1920x1080-1.jpg\"},{\"@type\":\"BreadcrumbList\",\"@id\":\"https:\/\/dev.tg4.ie\/ga\/eolas\/preas\/nuacht-raitis\/2022-2\/an-gradam-is-mo-i-gceol-traidisiunta-na-heireann-le-bronnadh-ar-an-gceoltoir-paddy-glackin\/#breadcrumb\",\"itemListElement\":[{\"@type\":\"ListItem\",\"position\":1,\"name\":\"Home\",\"item\":\"https:\/\/dev.tg4.ie\/ga\/\"},{\"@type\":\"ListItem\",\"position\":2,\"name\":\"Eolas\",\"item\":\"https:\/\/dev.tg4.ie\/ga\/eolas\/\"},{\"@type\":\"ListItem\",\"position\":3,\"name\":\"Preas\",\"item\":\"https:\/\/dev.tg4.ie\/ga\/eolas\/preas\/\"},{\"@type\":\"ListItem\",\"position\":4,\"name\":\"Nuacht R\u00e1itis\",\"item\":\"https:\/\/dev.tg4.ie\/ga\/eolas\/preas\/nuacht-raitis\/\"},{\"@type\":\"ListItem\",\"position\":5,\"name\":\"2022\",\"item\":\"https:\/\/dev.tg4.ie\/ga\/eolas\/preas\/nuacht-raitis\/2022-2\/\"},{\"@type\":\"ListItem\",\"position\":6,\"name\":\"An gradam is m\u00f3 i gCeol Traidisi\u00fanta na h\u00c9ireann le bronnadh ar an gceolt\u00f3ir Paddy Glackin\"}]},{\"@type\":\"WebSite\",\"@id\":\"https:\/\/dev.tg4.ie\/en\/#website\",\"url\":\"https:\/\/dev.tg4.ie\/en\/\",\"name\":\"TG4\",\"description\":\"S\u00fail Eile\",\"potentialAction\":[{\"@type\":\"SearchAction\",\"target\":{\"@type\":\"EntryPoint\",\"urlTemplate\":\"https:\/\/dev.tg4.ie\/en\/?s={search_term_string}\"},\"query-input\":\"required name=search_term_string\"}],\"inLanguage\":\"ga\"}]}<\/script>\n<!-- \/ Yoast SEO plugin. -->","yoast_head_json":{"title":"An gradam is m\u00f3 i gCeol Traidisi\u00fanta na h\u00c9ireann le bronnadh ar an gceolt\u00f3ir Paddy Glackin | Preas R\u00e1iteas | TG4","description":"Re\u00e1cht\u00e1lfar searmanas Gradam Ghradam Ceoil TG4 2022 TG4 i mBaile \u00c1tha Cliath den ch\u00e9ad uair i stair na nGradam. Is \u00e9 seo 25\u00fa bliain de shearmanas na ngradam a chraolfar beo ar TG4 as an gCeol\u00e1ras N\u00e1isi\u00fanta Domhnach C\u00e1sca an 17 Aibre\u00e1n ag 9.30pm.","robots":{"index":"index","follow":"follow","max-snippet":"max-snippet:-1","max-image-preview":"max-image-preview:large","max-video-preview":"max-video-preview:-1"},"og_locale":"en_US","og_type":"article","og_title":"An gradam is m\u00f3 i gCeol Traidisi\u00fanta na h\u00c9ireann le bronnadh ar an gceolt\u00f3ir Paddy Glackin | Preas R\u00e1iteas | TG4","og_description":"Re\u00e1cht\u00e1lfar searmanas Gradam Ghradam Ceoil TG4 2022 TG4 i mBaile \u00c1tha Cliath den ch\u00e9ad uair i stair na nGradam. Is \u00e9 seo 25\u00fa bliain de shearmanas na ngradam a chraolfar beo ar TG4 as an gCeol\u00e1ras N\u00e1isi\u00fanta Domhnach C\u00e1sca an 17 Aibre\u00e1n ag 9.30pm.","og_url":"https:\/\/dev.tg4.ie\/ga\/eolas\/preas\/nuacht-raitis\/2022-2\/an-gradam-is-mo-i-gceol-traidisiunta-na-heireann-le-bronnadh-ar-an-gceoltoir-paddy-glackin\/","og_site_name":"TG4","article_publisher":"https:\/\/www.facebook.com\/TG4TV","article_modified_time":"2022-03-25T15:29:53+00:00","og_image":[{"width":1920,"height":1080,"url":"https:\/\/tg4-docs.s3.amazonaws.com\/tg4-redesign-2015\/wp-content\/uploads\/2022\/03\/Gradam_Ceoil_2022_Paddy-Glackin_2-1920x1080-1.jpg","type":"image\/jpeg"}],"twitter_card":"summary_large_image","twitter_image":"https:\/\/tg4-docs.s3.amazonaws.com\/tg4-redesign-2015\/wp-content\/uploads\/2022\/03\/Gradam_Ceoil_2022_Paddy-Glackin_2-1920x1080-1.jpg","twitter_site":"@TG4TV","twitter_misc":{"Est. reading time":"8 minutes"},"schema":{"@context":"https:\/\/schema.org","@graph":[{"@type":"WebPage","@id":"https:\/\/dev.tg4.ie\/ga\/eolas\/preas\/nuacht-raitis\/2022-2\/an-gradam-is-mo-i-gceol-traidisiunta-na-heireann-le-bronnadh-ar-an-gceoltoir-paddy-glackin\/","url":"https:\/\/dev.tg4.ie\/ga\/eolas\/preas\/nuacht-raitis\/2022-2\/an-gradam-is-mo-i-gceol-traidisiunta-na-heireann-le-bronnadh-ar-an-gceoltoir-paddy-glackin\/","name":"An gradam is m\u00f3 i gCeol Traidisi\u00fanta na h\u00c9ireann le bronnadh ar an gceolt\u00f3ir Paddy Glackin | Preas R\u00e1iteas | TG4","isPartOf":{"@id":"https:\/\/dev.tg4.ie\/en\/#website"},"primaryImageOfPage":{"@id":"https:\/\/dev.tg4.ie\/ga\/eolas\/preas\/nuacht-raitis\/2022-2\/an-gradam-is-mo-i-gceol-traidisiunta-na-heireann-le-bronnadh-ar-an-gceoltoir-paddy-glackin\/#primaryimage"},"image":{"@id":"https:\/\/dev.tg4.ie\/ga\/eolas\/preas\/nuacht-raitis\/2022-2\/an-gradam-is-mo-i-gceol-traidisiunta-na-heireann-le-bronnadh-ar-an-gceoltoir-paddy-glackin\/#primaryimage"},"thumbnailUrl":"https:\/\/dev.tg4.ie\/wp-content\/uploads\/2022\/03\/Gradam_Ceoil_2022_Paddy-Glackin_1-1920x1080-1.jpg","datePublished":"2022-03-24T19:02:10+00:00","dateModified":"2022-03-25T15:29:53+00:00","description":"Re\u00e1cht\u00e1lfar searmanas Gradam Ghradam Ceoil TG4 2022 TG4 i mBaile \u00c1tha Cliath den ch\u00e9ad uair i stair na nGradam. Is \u00e9 seo 25\u00fa bliain de shearmanas na ngradam a chraolfar beo ar TG4 as an gCeol\u00e1ras N\u00e1isi\u00fanta Domhnach C\u00e1sca an 17 Aibre\u00e1n ag 9.30pm.","breadcrumb":{"@id":"https:\/\/dev.tg4.ie\/ga\/eolas\/preas\/nuacht-raitis\/2022-2\/an-gradam-is-mo-i-gceol-traidisiunta-na-heireann-le-bronnadh-ar-an-gceoltoir-paddy-glackin\/#breadcrumb"},"inLanguage":"ga","potentialAction":[{"@type":"ReadAction","target":["https:\/\/dev.tg4.ie\/ga\/eolas\/preas\/nuacht-raitis\/2022-2\/an-gradam-is-mo-i-gceol-traidisiunta-na-heireann-le-bronnadh-ar-an-gceoltoir-paddy-glackin\/"]}]},{"@type":"ImageObject","inLanguage":"ga","@id":"https:\/\/dev.tg4.ie\/ga\/eolas\/preas\/nuacht-raitis\/2022-2\/an-gradam-is-mo-i-gceol-traidisiunta-na-heireann-le-bronnadh-ar-an-gceoltoir-paddy-glackin\/#primaryimage","url":"https:\/\/dev.tg4.ie\/wp-content\/uploads\/2022\/03\/Gradam_Ceoil_2022_Paddy-Glackin_1-1920x1080-1.jpg","contentUrl":"https:\/\/dev.tg4.ie\/wp-content\/uploads\/2022\/03\/Gradam_Ceoil_2022_Paddy-Glackin_1-1920x1080-1.jpg"},{"@type":"BreadcrumbList","@id":"https:\/\/dev.tg4.ie\/ga\/eolas\/preas\/nuacht-raitis\/2022-2\/an-gradam-is-mo-i-gceol-traidisiunta-na-heireann-le-bronnadh-ar-an-gceoltoir-paddy-glackin\/#breadcrumb","itemListElement":[{"@type":"ListItem","position":1,"name":"Home","item":"https:\/\/dev.tg4.ie\/ga\/"},{"@type":"ListItem","position":2,"name":"Eolas","item":"https:\/\/dev.tg4.ie\/ga\/eolas\/"},{"@type":"ListItem","position":3,"name":"Preas","item":"https:\/\/dev.tg4.ie\/ga\/eolas\/preas\/"},{"@type":"ListItem","position":4,"name":"Nuacht R\u00e1itis","item":"https:\/\/dev.tg4.ie\/ga\/eolas\/preas\/nuacht-raitis\/"},{"@type":"ListItem","position":5,"name":"2022","item":"https:\/\/dev.tg4.ie\/ga\/eolas\/preas\/nuacht-raitis\/2022-2\/"},{"@type":"ListItem","position":6,"name":"An gradam is m\u00f3 i gCeol Traidisi\u00fanta na h\u00c9ireann le bronnadh ar an gceolt\u00f3ir Paddy Glackin"}]},{"@type":"WebSite","@id":"https:\/\/dev.tg4.ie\/en\/#website","url":"https:\/\/dev.tg4.ie\/en\/","name":"TG4","description":"S\u00fail Eile","potentialAction":[{"@type":"SearchAction","target":{"@type":"EntryPoint","urlTemplate":"https:\/\/dev.tg4.ie\/en\/?s={search_term_string}"},"query-input":"required name=search_term_string"}],"inLanguage":"ga"}]}},"_links":{"self":[{"href":"https:\/\/dev.tg4.ie\/ga\/wp-json\/wp\/v2\/pages\/144134"}],"collection":[{"href":"https:\/\/dev.tg4.ie\/ga\/wp-json\/wp\/v2\/pages"}],"about":[{"href":"https:\/\/dev.tg4.ie\/ga\/wp-json\/wp\/v2\/types\/page"}],"author":[{"embeddable":true,"href":"https:\/\/dev.tg4.ie\/ga\/wp-json\/wp\/v2\/users\/876"}],"replies":[{"embeddable":true,"href":"https:\/\/dev.tg4.ie\/ga\/wp-json\/wp\/v2\/comments?post=144134"}],"version-history":[{"count":0,"href":"https:\/\/dev.tg4.ie\/ga\/wp-json\/wp\/v2\/pages\/144134\/revisions"}],"up":[{"embeddable":true,"href":"https:\/\/dev.tg4.ie\/ga\/wp-json\/wp\/v2\/pages\/138171"}],"wp:attachment":[{"href":"https:\/\/dev.tg4.ie\/ga\/wp-json\/wp\/v2\/media?parent=144134"}],"curies":[{"name":"wp","href":"https:\/\/api.w.org\/{rel}","templated":true}]}}