{"id":144248,"date":"2022-03-25T12:53:00","date_gmt":"2022-03-25T12:53:07","guid":{"rendered":"https:\/\/dev.tg4.ie\/?page_id=144248"},"modified":"2025-04-08T14:36:25","modified_gmt":"2025-04-08T13:36:25","slug":"grupa-ceoil","status":"publish","type":"page","link":"https:\/\/dev.tg4.ie\/ga\/brandai-eile\/gradam-ceoil\/gradaim-reatha\/grupa-ceoil\/","title":{"rendered":"Gr\u00fapa Ceoil"},"content":{"rendered":"<h3>Beathaisn\u00e9is<\/h3>\n<p>T\u00e1 Flook, le deich mbliana fichead, i mbun ceannr\u00f3da\u00edochta i gc\u00farsa\u00ed ceoil, fuinni\u00falacht bhr\u00edomhar \u00e1 fh\u00ed acu leis an tsamhla\u00edocht ina gcuid ceolmhaireachta. Sa bhliain 1995 a cuireadh an banna ar bun le ceathrar ceolt\u00f3ir\u00ed as \u00c9irinn agus as Sasana. Is furasta fuaim fead\u00f3ige agus fli\u00faite Brian Finnegan agus Sarah Allen, m\u00e1istreacht rithime Ed Boyde ar an ngiot\u00e1r agus bodhr\u00e1na\u00edocht shaini\u00fail John Joe Kelly a aithint. B\u00edonn na foinn chasta fite go caolch\u00faiseach ina gcuid ceoil le s\u00e9iseanna seasta ionas go gcrutha\u00edtear cumasc ar leith idir an traidisi\u00fan agus an nu\u00e1il a bheireann ar an lucht \u00e9isteacha i gc\u00e9in is i gc\u00f3ngar.<\/p>\n<p>T\u00e1 c\u00faig cinn d\u2019albaim sti\u00faideo eisithe acu\u2014Flatfish (1999), Rubai (2002), Haven (2005), Ancora (2019), agus Sanju (2025)\u2014ar m\u00f3r an moladh ag l\u00e9irmheast\u00f3ir\u00ed orthu agus leanann Flook de theorainneacha an tseancheoil a th\u00e1st\u00e1il an tr\u00e1th c\u00e9anna a gclo\u00edtear go d\u00edlis leis an mbunrud. Tarraing\u00edonn a gcuid ceolchoirmeacha caint ar bheocht agus ar sh\u00e1rchumas na gceolt\u00f3ir\u00ed, ar shn\u00edomh snasta an chomhcheoil agus ar dh\u00e1na\u00edocht agus ar shamhla\u00edocht an ch\u00f3iri\u00fach\u00e1in.<\/p>\n<p>Cuireann gach duine den ghr\u00fapa go tr\u00e9an agus go tairbheach leis an ioml\u00e1n. Brian Finnegan, ceolt\u00f3ir cl\u00faiteach fead\u00f3ige agus fli\u00faite as Ard Mhacha a bhfuil c\u00e1il an mh\u00e1istir air maidir lena chuid cumad\u00f3ireachta chomh maith le saoirse agus l\u00fafaireacht a chuid seanma. Sarah Allen, seinneann an altfhli\u00fait ag cur sruthcheolta agus s\u00e9iseanna freas\u00fara le comhcheol saini\u00fail suntasach so-aitheanta an bhanna. Ed Boyd, duine de na giot\u00e1raithe de ghl\u00fain na linne seo is m\u00f3 a th\u00e9ann i gcion ar cheolt\u00f3ir\u00ed eile mar gheall ar a chuid tionlacain agus John Joe Kelly a bhfuil athshamhl\u00fa ar \u00fas\u00e1id an bhodhr\u00e1in leis an gceol traidisi\u00fanta tarraingthe aige.<\/p>\n<p>Is fada aird ar cheolmhaireacht Flook agus ar mheon na nu\u00e1la iontu agus n\u00ed raibh siad ach i dt\u00fas a r\u00e9 nuair a bronnadh an gradam don Bhanna is Fearr orthu ag BBC Folk Awards na bliana 2006, rud a l\u00e9ir\u00edonn chomh luath agus chomh m\u00f3r agus a bh\u00ed siad tagtha ar an bhf\u00f3d i measc na ngr\u00fapa\u00ed ceoil is spleodra\u00ed agus is so-aitheanta lena linn f\u00e9in.<\/p>\n<p>&nbsp;<\/p>\n","protected":false},"excerpt":{"rendered":"<p>Beathaisn\u00e9is T\u00e1 Flook, le deich mbliana fichead, i mbun ceannr\u00f3da\u00edochta i gc\u00farsa\u00ed ceoil, fuinni\u00falacht bhr\u00edomhar \u00e1 fh\u00ed acu leis an tsamhla\u00edocht ina gcuid ceolmhaireachta. Sa bhliain 1995 a cuireadh an banna ar bun le ceathrar ceolt\u00f3ir\u00ed as \u00c9irinn agus as Sasana. Is furasta fuaim fead\u00f3ige agus fli\u00faite Brian Finnegan agus Sarah Allen, m\u00e1istreacht rithime Ed [&hellip;]<\/p>\n","protected":false},"author":876,"featured_media":244307,"parent":36663,"menu_order":6,"comment_status":"closed","ping_status":"closed","template":"page-templates\/template-corporate.php","meta":{"_acf_changed":false,"footnotes":""},"acf":[],"yoast_head":"<!-- This site is optimized with the Yoast SEO plugin v22.6 - https:\/\/yoast.com\/wordpress\/plugins\/seo\/ -->\n<title>Gr\u00fapa Ceoil - Flook | Gradam Ceoil TG4 2025 | TG4<\/title>\n<meta name=\"robots\" content=\"index, follow, max-snippet:-1, max-image-preview:large, max-video-preview:-1\" \/>\n<meta property=\"og:locale\" content=\"en_US\" \/>\n<meta property=\"og:type\" content=\"article\" \/>\n<meta property=\"og:title\" content=\"Gr\u00fapa Ceoil - Flook | Gradam Ceoil TG4 2025 | TG4\" \/>\n<meta property=\"og:description\" content=\"Beathaisn\u00e9is T\u00e1 Flook, le deich mbliana fichead, i mbun ceannr\u00f3da\u00edochta i gc\u00farsa\u00ed ceoil, fuinni\u00falacht bhr\u00edomhar \u00e1 fh\u00ed acu leis an tsamhla\u00edocht ina gcuid ceolmhaireachta. Sa bhliain 1995 a cuireadh an banna ar bun le ceathrar ceolt\u00f3ir\u00ed as \u00c9irinn agus as Sasana. Is furasta fuaim fead\u00f3ige agus fli\u00faite Brian Finnegan agus Sarah Allen, m\u00e1istreacht rithime Ed [&hellip;]\" \/>\n<meta property=\"og:url\" content=\"https:\/\/dev.tg4.ie\/ga\/brandai-eile\/gradam-ceoil\/gradaim-reatha\/grupa-ceoil\/\" \/>\n<meta property=\"og:site_name\" content=\"TG4\" \/>\n<meta property=\"article:publisher\" content=\"https:\/\/www.facebook.com\/TG4TV\" \/>\n<meta property=\"article:modified_time\" content=\"2025-04-08T13:36:25+00:00\" \/>\n<meta property=\"og:image\" content=\"https:\/\/tg4-docs.s3.amazonaws.com\/wp-content\/uploads\/2025\/04\/08143555\/Flook_1-1920x1080-1.jpg\" \/>\n\t<meta property=\"og:image:width\" content=\"1920\" \/>\n\t<meta property=\"og:image:height\" content=\"1080\" \/>\n\t<meta property=\"og:image:type\" content=\"image\/jpeg\" \/>\n<meta name=\"twitter:card\" content=\"summary_large_image\" \/>\n<meta name=\"twitter:site\" content=\"@TG4TV\" \/>\n<meta name=\"twitter:label1\" content=\"Est. reading time\" \/>\n\t<meta name=\"twitter:data1\" content=\"2 minutes\" \/>\n<script type=\"application\/ld+json\" class=\"yoast-schema-graph\">{\"@context\":\"https:\/\/schema.org\",\"@graph\":[{\"@type\":\"WebPage\",\"@id\":\"https:\/\/dev.tg4.ie\/ga\/brandai-eile\/gradam-ceoil\/gradaim-reatha\/grupa-ceoil\/\",\"url\":\"https:\/\/dev.tg4.ie\/ga\/brandai-eile\/gradam-ceoil\/gradaim-reatha\/grupa-ceoil\/\",\"name\":\"Gr\u00fapa Ceoil - Flook | Gradam Ceoil TG4 2025 | TG4\",\"isPartOf\":{\"@id\":\"https:\/\/dev.tg4.ie\/en\/#website\"},\"primaryImageOfPage\":{\"@id\":\"https:\/\/dev.tg4.ie\/ga\/brandai-eile\/gradam-ceoil\/gradaim-reatha\/grupa-ceoil\/#primaryimage\"},\"image\":{\"@id\":\"https:\/\/dev.tg4.ie\/ga\/brandai-eile\/gradam-ceoil\/gradaim-reatha\/grupa-ceoil\/#primaryimage\"},\"thumbnailUrl\":\"https:\/\/tg4-docs.s3.amazonaws.com\/wp-content\/uploads\/2025\/04\/08143555\/Flook_1-1920x1080-1.jpg\",\"datePublished\":\"2022-03-25T12:53:07+00:00\",\"dateModified\":\"2025-04-08T13:36:25+00:00\",\"breadcrumb\":{\"@id\":\"https:\/\/dev.tg4.ie\/ga\/brandai-eile\/gradam-ceoil\/gradaim-reatha\/grupa-ceoil\/#breadcrumb\"},\"inLanguage\":\"ga\",\"potentialAction\":[{\"@type\":\"ReadAction\",\"target\":[\"https:\/\/dev.tg4.ie\/ga\/brandai-eile\/gradam-ceoil\/gradaim-reatha\/grupa-ceoil\/\"]}]},{\"@type\":\"ImageObject\",\"inLanguage\":\"ga\",\"@id\":\"https:\/\/dev.tg4.ie\/ga\/brandai-eile\/gradam-ceoil\/gradaim-reatha\/grupa-ceoil\/#primaryimage\",\"url\":\"https:\/\/tg4-docs.s3.amazonaws.com\/wp-content\/uploads\/2025\/04\/08143555\/Flook_1-1920x1080-1.jpg\",\"contentUrl\":\"https:\/\/tg4-docs.s3.amazonaws.com\/wp-content\/uploads\/2025\/04\/08143555\/Flook_1-1920x1080-1.jpg\",\"width\":1920,\"height\":1080},{\"@type\":\"BreadcrumbList\",\"@id\":\"https:\/\/dev.tg4.ie\/ga\/brandai-eile\/gradam-ceoil\/gradaim-reatha\/grupa-ceoil\/#breadcrumb\",\"itemListElement\":[{\"@type\":\"ListItem\",\"position\":1,\"name\":\"Home\",\"item\":\"https:\/\/dev.tg4.ie\/ga\/\"},{\"@type\":\"ListItem\",\"position\":2,\"name\":\"Branda\u00ed Eile\",\"item\":\"https:\/\/dev.tg4.ie\/ga\/brandai-eile\/\"},{\"@type\":\"ListItem\",\"position\":3,\"name\":\"Gradam Ceoil TG4\",\"item\":\"https:\/\/dev.tg4.ie\/ga\/brandai-eile\/gradam-ceoil\/\"},{\"@type\":\"ListItem\",\"position\":4,\"name\":\"Gradam Ceoil TG4 2025\",\"item\":\"https:\/\/dev.tg4.ie\/ga\/brandai-eile\/gradam-ceoil\/gradaim-reatha\/\"},{\"@type\":\"ListItem\",\"position\":5,\"name\":\"Gr\u00fapa Ceoil\"}]},{\"@type\":\"WebSite\",\"@id\":\"https:\/\/dev.tg4.ie\/en\/#website\",\"url\":\"https:\/\/dev.tg4.ie\/en\/\",\"name\":\"TG4\",\"description\":\"S\u00fail Eile\",\"potentialAction\":[{\"@type\":\"SearchAction\",\"target\":{\"@type\":\"EntryPoint\",\"urlTemplate\":\"https:\/\/dev.tg4.ie\/en\/?s={search_term_string}\"},\"query-input\":\"required name=search_term_string\"}],\"inLanguage\":\"ga\"}]}<\/script>\n<!-- \/ Yoast SEO plugin. -->","yoast_head_json":{"title":"Gr\u00fapa Ceoil - Flook | Gradam Ceoil TG4 2025 | TG4","robots":{"index":"index","follow":"follow","max-snippet":"max-snippet:-1","max-image-preview":"max-image-preview:large","max-video-preview":"max-video-preview:-1"},"og_locale":"en_US","og_type":"article","og_title":"Gr\u00fapa Ceoil - Flook | Gradam Ceoil TG4 2025 | TG4","og_description":"Beathaisn\u00e9is T\u00e1 Flook, le deich mbliana fichead, i mbun ceannr\u00f3da\u00edochta i gc\u00farsa\u00ed ceoil, fuinni\u00falacht bhr\u00edomhar \u00e1 fh\u00ed acu leis an tsamhla\u00edocht ina gcuid ceolmhaireachta. Sa bhliain 1995 a cuireadh an banna ar bun le ceathrar ceolt\u00f3ir\u00ed as \u00c9irinn agus as Sasana. Is furasta fuaim fead\u00f3ige agus fli\u00faite Brian Finnegan agus Sarah Allen, m\u00e1istreacht rithime Ed [&hellip;]","og_url":"https:\/\/dev.tg4.ie\/ga\/brandai-eile\/gradam-ceoil\/gradaim-reatha\/grupa-ceoil\/","og_site_name":"TG4","article_publisher":"https:\/\/www.facebook.com\/TG4TV","article_modified_time":"2025-04-08T13:36:25+00:00","og_image":[{"width":1920,"height":1080,"url":"https:\/\/tg4-docs.s3.amazonaws.com\/wp-content\/uploads\/2025\/04\/08143555\/Flook_1-1920x1080-1.jpg","type":"image\/jpeg"}],"twitter_card":"summary_large_image","twitter_site":"@TG4TV","twitter_misc":{"Est. reading time":"2 minutes"},"schema":{"@context":"https:\/\/schema.org","@graph":[{"@type":"WebPage","@id":"https:\/\/dev.tg4.ie\/ga\/brandai-eile\/gradam-ceoil\/gradaim-reatha\/grupa-ceoil\/","url":"https:\/\/dev.tg4.ie\/ga\/brandai-eile\/gradam-ceoil\/gradaim-reatha\/grupa-ceoil\/","name":"Gr\u00fapa Ceoil - Flook | Gradam Ceoil TG4 2025 | TG4","isPartOf":{"@id":"https:\/\/dev.tg4.ie\/en\/#website"},"primaryImageOfPage":{"@id":"https:\/\/dev.tg4.ie\/ga\/brandai-eile\/gradam-ceoil\/gradaim-reatha\/grupa-ceoil\/#primaryimage"},"image":{"@id":"https:\/\/dev.tg4.ie\/ga\/brandai-eile\/gradam-ceoil\/gradaim-reatha\/grupa-ceoil\/#primaryimage"},"thumbnailUrl":"https:\/\/tg4-docs.s3.amazonaws.com\/wp-content\/uploads\/2025\/04\/08143555\/Flook_1-1920x1080-1.jpg","datePublished":"2022-03-25T12:53:07+00:00","dateModified":"2025-04-08T13:36:25+00:00","breadcrumb":{"@id":"https:\/\/dev.tg4.ie\/ga\/brandai-eile\/gradam-ceoil\/gradaim-reatha\/grupa-ceoil\/#breadcrumb"},"inLanguage":"ga","potentialAction":[{"@type":"ReadAction","target":["https:\/\/dev.tg4.ie\/ga\/brandai-eile\/gradam-ceoil\/gradaim-reatha\/grupa-ceoil\/"]}]},{"@type":"ImageObject","inLanguage":"ga","@id":"https:\/\/dev.tg4.ie\/ga\/brandai-eile\/gradam-ceoil\/gradaim-reatha\/grupa-ceoil\/#primaryimage","url":"https:\/\/tg4-docs.s3.amazonaws.com\/wp-content\/uploads\/2025\/04\/08143555\/Flook_1-1920x1080-1.jpg","contentUrl":"https:\/\/tg4-docs.s3.amazonaws.com\/wp-content\/uploads\/2025\/04\/08143555\/Flook_1-1920x1080-1.jpg","width":1920,"height":1080},{"@type":"BreadcrumbList","@id":"https:\/\/dev.tg4.ie\/ga\/brandai-eile\/gradam-ceoil\/gradaim-reatha\/grupa-ceoil\/#breadcrumb","itemListElement":[{"@type":"ListItem","position":1,"name":"Home","item":"https:\/\/dev.tg4.ie\/ga\/"},{"@type":"ListItem","position":2,"name":"Branda\u00ed Eile","item":"https:\/\/dev.tg4.ie\/ga\/brandai-eile\/"},{"@type":"ListItem","position":3,"name":"Gradam Ceoil TG4","item":"https:\/\/dev.tg4.ie\/ga\/brandai-eile\/gradam-ceoil\/"},{"@type":"ListItem","position":4,"name":"Gradam Ceoil TG4 2025","item":"https:\/\/dev.tg4.ie\/ga\/brandai-eile\/gradam-ceoil\/gradaim-reatha\/"},{"@type":"ListItem","position":5,"name":"Gr\u00fapa Ceoil"}]},{"@type":"WebSite","@id":"https:\/\/dev.tg4.ie\/en\/#website","url":"https:\/\/dev.tg4.ie\/en\/","name":"TG4","description":"S\u00fail Eile","potentialAction":[{"@type":"SearchAction","target":{"@type":"EntryPoint","urlTemplate":"https:\/\/dev.tg4.ie\/en\/?s={search_term_string}"},"query-input":"required name=search_term_string"}],"inLanguage":"ga"}]}},"_links":{"self":[{"href":"https:\/\/dev.tg4.ie\/ga\/wp-json\/wp\/v2\/pages\/144248"}],"collection":[{"href":"https:\/\/dev.tg4.ie\/ga\/wp-json\/wp\/v2\/pages"}],"about":[{"href":"https:\/\/dev.tg4.ie\/ga\/wp-json\/wp\/v2\/types\/page"}],"author":[{"embeddable":true,"href":"https:\/\/dev.tg4.ie\/ga\/wp-json\/wp\/v2\/users\/876"}],"replies":[{"embeddable":true,"href":"https:\/\/dev.tg4.ie\/ga\/wp-json\/wp\/v2\/comments?post=144248"}],"version-history":[{"count":0,"href":"https:\/\/dev.tg4.ie\/ga\/wp-json\/wp\/v2\/pages\/144248\/revisions"}],"up":[{"embeddable":true,"href":"https:\/\/dev.tg4.ie\/ga\/wp-json\/wp\/v2\/pages\/36663"}],"wp:featuredmedia":[{"embeddable":true,"href":"https:\/\/dev.tg4.ie\/ga\/wp-json\/wp\/v2\/media\/244307"}],"wp:attachment":[{"href":"https:\/\/dev.tg4.ie\/ga\/wp-json\/wp\/v2\/media?parent=144248"}],"curies":[{"name":"wp","href":"https:\/\/api.w.org\/{rel}","templated":true}]}}