{"id":144702,"date":"2022-03-31T16:40:54","date_gmt":"2022-03-31T15:40:54","guid":{"rendered":"https:\/\/dev.tg4.ie\/?page_id=144702"},"modified":"2022-04-01T10:47:21","modified_gmt":"2022-04-01T09:47:21","slug":"ocht-n-ainmniuchan-do-tg4-i-ngradaim-torc-fheile-na-mean-ceilteach","status":"publish","type":"page","link":"https:\/\/dev.tg4.ie\/ga\/eolas\/preas\/nuacht-raitis\/2022-2\/ocht-n-ainmniuchan-do-tg4-i-ngradaim-torc-fheile-na-mean-ceilteach\/","title":{"rendered":"Ocht n-ainmni\u00fach\u00e1n do TG4 i nGradaim Torc Fh\u00e9ile na Me\u00e1n Ceilteach"},"content":{"rendered":"<p><img loading=\"lazy\" decoding=\"async\" width=\"1920\" height=\"1080\" src=\"https:\/\/tg4-docs.s3.amazonaws.com\/tg4-redesign-2015\/wp-content\/uploads\/2020\/11\/SAMHLU_2020_Tommy_Tiernan_1920x1080.jpg\" alt=\"\" class=\"alignleft size-full wp-image-115186\" srcset=\"https:\/\/tg4-docs.s3.amazonaws.com\/tg4-redesign-2015\/wp-content\/uploads\/2020\/11\/SAMHLU_2020_Tommy_Tiernan_1920x1080.jpg 1920w, https:\/\/tg4-docs.s3.amazonaws.com\/tg4-redesign-2015\/wp-content\/uploads\/2020\/11\/SAMHLU_2020_Tommy_Tiernan_1920x1080-250x141.jpg 250w, https:\/\/tg4-docs.s3.amazonaws.com\/tg4-redesign-2015\/wp-content\/uploads\/2020\/11\/SAMHLU_2020_Tommy_Tiernan_1920x1080-700x394.jpg 700w, https:\/\/tg4-docs.s3.amazonaws.com\/tg4-redesign-2015\/wp-content\/uploads\/2020\/11\/SAMHLU_2020_Tommy_Tiernan_1920x1080-252x141.jpg 252w, https:\/\/tg4-docs.s3.amazonaws.com\/tg4-redesign-2015\/wp-content\/uploads\/2020\/11\/SAMHLU_2020_Tommy_Tiernan_1920x1080-1536x864.jpg 1536w, https:\/\/tg4-docs.s3.amazonaws.com\/tg4-redesign-2015\/wp-content\/uploads\/2020\/11\/SAMHLU_2020_Tommy_Tiernan_1920x1080-120x68.jpg 120w\" sizes=\"(max-width: 1920px) 100vw, 1920px\" \/><br \/>\n&nbsp;<\/p>\n<p>Ainmn\u00edodh TG4 do ocht ngradam i nGradaim bhliant\u00fala Barr Feabhais Torc Fh\u00e9ile na Me\u00e1n Ceilteach a f\u00f3gra\u00edodh inn\u00e9.  T\u00e1 an cl\u00e1r eala\u00edne Samhl\u00fa 2020 ainmnithe do ghradam &#8216;Spiorad na F\u00e9ile&#8217; chomh maith. Beidh F\u00e9ile na Me\u00e1n Ceilteach ar si\u00fal go fisici\u00fail don ch\u00e9ad uair \u00f3 2019 ar an l\u00e1thair a bh\u00ed i nd\u00e1n d\u2019fh\u00e9ile 2020 i gcathair \u00e1lainn Quimper, sa Bhriot\u00e1in \u00f3n 7 &#8211; 9 Meitheamh.<br \/>\n&nbsp;<br \/>\nIs iad seo a leanas na hainmni\u00fach\u00e1in at\u00e1 ag TG4:<br \/>\n&nbsp;<\/p>\n<p><strong>Eala\u00edn &#8211; agus ainmni\u00fach\u00e1n do ghradam Spiorad na F\u00e9ile &#8211; Samhl\u00fa 2020 <\/strong><\/p>\n<p>D\u00e9antar ceili\u00faradh i Samhl\u00fa 2020 ar an obair mh\u00f3r a rinne eala\u00edont\u00f3ir\u00ed le linn bhliain mh\u00f3r na g\u00e9arch\u00e9ime leighis in 2020. Seo linn ag f\u00e1maireacht le Tommy Tiernan agus bain l\u00e1n na s\u00fal agus na gcluas as saothar eala\u00edont\u00f3ir\u00ed de gach cine\u00e1l ar st\u00e1its\u00ed \u00e9ags\u00fala.  Ceol nuachumtha le Bill Whelan.<br \/>\n&nbsp;<\/p>\n<p><strong>Cl\u00e1r do Ph\u00e1ist\u00ed &#8211; SOL <\/strong><\/p>\n<p>Scann\u00e1n \u00e9 seo faoin suaitheadh a bhaintear as Sol nuair a fhaigheann a sheanmh\u00e1thair, a raibh an-chion aige uirthi b\u00e1s. Tr\u00ed sh\u00faile an ph\u00e1iste pl\u00e9ann an scann\u00e1n le gn\u00e9ithe \u00e9ags\u00fala den dobr\u00f3n (an geit, an tn\u00fath\u00e1n, an mearbhall agus an r\u00e9iteach). Mar sin is ard\u00fa meanman a thugann Sol d\u00fainn. De bharr aistear Sol agus gach a tharla\u00edonn d\u00f3 lena linn, faigheann s\u00e9 amach gur cumhachta\u00ed an gr\u00e1 at\u00e1 aige d\u00e1 sheanmh\u00e1thair n\u00e1 an dobr\u00f3n a chruthaigh a b\u00e1s.<br \/>\n&nbsp;<\/p>\n<p><strong>C\u00farsa\u00ed Reatha &#8211; Misneach Tom Clonan <\/strong><\/p>\n<p>20 bliain \u00f3 shin, chr\u00edochnaigh Tom Clonan tr\u00e1chtas docht\u00faireachta in Ollscoil Chathair Bhaile \u00c1tha Cliath agus \u00e9 ina Chaptaen sna F\u00f3rsa\u00ed Cosanta. Mar chuid den taighde, chuir s\u00e9 agallamh ar tr\u00ed sc\u00f3r saighdi\u00fair mn\u00e1. D&#8217;athraigh tortha\u00ed an taighde an shaol tr\u00ed ch\u00e9ile agus 59 de na mn\u00e1 ag d\u00e9anamh cur s\u00edos ar bhula\u00edocht, ar chiapadh agus ar ionsaithe gn\u00e9is.<br \/>\n&nbsp;<\/p>\n<p><strong>Siamsa\u00edocht Fh\u00edorasach &#8211; Hector \u00c9ire Nua <\/strong><\/p>\n<p>Thug Hector camchuairt ar fud na h\u00c9ireann chun bualadh le daoine iontacha \u00f3 thar lear at\u00e1 anois ag cur f\u00fathu in \u00c9irinn. \u00d3n mBrasa\u00edl go dt\u00ed an Cong\u00f3, Ceanada go Ghana, \u00f3n R\u00fais go dt\u00ed an tSiria. C\u00e9 hiad fh\u00e9in? C\u00e9n f\u00e1th ar th\u00e1inig siad go h\u00c9irinn? Conas mar at\u00e1 ag \u00e9ir\u00ed leo? An bhfuiltear ag caitheamh go maith leo in \u00c9irinn? T\u00e1 siad seo ag cur athr\u00fa ar \u00c9irinn mar is eol d\u00fainn \u00ed.<br \/>\n&nbsp;<\/p>\n<p><strong>Ceol Beo &#8211; \u00d3m\u00f3s Michael D @ 80<\/strong> <\/p>\n<p>Cl\u00e1r speisialta in \u00f3m\u00f3s don Uachtar\u00e1n Miche\u00e1l D. \u00d3 hUig\u00ednn a bh\u00ed anseo agus na ceithre sc\u00f3r bainte amach aige. Bh\u00ed fil\u00ed, amhr\u00e1naithe, ceolt\u00f3ir\u00ed, scr\u00edbhneoir\u00ed, smaointeoir\u00ed agus damhs\u00f3ir\u00ed \u00f3 ar fud an h\u00c9ireann i measc na n-a\u00edonna. Rinneadh an tUachtar\u00e1n, a fheals\u00fanacht agus a smaointeoireacht pholaiti\u00fail a chom\u00f3radh tr\u00ed ard\u00e1n a thabhairt do roinnt d&#8217;aos d\u00e1na na h\u00c9ireann, daoine at\u00e1 r\u00edth\u00e1bhachtach d\u00e1r leis f\u00e9in. I measc na n-a\u00edonna bh\u00edVan Morrisson, Iarla \u00d3 Lion\u00e1ird, Tol\u00fc Makay, Rita Ann Higgins, Steve Cooney, Mary Robinson, M\u00e1irt\u00edn O&#8217;Connor, Gear\u00f3id \u00d3 Tuathaigh, agus neart eile.<br \/>\n&nbsp;<\/p>\n<p><strong>Dr\u00e1ma\u00edocht Aonair &#8211; Doineann<\/strong><\/p>\n<p>Scann\u00e1n mist\u00e9ire. Peter Coonan, Br\u00edd Brennan, Se\u00e1n T. O Meallaigh agus Clare Monnelly pr\u00edomhaisteoir\u00ed an scann\u00e1in. Faoi sti\u00fair Damian McCann. Filleann l\u00e9iritheoir teilif\u00edse abhaile agus n\u00ed bh\u00edonn d\u00e9 ar a bhean n\u00e1 ar a ph\u00e1iste. Faigheann an t-aon Gharda ar an oile\u00e1n amach go bhfuil rud \u00e9igin ar cois.<br \/>\n&nbsp;<\/p>\n<p><strong>Gearr-Fhoirm &#8211; Na Debs<\/strong> <\/p>\n<p>Sc\u00e9al gr\u00e1 na Debs idir Gillian agus S\u00e9amus a l\u00e9ir\u00edodh sa dr\u00e1ma seo a chraoladh ar ard\u00e1n TikTok BLOC. Is faoin haishchlib #Fairytale a bhfuil t\u00f3ir air ar Tik Tok a bh\u00ed an dr\u00e1ma. Craoladh an dr\u00e1ma ina m\u00edreanna ar Tik Tok thar roinnt laethanta. Is \u00e9 an scr\u00edbhneoir agus sti\u00farth\u00f3ir Philip Doherty, sti\u00farth\u00f3ir cruthaitheach Samhl\u00fa 2020 a chruthaigh an dr\u00e1ma seo i bp\u00e1irt le daoine \u00f3ga. Iarradh ar an lucht f\u00e9achana a bheith p\u00e1irteach agus a ndr\u00e1ma\u00ed f\u00e9in a chruth\u00fa agus clibe\u00e1il a dh\u00e9anamh ar @bloc_tg4 agus #Fairytale.<br \/>\n&nbsp;<\/p>\n<p>D\u00fairt <strong>Ard-Sti\u00farth\u00f3ir TG4, Alan Esslemont<\/strong>, <em>&#8220;T\u00e1 r\u00edm\u00e9ad ar TG4 ocht n-ainmni\u00fach\u00e1n a fh\u00e1il \u00f3 Fh\u00e9ile na Me\u00e1n Ceilteach. Taispe\u00e1nann na hainmni\u00fach\u00e1in seo an raon cl\u00e1r at\u00e1 ag TG4 at\u00e1 l\u00e9irithe ar ardchaighde\u00e1in don lucht f\u00e9achana. T\u00e1imid ag tn\u00fath go m\u00f3r le f\u00e9ile na bliana seo sa Fhrainc len\u00e1r gcomhghleacaithe ar fud na hEorpa chun an chuid is fearr de na Me\u00e1in Cheilteacha a cheili\u00faradh. &#8221; <\/em><br \/>\n&nbsp;<br \/>\n&nbsp;<\/p>\n","protected":false},"excerpt":{"rendered":"<p>&nbsp; Ainmn\u00edodh TG4 do ocht ngradam i nGradaim bhliant\u00fala Barr Feabhais Torc Fh\u00e9ile na Me\u00e1n Ceilteach a f\u00f3gra\u00edodh inn\u00e9. T\u00e1 an cl\u00e1r eala\u00edne Samhl\u00fa 2020 ainmnithe do ghradam &#8216;Spiorad na F\u00e9ile&#8217; chomh maith. Beidh F\u00e9ile na Me\u00e1n Ceilteach ar si\u00fal go fisici\u00fail don ch\u00e9ad uair \u00f3 2019 ar an l\u00e1thair a bh\u00ed i nd\u00e1n d\u2019fh\u00e9ile [&hellip;]<\/p>\n","protected":false},"author":876,"featured_media":0,"parent":138171,"menu_order":12,"comment_status":"closed","ping_status":"closed","template":"page-templates\/template-pr.php","meta":{"_acf_changed":false,"footnotes":""},"acf":[],"yoast_head":"<!-- This site is optimized with the Yoast SEO plugin v22.6 - https:\/\/yoast.com\/wordpress\/plugins\/seo\/ -->\n<title>Ocht n-ainmni\u00fach\u00e1n do TG4 i nGradaim Torc Fh\u00e9ile na Me\u00e1n Ceilteach | Preas R\u00e1iteas | TG4<\/title>\n<meta name=\"description\" content=\"Ainmn\u00edodh TG4 do ocht ngradam i nGradaim bhliant\u00fala Barr Feabhais Torc Fh\u00e9ile na Me\u00e1n Ceilteach a f\u00f3gra\u00edodh inn\u00e9. T\u00e1 an cl\u00e1r eala\u00edne Samhl\u00fa 2020 ainmnithe do ghradam &#039;Spiorad na F\u00e9ile&#039; chomh maith. Beidh F\u00e9ile na Me\u00e1n Ceilteach ar si\u00fal go fisici\u00fail don ch\u00e9ad uair \u00f3 2019 ar an l\u00e1thair a bh\u00ed i nd\u00e1n d\u2019fh\u00e9ile 2020 i gcathair \u00e1lainn Quimper, sa Bhriot\u00e1in \u00f3n 7 - 9 Meitheamh.\" \/>\n<meta name=\"robots\" content=\"index, follow, max-snippet:-1, max-image-preview:large, max-video-preview:-1\" \/>\n<meta property=\"og:locale\" content=\"en_US\" \/>\n<meta property=\"og:type\" content=\"article\" \/>\n<meta property=\"og:title\" content=\"Ocht n-ainmni\u00fach\u00e1n do TG4 i nGradaim Torc Fh\u00e9ile na Me\u00e1n Ceilteach | Preas R\u00e1iteas | TG4\" \/>\n<meta property=\"og:description\" content=\"Ainmn\u00edodh TG4 do ocht ngradam i nGradaim bhliant\u00fala Barr Feabhais Torc Fh\u00e9ile na Me\u00e1n Ceilteach a f\u00f3gra\u00edodh inn\u00e9. T\u00e1 an cl\u00e1r eala\u00edne Samhl\u00fa 2020 ainmnithe do ghradam &#039;Spiorad na F\u00e9ile&#039; chomh maith. Beidh F\u00e9ile na Me\u00e1n Ceilteach ar si\u00fal go fisici\u00fail don ch\u00e9ad uair \u00f3 2019 ar an l\u00e1thair a bh\u00ed i nd\u00e1n d\u2019fh\u00e9ile 2020 i gcathair \u00e1lainn Quimper, sa Bhriot\u00e1in \u00f3n 7 - 9 Meitheamh.\" \/>\n<meta property=\"og:url\" content=\"https:\/\/dev.tg4.ie\/ga\/eolas\/preas\/nuacht-raitis\/2022-2\/ocht-n-ainmniuchan-do-tg4-i-ngradaim-torc-fheile-na-mean-ceilteach\/\" \/>\n<meta property=\"og:site_name\" content=\"TG4\" \/>\n<meta property=\"article:publisher\" content=\"https:\/\/www.facebook.com\/TG4TV\" \/>\n<meta property=\"article:modified_time\" content=\"2022-04-01T09:47:21+00:00\" \/>\n<meta property=\"og:image\" content=\"https:\/\/tg4-docs.s3.amazonaws.com\/tg4-redesign-2015\/wp-content\/uploads\/2020\/11\/SAMHLU_2020_Tommy_Tiernan_1920x1080.jpg\" \/>\n\t<meta property=\"og:image:width\" content=\"1920\" \/>\n\t<meta property=\"og:image:height\" content=\"1080\" \/>\n\t<meta property=\"og:image:type\" content=\"image\/jpeg\" \/>\n<meta name=\"twitter:card\" content=\"summary_large_image\" \/>\n<meta name=\"twitter:image\" content=\"https:\/\/tg4-docs.s3.amazonaws.com\/tg4-redesign-2015\/wp-content\/uploads\/2020\/11\/SAMHLU_2020_Tommy_Tiernan_1920x1080.jpg\" \/>\n<meta name=\"twitter:site\" content=\"@TG4TV\" \/>\n<meta name=\"twitter:label1\" content=\"Est. reading time\" \/>\n\t<meta name=\"twitter:data1\" content=\"8 minutes\" \/>\n<script type=\"application\/ld+json\" class=\"yoast-schema-graph\">{\"@context\":\"https:\/\/schema.org\",\"@graph\":[{\"@type\":\"WebPage\",\"@id\":\"https:\/\/dev.tg4.ie\/ga\/eolas\/preas\/nuacht-raitis\/2022-2\/ocht-n-ainmniuchan-do-tg4-i-ngradaim-torc-fheile-na-mean-ceilteach\/\",\"url\":\"https:\/\/dev.tg4.ie\/ga\/eolas\/preas\/nuacht-raitis\/2022-2\/ocht-n-ainmniuchan-do-tg4-i-ngradaim-torc-fheile-na-mean-ceilteach\/\",\"name\":\"Ocht n-ainmni\u00fach\u00e1n do TG4 i nGradaim Torc Fh\u00e9ile na Me\u00e1n Ceilteach | Preas R\u00e1iteas | TG4\",\"isPartOf\":{\"@id\":\"https:\/\/dev.tg4.ie\/en\/#website\"},\"primaryImageOfPage\":{\"@id\":\"https:\/\/dev.tg4.ie\/ga\/eolas\/preas\/nuacht-raitis\/2022-2\/ocht-n-ainmniuchan-do-tg4-i-ngradaim-torc-fheile-na-mean-ceilteach\/#primaryimage\"},\"image\":{\"@id\":\"https:\/\/dev.tg4.ie\/ga\/eolas\/preas\/nuacht-raitis\/2022-2\/ocht-n-ainmniuchan-do-tg4-i-ngradaim-torc-fheile-na-mean-ceilteach\/#primaryimage\"},\"thumbnailUrl\":\"https:\/\/dev.tg4.ie\/wp-content\/uploads\/2020\/11\/SAMHLU_2020_Tommy_Tiernan_1920x1080.jpg\",\"datePublished\":\"2022-03-31T15:40:54+00:00\",\"dateModified\":\"2022-04-01T09:47:21+00:00\",\"description\":\"Ainmn\u00edodh TG4 do ocht ngradam i nGradaim bhliant\u00fala Barr Feabhais Torc Fh\u00e9ile na Me\u00e1n Ceilteach a f\u00f3gra\u00edodh inn\u00e9. T\u00e1 an cl\u00e1r eala\u00edne Samhl\u00fa 2020 ainmnithe do ghradam 'Spiorad na F\u00e9ile' chomh maith. Beidh F\u00e9ile na Me\u00e1n Ceilteach ar si\u00fal go fisici\u00fail don ch\u00e9ad uair \u00f3 2019 ar an l\u00e1thair a bh\u00ed i nd\u00e1n d\u2019fh\u00e9ile 2020 i gcathair \u00e1lainn Quimper, sa Bhriot\u00e1in \u00f3n 7 - 9 Meitheamh.\",\"breadcrumb\":{\"@id\":\"https:\/\/dev.tg4.ie\/ga\/eolas\/preas\/nuacht-raitis\/2022-2\/ocht-n-ainmniuchan-do-tg4-i-ngradaim-torc-fheile-na-mean-ceilteach\/#breadcrumb\"},\"inLanguage\":\"ga\",\"potentialAction\":[{\"@type\":\"ReadAction\",\"target\":[\"https:\/\/dev.tg4.ie\/ga\/eolas\/preas\/nuacht-raitis\/2022-2\/ocht-n-ainmniuchan-do-tg4-i-ngradaim-torc-fheile-na-mean-ceilteach\/\"]}]},{\"@type\":\"ImageObject\",\"inLanguage\":\"ga\",\"@id\":\"https:\/\/dev.tg4.ie\/ga\/eolas\/preas\/nuacht-raitis\/2022-2\/ocht-n-ainmniuchan-do-tg4-i-ngradaim-torc-fheile-na-mean-ceilteach\/#primaryimage\",\"url\":\"https:\/\/dev.tg4.ie\/wp-content\/uploads\/2020\/11\/SAMHLU_2020_Tommy_Tiernan_1920x1080.jpg\",\"contentUrl\":\"https:\/\/dev.tg4.ie\/wp-content\/uploads\/2020\/11\/SAMHLU_2020_Tommy_Tiernan_1920x1080.jpg\"},{\"@type\":\"BreadcrumbList\",\"@id\":\"https:\/\/dev.tg4.ie\/ga\/eolas\/preas\/nuacht-raitis\/2022-2\/ocht-n-ainmniuchan-do-tg4-i-ngradaim-torc-fheile-na-mean-ceilteach\/#breadcrumb\",\"itemListElement\":[{\"@type\":\"ListItem\",\"position\":1,\"name\":\"Home\",\"item\":\"https:\/\/dev.tg4.ie\/ga\/\"},{\"@type\":\"ListItem\",\"position\":2,\"name\":\"Eolas\",\"item\":\"https:\/\/dev.tg4.ie\/ga\/eolas\/\"},{\"@type\":\"ListItem\",\"position\":3,\"name\":\"Preas\",\"item\":\"https:\/\/dev.tg4.ie\/ga\/eolas\/preas\/\"},{\"@type\":\"ListItem\",\"position\":4,\"name\":\"Nuacht R\u00e1itis\",\"item\":\"https:\/\/dev.tg4.ie\/ga\/eolas\/preas\/nuacht-raitis\/\"},{\"@type\":\"ListItem\",\"position\":5,\"name\":\"2022\",\"item\":\"https:\/\/dev.tg4.ie\/ga\/eolas\/preas\/nuacht-raitis\/2022-2\/\"},{\"@type\":\"ListItem\",\"position\":6,\"name\":\"Ocht n-ainmni\u00fach\u00e1n do TG4 i nGradaim Torc Fh\u00e9ile na Me\u00e1n Ceilteach\"}]},{\"@type\":\"WebSite\",\"@id\":\"https:\/\/dev.tg4.ie\/en\/#website\",\"url\":\"https:\/\/dev.tg4.ie\/en\/\",\"name\":\"TG4\",\"description\":\"S\u00fail Eile\",\"potentialAction\":[{\"@type\":\"SearchAction\",\"target\":{\"@type\":\"EntryPoint\",\"urlTemplate\":\"https:\/\/dev.tg4.ie\/en\/?s={search_term_string}\"},\"query-input\":\"required name=search_term_string\"}],\"inLanguage\":\"ga\"}]}<\/script>\n<!-- \/ Yoast SEO plugin. -->","yoast_head_json":{"title":"Ocht n-ainmni\u00fach\u00e1n do TG4 i nGradaim Torc Fh\u00e9ile na Me\u00e1n Ceilteach | Preas R\u00e1iteas | TG4","description":"Ainmn\u00edodh TG4 do ocht ngradam i nGradaim bhliant\u00fala Barr Feabhais Torc Fh\u00e9ile na Me\u00e1n Ceilteach a f\u00f3gra\u00edodh inn\u00e9. T\u00e1 an cl\u00e1r eala\u00edne Samhl\u00fa 2020 ainmnithe do ghradam 'Spiorad na F\u00e9ile' chomh maith. Beidh F\u00e9ile na Me\u00e1n Ceilteach ar si\u00fal go fisici\u00fail don ch\u00e9ad uair \u00f3 2019 ar an l\u00e1thair a bh\u00ed i nd\u00e1n d\u2019fh\u00e9ile 2020 i gcathair \u00e1lainn Quimper, sa Bhriot\u00e1in \u00f3n 7 - 9 Meitheamh.","robots":{"index":"index","follow":"follow","max-snippet":"max-snippet:-1","max-image-preview":"max-image-preview:large","max-video-preview":"max-video-preview:-1"},"og_locale":"en_US","og_type":"article","og_title":"Ocht n-ainmni\u00fach\u00e1n do TG4 i nGradaim Torc Fh\u00e9ile na Me\u00e1n Ceilteach | Preas R\u00e1iteas | TG4","og_description":"Ainmn\u00edodh TG4 do ocht ngradam i nGradaim bhliant\u00fala Barr Feabhais Torc Fh\u00e9ile na Me\u00e1n Ceilteach a f\u00f3gra\u00edodh inn\u00e9. T\u00e1 an cl\u00e1r eala\u00edne Samhl\u00fa 2020 ainmnithe do ghradam 'Spiorad na F\u00e9ile' chomh maith. Beidh F\u00e9ile na Me\u00e1n Ceilteach ar si\u00fal go fisici\u00fail don ch\u00e9ad uair \u00f3 2019 ar an l\u00e1thair a bh\u00ed i nd\u00e1n d\u2019fh\u00e9ile 2020 i gcathair \u00e1lainn Quimper, sa Bhriot\u00e1in \u00f3n 7 - 9 Meitheamh.","og_url":"https:\/\/dev.tg4.ie\/ga\/eolas\/preas\/nuacht-raitis\/2022-2\/ocht-n-ainmniuchan-do-tg4-i-ngradaim-torc-fheile-na-mean-ceilteach\/","og_site_name":"TG4","article_publisher":"https:\/\/www.facebook.com\/TG4TV","article_modified_time":"2022-04-01T09:47:21+00:00","og_image":[{"width":1920,"height":1080,"url":"https:\/\/tg4-docs.s3.amazonaws.com\/tg4-redesign-2015\/wp-content\/uploads\/2020\/11\/SAMHLU_2020_Tommy_Tiernan_1920x1080.jpg","type":"image\/jpeg"}],"twitter_card":"summary_large_image","twitter_image":"https:\/\/tg4-docs.s3.amazonaws.com\/tg4-redesign-2015\/wp-content\/uploads\/2020\/11\/SAMHLU_2020_Tommy_Tiernan_1920x1080.jpg","twitter_site":"@TG4TV","twitter_misc":{"Est. reading time":"8 minutes"},"schema":{"@context":"https:\/\/schema.org","@graph":[{"@type":"WebPage","@id":"https:\/\/dev.tg4.ie\/ga\/eolas\/preas\/nuacht-raitis\/2022-2\/ocht-n-ainmniuchan-do-tg4-i-ngradaim-torc-fheile-na-mean-ceilteach\/","url":"https:\/\/dev.tg4.ie\/ga\/eolas\/preas\/nuacht-raitis\/2022-2\/ocht-n-ainmniuchan-do-tg4-i-ngradaim-torc-fheile-na-mean-ceilteach\/","name":"Ocht n-ainmni\u00fach\u00e1n do TG4 i nGradaim Torc Fh\u00e9ile na Me\u00e1n Ceilteach | Preas R\u00e1iteas | TG4","isPartOf":{"@id":"https:\/\/dev.tg4.ie\/en\/#website"},"primaryImageOfPage":{"@id":"https:\/\/dev.tg4.ie\/ga\/eolas\/preas\/nuacht-raitis\/2022-2\/ocht-n-ainmniuchan-do-tg4-i-ngradaim-torc-fheile-na-mean-ceilteach\/#primaryimage"},"image":{"@id":"https:\/\/dev.tg4.ie\/ga\/eolas\/preas\/nuacht-raitis\/2022-2\/ocht-n-ainmniuchan-do-tg4-i-ngradaim-torc-fheile-na-mean-ceilteach\/#primaryimage"},"thumbnailUrl":"https:\/\/dev.tg4.ie\/wp-content\/uploads\/2020\/11\/SAMHLU_2020_Tommy_Tiernan_1920x1080.jpg","datePublished":"2022-03-31T15:40:54+00:00","dateModified":"2022-04-01T09:47:21+00:00","description":"Ainmn\u00edodh TG4 do ocht ngradam i nGradaim bhliant\u00fala Barr Feabhais Torc Fh\u00e9ile na Me\u00e1n Ceilteach a f\u00f3gra\u00edodh inn\u00e9. T\u00e1 an cl\u00e1r eala\u00edne Samhl\u00fa 2020 ainmnithe do ghradam 'Spiorad na F\u00e9ile' chomh maith. Beidh F\u00e9ile na Me\u00e1n Ceilteach ar si\u00fal go fisici\u00fail don ch\u00e9ad uair \u00f3 2019 ar an l\u00e1thair a bh\u00ed i nd\u00e1n d\u2019fh\u00e9ile 2020 i gcathair \u00e1lainn Quimper, sa Bhriot\u00e1in \u00f3n 7 - 9 Meitheamh.","breadcrumb":{"@id":"https:\/\/dev.tg4.ie\/ga\/eolas\/preas\/nuacht-raitis\/2022-2\/ocht-n-ainmniuchan-do-tg4-i-ngradaim-torc-fheile-na-mean-ceilteach\/#breadcrumb"},"inLanguage":"ga","potentialAction":[{"@type":"ReadAction","target":["https:\/\/dev.tg4.ie\/ga\/eolas\/preas\/nuacht-raitis\/2022-2\/ocht-n-ainmniuchan-do-tg4-i-ngradaim-torc-fheile-na-mean-ceilteach\/"]}]},{"@type":"ImageObject","inLanguage":"ga","@id":"https:\/\/dev.tg4.ie\/ga\/eolas\/preas\/nuacht-raitis\/2022-2\/ocht-n-ainmniuchan-do-tg4-i-ngradaim-torc-fheile-na-mean-ceilteach\/#primaryimage","url":"https:\/\/dev.tg4.ie\/wp-content\/uploads\/2020\/11\/SAMHLU_2020_Tommy_Tiernan_1920x1080.jpg","contentUrl":"https:\/\/dev.tg4.ie\/wp-content\/uploads\/2020\/11\/SAMHLU_2020_Tommy_Tiernan_1920x1080.jpg"},{"@type":"BreadcrumbList","@id":"https:\/\/dev.tg4.ie\/ga\/eolas\/preas\/nuacht-raitis\/2022-2\/ocht-n-ainmniuchan-do-tg4-i-ngradaim-torc-fheile-na-mean-ceilteach\/#breadcrumb","itemListElement":[{"@type":"ListItem","position":1,"name":"Home","item":"https:\/\/dev.tg4.ie\/ga\/"},{"@type":"ListItem","position":2,"name":"Eolas","item":"https:\/\/dev.tg4.ie\/ga\/eolas\/"},{"@type":"ListItem","position":3,"name":"Preas","item":"https:\/\/dev.tg4.ie\/ga\/eolas\/preas\/"},{"@type":"ListItem","position":4,"name":"Nuacht R\u00e1itis","item":"https:\/\/dev.tg4.ie\/ga\/eolas\/preas\/nuacht-raitis\/"},{"@type":"ListItem","position":5,"name":"2022","item":"https:\/\/dev.tg4.ie\/ga\/eolas\/preas\/nuacht-raitis\/2022-2\/"},{"@type":"ListItem","position":6,"name":"Ocht n-ainmni\u00fach\u00e1n do TG4 i nGradaim Torc Fh\u00e9ile na Me\u00e1n Ceilteach"}]},{"@type":"WebSite","@id":"https:\/\/dev.tg4.ie\/en\/#website","url":"https:\/\/dev.tg4.ie\/en\/","name":"TG4","description":"S\u00fail Eile","potentialAction":[{"@type":"SearchAction","target":{"@type":"EntryPoint","urlTemplate":"https:\/\/dev.tg4.ie\/en\/?s={search_term_string}"},"query-input":"required name=search_term_string"}],"inLanguage":"ga"}]}},"_links":{"self":[{"href":"https:\/\/dev.tg4.ie\/ga\/wp-json\/wp\/v2\/pages\/144702"}],"collection":[{"href":"https:\/\/dev.tg4.ie\/ga\/wp-json\/wp\/v2\/pages"}],"about":[{"href":"https:\/\/dev.tg4.ie\/ga\/wp-json\/wp\/v2\/types\/page"}],"author":[{"embeddable":true,"href":"https:\/\/dev.tg4.ie\/ga\/wp-json\/wp\/v2\/users\/876"}],"replies":[{"embeddable":true,"href":"https:\/\/dev.tg4.ie\/ga\/wp-json\/wp\/v2\/comments?post=144702"}],"version-history":[{"count":0,"href":"https:\/\/dev.tg4.ie\/ga\/wp-json\/wp\/v2\/pages\/144702\/revisions"}],"up":[{"embeddable":true,"href":"https:\/\/dev.tg4.ie\/ga\/wp-json\/wp\/v2\/pages\/138171"}],"wp:attachment":[{"href":"https:\/\/dev.tg4.ie\/ga\/wp-json\/wp\/v2\/media?parent=144702"}],"curies":[{"name":"wp","href":"https:\/\/api.w.org\/{rel}","templated":true}]}}