{"id":144778,"date":"2022-04-01T14:56:39","date_gmt":"2022-04-01T13:56:39","guid":{"rendered":"https:\/\/dev.tg4.ie\/?page_id=144778"},"modified":"2022-04-01T17:11:18","modified_gmt":"2022-04-01T16:11:18","slug":"tearmai-coinniollacha-comortais","status":"publish","type":"page","link":"https:\/\/dev.tg4.ie\/ga\/eolas\/tearmai\/tearmai-coinniollacha-comortais\/","title":{"rendered":"T\u00e9arma\u00ed agus Coinn\u00edollacha Com\u00f3rtais"},"content":{"rendered":"<h1>T\u00e9arma\u00ed agus Coinn\u00edollacha Com\u00f3rtais<\/h1>\n<hr \/>\n<h2><img loading=\"lazy\" decoding=\"async\" width=\"250\" height=\"313\" class=\"alignleft size-medium wp-image-144785\" src=\"https:\/\/tg4-docs.s3.amazonaws.com\/tg4-redesign-2015\/wp-content\/uploads\/2022\/04\/Gradam_Ceoil_Comortas_1-1080x1350-1-250x313.jpg\" alt=\"\" srcset=\"https:\/\/tg4-docs.s3.amazonaws.com\/tg4-redesign-2015\/wp-content\/uploads\/2022\/04\/Gradam_Ceoil_Comortas_1-1080x1350-1-250x313.jpg 250w, https:\/\/tg4-docs.s3.amazonaws.com\/tg4-redesign-2015\/wp-content\/uploads\/2022\/04\/Gradam_Ceoil_Comortas_1-1080x1350-1-700x875.jpg 700w, https:\/\/tg4-docs.s3.amazonaws.com\/tg4-redesign-2015\/wp-content\/uploads\/2022\/04\/Gradam_Ceoil_Comortas_1-1080x1350-1-113x141.jpg 113w, https:\/\/tg4-docs.s3.amazonaws.com\/tg4-redesign-2015\/wp-content\/uploads\/2022\/04\/Gradam_Ceoil_Comortas_1-1080x1350-1-120x150.jpg 120w, https:\/\/tg4-docs.s3.amazonaws.com\/tg4-redesign-2015\/wp-content\/uploads\/2022\/04\/Gradam_Ceoil_Comortas_1-1080x1350-1.jpg 1080w\" sizes=\"(max-width: 250px) 100vw, 250px\" \/> Com\u00f3rtas Gradam Ceoil <\/h2>\n<p><strong>T\u00e9arma\u00ed agus Coinn\u00edollacha:<\/strong><\/p>\n<ul>\n<li>Caithfidh an buaiteoir a bheith 18+<\/li>\n<li>Caithfidh an buaiteoir an l\u00f3ist\u00edn sa Camden Court a \u00fas\u00e1id ar 17\/04\/22.<\/li>\n<li>Caithfidh an buaiteoir tar \u00e9is Facebook Gradam Ceoil TG4 a lean\u00faint, \u2018Like\u2019 a thabhairt don post\u00e1il, an post\u00e1il a roinnt agus clib a chur ar chara sna tr\u00e1chtanna.<\/li>\n<li>Roghn\u00f3far an buaiteoir D\u00e9 Luain, 11 Aibre\u00e1n.<\/li>\n<\/ul>\n<hr \/>\n","protected":false},"excerpt":{"rendered":"<p>T\u00e9arma\u00ed agus Coinn\u00edollacha Com\u00f3rtais Com\u00f3rtas Gradam Ceoil T\u00e9arma\u00ed agus Coinn\u00edollacha: Caithfidh an buaiteoir a bheith 18+ Caithfidh an buaiteoir an l\u00f3ist\u00edn sa Camden Court a \u00fas\u00e1id ar 17\/04\/22. Caithfidh an buaiteoir tar \u00e9is Facebook Gradam Ceoil TG4 a lean\u00faint, \u2018Like\u2019 a thabhairt don post\u00e1il, an post\u00e1il a roinnt agus clib a chur ar chara sna [&hellip;]<\/p>\n","protected":false},"author":876,"featured_media":0,"parent":693,"menu_order":0,"comment_status":"closed","ping_status":"closed","template":"page-templates\/template-corporate.php","meta":{"_acf_changed":false,"footnotes":""},"acf":[],"yoast_head":"<!-- This site is optimized with the Yoast SEO plugin v22.6 - https:\/\/yoast.com\/wordpress\/plugins\/seo\/ -->\n<title>T\u00e9arma\u00ed agus Coinn\u00edollacha Com\u00f3rtais | T\u00e9arma\u00ed &amp; Coinn\u00edollacha | TG4<\/title>\n<meta name=\"robots\" content=\"index, follow, max-snippet:-1, max-image-preview:large, max-video-preview:-1\" \/>\n<meta property=\"og:locale\" content=\"en_US\" \/>\n<meta property=\"og:type\" content=\"article\" \/>\n<meta property=\"og:title\" content=\"T\u00e9arma\u00ed agus Coinn\u00edollacha Com\u00f3rtais | T\u00e9arma\u00ed &amp; Coinn\u00edollacha | TG4\" \/>\n<meta property=\"og:description\" content=\"T\u00e9arma\u00ed agus Coinn\u00edollacha Com\u00f3rtais Com\u00f3rtas Gradam Ceoil T\u00e9arma\u00ed agus Coinn\u00edollacha: Caithfidh an buaiteoir a bheith 18+ Caithfidh an buaiteoir an l\u00f3ist\u00edn sa Camden Court a \u00fas\u00e1id ar 17\/04\/22. Caithfidh an buaiteoir tar \u00e9is Facebook Gradam Ceoil TG4 a lean\u00faint, \u2018Like\u2019 a thabhairt don post\u00e1il, an post\u00e1il a roinnt agus clib a chur ar chara sna [&hellip;]\" \/>\n<meta property=\"og:url\" content=\"https:\/\/dev.tg4.ie\/ga\/eolas\/tearmai\/tearmai-coinniollacha-comortais\/\" \/>\n<meta property=\"og:site_name\" content=\"TG4\" \/>\n<meta property=\"article:publisher\" content=\"https:\/\/www.facebook.com\/TG4TV\" \/>\n<meta property=\"article:modified_time\" content=\"2022-04-01T16:11:18+00:00\" \/>\n<meta property=\"og:image\" content=\"https:\/\/dev.tg4.ie\/wp-content\/uploads\/2022\/04\/Gradam_Ceoil_Comortas_1-1080x1350-1-250x313.jpg\" \/>\n<meta name=\"twitter:card\" content=\"summary_large_image\" \/>\n<meta name=\"twitter:site\" content=\"@TG4TV\" \/>\n<meta name=\"twitter:label1\" content=\"Est. reading time\" \/>\n\t<meta name=\"twitter:data1\" content=\"1 minute\" \/>\n<script type=\"application\/ld+json\" class=\"yoast-schema-graph\">{\"@context\":\"https:\/\/schema.org\",\"@graph\":[{\"@type\":\"WebPage\",\"@id\":\"https:\/\/dev.tg4.ie\/ga\/eolas\/tearmai\/tearmai-coinniollacha-comortais\/\",\"url\":\"https:\/\/dev.tg4.ie\/ga\/eolas\/tearmai\/tearmai-coinniollacha-comortais\/\",\"name\":\"T\u00e9arma\u00ed agus Coinn\u00edollacha Com\u00f3rtais | T\u00e9arma\u00ed & Coinn\u00edollacha | TG4\",\"isPartOf\":{\"@id\":\"https:\/\/dev.tg4.ie\/en\/#website\"},\"primaryImageOfPage\":{\"@id\":\"https:\/\/dev.tg4.ie\/ga\/eolas\/tearmai\/tearmai-coinniollacha-comortais\/#primaryimage\"},\"image\":{\"@id\":\"https:\/\/dev.tg4.ie\/ga\/eolas\/tearmai\/tearmai-coinniollacha-comortais\/#primaryimage\"},\"thumbnailUrl\":\"https:\/\/dev.tg4.ie\/wp-content\/uploads\/2022\/04\/Gradam_Ceoil_Comortas_1-1080x1350-1-250x313.jpg\",\"datePublished\":\"2022-04-01T13:56:39+00:00\",\"dateModified\":\"2022-04-01T16:11:18+00:00\",\"breadcrumb\":{\"@id\":\"https:\/\/dev.tg4.ie\/ga\/eolas\/tearmai\/tearmai-coinniollacha-comortais\/#breadcrumb\"},\"inLanguage\":\"ga\",\"potentialAction\":[{\"@type\":\"ReadAction\",\"target\":[\"https:\/\/dev.tg4.ie\/ga\/eolas\/tearmai\/tearmai-coinniollacha-comortais\/\"]}]},{\"@type\":\"ImageObject\",\"inLanguage\":\"ga\",\"@id\":\"https:\/\/dev.tg4.ie\/ga\/eolas\/tearmai\/tearmai-coinniollacha-comortais\/#primaryimage\",\"url\":\"https:\/\/dev.tg4.ie\/wp-content\/uploads\/2022\/04\/Gradam_Ceoil_Comortas_1-1080x1350-1-250x313.jpg\",\"contentUrl\":\"https:\/\/dev.tg4.ie\/wp-content\/uploads\/2022\/04\/Gradam_Ceoil_Comortas_1-1080x1350-1-250x313.jpg\"},{\"@type\":\"BreadcrumbList\",\"@id\":\"https:\/\/dev.tg4.ie\/ga\/eolas\/tearmai\/tearmai-coinniollacha-comortais\/#breadcrumb\",\"itemListElement\":[{\"@type\":\"ListItem\",\"position\":1,\"name\":\"Home\",\"item\":\"https:\/\/dev.tg4.ie\/ga\/\"},{\"@type\":\"ListItem\",\"position\":2,\"name\":\"Eolas\",\"item\":\"https:\/\/dev.tg4.ie\/ga\/eolas\/\"},{\"@type\":\"ListItem\",\"position\":3,\"name\":\"T\u00e9arma\u00ed &#038; Coinn\u00edollacha\",\"item\":\"https:\/\/dev.tg4.ie\/ga\/eolas\/tearmai\/\"},{\"@type\":\"ListItem\",\"position\":4,\"name\":\"T\u00e9arma\u00ed agus Coinn\u00edollacha Com\u00f3rtais\"}]},{\"@type\":\"WebSite\",\"@id\":\"https:\/\/dev.tg4.ie\/en\/#website\",\"url\":\"https:\/\/dev.tg4.ie\/en\/\",\"name\":\"TG4\",\"description\":\"S\u00fail Eile\",\"potentialAction\":[{\"@type\":\"SearchAction\",\"target\":{\"@type\":\"EntryPoint\",\"urlTemplate\":\"https:\/\/dev.tg4.ie\/en\/?s={search_term_string}\"},\"query-input\":\"required name=search_term_string\"}],\"inLanguage\":\"ga\"}]}<\/script>\n<!-- \/ Yoast SEO plugin. -->","yoast_head_json":{"title":"T\u00e9arma\u00ed agus Coinn\u00edollacha Com\u00f3rtais | T\u00e9arma\u00ed & Coinn\u00edollacha | TG4","robots":{"index":"index","follow":"follow","max-snippet":"max-snippet:-1","max-image-preview":"max-image-preview:large","max-video-preview":"max-video-preview:-1"},"og_locale":"en_US","og_type":"article","og_title":"T\u00e9arma\u00ed agus Coinn\u00edollacha Com\u00f3rtais | T\u00e9arma\u00ed & Coinn\u00edollacha | TG4","og_description":"T\u00e9arma\u00ed agus Coinn\u00edollacha Com\u00f3rtais Com\u00f3rtas Gradam Ceoil T\u00e9arma\u00ed agus Coinn\u00edollacha: Caithfidh an buaiteoir a bheith 18+ Caithfidh an buaiteoir an l\u00f3ist\u00edn sa Camden Court a \u00fas\u00e1id ar 17\/04\/22. Caithfidh an buaiteoir tar \u00e9is Facebook Gradam Ceoil TG4 a lean\u00faint, \u2018Like\u2019 a thabhairt don post\u00e1il, an post\u00e1il a roinnt agus clib a chur ar chara sna [&hellip;]","og_url":"https:\/\/dev.tg4.ie\/ga\/eolas\/tearmai\/tearmai-coinniollacha-comortais\/","og_site_name":"TG4","article_publisher":"https:\/\/www.facebook.com\/TG4TV","article_modified_time":"2022-04-01T16:11:18+00:00","og_image":[{"url":"https:\/\/dev.tg4.ie\/wp-content\/uploads\/2022\/04\/Gradam_Ceoil_Comortas_1-1080x1350-1-250x313.jpg"}],"twitter_card":"summary_large_image","twitter_site":"@TG4TV","twitter_misc":{"Est. reading time":"1 minute"},"schema":{"@context":"https:\/\/schema.org","@graph":[{"@type":"WebPage","@id":"https:\/\/dev.tg4.ie\/ga\/eolas\/tearmai\/tearmai-coinniollacha-comortais\/","url":"https:\/\/dev.tg4.ie\/ga\/eolas\/tearmai\/tearmai-coinniollacha-comortais\/","name":"T\u00e9arma\u00ed agus Coinn\u00edollacha Com\u00f3rtais | T\u00e9arma\u00ed & Coinn\u00edollacha | TG4","isPartOf":{"@id":"https:\/\/dev.tg4.ie\/en\/#website"},"primaryImageOfPage":{"@id":"https:\/\/dev.tg4.ie\/ga\/eolas\/tearmai\/tearmai-coinniollacha-comortais\/#primaryimage"},"image":{"@id":"https:\/\/dev.tg4.ie\/ga\/eolas\/tearmai\/tearmai-coinniollacha-comortais\/#primaryimage"},"thumbnailUrl":"https:\/\/dev.tg4.ie\/wp-content\/uploads\/2022\/04\/Gradam_Ceoil_Comortas_1-1080x1350-1-250x313.jpg","datePublished":"2022-04-01T13:56:39+00:00","dateModified":"2022-04-01T16:11:18+00:00","breadcrumb":{"@id":"https:\/\/dev.tg4.ie\/ga\/eolas\/tearmai\/tearmai-coinniollacha-comortais\/#breadcrumb"},"inLanguage":"ga","potentialAction":[{"@type":"ReadAction","target":["https:\/\/dev.tg4.ie\/ga\/eolas\/tearmai\/tearmai-coinniollacha-comortais\/"]}]},{"@type":"ImageObject","inLanguage":"ga","@id":"https:\/\/dev.tg4.ie\/ga\/eolas\/tearmai\/tearmai-coinniollacha-comortais\/#primaryimage","url":"https:\/\/dev.tg4.ie\/wp-content\/uploads\/2022\/04\/Gradam_Ceoil_Comortas_1-1080x1350-1-250x313.jpg","contentUrl":"https:\/\/dev.tg4.ie\/wp-content\/uploads\/2022\/04\/Gradam_Ceoil_Comortas_1-1080x1350-1-250x313.jpg"},{"@type":"BreadcrumbList","@id":"https:\/\/dev.tg4.ie\/ga\/eolas\/tearmai\/tearmai-coinniollacha-comortais\/#breadcrumb","itemListElement":[{"@type":"ListItem","position":1,"name":"Home","item":"https:\/\/dev.tg4.ie\/ga\/"},{"@type":"ListItem","position":2,"name":"Eolas","item":"https:\/\/dev.tg4.ie\/ga\/eolas\/"},{"@type":"ListItem","position":3,"name":"T\u00e9arma\u00ed &#038; Coinn\u00edollacha","item":"https:\/\/dev.tg4.ie\/ga\/eolas\/tearmai\/"},{"@type":"ListItem","position":4,"name":"T\u00e9arma\u00ed agus Coinn\u00edollacha Com\u00f3rtais"}]},{"@type":"WebSite","@id":"https:\/\/dev.tg4.ie\/en\/#website","url":"https:\/\/dev.tg4.ie\/en\/","name":"TG4","description":"S\u00fail Eile","potentialAction":[{"@type":"SearchAction","target":{"@type":"EntryPoint","urlTemplate":"https:\/\/dev.tg4.ie\/en\/?s={search_term_string}"},"query-input":"required name=search_term_string"}],"inLanguage":"ga"}]}},"_links":{"self":[{"href":"https:\/\/dev.tg4.ie\/ga\/wp-json\/wp\/v2\/pages\/144778"}],"collection":[{"href":"https:\/\/dev.tg4.ie\/ga\/wp-json\/wp\/v2\/pages"}],"about":[{"href":"https:\/\/dev.tg4.ie\/ga\/wp-json\/wp\/v2\/types\/page"}],"author":[{"embeddable":true,"href":"https:\/\/dev.tg4.ie\/ga\/wp-json\/wp\/v2\/users\/876"}],"replies":[{"embeddable":true,"href":"https:\/\/dev.tg4.ie\/ga\/wp-json\/wp\/v2\/comments?post=144778"}],"version-history":[{"count":0,"href":"https:\/\/dev.tg4.ie\/ga\/wp-json\/wp\/v2\/pages\/144778\/revisions"}],"up":[{"embeddable":true,"href":"https:\/\/dev.tg4.ie\/ga\/wp-json\/wp\/v2\/pages\/693"}],"wp:attachment":[{"href":"https:\/\/dev.tg4.ie\/ga\/wp-json\/wp\/v2\/media?parent=144778"}],"curies":[{"name":"wp","href":"https:\/\/api.w.org\/{rel}","templated":true}]}}