{"id":1450,"date":"2015-08-19T14:42:50","date_gmt":"2015-08-19T13:42:50","guid":{"rendered":"https:\/\/dev.tg4.ie\/corporate\/press-releases\/2015-2\/12-02-15\/"},"modified":"2019-06-25T11:03:06","modified_gmt":"2019-06-25T10:03:06","slug":"12-02-15","status":"publish","type":"page","link":"https:\/\/dev.tg4.ie\/ga\/eolas\/preas\/nuacht-raitis\/2015-2\/12-02-15\/","title":{"rendered":"12.02.15"},"content":{"rendered":"<p>Is c\u00fais ar leith m\u00f3rtais d\u00fainn gur togra \u00e9 seo a fuair c\u00f3mhaoini\u00fa \u00f3n t\u00fas \u00f3 TG4 agus\u00a0 \u00dadar\u00e1s Craolach\u00e1in na h\u00c9ireann agus BS\u00c9.\u00a0 Beidh <i>\u00a0Amhr\u00e1n na Mara, <\/i>\u00a0an leagan Gaeilge den saothar, l\u00e9irithe ag Macalla Teo,\u00a0 ar taispe\u00e1int sna picti\u00farlanna\u00a0 in \u00c9irinn an samhradh seo chugainn \u00f3n 10\u00fa I\u00fail.<\/p>\n<p>Gu\u00edmid\u00a0 gach beannacht ar an uile a bh\u00ed p\u00e1irteach sa togra:\u00a0 na l\u00e9iritheoir\u00ed, Cartoon Saloon agus an chliar aisteoir\u00ed, ina measc Brendan Gleeson agus\u00a0 Fionnuala Flanagan, beirt a thaca\u00edonn go rialta agus go fial le togra\u00ed Gaeilge;\u00a0 agus\u00a0 Colm \u00d3\u00a0 Snodaigh agus Lisa Hannigan a chuir cuid d\u2019fhuaimrian ceoil an scann\u00e1in ar f\u00e1il.<\/p>\n<p>Is binn \u00e9 <i>Amhr\u00e1n na Mara<\/i>.<\/p>\n","protected":false},"excerpt":{"rendered":"<p>Is c\u00fais ar leith m\u00f3rtais d\u00fainn gur togra \u00e9 seo a fuair c\u00f3mhaoini\u00fa \u00f3n t\u00fas \u00f3 TG4 agus\u00a0 \u00dadar\u00e1s Craolach\u00e1in na h\u00c9ireann agus BS\u00c9.\u00a0 Beidh \u00a0Amhr\u00e1n na Mara, \u00a0an leagan Gaeilge den saothar, l\u00e9irithe ag Macalla Teo,\u00a0 ar taispe\u00e1int sna picti\u00farlanna\u00a0 in \u00c9irinn an samhradh seo chugainn \u00f3n 10\u00fa I\u00fail. Gu\u00edmid\u00a0 gach beannacht ar an [&hellip;]<\/p>\n","protected":false},"author":6,"featured_media":1449,"parent":985,"menu_order":3,"comment_status":"closed","ping_status":"closed","template":"page-templates\/template-pr.php","meta":{"_acf_changed":false,"footnotes":""},"acf":[],"yoast_head":"<!-- This site is optimized with the Yoast SEO plugin v22.6 - https:\/\/yoast.com\/wordpress\/plugins\/seo\/ -->\n<title>12.02.15 - TG4<\/title>\n<meta name=\"robots\" content=\"index, follow, max-snippet:-1, max-image-preview:large, max-video-preview:-1\" \/>\n<meta property=\"og:locale\" content=\"en_US\" \/>\n<meta property=\"og:type\" content=\"article\" \/>\n<meta property=\"og:title\" content=\"12.02.15 - TG4\" \/>\n<meta property=\"og:description\" content=\"Is c\u00fais ar leith m\u00f3rtais d\u00fainn gur togra \u00e9 seo a fuair c\u00f3mhaoini\u00fa \u00f3n t\u00fas \u00f3 TG4 agus\u00a0 \u00dadar\u00e1s Craolach\u00e1in na h\u00c9ireann agus BS\u00c9.\u00a0 Beidh \u00a0Amhr\u00e1n na Mara, \u00a0an leagan Gaeilge den saothar, l\u00e9irithe ag Macalla Teo,\u00a0 ar taispe\u00e1int sna picti\u00farlanna\u00a0 in \u00c9irinn an samhradh seo chugainn \u00f3n 10\u00fa I\u00fail. Gu\u00edmid\u00a0 gach beannacht ar an [&hellip;]\" \/>\n<meta property=\"og:url\" content=\"https:\/\/dev.tg4.ie\/ga\/eolas\/preas\/nuacht-raitis\/2015-2\/12-02-15\/\" \/>\n<meta property=\"og:site_name\" content=\"TG4\" \/>\n<meta property=\"article:publisher\" content=\"https:\/\/www.facebook.com\/TG4TV\" \/>\n<meta property=\"article:modified_time\" content=\"2019-06-25T10:03:06+00:00\" \/>\n<meta property=\"og:image\" content=\"https:\/\/tg4-docs.s3.amazonaws.com\/tg4-redesign-2015\/wp-content\/uploads\/2015\/08\/Amhran.jpg\" \/>\n\t<meta property=\"og:image:width\" content=\"1920\" \/>\n\t<meta property=\"og:image:height\" content=\"1080\" \/>\n\t<meta property=\"og:image:type\" content=\"image\/jpeg\" \/>\n<meta name=\"twitter:card\" content=\"summary_large_image\" \/>\n<meta name=\"twitter:site\" content=\"@TG4TV\" \/>\n<meta name=\"twitter:label1\" content=\"Est. reading time\" \/>\n\t<meta name=\"twitter:data1\" content=\"1 minute\" \/>\n<script type=\"application\/ld+json\" class=\"yoast-schema-graph\">{\"@context\":\"https:\/\/schema.org\",\"@graph\":[{\"@type\":\"WebPage\",\"@id\":\"https:\/\/dev.tg4.ie\/ga\/eolas\/preas\/nuacht-raitis\/2015-2\/12-02-15\/\",\"url\":\"https:\/\/dev.tg4.ie\/ga\/eolas\/preas\/nuacht-raitis\/2015-2\/12-02-15\/\",\"name\":\"12.02.15 - TG4\",\"isPartOf\":{\"@id\":\"https:\/\/dev.tg4.ie\/en\/#website\"},\"primaryImageOfPage\":{\"@id\":\"https:\/\/dev.tg4.ie\/ga\/eolas\/preas\/nuacht-raitis\/2015-2\/12-02-15\/#primaryimage\"},\"image\":{\"@id\":\"https:\/\/dev.tg4.ie\/ga\/eolas\/preas\/nuacht-raitis\/2015-2\/12-02-15\/#primaryimage\"},\"thumbnailUrl\":\"https:\/\/tg4-docs.s3.amazonaws.com\/tg4-redesign-2015\/wp-content\/uploads\/2015\/08\/Amhran.jpg\",\"datePublished\":\"2015-08-19T13:42:50+00:00\",\"dateModified\":\"2019-06-25T10:03:06+00:00\",\"breadcrumb\":{\"@id\":\"https:\/\/dev.tg4.ie\/ga\/eolas\/preas\/nuacht-raitis\/2015-2\/12-02-15\/#breadcrumb\"},\"inLanguage\":\"ga\",\"potentialAction\":[{\"@type\":\"ReadAction\",\"target\":[\"https:\/\/dev.tg4.ie\/ga\/eolas\/preas\/nuacht-raitis\/2015-2\/12-02-15\/\"]}]},{\"@type\":\"ImageObject\",\"inLanguage\":\"ga\",\"@id\":\"https:\/\/dev.tg4.ie\/ga\/eolas\/preas\/nuacht-raitis\/2015-2\/12-02-15\/#primaryimage\",\"url\":\"https:\/\/tg4-docs.s3.amazonaws.com\/tg4-redesign-2015\/wp-content\/uploads\/2015\/08\/Amhran.jpg\",\"contentUrl\":\"https:\/\/tg4-docs.s3.amazonaws.com\/tg4-redesign-2015\/wp-content\/uploads\/2015\/08\/Amhran.jpg\",\"width\":1920,\"height\":1080},{\"@type\":\"BreadcrumbList\",\"@id\":\"https:\/\/dev.tg4.ie\/ga\/eolas\/preas\/nuacht-raitis\/2015-2\/12-02-15\/#breadcrumb\",\"itemListElement\":[{\"@type\":\"ListItem\",\"position\":1,\"name\":\"Home\",\"item\":\"https:\/\/dev.tg4.ie\/ga\/\"},{\"@type\":\"ListItem\",\"position\":2,\"name\":\"Eolas\",\"item\":\"https:\/\/dev.tg4.ie\/ga\/eolas\/\"},{\"@type\":\"ListItem\",\"position\":3,\"name\":\"Preas\",\"item\":\"https:\/\/dev.tg4.ie\/ga\/eolas\/preas\/\"},{\"@type\":\"ListItem\",\"position\":4,\"name\":\"Nuacht R\u00e1itis\",\"item\":\"https:\/\/dev.tg4.ie\/ga\/eolas\/preas\/nuacht-raitis\/\"},{\"@type\":\"ListItem\",\"position\":5,\"name\":\"2015\",\"item\":\"https:\/\/dev.tg4.ie\/ga\/eolas\/preas\/nuacht-raitis\/2015-2\/\"},{\"@type\":\"ListItem\",\"position\":6,\"name\":\"12.02.15\"}]},{\"@type\":\"WebSite\",\"@id\":\"https:\/\/dev.tg4.ie\/en\/#website\",\"url\":\"https:\/\/dev.tg4.ie\/en\/\",\"name\":\"TG4\",\"description\":\"S\u00fail Eile\",\"potentialAction\":[{\"@type\":\"SearchAction\",\"target\":{\"@type\":\"EntryPoint\",\"urlTemplate\":\"https:\/\/dev.tg4.ie\/en\/?s={search_term_string}\"},\"query-input\":\"required name=search_term_string\"}],\"inLanguage\":\"ga\"}]}<\/script>\n<!-- \/ Yoast SEO plugin. -->","yoast_head_json":{"title":"12.02.15 - TG4","robots":{"index":"index","follow":"follow","max-snippet":"max-snippet:-1","max-image-preview":"max-image-preview:large","max-video-preview":"max-video-preview:-1"},"og_locale":"en_US","og_type":"article","og_title":"12.02.15 - TG4","og_description":"Is c\u00fais ar leith m\u00f3rtais d\u00fainn gur togra \u00e9 seo a fuair c\u00f3mhaoini\u00fa \u00f3n t\u00fas \u00f3 TG4 agus\u00a0 \u00dadar\u00e1s Craolach\u00e1in na h\u00c9ireann agus BS\u00c9.\u00a0 Beidh \u00a0Amhr\u00e1n na Mara, \u00a0an leagan Gaeilge den saothar, l\u00e9irithe ag Macalla Teo,\u00a0 ar taispe\u00e1int sna picti\u00farlanna\u00a0 in \u00c9irinn an samhradh seo chugainn \u00f3n 10\u00fa I\u00fail. Gu\u00edmid\u00a0 gach beannacht ar an [&hellip;]","og_url":"https:\/\/dev.tg4.ie\/ga\/eolas\/preas\/nuacht-raitis\/2015-2\/12-02-15\/","og_site_name":"TG4","article_publisher":"https:\/\/www.facebook.com\/TG4TV","article_modified_time":"2019-06-25T10:03:06+00:00","og_image":[{"width":1920,"height":1080,"url":"https:\/\/tg4-docs.s3.amazonaws.com\/tg4-redesign-2015\/wp-content\/uploads\/2015\/08\/Amhran.jpg","type":"image\/jpeg"}],"twitter_card":"summary_large_image","twitter_site":"@TG4TV","twitter_misc":{"Est. reading time":"1 minute"},"schema":{"@context":"https:\/\/schema.org","@graph":[{"@type":"WebPage","@id":"https:\/\/dev.tg4.ie\/ga\/eolas\/preas\/nuacht-raitis\/2015-2\/12-02-15\/","url":"https:\/\/dev.tg4.ie\/ga\/eolas\/preas\/nuacht-raitis\/2015-2\/12-02-15\/","name":"12.02.15 - TG4","isPartOf":{"@id":"https:\/\/dev.tg4.ie\/en\/#website"},"primaryImageOfPage":{"@id":"https:\/\/dev.tg4.ie\/ga\/eolas\/preas\/nuacht-raitis\/2015-2\/12-02-15\/#primaryimage"},"image":{"@id":"https:\/\/dev.tg4.ie\/ga\/eolas\/preas\/nuacht-raitis\/2015-2\/12-02-15\/#primaryimage"},"thumbnailUrl":"https:\/\/tg4-docs.s3.amazonaws.com\/tg4-redesign-2015\/wp-content\/uploads\/2015\/08\/Amhran.jpg","datePublished":"2015-08-19T13:42:50+00:00","dateModified":"2019-06-25T10:03:06+00:00","breadcrumb":{"@id":"https:\/\/dev.tg4.ie\/ga\/eolas\/preas\/nuacht-raitis\/2015-2\/12-02-15\/#breadcrumb"},"inLanguage":"ga","potentialAction":[{"@type":"ReadAction","target":["https:\/\/dev.tg4.ie\/ga\/eolas\/preas\/nuacht-raitis\/2015-2\/12-02-15\/"]}]},{"@type":"ImageObject","inLanguage":"ga","@id":"https:\/\/dev.tg4.ie\/ga\/eolas\/preas\/nuacht-raitis\/2015-2\/12-02-15\/#primaryimage","url":"https:\/\/tg4-docs.s3.amazonaws.com\/tg4-redesign-2015\/wp-content\/uploads\/2015\/08\/Amhran.jpg","contentUrl":"https:\/\/tg4-docs.s3.amazonaws.com\/tg4-redesign-2015\/wp-content\/uploads\/2015\/08\/Amhran.jpg","width":1920,"height":1080},{"@type":"BreadcrumbList","@id":"https:\/\/dev.tg4.ie\/ga\/eolas\/preas\/nuacht-raitis\/2015-2\/12-02-15\/#breadcrumb","itemListElement":[{"@type":"ListItem","position":1,"name":"Home","item":"https:\/\/dev.tg4.ie\/ga\/"},{"@type":"ListItem","position":2,"name":"Eolas","item":"https:\/\/dev.tg4.ie\/ga\/eolas\/"},{"@type":"ListItem","position":3,"name":"Preas","item":"https:\/\/dev.tg4.ie\/ga\/eolas\/preas\/"},{"@type":"ListItem","position":4,"name":"Nuacht R\u00e1itis","item":"https:\/\/dev.tg4.ie\/ga\/eolas\/preas\/nuacht-raitis\/"},{"@type":"ListItem","position":5,"name":"2015","item":"https:\/\/dev.tg4.ie\/ga\/eolas\/preas\/nuacht-raitis\/2015-2\/"},{"@type":"ListItem","position":6,"name":"12.02.15"}]},{"@type":"WebSite","@id":"https:\/\/dev.tg4.ie\/en\/#website","url":"https:\/\/dev.tg4.ie\/en\/","name":"TG4","description":"S\u00fail Eile","potentialAction":[{"@type":"SearchAction","target":{"@type":"EntryPoint","urlTemplate":"https:\/\/dev.tg4.ie\/en\/?s={search_term_string}"},"query-input":"required name=search_term_string"}],"inLanguage":"ga"}]}},"_links":{"self":[{"href":"https:\/\/dev.tg4.ie\/ga\/wp-json\/wp\/v2\/pages\/1450"}],"collection":[{"href":"https:\/\/dev.tg4.ie\/ga\/wp-json\/wp\/v2\/pages"}],"about":[{"href":"https:\/\/dev.tg4.ie\/ga\/wp-json\/wp\/v2\/types\/page"}],"author":[{"embeddable":true,"href":"https:\/\/dev.tg4.ie\/ga\/wp-json\/wp\/v2\/users\/6"}],"replies":[{"embeddable":true,"href":"https:\/\/dev.tg4.ie\/ga\/wp-json\/wp\/v2\/comments?post=1450"}],"version-history":[{"count":0,"href":"https:\/\/dev.tg4.ie\/ga\/wp-json\/wp\/v2\/pages\/1450\/revisions"}],"up":[{"embeddable":true,"href":"https:\/\/dev.tg4.ie\/ga\/wp-json\/wp\/v2\/pages\/985"}],"wp:featuredmedia":[{"embeddable":true,"href":"https:\/\/dev.tg4.ie\/ga\/wp-json\/wp\/v2\/media\/1449"}],"wp:attachment":[{"href":"https:\/\/dev.tg4.ie\/ga\/wp-json\/wp\/v2\/media?parent=1450"}],"curies":[{"name":"wp","href":"https:\/\/api.w.org\/{rel}","templated":true}]}}