{"id":145048,"date":"2022-04-05T07:00:31","date_gmt":"2022-04-05T06:00:31","guid":{"rendered":"https:\/\/dev.tg4.ie\/?page_id=145048"},"modified":"2022-04-04T19:28:20","modified_gmt":"2022-04-04T18:28:20","slug":"eire-ar-son-na-hucraine-tionscnamh-ollmhor-poibli-bailithe-airgid-seolta","status":"publish","type":"page","link":"https:\/\/dev.tg4.ie\/ga\/eolas\/preas\/nuacht-raitis\/2022-2\/eire-ar-son-na-hucraine-tionscnamh-ollmhor-poibli-bailithe-airgid-seolta\/","title":{"rendered":"&#8216;\u00c9IRE AR SON NA h\u00daCR\u00c1INE&#8217; &#8211; Tionscnamh Ollmh\u00f3r Poibl\u00ed Bailithe Airgid Seolta"},"content":{"rendered":"<p><img loading=\"lazy\" decoding=\"async\" width=\"1920\" height=\"1080\" src=\"https:\/\/tg4-docs.s3.amazonaws.com\/tg4-redesign-2015\/wp-content\/uploads\/2022\/04\/Eire_ar_Son_na_hUcraine-Siobhan_McSweeney_1-1920x1080-1.jpg\" alt=\"\u00c9ire ar Son na h\u00dacr\u00e1ine - Siobh\u00e1n McSweeney\" class=\"alignleft size-full wp-image-145049\" srcset=\"https:\/\/tg4-docs.s3.amazonaws.com\/tg4-redesign-2015\/wp-content\/uploads\/2022\/04\/Eire_ar_Son_na_hUcraine-Siobhan_McSweeney_1-1920x1080-1.jpg 1920w, https:\/\/tg4-docs.s3.amazonaws.com\/tg4-redesign-2015\/wp-content\/uploads\/2022\/04\/Eire_ar_Son_na_hUcraine-Siobhan_McSweeney_1-1920x1080-1-250x141.jpg 250w, https:\/\/tg4-docs.s3.amazonaws.com\/tg4-redesign-2015\/wp-content\/uploads\/2022\/04\/Eire_ar_Son_na_hUcraine-Siobhan_McSweeney_1-1920x1080-1-700x394.jpg 700w, https:\/\/tg4-docs.s3.amazonaws.com\/tg4-redesign-2015\/wp-content\/uploads\/2022\/04\/Eire_ar_Son_na_hUcraine-Siobhan_McSweeney_1-1920x1080-1-252x141.jpg 252w, https:\/\/tg4-docs.s3.amazonaws.com\/tg4-redesign-2015\/wp-content\/uploads\/2022\/04\/Eire_ar_Son_na_hUcraine-Siobhan_McSweeney_1-1920x1080-1-1536x864.jpg 1536w, https:\/\/tg4-docs.s3.amazonaws.com\/tg4-redesign-2015\/wp-content\/uploads\/2022\/04\/Eire_ar_Son_na_hUcraine-Siobhan_McSweeney_1-1920x1080-1-120x68.jpg 120w\" sizes=\"(max-width: 1920px) 100vw, 1920px\" \/><br \/>\n&nbsp;<\/p>\n<p><strong>T\u00e9igh chuig <a href=\"https:\/\/www.irelandforukraine.ie\" rel=\"noopener\" target=\"_blank\">www.irelandforukraine.ie<\/a> chun airgead a thabhairt anois<\/strong><br \/>\n&nbsp;<br \/>\nT\u00e1 gr\u00fapa de phr\u00edomheagra\u00edochta\u00ed me\u00e1n cumars\u00e1ide na h\u00c9ireann tagtha le ch\u00e9ile chun comhph\u00e1irt\u00edocht nach raibh a leith\u00e9id ann cheana a dh\u00e9anamh, agus feachtas bailithe airgid poibl\u00ed a sheoladh, \u2018Ireland for Ukraine\/\u00c9ire ar son na h\u00dacr\u00e1ine\u2019.<br \/>\n&nbsp;<br \/>\nF\u00e9achtar leis an bhfeachtas seo cist\u00ed r\u00edth\u00e1bhachtacha a bhaili\u00fa do dhaoine a bhfuil tionchar ag an gcogadh orthu, chomh maith leis na daoine sin at\u00e1 curtha as seilbh d\u00e1 bharr. T\u00e1 an feachtas seo bunaithe ar an leibh\u00e9al dochreidte taca\u00edochta poibl\u00ed at\u00e1 tugtha ag muintir na h\u00c9ireann don \u00dacr\u00e1in go dt\u00ed seo.<br \/>\n&nbsp;<br \/>\nBeidh an feachtas seo le cloiste\u00e1il agus le feice\u00e1il ar st\u00e1isi\u00fain n\u00e1isi\u00fanta agus \u00e1iti\u00fala raidi\u00f3, teilif\u00edse agus me\u00e1n s\u00f3isialta priont\u00e1ilte agus ar l\u00edne agus tabharfar an t-airgead go l\u00e9ir a bhail\u00edtear don charthanacht chl\u00e1raithe The Community Foundation for Ireland, a bhfuil taith\u00ed 22 bliain acu i mbun an daonchairdis agus ag deon\u00fa deontais.<br \/>\n&nbsp;<br \/>\nD\u00e9anfar 50% de na cist\u00ed a bhaileofar a roinnt ar Chumann Croise Deirge na h\u00c9ireann, Concern, Unicef agus Tr\u00f3caire.  D\u00e9anfar an 50% eile a bhaili\u00fa le ch\u00e9ile i gciste d\u2019iarratais ar ch\u00fanamh deontais a bheidh ar f\u00e1il d\u2019eagra\u00edochta\u00ed agus gr\u00fapa\u00ed \u00e1iti\u00fala \u00c9ireannacha at\u00e1 ag cabhr\u00fa leis an 200,000 duine a bhfuiltear ag s\u00fail leo teacht isteach sa t\u00edr agus gan aon rogha acu ach dul ar a dteitheadh as an \u00dacr\u00e1in agus iad ag lorg \u00e1it sh\u00e1bh\u00e1ilte le fanacht i bpobail s\u2019againne anseo in \u00c9irinn.<br \/>\n&nbsp;<br \/>\nIs \u00e9ard a d\u00fairt <strong>Denise Charlton, Pr\u00edomhoifigeach Feidhmi\u00fach\u00e1in The Community Foundation for Ireland<\/strong>:  <\/p>\n<p><em>\u201cT\u00e1 g\u00e9arch\u00e9im dhaonn\u00fail Eorpach ag tarl\u00fa a bhfuil freagairt ag teast\u00e1il ina leith ar an talamh agus in\u00e1r bpobail f\u00e9in araon. \u2018Cuireann \u2018\u00c9ire ar son na h\u00dacr\u00e1ine\u2019 an fhreagairt sin ar f\u00e1il. Bainfear \u00fas\u00e1id as an airgead a bheidh tugtha go flaithi\u00fail ag an lucht f\u00e9achana, ag l\u00e9itheoir\u00ed agus ag \u00e9isteoir\u00ed chun tac\u00fa leis na daoine sin at\u00e1 s\u00e1innithe sa chogadh chomh maith leis an l\u00edon n\u00edos m\u00f3 agus n\u00edos m\u00f3 daoine a bheidh ag lorg tearmainn anseo. T\u00e1 neart d\u00fashl\u00e1n amach romhainn. An chosaint a bheidh ag teast\u00e1il \u00f3 leana\u00ed at\u00e1 ag taisteal ina n-aonar, ag cuidi\u00fa le lucht iarrtha tearmainn at\u00e1 faoi mh\u00edchumas, bearta chun troid in aghaidh g\u00e1inne\u00e1il ar dhaoine agus go leor leor eile. B\u2019fh\u00e9idir go bhfuil an chuma ar an sc\u00e9al nach mbeifear \u00e1balta an ceann is fearr a fh\u00e1il ar ch\u00farsa\u00ed ach tr\u00ed fhlaithi\u00falacht mhuintir na h\u00c9ireann is cinnte gur d\u00fashl\u00e1in iad sin a f\u00e9idir a sh\u00e1r\u00fa agus d\u00e9anfar sin.\u201d <\/em><br \/>\n&nbsp;<br \/>\nT\u00e1 f\u00f3gra teilif\u00edse agus raidi\u00f3 30 soicind mar chuid den fheachtas arna ghuth\u00fa ag an aisteoir Siobh\u00e1n McSweeney \u00f3 Derry Girls agus Holding. Cuirfear t\u00fas leis an bhf\u00f3gra sin inniu agus beidh feachtas taispe\u00e1ntais dhigitigh forleathan leis chomh maith le feachtas tiomnaithe ar na me\u00e1in sh\u00f3isialta. <strong>#IrelandForUkraine<\/strong><br \/>\n&nbsp;<br \/>\n<strong>Chun tuilleadh eolais a fh\u00e1il t\u00e9igh chuig <a href=\"https:\/\/www.irelandforukraine.ie\" rel=\"noopener\" target=\"_blank\">www.irelandforukraine.ie <\/a> <\/strong><br \/>\n&nbsp;<br \/>\n&nbsp;<\/p>\n","protected":false},"excerpt":{"rendered":"<p>&nbsp; T\u00e9igh chuig www.irelandforukraine.ie chun airgead a thabhairt anois &nbsp; T\u00e1 gr\u00fapa de phr\u00edomheagra\u00edochta\u00ed me\u00e1n cumars\u00e1ide na h\u00c9ireann tagtha le ch\u00e9ile chun comhph\u00e1irt\u00edocht nach raibh a leith\u00e9id ann cheana a dh\u00e9anamh, agus feachtas bailithe airgid poibl\u00ed a sheoladh, \u2018Ireland for Ukraine\/\u00c9ire ar son na h\u00dacr\u00e1ine\u2019. &nbsp; F\u00e9achtar leis an bhfeachtas seo cist\u00ed r\u00edth\u00e1bhachtacha a bhaili\u00fa [&hellip;]<\/p>\n","protected":false},"author":876,"featured_media":0,"parent":138171,"menu_order":13,"comment_status":"closed","ping_status":"closed","template":"page-templates\/template-pr.php","meta":{"_acf_changed":false,"footnotes":""},"acf":[],"yoast_head":"<!-- This site is optimized with the Yoast SEO plugin v22.6 - https:\/\/yoast.com\/wordpress\/plugins\/seo\/ -->\n<title>&#039;\u00c9IRE AR SON NA h\u00daCR\u00c1INE&#039; - Tionscnamh Ollmh\u00f3r Poibl\u00ed Bailithe Airgid Seolta | Preas R\u00e1iteas | TG4<\/title>\n<meta name=\"description\" content=\"T\u00e1 gr\u00fapa de phr\u00edomheagra\u00edochta\u00ed me\u00e1n cumars\u00e1ide na h\u00c9ireann tagtha le ch\u00e9ile chun comhph\u00e1irt\u00edocht nach raibh a leith\u00e9id ann cheana a dh\u00e9anamh, agus feachtas bailithe airgid poibl\u00ed a sheoladh, \u2018Ireland for Ukraine\/\u00c9ire ar son na h\u00dacr\u00e1ine\u2019.\" \/>\n<meta name=\"robots\" content=\"index, follow, max-snippet:-1, max-image-preview:large, max-video-preview:-1\" \/>\n<meta property=\"og:locale\" content=\"en_US\" \/>\n<meta property=\"og:type\" content=\"article\" \/>\n<meta property=\"og:title\" content=\"&#039;\u00c9IRE AR SON NA h\u00daCR\u00c1INE&#039; - Tionscnamh Ollmh\u00f3r Poibl\u00ed Bailithe Airgid Seolta | Preas R\u00e1iteas | TG4\" \/>\n<meta property=\"og:description\" content=\"T\u00e1 gr\u00fapa de phr\u00edomheagra\u00edochta\u00ed me\u00e1n cumars\u00e1ide na h\u00c9ireann tagtha le ch\u00e9ile chun comhph\u00e1irt\u00edocht nach raibh a leith\u00e9id ann cheana a dh\u00e9anamh, agus feachtas bailithe airgid poibl\u00ed a sheoladh, \u2018Ireland for Ukraine\/\u00c9ire ar son na h\u00dacr\u00e1ine\u2019.\" \/>\n<meta property=\"og:url\" content=\"https:\/\/dev.tg4.ie\/ga\/eolas\/preas\/nuacht-raitis\/2022-2\/eire-ar-son-na-hucraine-tionscnamh-ollmhor-poibli-bailithe-airgid-seolta\/\" \/>\n<meta property=\"og:site_name\" content=\"TG4\" \/>\n<meta property=\"article:publisher\" content=\"https:\/\/www.facebook.com\/TG4TV\" \/>\n<meta property=\"article:modified_time\" content=\"2022-04-04T18:28:20+00:00\" \/>\n<meta property=\"og:image\" content=\"https:\/\/tg4-docs.s3.amazonaws.com\/tg4-redesign-2015\/wp-content\/uploads\/2022\/04\/Eire_ar_Son_na_hUcraine-Siobhan_McSweeney_1-1920x1080-1.jpg\" \/>\n\t<meta property=\"og:image:width\" content=\"1920\" \/>\n\t<meta property=\"og:image:height\" content=\"1080\" \/>\n\t<meta property=\"og:image:type\" content=\"image\/jpeg\" \/>\n<meta name=\"twitter:card\" content=\"summary_large_image\" \/>\n<meta name=\"twitter:image\" content=\"https:\/\/tg4-docs.s3.amazonaws.com\/tg4-redesign-2015\/wp-content\/uploads\/2022\/04\/Eire_ar_Son_na_hUcraine-Siobhan_McSweeney_1-1920x1080-1.jpg\" \/>\n<meta name=\"twitter:site\" content=\"@TG4TV\" \/>\n<meta name=\"twitter:label1\" content=\"Est. reading time\" \/>\n\t<meta name=\"twitter:data1\" content=\"8 minutes\" \/>\n<script type=\"application\/ld+json\" class=\"yoast-schema-graph\">{\"@context\":\"https:\/\/schema.org\",\"@graph\":[{\"@type\":\"WebPage\",\"@id\":\"https:\/\/dev.tg4.ie\/ga\/eolas\/preas\/nuacht-raitis\/2022-2\/eire-ar-son-na-hucraine-tionscnamh-ollmhor-poibli-bailithe-airgid-seolta\/\",\"url\":\"https:\/\/dev.tg4.ie\/ga\/eolas\/preas\/nuacht-raitis\/2022-2\/eire-ar-son-na-hucraine-tionscnamh-ollmhor-poibli-bailithe-airgid-seolta\/\",\"name\":\"'\u00c9IRE AR SON NA h\u00daCR\u00c1INE' - Tionscnamh Ollmh\u00f3r Poibl\u00ed Bailithe Airgid Seolta | Preas R\u00e1iteas | TG4\",\"isPartOf\":{\"@id\":\"https:\/\/dev.tg4.ie\/en\/#website\"},\"primaryImageOfPage\":{\"@id\":\"https:\/\/dev.tg4.ie\/ga\/eolas\/preas\/nuacht-raitis\/2022-2\/eire-ar-son-na-hucraine-tionscnamh-ollmhor-poibli-bailithe-airgid-seolta\/#primaryimage\"},\"image\":{\"@id\":\"https:\/\/dev.tg4.ie\/ga\/eolas\/preas\/nuacht-raitis\/2022-2\/eire-ar-son-na-hucraine-tionscnamh-ollmhor-poibli-bailithe-airgid-seolta\/#primaryimage\"},\"thumbnailUrl\":\"https:\/\/dev.tg4.ie\/wp-content\/uploads\/2022\/04\/Eire_ar_Son_na_hUcraine-Siobhan_McSweeney_1-1920x1080-1.jpg\",\"datePublished\":\"2022-04-05T06:00:31+00:00\",\"dateModified\":\"2022-04-04T18:28:20+00:00\",\"description\":\"T\u00e1 gr\u00fapa de phr\u00edomheagra\u00edochta\u00ed me\u00e1n cumars\u00e1ide na h\u00c9ireann tagtha le ch\u00e9ile chun comhph\u00e1irt\u00edocht nach raibh a leith\u00e9id ann cheana a dh\u00e9anamh, agus feachtas bailithe airgid poibl\u00ed a sheoladh, \u2018Ireland for Ukraine\/\u00c9ire ar son na h\u00dacr\u00e1ine\u2019.\",\"breadcrumb\":{\"@id\":\"https:\/\/dev.tg4.ie\/ga\/eolas\/preas\/nuacht-raitis\/2022-2\/eire-ar-son-na-hucraine-tionscnamh-ollmhor-poibli-bailithe-airgid-seolta\/#breadcrumb\"},\"inLanguage\":\"ga\",\"potentialAction\":[{\"@type\":\"ReadAction\",\"target\":[\"https:\/\/dev.tg4.ie\/ga\/eolas\/preas\/nuacht-raitis\/2022-2\/eire-ar-son-na-hucraine-tionscnamh-ollmhor-poibli-bailithe-airgid-seolta\/\"]}]},{\"@type\":\"ImageObject\",\"inLanguage\":\"ga\",\"@id\":\"https:\/\/dev.tg4.ie\/ga\/eolas\/preas\/nuacht-raitis\/2022-2\/eire-ar-son-na-hucraine-tionscnamh-ollmhor-poibli-bailithe-airgid-seolta\/#primaryimage\",\"url\":\"https:\/\/dev.tg4.ie\/wp-content\/uploads\/2022\/04\/Eire_ar_Son_na_hUcraine-Siobhan_McSweeney_1-1920x1080-1.jpg\",\"contentUrl\":\"https:\/\/dev.tg4.ie\/wp-content\/uploads\/2022\/04\/Eire_ar_Son_na_hUcraine-Siobhan_McSweeney_1-1920x1080-1.jpg\"},{\"@type\":\"BreadcrumbList\",\"@id\":\"https:\/\/dev.tg4.ie\/ga\/eolas\/preas\/nuacht-raitis\/2022-2\/eire-ar-son-na-hucraine-tionscnamh-ollmhor-poibli-bailithe-airgid-seolta\/#breadcrumb\",\"itemListElement\":[{\"@type\":\"ListItem\",\"position\":1,\"name\":\"Home\",\"item\":\"https:\/\/dev.tg4.ie\/ga\/\"},{\"@type\":\"ListItem\",\"position\":2,\"name\":\"Eolas\",\"item\":\"https:\/\/dev.tg4.ie\/ga\/eolas\/\"},{\"@type\":\"ListItem\",\"position\":3,\"name\":\"Preas\",\"item\":\"https:\/\/dev.tg4.ie\/ga\/eolas\/preas\/\"},{\"@type\":\"ListItem\",\"position\":4,\"name\":\"Nuacht R\u00e1itis\",\"item\":\"https:\/\/dev.tg4.ie\/ga\/eolas\/preas\/nuacht-raitis\/\"},{\"@type\":\"ListItem\",\"position\":5,\"name\":\"2022\",\"item\":\"https:\/\/dev.tg4.ie\/ga\/eolas\/preas\/nuacht-raitis\/2022-2\/\"},{\"@type\":\"ListItem\",\"position\":6,\"name\":\"&#8216;\u00c9IRE AR SON NA h\u00daCR\u00c1INE&#8217; &#8211; Tionscnamh Ollmh\u00f3r Poibl\u00ed Bailithe Airgid Seolta\"}]},{\"@type\":\"WebSite\",\"@id\":\"https:\/\/dev.tg4.ie\/en\/#website\",\"url\":\"https:\/\/dev.tg4.ie\/en\/\",\"name\":\"TG4\",\"description\":\"S\u00fail Eile\",\"potentialAction\":[{\"@type\":\"SearchAction\",\"target\":{\"@type\":\"EntryPoint\",\"urlTemplate\":\"https:\/\/dev.tg4.ie\/en\/?s={search_term_string}\"},\"query-input\":\"required name=search_term_string\"}],\"inLanguage\":\"ga\"}]}<\/script>\n<!-- \/ Yoast SEO plugin. -->","yoast_head_json":{"title":"'\u00c9IRE AR SON NA h\u00daCR\u00c1INE' - Tionscnamh Ollmh\u00f3r Poibl\u00ed Bailithe Airgid Seolta | Preas R\u00e1iteas | TG4","description":"T\u00e1 gr\u00fapa de phr\u00edomheagra\u00edochta\u00ed me\u00e1n cumars\u00e1ide na h\u00c9ireann tagtha le ch\u00e9ile chun comhph\u00e1irt\u00edocht nach raibh a leith\u00e9id ann cheana a dh\u00e9anamh, agus feachtas bailithe airgid poibl\u00ed a sheoladh, \u2018Ireland for Ukraine\/\u00c9ire ar son na h\u00dacr\u00e1ine\u2019.","robots":{"index":"index","follow":"follow","max-snippet":"max-snippet:-1","max-image-preview":"max-image-preview:large","max-video-preview":"max-video-preview:-1"},"og_locale":"en_US","og_type":"article","og_title":"'\u00c9IRE AR SON NA h\u00daCR\u00c1INE' - Tionscnamh Ollmh\u00f3r Poibl\u00ed Bailithe Airgid Seolta | Preas R\u00e1iteas | TG4","og_description":"T\u00e1 gr\u00fapa de phr\u00edomheagra\u00edochta\u00ed me\u00e1n cumars\u00e1ide na h\u00c9ireann tagtha le ch\u00e9ile chun comhph\u00e1irt\u00edocht nach raibh a leith\u00e9id ann cheana a dh\u00e9anamh, agus feachtas bailithe airgid poibl\u00ed a sheoladh, \u2018Ireland for Ukraine\/\u00c9ire ar son na h\u00dacr\u00e1ine\u2019.","og_url":"https:\/\/dev.tg4.ie\/ga\/eolas\/preas\/nuacht-raitis\/2022-2\/eire-ar-son-na-hucraine-tionscnamh-ollmhor-poibli-bailithe-airgid-seolta\/","og_site_name":"TG4","article_publisher":"https:\/\/www.facebook.com\/TG4TV","article_modified_time":"2022-04-04T18:28:20+00:00","og_image":[{"width":1920,"height":1080,"url":"https:\/\/tg4-docs.s3.amazonaws.com\/tg4-redesign-2015\/wp-content\/uploads\/2022\/04\/Eire_ar_Son_na_hUcraine-Siobhan_McSweeney_1-1920x1080-1.jpg","type":"image\/jpeg"}],"twitter_card":"summary_large_image","twitter_image":"https:\/\/tg4-docs.s3.amazonaws.com\/tg4-redesign-2015\/wp-content\/uploads\/2022\/04\/Eire_ar_Son_na_hUcraine-Siobhan_McSweeney_1-1920x1080-1.jpg","twitter_site":"@TG4TV","twitter_misc":{"Est. reading time":"8 minutes"},"schema":{"@context":"https:\/\/schema.org","@graph":[{"@type":"WebPage","@id":"https:\/\/dev.tg4.ie\/ga\/eolas\/preas\/nuacht-raitis\/2022-2\/eire-ar-son-na-hucraine-tionscnamh-ollmhor-poibli-bailithe-airgid-seolta\/","url":"https:\/\/dev.tg4.ie\/ga\/eolas\/preas\/nuacht-raitis\/2022-2\/eire-ar-son-na-hucraine-tionscnamh-ollmhor-poibli-bailithe-airgid-seolta\/","name":"'\u00c9IRE AR SON NA h\u00daCR\u00c1INE' - Tionscnamh Ollmh\u00f3r Poibl\u00ed Bailithe Airgid Seolta | Preas R\u00e1iteas | TG4","isPartOf":{"@id":"https:\/\/dev.tg4.ie\/en\/#website"},"primaryImageOfPage":{"@id":"https:\/\/dev.tg4.ie\/ga\/eolas\/preas\/nuacht-raitis\/2022-2\/eire-ar-son-na-hucraine-tionscnamh-ollmhor-poibli-bailithe-airgid-seolta\/#primaryimage"},"image":{"@id":"https:\/\/dev.tg4.ie\/ga\/eolas\/preas\/nuacht-raitis\/2022-2\/eire-ar-son-na-hucraine-tionscnamh-ollmhor-poibli-bailithe-airgid-seolta\/#primaryimage"},"thumbnailUrl":"https:\/\/dev.tg4.ie\/wp-content\/uploads\/2022\/04\/Eire_ar_Son_na_hUcraine-Siobhan_McSweeney_1-1920x1080-1.jpg","datePublished":"2022-04-05T06:00:31+00:00","dateModified":"2022-04-04T18:28:20+00:00","description":"T\u00e1 gr\u00fapa de phr\u00edomheagra\u00edochta\u00ed me\u00e1n cumars\u00e1ide na h\u00c9ireann tagtha le ch\u00e9ile chun comhph\u00e1irt\u00edocht nach raibh a leith\u00e9id ann cheana a dh\u00e9anamh, agus feachtas bailithe airgid poibl\u00ed a sheoladh, \u2018Ireland for Ukraine\/\u00c9ire ar son na h\u00dacr\u00e1ine\u2019.","breadcrumb":{"@id":"https:\/\/dev.tg4.ie\/ga\/eolas\/preas\/nuacht-raitis\/2022-2\/eire-ar-son-na-hucraine-tionscnamh-ollmhor-poibli-bailithe-airgid-seolta\/#breadcrumb"},"inLanguage":"ga","potentialAction":[{"@type":"ReadAction","target":["https:\/\/dev.tg4.ie\/ga\/eolas\/preas\/nuacht-raitis\/2022-2\/eire-ar-son-na-hucraine-tionscnamh-ollmhor-poibli-bailithe-airgid-seolta\/"]}]},{"@type":"ImageObject","inLanguage":"ga","@id":"https:\/\/dev.tg4.ie\/ga\/eolas\/preas\/nuacht-raitis\/2022-2\/eire-ar-son-na-hucraine-tionscnamh-ollmhor-poibli-bailithe-airgid-seolta\/#primaryimage","url":"https:\/\/dev.tg4.ie\/wp-content\/uploads\/2022\/04\/Eire_ar_Son_na_hUcraine-Siobhan_McSweeney_1-1920x1080-1.jpg","contentUrl":"https:\/\/dev.tg4.ie\/wp-content\/uploads\/2022\/04\/Eire_ar_Son_na_hUcraine-Siobhan_McSweeney_1-1920x1080-1.jpg"},{"@type":"BreadcrumbList","@id":"https:\/\/dev.tg4.ie\/ga\/eolas\/preas\/nuacht-raitis\/2022-2\/eire-ar-son-na-hucraine-tionscnamh-ollmhor-poibli-bailithe-airgid-seolta\/#breadcrumb","itemListElement":[{"@type":"ListItem","position":1,"name":"Home","item":"https:\/\/dev.tg4.ie\/ga\/"},{"@type":"ListItem","position":2,"name":"Eolas","item":"https:\/\/dev.tg4.ie\/ga\/eolas\/"},{"@type":"ListItem","position":3,"name":"Preas","item":"https:\/\/dev.tg4.ie\/ga\/eolas\/preas\/"},{"@type":"ListItem","position":4,"name":"Nuacht R\u00e1itis","item":"https:\/\/dev.tg4.ie\/ga\/eolas\/preas\/nuacht-raitis\/"},{"@type":"ListItem","position":5,"name":"2022","item":"https:\/\/dev.tg4.ie\/ga\/eolas\/preas\/nuacht-raitis\/2022-2\/"},{"@type":"ListItem","position":6,"name":"&#8216;\u00c9IRE AR SON NA h\u00daCR\u00c1INE&#8217; &#8211; Tionscnamh Ollmh\u00f3r Poibl\u00ed Bailithe Airgid Seolta"}]},{"@type":"WebSite","@id":"https:\/\/dev.tg4.ie\/en\/#website","url":"https:\/\/dev.tg4.ie\/en\/","name":"TG4","description":"S\u00fail Eile","potentialAction":[{"@type":"SearchAction","target":{"@type":"EntryPoint","urlTemplate":"https:\/\/dev.tg4.ie\/en\/?s={search_term_string}"},"query-input":"required name=search_term_string"}],"inLanguage":"ga"}]}},"_links":{"self":[{"href":"https:\/\/dev.tg4.ie\/ga\/wp-json\/wp\/v2\/pages\/145048"}],"collection":[{"href":"https:\/\/dev.tg4.ie\/ga\/wp-json\/wp\/v2\/pages"}],"about":[{"href":"https:\/\/dev.tg4.ie\/ga\/wp-json\/wp\/v2\/types\/page"}],"author":[{"embeddable":true,"href":"https:\/\/dev.tg4.ie\/ga\/wp-json\/wp\/v2\/users\/876"}],"replies":[{"embeddable":true,"href":"https:\/\/dev.tg4.ie\/ga\/wp-json\/wp\/v2\/comments?post=145048"}],"version-history":[{"count":0,"href":"https:\/\/dev.tg4.ie\/ga\/wp-json\/wp\/v2\/pages\/145048\/revisions"}],"up":[{"embeddable":true,"href":"https:\/\/dev.tg4.ie\/ga\/wp-json\/wp\/v2\/pages\/138171"}],"wp:attachment":[{"href":"https:\/\/dev.tg4.ie\/ga\/wp-json\/wp\/v2\/media?parent=145048"}],"curies":[{"name":"wp","href":"https:\/\/api.w.org\/{rel}","templated":true}]}}