{"id":1457,"date":"2015-08-19T14:50:32","date_gmt":"2015-08-19T13:50:32","guid":{"rendered":"https:\/\/dev.tg4.ie\/corporate\/press-releases\/2015-2\/27-01-15\/"},"modified":"2019-06-25T11:01:39","modified_gmt":"2019-06-25T10:01:39","slug":"27-01-15","status":"publish","type":"page","link":"https:\/\/dev.tg4.ie\/ga\/eolas\/preas\/nuacht-raitis\/2015-2\/27-01-15\/","title":{"rendered":"27.01.15"},"content":{"rendered":"<p>Tugann Gradaim na bliana seo aitheantas do cheolt\u00f3ir\u00ed a bhfuil c\u00e1il agus meas orthu.\u00a0 Ina measc i mbliana t\u00e1; Cl\u00e1ir\u00edneach at\u00e1 ina mh\u00e1istir ar an mbosca ceoil le fada fada an l\u00e1; fonnad\u00f3ir binn as deisceart an D\u00fain;\u00a0\u00a0 gr\u00fapa nu\u00e1lach a thugann le ch\u00e9ile traidisi\u00fan na h\u00c9ireann agus sn\u00e1tha \u00f3 st\u00edleanna eile freisin; p\u00edobaire \u00f3g \u00f3n ardchathair a bhfuil an ceol go smior ina ina mhuintir le tr\u00ed ghl\u00fain ar a laghad; agus an chartlann shaibhir cheoil traidisi\u00fanta at\u00e1 ag freastal ar dhaoine \u00f3 ch\u00e9in is \u00f3 ch\u00f3ngar le tr\u00edocha bliain anois.<\/p>\n<p>Seo iad duaiseoir\u00ed Ghradam Ceoil TG4 Ceoil 2015:<\/p>\n<ul>\n<li><b>Gradam Ceoil &#8211; M\u00e1irt\u00edn O\u2019Connor <\/b><\/li>\n<li><b>Ceolt\u00f3ir \u00d3g &#8211; Maiti\u00fa \u00d3 Casaide<\/b><\/li>\n<li><b>Gradam Saoil &#8211; Bobby Gardiner <\/b><\/li>\n<li><b>Gradam Comharcheoil &#8211; Ensemble \u00c9riu <\/b><\/li>\n<li><b>Amhr\u00e1na\u00ed &#8211; Rois\u00edn White<\/b><\/li>\n<li><b>Gradam Comaoine &#8211; Taisce Cheol D\u00fachais \u00c9ireann <\/b><\/li>\n<\/ul>\n<p>T\u00e1 n\u00f3ta beathaisn\u00e9ise\/c\u00falra gach duaiseora ar f\u00e1il ag <a href=\"http:\/\/www.gradam.ie\/\">www.gradam.ie<\/a> mar aon lena liosta taifeadta\u00ed.<\/p>\n<p>Gheobhaidh na duaiseoir\u00ed duais airgid agus p\u00edosa speisialta dealbh\u00f3ireachta a coimisi\u00fana\u00edodh \u00f3 John Coll.\u00a0 Coiste neamhsple\u00e1ch a roghna\u00edonn na gradam\u00f3ir\u00ed. \u00a0Bronnfar na Gradaim ag Coirmcheoil agus Duaisbhronnadh in <b>\u00c1ras an Cheoldr\u00e1ma, Corcaigh 22 Feabhra<\/b>, \u00e1 chur i l\u00e1thair ag <b>D\u00e1ith\u00ed \u00d3 S\u00e9 <\/b>agus <b>Aoife N\u00ed Thuairisg. <\/b>\u00a0Beo-chraolfar an \u00f3c\u00e1id ar TG4 an o\u00edche sin agus t\u00e1 s\u00ed \u00e1 heagr\u00fa le taca\u00edocht \u00f3 Chomhairle Cathrach Chorca\u00ed.<\/p>\n<p><span>Is f\u00e9idir tic\u00e9id don choirmcheoil a chur in \u00e1irithe ag\u00a0 <\/span><a href=\"http:\/\/www.corkoperahouse.ie\/\">www.corkoperahouse.ie<\/a><span>\u00a0 n\u00f3 ar an teileaf\u00f3n ag 021-4270022. \u00a0T\u00e1 an \u00f3c\u00e1id \u00e1 heagr\u00fa le taca\u00edocht \u00f3 Chomhairle Cathrach Chorca\u00ed.<\/span><\/p>\n<p>Deir Leascheannasa\u00ed TG4, P\u00e1dhraic \u00d3 Ciardha gur \u201cdeis iontach \u00e9 Gradam Ceoil TG4 \u00e1r meas a l\u00e9iri\u00fa ar eala\u00edont\u00f3ir\u00ed cumasacha agus iad bailithe le ch\u00e9ile ar a gcompord i l\u00e1thair a gcairde f\u00e9in ag caint agus ag seinm.\u00a0 Is laochra n\u00e1isi\u00fanta iad a mhais\u00edonn agus a shaibhr\u00edonn \u00e1r n-oidhreacht luachmhar cheoil.\u201d<\/p>\n","protected":false},"excerpt":{"rendered":"<p>Tugann Gradaim na bliana seo aitheantas do cheolt\u00f3ir\u00ed a bhfuil c\u00e1il agus meas orthu.\u00a0 Ina measc i mbliana t\u00e1; Cl\u00e1ir\u00edneach at\u00e1 ina mh\u00e1istir ar an mbosca ceoil le fada fada an l\u00e1; fonnad\u00f3ir binn as deisceart an D\u00fain;\u00a0\u00a0 gr\u00fapa nu\u00e1lach a thugann le ch\u00e9ile traidisi\u00fan na h\u00c9ireann agus sn\u00e1tha \u00f3 st\u00edleanna eile freisin; p\u00edobaire \u00f3g [&hellip;]<\/p>\n","protected":false},"author":6,"featured_media":1455,"parent":985,"menu_order":2,"comment_status":"closed","ping_status":"closed","template":"page-templates\/template-pr.php","meta":{"_acf_changed":false,"footnotes":""},"acf":[],"yoast_head":"<!-- This site is optimized with the Yoast SEO plugin v22.6 - https:\/\/yoast.com\/wordpress\/plugins\/seo\/ -->\n<title>27.01.15 - TG4<\/title>\n<meta name=\"robots\" content=\"index, follow, max-snippet:-1, max-image-preview:large, max-video-preview:-1\" \/>\n<meta property=\"og:locale\" content=\"en_US\" \/>\n<meta property=\"og:type\" content=\"article\" \/>\n<meta property=\"og:title\" content=\"27.01.15 - TG4\" \/>\n<meta property=\"og:description\" content=\"Tugann Gradaim na bliana seo aitheantas do cheolt\u00f3ir\u00ed a bhfuil c\u00e1il agus meas orthu.\u00a0 Ina measc i mbliana t\u00e1; Cl\u00e1ir\u00edneach at\u00e1 ina mh\u00e1istir ar an mbosca ceoil le fada fada an l\u00e1; fonnad\u00f3ir binn as deisceart an D\u00fain;\u00a0\u00a0 gr\u00fapa nu\u00e1lach a thugann le ch\u00e9ile traidisi\u00fan na h\u00c9ireann agus sn\u00e1tha \u00f3 st\u00edleanna eile freisin; p\u00edobaire \u00f3g [&hellip;]\" \/>\n<meta property=\"og:url\" content=\"https:\/\/dev.tg4.ie\/ga\/eolas\/preas\/nuacht-raitis\/2015-2\/27-01-15\/\" \/>\n<meta property=\"og:site_name\" content=\"TG4\" \/>\n<meta property=\"article:publisher\" content=\"https:\/\/www.facebook.com\/TG4TV\" \/>\n<meta property=\"article:modified_time\" content=\"2019-06-25T10:01:39+00:00\" \/>\n<meta property=\"og:image\" content=\"https:\/\/tg4-docs.s3.amazonaws.com\/tg4-redesign-2015\/wp-content\/uploads\/2015\/08\/Gradam_ceoil_2015_HD.jpg\" \/>\n\t<meta property=\"og:image:width\" content=\"1920\" \/>\n\t<meta property=\"og:image:height\" content=\"1080\" \/>\n\t<meta property=\"og:image:type\" content=\"image\/jpeg\" \/>\n<meta name=\"twitter:card\" content=\"summary_large_image\" \/>\n<meta name=\"twitter:site\" content=\"@TG4TV\" \/>\n<meta name=\"twitter:label1\" content=\"Est. reading time\" \/>\n\t<meta name=\"twitter:data1\" content=\"2 minutes\" \/>\n<script type=\"application\/ld+json\" class=\"yoast-schema-graph\">{\"@context\":\"https:\/\/schema.org\",\"@graph\":[{\"@type\":\"WebPage\",\"@id\":\"https:\/\/dev.tg4.ie\/ga\/eolas\/preas\/nuacht-raitis\/2015-2\/27-01-15\/\",\"url\":\"https:\/\/dev.tg4.ie\/ga\/eolas\/preas\/nuacht-raitis\/2015-2\/27-01-15\/\",\"name\":\"27.01.15 - TG4\",\"isPartOf\":{\"@id\":\"https:\/\/dev.tg4.ie\/en\/#website\"},\"primaryImageOfPage\":{\"@id\":\"https:\/\/dev.tg4.ie\/ga\/eolas\/preas\/nuacht-raitis\/2015-2\/27-01-15\/#primaryimage\"},\"image\":{\"@id\":\"https:\/\/dev.tg4.ie\/ga\/eolas\/preas\/nuacht-raitis\/2015-2\/27-01-15\/#primaryimage\"},\"thumbnailUrl\":\"https:\/\/tg4-docs.s3.amazonaws.com\/tg4-redesign-2015\/wp-content\/uploads\/2015\/08\/Gradam_ceoil_2015_HD.jpg\",\"datePublished\":\"2015-08-19T13:50:32+00:00\",\"dateModified\":\"2019-06-25T10:01:39+00:00\",\"breadcrumb\":{\"@id\":\"https:\/\/dev.tg4.ie\/ga\/eolas\/preas\/nuacht-raitis\/2015-2\/27-01-15\/#breadcrumb\"},\"inLanguage\":\"ga\",\"potentialAction\":[{\"@type\":\"ReadAction\",\"target\":[\"https:\/\/dev.tg4.ie\/ga\/eolas\/preas\/nuacht-raitis\/2015-2\/27-01-15\/\"]}]},{\"@type\":\"ImageObject\",\"inLanguage\":\"ga\",\"@id\":\"https:\/\/dev.tg4.ie\/ga\/eolas\/preas\/nuacht-raitis\/2015-2\/27-01-15\/#primaryimage\",\"url\":\"https:\/\/tg4-docs.s3.amazonaws.com\/tg4-redesign-2015\/wp-content\/uploads\/2015\/08\/Gradam_ceoil_2015_HD.jpg\",\"contentUrl\":\"https:\/\/tg4-docs.s3.amazonaws.com\/tg4-redesign-2015\/wp-content\/uploads\/2015\/08\/Gradam_ceoil_2015_HD.jpg\",\"width\":1920,\"height\":1080},{\"@type\":\"BreadcrumbList\",\"@id\":\"https:\/\/dev.tg4.ie\/ga\/eolas\/preas\/nuacht-raitis\/2015-2\/27-01-15\/#breadcrumb\",\"itemListElement\":[{\"@type\":\"ListItem\",\"position\":1,\"name\":\"Home\",\"item\":\"https:\/\/dev.tg4.ie\/ga\/\"},{\"@type\":\"ListItem\",\"position\":2,\"name\":\"Eolas\",\"item\":\"https:\/\/dev.tg4.ie\/ga\/eolas\/\"},{\"@type\":\"ListItem\",\"position\":3,\"name\":\"Preas\",\"item\":\"https:\/\/dev.tg4.ie\/ga\/eolas\/preas\/\"},{\"@type\":\"ListItem\",\"position\":4,\"name\":\"Nuacht R\u00e1itis\",\"item\":\"https:\/\/dev.tg4.ie\/ga\/eolas\/preas\/nuacht-raitis\/\"},{\"@type\":\"ListItem\",\"position\":5,\"name\":\"2015\",\"item\":\"https:\/\/dev.tg4.ie\/ga\/eolas\/preas\/nuacht-raitis\/2015-2\/\"},{\"@type\":\"ListItem\",\"position\":6,\"name\":\"27.01.15\"}]},{\"@type\":\"WebSite\",\"@id\":\"https:\/\/dev.tg4.ie\/en\/#website\",\"url\":\"https:\/\/dev.tg4.ie\/en\/\",\"name\":\"TG4\",\"description\":\"S\u00fail Eile\",\"potentialAction\":[{\"@type\":\"SearchAction\",\"target\":{\"@type\":\"EntryPoint\",\"urlTemplate\":\"https:\/\/dev.tg4.ie\/en\/?s={search_term_string}\"},\"query-input\":\"required name=search_term_string\"}],\"inLanguage\":\"ga\"}]}<\/script>\n<!-- \/ Yoast SEO plugin. -->","yoast_head_json":{"title":"27.01.15 - TG4","robots":{"index":"index","follow":"follow","max-snippet":"max-snippet:-1","max-image-preview":"max-image-preview:large","max-video-preview":"max-video-preview:-1"},"og_locale":"en_US","og_type":"article","og_title":"27.01.15 - TG4","og_description":"Tugann Gradaim na bliana seo aitheantas do cheolt\u00f3ir\u00ed a bhfuil c\u00e1il agus meas orthu.\u00a0 Ina measc i mbliana t\u00e1; Cl\u00e1ir\u00edneach at\u00e1 ina mh\u00e1istir ar an mbosca ceoil le fada fada an l\u00e1; fonnad\u00f3ir binn as deisceart an D\u00fain;\u00a0\u00a0 gr\u00fapa nu\u00e1lach a thugann le ch\u00e9ile traidisi\u00fan na h\u00c9ireann agus sn\u00e1tha \u00f3 st\u00edleanna eile freisin; p\u00edobaire \u00f3g [&hellip;]","og_url":"https:\/\/dev.tg4.ie\/ga\/eolas\/preas\/nuacht-raitis\/2015-2\/27-01-15\/","og_site_name":"TG4","article_publisher":"https:\/\/www.facebook.com\/TG4TV","article_modified_time":"2019-06-25T10:01:39+00:00","og_image":[{"width":1920,"height":1080,"url":"https:\/\/tg4-docs.s3.amazonaws.com\/tg4-redesign-2015\/wp-content\/uploads\/2015\/08\/Gradam_ceoil_2015_HD.jpg","type":"image\/jpeg"}],"twitter_card":"summary_large_image","twitter_site":"@TG4TV","twitter_misc":{"Est. reading time":"2 minutes"},"schema":{"@context":"https:\/\/schema.org","@graph":[{"@type":"WebPage","@id":"https:\/\/dev.tg4.ie\/ga\/eolas\/preas\/nuacht-raitis\/2015-2\/27-01-15\/","url":"https:\/\/dev.tg4.ie\/ga\/eolas\/preas\/nuacht-raitis\/2015-2\/27-01-15\/","name":"27.01.15 - TG4","isPartOf":{"@id":"https:\/\/dev.tg4.ie\/en\/#website"},"primaryImageOfPage":{"@id":"https:\/\/dev.tg4.ie\/ga\/eolas\/preas\/nuacht-raitis\/2015-2\/27-01-15\/#primaryimage"},"image":{"@id":"https:\/\/dev.tg4.ie\/ga\/eolas\/preas\/nuacht-raitis\/2015-2\/27-01-15\/#primaryimage"},"thumbnailUrl":"https:\/\/tg4-docs.s3.amazonaws.com\/tg4-redesign-2015\/wp-content\/uploads\/2015\/08\/Gradam_ceoil_2015_HD.jpg","datePublished":"2015-08-19T13:50:32+00:00","dateModified":"2019-06-25T10:01:39+00:00","breadcrumb":{"@id":"https:\/\/dev.tg4.ie\/ga\/eolas\/preas\/nuacht-raitis\/2015-2\/27-01-15\/#breadcrumb"},"inLanguage":"ga","potentialAction":[{"@type":"ReadAction","target":["https:\/\/dev.tg4.ie\/ga\/eolas\/preas\/nuacht-raitis\/2015-2\/27-01-15\/"]}]},{"@type":"ImageObject","inLanguage":"ga","@id":"https:\/\/dev.tg4.ie\/ga\/eolas\/preas\/nuacht-raitis\/2015-2\/27-01-15\/#primaryimage","url":"https:\/\/tg4-docs.s3.amazonaws.com\/tg4-redesign-2015\/wp-content\/uploads\/2015\/08\/Gradam_ceoil_2015_HD.jpg","contentUrl":"https:\/\/tg4-docs.s3.amazonaws.com\/tg4-redesign-2015\/wp-content\/uploads\/2015\/08\/Gradam_ceoil_2015_HD.jpg","width":1920,"height":1080},{"@type":"BreadcrumbList","@id":"https:\/\/dev.tg4.ie\/ga\/eolas\/preas\/nuacht-raitis\/2015-2\/27-01-15\/#breadcrumb","itemListElement":[{"@type":"ListItem","position":1,"name":"Home","item":"https:\/\/dev.tg4.ie\/ga\/"},{"@type":"ListItem","position":2,"name":"Eolas","item":"https:\/\/dev.tg4.ie\/ga\/eolas\/"},{"@type":"ListItem","position":3,"name":"Preas","item":"https:\/\/dev.tg4.ie\/ga\/eolas\/preas\/"},{"@type":"ListItem","position":4,"name":"Nuacht R\u00e1itis","item":"https:\/\/dev.tg4.ie\/ga\/eolas\/preas\/nuacht-raitis\/"},{"@type":"ListItem","position":5,"name":"2015","item":"https:\/\/dev.tg4.ie\/ga\/eolas\/preas\/nuacht-raitis\/2015-2\/"},{"@type":"ListItem","position":6,"name":"27.01.15"}]},{"@type":"WebSite","@id":"https:\/\/dev.tg4.ie\/en\/#website","url":"https:\/\/dev.tg4.ie\/en\/","name":"TG4","description":"S\u00fail Eile","potentialAction":[{"@type":"SearchAction","target":{"@type":"EntryPoint","urlTemplate":"https:\/\/dev.tg4.ie\/en\/?s={search_term_string}"},"query-input":"required name=search_term_string"}],"inLanguage":"ga"}]}},"_links":{"self":[{"href":"https:\/\/dev.tg4.ie\/ga\/wp-json\/wp\/v2\/pages\/1457"}],"collection":[{"href":"https:\/\/dev.tg4.ie\/ga\/wp-json\/wp\/v2\/pages"}],"about":[{"href":"https:\/\/dev.tg4.ie\/ga\/wp-json\/wp\/v2\/types\/page"}],"author":[{"embeddable":true,"href":"https:\/\/dev.tg4.ie\/ga\/wp-json\/wp\/v2\/users\/6"}],"replies":[{"embeddable":true,"href":"https:\/\/dev.tg4.ie\/ga\/wp-json\/wp\/v2\/comments?post=1457"}],"version-history":[{"count":0,"href":"https:\/\/dev.tg4.ie\/ga\/wp-json\/wp\/v2\/pages\/1457\/revisions"}],"up":[{"embeddable":true,"href":"https:\/\/dev.tg4.ie\/ga\/wp-json\/wp\/v2\/pages\/985"}],"wp:featuredmedia":[{"embeddable":true,"href":"https:\/\/dev.tg4.ie\/ga\/wp-json\/wp\/v2\/media\/1455"}],"wp:attachment":[{"href":"https:\/\/dev.tg4.ie\/ga\/wp-json\/wp\/v2\/media?parent=1457"}],"curies":[{"name":"wp","href":"https:\/\/api.w.org\/{rel}","templated":true}]}}