{"id":1460,"date":"2015-08-19T15:01:56","date_gmt":"2015-08-19T14:01:56","guid":{"rendered":"https:\/\/dev.tg4.ie\/?page_id=1460"},"modified":"2019-06-25T10:58:41","modified_gmt":"2019-06-25T09:58:41","slug":"26-01-15","status":"publish","type":"page","link":"https:\/\/dev.tg4.ie\/ga\/eolas\/preas\/nuacht-raitis\/2015-2\/26-01-15\/","title":{"rendered":"26.01.15"},"content":{"rendered":"<p>Laoch amh\u00e1in a bh\u00edonn faoi chaibidil i ngach cl\u00e1r agus \u00e9\/\u00ed faoi agallamh agus ag dul siar ar bh\u00f3ithr\u00edn na smaointe le cabhair m\u00edreanna \u00f3n gcartlann teilif\u00edse agus breithi\u00fanas \u00f3na chomh-imreoir\u00ed agus tr\u00e1chtair\u00ed aitheanta.\u00a0 <b>Craolfar an tsraith ar TG4 ag 8pm\u00a0 gach M\u00e1irt \u00f3 3 Feabhra<\/b><b> \u00a0<\/b>(ath-chraolfar ach cl\u00e1r gach tr\u00e1thn\u00f3na Domhnaigh, d\u00edreach tar \u00e9is <i>GAA Beo<\/i>).<\/p>\n<p>Is iad seo na laochra at\u00e1 \u00e1 gceili\u00faradh sa s\u00e9as\u00far nua:<\/p>\n<p><b>Liam McHale<\/b><span> (peilead\u00f3ir Mhaigh Eo), <\/span><b>Ciar\u00e1n Carey<\/b><span>\u00a0 (iom\u00e1na\u00ed Luimnigh), <\/span><b>Jamsie O\u2019Connor <\/b><span>(iom\u00e1na\u00ed an Chl\u00e1ir), <\/span><b>Niamh Kindlon <\/b><span>(ban-pheilead\u00f3ir Mhuineach\u00e1in), <\/span><b>Fan <\/b><span>agus\u00a0<\/span><b>Philly Larkin <\/b><span>(iom\u00e1naithe Chill Chainnigh), <\/span><b>Brendan Cummins <\/b><span>(iom\u00e1na\u00ed Thiobraid \u00c1rann), <\/span><b>Barney Rock<\/b><span>\u00a0 (peilead\u00f3ir \u00c1tha Cliath), <\/span><b>Ogie Moran <\/b><span>(peilead\u00f3ir Chiarra\u00ed), <\/span><b>Michael Duignan<\/b><span> (iom\u00e1na\u00ed U\u00edbh Fhail\u00ed) agus <\/span><b>Ryan McMenamin <\/b><span>(peilead\u00f3ir Th\u00edr Eoghain).\u00a0 (Sonra\u00ed breise \u00a0agus d\u00e1ta\u00ed craolta th\u00edos).<\/span><\/p>\n<p><span><\/span>Chomh maith leis na himreoir\u00ed f\u00e9in, t\u00e1 cairde, comh-imreoir\u00ed, c\u00e9il\u00ed comhraic agus tr\u00e1chtair\u00ed p\u00e1irteach sna cl\u00e1racha taitneamhacha seo, ina measc\u00a0 <i>Mickey Harte, Eoin Kelly, Brian Whelahan, Tommy Drumm, \u00c9amon Cregan, Se\u00e1n McMahon, John Maughan, Tom Ryan, D\u00f3nal O\u2019Grady, Dara \u00d3 Cinn\u00e9ide <\/i>agus <i>Joe Hennessey.<\/i><\/p>\n<p>Is \u00e9 an comhlacht aitheanta Gaeltachta, Nemeton, a l\u00e9ir\u00edonn an tsraith seo do TG4.<\/p>\n<p>Ag labhairt d\u00f3 faoin tsraith nua, mheabhraigh \u00a0Ardsti\u00farth\u00f3ir TG4 go bhfuil breis is 100 imreoir c\u00e1ili\u00fail ceili\u00fartha ar <i>Laochra Gael<\/i> go dt\u00ed seo, taisce luachmhar chartlainne. \u00a0\u201cTugann na cl\u00e1racha seo \u00f3m\u00f3s do mh\u00e1istr\u00ed na peile agus na hiom\u00e1na, idir fhir is mhn\u00e1.\u00a0\u00a0 Daingn\u00edonn s\u00e9 a n-\u00e9achta\u00ed sa gcuimhne againne a raibh s\u00e9 de phribhl\u00e9id againn iad a fheice\u00e1il ag imirt i mbarr a r\u00e9ime.\u00a0 Gan dabht is oscailt s\u00fal iad don ghl\u00fain \u00f3g nach raibh an t-\u00e1dh sin leo.\u00a0 Is sn\u00e1th t\u00e1bhachtach i mbr\u00e9id\u00edn ildaite sp\u00f3irt TG4 an tsraith seo,\u201d a d\u00fairt s\u00e9 \u201cagus is l\u00e9ir tar \u00e9is dosaen s\u00e9as\u00far go bhfuil meas agus \u00e9ileamh ar an gcur chuige at\u00e1 inti\u201d.<\/p>\n<p><b><i>Laochra Gael &#8211;\u00a0<\/i>TG4 &#8211; 8pm, Gach M\u00e1irt \u00f3 3 Feabhra<\/b><\/p>\n<p><b>(Athchraolfar gach tr\u00e1thn\u00f3na Domhnaigh tar \u00e9is GAA Beo)<\/b><\/p>\n","protected":false},"excerpt":{"rendered":"<p>Laoch amh\u00e1in a bh\u00edonn faoi chaibidil i ngach cl\u00e1r agus \u00e9\/\u00ed faoi agallamh agus ag dul siar ar bh\u00f3ithr\u00edn na smaointe le cabhair m\u00edreanna \u00f3n gcartlann teilif\u00edse agus breithi\u00fanas \u00f3na chomh-imreoir\u00ed agus tr\u00e1chtair\u00ed aitheanta.\u00a0 Craolfar an tsraith ar TG4 ag 8pm\u00a0 gach M\u00e1irt \u00f3 3 Feabhra \u00a0(ath-chraolfar ach cl\u00e1r gach tr\u00e1thn\u00f3na Domhnaigh, d\u00edreach tar \u00e9is [&hellip;]<\/p>\n","protected":false},"author":6,"featured_media":1461,"parent":985,"menu_order":1,"comment_status":"closed","ping_status":"closed","template":"page-templates\/template-pr.php","meta":{"_acf_changed":false,"footnotes":""},"acf":[],"yoast_head":"<!-- This site is optimized with the Yoast SEO plugin v22.6 - https:\/\/yoast.com\/wordpress\/plugins\/seo\/ -->\n<title>26.01.15 - TG4<\/title>\n<meta name=\"robots\" content=\"index, follow, max-snippet:-1, max-image-preview:large, max-video-preview:-1\" \/>\n<meta property=\"og:locale\" content=\"en_US\" \/>\n<meta property=\"og:type\" content=\"article\" \/>\n<meta property=\"og:title\" content=\"26.01.15 - TG4\" \/>\n<meta property=\"og:description\" content=\"Laoch amh\u00e1in a bh\u00edonn faoi chaibidil i ngach cl\u00e1r agus \u00e9\/\u00ed faoi agallamh agus ag dul siar ar bh\u00f3ithr\u00edn na smaointe le cabhair m\u00edreanna \u00f3n gcartlann teilif\u00edse agus breithi\u00fanas \u00f3na chomh-imreoir\u00ed agus tr\u00e1chtair\u00ed aitheanta.\u00a0 Craolfar an tsraith ar TG4 ag 8pm\u00a0 gach M\u00e1irt \u00f3 3 Feabhra \u00a0(ath-chraolfar ach cl\u00e1r gach tr\u00e1thn\u00f3na Domhnaigh, d\u00edreach tar \u00e9is [&hellip;]\" \/>\n<meta property=\"og:url\" content=\"https:\/\/dev.tg4.ie\/ga\/eolas\/preas\/nuacht-raitis\/2015-2\/26-01-15\/\" \/>\n<meta property=\"og:site_name\" content=\"TG4\" \/>\n<meta property=\"article:publisher\" content=\"https:\/\/www.facebook.com\/TG4TV\" \/>\n<meta property=\"article:modified_time\" content=\"2019-06-25T09:58:41+00:00\" \/>\n<meta property=\"og:image\" content=\"https:\/\/tg4-docs.s3.amazonaws.com\/tg4-redesign-2015\/wp-content\/uploads\/2015\/08\/LaochraGael-13-7.jpg\" \/>\n\t<meta property=\"og:image:width\" content=\"1920\" \/>\n\t<meta property=\"og:image:height\" content=\"1080\" \/>\n\t<meta property=\"og:image:type\" content=\"image\/jpeg\" \/>\n<meta name=\"twitter:card\" content=\"summary_large_image\" \/>\n<meta name=\"twitter:site\" content=\"@TG4TV\" \/>\n<meta name=\"twitter:label1\" content=\"Est. reading time\" \/>\n\t<meta name=\"twitter:data1\" content=\"2 minutes\" \/>\n<script type=\"application\/ld+json\" class=\"yoast-schema-graph\">{\"@context\":\"https:\/\/schema.org\",\"@graph\":[{\"@type\":\"WebPage\",\"@id\":\"https:\/\/dev.tg4.ie\/ga\/eolas\/preas\/nuacht-raitis\/2015-2\/26-01-15\/\",\"url\":\"https:\/\/dev.tg4.ie\/ga\/eolas\/preas\/nuacht-raitis\/2015-2\/26-01-15\/\",\"name\":\"26.01.15 - TG4\",\"isPartOf\":{\"@id\":\"https:\/\/dev.tg4.ie\/en\/#website\"},\"primaryImageOfPage\":{\"@id\":\"https:\/\/dev.tg4.ie\/ga\/eolas\/preas\/nuacht-raitis\/2015-2\/26-01-15\/#primaryimage\"},\"image\":{\"@id\":\"https:\/\/dev.tg4.ie\/ga\/eolas\/preas\/nuacht-raitis\/2015-2\/26-01-15\/#primaryimage\"},\"thumbnailUrl\":\"https:\/\/tg4-docs.s3.amazonaws.com\/tg4-redesign-2015\/wp-content\/uploads\/2015\/08\/LaochraGael-13-7.jpg\",\"datePublished\":\"2015-08-19T14:01:56+00:00\",\"dateModified\":\"2019-06-25T09:58:41+00:00\",\"breadcrumb\":{\"@id\":\"https:\/\/dev.tg4.ie\/ga\/eolas\/preas\/nuacht-raitis\/2015-2\/26-01-15\/#breadcrumb\"},\"inLanguage\":\"ga\",\"potentialAction\":[{\"@type\":\"ReadAction\",\"target\":[\"https:\/\/dev.tg4.ie\/ga\/eolas\/preas\/nuacht-raitis\/2015-2\/26-01-15\/\"]}]},{\"@type\":\"ImageObject\",\"inLanguage\":\"ga\",\"@id\":\"https:\/\/dev.tg4.ie\/ga\/eolas\/preas\/nuacht-raitis\/2015-2\/26-01-15\/#primaryimage\",\"url\":\"https:\/\/tg4-docs.s3.amazonaws.com\/tg4-redesign-2015\/wp-content\/uploads\/2015\/08\/LaochraGael-13-7.jpg\",\"contentUrl\":\"https:\/\/tg4-docs.s3.amazonaws.com\/tg4-redesign-2015\/wp-content\/uploads\/2015\/08\/LaochraGael-13-7.jpg\",\"width\":1920,\"height\":1080},{\"@type\":\"BreadcrumbList\",\"@id\":\"https:\/\/dev.tg4.ie\/ga\/eolas\/preas\/nuacht-raitis\/2015-2\/26-01-15\/#breadcrumb\",\"itemListElement\":[{\"@type\":\"ListItem\",\"position\":1,\"name\":\"Home\",\"item\":\"https:\/\/dev.tg4.ie\/ga\/\"},{\"@type\":\"ListItem\",\"position\":2,\"name\":\"Eolas\",\"item\":\"https:\/\/dev.tg4.ie\/ga\/eolas\/\"},{\"@type\":\"ListItem\",\"position\":3,\"name\":\"Preas\",\"item\":\"https:\/\/dev.tg4.ie\/ga\/eolas\/preas\/\"},{\"@type\":\"ListItem\",\"position\":4,\"name\":\"Nuacht R\u00e1itis\",\"item\":\"https:\/\/dev.tg4.ie\/ga\/eolas\/preas\/nuacht-raitis\/\"},{\"@type\":\"ListItem\",\"position\":5,\"name\":\"2015\",\"item\":\"https:\/\/dev.tg4.ie\/ga\/eolas\/preas\/nuacht-raitis\/2015-2\/\"},{\"@type\":\"ListItem\",\"position\":6,\"name\":\"26.01.15\"}]},{\"@type\":\"WebSite\",\"@id\":\"https:\/\/dev.tg4.ie\/en\/#website\",\"url\":\"https:\/\/dev.tg4.ie\/en\/\",\"name\":\"TG4\",\"description\":\"S\u00fail Eile\",\"potentialAction\":[{\"@type\":\"SearchAction\",\"target\":{\"@type\":\"EntryPoint\",\"urlTemplate\":\"https:\/\/dev.tg4.ie\/en\/?s={search_term_string}\"},\"query-input\":\"required name=search_term_string\"}],\"inLanguage\":\"ga\"}]}<\/script>\n<!-- \/ Yoast SEO plugin. -->","yoast_head_json":{"title":"26.01.15 - TG4","robots":{"index":"index","follow":"follow","max-snippet":"max-snippet:-1","max-image-preview":"max-image-preview:large","max-video-preview":"max-video-preview:-1"},"og_locale":"en_US","og_type":"article","og_title":"26.01.15 - TG4","og_description":"Laoch amh\u00e1in a bh\u00edonn faoi chaibidil i ngach cl\u00e1r agus \u00e9\/\u00ed faoi agallamh agus ag dul siar ar bh\u00f3ithr\u00edn na smaointe le cabhair m\u00edreanna \u00f3n gcartlann teilif\u00edse agus breithi\u00fanas \u00f3na chomh-imreoir\u00ed agus tr\u00e1chtair\u00ed aitheanta.\u00a0 Craolfar an tsraith ar TG4 ag 8pm\u00a0 gach M\u00e1irt \u00f3 3 Feabhra \u00a0(ath-chraolfar ach cl\u00e1r gach tr\u00e1thn\u00f3na Domhnaigh, d\u00edreach tar \u00e9is [&hellip;]","og_url":"https:\/\/dev.tg4.ie\/ga\/eolas\/preas\/nuacht-raitis\/2015-2\/26-01-15\/","og_site_name":"TG4","article_publisher":"https:\/\/www.facebook.com\/TG4TV","article_modified_time":"2019-06-25T09:58:41+00:00","og_image":[{"width":1920,"height":1080,"url":"https:\/\/tg4-docs.s3.amazonaws.com\/tg4-redesign-2015\/wp-content\/uploads\/2015\/08\/LaochraGael-13-7.jpg","type":"image\/jpeg"}],"twitter_card":"summary_large_image","twitter_site":"@TG4TV","twitter_misc":{"Est. reading time":"2 minutes"},"schema":{"@context":"https:\/\/schema.org","@graph":[{"@type":"WebPage","@id":"https:\/\/dev.tg4.ie\/ga\/eolas\/preas\/nuacht-raitis\/2015-2\/26-01-15\/","url":"https:\/\/dev.tg4.ie\/ga\/eolas\/preas\/nuacht-raitis\/2015-2\/26-01-15\/","name":"26.01.15 - TG4","isPartOf":{"@id":"https:\/\/dev.tg4.ie\/en\/#website"},"primaryImageOfPage":{"@id":"https:\/\/dev.tg4.ie\/ga\/eolas\/preas\/nuacht-raitis\/2015-2\/26-01-15\/#primaryimage"},"image":{"@id":"https:\/\/dev.tg4.ie\/ga\/eolas\/preas\/nuacht-raitis\/2015-2\/26-01-15\/#primaryimage"},"thumbnailUrl":"https:\/\/tg4-docs.s3.amazonaws.com\/tg4-redesign-2015\/wp-content\/uploads\/2015\/08\/LaochraGael-13-7.jpg","datePublished":"2015-08-19T14:01:56+00:00","dateModified":"2019-06-25T09:58:41+00:00","breadcrumb":{"@id":"https:\/\/dev.tg4.ie\/ga\/eolas\/preas\/nuacht-raitis\/2015-2\/26-01-15\/#breadcrumb"},"inLanguage":"ga","potentialAction":[{"@type":"ReadAction","target":["https:\/\/dev.tg4.ie\/ga\/eolas\/preas\/nuacht-raitis\/2015-2\/26-01-15\/"]}]},{"@type":"ImageObject","inLanguage":"ga","@id":"https:\/\/dev.tg4.ie\/ga\/eolas\/preas\/nuacht-raitis\/2015-2\/26-01-15\/#primaryimage","url":"https:\/\/tg4-docs.s3.amazonaws.com\/tg4-redesign-2015\/wp-content\/uploads\/2015\/08\/LaochraGael-13-7.jpg","contentUrl":"https:\/\/tg4-docs.s3.amazonaws.com\/tg4-redesign-2015\/wp-content\/uploads\/2015\/08\/LaochraGael-13-7.jpg","width":1920,"height":1080},{"@type":"BreadcrumbList","@id":"https:\/\/dev.tg4.ie\/ga\/eolas\/preas\/nuacht-raitis\/2015-2\/26-01-15\/#breadcrumb","itemListElement":[{"@type":"ListItem","position":1,"name":"Home","item":"https:\/\/dev.tg4.ie\/ga\/"},{"@type":"ListItem","position":2,"name":"Eolas","item":"https:\/\/dev.tg4.ie\/ga\/eolas\/"},{"@type":"ListItem","position":3,"name":"Preas","item":"https:\/\/dev.tg4.ie\/ga\/eolas\/preas\/"},{"@type":"ListItem","position":4,"name":"Nuacht R\u00e1itis","item":"https:\/\/dev.tg4.ie\/ga\/eolas\/preas\/nuacht-raitis\/"},{"@type":"ListItem","position":5,"name":"2015","item":"https:\/\/dev.tg4.ie\/ga\/eolas\/preas\/nuacht-raitis\/2015-2\/"},{"@type":"ListItem","position":6,"name":"26.01.15"}]},{"@type":"WebSite","@id":"https:\/\/dev.tg4.ie\/en\/#website","url":"https:\/\/dev.tg4.ie\/en\/","name":"TG4","description":"S\u00fail Eile","potentialAction":[{"@type":"SearchAction","target":{"@type":"EntryPoint","urlTemplate":"https:\/\/dev.tg4.ie\/en\/?s={search_term_string}"},"query-input":"required name=search_term_string"}],"inLanguage":"ga"}]}},"_links":{"self":[{"href":"https:\/\/dev.tg4.ie\/ga\/wp-json\/wp\/v2\/pages\/1460"}],"collection":[{"href":"https:\/\/dev.tg4.ie\/ga\/wp-json\/wp\/v2\/pages"}],"about":[{"href":"https:\/\/dev.tg4.ie\/ga\/wp-json\/wp\/v2\/types\/page"}],"author":[{"embeddable":true,"href":"https:\/\/dev.tg4.ie\/ga\/wp-json\/wp\/v2\/users\/6"}],"replies":[{"embeddable":true,"href":"https:\/\/dev.tg4.ie\/ga\/wp-json\/wp\/v2\/comments?post=1460"}],"version-history":[{"count":0,"href":"https:\/\/dev.tg4.ie\/ga\/wp-json\/wp\/v2\/pages\/1460\/revisions"}],"up":[{"embeddable":true,"href":"https:\/\/dev.tg4.ie\/ga\/wp-json\/wp\/v2\/pages\/985"}],"wp:featuredmedia":[{"embeddable":true,"href":"https:\/\/dev.tg4.ie\/ga\/wp-json\/wp\/v2\/media\/1461"}],"wp:attachment":[{"href":"https:\/\/dev.tg4.ie\/ga\/wp-json\/wp\/v2\/media?parent=1460"}],"curies":[{"name":"wp","href":"https:\/\/api.w.org\/{rel}","templated":true}]}}