{"id":146290,"date":"2022-04-29T11:07:43","date_gmt":"2022-04-29T10:07:43","guid":{"rendered":"https:\/\/dev.tg4.ie\/?page_id=146290"},"modified":"2022-04-29T11:07:43","modified_gmt":"2022-04-29T10:07:43","slug":"deireadh-tagtha-le-tearmai-cuigear-comhaltai-ar-bhord-tg4-cathaoirleach-an-bhoird-san-aireamh","status":"publish","type":"page","link":"https:\/\/dev.tg4.ie\/ga\/eolas\/preas\/nuacht-raitis\/2022-2\/deireadh-tagtha-le-tearmai-cuigear-comhaltai-ar-bhord-tg4-cathaoirleach-an-bhoird-san-aireamh\/","title":{"rendered":"Deireadh tagtha le t\u00e9arma\u00ed c\u00faigear comhalta\u00ed ar Bhord TG4, Cathaoirleach an Bhoird san \u00e1ireamh"},"content":{"rendered":"<p><img loading=\"lazy\" decoding=\"async\" width=\"1920\" height=\"1080\" src=\"https:\/\/tg4-docs.s3.amazonaws.com\/tg4-redesign-2015\/wp-content\/uploads\/2022\/04\/Comhaltai_Boird_ag_criochnu_22_1-1920x1080-1.jpg\" alt=\"\" class=\"alignleft size-full wp-image-146291\" srcset=\"https:\/\/tg4-docs.s3.amazonaws.com\/tg4-redesign-2015\/wp-content\/uploads\/2022\/04\/Comhaltai_Boird_ag_criochnu_22_1-1920x1080-1.jpg 1920w, https:\/\/tg4-docs.s3.amazonaws.com\/tg4-redesign-2015\/wp-content\/uploads\/2022\/04\/Comhaltai_Boird_ag_criochnu_22_1-1920x1080-1-250x141.jpg 250w, https:\/\/tg4-docs.s3.amazonaws.com\/tg4-redesign-2015\/wp-content\/uploads\/2022\/04\/Comhaltai_Boird_ag_criochnu_22_1-1920x1080-1-700x394.jpg 700w, https:\/\/tg4-docs.s3.amazonaws.com\/tg4-redesign-2015\/wp-content\/uploads\/2022\/04\/Comhaltai_Boird_ag_criochnu_22_1-1920x1080-1-252x141.jpg 252w, https:\/\/tg4-docs.s3.amazonaws.com\/tg4-redesign-2015\/wp-content\/uploads\/2022\/04\/Comhaltai_Boird_ag_criochnu_22_1-1920x1080-1-1536x864.jpg 1536w, https:\/\/tg4-docs.s3.amazonaws.com\/tg4-redesign-2015\/wp-content\/uploads\/2022\/04\/Comhaltai_Boird_ag_criochnu_22_1-1920x1080-1-120x68.jpg 120w\" sizes=\"(max-width: 1920px) 100vw, 1920px\" \/><br \/>\n&nbsp;<\/p>\n<p>Th\u00e1inig cr\u00edoch le t\u00e9arma\u00ed c\u00faigear comhalta\u00ed ar Bhord TG4 ar an 16 Aibre\u00e1n.  Is iad Cathaoirleach Bhord TG4 Si\u00fan N\u00ed Raghallaigh, Des Geraghty, Michelle N\u00ed Chr\u00f3in\u00edn, Mair\u00e9ad N\u00ed Cheoin\u00edn agus Miche\u00e1l Seoighe an c\u00faigear a bhfuil deireadh tagtha lena dt\u00e9arma\u00ed.  Chaith na comhalta\u00ed dh\u00e1 th\u00e9arma c\u00faig bliana ar Bhord TG4.<br \/>\n&nbsp;<br \/>\nGhabh <strong>Ard-Sti\u00farth\u00f3ir TG4, Alan Esslemont<\/strong> bu\u00edochas leis na comhalta\u00ed boird at\u00e1 ag cr\u00edochn\u00fa, <em>&#8220;Thar ceann TG4, ba mhaith liom bu\u00edochas \u00f3 chro\u00ed a ghabh\u00e1il leis na comhalta\u00ed boird a chaith dh\u00e1 th\u00e9arma c\u00faig bliana ar Bhord TG4. T\u00e1 go leor bainte amach ag TG4 \u00f3 cuireadh t\u00fas le tr\u00e9imhse an bhoird seo agus t\u00e1imid an-mh\u00f3r\u00e1lach as an dul chun cinn at\u00e1 d\u00e9anta ag TG4 chun muin\u00edn an rialtais ionainn a mh\u00e9ad\u00fa len\u00e1r strait\u00e9is lucht f\u00e9achana agus f\u00e1is.  Ba mhaith liom bu\u00edochas ar leith a ghlacadh leis an gCathaoirleach Si\u00fan N\u00ed Raghallaigh as a tiomantas lean\u00fanach do TG4 agus as an obair dhian at\u00e1 d\u00e9anta aici do TG4. Gu\u00edm gach rath ar an mbord nua a bheidh le ceapadh ag an rialtas go luath.&#8221;<\/em><br \/>\n&nbsp;<br \/>\nIs as D\u00fan na nGall Si\u00fan N\u00ed Raghallaigh. Bh\u00ed s\u00ed ar dhuine de bhainisteoir\u00ed bunaithe TG4, ina Sti\u00farth\u00f3ir Airgeadais &#038; Gn\u00f3 agus ina dhiaidh sin ina Sti\u00farth\u00f3ir Marga\u00edochta agus Forbartha TG4.  T\u00e1 aitheantas bainte amach ag Si\u00fan ina ceannasa\u00ed in Earn\u00e1il na Cruthaitheachta.  Ba \u00ed an Pr\u00edomhoifigeach Feidhmi\u00fach\u00e1in in Ardmore Studios agus in Troy Studios go dt\u00ed 2021. Bh\u00ed s\u00ed ina Bainisteoir Sti\u00fartha le Tyrone Productions, ina Ceannasa\u00ed Airgeadais le Tribune Newspaper Group agus bh\u00ed a comhlacht neamhsple\u00e1ch teilif\u00edse f\u00e9in aici, Ikandi Productions.  T\u00e1 Si\u00fan N\u00ed Raghallaigh ar Bhord Fhleadh Scann\u00e1n na Gaillimhe agus ar bhord Acadamh an Atlantaigh.<br \/>\n&nbsp;<br \/>\nAr chr\u00edochn\u00fa d\u00f3ibh, ghabh na comhalta\u00ed boird bu\u00edochas le foireann TG4 agus le hearn\u00e1il na l\u00e9iri\u00fach\u00e1n neamhsple\u00e1ch as a nd\u00fathracht agus as gcuid oibre. Thr\u00e9aslaigh siad leis an Ard-Sti\u00farth\u00f3ir an strait\u00e9is,  fuinneamh, agus dearcadh fadradharcach at\u00e1 aige do TG4.  Gu\u00edodh gach rath ar na comhalta\u00ed boird nua at\u00e1 le ceapadh.<br \/>\n&nbsp;<br \/>\nBuna\u00edodh Bord Theilif\u00eds na Gaeilge in Aibre\u00e1n na bliana 2007 faoi fhor\u00e1il den Acht Craolach\u00e1in, 2001. T\u00e1 an bord comhdh\u00e9anta de chathaoirleach agus 11 chomhalta, an tArd-Sti\u00farth\u00f3ir san \u00e1ireamh i gc\u00e1il ex-officio chomh maith le comhalta at\u00e1 ionada\u00edoch ar an bhfoireann. An tAire Turas\u00f3ireachta, Cult\u00fair, Eala\u00edon, Gaeltachta, Sp\u00f3irt agus Me\u00e1n a dh\u00e9anann na ceapach\u00e1in.  Athcheapadh na comhalta\u00ed Frank Reidy agus Br\u00edd N\u00ed Fhachtna ar an mbord in 2020 agus t\u00e1 t\u00e9arma\u00ed na gcomhalta\u00ed seo a leanas &#8211; Mair\u00e9ad N\u00ed Nuadh\u00e1in, Siobh\u00e1n N\u00ed Ghadhra, Darach \u00d3 Tuairisg agus an t-ionada\u00ed foirne Se\u00e1n \u00d3 Domhnaill f\u00f3s ar bun.<br \/>\n&nbsp;<br \/>\nBeidh na fol\u00fantais Boird seo le f\u00f3gairt ar <a href=\"https:\/\/stateboards.ie\/ga\/\" rel=\"noopener\" target=\"_blank\">Stateboards.ie<\/a> gan mhoill.<br \/>\n&nbsp;<br \/>\n&nbsp;<\/p>\n","protected":false},"excerpt":{"rendered":"<p>&nbsp; Th\u00e1inig cr\u00edoch le t\u00e9arma\u00ed c\u00faigear comhalta\u00ed ar Bhord TG4 ar an 16 Aibre\u00e1n. Is iad Cathaoirleach Bhord TG4 Si\u00fan N\u00ed Raghallaigh, Des Geraghty, Michelle N\u00ed Chr\u00f3in\u00edn, Mair\u00e9ad N\u00ed Cheoin\u00edn agus Miche\u00e1l Seoighe an c\u00faigear a bhfuil deireadh tagtha lena dt\u00e9arma\u00ed. Chaith na comhalta\u00ed dh\u00e1 th\u00e9arma c\u00faig bliana ar Bhord TG4. &nbsp; Ghabh Ard-Sti\u00farth\u00f3ir TG4, [&hellip;]<\/p>\n","protected":false},"author":876,"featured_media":0,"parent":138171,"menu_order":14,"comment_status":"closed","ping_status":"closed","template":"page-templates\/template-pr.php","meta":{"_acf_changed":false,"footnotes":""},"acf":[],"yoast_head":"<!-- This site is optimized with the Yoast SEO plugin v22.6 - https:\/\/yoast.com\/wordpress\/plugins\/seo\/ -->\n<title>Deireadh tagtha le t\u00e9arma\u00ed c\u00faigear comhalta\u00ed ar Bhord TG4 | Preas R\u00e1iteas | TG4<\/title>\n<meta name=\"description\" content=\"Th\u00e1inig cr\u00edoch le t\u00e9arma\u00ed c\u00faigear comhalta\u00ed ar Bhord TG4 ar an 16 Aibre\u00e1n. Is iad Cathaoirleach Bhord TG4 Si\u00fan N\u00ed Raghallaigh, Des Geraghty, Michelle N\u00ed Chr\u00f3in\u00edn, Mair\u00e9ad N\u00ed Cheoin\u00edn agus Miche\u00e1l Seoighe an c\u00faigear a bhfuil deireadh tagtha lena dt\u00e9arma\u00ed. Chaith na comhalta\u00ed dh\u00e1 th\u00e9arma c\u00faig bliana ar Bhord TG4.\" \/>\n<meta name=\"robots\" content=\"index, follow, max-snippet:-1, max-image-preview:large, max-video-preview:-1\" \/>\n<meta property=\"og:locale\" content=\"en_US\" \/>\n<meta property=\"og:type\" content=\"article\" \/>\n<meta property=\"og:title\" content=\"Deireadh tagtha le t\u00e9arma\u00ed c\u00faigear comhalta\u00ed ar Bhord TG4 | Preas R\u00e1iteas | TG4\" \/>\n<meta property=\"og:description\" content=\"Th\u00e1inig cr\u00edoch le t\u00e9arma\u00ed c\u00faigear comhalta\u00ed ar Bhord TG4 ar an 16 Aibre\u00e1n. Is iad Cathaoirleach Bhord TG4 Si\u00fan N\u00ed Raghallaigh, Des Geraghty, Michelle N\u00ed Chr\u00f3in\u00edn, Mair\u00e9ad N\u00ed Cheoin\u00edn agus Miche\u00e1l Seoighe an c\u00faigear a bhfuil deireadh tagtha lena dt\u00e9arma\u00ed. Chaith na comhalta\u00ed dh\u00e1 th\u00e9arma c\u00faig bliana ar Bhord TG4.\" \/>\n<meta property=\"og:url\" content=\"https:\/\/dev.tg4.ie\/ga\/eolas\/preas\/nuacht-raitis\/2022-2\/deireadh-tagtha-le-tearmai-cuigear-comhaltai-ar-bhord-tg4-cathaoirleach-an-bhoird-san-aireamh\/\" \/>\n<meta property=\"og:site_name\" content=\"TG4\" \/>\n<meta property=\"article:publisher\" content=\"https:\/\/www.facebook.com\/TG4TV\" \/>\n<meta property=\"og:image\" content=\"https:\/\/tg4-docs.s3.amazonaws.com\/tg4-redesign-2015\/wp-content\/uploads\/2022\/04\/Comhaltai_Boird_ag_criochnu_22_1-1920x1080-1.jpg\" \/>\n\t<meta property=\"og:image:width\" content=\"1920\" \/>\n\t<meta property=\"og:image:height\" content=\"1080\" \/>\n\t<meta property=\"og:image:type\" content=\"image\/jpeg\" \/>\n<meta name=\"twitter:card\" content=\"summary_large_image\" \/>\n<meta name=\"twitter:image\" content=\"https:\/\/tg4-docs.s3.amazonaws.com\/tg4-redesign-2015\/wp-content\/uploads\/2022\/04\/Comhaltai_Boird_ag_criochnu_22_1-1920x1080-1.jpg\" \/>\n<meta name=\"twitter:site\" content=\"@TG4TV\" \/>\n<meta name=\"twitter:label1\" content=\"Est. reading time\" \/>\n\t<meta name=\"twitter:data1\" content=\"8 minutes\" \/>\n<script type=\"application\/ld+json\" class=\"yoast-schema-graph\">{\"@context\":\"https:\/\/schema.org\",\"@graph\":[{\"@type\":\"WebPage\",\"@id\":\"https:\/\/dev.tg4.ie\/ga\/eolas\/preas\/nuacht-raitis\/2022-2\/deireadh-tagtha-le-tearmai-cuigear-comhaltai-ar-bhord-tg4-cathaoirleach-an-bhoird-san-aireamh\/\",\"url\":\"https:\/\/dev.tg4.ie\/ga\/eolas\/preas\/nuacht-raitis\/2022-2\/deireadh-tagtha-le-tearmai-cuigear-comhaltai-ar-bhord-tg4-cathaoirleach-an-bhoird-san-aireamh\/\",\"name\":\"Deireadh tagtha le t\u00e9arma\u00ed c\u00faigear comhalta\u00ed ar Bhord TG4 | Preas R\u00e1iteas | TG4\",\"isPartOf\":{\"@id\":\"https:\/\/dev.tg4.ie\/en\/#website\"},\"primaryImageOfPage\":{\"@id\":\"https:\/\/dev.tg4.ie\/ga\/eolas\/preas\/nuacht-raitis\/2022-2\/deireadh-tagtha-le-tearmai-cuigear-comhaltai-ar-bhord-tg4-cathaoirleach-an-bhoird-san-aireamh\/#primaryimage\"},\"image\":{\"@id\":\"https:\/\/dev.tg4.ie\/ga\/eolas\/preas\/nuacht-raitis\/2022-2\/deireadh-tagtha-le-tearmai-cuigear-comhaltai-ar-bhord-tg4-cathaoirleach-an-bhoird-san-aireamh\/#primaryimage\"},\"thumbnailUrl\":\"https:\/\/dev.tg4.ie\/wp-content\/uploads\/2022\/04\/Comhaltai_Boird_ag_criochnu_22_1-1920x1080-1.jpg\",\"datePublished\":\"2022-04-29T10:07:43+00:00\",\"dateModified\":\"2022-04-29T10:07:43+00:00\",\"description\":\"Th\u00e1inig cr\u00edoch le t\u00e9arma\u00ed c\u00faigear comhalta\u00ed ar Bhord TG4 ar an 16 Aibre\u00e1n. Is iad Cathaoirleach Bhord TG4 Si\u00fan N\u00ed Raghallaigh, Des Geraghty, Michelle N\u00ed Chr\u00f3in\u00edn, Mair\u00e9ad N\u00ed Cheoin\u00edn agus Miche\u00e1l Seoighe an c\u00faigear a bhfuil deireadh tagtha lena dt\u00e9arma\u00ed. Chaith na comhalta\u00ed dh\u00e1 th\u00e9arma c\u00faig bliana ar Bhord TG4.\",\"breadcrumb\":{\"@id\":\"https:\/\/dev.tg4.ie\/ga\/eolas\/preas\/nuacht-raitis\/2022-2\/deireadh-tagtha-le-tearmai-cuigear-comhaltai-ar-bhord-tg4-cathaoirleach-an-bhoird-san-aireamh\/#breadcrumb\"},\"inLanguage\":\"ga\",\"potentialAction\":[{\"@type\":\"ReadAction\",\"target\":[\"https:\/\/dev.tg4.ie\/ga\/eolas\/preas\/nuacht-raitis\/2022-2\/deireadh-tagtha-le-tearmai-cuigear-comhaltai-ar-bhord-tg4-cathaoirleach-an-bhoird-san-aireamh\/\"]}]},{\"@type\":\"ImageObject\",\"inLanguage\":\"ga\",\"@id\":\"https:\/\/dev.tg4.ie\/ga\/eolas\/preas\/nuacht-raitis\/2022-2\/deireadh-tagtha-le-tearmai-cuigear-comhaltai-ar-bhord-tg4-cathaoirleach-an-bhoird-san-aireamh\/#primaryimage\",\"url\":\"https:\/\/dev.tg4.ie\/wp-content\/uploads\/2022\/04\/Comhaltai_Boird_ag_criochnu_22_1-1920x1080-1.jpg\",\"contentUrl\":\"https:\/\/dev.tg4.ie\/wp-content\/uploads\/2022\/04\/Comhaltai_Boird_ag_criochnu_22_1-1920x1080-1.jpg\"},{\"@type\":\"BreadcrumbList\",\"@id\":\"https:\/\/dev.tg4.ie\/ga\/eolas\/preas\/nuacht-raitis\/2022-2\/deireadh-tagtha-le-tearmai-cuigear-comhaltai-ar-bhord-tg4-cathaoirleach-an-bhoird-san-aireamh\/#breadcrumb\",\"itemListElement\":[{\"@type\":\"ListItem\",\"position\":1,\"name\":\"Home\",\"item\":\"https:\/\/dev.tg4.ie\/ga\/\"},{\"@type\":\"ListItem\",\"position\":2,\"name\":\"Eolas\",\"item\":\"https:\/\/dev.tg4.ie\/ga\/eolas\/\"},{\"@type\":\"ListItem\",\"position\":3,\"name\":\"Preas\",\"item\":\"https:\/\/dev.tg4.ie\/ga\/eolas\/preas\/\"},{\"@type\":\"ListItem\",\"position\":4,\"name\":\"Nuacht R\u00e1itis\",\"item\":\"https:\/\/dev.tg4.ie\/ga\/eolas\/preas\/nuacht-raitis\/\"},{\"@type\":\"ListItem\",\"position\":5,\"name\":\"2022\",\"item\":\"https:\/\/dev.tg4.ie\/ga\/eolas\/preas\/nuacht-raitis\/2022-2\/\"},{\"@type\":\"ListItem\",\"position\":6,\"name\":\"Deireadh tagtha le t\u00e9arma\u00ed c\u00faigear comhalta\u00ed ar Bhord TG4, Cathaoirleach an Bhoird san \u00e1ireamh\"}]},{\"@type\":\"WebSite\",\"@id\":\"https:\/\/dev.tg4.ie\/en\/#website\",\"url\":\"https:\/\/dev.tg4.ie\/en\/\",\"name\":\"TG4\",\"description\":\"S\u00fail Eile\",\"potentialAction\":[{\"@type\":\"SearchAction\",\"target\":{\"@type\":\"EntryPoint\",\"urlTemplate\":\"https:\/\/dev.tg4.ie\/en\/?s={search_term_string}\"},\"query-input\":\"required name=search_term_string\"}],\"inLanguage\":\"ga\"}]}<\/script>\n<!-- \/ Yoast SEO plugin. -->","yoast_head_json":{"title":"Deireadh tagtha le t\u00e9arma\u00ed c\u00faigear comhalta\u00ed ar Bhord TG4 | Preas R\u00e1iteas | TG4","description":"Th\u00e1inig cr\u00edoch le t\u00e9arma\u00ed c\u00faigear comhalta\u00ed ar Bhord TG4 ar an 16 Aibre\u00e1n. Is iad Cathaoirleach Bhord TG4 Si\u00fan N\u00ed Raghallaigh, Des Geraghty, Michelle N\u00ed Chr\u00f3in\u00edn, Mair\u00e9ad N\u00ed Cheoin\u00edn agus Miche\u00e1l Seoighe an c\u00faigear a bhfuil deireadh tagtha lena dt\u00e9arma\u00ed. Chaith na comhalta\u00ed dh\u00e1 th\u00e9arma c\u00faig bliana ar Bhord TG4.","robots":{"index":"index","follow":"follow","max-snippet":"max-snippet:-1","max-image-preview":"max-image-preview:large","max-video-preview":"max-video-preview:-1"},"og_locale":"en_US","og_type":"article","og_title":"Deireadh tagtha le t\u00e9arma\u00ed c\u00faigear comhalta\u00ed ar Bhord TG4 | Preas R\u00e1iteas | TG4","og_description":"Th\u00e1inig cr\u00edoch le t\u00e9arma\u00ed c\u00faigear comhalta\u00ed ar Bhord TG4 ar an 16 Aibre\u00e1n. Is iad Cathaoirleach Bhord TG4 Si\u00fan N\u00ed Raghallaigh, Des Geraghty, Michelle N\u00ed Chr\u00f3in\u00edn, Mair\u00e9ad N\u00ed Cheoin\u00edn agus Miche\u00e1l Seoighe an c\u00faigear a bhfuil deireadh tagtha lena dt\u00e9arma\u00ed. Chaith na comhalta\u00ed dh\u00e1 th\u00e9arma c\u00faig bliana ar Bhord TG4.","og_url":"https:\/\/dev.tg4.ie\/ga\/eolas\/preas\/nuacht-raitis\/2022-2\/deireadh-tagtha-le-tearmai-cuigear-comhaltai-ar-bhord-tg4-cathaoirleach-an-bhoird-san-aireamh\/","og_site_name":"TG4","article_publisher":"https:\/\/www.facebook.com\/TG4TV","og_image":[{"width":1920,"height":1080,"url":"https:\/\/tg4-docs.s3.amazonaws.com\/tg4-redesign-2015\/wp-content\/uploads\/2022\/04\/Comhaltai_Boird_ag_criochnu_22_1-1920x1080-1.jpg","type":"image\/jpeg"}],"twitter_card":"summary_large_image","twitter_image":"https:\/\/tg4-docs.s3.amazonaws.com\/tg4-redesign-2015\/wp-content\/uploads\/2022\/04\/Comhaltai_Boird_ag_criochnu_22_1-1920x1080-1.jpg","twitter_site":"@TG4TV","twitter_misc":{"Est. reading time":"8 minutes"},"schema":{"@context":"https:\/\/schema.org","@graph":[{"@type":"WebPage","@id":"https:\/\/dev.tg4.ie\/ga\/eolas\/preas\/nuacht-raitis\/2022-2\/deireadh-tagtha-le-tearmai-cuigear-comhaltai-ar-bhord-tg4-cathaoirleach-an-bhoird-san-aireamh\/","url":"https:\/\/dev.tg4.ie\/ga\/eolas\/preas\/nuacht-raitis\/2022-2\/deireadh-tagtha-le-tearmai-cuigear-comhaltai-ar-bhord-tg4-cathaoirleach-an-bhoird-san-aireamh\/","name":"Deireadh tagtha le t\u00e9arma\u00ed c\u00faigear comhalta\u00ed ar Bhord TG4 | Preas R\u00e1iteas | TG4","isPartOf":{"@id":"https:\/\/dev.tg4.ie\/en\/#website"},"primaryImageOfPage":{"@id":"https:\/\/dev.tg4.ie\/ga\/eolas\/preas\/nuacht-raitis\/2022-2\/deireadh-tagtha-le-tearmai-cuigear-comhaltai-ar-bhord-tg4-cathaoirleach-an-bhoird-san-aireamh\/#primaryimage"},"image":{"@id":"https:\/\/dev.tg4.ie\/ga\/eolas\/preas\/nuacht-raitis\/2022-2\/deireadh-tagtha-le-tearmai-cuigear-comhaltai-ar-bhord-tg4-cathaoirleach-an-bhoird-san-aireamh\/#primaryimage"},"thumbnailUrl":"https:\/\/dev.tg4.ie\/wp-content\/uploads\/2022\/04\/Comhaltai_Boird_ag_criochnu_22_1-1920x1080-1.jpg","datePublished":"2022-04-29T10:07:43+00:00","dateModified":"2022-04-29T10:07:43+00:00","description":"Th\u00e1inig cr\u00edoch le t\u00e9arma\u00ed c\u00faigear comhalta\u00ed ar Bhord TG4 ar an 16 Aibre\u00e1n. Is iad Cathaoirleach Bhord TG4 Si\u00fan N\u00ed Raghallaigh, Des Geraghty, Michelle N\u00ed Chr\u00f3in\u00edn, Mair\u00e9ad N\u00ed Cheoin\u00edn agus Miche\u00e1l Seoighe an c\u00faigear a bhfuil deireadh tagtha lena dt\u00e9arma\u00ed. Chaith na comhalta\u00ed dh\u00e1 th\u00e9arma c\u00faig bliana ar Bhord TG4.","breadcrumb":{"@id":"https:\/\/dev.tg4.ie\/ga\/eolas\/preas\/nuacht-raitis\/2022-2\/deireadh-tagtha-le-tearmai-cuigear-comhaltai-ar-bhord-tg4-cathaoirleach-an-bhoird-san-aireamh\/#breadcrumb"},"inLanguage":"ga","potentialAction":[{"@type":"ReadAction","target":["https:\/\/dev.tg4.ie\/ga\/eolas\/preas\/nuacht-raitis\/2022-2\/deireadh-tagtha-le-tearmai-cuigear-comhaltai-ar-bhord-tg4-cathaoirleach-an-bhoird-san-aireamh\/"]}]},{"@type":"ImageObject","inLanguage":"ga","@id":"https:\/\/dev.tg4.ie\/ga\/eolas\/preas\/nuacht-raitis\/2022-2\/deireadh-tagtha-le-tearmai-cuigear-comhaltai-ar-bhord-tg4-cathaoirleach-an-bhoird-san-aireamh\/#primaryimage","url":"https:\/\/dev.tg4.ie\/wp-content\/uploads\/2022\/04\/Comhaltai_Boird_ag_criochnu_22_1-1920x1080-1.jpg","contentUrl":"https:\/\/dev.tg4.ie\/wp-content\/uploads\/2022\/04\/Comhaltai_Boird_ag_criochnu_22_1-1920x1080-1.jpg"},{"@type":"BreadcrumbList","@id":"https:\/\/dev.tg4.ie\/ga\/eolas\/preas\/nuacht-raitis\/2022-2\/deireadh-tagtha-le-tearmai-cuigear-comhaltai-ar-bhord-tg4-cathaoirleach-an-bhoird-san-aireamh\/#breadcrumb","itemListElement":[{"@type":"ListItem","position":1,"name":"Home","item":"https:\/\/dev.tg4.ie\/ga\/"},{"@type":"ListItem","position":2,"name":"Eolas","item":"https:\/\/dev.tg4.ie\/ga\/eolas\/"},{"@type":"ListItem","position":3,"name":"Preas","item":"https:\/\/dev.tg4.ie\/ga\/eolas\/preas\/"},{"@type":"ListItem","position":4,"name":"Nuacht R\u00e1itis","item":"https:\/\/dev.tg4.ie\/ga\/eolas\/preas\/nuacht-raitis\/"},{"@type":"ListItem","position":5,"name":"2022","item":"https:\/\/dev.tg4.ie\/ga\/eolas\/preas\/nuacht-raitis\/2022-2\/"},{"@type":"ListItem","position":6,"name":"Deireadh tagtha le t\u00e9arma\u00ed c\u00faigear comhalta\u00ed ar Bhord TG4, Cathaoirleach an Bhoird san \u00e1ireamh"}]},{"@type":"WebSite","@id":"https:\/\/dev.tg4.ie\/en\/#website","url":"https:\/\/dev.tg4.ie\/en\/","name":"TG4","description":"S\u00fail Eile","potentialAction":[{"@type":"SearchAction","target":{"@type":"EntryPoint","urlTemplate":"https:\/\/dev.tg4.ie\/en\/?s={search_term_string}"},"query-input":"required name=search_term_string"}],"inLanguage":"ga"}]}},"_links":{"self":[{"href":"https:\/\/dev.tg4.ie\/ga\/wp-json\/wp\/v2\/pages\/146290"}],"collection":[{"href":"https:\/\/dev.tg4.ie\/ga\/wp-json\/wp\/v2\/pages"}],"about":[{"href":"https:\/\/dev.tg4.ie\/ga\/wp-json\/wp\/v2\/types\/page"}],"author":[{"embeddable":true,"href":"https:\/\/dev.tg4.ie\/ga\/wp-json\/wp\/v2\/users\/876"}],"replies":[{"embeddable":true,"href":"https:\/\/dev.tg4.ie\/ga\/wp-json\/wp\/v2\/comments?post=146290"}],"version-history":[{"count":0,"href":"https:\/\/dev.tg4.ie\/ga\/wp-json\/wp\/v2\/pages\/146290\/revisions"}],"up":[{"embeddable":true,"href":"https:\/\/dev.tg4.ie\/ga\/wp-json\/wp\/v2\/pages\/138171"}],"wp:attachment":[{"href":"https:\/\/dev.tg4.ie\/ga\/wp-json\/wp\/v2\/media?parent=146290"}],"curies":[{"name":"wp","href":"https:\/\/api.w.org\/{rel}","templated":true}]}}