{"id":1470,"date":"2015-08-19T15:23:39","date_gmt":"2015-08-19T14:23:39","guid":{"rendered":"https:\/\/dev.tg4.ie\/corporate\/press-releases\/2015-2\/20-01-15\/"},"modified":"2019-06-25T11:01:03","modified_gmt":"2019-06-25T10:01:03","slug":"20-01-15","status":"publish","type":"page","link":"https:\/\/dev.tg4.ie\/ga\/eolas\/preas\/nuacht-raitis\/2015-2\/20-01-15\/","title":{"rendered":"20.01.15"},"content":{"rendered":"<p>Craolfar ioml\u00e1n na himeartha \u00f3 suas le leathch\u00e9ad chluiche ar fad i raon leathan com\u00f3rtas, idir bheo-chraoladh agus iar-chraoladh.\u00a0 Tabharfar t\u00fas \u00e1ite do <b>Chraobh Club <\/b>AIB agus na<b> Sraitheanna N\u00e1isi\u00fanta <\/b>Allianz ach beidh m\u00f3r-chom\u00f3rtais na gcol\u00e1ist\u00ed agus na n-iarbhunscoileanna ar f\u00e1il chomh maith, ina measc<b>, na Craobhacha faoi 21, Cluich\u00ed Ceannais Choirn Mhic Shigir agus Mhic Giob\u00fain <\/b>(urraithe ag Independent.ie)<b> Cluich\u00ed Ceannais na gCraobh Iarbhunscoile <\/b>(urraithe ag Masita)<b>, Corn U\u00ed Chonch\u00fair (Craobh na gCol\u00e1ist\u00ed Tr\u00ed\u00fa Leibh\u00e9al i bPeil na mBan) agus Cluich\u00ed Ceannais na Sraithe i bPeil na mBan <\/b>(urraithe ag Tesco).<\/p>\n<p>Cuirfear t\u00fas leis an sceideal beo-chraolta \u00f3 L\u00e1 \u2018le Br\u00edde Domhnach 1 Feabhra, tr\u00e1th a mbeo-chraolfar an cluiche i Sraith Peile Allianz,\u00a0 <b>Ciarra\u00ed v Maigh Eo <\/b>(an d\u00e1 fhoireann a shol\u00e1thraigh p\u00e9ire de na cluich\u00ed peile ab fhearr ar fad i 2014 \u2013 Cluich\u00ed Leath-Cheannais na h\u00c9ireann).\u00a0\u00a0 Beidh na cluich\u00ed cinni\u00fanacha sna Sraitheanna Peile agus Iom\u00e1na \u00e1 mbeo-chraoladh, mar aon leis na com\u00f3rtais thuas-luaite ar f\u00e1il go heisiach ar TG4 as sin go Bealtaine.\u00a0 (T\u00e1 sceideal ioml\u00e1n cluich\u00ed TG4 ar f\u00e1il th\u00edos).<\/p>\n<p>Deir Eagra\u00ed Sp\u00f3irt TG4, R\u00f3n\u00e1n \u00d3 Coisdealbha,\u00a0 go bhfuil \u00e1thas ar TG4 faoin sol\u00e1thar cuimsitheach seo.\u00a0 \u201cIs \u00e9 an t-earrach s\u00e9as\u00far an d\u00f3chais ag lucht na gcluich\u00ed Gaelacha i gc\u00f3na\u00ed,\u201d a d\u00fairt s\u00e9 \u2013 t\u00fas nua, misneach nua, iarracht nua agus s\u00fail le gl\u00f3ir an tSamhraidh agus an Fh\u00f3mhair.\u00a0 Beidh s\u00fail ag na m\u00edlte le craolta TG4 le bun\u00fas a chur faoin d\u00f3chas sin agus an deis acu na foirne is fearr a fheice\u00e1il ag imirt go rialta i raon leathan com\u00f3rtas.\u00a0\u00a0 Roghn\u00f3far na cluich\u00ed\u00a0 Sraithe Allianz a chl\u00fad\u00f3idh TG4 sna babhta\u00ed cinni\u00fanacha de r\u00e9ir mar a fheicfimid an dul chun cinn ag na foirne \u00e9ags\u00fala\u201d.<\/p>\n<p>N\u00ed chuirfear bailchr\u00edoch ar liosta na gcluich\u00ed a chl\u00fad\u00f3far ar TG4 i ndeireadh na Sraithe go dt\u00ed go mbeidh s\u00e9 soil\u00e9ir c\u00e9 hiad na foirne at\u00e1\u00a0 ag cruth\u00fa go maith ionas gur f\u00e9idir a chinnti\u00fa go mbeidh na cluich\u00ed \u00a0is cinni\u00fana\u00ed \u00e1 gcl\u00fadach.<\/p>\n<p>Is \u00e9 <i>Nemeton<\/i> an comhlacht l\u00e9iri\u00fach\u00e1in aitheanta \u00f3 Ghaeltacht na Rinne a l\u00e9ir\u00edonn an cl\u00fadach seo ar fad do TG4, \u00e1 l\u00e1ithri\u00fa ag Miche\u00e1l \u00d3 Domhnaill agus le tr\u00e1chtaireacht \u00f3 Bhrian Tyers.<\/p>\n","protected":false},"excerpt":{"rendered":"<p>Craolfar ioml\u00e1n na himeartha \u00f3 suas le leathch\u00e9ad chluiche ar fad i raon leathan com\u00f3rtas, idir bheo-chraoladh agus iar-chraoladh.\u00a0 Tabharfar t\u00fas \u00e1ite do Chraobh Club AIB agus na Sraitheanna N\u00e1isi\u00fanta Allianz ach beidh m\u00f3r-chom\u00f3rtais na gcol\u00e1ist\u00ed agus na n-iarbhunscoileanna ar f\u00e1il chomh maith, ina measc, na Craobhacha faoi 21, Cluich\u00ed Ceannais Choirn Mhic Shigir agus [&hellip;]<\/p>\n","protected":false},"author":6,"featured_media":1468,"parent":985,"menu_order":0,"comment_status":"closed","ping_status":"closed","template":"page-templates\/template-pr.php","meta":{"_acf_changed":false,"footnotes":""},"acf":[],"yoast_head":"<!-- This site is optimized with the Yoast SEO plugin v22.6 - https:\/\/yoast.com\/wordpress\/plugins\/seo\/ -->\n<title>20.01.15 - TG4<\/title>\n<meta name=\"robots\" content=\"index, follow, max-snippet:-1, max-image-preview:large, max-video-preview:-1\" \/>\n<meta property=\"og:locale\" content=\"en_US\" \/>\n<meta property=\"og:type\" content=\"article\" \/>\n<meta property=\"og:title\" content=\"20.01.15 - TG4\" \/>\n<meta property=\"og:description\" content=\"Craolfar ioml\u00e1n na himeartha \u00f3 suas le leathch\u00e9ad chluiche ar fad i raon leathan com\u00f3rtas, idir bheo-chraoladh agus iar-chraoladh.\u00a0 Tabharfar t\u00fas \u00e1ite do Chraobh Club AIB agus na Sraitheanna N\u00e1isi\u00fanta Allianz ach beidh m\u00f3r-chom\u00f3rtais na gcol\u00e1ist\u00ed agus na n-iarbhunscoileanna ar f\u00e1il chomh maith, ina measc, na Craobhacha faoi 21, Cluich\u00ed Ceannais Choirn Mhic Shigir agus [&hellip;]\" \/>\n<meta property=\"og:url\" content=\"https:\/\/dev.tg4.ie\/ga\/eolas\/preas\/nuacht-raitis\/2015-2\/20-01-15\/\" \/>\n<meta property=\"og:site_name\" content=\"TG4\" \/>\n<meta property=\"article:publisher\" content=\"https:\/\/www.facebook.com\/TG4TV\" \/>\n<meta property=\"article:modified_time\" content=\"2019-06-25T10:01:03+00:00\" \/>\n<meta property=\"og:image\" content=\"https:\/\/tg4-docs.s3.amazonaws.com\/tg4-redesign-2015\/wp-content\/uploads\/2015\/08\/GAA_Peil.jpg\" \/>\n\t<meta property=\"og:image:width\" content=\"1920\" \/>\n\t<meta property=\"og:image:height\" content=\"1080\" \/>\n\t<meta property=\"og:image:type\" content=\"image\/jpeg\" \/>\n<meta name=\"twitter:card\" content=\"summary_large_image\" \/>\n<meta name=\"twitter:site\" content=\"@TG4TV\" \/>\n<meta name=\"twitter:label1\" content=\"Est. reading time\" \/>\n\t<meta name=\"twitter:data1\" content=\"2 minutes\" \/>\n<script type=\"application\/ld+json\" class=\"yoast-schema-graph\">{\"@context\":\"https:\/\/schema.org\",\"@graph\":[{\"@type\":\"WebPage\",\"@id\":\"https:\/\/dev.tg4.ie\/ga\/eolas\/preas\/nuacht-raitis\/2015-2\/20-01-15\/\",\"url\":\"https:\/\/dev.tg4.ie\/ga\/eolas\/preas\/nuacht-raitis\/2015-2\/20-01-15\/\",\"name\":\"20.01.15 - TG4\",\"isPartOf\":{\"@id\":\"https:\/\/dev.tg4.ie\/en\/#website\"},\"primaryImageOfPage\":{\"@id\":\"https:\/\/dev.tg4.ie\/ga\/eolas\/preas\/nuacht-raitis\/2015-2\/20-01-15\/#primaryimage\"},\"image\":{\"@id\":\"https:\/\/dev.tg4.ie\/ga\/eolas\/preas\/nuacht-raitis\/2015-2\/20-01-15\/#primaryimage\"},\"thumbnailUrl\":\"https:\/\/tg4-docs.s3.amazonaws.com\/tg4-redesign-2015\/wp-content\/uploads\/2015\/08\/GAA_Peil.jpg\",\"datePublished\":\"2015-08-19T14:23:39+00:00\",\"dateModified\":\"2019-06-25T10:01:03+00:00\",\"breadcrumb\":{\"@id\":\"https:\/\/dev.tg4.ie\/ga\/eolas\/preas\/nuacht-raitis\/2015-2\/20-01-15\/#breadcrumb\"},\"inLanguage\":\"ga\",\"potentialAction\":[{\"@type\":\"ReadAction\",\"target\":[\"https:\/\/dev.tg4.ie\/ga\/eolas\/preas\/nuacht-raitis\/2015-2\/20-01-15\/\"]}]},{\"@type\":\"ImageObject\",\"inLanguage\":\"ga\",\"@id\":\"https:\/\/dev.tg4.ie\/ga\/eolas\/preas\/nuacht-raitis\/2015-2\/20-01-15\/#primaryimage\",\"url\":\"https:\/\/tg4-docs.s3.amazonaws.com\/tg4-redesign-2015\/wp-content\/uploads\/2015\/08\/GAA_Peil.jpg\",\"contentUrl\":\"https:\/\/tg4-docs.s3.amazonaws.com\/tg4-redesign-2015\/wp-content\/uploads\/2015\/08\/GAA_Peil.jpg\",\"width\":1920,\"height\":1080,\"caption\":\"GAA Peil\"},{\"@type\":\"BreadcrumbList\",\"@id\":\"https:\/\/dev.tg4.ie\/ga\/eolas\/preas\/nuacht-raitis\/2015-2\/20-01-15\/#breadcrumb\",\"itemListElement\":[{\"@type\":\"ListItem\",\"position\":1,\"name\":\"Home\",\"item\":\"https:\/\/dev.tg4.ie\/ga\/\"},{\"@type\":\"ListItem\",\"position\":2,\"name\":\"Eolas\",\"item\":\"https:\/\/dev.tg4.ie\/ga\/eolas\/\"},{\"@type\":\"ListItem\",\"position\":3,\"name\":\"Preas\",\"item\":\"https:\/\/dev.tg4.ie\/ga\/eolas\/preas\/\"},{\"@type\":\"ListItem\",\"position\":4,\"name\":\"Nuacht R\u00e1itis\",\"item\":\"https:\/\/dev.tg4.ie\/ga\/eolas\/preas\/nuacht-raitis\/\"},{\"@type\":\"ListItem\",\"position\":5,\"name\":\"2015\",\"item\":\"https:\/\/dev.tg4.ie\/ga\/eolas\/preas\/nuacht-raitis\/2015-2\/\"},{\"@type\":\"ListItem\",\"position\":6,\"name\":\"20.01.15\"}]},{\"@type\":\"WebSite\",\"@id\":\"https:\/\/dev.tg4.ie\/en\/#website\",\"url\":\"https:\/\/dev.tg4.ie\/en\/\",\"name\":\"TG4\",\"description\":\"S\u00fail Eile\",\"potentialAction\":[{\"@type\":\"SearchAction\",\"target\":{\"@type\":\"EntryPoint\",\"urlTemplate\":\"https:\/\/dev.tg4.ie\/en\/?s={search_term_string}\"},\"query-input\":\"required name=search_term_string\"}],\"inLanguage\":\"ga\"}]}<\/script>\n<!-- \/ Yoast SEO plugin. -->","yoast_head_json":{"title":"20.01.15 - TG4","robots":{"index":"index","follow":"follow","max-snippet":"max-snippet:-1","max-image-preview":"max-image-preview:large","max-video-preview":"max-video-preview:-1"},"og_locale":"en_US","og_type":"article","og_title":"20.01.15 - TG4","og_description":"Craolfar ioml\u00e1n na himeartha \u00f3 suas le leathch\u00e9ad chluiche ar fad i raon leathan com\u00f3rtas, idir bheo-chraoladh agus iar-chraoladh.\u00a0 Tabharfar t\u00fas \u00e1ite do Chraobh Club AIB agus na Sraitheanna N\u00e1isi\u00fanta Allianz ach beidh m\u00f3r-chom\u00f3rtais na gcol\u00e1ist\u00ed agus na n-iarbhunscoileanna ar f\u00e1il chomh maith, ina measc, na Craobhacha faoi 21, Cluich\u00ed Ceannais Choirn Mhic Shigir agus [&hellip;]","og_url":"https:\/\/dev.tg4.ie\/ga\/eolas\/preas\/nuacht-raitis\/2015-2\/20-01-15\/","og_site_name":"TG4","article_publisher":"https:\/\/www.facebook.com\/TG4TV","article_modified_time":"2019-06-25T10:01:03+00:00","og_image":[{"width":1920,"height":1080,"url":"https:\/\/tg4-docs.s3.amazonaws.com\/tg4-redesign-2015\/wp-content\/uploads\/2015\/08\/GAA_Peil.jpg","type":"image\/jpeg"}],"twitter_card":"summary_large_image","twitter_site":"@TG4TV","twitter_misc":{"Est. reading time":"2 minutes"},"schema":{"@context":"https:\/\/schema.org","@graph":[{"@type":"WebPage","@id":"https:\/\/dev.tg4.ie\/ga\/eolas\/preas\/nuacht-raitis\/2015-2\/20-01-15\/","url":"https:\/\/dev.tg4.ie\/ga\/eolas\/preas\/nuacht-raitis\/2015-2\/20-01-15\/","name":"20.01.15 - TG4","isPartOf":{"@id":"https:\/\/dev.tg4.ie\/en\/#website"},"primaryImageOfPage":{"@id":"https:\/\/dev.tg4.ie\/ga\/eolas\/preas\/nuacht-raitis\/2015-2\/20-01-15\/#primaryimage"},"image":{"@id":"https:\/\/dev.tg4.ie\/ga\/eolas\/preas\/nuacht-raitis\/2015-2\/20-01-15\/#primaryimage"},"thumbnailUrl":"https:\/\/tg4-docs.s3.amazonaws.com\/tg4-redesign-2015\/wp-content\/uploads\/2015\/08\/GAA_Peil.jpg","datePublished":"2015-08-19T14:23:39+00:00","dateModified":"2019-06-25T10:01:03+00:00","breadcrumb":{"@id":"https:\/\/dev.tg4.ie\/ga\/eolas\/preas\/nuacht-raitis\/2015-2\/20-01-15\/#breadcrumb"},"inLanguage":"ga","potentialAction":[{"@type":"ReadAction","target":["https:\/\/dev.tg4.ie\/ga\/eolas\/preas\/nuacht-raitis\/2015-2\/20-01-15\/"]}]},{"@type":"ImageObject","inLanguage":"ga","@id":"https:\/\/dev.tg4.ie\/ga\/eolas\/preas\/nuacht-raitis\/2015-2\/20-01-15\/#primaryimage","url":"https:\/\/tg4-docs.s3.amazonaws.com\/tg4-redesign-2015\/wp-content\/uploads\/2015\/08\/GAA_Peil.jpg","contentUrl":"https:\/\/tg4-docs.s3.amazonaws.com\/tg4-redesign-2015\/wp-content\/uploads\/2015\/08\/GAA_Peil.jpg","width":1920,"height":1080,"caption":"GAA Peil"},{"@type":"BreadcrumbList","@id":"https:\/\/dev.tg4.ie\/ga\/eolas\/preas\/nuacht-raitis\/2015-2\/20-01-15\/#breadcrumb","itemListElement":[{"@type":"ListItem","position":1,"name":"Home","item":"https:\/\/dev.tg4.ie\/ga\/"},{"@type":"ListItem","position":2,"name":"Eolas","item":"https:\/\/dev.tg4.ie\/ga\/eolas\/"},{"@type":"ListItem","position":3,"name":"Preas","item":"https:\/\/dev.tg4.ie\/ga\/eolas\/preas\/"},{"@type":"ListItem","position":4,"name":"Nuacht R\u00e1itis","item":"https:\/\/dev.tg4.ie\/ga\/eolas\/preas\/nuacht-raitis\/"},{"@type":"ListItem","position":5,"name":"2015","item":"https:\/\/dev.tg4.ie\/ga\/eolas\/preas\/nuacht-raitis\/2015-2\/"},{"@type":"ListItem","position":6,"name":"20.01.15"}]},{"@type":"WebSite","@id":"https:\/\/dev.tg4.ie\/en\/#website","url":"https:\/\/dev.tg4.ie\/en\/","name":"TG4","description":"S\u00fail Eile","potentialAction":[{"@type":"SearchAction","target":{"@type":"EntryPoint","urlTemplate":"https:\/\/dev.tg4.ie\/en\/?s={search_term_string}"},"query-input":"required name=search_term_string"}],"inLanguage":"ga"}]}},"_links":{"self":[{"href":"https:\/\/dev.tg4.ie\/ga\/wp-json\/wp\/v2\/pages\/1470"}],"collection":[{"href":"https:\/\/dev.tg4.ie\/ga\/wp-json\/wp\/v2\/pages"}],"about":[{"href":"https:\/\/dev.tg4.ie\/ga\/wp-json\/wp\/v2\/types\/page"}],"author":[{"embeddable":true,"href":"https:\/\/dev.tg4.ie\/ga\/wp-json\/wp\/v2\/users\/6"}],"replies":[{"embeddable":true,"href":"https:\/\/dev.tg4.ie\/ga\/wp-json\/wp\/v2\/comments?post=1470"}],"version-history":[{"count":0,"href":"https:\/\/dev.tg4.ie\/ga\/wp-json\/wp\/v2\/pages\/1470\/revisions"}],"up":[{"embeddable":true,"href":"https:\/\/dev.tg4.ie\/ga\/wp-json\/wp\/v2\/pages\/985"}],"wp:featuredmedia":[{"embeddable":true,"href":"https:\/\/dev.tg4.ie\/ga\/wp-json\/wp\/v2\/media\/1468"}],"wp:attachment":[{"href":"https:\/\/dev.tg4.ie\/ga\/wp-json\/wp\/v2\/media?parent=1470"}],"curies":[{"name":"wp","href":"https:\/\/api.w.org\/{rel}","templated":true}]}}