{"id":14765,"date":"2016-02-23T19:30:23","date_gmt":"2016-02-23T19:30:23","guid":{"rendered":"https:\/\/dev.tg4.ie\/?page_id=14765"},"modified":"2019-06-24T16:18:02","modified_gmt":"2019-06-24T15:18:02","slug":"23-02-16","status":"publish","type":"page","link":"https:\/\/dev.tg4.ie\/ga\/eolas\/preas\/nuacht-raitis\/2016-2\/23-02-16\/","title":{"rendered":"23.02.16"},"content":{"rendered":"<h2>Fine Gael ag seasamh an fh\u00f3id ach Lucht Oibre faoi bhr\u00fa i nGaillimh Thiar<\/h2>\n<p><strong>SF go tr\u00e9an san ioma\u00edocht freisin agus sciob-sceab don 5\u00fa su\u00edoch\u00e1n<\/strong><\/p>\n<p>L\u00e9ir\u00edonn pobalbhreith nua do TG4 go bhfuil seans maith ag Fine Gael dh\u00e1 shu\u00edoch\u00e1n D\u00e1la a bhuachan i nGaillimh Thiar san Olltoghch\u00e1n ar an Aoine ach go mbeidh s\u00e9 an-deacair ag an Lucht Oibre a shu\u00edoch\u00e1n f\u00e9in a choinne\u00e1il. Tugann an suirbh\u00e9 seo, a rinne an comhlacht aitheanta taighde Ipsos MRBI don chl\u00e1r V\u00f3ta 2016 a craoladh tr\u00e1thn\u00f3na, le fios chomh maith go mbeidh su\u00edoch\u00e1n ag Sinn F\u00e9in m\u00e1 \u00e9ir\u00edonn leis d\u00f3thain v\u00f3ta\u00ed aistrithe a mhealladh. Seo na sonra\u00ed.<\/p>\n<p>&nbsp;<\/p>\n<p><strong>Taca\u00edocht na bP\u00e1irtithe i nGaillimh Thiar<\/strong> (V\u00f3ta Uimhir 1)<\/p>\n<table>\n<tbody>\n<tr>\n<td width=\"40%\">Fine Gael<\/td>\n<td>30%<\/td>\n<\/tr>\n<tr>\n<td>Fianna F\u00e1il<\/td>\n<td>21%<\/td>\n<\/tr>\n<tr>\n<td>Sinn F\u00e9in<\/td>\n<td>11%<\/td>\n<\/tr>\n<tr>\n<td>Lucht Oibre<\/td>\n<td>6%<\/td>\n<\/tr>\n<tr>\n<td>P\u00e1irtithe Eile<\/td>\n<td>11%<\/td>\n<\/tr>\n<tr>\n<td>Neamhsple\u00e1igh<\/td>\n<td>21%<\/td>\n<\/tr>\n<\/tbody>\n<\/table>\n<p>&nbsp;<\/p>\n<p><strong>Taca\u00edocht na nIarrth\u00f3ir\u00ed i nGaillimh Thiar <\/strong>\u00a0\u00a0 (V\u00f3ta Uimhir 1)<\/p>\n<table>\n<tbody>\n<tr>\n<td width=\"40%\">\u00c9amon \u00d3 Cu\u00edv (FF)<\/td>\n<td>13%<\/td>\n<\/tr>\n<tr>\n<td>Se\u00e1n Kyne (FG)<\/td>\n<td>13%<\/td>\n<\/tr>\n<tr>\n<td>John O&#8217;Mahony (FG)<\/td>\n<td>11%<\/td>\n<\/tr>\n<tr>\n<td>Trevor \u00d3 Clochartaigh (SF)<\/td>\n<td>11%<\/td>\n<\/tr>\n<tr>\n<td>Catherine Connolly (NS)<\/td>\n<td>8%<\/td>\n<\/tr>\n<tr>\n<td>Noel Grealish (NS)<\/td>\n<td>7%<\/td>\n<\/tr>\n<tr>\n<td>Hildegarde Naughton (FG)<\/td>\n<td>6%<\/td>\n<\/tr>\n<tr>\n<td>Derek Nolan (LO)<\/td>\n<td>6%<\/td>\n<\/tr>\n<tr>\n<td>Niall \u00d3 Tuathail (DS)<\/td>\n<td>6%<\/td>\n<\/tr>\n<tr>\n<td>Mary Hoade (FF)<\/td>\n<td>4%<\/td>\n<\/tr>\n<tr>\n<td>John Connolly (FF)<\/td>\n<td>4%<\/td>\n<\/tr>\n<tr>\n<td>Fidelma Healy Eames (NS)<\/td>\n<td>3%<\/td>\n<\/tr>\n<tr>\n<td>Nicola Daveron (RN)<\/td>\n<td>2%<\/td>\n<\/tr>\n<tr>\n<td>Mike Cubbard (NS)<\/td>\n<td>2%<\/td>\n<\/tr>\n<tr>\n<td>Seamus Sheridan (CG)<\/td>\n<td>2%<\/td>\n<\/tr>\n<tr>\n<td>Tommy Holohan (A\/P)<\/td>\n<td>2%<\/td>\n<\/tr>\n<\/tbody>\n<\/table>\n<p>&nbsp;<\/p>\n<p>(Beidh ceathrar eile ar an bp\u00e1ip\u00e9ar ball\u00f3ide san Olltoghch\u00e1n sa D\u00e1ilcheantar seo.\u00a0 1% eatarthu an taca\u00edocht a tuairisc\u00edodh d\u00f3ibh sa bpobalbhreith seo).<\/p>\n<p><strong>Tr\u00e1chtaireacht:\u00a0<\/strong>B\u00edonn dian-ioma\u00edocht sa D\u00e1ilcheantar 5 su\u00edoch\u00e1n seo i gc\u00f3na\u00ed.\u00a0 Is mar sin a bh\u00ed in Olltoghch\u00e1n 2011, tr\u00e1th a raibh faoi bhun 3,000 v\u00f3ta idir an seachtar ab airde ar an liosta sa gc\u00e9ad chomhaireamh.\u00a0 Anois agus cuid de dheisceart Mhaigh Eo curtha isteach sa D\u00e1ilcheantar freisin agus le 20 iarrth\u00f3ir ar an bp\u00e1ip\u00e9ar ball\u00f3ide, beidh an choimhlint n\u00edos g\u00e9ire f\u00f3s.\u00a0 Beidh na v\u00f3ta\u00ed aistrithe t\u00e1bhachtach agus an t-ord ina gcuirtear na hiarrth\u00f3ir\u00ed is \u00edsle as an \u00e1ireamh cinni\u00fanach d\u00f3ibh sin at\u00e1 fanta agus ag brath orthu.<\/p>\n<p>Is d\u00f3igh gur ag FF agus FG a bheidh an ch\u00e9ad d\u00e1 shu\u00edoch\u00e1n.\u00a0 T\u00e1 Se\u00e1n Kyne (FG) ar dhuine de bheirt ar bharr an liosta is airde taca\u00edocht (13%).\u00a0 Beidh seans an-l\u00e1idir aige-san agus ag an t\u00e9 at\u00e1 ar chomh-mharc leis, \u00c9amon \u00d3 Cu\u00edv (FF) su\u00edoch\u00e1in a bhaint amach luath go maith sa gcomhaireamh.\u00a0 T\u00e1 de bhunt\u00e1iste acu beirt go bhfuil comhghleacaithe p\u00e1irt\u00ed ag seasamh leo ar aon agus ba cheart gur leor a dtaca\u00edocht si\u00fad sin lena su\u00edoch\u00e1n a chinnti\u00fa don bheirt.<\/p>\n<p>C\u00e9 nach bhfuil dh\u00e1 chu\u00f3ta bainte amach ag FG, de r\u00e9ir na pobalbhreithe seo, t\u00e1 seans l\u00e1idir ag an bp\u00e1irt\u00ed ar an dara su\u00edoch\u00e1n agus is \u00e9 John O\u2019Mahony an t\u00e9 is d\u00f3iche a gheobhaidh \u00e9.\u00a0 T\u00e1 s\u00e9 sa dara h\u00e1it \u00f3 thaobh taca\u00edochta ag FG.\u00a0 Is i Maigh Eo a bh\u00ed s\u00e9 ina Theachta D\u00e1la go dt\u00ed seo, agus beidh s\u00e9 ag tabhairt leis roinnt v\u00f3ta\u00ed \u00f3n gcontae chuig an D\u00e1ilcheantar seo freisin.\u00a0 Anuas air sin, t\u00e1 meas agus gean air mar gurbh \u00e9 an bainisteoir ar an fhoireann pheile an chontae a thug Craobh na h\u00c9ireann ar ais go Gaillimh faoi dh\u00f3.\u00a0 Beidh v\u00f3ta\u00ed \u00a0ag teacht chuige freisin \u00f3na chomhghleaca\u00ed p\u00e1irt\u00ed, \u00a0Hildegard Naughton (agus go fi\u00fa \u00f3 Derek Nolan an Lucht Oibre, sa gc\u00e1s is go gcuirf\u00ed fear an Lucht Oibre as an \u00e1ireamh).<\/p>\n<p>T\u00e1 ag \u00e9ir\u00ed go maith le Trevor \u00d3 Clochartaigh do Shinn F\u00e9in agus \u00e9 ag t\u00f3g\u00e1il ar an d\u00fashraith a leag s\u00e9 d\u00f3 f\u00e9in in Olltoghch\u00e1n 2011.\u00a0 Bheif\u00ed ag s\u00fail go mbeadh seans aige ar an ceathr\u00fa su\u00edoch\u00e1n an uair seo, c\u00e9 nach leor ann f\u00e9in an\u00a0 scair 11% \u00a0at\u00e1 aige agus go mb\u00edonn s\u00e9 doiligh ag SF v\u00f3ta\u00ed aistrithe a mhealladh.<\/p>\n<p>Mar is iond\u00fail i nGaillimh Thiar, beidh s\u00e9 ina dhian-ioma\u00edocht do na su\u00edoch\u00e1in dheireanacha agus beidh na Neamhsple\u00e1igh Catherine Connolly (8%), Noel Grealish (7%) mar aon le Derek Nolan (LO, 6%) agus Niall \u00d3 Tuathail \u00a0\u00a0(DS 6%) ag troid go l\u00e1idir go dt\u00ed an deireadh.\u00a0 Is mairg a dh\u00e9anfadh an su\u00edochan deireanach a thuar.<\/p>\n<p><strong>N\u00f3ta d\u2019eagarth\u00f3ir\u00ed<\/strong>: \u00a0 Sa mbreis ar cheisteanna faoina v\u00f3ta\u00ed, chuir Ipsos MRBI ceist ar na v\u00f3t\u00f3ir\u00ed i gGaillimh Thiar faoi n na nithe is m\u00f3 at\u00e1 ag d\u00e9anamh buartha d\u00f3ibh.\u00a0 \u00a0Beidh sonra\u00ed f\u00fathu sin \u00e1 nochtadh anocht freisin ar <em>V\u00f3ta 2016<\/em>.<br \/>\nT\u00e1 <strong>M\u00e1ire T N\u00ed Mhadaoin<\/strong>, <em>V\u00f3ta 2016<\/em> ar an suirbh\u00e9 seo, ar f\u00e1il d\u2019agallaimh ar an bpobalbhreith nua seo sa D\u00e1ilcheantar.<br \/>\nTeagmh\u00e1il: Linda N\u00ed Ghr\u00edofa 091 505228\u00a0\u00a0 <a href=\"mailto:linda.ni.ghriofa@dev.tg4.ie\">linda.ni.ghriofa@dev.tg4.ie<\/a><\/p>\n<p>&nbsp;<\/p>\n<p><sup>(<em>N\u00f3ta ar mhodheola\u00edocht na phobailbhreithe<\/em>:\u00a0\u00a0\u00a0 Sampla 515 duine (18+ bliain) a bh\u00ed ag an bpobalbhreith seo a rinne an comhlacht Ipsos MRBI do TG4.\u00a0\u00a0 Rinneadh na hagallaimh D\u00e9ardaoin 18 agus Aoine 19 Feabhra i suirbh\u00e9 at\u00e1 de r\u00e9ir na dtreoirl\u00ednte at\u00e1 leagtha s\u00edos ag an Marketing Society of Ireland agus ESOMAR.\u00a0 Rinneadh 475 de na hagallaimh le CATI [Computer Aided Telephone Interviewing]. Roghna\u00edodh na rannph\u00e1irithe \u00f3 bhunachar sonra\u00ed comhdh\u00e9anta d\u2019uimhreacha tal\u00fan agus soghluaiste, bunachar a crutha\u00edodh le Diall\u00fa Randamach Digiteach (Random Digit Dialling). \u00a0\u00a0Rinneadh an 40 agallamh eile aghaidh ar aghaidh ag roinnt pointi sampl\u00e1la sa gcuid nua den D\u00e1ilcheantar seo\u00a0 i Maigh Eo. B\u00edonn l\u00e1mh\u00e1il earr\u00e1ide m\u00f3ide\/l\u00faide 4% i gceiste le suirbh\u00ed bunaithe ar shampla 500 duine).<\/sup><\/p>\n","protected":false},"excerpt":{"rendered":"<p>Fine Gael ag seasamh an fh\u00f3id ach Lucht Oibre faoi bhr\u00fa i nGaillimh Thiar SF go tr\u00e9an san ioma\u00edocht freisin agus sciob-sceab don 5\u00fa su\u00edoch\u00e1n L\u00e9ir\u00edonn pobalbhreith nua do TG4 go bhfuil seans maith ag Fine Gael dh\u00e1 shu\u00edoch\u00e1n D\u00e1la a bhuachan i nGaillimh Thiar san Olltoghch\u00e1n ar an Aoine ach go mbeidh s\u00e9 an-deacair [&hellip;]<\/p>\n","protected":false},"author":876,"featured_media":0,"parent":6580,"menu_order":7,"comment_status":"closed","ping_status":"closed","template":"page-templates\/template-pr.php","meta":{"_acf_changed":false,"footnotes":""},"acf":[],"yoast_head":"<!-- This site is optimized with the Yoast SEO plugin v22.6 - https:\/\/yoast.com\/wordpress\/plugins\/seo\/ -->\n<title>23.02.16 - TG4<\/title>\n<meta name=\"robots\" content=\"index, follow, max-snippet:-1, max-image-preview:large, max-video-preview:-1\" \/>\n<meta property=\"og:locale\" content=\"en_US\" \/>\n<meta property=\"og:type\" content=\"article\" \/>\n<meta property=\"og:title\" content=\"23.02.16 - TG4\" \/>\n<meta property=\"og:description\" content=\"Fine Gael ag seasamh an fh\u00f3id ach Lucht Oibre faoi bhr\u00fa i nGaillimh Thiar SF go tr\u00e9an san ioma\u00edocht freisin agus sciob-sceab don 5\u00fa su\u00edoch\u00e1n L\u00e9ir\u00edonn pobalbhreith nua do TG4 go bhfuil seans maith ag Fine Gael dh\u00e1 shu\u00edoch\u00e1n D\u00e1la a bhuachan i nGaillimh Thiar san Olltoghch\u00e1n ar an Aoine ach go mbeidh s\u00e9 an-deacair [&hellip;]\" \/>\n<meta property=\"og:url\" content=\"https:\/\/dev.tg4.ie\/ga\/eolas\/preas\/nuacht-raitis\/2016-2\/23-02-16\/\" \/>\n<meta property=\"og:site_name\" content=\"TG4\" \/>\n<meta property=\"article:publisher\" content=\"https:\/\/www.facebook.com\/TG4TV\" \/>\n<meta property=\"article:modified_time\" content=\"2019-06-24T15:18:02+00:00\" \/>\n<meta property=\"og:image\" content=\"https:\/\/tg4-docs.s3.amazonaws.com\/wp-content\/uploads\/2024\/11\/18151812\/TG4_2024_corcra_teal_1-1920x1080-1.jpg\" \/>\n\t<meta property=\"og:image:width\" content=\"1920\" \/>\n\t<meta property=\"og:image:height\" content=\"1080\" \/>\n\t<meta property=\"og:image:type\" content=\"image\/jpeg\" \/>\n<meta name=\"twitter:card\" content=\"summary_large_image\" \/>\n<meta name=\"twitter:site\" content=\"@TG4TV\" \/>\n<meta name=\"twitter:label1\" content=\"Est. reading time\" \/>\n\t<meta name=\"twitter:data1\" content=\"5 minutes\" \/>\n<script type=\"application\/ld+json\" class=\"yoast-schema-graph\">{\"@context\":\"https:\/\/schema.org\",\"@graph\":[{\"@type\":\"WebPage\",\"@id\":\"https:\/\/dev.tg4.ie\/ga\/eolas\/preas\/nuacht-raitis\/2016-2\/23-02-16\/\",\"url\":\"https:\/\/dev.tg4.ie\/ga\/eolas\/preas\/nuacht-raitis\/2016-2\/23-02-16\/\",\"name\":\"23.02.16 - TG4\",\"isPartOf\":{\"@id\":\"https:\/\/dev.tg4.ie\/en\/#website\"},\"datePublished\":\"2016-02-23T19:30:23+00:00\",\"dateModified\":\"2019-06-24T15:18:02+00:00\",\"breadcrumb\":{\"@id\":\"https:\/\/dev.tg4.ie\/ga\/eolas\/preas\/nuacht-raitis\/2016-2\/23-02-16\/#breadcrumb\"},\"inLanguage\":\"ga\",\"potentialAction\":[{\"@type\":\"ReadAction\",\"target\":[\"https:\/\/dev.tg4.ie\/ga\/eolas\/preas\/nuacht-raitis\/2016-2\/23-02-16\/\"]}]},{\"@type\":\"BreadcrumbList\",\"@id\":\"https:\/\/dev.tg4.ie\/ga\/eolas\/preas\/nuacht-raitis\/2016-2\/23-02-16\/#breadcrumb\",\"itemListElement\":[{\"@type\":\"ListItem\",\"position\":1,\"name\":\"Home\",\"item\":\"https:\/\/dev.tg4.ie\/ga\/\"},{\"@type\":\"ListItem\",\"position\":2,\"name\":\"Eolas\",\"item\":\"https:\/\/dev.tg4.ie\/ga\/eolas\/\"},{\"@type\":\"ListItem\",\"position\":3,\"name\":\"Preas\",\"item\":\"https:\/\/dev.tg4.ie\/ga\/eolas\/preas\/\"},{\"@type\":\"ListItem\",\"position\":4,\"name\":\"Nuacht R\u00e1itis\",\"item\":\"https:\/\/dev.tg4.ie\/ga\/eolas\/preas\/nuacht-raitis\/\"},{\"@type\":\"ListItem\",\"position\":5,\"name\":\"2016\",\"item\":\"https:\/\/dev.tg4.ie\/ga\/eolas\/preas\/nuacht-raitis\/2016-2\/\"},{\"@type\":\"ListItem\",\"position\":6,\"name\":\"23.02.16\"}]},{\"@type\":\"WebSite\",\"@id\":\"https:\/\/dev.tg4.ie\/en\/#website\",\"url\":\"https:\/\/dev.tg4.ie\/en\/\",\"name\":\"TG4\",\"description\":\"S\u00fail Eile\",\"potentialAction\":[{\"@type\":\"SearchAction\",\"target\":{\"@type\":\"EntryPoint\",\"urlTemplate\":\"https:\/\/dev.tg4.ie\/en\/?s={search_term_string}\"},\"query-input\":\"required name=search_term_string\"}],\"inLanguage\":\"ga\"}]}<\/script>\n<!-- \/ Yoast SEO plugin. -->","yoast_head_json":{"title":"23.02.16 - TG4","robots":{"index":"index","follow":"follow","max-snippet":"max-snippet:-1","max-image-preview":"max-image-preview:large","max-video-preview":"max-video-preview:-1"},"og_locale":"en_US","og_type":"article","og_title":"23.02.16 - TG4","og_description":"Fine Gael ag seasamh an fh\u00f3id ach Lucht Oibre faoi bhr\u00fa i nGaillimh Thiar SF go tr\u00e9an san ioma\u00edocht freisin agus sciob-sceab don 5\u00fa su\u00edoch\u00e1n L\u00e9ir\u00edonn pobalbhreith nua do TG4 go bhfuil seans maith ag Fine Gael dh\u00e1 shu\u00edoch\u00e1n D\u00e1la a bhuachan i nGaillimh Thiar san Olltoghch\u00e1n ar an Aoine ach go mbeidh s\u00e9 an-deacair [&hellip;]","og_url":"https:\/\/dev.tg4.ie\/ga\/eolas\/preas\/nuacht-raitis\/2016-2\/23-02-16\/","og_site_name":"TG4","article_publisher":"https:\/\/www.facebook.com\/TG4TV","article_modified_time":"2019-06-24T15:18:02+00:00","og_image":[{"width":1920,"height":1080,"url":"https:\/\/tg4-docs.s3.amazonaws.com\/wp-content\/uploads\/2024\/11\/18151812\/TG4_2024_corcra_teal_1-1920x1080-1.jpg","type":"image\/jpeg"}],"twitter_card":"summary_large_image","twitter_site":"@TG4TV","twitter_misc":{"Est. reading time":"5 minutes"},"schema":{"@context":"https:\/\/schema.org","@graph":[{"@type":"WebPage","@id":"https:\/\/dev.tg4.ie\/ga\/eolas\/preas\/nuacht-raitis\/2016-2\/23-02-16\/","url":"https:\/\/dev.tg4.ie\/ga\/eolas\/preas\/nuacht-raitis\/2016-2\/23-02-16\/","name":"23.02.16 - TG4","isPartOf":{"@id":"https:\/\/dev.tg4.ie\/en\/#website"},"datePublished":"2016-02-23T19:30:23+00:00","dateModified":"2019-06-24T15:18:02+00:00","breadcrumb":{"@id":"https:\/\/dev.tg4.ie\/ga\/eolas\/preas\/nuacht-raitis\/2016-2\/23-02-16\/#breadcrumb"},"inLanguage":"ga","potentialAction":[{"@type":"ReadAction","target":["https:\/\/dev.tg4.ie\/ga\/eolas\/preas\/nuacht-raitis\/2016-2\/23-02-16\/"]}]},{"@type":"BreadcrumbList","@id":"https:\/\/dev.tg4.ie\/ga\/eolas\/preas\/nuacht-raitis\/2016-2\/23-02-16\/#breadcrumb","itemListElement":[{"@type":"ListItem","position":1,"name":"Home","item":"https:\/\/dev.tg4.ie\/ga\/"},{"@type":"ListItem","position":2,"name":"Eolas","item":"https:\/\/dev.tg4.ie\/ga\/eolas\/"},{"@type":"ListItem","position":3,"name":"Preas","item":"https:\/\/dev.tg4.ie\/ga\/eolas\/preas\/"},{"@type":"ListItem","position":4,"name":"Nuacht R\u00e1itis","item":"https:\/\/dev.tg4.ie\/ga\/eolas\/preas\/nuacht-raitis\/"},{"@type":"ListItem","position":5,"name":"2016","item":"https:\/\/dev.tg4.ie\/ga\/eolas\/preas\/nuacht-raitis\/2016-2\/"},{"@type":"ListItem","position":6,"name":"23.02.16"}]},{"@type":"WebSite","@id":"https:\/\/dev.tg4.ie\/en\/#website","url":"https:\/\/dev.tg4.ie\/en\/","name":"TG4","description":"S\u00fail Eile","potentialAction":[{"@type":"SearchAction","target":{"@type":"EntryPoint","urlTemplate":"https:\/\/dev.tg4.ie\/en\/?s={search_term_string}"},"query-input":"required name=search_term_string"}],"inLanguage":"ga"}]}},"_links":{"self":[{"href":"https:\/\/dev.tg4.ie\/ga\/wp-json\/wp\/v2\/pages\/14765"}],"collection":[{"href":"https:\/\/dev.tg4.ie\/ga\/wp-json\/wp\/v2\/pages"}],"about":[{"href":"https:\/\/dev.tg4.ie\/ga\/wp-json\/wp\/v2\/types\/page"}],"author":[{"embeddable":true,"href":"https:\/\/dev.tg4.ie\/ga\/wp-json\/wp\/v2\/users\/876"}],"replies":[{"embeddable":true,"href":"https:\/\/dev.tg4.ie\/ga\/wp-json\/wp\/v2\/comments?post=14765"}],"version-history":[{"count":0,"href":"https:\/\/dev.tg4.ie\/ga\/wp-json\/wp\/v2\/pages\/14765\/revisions"}],"up":[{"embeddable":true,"href":"https:\/\/dev.tg4.ie\/ga\/wp-json\/wp\/v2\/pages\/6580"}],"wp:attachment":[{"href":"https:\/\/dev.tg4.ie\/ga\/wp-json\/wp\/v2\/media?parent=14765"}],"curies":[{"name":"wp","href":"https:\/\/api.w.org\/{rel}","templated":true}]}}