{"id":148091,"date":"2022-05-11T11:22:18","date_gmt":"2022-05-11T10:22:18","guid":{"rendered":"https:\/\/dev.tg4.ie\/?page_id=148091"},"modified":"2022-05-11T11:22:18","modified_gmt":"2022-05-11T10:22:18","slug":"foluntais-do-thriur-iarrthoir-ar-bhord-tg4-fogartha-ag-stateboards-ie","status":"publish","type":"page","link":"https:\/\/dev.tg4.ie\/ga\/eolas\/preas\/nuacht-raitis\/2022-2\/foluntais-do-thriur-iarrthoir-ar-bhord-tg4-fogartha-ag-stateboards-ie\/","title":{"rendered":"Fol\u00fantais do thri\u00far iarrth\u00f3ir ar Bhord TG4 f\u00f3gartha ag Stateboards.ie"},"content":{"rendered":"<p><img loading=\"lazy\" decoding=\"async\" width=\"1920\" height=\"1080\" src=\"https:\/\/tg4-docs.s3.amazonaws.com\/wp-content\/uploads\/2022\/05\/11111735\/Foluntais_Bord_TG4_2022_1-1920x1080-1.jpg\" alt=\"\" class=\"alignleft size-full wp-image-148093\" srcset=\"https:\/\/tg4-docs.s3.amazonaws.com\/wp-content\/uploads\/2022\/05\/11111735\/Foluntais_Bord_TG4_2022_1-1920x1080-1.jpg 1920w, https:\/\/tg4-docs.s3.amazonaws.com\/wp-content\/uploads\/2022\/05\/11111735\/Foluntais_Bord_TG4_2022_1-1920x1080-1-250x141.jpg 250w, https:\/\/tg4-docs.s3.amazonaws.com\/wp-content\/uploads\/2022\/05\/11111735\/Foluntais_Bord_TG4_2022_1-1920x1080-1-700x394.jpg 700w, https:\/\/tg4-docs.s3.amazonaws.com\/wp-content\/uploads\/2022\/05\/11111735\/Foluntais_Bord_TG4_2022_1-1920x1080-1-252x141.jpg 252w, https:\/\/tg4-docs.s3.amazonaws.com\/wp-content\/uploads\/2022\/05\/11111735\/Foluntais_Bord_TG4_2022_1-1920x1080-1-1536x864.jpg 1536w, https:\/\/tg4-docs.s3.amazonaws.com\/wp-content\/uploads\/2022\/05\/11111735\/Foluntais_Bord_TG4_2022_1-1920x1080-1-120x68.jpg 120w\" sizes=\"(max-width: 1920px) 100vw, 1920px\" \/><br \/>\n&nbsp;<\/p>\n<p>T\u00e1 tri\u00far le ceapadh ag an Aire Turas\u00f3ireachta, Cult\u00fair, Eala\u00edon, Gaeltachta, Sp\u00f3irt &#038; Me\u00e1n ar bhord TG4, Cathaoirleach nua san \u00e1ireamh. F\u00f3gra\u00edodh na fol\u00fantais ar <a href=\"https:\/\/stateboards.ie\/ga\/\" rel=\"noopener\" target=\"_blank\">Stateboards.ie<\/a>.  <\/p>\n<p>Beidh Cathaoirleach Bhord TG4 freagrach as ceannaireacht agus \u00e9ifeacht\u00falacht an bhoird.  Beidh taith\u00ed ghairmi\u00fail ag leibh\u00e9al sinsearach sa tionscal closamhairc, n\u00f3 sa tseirbh\u00eds phoibl\u00ed, n\u00f3 in institi\u00faid chult\u00fair\/oideachais a bhaineann leis an \u00e1bhar c\u00e9anna ag an t\u00e9 a cheapfar mar Chathaoirleach.<\/p>\n<p>Beidh beirt gn\u00e1thchomhalta\u00ed \u00e1 cheapadh ar an mBord chomh maith a bhfuil taith\u00ed acu ag leibh\u00e9al sinsearach i gceann amh\u00e1in n\u00f3 n\u00edos m\u00f3 de na r\u00e9ims\u00ed seo a leanas: Airgeadas, Gn\u00f3 agus Rialachas Corpar\u00e1ide; Forbairt na hEarn\u00e1la Cruthaith\u00ed n\u00f3 Forbairt Lucht F\u00e9achana. <\/p>\n<p>Buna\u00edodh Bord Theilif\u00eds na Gaeilge in Aibre\u00e1n na bliana 2007 faoi fhor\u00e1il den Acht Craolach\u00e1in, 2001. T\u00e1 an bord comhdh\u00e9anta de chathaoirleach agus 11 chomhalta, an tArd-Sti\u00farth\u00f3ir san \u00e1ireamh i gc\u00e1il ex-officio chomh maith le comhalta at\u00e1 ionada\u00edoch ar an bhfoireann. <\/p>\n<p>Th\u00e1inig cr\u00edoch le t\u00e9arma\u00ed c\u00faigear comhalta\u00ed ar Bhord TG4 ar an 16 Aibre\u00e1n, cathaoirleach an bhoird Si\u00fan N\u00ed Raghallaigh ina measc. Chaith na comhalta\u00ed Si\u00fan N\u00ed Raghallaigh, Des Geraghty, Michelle N\u00ed Chr\u00f3in\u00edn, Mair\u00e9ad N\u00ed Cheoin\u00edn agus Miche\u00e1l Seoighe dh\u00e1 th\u00e9arma c\u00faig bliana ar Bhord TG4.  T\u00e1 t\u00e9arma\u00ed na gcomhalta\u00ed seo a leanas &#8211; Mair\u00e9ad N\u00ed Nuadh\u00e1in, Siobh\u00e1n N\u00ed Ghadhra, Darach \u00d3 Tuairisg agus an t-ionada\u00ed foirne Se\u00e1n \u00d3 Domhnaill f\u00f3s ar bun. Athcheapadh Frank Reidy agus Br\u00edd N\u00ed Fhachtna ar an mbord in 2020.    <\/p>\n<p>Is \u00e9 an d\u00e1ta deiridh d&#8217;iarratas n\u00e1 15:00 ar an 31 Bealtaine 2022<br \/>\n&nbsp;<br \/>\n&nbsp;<\/p>\n","protected":false},"excerpt":{"rendered":"<p>&nbsp; T\u00e1 tri\u00far le ceapadh ag an Aire Turas\u00f3ireachta, Cult\u00fair, Eala\u00edon, Gaeltachta, Sp\u00f3irt &#038; Me\u00e1n ar bhord TG4, Cathaoirleach nua san \u00e1ireamh. F\u00f3gra\u00edodh na fol\u00fantais ar Stateboards.ie. Beidh Cathaoirleach Bhord TG4 freagrach as ceannaireacht agus \u00e9ifeacht\u00falacht an bhoird. Beidh taith\u00ed ghairmi\u00fail ag leibh\u00e9al sinsearach sa tionscal closamhairc, n\u00f3 sa tseirbh\u00eds phoibl\u00ed, n\u00f3 in institi\u00faid chult\u00fair\/oideachais [&hellip;]<\/p>\n","protected":false},"author":876,"featured_media":0,"parent":138171,"menu_order":15,"comment_status":"closed","ping_status":"closed","template":"page-templates\/template-pr.php","meta":{"_acf_changed":false,"footnotes":""},"acf":[],"yoast_head":"<!-- This site is optimized with the Yoast SEO plugin v22.6 - https:\/\/yoast.com\/wordpress\/plugins\/seo\/ -->\n<title>Fol\u00fantais do thri\u00far iarrth\u00f3ir ar Bhord TG4 f\u00f3gartha ag Stateboards.ie | Preas R\u00e1iteas | TG4<\/title>\n<meta name=\"description\" content=\"T\u00e1 tri\u00far le ceapadh ag an Aire Turas\u00f3ireachta, Cult\u00fair, Eala\u00edon, Gaeltachta, Sp\u00f3irt &amp; Me\u00e1n ar bhord TG4, Cathaoirleach nua san \u00e1ireamh. F\u00f3gra\u00edodh na fol\u00fantais ar Stateboards.ie.\" \/>\n<meta name=\"robots\" content=\"index, follow, max-snippet:-1, max-image-preview:large, max-video-preview:-1\" \/>\n<meta property=\"og:locale\" content=\"en_US\" \/>\n<meta property=\"og:type\" content=\"article\" \/>\n<meta property=\"og:title\" content=\"Fol\u00fantais do thri\u00far iarrth\u00f3ir ar Bhord TG4 f\u00f3gartha ag Stateboards.ie | Preas R\u00e1iteas | TG4\" \/>\n<meta property=\"og:description\" content=\"T\u00e1 tri\u00far le ceapadh ag an Aire Turas\u00f3ireachta, Cult\u00fair, Eala\u00edon, Gaeltachta, Sp\u00f3irt &amp; Me\u00e1n ar bhord TG4, Cathaoirleach nua san \u00e1ireamh. F\u00f3gra\u00edodh na fol\u00fantais ar Stateboards.ie.\" \/>\n<meta property=\"og:url\" content=\"https:\/\/dev.tg4.ie\/ga\/eolas\/preas\/nuacht-raitis\/2022-2\/foluntais-do-thriur-iarrthoir-ar-bhord-tg4-fogartha-ag-stateboards-ie\/\" \/>\n<meta property=\"og:site_name\" content=\"TG4\" \/>\n<meta property=\"article:publisher\" content=\"https:\/\/www.facebook.com\/TG4TV\" \/>\n<meta property=\"og:image\" content=\"https:\/\/tg4-docs.s3.amazonaws.com\/wp-content\/uploads\/2022\/05\/11111735\/Foluntais_Bord_TG4_2022_1-1920x1080-1.jpg\" \/>\n\t<meta property=\"og:image:width\" content=\"1920\" \/>\n\t<meta property=\"og:image:height\" content=\"1080\" \/>\n\t<meta property=\"og:image:type\" content=\"image\/jpeg\" \/>\n<meta name=\"twitter:card\" content=\"summary_large_image\" \/>\n<meta name=\"twitter:image\" content=\"https:\/\/tg4-docs.s3.amazonaws.com\/wp-content\/uploads\/2022\/05\/11111735\/Foluntais_Bord_TG4_2022_1-1920x1080-1.jpg\" \/>\n<meta name=\"twitter:site\" content=\"@TG4TV\" \/>\n<meta name=\"twitter:label1\" content=\"Est. reading time\" \/>\n\t<meta name=\"twitter:data1\" content=\"8 minutes\" \/>\n<script type=\"application\/ld+json\" class=\"yoast-schema-graph\">{\"@context\":\"https:\/\/schema.org\",\"@graph\":[{\"@type\":\"WebPage\",\"@id\":\"https:\/\/dev.tg4.ie\/ga\/eolas\/preas\/nuacht-raitis\/2022-2\/foluntais-do-thriur-iarrthoir-ar-bhord-tg4-fogartha-ag-stateboards-ie\/\",\"url\":\"https:\/\/dev.tg4.ie\/ga\/eolas\/preas\/nuacht-raitis\/2022-2\/foluntais-do-thriur-iarrthoir-ar-bhord-tg4-fogartha-ag-stateboards-ie\/\",\"name\":\"Fol\u00fantais do thri\u00far iarrth\u00f3ir ar Bhord TG4 f\u00f3gartha ag Stateboards.ie | Preas R\u00e1iteas | TG4\",\"isPartOf\":{\"@id\":\"https:\/\/dev.tg4.ie\/en\/#website\"},\"primaryImageOfPage\":{\"@id\":\"https:\/\/dev.tg4.ie\/ga\/eolas\/preas\/nuacht-raitis\/2022-2\/foluntais-do-thriur-iarrthoir-ar-bhord-tg4-fogartha-ag-stateboards-ie\/#primaryimage\"},\"image\":{\"@id\":\"https:\/\/dev.tg4.ie\/ga\/eolas\/preas\/nuacht-raitis\/2022-2\/foluntais-do-thriur-iarrthoir-ar-bhord-tg4-fogartha-ag-stateboards-ie\/#primaryimage\"},\"thumbnailUrl\":\"https:\/\/dev.tg4.ie\/wp-content\/uploads\/2022\/05\/Foluntais_Bord_TG4_2022_1-1920x1080-1.jpg\",\"datePublished\":\"2022-05-11T10:22:18+00:00\",\"dateModified\":\"2022-05-11T10:22:18+00:00\",\"description\":\"T\u00e1 tri\u00far le ceapadh ag an Aire Turas\u00f3ireachta, Cult\u00fair, Eala\u00edon, Gaeltachta, Sp\u00f3irt & Me\u00e1n ar bhord TG4, Cathaoirleach nua san \u00e1ireamh. F\u00f3gra\u00edodh na fol\u00fantais ar Stateboards.ie.\",\"breadcrumb\":{\"@id\":\"https:\/\/dev.tg4.ie\/ga\/eolas\/preas\/nuacht-raitis\/2022-2\/foluntais-do-thriur-iarrthoir-ar-bhord-tg4-fogartha-ag-stateboards-ie\/#breadcrumb\"},\"inLanguage\":\"ga\",\"potentialAction\":[{\"@type\":\"ReadAction\",\"target\":[\"https:\/\/dev.tg4.ie\/ga\/eolas\/preas\/nuacht-raitis\/2022-2\/foluntais-do-thriur-iarrthoir-ar-bhord-tg4-fogartha-ag-stateboards-ie\/\"]}]},{\"@type\":\"ImageObject\",\"inLanguage\":\"ga\",\"@id\":\"https:\/\/dev.tg4.ie\/ga\/eolas\/preas\/nuacht-raitis\/2022-2\/foluntais-do-thriur-iarrthoir-ar-bhord-tg4-fogartha-ag-stateboards-ie\/#primaryimage\",\"url\":\"https:\/\/dev.tg4.ie\/wp-content\/uploads\/2022\/05\/Foluntais_Bord_TG4_2022_1-1920x1080-1.jpg\",\"contentUrl\":\"https:\/\/dev.tg4.ie\/wp-content\/uploads\/2022\/05\/Foluntais_Bord_TG4_2022_1-1920x1080-1.jpg\"},{\"@type\":\"BreadcrumbList\",\"@id\":\"https:\/\/dev.tg4.ie\/ga\/eolas\/preas\/nuacht-raitis\/2022-2\/foluntais-do-thriur-iarrthoir-ar-bhord-tg4-fogartha-ag-stateboards-ie\/#breadcrumb\",\"itemListElement\":[{\"@type\":\"ListItem\",\"position\":1,\"name\":\"Home\",\"item\":\"https:\/\/dev.tg4.ie\/ga\/\"},{\"@type\":\"ListItem\",\"position\":2,\"name\":\"Eolas\",\"item\":\"https:\/\/dev.tg4.ie\/ga\/eolas\/\"},{\"@type\":\"ListItem\",\"position\":3,\"name\":\"Preas\",\"item\":\"https:\/\/dev.tg4.ie\/ga\/eolas\/preas\/\"},{\"@type\":\"ListItem\",\"position\":4,\"name\":\"Nuacht R\u00e1itis\",\"item\":\"https:\/\/dev.tg4.ie\/ga\/eolas\/preas\/nuacht-raitis\/\"},{\"@type\":\"ListItem\",\"position\":5,\"name\":\"2022\",\"item\":\"https:\/\/dev.tg4.ie\/ga\/eolas\/preas\/nuacht-raitis\/2022-2\/\"},{\"@type\":\"ListItem\",\"position\":6,\"name\":\"Fol\u00fantais do thri\u00far iarrth\u00f3ir ar Bhord TG4 f\u00f3gartha ag Stateboards.ie\"}]},{\"@type\":\"WebSite\",\"@id\":\"https:\/\/dev.tg4.ie\/en\/#website\",\"url\":\"https:\/\/dev.tg4.ie\/en\/\",\"name\":\"TG4\",\"description\":\"S\u00fail Eile\",\"potentialAction\":[{\"@type\":\"SearchAction\",\"target\":{\"@type\":\"EntryPoint\",\"urlTemplate\":\"https:\/\/dev.tg4.ie\/en\/?s={search_term_string}\"},\"query-input\":\"required name=search_term_string\"}],\"inLanguage\":\"ga\"}]}<\/script>\n<!-- \/ Yoast SEO plugin. -->","yoast_head_json":{"title":"Fol\u00fantais do thri\u00far iarrth\u00f3ir ar Bhord TG4 f\u00f3gartha ag Stateboards.ie | Preas R\u00e1iteas | TG4","description":"T\u00e1 tri\u00far le ceapadh ag an Aire Turas\u00f3ireachta, Cult\u00fair, Eala\u00edon, Gaeltachta, Sp\u00f3irt & Me\u00e1n ar bhord TG4, Cathaoirleach nua san \u00e1ireamh. F\u00f3gra\u00edodh na fol\u00fantais ar Stateboards.ie.","robots":{"index":"index","follow":"follow","max-snippet":"max-snippet:-1","max-image-preview":"max-image-preview:large","max-video-preview":"max-video-preview:-1"},"og_locale":"en_US","og_type":"article","og_title":"Fol\u00fantais do thri\u00far iarrth\u00f3ir ar Bhord TG4 f\u00f3gartha ag Stateboards.ie | Preas R\u00e1iteas | TG4","og_description":"T\u00e1 tri\u00far le ceapadh ag an Aire Turas\u00f3ireachta, Cult\u00fair, Eala\u00edon, Gaeltachta, Sp\u00f3irt & Me\u00e1n ar bhord TG4, Cathaoirleach nua san \u00e1ireamh. F\u00f3gra\u00edodh na fol\u00fantais ar Stateboards.ie.","og_url":"https:\/\/dev.tg4.ie\/ga\/eolas\/preas\/nuacht-raitis\/2022-2\/foluntais-do-thriur-iarrthoir-ar-bhord-tg4-fogartha-ag-stateboards-ie\/","og_site_name":"TG4","article_publisher":"https:\/\/www.facebook.com\/TG4TV","og_image":[{"width":1920,"height":1080,"url":"https:\/\/tg4-docs.s3.amazonaws.com\/wp-content\/uploads\/2022\/05\/11111735\/Foluntais_Bord_TG4_2022_1-1920x1080-1.jpg","type":"image\/jpeg"}],"twitter_card":"summary_large_image","twitter_image":"https:\/\/tg4-docs.s3.amazonaws.com\/wp-content\/uploads\/2022\/05\/11111735\/Foluntais_Bord_TG4_2022_1-1920x1080-1.jpg","twitter_site":"@TG4TV","twitter_misc":{"Est. reading time":"8 minutes"},"schema":{"@context":"https:\/\/schema.org","@graph":[{"@type":"WebPage","@id":"https:\/\/dev.tg4.ie\/ga\/eolas\/preas\/nuacht-raitis\/2022-2\/foluntais-do-thriur-iarrthoir-ar-bhord-tg4-fogartha-ag-stateboards-ie\/","url":"https:\/\/dev.tg4.ie\/ga\/eolas\/preas\/nuacht-raitis\/2022-2\/foluntais-do-thriur-iarrthoir-ar-bhord-tg4-fogartha-ag-stateboards-ie\/","name":"Fol\u00fantais do thri\u00far iarrth\u00f3ir ar Bhord TG4 f\u00f3gartha ag Stateboards.ie | Preas R\u00e1iteas | TG4","isPartOf":{"@id":"https:\/\/dev.tg4.ie\/en\/#website"},"primaryImageOfPage":{"@id":"https:\/\/dev.tg4.ie\/ga\/eolas\/preas\/nuacht-raitis\/2022-2\/foluntais-do-thriur-iarrthoir-ar-bhord-tg4-fogartha-ag-stateboards-ie\/#primaryimage"},"image":{"@id":"https:\/\/dev.tg4.ie\/ga\/eolas\/preas\/nuacht-raitis\/2022-2\/foluntais-do-thriur-iarrthoir-ar-bhord-tg4-fogartha-ag-stateboards-ie\/#primaryimage"},"thumbnailUrl":"https:\/\/dev.tg4.ie\/wp-content\/uploads\/2022\/05\/Foluntais_Bord_TG4_2022_1-1920x1080-1.jpg","datePublished":"2022-05-11T10:22:18+00:00","dateModified":"2022-05-11T10:22:18+00:00","description":"T\u00e1 tri\u00far le ceapadh ag an Aire Turas\u00f3ireachta, Cult\u00fair, Eala\u00edon, Gaeltachta, Sp\u00f3irt & Me\u00e1n ar bhord TG4, Cathaoirleach nua san \u00e1ireamh. F\u00f3gra\u00edodh na fol\u00fantais ar Stateboards.ie.","breadcrumb":{"@id":"https:\/\/dev.tg4.ie\/ga\/eolas\/preas\/nuacht-raitis\/2022-2\/foluntais-do-thriur-iarrthoir-ar-bhord-tg4-fogartha-ag-stateboards-ie\/#breadcrumb"},"inLanguage":"ga","potentialAction":[{"@type":"ReadAction","target":["https:\/\/dev.tg4.ie\/ga\/eolas\/preas\/nuacht-raitis\/2022-2\/foluntais-do-thriur-iarrthoir-ar-bhord-tg4-fogartha-ag-stateboards-ie\/"]}]},{"@type":"ImageObject","inLanguage":"ga","@id":"https:\/\/dev.tg4.ie\/ga\/eolas\/preas\/nuacht-raitis\/2022-2\/foluntais-do-thriur-iarrthoir-ar-bhord-tg4-fogartha-ag-stateboards-ie\/#primaryimage","url":"https:\/\/dev.tg4.ie\/wp-content\/uploads\/2022\/05\/Foluntais_Bord_TG4_2022_1-1920x1080-1.jpg","contentUrl":"https:\/\/dev.tg4.ie\/wp-content\/uploads\/2022\/05\/Foluntais_Bord_TG4_2022_1-1920x1080-1.jpg"},{"@type":"BreadcrumbList","@id":"https:\/\/dev.tg4.ie\/ga\/eolas\/preas\/nuacht-raitis\/2022-2\/foluntais-do-thriur-iarrthoir-ar-bhord-tg4-fogartha-ag-stateboards-ie\/#breadcrumb","itemListElement":[{"@type":"ListItem","position":1,"name":"Home","item":"https:\/\/dev.tg4.ie\/ga\/"},{"@type":"ListItem","position":2,"name":"Eolas","item":"https:\/\/dev.tg4.ie\/ga\/eolas\/"},{"@type":"ListItem","position":3,"name":"Preas","item":"https:\/\/dev.tg4.ie\/ga\/eolas\/preas\/"},{"@type":"ListItem","position":4,"name":"Nuacht R\u00e1itis","item":"https:\/\/dev.tg4.ie\/ga\/eolas\/preas\/nuacht-raitis\/"},{"@type":"ListItem","position":5,"name":"2022","item":"https:\/\/dev.tg4.ie\/ga\/eolas\/preas\/nuacht-raitis\/2022-2\/"},{"@type":"ListItem","position":6,"name":"Fol\u00fantais do thri\u00far iarrth\u00f3ir ar Bhord TG4 f\u00f3gartha ag Stateboards.ie"}]},{"@type":"WebSite","@id":"https:\/\/dev.tg4.ie\/en\/#website","url":"https:\/\/dev.tg4.ie\/en\/","name":"TG4","description":"S\u00fail Eile","potentialAction":[{"@type":"SearchAction","target":{"@type":"EntryPoint","urlTemplate":"https:\/\/dev.tg4.ie\/en\/?s={search_term_string}"},"query-input":"required name=search_term_string"}],"inLanguage":"ga"}]}},"_links":{"self":[{"href":"https:\/\/dev.tg4.ie\/ga\/wp-json\/wp\/v2\/pages\/148091"}],"collection":[{"href":"https:\/\/dev.tg4.ie\/ga\/wp-json\/wp\/v2\/pages"}],"about":[{"href":"https:\/\/dev.tg4.ie\/ga\/wp-json\/wp\/v2\/types\/page"}],"author":[{"embeddable":true,"href":"https:\/\/dev.tg4.ie\/ga\/wp-json\/wp\/v2\/users\/876"}],"replies":[{"embeddable":true,"href":"https:\/\/dev.tg4.ie\/ga\/wp-json\/wp\/v2\/comments?post=148091"}],"version-history":[{"count":0,"href":"https:\/\/dev.tg4.ie\/ga\/wp-json\/wp\/v2\/pages\/148091\/revisions"}],"up":[{"embeddable":true,"href":"https:\/\/dev.tg4.ie\/ga\/wp-json\/wp\/v2\/pages\/138171"}],"wp:attachment":[{"href":"https:\/\/dev.tg4.ie\/ga\/wp-json\/wp\/v2\/media?parent=148091"}],"curies":[{"name":"wp","href":"https:\/\/api.w.org\/{rel}","templated":true}]}}