{"id":14831,"date":"2016-02-24T16:50:59","date_gmt":"2016-02-24T16:50:59","guid":{"rendered":"https:\/\/dev.tg4.ie\/corporate\/preas\/press-releases\/2016-2\/24-02-16-2\/"},"modified":"2019-06-24T16:18:44","modified_gmt":"2019-06-24T15:18:44","slug":"24-02-16","status":"publish","type":"page","link":"https:\/\/dev.tg4.ie\/ga\/eolas\/preas\/nuacht-raitis\/2016-2\/24-02-16\/","title":{"rendered":"24.02.16"},"content":{"rendered":"<h2>Neart su\u00edoch\u00e1n le l\u00edonadh i mbeochl\u00fadach TG4 ar thortha\u00ed Olltoghch\u00e1in 2016<\/h2>\n<p>Beidh na tortha\u00ed ar fad, beo-thuairisc\u00ed \u00f3 gach ionad comhairimh sa t\u00edr, grafaic\u00ed soil\u00e9ire snasta suas chun d\u00e1ta, agallaimh le hiarrth\u00f3ir\u00ed agus anail\u00eds gh\u00e9arch\u00faiseach \u00f3 pholaiteoir\u00ed agus \u00f3 thr\u00e1chtair\u00ed eolasacha ar na gn\u00e9ithe is suntasa\u00ed i <em>V\u00f3ta 2016, <\/em>beochl\u00fadach TG4 ar thortha\u00ed an Olltoghch\u00e1in, an deireadh seachtaine seo.<\/p>\n<p>Mar is gn\u00e1ch anois ag an gcain\u00e9al, mairfidh an beochl\u00fadach seo \u00f3 mhoch maidine go deireadh o\u00edche ar an Satharn 27 Feabhra (t\u00fas craolta 10am agus clabhs\u00far 1am) agus ar\u00eds 10am-1pm ar an Domhnach.<\/p>\n<p>Cuimseofar sa gcl\u00e1r seo, beochl\u00fadach ar na tortha\u00ed is \u00faire \u00f3 thuairisceoir\u00ed TG4 ag gach ionad comhairimh, tr\u00e1chtaireacht agus anail\u00eds \u00f3 phain\u00e9al eolasach agus achoimr\u00ed rialta ar an sc\u00e9al casta seo \u2013 ar bhonn r\u00e9igi\u00fain agus go n\u00e1isi\u00fanta.<\/p>\n<p>Is \u00e9 an craolt\u00f3ir aitheanta c\u00farsa\u00ed reatha <strong>P\u00e1id\u00ed \u00d3 Lion\u00e1ird<\/strong> a bheidh sa gcathaoir tr\u00edd s\u00edos agu meitheal bhre\u00e1 ina chuideachta, idir thuairisceoir\u00ed, iar-Air\u00ed (beirt iar-Th\u00e1naist\u00ed ina measc), feisir\u00ed reatha Eorpacha agus thr\u00e1chtair\u00ed &#8211;<strong> Mary Coughlan, <\/strong>\u00a0\u00a0<strong>Alan Dukes, \u00c9amon Gilmore, Tony Killeen, Liadh N\u00ed Riada <\/strong>\u00a0agus <strong>Se\u00e1n Kelly <\/strong>maraon leis na tr\u00e1chtair\u00ed <strong>Beirn\u00ed N\u00ed Chuinn, Antoin Delap, Eoghan \u00d3 Neacht\u00e1in, Eoin \u00d3 Murch\u00fa <\/strong>agus an <strong>Dr\u00a0 S\u00e9in \u00d3 Muineach\u00e1in<\/strong>.<strong>\u00a0 <\/strong>\u00a0\u00a0Beidh iarrth\u00f3ir\u00ed sa toghch\u00e1n faoi agallamh freisin, dar nd\u00f3igh agus iad ag coinne\u00e1il s\u00fail gh\u00e9ar ar a gcinni\u00faint f\u00e9in agus ar an bpicti\u00far n\u00e1isi\u00fanta, leith\u00e9id\u00ed <strong>\u00c9amoin U\u00ed Chu\u00edv<\/strong> agus <strong>Trevor U\u00ed \u00a0Chlochartaigh\u00a0 \u00a0<\/strong>agus ionadaithe \u00f3 ph\u00e1irtithe agus \u00f3 ghr\u00fapa\u00ed eile, idir mh\u00f3r agus bheag.<\/p>\n<p>Le go mbeidh an lucht f\u00e9achana ar an eolas faoina bhfuil ag tarl\u00fa ar fud na t\u00edre, craolfar achoimr\u00ed rialta i bhfoirm grafaic\u00ed ar na tortha\u00ed ar fad agus ar an bp\u00e1tr\u00fan n\u00e1isi\u00fanta at\u00e1 a teacht chun solais (m\u00e1 t\u00e1) dar le <strong>Maolra Mac Donnacha <\/strong>agus beidh achoimre bheacht ar f\u00e1il freisin sna ceannl\u00ednte nuachta a bheidh ag <strong>Eimear N\u00ed Chonaola <\/strong>d\u00fainn ar bhuille gach uair an chloig.<\/p>\n<p>M\u00e1s mian leat a bheith ar an eolas, seo an cl\u00e1r duit agus tig leat freisin teacht i dteagmh\u00e1il linn agus do thuairim a nochtadh le linn an bheo-chraolta;<\/p>\n<p>Twitter @7LaTG4\u00a0 #Vota2016<\/p>\n<p>Facebook <a href=\"https:\/\/www.facebook.com\/7LATG4\" target=\"_blank\" rel=\"noopener noreferrer\">https:\/\/www.facebook.com\/7LATG4<\/a><\/p>\n","protected":false},"excerpt":{"rendered":"<p>Neart su\u00edoch\u00e1n le l\u00edonadh i mbeochl\u00fadach TG4 ar thortha\u00ed Olltoghch\u00e1in 2016 Beidh na tortha\u00ed ar fad, beo-thuairisc\u00ed \u00f3 gach ionad comhairimh sa t\u00edr, grafaic\u00ed soil\u00e9ire snasta suas chun d\u00e1ta, agallaimh le hiarrth\u00f3ir\u00ed agus anail\u00eds gh\u00e9arch\u00faiseach \u00f3 pholaiteoir\u00ed agus \u00f3 thr\u00e1chtair\u00ed eolasacha ar na gn\u00e9ithe is suntasa\u00ed i V\u00f3ta 2016, beochl\u00fadach TG4 ar thortha\u00ed an Olltoghch\u00e1in, [&hellip;]<\/p>\n","protected":false},"author":876,"featured_media":0,"parent":6580,"menu_order":8,"comment_status":"closed","ping_status":"closed","template":"page-templates\/template-pr.php","meta":{"_acf_changed":false,"footnotes":""},"acf":[],"yoast_head":"<!-- This site is optimized with the Yoast SEO plugin v22.6 - https:\/\/yoast.com\/wordpress\/plugins\/seo\/ -->\n<title>24.02.16 - TG4<\/title>\n<meta name=\"robots\" content=\"index, follow, max-snippet:-1, max-image-preview:large, max-video-preview:-1\" \/>\n<meta property=\"og:locale\" content=\"en_US\" \/>\n<meta property=\"og:type\" content=\"article\" \/>\n<meta property=\"og:title\" content=\"24.02.16 - TG4\" \/>\n<meta property=\"og:description\" content=\"Neart su\u00edoch\u00e1n le l\u00edonadh i mbeochl\u00fadach TG4 ar thortha\u00ed Olltoghch\u00e1in 2016 Beidh na tortha\u00ed ar fad, beo-thuairisc\u00ed \u00f3 gach ionad comhairimh sa t\u00edr, grafaic\u00ed soil\u00e9ire snasta suas chun d\u00e1ta, agallaimh le hiarrth\u00f3ir\u00ed agus anail\u00eds gh\u00e9arch\u00faiseach \u00f3 pholaiteoir\u00ed agus \u00f3 thr\u00e1chtair\u00ed eolasacha ar na gn\u00e9ithe is suntasa\u00ed i V\u00f3ta 2016, beochl\u00fadach TG4 ar thortha\u00ed an Olltoghch\u00e1in, [&hellip;]\" \/>\n<meta property=\"og:url\" content=\"https:\/\/dev.tg4.ie\/ga\/eolas\/preas\/nuacht-raitis\/2016-2\/24-02-16\/\" \/>\n<meta property=\"og:site_name\" content=\"TG4\" \/>\n<meta property=\"article:publisher\" content=\"https:\/\/www.facebook.com\/TG4TV\" \/>\n<meta property=\"article:modified_time\" content=\"2019-06-24T15:18:44+00:00\" \/>\n<meta property=\"og:image\" content=\"https:\/\/tg4-docs.s3.amazonaws.com\/wp-content\/uploads\/2024\/11\/18151812\/TG4_2024_corcra_teal_1-1920x1080-1.jpg\" \/>\n\t<meta property=\"og:image:width\" content=\"1920\" \/>\n\t<meta property=\"og:image:height\" content=\"1080\" \/>\n\t<meta property=\"og:image:type\" content=\"image\/jpeg\" \/>\n<meta name=\"twitter:card\" content=\"summary_large_image\" \/>\n<meta name=\"twitter:site\" content=\"@TG4TV\" \/>\n<meta name=\"twitter:label1\" content=\"Est. reading time\" \/>\n\t<meta name=\"twitter:data1\" content=\"2 minutes\" \/>\n<script type=\"application\/ld+json\" class=\"yoast-schema-graph\">{\"@context\":\"https:\/\/schema.org\",\"@graph\":[{\"@type\":\"WebPage\",\"@id\":\"https:\/\/dev.tg4.ie\/ga\/eolas\/preas\/nuacht-raitis\/2016-2\/24-02-16\/\",\"url\":\"https:\/\/dev.tg4.ie\/ga\/eolas\/preas\/nuacht-raitis\/2016-2\/24-02-16\/\",\"name\":\"24.02.16 - TG4\",\"isPartOf\":{\"@id\":\"https:\/\/dev.tg4.ie\/en\/#website\"},\"datePublished\":\"2016-02-24T16:50:59+00:00\",\"dateModified\":\"2019-06-24T15:18:44+00:00\",\"breadcrumb\":{\"@id\":\"https:\/\/dev.tg4.ie\/ga\/eolas\/preas\/nuacht-raitis\/2016-2\/24-02-16\/#breadcrumb\"},\"inLanguage\":\"ga\",\"potentialAction\":[{\"@type\":\"ReadAction\",\"target\":[\"https:\/\/dev.tg4.ie\/ga\/eolas\/preas\/nuacht-raitis\/2016-2\/24-02-16\/\"]}]},{\"@type\":\"BreadcrumbList\",\"@id\":\"https:\/\/dev.tg4.ie\/ga\/eolas\/preas\/nuacht-raitis\/2016-2\/24-02-16\/#breadcrumb\",\"itemListElement\":[{\"@type\":\"ListItem\",\"position\":1,\"name\":\"Home\",\"item\":\"https:\/\/dev.tg4.ie\/ga\/\"},{\"@type\":\"ListItem\",\"position\":2,\"name\":\"Eolas\",\"item\":\"https:\/\/dev.tg4.ie\/ga\/eolas\/\"},{\"@type\":\"ListItem\",\"position\":3,\"name\":\"Preas\",\"item\":\"https:\/\/dev.tg4.ie\/ga\/eolas\/preas\/\"},{\"@type\":\"ListItem\",\"position\":4,\"name\":\"Nuacht R\u00e1itis\",\"item\":\"https:\/\/dev.tg4.ie\/ga\/eolas\/preas\/nuacht-raitis\/\"},{\"@type\":\"ListItem\",\"position\":5,\"name\":\"2016\",\"item\":\"https:\/\/dev.tg4.ie\/ga\/eolas\/preas\/nuacht-raitis\/2016-2\/\"},{\"@type\":\"ListItem\",\"position\":6,\"name\":\"24.02.16\"}]},{\"@type\":\"WebSite\",\"@id\":\"https:\/\/dev.tg4.ie\/en\/#website\",\"url\":\"https:\/\/dev.tg4.ie\/en\/\",\"name\":\"TG4\",\"description\":\"S\u00fail Eile\",\"potentialAction\":[{\"@type\":\"SearchAction\",\"target\":{\"@type\":\"EntryPoint\",\"urlTemplate\":\"https:\/\/dev.tg4.ie\/en\/?s={search_term_string}\"},\"query-input\":\"required name=search_term_string\"}],\"inLanguage\":\"ga\"}]}<\/script>\n<!-- \/ Yoast SEO plugin. -->","yoast_head_json":{"title":"24.02.16 - TG4","robots":{"index":"index","follow":"follow","max-snippet":"max-snippet:-1","max-image-preview":"max-image-preview:large","max-video-preview":"max-video-preview:-1"},"og_locale":"en_US","og_type":"article","og_title":"24.02.16 - TG4","og_description":"Neart su\u00edoch\u00e1n le l\u00edonadh i mbeochl\u00fadach TG4 ar thortha\u00ed Olltoghch\u00e1in 2016 Beidh na tortha\u00ed ar fad, beo-thuairisc\u00ed \u00f3 gach ionad comhairimh sa t\u00edr, grafaic\u00ed soil\u00e9ire snasta suas chun d\u00e1ta, agallaimh le hiarrth\u00f3ir\u00ed agus anail\u00eds gh\u00e9arch\u00faiseach \u00f3 pholaiteoir\u00ed agus \u00f3 thr\u00e1chtair\u00ed eolasacha ar na gn\u00e9ithe is suntasa\u00ed i V\u00f3ta 2016, beochl\u00fadach TG4 ar thortha\u00ed an Olltoghch\u00e1in, [&hellip;]","og_url":"https:\/\/dev.tg4.ie\/ga\/eolas\/preas\/nuacht-raitis\/2016-2\/24-02-16\/","og_site_name":"TG4","article_publisher":"https:\/\/www.facebook.com\/TG4TV","article_modified_time":"2019-06-24T15:18:44+00:00","og_image":[{"width":1920,"height":1080,"url":"https:\/\/tg4-docs.s3.amazonaws.com\/wp-content\/uploads\/2024\/11\/18151812\/TG4_2024_corcra_teal_1-1920x1080-1.jpg","type":"image\/jpeg"}],"twitter_card":"summary_large_image","twitter_site":"@TG4TV","twitter_misc":{"Est. reading time":"2 minutes"},"schema":{"@context":"https:\/\/schema.org","@graph":[{"@type":"WebPage","@id":"https:\/\/dev.tg4.ie\/ga\/eolas\/preas\/nuacht-raitis\/2016-2\/24-02-16\/","url":"https:\/\/dev.tg4.ie\/ga\/eolas\/preas\/nuacht-raitis\/2016-2\/24-02-16\/","name":"24.02.16 - TG4","isPartOf":{"@id":"https:\/\/dev.tg4.ie\/en\/#website"},"datePublished":"2016-02-24T16:50:59+00:00","dateModified":"2019-06-24T15:18:44+00:00","breadcrumb":{"@id":"https:\/\/dev.tg4.ie\/ga\/eolas\/preas\/nuacht-raitis\/2016-2\/24-02-16\/#breadcrumb"},"inLanguage":"ga","potentialAction":[{"@type":"ReadAction","target":["https:\/\/dev.tg4.ie\/ga\/eolas\/preas\/nuacht-raitis\/2016-2\/24-02-16\/"]}]},{"@type":"BreadcrumbList","@id":"https:\/\/dev.tg4.ie\/ga\/eolas\/preas\/nuacht-raitis\/2016-2\/24-02-16\/#breadcrumb","itemListElement":[{"@type":"ListItem","position":1,"name":"Home","item":"https:\/\/dev.tg4.ie\/ga\/"},{"@type":"ListItem","position":2,"name":"Eolas","item":"https:\/\/dev.tg4.ie\/ga\/eolas\/"},{"@type":"ListItem","position":3,"name":"Preas","item":"https:\/\/dev.tg4.ie\/ga\/eolas\/preas\/"},{"@type":"ListItem","position":4,"name":"Nuacht R\u00e1itis","item":"https:\/\/dev.tg4.ie\/ga\/eolas\/preas\/nuacht-raitis\/"},{"@type":"ListItem","position":5,"name":"2016","item":"https:\/\/dev.tg4.ie\/ga\/eolas\/preas\/nuacht-raitis\/2016-2\/"},{"@type":"ListItem","position":6,"name":"24.02.16"}]},{"@type":"WebSite","@id":"https:\/\/dev.tg4.ie\/en\/#website","url":"https:\/\/dev.tg4.ie\/en\/","name":"TG4","description":"S\u00fail Eile","potentialAction":[{"@type":"SearchAction","target":{"@type":"EntryPoint","urlTemplate":"https:\/\/dev.tg4.ie\/en\/?s={search_term_string}"},"query-input":"required name=search_term_string"}],"inLanguage":"ga"}]}},"_links":{"self":[{"href":"https:\/\/dev.tg4.ie\/ga\/wp-json\/wp\/v2\/pages\/14831"}],"collection":[{"href":"https:\/\/dev.tg4.ie\/ga\/wp-json\/wp\/v2\/pages"}],"about":[{"href":"https:\/\/dev.tg4.ie\/ga\/wp-json\/wp\/v2\/types\/page"}],"author":[{"embeddable":true,"href":"https:\/\/dev.tg4.ie\/ga\/wp-json\/wp\/v2\/users\/876"}],"replies":[{"embeddable":true,"href":"https:\/\/dev.tg4.ie\/ga\/wp-json\/wp\/v2\/comments?post=14831"}],"version-history":[{"count":0,"href":"https:\/\/dev.tg4.ie\/ga\/wp-json\/wp\/v2\/pages\/14831\/revisions"}],"up":[{"embeddable":true,"href":"https:\/\/dev.tg4.ie\/ga\/wp-json\/wp\/v2\/pages\/6580"}],"wp:attachment":[{"href":"https:\/\/dev.tg4.ie\/ga\/wp-json\/wp\/v2\/media?parent=14831"}],"curies":[{"name":"wp","href":"https:\/\/api.w.org\/{rel}","templated":true}]}}