{"id":149846,"date":"2022-05-19T09:43:33","date_gmt":"2022-05-19T08:43:33","guid":{"rendered":"https:\/\/dev.tg4.ie\/?page_id=149846"},"modified":"2022-05-19T09:43:33","modified_gmt":"2022-05-19T08:43:33","slug":"tg4-le-failte-a-chur-roimh-200-toscaire-o-ar-fud-na-heorpa-ag-comhdhail-reigiunach-circom-i-gcathair-na-gaillimhe","status":"publish","type":"page","link":"https:\/\/dev.tg4.ie\/ga\/eolas\/preas\/nuacht-raitis\/2022-2\/tg4-le-failte-a-chur-roimh-200-toscaire-o-ar-fud-na-heorpa-ag-comhdhail-reigiunach-circom-i-gcathair-na-gaillimhe\/","title":{"rendered":"TG4 le f\u00e1ilte a chur roimh 200 toscaire \u00f3 ar fud na hEorpa ag Comhdh\u00e1il R\u00e9igi\u00fanach CIRCOM i gCathair na Gaillimhe"},"content":{"rendered":"<p><img loading=\"lazy\" decoding=\"async\" width=\"1920\" height=\"1080\" src=\"https:\/\/tg4-docs.s3.amazonaws.com\/wp-content\/uploads\/2022\/05\/19092523\/Circom_Regional_2022_1-1920x1080-1.jpg\" alt=\"\" class=\"alignleft size-full wp-image-149850\" srcset=\"https:\/\/tg4-docs.s3.amazonaws.com\/wp-content\/uploads\/2022\/05\/19092523\/Circom_Regional_2022_1-1920x1080-1.jpg 1920w, https:\/\/tg4-docs.s3.amazonaws.com\/wp-content\/uploads\/2022\/05\/19092523\/Circom_Regional_2022_1-1920x1080-1-250x141.jpg 250w, https:\/\/tg4-docs.s3.amazonaws.com\/wp-content\/uploads\/2022\/05\/19092523\/Circom_Regional_2022_1-1920x1080-1-700x394.jpg 700w, https:\/\/tg4-docs.s3.amazonaws.com\/wp-content\/uploads\/2022\/05\/19092523\/Circom_Regional_2022_1-1920x1080-1-252x141.jpg 252w, https:\/\/tg4-docs.s3.amazonaws.com\/wp-content\/uploads\/2022\/05\/19092523\/Circom_Regional_2022_1-1920x1080-1-1536x864.jpg 1536w, https:\/\/tg4-docs.s3.amazonaws.com\/wp-content\/uploads\/2022\/05\/19092523\/Circom_Regional_2022_1-1920x1080-1-120x68.jpg 120w\" sizes=\"(max-width: 1920px) 100vw, 1920px\" \/><br \/>\n&nbsp;<\/p>\n<p>Cuirfidh TG4 f\u00e1ilte roimh bhreis is dh\u00e1 ch\u00e9ad toscaire, a thiocfaidh go Gaillimh \u00f3 ar fud na hEorpa, le bheith p\u00e1irteach i 38\u00fa Comhdh\u00e1il R\u00e9igi\u00fanach CIRCOM idir an 25-27 Bealtaine.  Is Cumann Gairmi\u00fail de Theilif\u00eds Seirbh\u00edse Poibl\u00ed R\u00e9igi\u00fanach san Eoraip \u00e9 CIRCOM. Is \u00e9 \u2018R\u00e9igi\u00fain Chruthaitheacha, Geilleagar Cruthaitheach\u2019 t\u00e9ama chomhdh\u00e1il na bliana seo.  Ar na h\u00e1bhair a phl\u00e9ifear ag an gcomhdh\u00e1il tr\u00ed l\u00e1 beidh Inbhuanaitheacht na hIriseoireachta, R\u00e9igi\u00fain Chruthaitheacha:  Geilleagair Chruthaitheacha, Aistri\u00fa Digiteach, Lucht F\u00e9achana \u00d3g a Bhaint Amach, Cl\u00fadach sa Nuacht ar Ch\u00farsa\u00ed Aer\u00e1ide, Feice\u00e1lacht CSP agus an r\u00f3l a fh\u00e9adfaidh craolt\u00f3ir\u00ed seirbh\u00edse poibl\u00ed r\u00e9igi\u00fanacha a bheith acu i dtaobh tionchar a imirt ar an mbeocht chult\u00fair agus eacnama\u00edoch.<br \/>\n&nbsp;<br \/>\nIs \u00e9 TG4 an craolt\u00f3ir is faide siar na hEorpa agus taca\u00edonn s\u00e9 le fost\u00fa, forbairt agus inbhunaitheacht daoine cumasacha i r\u00e9igi\u00fain na h\u00c9ireann. De r\u00e9ir mar at\u00e1 domhand\u00fa \u00e1 dh\u00e9anamh ag domhan na me\u00e1n cumars\u00e1ide de chraolt\u00f3ir\u00ed r\u00e9igi\u00fanacha, t\u00e1 \u00e1it ar leith ag sc\u00e9alaithe r\u00e9igi\u00fanacha ina gcaomhn\u00f3ir\u00ed agus ina gcrann taca i nd\u00e1il le luachanna cearta na craolt\u00f3ireachta seirbh\u00edse poibl\u00ed. N\u00ed raibh oiread \u00e9ilimh riamh ar \u00e1bhar clos-amhairc agus t\u00e1 an luach at\u00e1 ar na me\u00e1in seirbh\u00edse poibl\u00ed n\u00edos airde n\u00e1 riamh ainneoin athr\u00fa a bheith ag teacht ar n\u00f3sanna f\u00e9achana an lucht f\u00e9achana.<br \/>\n&nbsp;<br \/>\nIs \u00e9ard a d\u00fairt Alan Esslemont, Ard-Sti\u00farth\u00f3ir TG4 <em>&#8220;D\u00e9anaim comhghairdeas le gach duine i CIRCOM a raibh baint acu le pr\u00edomh\u00e1bhair chomhdh\u00e1il na bliana seo a mh\u00fanl\u00fa &#8211;  Inbhuanaitheacht na hIriseoireachta, R\u00e9igi\u00fain Chruthaitheacha: Geilleagair Chruthaitheacha, Aistri\u00fa Digiteach, Lucht F\u00e9achana \u00d3g a Bhaint Amach agus Feice\u00e1lacht CSP.  Is cl\u00e1r thar a bheith sp\u00e9isi\u00fail agus r\u00e9amhbhreathnaitheach \u00e9 seo agus t\u00e1im ag s\u00fail go m\u00f3r leis an bpl\u00e9 den scoth a dh\u00e9anfar.   De r\u00e9ir mar at\u00e1 saol me\u00e1n cumars\u00e1ide s&#8217;againne ag domhand\u00fa agus ag \u00e9ir\u00ed n\u00edos aonchine\u00e1la\u00ed, creidim go n-aistreoidh craolt\u00f3ir\u00ed r\u00e9igi\u00fanacha agus sc\u00e9alaithe r\u00e9igi\u00fanacha amach chun tosaigh ina gcaomhn\u00f3ir\u00ed agus ina gcrann taca i nd\u00e1il le luachanna cearta na craolt\u00f3ireachta seirbh\u00edse poibl\u00ed.\u201d<\/em><br \/>\n&nbsp;<br \/>\nI measc na gcainteoir\u00ed ag an gcomhdh\u00e1il beidh: Cormac \u00d3 hEadhra \u00f3 RT\u00c9, an tAorth\u00f3ir agus Podchraolt\u00f3ir as \u00c9irinn Blindboyboatclub, Tuairisceoir Sinsearach Nuachta i Vice World News Sophia Smith Galer, Nergiz Nora Westerbergh; Ceann Digiteach SVT News na Sualainne,  M\u00e1ir\u00edn N\u00ed Ghadhra; RT\u00c9 Raidi\u00f3 na Gaeltachta, P\u00e1id\u00ed \u00d3 Lion\u00e1ird; Nuacht TG4, Eibhl\u00edn N\u00ed Chonghaile a bh\u00edodh ag obair le Sky News agus RT\u00c9 Raidi\u00f3 na Gaeltachta agus Tom\u00e1s \u00d3 S\u00edoch\u00e1in Pr\u00edomhfheidhmeannach Choimisi\u00fan Forbartha an Iarthair.<br \/>\n&nbsp;<br \/>\nT\u00e1 go leor scr\u00edofa ag Victor Pickard, Ollamh le Beartas Me\u00e1n Cumars\u00e1ide agus an Geilleagar Polait\u00edochta i Scoil Chumars\u00e1ide Ollscoil Pennsylvania ar an r\u00f3l at\u00e1 ag na me\u00e1in chumars\u00e1ide i socha\u00ed dhaonlathach. Beidh seisean i dteannta Olaf Steenfadt at\u00e1 i gceannas ar an Tionscnamh Iontaobhaithe Iriseoireachta in eagra\u00edocht mhaoirseachta shaoirse an phreasa Reporters Without Borders agus Razan Ibraheem, iriseoir \u00c9ireannach-Siriach agus anail\u00eds\u00ed le Kinzen.  Beidh an Dr Richard Burnley \u00f3n EBU agus Kate Biggs, Sti\u00farth\u00f3ir \u00f3 Ofcom i dteannta Liam Boyle \u00f3n BAI chun beart a chinnteoidh feice\u00e1lacht na me\u00e1n cumars\u00e1ide seirbh\u00edse poibl\u00ed a phl\u00e9.<br \/>\n&nbsp;<br \/>\nIs \u00e9 John Newbigin OBE a thabharfaidh an t-eochairaitheasc ar an nGeilleagar Cruthaitheach. T\u00e1 John ina chomhairleoir speisialta ag Aire na R\u00edochta Aontaithe don Chult\u00far, an R\u00f3-On\u00f3rach Chris Smith MP.  Bh\u00ed baint mh\u00f3r aige c\u00e9ad bheartais rialtas na R\u00edochta Aontaithe do thionscail na cruthaitheachta a fhorbairt sna 1990id\u00ed. D\u00e9anfar an t-\u00e1bhar mar is f\u00e9idir le Craolt\u00f3ir\u00ed Me\u00e1n Seirbh\u00edse Poibl\u00ed a chinnti\u00fa go gcoinn\u00edtear c\u00farsa\u00ed Aer\u00e1ide ag barr an chl\u00e1ir a phl\u00e9 le Erika Bjerstr\u00f6m arb \u00ed an ch\u00e9ad duine \u00ed at\u00e1 ceaptha ina Comhfhreagra\u00ed ar Ch\u00farsa\u00ed Aer\u00e1ide Domhanda in Swedish National Television (2020) agus Tara Peterman, iriseoir a bhfuil gradaim buaite aici agus L\u00e9iritheoir Feidhmeach chl\u00fadach Athraithe Aer\u00e1ide RT\u00c9.<br \/>\n&nbsp;<br \/>\nMar chuid d\u2019imeachta\u00ed na comhdh\u00e1la, beidh iriseoir\u00ed p\u00e1irteach i gc\u00farsa iriseoireachta 3 l\u00e1 in Ollscoil na h\u00c9ireann, Gaillimh.<br \/>\n&nbsp;<br \/>\nT\u00e1 taca\u00edocht faighte ag 38\u00fa Comhdh\u00e1il R\u00e9igi\u00fanach CIRCOM \u00f3 \u00dadar\u00e1s Craolach\u00e1in na h\u00c9ireann, F\u00e1ilte Ireland, Gr\u00e9as\u00e1n na Me\u00e1n, Nuacht RT\u00c9 agus Creative Media Europe.<br \/>\n&nbsp;<br \/>\nIs f\u00e9idir tuilleadh eolais a fh\u00e1il anseo: <a href=\"https:\/\/www.circom-regional.eu\/ac2022-programme\" rel=\"noopener\" target=\"_blank\">https:\/\/www.circom-regional.eu\/ac2022-programme<\/a><br \/>\n&nbsp;<br \/>\n&nbsp;<\/p>\n","protected":false},"excerpt":{"rendered":"<p>&nbsp; Cuirfidh TG4 f\u00e1ilte roimh bhreis is dh\u00e1 ch\u00e9ad toscaire, a thiocfaidh go Gaillimh \u00f3 ar fud na hEorpa, le bheith p\u00e1irteach i 38\u00fa Comhdh\u00e1il R\u00e9igi\u00fanach CIRCOM idir an 25-27 Bealtaine. Is Cumann Gairmi\u00fail de Theilif\u00eds Seirbh\u00edse Poibl\u00ed R\u00e9igi\u00fanach san Eoraip \u00e9 CIRCOM. Is \u00e9 \u2018R\u00e9igi\u00fain Chruthaitheacha, Geilleagar Cruthaitheach\u2019 t\u00e9ama chomhdh\u00e1il na bliana seo. Ar [&hellip;]<\/p>\n","protected":false},"author":876,"featured_media":0,"parent":138171,"menu_order":16,"comment_status":"closed","ping_status":"closed","template":"page-templates\/template-pr.php","meta":{"_acf_changed":false,"footnotes":""},"acf":[],"yoast_head":"<!-- This site is optimized with the Yoast SEO plugin v22.6 - https:\/\/yoast.com\/wordpress\/plugins\/seo\/ -->\n<title>TG4 le f\u00e1ilte a chur roimh 200 toscaire \u00f3 ar fud na hEorpa ag Comhdh\u00e1il R\u00e9igi\u00fanach CIRCOM i gCathair na Gaillimhe | Preas R\u00e1iteas | TG4<\/title>\n<meta name=\"description\" content=\"Cuirfidh TG4 f\u00e1ilte roimh bhreis is dh\u00e1 ch\u00e9ad toscaire, a thiocfaidh go Gaillimh \u00f3 ar fud na hEorpa, le bheith p\u00e1irteach i 38\u00fa Comhdh\u00e1il R\u00e9igi\u00fanach CIRCOM idir an 25-27 Bealtaine.\" \/>\n<meta name=\"robots\" content=\"index, follow, max-snippet:-1, max-image-preview:large, max-video-preview:-1\" \/>\n<meta property=\"og:locale\" content=\"en_US\" \/>\n<meta property=\"og:type\" content=\"article\" \/>\n<meta property=\"og:title\" content=\"TG4 le f\u00e1ilte a chur roimh 200 toscaire \u00f3 ar fud na hEorpa ag Comhdh\u00e1il R\u00e9igi\u00fanach CIRCOM i gCathair na Gaillimhe | Preas R\u00e1iteas | TG4\" \/>\n<meta property=\"og:description\" content=\"Cuirfidh TG4 f\u00e1ilte roimh bhreis is dh\u00e1 ch\u00e9ad toscaire, a thiocfaidh go Gaillimh \u00f3 ar fud na hEorpa, le bheith p\u00e1irteach i 38\u00fa Comhdh\u00e1il R\u00e9igi\u00fanach CIRCOM idir an 25-27 Bealtaine.\" \/>\n<meta property=\"og:url\" content=\"https:\/\/dev.tg4.ie\/ga\/eolas\/preas\/nuacht-raitis\/2022-2\/tg4-le-failte-a-chur-roimh-200-toscaire-o-ar-fud-na-heorpa-ag-comhdhail-reigiunach-circom-i-gcathair-na-gaillimhe\/\" \/>\n<meta property=\"og:site_name\" content=\"TG4\" \/>\n<meta property=\"article:publisher\" content=\"https:\/\/www.facebook.com\/TG4TV\" \/>\n<meta property=\"og:image\" content=\"https:\/\/tg4-docs.s3.amazonaws.com\/wp-content\/uploads\/2022\/05\/19092523\/Circom_Regional_2022_1-1920x1080-1.jpg\" \/>\n\t<meta property=\"og:image:width\" content=\"1920\" \/>\n\t<meta property=\"og:image:height\" content=\"1080\" \/>\n\t<meta property=\"og:image:type\" content=\"image\/jpeg\" \/>\n<meta name=\"twitter:card\" content=\"summary_large_image\" \/>\n<meta name=\"twitter:image\" content=\"https:\/\/tg4-docs.s3.amazonaws.com\/wp-content\/uploads\/2022\/05\/19092523\/Circom_Regional_2022_1-1920x1080-1.jpg\" \/>\n<meta name=\"twitter:site\" content=\"@TG4TV\" \/>\n<meta name=\"twitter:label1\" content=\"Est. reading time\" \/>\n\t<meta name=\"twitter:data1\" content=\"8 minutes\" \/>\n<script type=\"application\/ld+json\" class=\"yoast-schema-graph\">{\"@context\":\"https:\/\/schema.org\",\"@graph\":[{\"@type\":\"WebPage\",\"@id\":\"https:\/\/dev.tg4.ie\/ga\/eolas\/preas\/nuacht-raitis\/2022-2\/tg4-le-failte-a-chur-roimh-200-toscaire-o-ar-fud-na-heorpa-ag-comhdhail-reigiunach-circom-i-gcathair-na-gaillimhe\/\",\"url\":\"https:\/\/dev.tg4.ie\/ga\/eolas\/preas\/nuacht-raitis\/2022-2\/tg4-le-failte-a-chur-roimh-200-toscaire-o-ar-fud-na-heorpa-ag-comhdhail-reigiunach-circom-i-gcathair-na-gaillimhe\/\",\"name\":\"TG4 le f\u00e1ilte a chur roimh 200 toscaire \u00f3 ar fud na hEorpa ag Comhdh\u00e1il R\u00e9igi\u00fanach CIRCOM i gCathair na Gaillimhe | Preas R\u00e1iteas | TG4\",\"isPartOf\":{\"@id\":\"https:\/\/dev.tg4.ie\/en\/#website\"},\"primaryImageOfPage\":{\"@id\":\"https:\/\/dev.tg4.ie\/ga\/eolas\/preas\/nuacht-raitis\/2022-2\/tg4-le-failte-a-chur-roimh-200-toscaire-o-ar-fud-na-heorpa-ag-comhdhail-reigiunach-circom-i-gcathair-na-gaillimhe\/#primaryimage\"},\"image\":{\"@id\":\"https:\/\/dev.tg4.ie\/ga\/eolas\/preas\/nuacht-raitis\/2022-2\/tg4-le-failte-a-chur-roimh-200-toscaire-o-ar-fud-na-heorpa-ag-comhdhail-reigiunach-circom-i-gcathair-na-gaillimhe\/#primaryimage\"},\"thumbnailUrl\":\"https:\/\/dev.tg4.ie\/wp-content\/uploads\/2022\/05\/Circom_Regional_2022_1-1920x1080-1.jpg\",\"datePublished\":\"2022-05-19T08:43:33+00:00\",\"dateModified\":\"2022-05-19T08:43:33+00:00\",\"description\":\"Cuirfidh TG4 f\u00e1ilte roimh bhreis is dh\u00e1 ch\u00e9ad toscaire, a thiocfaidh go Gaillimh \u00f3 ar fud na hEorpa, le bheith p\u00e1irteach i 38\u00fa Comhdh\u00e1il R\u00e9igi\u00fanach CIRCOM idir an 25-27 Bealtaine.\",\"breadcrumb\":{\"@id\":\"https:\/\/dev.tg4.ie\/ga\/eolas\/preas\/nuacht-raitis\/2022-2\/tg4-le-failte-a-chur-roimh-200-toscaire-o-ar-fud-na-heorpa-ag-comhdhail-reigiunach-circom-i-gcathair-na-gaillimhe\/#breadcrumb\"},\"inLanguage\":\"ga\",\"potentialAction\":[{\"@type\":\"ReadAction\",\"target\":[\"https:\/\/dev.tg4.ie\/ga\/eolas\/preas\/nuacht-raitis\/2022-2\/tg4-le-failte-a-chur-roimh-200-toscaire-o-ar-fud-na-heorpa-ag-comhdhail-reigiunach-circom-i-gcathair-na-gaillimhe\/\"]}]},{\"@type\":\"ImageObject\",\"inLanguage\":\"ga\",\"@id\":\"https:\/\/dev.tg4.ie\/ga\/eolas\/preas\/nuacht-raitis\/2022-2\/tg4-le-failte-a-chur-roimh-200-toscaire-o-ar-fud-na-heorpa-ag-comhdhail-reigiunach-circom-i-gcathair-na-gaillimhe\/#primaryimage\",\"url\":\"https:\/\/dev.tg4.ie\/wp-content\/uploads\/2022\/05\/Circom_Regional_2022_1-1920x1080-1.jpg\",\"contentUrl\":\"https:\/\/dev.tg4.ie\/wp-content\/uploads\/2022\/05\/Circom_Regional_2022_1-1920x1080-1.jpg\"},{\"@type\":\"BreadcrumbList\",\"@id\":\"https:\/\/dev.tg4.ie\/ga\/eolas\/preas\/nuacht-raitis\/2022-2\/tg4-le-failte-a-chur-roimh-200-toscaire-o-ar-fud-na-heorpa-ag-comhdhail-reigiunach-circom-i-gcathair-na-gaillimhe\/#breadcrumb\",\"itemListElement\":[{\"@type\":\"ListItem\",\"position\":1,\"name\":\"Home\",\"item\":\"https:\/\/dev.tg4.ie\/ga\/\"},{\"@type\":\"ListItem\",\"position\":2,\"name\":\"Eolas\",\"item\":\"https:\/\/dev.tg4.ie\/ga\/eolas\/\"},{\"@type\":\"ListItem\",\"position\":3,\"name\":\"Preas\",\"item\":\"https:\/\/dev.tg4.ie\/ga\/eolas\/preas\/\"},{\"@type\":\"ListItem\",\"position\":4,\"name\":\"Nuacht R\u00e1itis\",\"item\":\"https:\/\/dev.tg4.ie\/ga\/eolas\/preas\/nuacht-raitis\/\"},{\"@type\":\"ListItem\",\"position\":5,\"name\":\"2022\",\"item\":\"https:\/\/dev.tg4.ie\/ga\/eolas\/preas\/nuacht-raitis\/2022-2\/\"},{\"@type\":\"ListItem\",\"position\":6,\"name\":\"TG4 le f\u00e1ilte a chur roimh 200 toscaire \u00f3 ar fud na hEorpa ag Comhdh\u00e1il R\u00e9igi\u00fanach CIRCOM i gCathair na Gaillimhe\"}]},{\"@type\":\"WebSite\",\"@id\":\"https:\/\/dev.tg4.ie\/en\/#website\",\"url\":\"https:\/\/dev.tg4.ie\/en\/\",\"name\":\"TG4\",\"description\":\"S\u00fail Eile\",\"potentialAction\":[{\"@type\":\"SearchAction\",\"target\":{\"@type\":\"EntryPoint\",\"urlTemplate\":\"https:\/\/dev.tg4.ie\/en\/?s={search_term_string}\"},\"query-input\":\"required name=search_term_string\"}],\"inLanguage\":\"ga\"}]}<\/script>\n<!-- \/ Yoast SEO plugin. -->","yoast_head_json":{"title":"TG4 le f\u00e1ilte a chur roimh 200 toscaire \u00f3 ar fud na hEorpa ag Comhdh\u00e1il R\u00e9igi\u00fanach CIRCOM i gCathair na Gaillimhe | Preas R\u00e1iteas | TG4","description":"Cuirfidh TG4 f\u00e1ilte roimh bhreis is dh\u00e1 ch\u00e9ad toscaire, a thiocfaidh go Gaillimh \u00f3 ar fud na hEorpa, le bheith p\u00e1irteach i 38\u00fa Comhdh\u00e1il R\u00e9igi\u00fanach CIRCOM idir an 25-27 Bealtaine.","robots":{"index":"index","follow":"follow","max-snippet":"max-snippet:-1","max-image-preview":"max-image-preview:large","max-video-preview":"max-video-preview:-1"},"og_locale":"en_US","og_type":"article","og_title":"TG4 le f\u00e1ilte a chur roimh 200 toscaire \u00f3 ar fud na hEorpa ag Comhdh\u00e1il R\u00e9igi\u00fanach CIRCOM i gCathair na Gaillimhe | Preas R\u00e1iteas | TG4","og_description":"Cuirfidh TG4 f\u00e1ilte roimh bhreis is dh\u00e1 ch\u00e9ad toscaire, a thiocfaidh go Gaillimh \u00f3 ar fud na hEorpa, le bheith p\u00e1irteach i 38\u00fa Comhdh\u00e1il R\u00e9igi\u00fanach CIRCOM idir an 25-27 Bealtaine.","og_url":"https:\/\/dev.tg4.ie\/ga\/eolas\/preas\/nuacht-raitis\/2022-2\/tg4-le-failte-a-chur-roimh-200-toscaire-o-ar-fud-na-heorpa-ag-comhdhail-reigiunach-circom-i-gcathair-na-gaillimhe\/","og_site_name":"TG4","article_publisher":"https:\/\/www.facebook.com\/TG4TV","og_image":[{"width":1920,"height":1080,"url":"https:\/\/tg4-docs.s3.amazonaws.com\/wp-content\/uploads\/2022\/05\/19092523\/Circom_Regional_2022_1-1920x1080-1.jpg","type":"image\/jpeg"}],"twitter_card":"summary_large_image","twitter_image":"https:\/\/tg4-docs.s3.amazonaws.com\/wp-content\/uploads\/2022\/05\/19092523\/Circom_Regional_2022_1-1920x1080-1.jpg","twitter_site":"@TG4TV","twitter_misc":{"Est. reading time":"8 minutes"},"schema":{"@context":"https:\/\/schema.org","@graph":[{"@type":"WebPage","@id":"https:\/\/dev.tg4.ie\/ga\/eolas\/preas\/nuacht-raitis\/2022-2\/tg4-le-failte-a-chur-roimh-200-toscaire-o-ar-fud-na-heorpa-ag-comhdhail-reigiunach-circom-i-gcathair-na-gaillimhe\/","url":"https:\/\/dev.tg4.ie\/ga\/eolas\/preas\/nuacht-raitis\/2022-2\/tg4-le-failte-a-chur-roimh-200-toscaire-o-ar-fud-na-heorpa-ag-comhdhail-reigiunach-circom-i-gcathair-na-gaillimhe\/","name":"TG4 le f\u00e1ilte a chur roimh 200 toscaire \u00f3 ar fud na hEorpa ag Comhdh\u00e1il R\u00e9igi\u00fanach CIRCOM i gCathair na Gaillimhe | Preas R\u00e1iteas | TG4","isPartOf":{"@id":"https:\/\/dev.tg4.ie\/en\/#website"},"primaryImageOfPage":{"@id":"https:\/\/dev.tg4.ie\/ga\/eolas\/preas\/nuacht-raitis\/2022-2\/tg4-le-failte-a-chur-roimh-200-toscaire-o-ar-fud-na-heorpa-ag-comhdhail-reigiunach-circom-i-gcathair-na-gaillimhe\/#primaryimage"},"image":{"@id":"https:\/\/dev.tg4.ie\/ga\/eolas\/preas\/nuacht-raitis\/2022-2\/tg4-le-failte-a-chur-roimh-200-toscaire-o-ar-fud-na-heorpa-ag-comhdhail-reigiunach-circom-i-gcathair-na-gaillimhe\/#primaryimage"},"thumbnailUrl":"https:\/\/dev.tg4.ie\/wp-content\/uploads\/2022\/05\/Circom_Regional_2022_1-1920x1080-1.jpg","datePublished":"2022-05-19T08:43:33+00:00","dateModified":"2022-05-19T08:43:33+00:00","description":"Cuirfidh TG4 f\u00e1ilte roimh bhreis is dh\u00e1 ch\u00e9ad toscaire, a thiocfaidh go Gaillimh \u00f3 ar fud na hEorpa, le bheith p\u00e1irteach i 38\u00fa Comhdh\u00e1il R\u00e9igi\u00fanach CIRCOM idir an 25-27 Bealtaine.","breadcrumb":{"@id":"https:\/\/dev.tg4.ie\/ga\/eolas\/preas\/nuacht-raitis\/2022-2\/tg4-le-failte-a-chur-roimh-200-toscaire-o-ar-fud-na-heorpa-ag-comhdhail-reigiunach-circom-i-gcathair-na-gaillimhe\/#breadcrumb"},"inLanguage":"ga","potentialAction":[{"@type":"ReadAction","target":["https:\/\/dev.tg4.ie\/ga\/eolas\/preas\/nuacht-raitis\/2022-2\/tg4-le-failte-a-chur-roimh-200-toscaire-o-ar-fud-na-heorpa-ag-comhdhail-reigiunach-circom-i-gcathair-na-gaillimhe\/"]}]},{"@type":"ImageObject","inLanguage":"ga","@id":"https:\/\/dev.tg4.ie\/ga\/eolas\/preas\/nuacht-raitis\/2022-2\/tg4-le-failte-a-chur-roimh-200-toscaire-o-ar-fud-na-heorpa-ag-comhdhail-reigiunach-circom-i-gcathair-na-gaillimhe\/#primaryimage","url":"https:\/\/dev.tg4.ie\/wp-content\/uploads\/2022\/05\/Circom_Regional_2022_1-1920x1080-1.jpg","contentUrl":"https:\/\/dev.tg4.ie\/wp-content\/uploads\/2022\/05\/Circom_Regional_2022_1-1920x1080-1.jpg"},{"@type":"BreadcrumbList","@id":"https:\/\/dev.tg4.ie\/ga\/eolas\/preas\/nuacht-raitis\/2022-2\/tg4-le-failte-a-chur-roimh-200-toscaire-o-ar-fud-na-heorpa-ag-comhdhail-reigiunach-circom-i-gcathair-na-gaillimhe\/#breadcrumb","itemListElement":[{"@type":"ListItem","position":1,"name":"Home","item":"https:\/\/dev.tg4.ie\/ga\/"},{"@type":"ListItem","position":2,"name":"Eolas","item":"https:\/\/dev.tg4.ie\/ga\/eolas\/"},{"@type":"ListItem","position":3,"name":"Preas","item":"https:\/\/dev.tg4.ie\/ga\/eolas\/preas\/"},{"@type":"ListItem","position":4,"name":"Nuacht R\u00e1itis","item":"https:\/\/dev.tg4.ie\/ga\/eolas\/preas\/nuacht-raitis\/"},{"@type":"ListItem","position":5,"name":"2022","item":"https:\/\/dev.tg4.ie\/ga\/eolas\/preas\/nuacht-raitis\/2022-2\/"},{"@type":"ListItem","position":6,"name":"TG4 le f\u00e1ilte a chur roimh 200 toscaire \u00f3 ar fud na hEorpa ag Comhdh\u00e1il R\u00e9igi\u00fanach CIRCOM i gCathair na Gaillimhe"}]},{"@type":"WebSite","@id":"https:\/\/dev.tg4.ie\/en\/#website","url":"https:\/\/dev.tg4.ie\/en\/","name":"TG4","description":"S\u00fail Eile","potentialAction":[{"@type":"SearchAction","target":{"@type":"EntryPoint","urlTemplate":"https:\/\/dev.tg4.ie\/en\/?s={search_term_string}"},"query-input":"required name=search_term_string"}],"inLanguage":"ga"}]}},"_links":{"self":[{"href":"https:\/\/dev.tg4.ie\/ga\/wp-json\/wp\/v2\/pages\/149846"}],"collection":[{"href":"https:\/\/dev.tg4.ie\/ga\/wp-json\/wp\/v2\/pages"}],"about":[{"href":"https:\/\/dev.tg4.ie\/ga\/wp-json\/wp\/v2\/types\/page"}],"author":[{"embeddable":true,"href":"https:\/\/dev.tg4.ie\/ga\/wp-json\/wp\/v2\/users\/876"}],"replies":[{"embeddable":true,"href":"https:\/\/dev.tg4.ie\/ga\/wp-json\/wp\/v2\/comments?post=149846"}],"version-history":[{"count":0,"href":"https:\/\/dev.tg4.ie\/ga\/wp-json\/wp\/v2\/pages\/149846\/revisions"}],"up":[{"embeddable":true,"href":"https:\/\/dev.tg4.ie\/ga\/wp-json\/wp\/v2\/pages\/138171"}],"wp:attachment":[{"href":"https:\/\/dev.tg4.ie\/ga\/wp-json\/wp\/v2\/media?parent=149846"}],"curies":[{"name":"wp","href":"https:\/\/api.w.org\/{rel}","templated":true}]}}