{"id":151565,"date":"2022-05-31T14:12:21","date_gmt":"2022-05-31T13:12:21","guid":{"rendered":"https:\/\/dev.tg4.ie\/?page_id=151565"},"modified":"2022-05-31T14:12:21","modified_gmt":"2022-05-31T13:12:21","slug":"tg4-ag-ceiliuradh-comortas-peile-na-gaeltachta","status":"publish","type":"page","link":"https:\/\/dev.tg4.ie\/ga\/eolas\/preas\/nuacht-raitis\/2022-2\/tg4-ag-ceiliuradh-comortas-peile-na-gaeltachta\/","title":{"rendered":"TG4 ag ceili\u00faradh Com\u00f3rtas Peile na Gaeltachta"},"content":{"rendered":"<p><img loading=\"lazy\" decoding=\"async\" width=\"1920\" height=\"1080\" src=\"https:\/\/tg4-docs.s3.amazonaws.com\/wp-content\/uploads\/2022\/05\/31133043\/Logo_CPnaG2022_2_1920x1080.jpg\" alt=\"\" class=\"alignleft size-full wp-image-151570\" srcset=\"https:\/\/tg4-docs.s3.amazonaws.com\/wp-content\/uploads\/2022\/05\/31133043\/Logo_CPnaG2022_2_1920x1080.jpg 1920w, https:\/\/tg4-docs.s3.amazonaws.com\/wp-content\/uploads\/2022\/05\/31133043\/Logo_CPnaG2022_2_1920x1080-250x141.jpg 250w, https:\/\/tg4-docs.s3.amazonaws.com\/wp-content\/uploads\/2022\/05\/31133043\/Logo_CPnaG2022_2_1920x1080-700x394.jpg 700w, https:\/\/tg4-docs.s3.amazonaws.com\/wp-content\/uploads\/2022\/05\/31133043\/Logo_CPnaG2022_2_1920x1080-252x141.jpg 252w, https:\/\/tg4-docs.s3.amazonaws.com\/wp-content\/uploads\/2022\/05\/31133043\/Logo_CPnaG2022_2_1920x1080-1536x864.jpg 1536w, https:\/\/tg4-docs.s3.amazonaws.com\/wp-content\/uploads\/2022\/05\/31133043\/Logo_CPnaG2022_2_1920x1080-120x68.jpg 120w\" sizes=\"(max-width: 1920px) 100vw, 1920px\" \/><br \/>\n&nbsp;<\/p>\n<p><strong>#CPnaG<\/strong><br \/>\n&nbsp;<br \/>\n<strong>Blais\u00edn:<\/strong><\/p>\n<div style=\"position:relative;padding-top:56.25%;\">\n  <iframe src=\"https:\/\/www.youtube.com\/embed\/KxHRXv1veiE\" frameborder=\"0\" allowfullscreen style=\"position:absolute;top:0;left:0;width:100%;height:100%;\"><\/iframe>\n<\/div>\n<p>&nbsp;<br \/>\nBeidh TG4 i l\u00e1r an aonaigh ag Com\u00f3rtas Peile na Gaeltachta i Leitir M\u00f3ir deireadh seachtaine na Cinc\u00edse.   Den ch\u00e9ad uair riamh, mar pr\u00edomhurraitheoir an chom\u00f3rtais, craolfar gach cluiche a bheidh le himirt ar Ph\u00e1irc an Mh\u00e1im\u00edn ar ard\u00e1in TG4, idir TG4 agus cain\u00e9al Youtube Sp\u00f3rt TG4 agus beidh na cluich\u00ed ar f\u00e1il do lucht f\u00e9achana ar fud an domhain ar Sheinnteoir TG4. Cuirfidh Miche\u00e1l \u00d3 Domhnaill na cluich\u00ed i l\u00e1thair le tr\u00e1chtaireacht \u00f3 Brian Tyers, Mac Dara Mac Donncha agus Cu\u00e1n \u00d3 Flatharta. Is iad Aodh\u00e1n Mac Gearailt, Se\u00e1n \u00d3g de Paor, Rhona N\u00ed Bhuachalla, Emer Gallagher a bhfuil s\u00e9 chraobhchom\u00f3rtas peile buaite aici, agus Caomh\u00edn \u00d3 Casaide a dh\u00e9anfaidh anail\u00eds ar na cluich\u00ed.<br \/>\n&nbsp;<br \/>\nSeolfar an fh\u00e9ile go hoifigi\u00fail sa Sp\u00f3rtlann o\u00edche D\u00e9 hAoine an 3 Meitheamh ag 9pm agus craolfar an ch\u00e9ad chl\u00e1r den tsraith nua Sp\u00f3rt Iris \u00f3n Sp\u00f3rtlann ag 9.55pm, \u00e1 chur i l\u00e1thair ag Dara \u00d3 Cinn\u00e9ide agus Gemma N\u00ed Chionnaith.<br \/>\n&nbsp;<br \/>\nCraolfar den ch\u00e9ad uair freisin Cluiche Ceannais Sinsir na mBan ar TG4 D\u00e9 Luain agus beidh Cluiche Ceannais S\u00f3isir na mBan beo ar <a href=\"https:\/\/www.youtube.com\/sporttg4\" rel=\"noopener\" target=\"_blank\">YouTube<\/a> ar an Domhnach.<br \/>\n&nbsp;<br \/>\nBeidh Nuacht TG4 ag tuairisci\u00fa \u00f3n gcom\u00f3rtas agus beidh <a href=\"https:\/\/www.molsceal.ie\/\" rel=\"noopener\" target=\"_blank\">MOLSC\u00c9AL<\/a> ar an l\u00e1thair i gcaitheamh an deiridh seachtaine agus beidh neart duaiseanna le tabhairt amach acu. Craolfar com\u00f3rtas An Cail\u00edn Gaelach beo ar leathanach Facebook Molsc\u00e9al <a href=\"https:\/\/www.facebook.com\/MOLSCEALTG4\/\" rel=\"noopener\" target=\"_blank\">https:\/\/www.facebook.com\/MOLSCEALTG4\/<\/a> o\u00edche D\u00e9 Domhnaigh \u00f3n 9pm le fear an t\u00ed PJ Sonny Choilm Leara\u00ed.<\/p>\n<p>Lean an comhr\u00e1 ar ard\u00e1in me\u00e1n s\u00f3isialta MOLSC\u00c9AL agus Sp\u00f3rt TG4 tr\u00ed \u00fas\u00e1id a bhaint as an haischlib #CPnaG.<br \/>\n&nbsp;<\/p>\n<p><strong>Na Cluich\u00ed:<\/strong><br \/>\n&nbsp;<br \/>\n<strong>D\u00e9 Sathairn 4\u00fa Meitheamh<\/strong><\/p>\n<table border=\"1\">\n<tr>\n<td>11:00<\/td>\n<td>Cluich\u00ed Ceathr\u00fa Ceannais na bhFear \u2013 S\u00f3isir<\/td>\n<td>Gaeil Bhost\u00fain v Clann na nGael<\/td>\n<td>Beo ar YouTube Sp\u00f3rt TG4<\/td>\n<\/tr>\n<tr>\n<td>13:15<\/td>\n<td>R\u00e9amh Bhabhta\u00ed na mBan \u2013 S\u00f3isir<\/td>\n<td>Cumann Peile Naomh Anna  v  Na Gaeil \u00d3ga<\/td>\n<td>Beo ar YouTube Sp\u00f3rt TG4<\/td>\n<\/tr>\n<tr>\n<td>15:00<\/td>\n<td>Cluich\u00ed Ceathr\u00fa Ceannais na bhFear \u2013 Sinsir<\/td>\n<td>Baile \u00c1tha an Ghaothraidh  v Bearna<\/td>\n<td>Beo ar YouTube Sp\u00f3rt TG4<\/td>\n<\/tr>\n<tr>\n<td>17:00<\/td>\n<td>Cluich\u00ed Ceathr\u00fa Ceannais na bhFear \u2013 S\u00f3isir<\/td>\n<td>Buaiteoir\u00ed R\u00e9amhbhabhta\u00ed  A  v  B<\/td>\n<td>Beo ar YouTube Sp\u00f3rt TG4<\/td>\n<\/tr>\n<tr>\n<td>19:00<\/p>\n<td>Cluich\u00ed Ceathr\u00fa Ceannais na bhFear \u2013 Sinsir<\/td>\n<td>1   v   2 (R\u00e9amh bhabhta\u00ed thuas)<\/td>\n<td>Beo ar YouTube Sp\u00f3rt TG4<\/td>\n<\/tr>\n<\/table>\n<p>&nbsp; <\/p>\n<p><strong>D\u00e9 Domhnaigh 5\u00fa Meitheamh<\/strong><\/p>\n<table border=\"1\">\n<tr>\n<td>11:00<\/td>\n<td>Cluiche Leathcheannais na bhFear \u2013 S\u00f3isir<\/td>\n<td>P\u00e1irc an Mhaim\u00edn<\/td>\n<td>Beo ar YouTube Sp\u00f3rt TG4<\/td>\n<\/tr>\n<tr>\n<td>13:15<\/td>\n<td>Cluiche Leathcheannais na mBan \u2013 Sinsir<\/td>\n<td>Cumann Peile Naomh Anna  v Cill Chom\u00e1in<\/td>\n<td>Beo ar YouTube Sp\u00f3rt TG4<\/td>\n<\/tr>\n<tr>\n<td>15:00<\/td>\n<td>Cluiche Ceannais na mBan \u2013 S\u00f3isir<\/td>\n<td>P\u00e1irc an Mhaim\u00edn<\/td>\n<td>Beo ar YouTube Sp\u00f3rt TG4<\/td>\n<\/tr>\n<tr>\n<td>17:00<\/td>\n<td>Cluiche Leathcheannais na bhFear \u2013 Sinsir<\/td>\n<td>P\u00e1irc an Mhaim\u00edn<\/td>\n<td>Beo ar TG4<\/td>\n<\/tr>\n<tr>\n<td>19:00<\/td>\n<td>Cluiche Leathcheannais na bhFear \u2013 Sinsir<\/td>\n<td>Cumann Peile Naomh Anna v   Buaiteoir\u00ed C<\/td>\n<td>Beo ar TG4<\/td>\n<\/tr>\n<\/table>\n<p>&nbsp;<\/p>\n<p><strong>D\u00e9 Luain 6\u00fa Meitheamh<\/strong><\/p>\n<table border=\"1\">\n<tr>\n<td>12:00<\/td>\n<td>Cluiche Ceannais na bhFear \u2013 S\u00f3isir<\/td>\n<td>P\u00e1irc an Mhaim\u00edn<\/td>\n<td>Beo ar TG4<\/td>\n<\/tr>\n<tr>\n<td>14:00<\/td>\n<td>Cluiche Ceannais na mBan &#8211; Sinsir<\/td>\n<td>P\u00e1irc an Mhaim\u00edn<\/td>\n<td>Beo ar TG4<\/td>\n<\/tr>\n<tr>\n<td>16:00<\/td>\n<td>Cluiche Ceannais na bhFear \u2013 Sinsir<\/td>\n<td>P\u00e1irc an Mhaim\u00edn<\/td>\n<td>Beo ar TG4<\/td>\n<\/tr>\n<\/table>\n<p>&nbsp;<br \/>\n&nbsp;<\/p>\n","protected":false},"excerpt":{"rendered":"<p>&nbsp; #CPnaG &nbsp; Blais\u00edn: &nbsp; Beidh TG4 i l\u00e1r an aonaigh ag Com\u00f3rtas Peile na Gaeltachta i Leitir M\u00f3ir deireadh seachtaine na Cinc\u00edse. Den ch\u00e9ad uair riamh, mar pr\u00edomhurraitheoir an chom\u00f3rtais, craolfar gach cluiche a bheidh le himirt ar Ph\u00e1irc an Mh\u00e1im\u00edn ar ard\u00e1in TG4, idir TG4 agus cain\u00e9al Youtube Sp\u00f3rt TG4 agus beidh na [&hellip;]<\/p>\n","protected":false},"author":876,"featured_media":0,"parent":138171,"menu_order":17,"comment_status":"closed","ping_status":"closed","template":"page-templates\/template-pr.php","meta":{"_acf_changed":false,"footnotes":""},"acf":[],"yoast_head":"<!-- This site is optimized with the Yoast SEO plugin v22.6 - https:\/\/yoast.com\/wordpress\/plugins\/seo\/ -->\n<title>TG4 ag ceili\u00faradh Com\u00f3rtas Peile na Gaeltachta | Preas R\u00e1iteas | TG4<\/title>\n<meta name=\"description\" content=\"Beidh TG4 i l\u00e1r an aonaigh ag Com\u00f3rtas Peile na Gaeltachta i Leitir M\u00f3ir deireadh seachtaine na Cinc\u00edse.\" \/>\n<meta name=\"robots\" content=\"index, follow, max-snippet:-1, max-image-preview:large, max-video-preview:-1\" \/>\n<meta property=\"og:locale\" content=\"en_US\" \/>\n<meta property=\"og:type\" content=\"article\" \/>\n<meta property=\"og:title\" content=\"TG4 ag ceili\u00faradh Com\u00f3rtas Peile na Gaeltachta | Preas R\u00e1iteas | TG4\" \/>\n<meta property=\"og:description\" content=\"Beidh TG4 i l\u00e1r an aonaigh ag Com\u00f3rtas Peile na Gaeltachta i Leitir M\u00f3ir deireadh seachtaine na Cinc\u00edse.\" \/>\n<meta property=\"og:url\" content=\"https:\/\/dev.tg4.ie\/ga\/eolas\/preas\/nuacht-raitis\/2022-2\/tg4-ag-ceiliuradh-comortas-peile-na-gaeltachta\/\" \/>\n<meta property=\"og:site_name\" content=\"TG4\" \/>\n<meta property=\"article:publisher\" content=\"https:\/\/www.facebook.com\/TG4TV\" \/>\n<meta property=\"og:image\" content=\"https:\/\/tg4-docs.s3.amazonaws.com\/wp-content\/uploads\/2022\/05\/31133043\/Logo_CPnaG2022_2_1920x1080.jpg\" \/>\n\t<meta property=\"og:image:width\" content=\"1920\" \/>\n\t<meta property=\"og:image:height\" content=\"1080\" \/>\n\t<meta property=\"og:image:type\" content=\"image\/jpeg\" \/>\n<meta name=\"twitter:card\" content=\"summary_large_image\" \/>\n<meta name=\"twitter:image\" content=\"https:\/\/tg4-docs.s3.amazonaws.com\/wp-content\/uploads\/2022\/05\/31133043\/Logo_CPnaG2022_2_1920x1080.jpg\" \/>\n<meta name=\"twitter:site\" content=\"@TG4TV\" \/>\n<meta name=\"twitter:label1\" content=\"Est. reading time\" \/>\n\t<meta name=\"twitter:data1\" content=\"8 minutes\" \/>\n<script type=\"application\/ld+json\" class=\"yoast-schema-graph\">{\"@context\":\"https:\/\/schema.org\",\"@graph\":[{\"@type\":\"WebPage\",\"@id\":\"https:\/\/dev.tg4.ie\/ga\/eolas\/preas\/nuacht-raitis\/2022-2\/tg4-ag-ceiliuradh-comortas-peile-na-gaeltachta\/\",\"url\":\"https:\/\/dev.tg4.ie\/ga\/eolas\/preas\/nuacht-raitis\/2022-2\/tg4-ag-ceiliuradh-comortas-peile-na-gaeltachta\/\",\"name\":\"TG4 ag ceili\u00faradh Com\u00f3rtas Peile na Gaeltachta | Preas R\u00e1iteas | TG4\",\"isPartOf\":{\"@id\":\"https:\/\/dev.tg4.ie\/en\/#website\"},\"primaryImageOfPage\":{\"@id\":\"https:\/\/dev.tg4.ie\/ga\/eolas\/preas\/nuacht-raitis\/2022-2\/tg4-ag-ceiliuradh-comortas-peile-na-gaeltachta\/#primaryimage\"},\"image\":{\"@id\":\"https:\/\/dev.tg4.ie\/ga\/eolas\/preas\/nuacht-raitis\/2022-2\/tg4-ag-ceiliuradh-comortas-peile-na-gaeltachta\/#primaryimage\"},\"thumbnailUrl\":\"https:\/\/dev.tg4.ie\/wp-content\/uploads\/2022\/05\/Logo_CPnaG2022_2_1920x1080.jpg\",\"datePublished\":\"2022-05-31T13:12:21+00:00\",\"dateModified\":\"2022-05-31T13:12:21+00:00\",\"description\":\"Beidh TG4 i l\u00e1r an aonaigh ag Com\u00f3rtas Peile na Gaeltachta i Leitir M\u00f3ir deireadh seachtaine na Cinc\u00edse.\",\"breadcrumb\":{\"@id\":\"https:\/\/dev.tg4.ie\/ga\/eolas\/preas\/nuacht-raitis\/2022-2\/tg4-ag-ceiliuradh-comortas-peile-na-gaeltachta\/#breadcrumb\"},\"inLanguage\":\"ga\",\"potentialAction\":[{\"@type\":\"ReadAction\",\"target\":[\"https:\/\/dev.tg4.ie\/ga\/eolas\/preas\/nuacht-raitis\/2022-2\/tg4-ag-ceiliuradh-comortas-peile-na-gaeltachta\/\"]}]},{\"@type\":\"ImageObject\",\"inLanguage\":\"ga\",\"@id\":\"https:\/\/dev.tg4.ie\/ga\/eolas\/preas\/nuacht-raitis\/2022-2\/tg4-ag-ceiliuradh-comortas-peile-na-gaeltachta\/#primaryimage\",\"url\":\"https:\/\/dev.tg4.ie\/wp-content\/uploads\/2022\/05\/Logo_CPnaG2022_2_1920x1080.jpg\",\"contentUrl\":\"https:\/\/dev.tg4.ie\/wp-content\/uploads\/2022\/05\/Logo_CPnaG2022_2_1920x1080.jpg\"},{\"@type\":\"BreadcrumbList\",\"@id\":\"https:\/\/dev.tg4.ie\/ga\/eolas\/preas\/nuacht-raitis\/2022-2\/tg4-ag-ceiliuradh-comortas-peile-na-gaeltachta\/#breadcrumb\",\"itemListElement\":[{\"@type\":\"ListItem\",\"position\":1,\"name\":\"Home\",\"item\":\"https:\/\/dev.tg4.ie\/ga\/\"},{\"@type\":\"ListItem\",\"position\":2,\"name\":\"Eolas\",\"item\":\"https:\/\/dev.tg4.ie\/ga\/eolas\/\"},{\"@type\":\"ListItem\",\"position\":3,\"name\":\"Preas\",\"item\":\"https:\/\/dev.tg4.ie\/ga\/eolas\/preas\/\"},{\"@type\":\"ListItem\",\"position\":4,\"name\":\"Nuacht R\u00e1itis\",\"item\":\"https:\/\/dev.tg4.ie\/ga\/eolas\/preas\/nuacht-raitis\/\"},{\"@type\":\"ListItem\",\"position\":5,\"name\":\"2022\",\"item\":\"https:\/\/dev.tg4.ie\/ga\/eolas\/preas\/nuacht-raitis\/2022-2\/\"},{\"@type\":\"ListItem\",\"position\":6,\"name\":\"TG4 ag ceili\u00faradh Com\u00f3rtas Peile na Gaeltachta\"}]},{\"@type\":\"WebSite\",\"@id\":\"https:\/\/dev.tg4.ie\/en\/#website\",\"url\":\"https:\/\/dev.tg4.ie\/en\/\",\"name\":\"TG4\",\"description\":\"S\u00fail Eile\",\"potentialAction\":[{\"@type\":\"SearchAction\",\"target\":{\"@type\":\"EntryPoint\",\"urlTemplate\":\"https:\/\/dev.tg4.ie\/en\/?s={search_term_string}\"},\"query-input\":\"required name=search_term_string\"}],\"inLanguage\":\"ga\"}]}<\/script>\n<!-- \/ Yoast SEO plugin. -->","yoast_head_json":{"title":"TG4 ag ceili\u00faradh Com\u00f3rtas Peile na Gaeltachta | Preas R\u00e1iteas | TG4","description":"Beidh TG4 i l\u00e1r an aonaigh ag Com\u00f3rtas Peile na Gaeltachta i Leitir M\u00f3ir deireadh seachtaine na Cinc\u00edse.","robots":{"index":"index","follow":"follow","max-snippet":"max-snippet:-1","max-image-preview":"max-image-preview:large","max-video-preview":"max-video-preview:-1"},"og_locale":"en_US","og_type":"article","og_title":"TG4 ag ceili\u00faradh Com\u00f3rtas Peile na Gaeltachta | Preas R\u00e1iteas | TG4","og_description":"Beidh TG4 i l\u00e1r an aonaigh ag Com\u00f3rtas Peile na Gaeltachta i Leitir M\u00f3ir deireadh seachtaine na Cinc\u00edse.","og_url":"https:\/\/dev.tg4.ie\/ga\/eolas\/preas\/nuacht-raitis\/2022-2\/tg4-ag-ceiliuradh-comortas-peile-na-gaeltachta\/","og_site_name":"TG4","article_publisher":"https:\/\/www.facebook.com\/TG4TV","og_image":[{"width":1920,"height":1080,"url":"https:\/\/tg4-docs.s3.amazonaws.com\/wp-content\/uploads\/2022\/05\/31133043\/Logo_CPnaG2022_2_1920x1080.jpg","type":"image\/jpeg"}],"twitter_card":"summary_large_image","twitter_image":"https:\/\/tg4-docs.s3.amazonaws.com\/wp-content\/uploads\/2022\/05\/31133043\/Logo_CPnaG2022_2_1920x1080.jpg","twitter_site":"@TG4TV","twitter_misc":{"Est. reading time":"8 minutes"},"schema":{"@context":"https:\/\/schema.org","@graph":[{"@type":"WebPage","@id":"https:\/\/dev.tg4.ie\/ga\/eolas\/preas\/nuacht-raitis\/2022-2\/tg4-ag-ceiliuradh-comortas-peile-na-gaeltachta\/","url":"https:\/\/dev.tg4.ie\/ga\/eolas\/preas\/nuacht-raitis\/2022-2\/tg4-ag-ceiliuradh-comortas-peile-na-gaeltachta\/","name":"TG4 ag ceili\u00faradh Com\u00f3rtas Peile na Gaeltachta | Preas R\u00e1iteas | TG4","isPartOf":{"@id":"https:\/\/dev.tg4.ie\/en\/#website"},"primaryImageOfPage":{"@id":"https:\/\/dev.tg4.ie\/ga\/eolas\/preas\/nuacht-raitis\/2022-2\/tg4-ag-ceiliuradh-comortas-peile-na-gaeltachta\/#primaryimage"},"image":{"@id":"https:\/\/dev.tg4.ie\/ga\/eolas\/preas\/nuacht-raitis\/2022-2\/tg4-ag-ceiliuradh-comortas-peile-na-gaeltachta\/#primaryimage"},"thumbnailUrl":"https:\/\/dev.tg4.ie\/wp-content\/uploads\/2022\/05\/Logo_CPnaG2022_2_1920x1080.jpg","datePublished":"2022-05-31T13:12:21+00:00","dateModified":"2022-05-31T13:12:21+00:00","description":"Beidh TG4 i l\u00e1r an aonaigh ag Com\u00f3rtas Peile na Gaeltachta i Leitir M\u00f3ir deireadh seachtaine na Cinc\u00edse.","breadcrumb":{"@id":"https:\/\/dev.tg4.ie\/ga\/eolas\/preas\/nuacht-raitis\/2022-2\/tg4-ag-ceiliuradh-comortas-peile-na-gaeltachta\/#breadcrumb"},"inLanguage":"ga","potentialAction":[{"@type":"ReadAction","target":["https:\/\/dev.tg4.ie\/ga\/eolas\/preas\/nuacht-raitis\/2022-2\/tg4-ag-ceiliuradh-comortas-peile-na-gaeltachta\/"]}]},{"@type":"ImageObject","inLanguage":"ga","@id":"https:\/\/dev.tg4.ie\/ga\/eolas\/preas\/nuacht-raitis\/2022-2\/tg4-ag-ceiliuradh-comortas-peile-na-gaeltachta\/#primaryimage","url":"https:\/\/dev.tg4.ie\/wp-content\/uploads\/2022\/05\/Logo_CPnaG2022_2_1920x1080.jpg","contentUrl":"https:\/\/dev.tg4.ie\/wp-content\/uploads\/2022\/05\/Logo_CPnaG2022_2_1920x1080.jpg"},{"@type":"BreadcrumbList","@id":"https:\/\/dev.tg4.ie\/ga\/eolas\/preas\/nuacht-raitis\/2022-2\/tg4-ag-ceiliuradh-comortas-peile-na-gaeltachta\/#breadcrumb","itemListElement":[{"@type":"ListItem","position":1,"name":"Home","item":"https:\/\/dev.tg4.ie\/ga\/"},{"@type":"ListItem","position":2,"name":"Eolas","item":"https:\/\/dev.tg4.ie\/ga\/eolas\/"},{"@type":"ListItem","position":3,"name":"Preas","item":"https:\/\/dev.tg4.ie\/ga\/eolas\/preas\/"},{"@type":"ListItem","position":4,"name":"Nuacht R\u00e1itis","item":"https:\/\/dev.tg4.ie\/ga\/eolas\/preas\/nuacht-raitis\/"},{"@type":"ListItem","position":5,"name":"2022","item":"https:\/\/dev.tg4.ie\/ga\/eolas\/preas\/nuacht-raitis\/2022-2\/"},{"@type":"ListItem","position":6,"name":"TG4 ag ceili\u00faradh Com\u00f3rtas Peile na Gaeltachta"}]},{"@type":"WebSite","@id":"https:\/\/dev.tg4.ie\/en\/#website","url":"https:\/\/dev.tg4.ie\/en\/","name":"TG4","description":"S\u00fail Eile","potentialAction":[{"@type":"SearchAction","target":{"@type":"EntryPoint","urlTemplate":"https:\/\/dev.tg4.ie\/en\/?s={search_term_string}"},"query-input":"required name=search_term_string"}],"inLanguage":"ga"}]}},"_links":{"self":[{"href":"https:\/\/dev.tg4.ie\/ga\/wp-json\/wp\/v2\/pages\/151565"}],"collection":[{"href":"https:\/\/dev.tg4.ie\/ga\/wp-json\/wp\/v2\/pages"}],"about":[{"href":"https:\/\/dev.tg4.ie\/ga\/wp-json\/wp\/v2\/types\/page"}],"author":[{"embeddable":true,"href":"https:\/\/dev.tg4.ie\/ga\/wp-json\/wp\/v2\/users\/876"}],"replies":[{"embeddable":true,"href":"https:\/\/dev.tg4.ie\/ga\/wp-json\/wp\/v2\/comments?post=151565"}],"version-history":[{"count":0,"href":"https:\/\/dev.tg4.ie\/ga\/wp-json\/wp\/v2\/pages\/151565\/revisions"}],"up":[{"embeddable":true,"href":"https:\/\/dev.tg4.ie\/ga\/wp-json\/wp\/v2\/pages\/138171"}],"wp:attachment":[{"href":"https:\/\/dev.tg4.ie\/ga\/wp-json\/wp\/v2\/media?parent=151565"}],"curies":[{"name":"wp","href":"https:\/\/api.w.org\/{rel}","templated":true}]}}