{"id":1527,"date":"2015-08-20T10:03:16","date_gmt":"2015-08-20T09:03:16","guid":{"rendered":"https:\/\/dev.tg4.ie\/corporate\/awards\/2013-2\/"},"modified":"2019-10-22T15:30:19","modified_gmt":"2019-10-22T14:30:19","slug":"2013-2","status":"publish","type":"page","link":"https:\/\/dev.tg4.ie\/ga\/eolas\/gradaim\/2013-2\/","title":{"rendered":"2013"},"content":{"rendered":"<h1>2013<\/h1>\n<p><strong>R\u00e1s Tailteann \u2013 Rotha an tSaoil<\/strong><br \/>\nF\u00e9ile na Me\u00e1in Ceilteach 2013, Cl\u00e1r Sp\u00f3irt agus Spiorad na F\u00e9ile<\/p>\n<p><strong>C\u00falacaint<\/strong><br \/>\nF\u00e9ile na Me\u00e1in Ceilteach 2013, Aip d&#8217;Fhoghlaimeoir\u00ed<\/p>\n<p><strong>John Doherty, Ar Leirg na Gaoithe<\/strong><br \/>\nF\u00e9ile na Me\u00e1in Ceilteach 2013, Cl\u00e1r Eala\u00edne<\/p>\n<p><strong>Sc\u00e9al na Gaeilge<\/strong><br \/>\nF\u00e9ile na Me\u00e1in Ceilteach 2013, Cl\u00e1r F\u00edorasach Siamsa\u00edochta<\/p>\n<p><strong>L\u00f3n sa Sp\u00e9ir<\/strong><br \/>\nIFTA 2013, Duais na Gaeilge (S\u00f3nta)<\/p>\n<p><strong>Congo 1961<\/strong><br \/>\nIFTA 2013, Faisn\u00e9is Teilif\u00edse (Aka Java)<\/p>\n<p><strong>Jockey Eile<\/strong><br \/>\nIFTA 2013, R\u00e9ilif\u00eds (Ab\u00fa Media)<\/p>\n<p><strong>Am an Gh\u00e1tair<\/strong><br \/>\nIFTA 2013, Fuaim Teilif\u00edse (Mark Henry, Conall de Cl\u00e9ir agus John Brennan)<\/p>\n<p><strong>Gaeil Nua Eabhrac<\/strong><br \/>\nIFTA 2013, Grianghrafad\u00f3ireacht Teilif\u00edse (Michael O\u2019Donovan)<\/p>\n","protected":false},"excerpt":{"rendered":"<p>2013 R\u00e1s Tailteann \u2013 Rotha an tSaoil F\u00e9ile na Me\u00e1in Ceilteach 2013, Cl\u00e1r Sp\u00f3irt agus Spiorad na F\u00e9ile C\u00falacaint F\u00e9ile na Me\u00e1in Ceilteach 2013, Aip d&#8217;Fhoghlaimeoir\u00ed John Doherty, Ar Leirg na Gaoithe F\u00e9ile na Me\u00e1in Ceilteach 2013, Cl\u00e1r Eala\u00edne Sc\u00e9al na Gaeilge F\u00e9ile na Me\u00e1in Ceilteach 2013, Cl\u00e1r F\u00edorasach Siamsa\u00edochta L\u00f3n sa Sp\u00e9ir IFTA 2013, [&hellip;]<\/p>\n","protected":false},"author":6,"featured_media":0,"parent":1219,"menu_order":16,"comment_status":"closed","ping_status":"closed","template":"page-templates\/template-corporate.php","meta":{"_acf_changed":false,"footnotes":""},"acf":[],"yoast_head":"<!-- This site is optimized with the Yoast SEO plugin v22.6 - https:\/\/yoast.com\/wordpress\/plugins\/seo\/ -->\n<title>2013 - TG4<\/title>\n<meta name=\"robots\" content=\"index, follow, max-snippet:-1, max-image-preview:large, max-video-preview:-1\" \/>\n<meta property=\"og:locale\" content=\"en_US\" \/>\n<meta property=\"og:type\" content=\"article\" \/>\n<meta property=\"og:title\" content=\"2013 - TG4\" \/>\n<meta property=\"og:description\" content=\"2013 R\u00e1s Tailteann \u2013 Rotha an tSaoil F\u00e9ile na Me\u00e1in Ceilteach 2013, Cl\u00e1r Sp\u00f3irt agus Spiorad na F\u00e9ile C\u00falacaint F\u00e9ile na Me\u00e1in Ceilteach 2013, Aip d&#8217;Fhoghlaimeoir\u00ed John Doherty, Ar Leirg na Gaoithe F\u00e9ile na Me\u00e1in Ceilteach 2013, Cl\u00e1r Eala\u00edne Sc\u00e9al na Gaeilge F\u00e9ile na Me\u00e1in Ceilteach 2013, Cl\u00e1r F\u00edorasach Siamsa\u00edochta L\u00f3n sa Sp\u00e9ir IFTA 2013, [&hellip;]\" \/>\n<meta property=\"og:url\" content=\"https:\/\/dev.tg4.ie\/ga\/eolas\/gradaim\/2013-2\/\" \/>\n<meta property=\"og:site_name\" content=\"TG4\" \/>\n<meta property=\"article:publisher\" content=\"https:\/\/www.facebook.com\/TG4TV\" \/>\n<meta property=\"article:modified_time\" content=\"2019-10-22T14:30:19+00:00\" \/>\n<meta property=\"og:image\" content=\"https:\/\/tg4-docs.s3.amazonaws.com\/wp-content\/uploads\/2024\/11\/18151812\/TG4_2024_corcra_teal_1-1920x1080-1.jpg\" \/>\n\t<meta property=\"og:image:width\" content=\"1920\" \/>\n\t<meta property=\"og:image:height\" content=\"1080\" \/>\n\t<meta property=\"og:image:type\" content=\"image\/jpeg\" \/>\n<meta name=\"twitter:card\" content=\"summary_large_image\" \/>\n<meta name=\"twitter:site\" content=\"@TG4TV\" \/>\n<meta name=\"twitter:label1\" content=\"Est. reading time\" \/>\n\t<meta name=\"twitter:data1\" content=\"1 minute\" \/>\n<script type=\"application\/ld+json\" class=\"yoast-schema-graph\">{\"@context\":\"https:\/\/schema.org\",\"@graph\":[{\"@type\":\"WebPage\",\"@id\":\"https:\/\/dev.tg4.ie\/ga\/eolas\/gradaim\/2013-2\/\",\"url\":\"https:\/\/dev.tg4.ie\/ga\/eolas\/gradaim\/2013-2\/\",\"name\":\"2013 - TG4\",\"isPartOf\":{\"@id\":\"https:\/\/dev.tg4.ie\/en\/#website\"},\"datePublished\":\"2015-08-20T09:03:16+00:00\",\"dateModified\":\"2019-10-22T14:30:19+00:00\",\"breadcrumb\":{\"@id\":\"https:\/\/dev.tg4.ie\/ga\/eolas\/gradaim\/2013-2\/#breadcrumb\"},\"inLanguage\":\"ga\",\"potentialAction\":[{\"@type\":\"ReadAction\",\"target\":[\"https:\/\/dev.tg4.ie\/ga\/eolas\/gradaim\/2013-2\/\"]}]},{\"@type\":\"BreadcrumbList\",\"@id\":\"https:\/\/dev.tg4.ie\/ga\/eolas\/gradaim\/2013-2\/#breadcrumb\",\"itemListElement\":[{\"@type\":\"ListItem\",\"position\":1,\"name\":\"Home\",\"item\":\"https:\/\/dev.tg4.ie\/ga\/\"},{\"@type\":\"ListItem\",\"position\":2,\"name\":\"Eolas\",\"item\":\"https:\/\/dev.tg4.ie\/ga\/eolas\/\"},{\"@type\":\"ListItem\",\"position\":3,\"name\":\"Gradaim\",\"item\":\"https:\/\/dev.tg4.ie\/ga\/eolas\/gradaim\/\"},{\"@type\":\"ListItem\",\"position\":4,\"name\":\"2013\"}]},{\"@type\":\"WebSite\",\"@id\":\"https:\/\/dev.tg4.ie\/en\/#website\",\"url\":\"https:\/\/dev.tg4.ie\/en\/\",\"name\":\"TG4\",\"description\":\"S\u00fail Eile\",\"potentialAction\":[{\"@type\":\"SearchAction\",\"target\":{\"@type\":\"EntryPoint\",\"urlTemplate\":\"https:\/\/dev.tg4.ie\/en\/?s={search_term_string}\"},\"query-input\":\"required name=search_term_string\"}],\"inLanguage\":\"ga\"}]}<\/script>\n<!-- \/ Yoast SEO plugin. -->","yoast_head_json":{"title":"2013 - TG4","robots":{"index":"index","follow":"follow","max-snippet":"max-snippet:-1","max-image-preview":"max-image-preview:large","max-video-preview":"max-video-preview:-1"},"og_locale":"en_US","og_type":"article","og_title":"2013 - TG4","og_description":"2013 R\u00e1s Tailteann \u2013 Rotha an tSaoil F\u00e9ile na Me\u00e1in Ceilteach 2013, Cl\u00e1r Sp\u00f3irt agus Spiorad na F\u00e9ile C\u00falacaint F\u00e9ile na Me\u00e1in Ceilteach 2013, Aip d&#8217;Fhoghlaimeoir\u00ed John Doherty, Ar Leirg na Gaoithe F\u00e9ile na Me\u00e1in Ceilteach 2013, Cl\u00e1r Eala\u00edne Sc\u00e9al na Gaeilge F\u00e9ile na Me\u00e1in Ceilteach 2013, Cl\u00e1r F\u00edorasach Siamsa\u00edochta L\u00f3n sa Sp\u00e9ir IFTA 2013, [&hellip;]","og_url":"https:\/\/dev.tg4.ie\/ga\/eolas\/gradaim\/2013-2\/","og_site_name":"TG4","article_publisher":"https:\/\/www.facebook.com\/TG4TV","article_modified_time":"2019-10-22T14:30:19+00:00","og_image":[{"width":1920,"height":1080,"url":"https:\/\/tg4-docs.s3.amazonaws.com\/wp-content\/uploads\/2024\/11\/18151812\/TG4_2024_corcra_teal_1-1920x1080-1.jpg","type":"image\/jpeg"}],"twitter_card":"summary_large_image","twitter_site":"@TG4TV","twitter_misc":{"Est. reading time":"1 minute"},"schema":{"@context":"https:\/\/schema.org","@graph":[{"@type":"WebPage","@id":"https:\/\/dev.tg4.ie\/ga\/eolas\/gradaim\/2013-2\/","url":"https:\/\/dev.tg4.ie\/ga\/eolas\/gradaim\/2013-2\/","name":"2013 - TG4","isPartOf":{"@id":"https:\/\/dev.tg4.ie\/en\/#website"},"datePublished":"2015-08-20T09:03:16+00:00","dateModified":"2019-10-22T14:30:19+00:00","breadcrumb":{"@id":"https:\/\/dev.tg4.ie\/ga\/eolas\/gradaim\/2013-2\/#breadcrumb"},"inLanguage":"ga","potentialAction":[{"@type":"ReadAction","target":["https:\/\/dev.tg4.ie\/ga\/eolas\/gradaim\/2013-2\/"]}]},{"@type":"BreadcrumbList","@id":"https:\/\/dev.tg4.ie\/ga\/eolas\/gradaim\/2013-2\/#breadcrumb","itemListElement":[{"@type":"ListItem","position":1,"name":"Home","item":"https:\/\/dev.tg4.ie\/ga\/"},{"@type":"ListItem","position":2,"name":"Eolas","item":"https:\/\/dev.tg4.ie\/ga\/eolas\/"},{"@type":"ListItem","position":3,"name":"Gradaim","item":"https:\/\/dev.tg4.ie\/ga\/eolas\/gradaim\/"},{"@type":"ListItem","position":4,"name":"2013"}]},{"@type":"WebSite","@id":"https:\/\/dev.tg4.ie\/en\/#website","url":"https:\/\/dev.tg4.ie\/en\/","name":"TG4","description":"S\u00fail Eile","potentialAction":[{"@type":"SearchAction","target":{"@type":"EntryPoint","urlTemplate":"https:\/\/dev.tg4.ie\/en\/?s={search_term_string}"},"query-input":"required name=search_term_string"}],"inLanguage":"ga"}]}},"_links":{"self":[{"href":"https:\/\/dev.tg4.ie\/ga\/wp-json\/wp\/v2\/pages\/1527"}],"collection":[{"href":"https:\/\/dev.tg4.ie\/ga\/wp-json\/wp\/v2\/pages"}],"about":[{"href":"https:\/\/dev.tg4.ie\/ga\/wp-json\/wp\/v2\/types\/page"}],"author":[{"embeddable":true,"href":"https:\/\/dev.tg4.ie\/ga\/wp-json\/wp\/v2\/users\/6"}],"replies":[{"embeddable":true,"href":"https:\/\/dev.tg4.ie\/ga\/wp-json\/wp\/v2\/comments?post=1527"}],"version-history":[{"count":0,"href":"https:\/\/dev.tg4.ie\/ga\/wp-json\/wp\/v2\/pages\/1527\/revisions"}],"up":[{"embeddable":true,"href":"https:\/\/dev.tg4.ie\/ga\/wp-json\/wp\/v2\/pages\/1219"}],"wp:attachment":[{"href":"https:\/\/dev.tg4.ie\/ga\/wp-json\/wp\/v2\/media?parent=1527"}],"curies":[{"name":"wp","href":"https:\/\/api.w.org\/{rel}","templated":true}]}}