{"id":15272,"date":"2016-03-15T15:12:41","date_gmt":"2016-03-15T15:12:41","guid":{"rendered":"https:\/\/dev.tg4.ie\/corporate\/preas\/press-releases\/2016-2\/15-03-16\/"},"modified":"2019-06-24T16:21:53","modified_gmt":"2019-06-24T15:21:53","slug":"15-03-16","status":"publish","type":"page","link":"https:\/\/dev.tg4.ie\/ga\/eolas\/preas\/nuacht-raitis\/2016-2\/15-03-16\/","title":{"rendered":"15.03.16"},"content":{"rendered":"<h2>Splanc! 2016 ar TG4<\/h2>\n<p>Anois agus iad seolta ag \u00f3c\u00e1id taispe\u00e1ntais in Institi\u00faid Scann\u00e1n na h\u00c9ireann (14 M\u00e1rta),\u00a0\u00a0 t\u00e1 na gearrscann\u00e1in a l\u00e9ir\u00edodh do Splanc! 2016 le craoladh ar TG4 le linn na C\u00e1sca.\u00a0\u00a0 Is tionsnamh faisn\u00e9ise tr\u00ed mhe\u00e1n na Gaeilge \u00e9 Splanc! a thugann taca\u00edocht do thogra\u00ed scann\u00e1n\u00a0 ina nd\u00e9antar tochailt chruthaitheach ar na heala\u00edona in \u00c9irinn agus l\u00e9argas f\u00edsi\u00fail spreag\u00fail orthu.\u00a0 TG4 agus An Chomhairle Eala\u00edon i gcomhar le Ionad Scann\u00e1na\u00edochta na Gaillimhe a eagra\u00edonn agus a mhaoin\u00edonn an sc\u00e9im seo.<\/p>\n<p>Seo a leanas na saothair agus d\u00e1ta\u00ed craolta ar TG4:<\/p>\n<p><strong>Ailiu Iarth na n-hErend<\/strong> le D\u00f3nal \u00d3 C\u00e9illeachair,\u00a0 bunaitha ar an gc\u00e9ad d\u00e1n Gaeilge\u00a0 riamh,\u00a0 deirtear,\u00a0 leis an bhfile Aimhirgin Gl\u00faingheal.\u00a0 T\u00e1 fil\u00ed na linne seo agus \u00edomh\u00e1nna dra\u00edocht\u00fala sa scann\u00e1n. (26 M\u00e1rta 7.45pm)<\/p>\n<p>Is iad Fergal Ward agus Adrian Duncan a l\u00e9irigh <strong>Bungal\u00f3 Bliss, <\/strong>ath-chuairt ar chatal\u00f3g ailtireachta Jack Fitzsimon a heis\u00edodh i 1971 agus a d\u2019fh\u00e1g rian l\u00e1idir ar an dreach t\u00edre agus ar shaol na tuaithe anseo. (26 M\u00e1rta 7.50pm)<\/p>\n<p><strong>Solas C\u00e9ad Bliain<\/strong> le Tadhg O\u2019 Sullivan, ini\u00fachadh ar an solas mar mh\u00f3it\u00edf ag eala\u00edont\u00f3ir\u00ed na h\u00c9ireann. (27 M\u00e1rta 7.15pm)<\/p>\n<p><strong>Imogen Stuart Dealbh\u00f3ir<\/strong> l\u00e9iri\u00fa Sharon Wooley ar shaothar na mn\u00e1 a rugadh sa nGearm\u00e1in agus a thuill c\u00e1il n\u00ed amh\u00e1in mar dhealbh\u00f3ir ach mar eala\u00edont\u00f3ir i me\u00e1in eile freisin.\u00a0\u00a0\u00a0\u00a0 (27 M\u00e1rta 7.20pm)<\/p>\n<p><strong>Saothar William McKeown,<\/strong> l\u00e9argas\u00a0 an scann\u00e1n\u00f3ra Pat Collins ar an bp\u00e9inteir as Co Th\u00edr Eoghain. \u00a0(27 M\u00e1rta\u00a0 8.55pm)<\/p>\n<p><strong>Cruth na Cumhachta<\/strong>, le Megs Morley agus Tom Flanagan, s\u00fail ar th\u00e1bhacht na ndealbh cloiche a thugann stair pholaiti\u00fail na h\u00c9irean chun cuimhne.\u00a0 (28 M\u00e1rta\u00a0 7.15pm)<\/p>\n<p><strong>O\u00edche Nollag na mBan<\/strong> \u2013 c\u00f3iri\u00fa fisi\u00fail ar dh\u00e1n cl\u00faiteach She\u00e1in U\u00ed R\u00edord\u00e1in\u00a0 le Oonagh Kearney ina bhfuil fil\u00edocht, c\u00f3r agus ceol fite fuaite le ch\u00e9ile.\u00a0 (28 M\u00e1rta\u00a0 7.20pm)<\/p>\n<p><strong>Souvenir Shop<\/strong> scann\u00e1n Airt U\u00ed Bhriain\u00a0 ar an taispe\u00e1ntas spraoi\u00fal leis an eala\u00edont\u00f3ir\u00a0 Rita Duffy. (Aibre\u00e1n, d\u00e1ta agus am le deimhni\u00fa).<\/p>\n<p>D\u00fairt <strong>Proinsias N\u00ed Ghr\u00e1inne,<\/strong> Eagarth\u00f3ir Coimisi\u00fanaithe TG4 <em>\u201cIs cuid l\u00e1rnach iad na scann\u00e1in seo d\u2019iarracht nu\u00e1lach TG4 com\u00f3radh a dh\u00e9anamh ar ch\u00e9ad bliain d\u2019fh\u00e1s an n\u00e1isi\u00fain. T\u00e1 r\u00edm\u00e9ad orainn an rogha leathan scann\u00e1n seo a chruth\u00fa agus a chur i l\u00e1thair an phobail,\u00a0 l\u00e9argas f\u00edsi\u00fail ar an ngaol gar casta at\u00e1 againn\u00a0 leis na heala\u00edona agus a dt\u00e1bhacht in\u00e1r saol laeth\u00fail.\u00a0 T\u00e1\u00a0 an ts\u00fail eile ag oibri\u00fa iontu ar fad.\u201d<\/em><\/p>\n<p>D\u00fairt <strong>Fionnuala Sweeney<\/strong>, Ceannasa\u00ed Scann\u00e1in leis an An gComhairle Eala\u00edon: <em>\u201cT\u00e1 \u00e1thas ar an gComhairle Eala\u00edon tac\u00fa le l\u00e9iri\u00fa na scann\u00e1n seo.\u00a0 Tugann gach ceann acu a spl\u00e9achadh f\u00e9in ar ghn\u00e9 ar leith de na heala\u00edona in \u00c9irinn.\u00a0 Mar aonad, tugann siad deis don phobal dul i ngleic ar bhealach eisiach le hoidhreacht 1916 tr\u00edd na n-eala\u00edona.\u201d<\/em><\/p>\n<p>Deir <strong>Declan Gibbons<\/strong>, Bainisteoir, Ionad Scann\u00e1na\u00edochta na Gaillimhe: <em>\u201cIs\u00a0 ard\u00fa cro\u00ed d\u00fainn caighde\u00e1n agus c\u00e1il na nd\u00e9ant\u00f3ir\u00ed scann\u00e1n a rinne iarratas ar an sc\u00e9im seo agus t\u00e1 \u00e1thas orainn gur roghna\u00edodh ochtar a bhfuil cumas agus scil ar leith l\u00e9irithe acu i r\u00e9ims\u00ed leathan na\u00a0 n-eala\u00edona.\u201d<\/em><\/p>\n","protected":false},"excerpt":{"rendered":"<p>Splanc! 2016 ar TG4 Anois agus iad seolta ag \u00f3c\u00e1id taispe\u00e1ntais in Institi\u00faid Scann\u00e1n na h\u00c9ireann (14 M\u00e1rta),\u00a0\u00a0 t\u00e1 na gearrscann\u00e1in a l\u00e9ir\u00edodh do Splanc! 2016 le craoladh ar TG4 le linn na C\u00e1sca.\u00a0\u00a0 Is tionsnamh faisn\u00e9ise tr\u00ed mhe\u00e1n na Gaeilge \u00e9 Splanc! a thugann taca\u00edocht do thogra\u00ed scann\u00e1n\u00a0 ina nd\u00e9antar tochailt chruthaitheach ar na [&hellip;]<\/p>\n","protected":false},"author":876,"featured_media":0,"parent":6580,"menu_order":11,"comment_status":"closed","ping_status":"closed","template":"page-templates\/template-pr.php","meta":{"_acf_changed":false,"footnotes":""},"acf":[],"yoast_head":"<!-- This site is optimized with the Yoast SEO plugin v22.6 - https:\/\/yoast.com\/wordpress\/plugins\/seo\/ -->\n<title>15.03.16 - TG4<\/title>\n<meta name=\"robots\" content=\"index, follow, max-snippet:-1, max-image-preview:large, max-video-preview:-1\" \/>\n<meta property=\"og:locale\" content=\"en_US\" \/>\n<meta property=\"og:type\" content=\"article\" \/>\n<meta property=\"og:title\" content=\"15.03.16 - TG4\" \/>\n<meta property=\"og:description\" content=\"Splanc! 2016 ar TG4 Anois agus iad seolta ag \u00f3c\u00e1id taispe\u00e1ntais in Institi\u00faid Scann\u00e1n na h\u00c9ireann (14 M\u00e1rta),\u00a0\u00a0 t\u00e1 na gearrscann\u00e1in a l\u00e9ir\u00edodh do Splanc! 2016 le craoladh ar TG4 le linn na C\u00e1sca.\u00a0\u00a0 Is tionsnamh faisn\u00e9ise tr\u00ed mhe\u00e1n na Gaeilge \u00e9 Splanc! a thugann taca\u00edocht do thogra\u00ed scann\u00e1n\u00a0 ina nd\u00e9antar tochailt chruthaitheach ar na [&hellip;]\" \/>\n<meta property=\"og:url\" content=\"https:\/\/dev.tg4.ie\/ga\/eolas\/preas\/nuacht-raitis\/2016-2\/15-03-16\/\" \/>\n<meta property=\"og:site_name\" content=\"TG4\" \/>\n<meta property=\"article:publisher\" content=\"https:\/\/www.facebook.com\/TG4TV\" \/>\n<meta property=\"article:modified_time\" content=\"2019-06-24T15:21:53+00:00\" \/>\n<meta property=\"og:image\" content=\"https:\/\/tg4-docs.s3.amazonaws.com\/wp-content\/uploads\/2024\/11\/18151812\/TG4_2024_corcra_teal_1-1920x1080-1.jpg\" \/>\n\t<meta property=\"og:image:width\" content=\"1920\" \/>\n\t<meta property=\"og:image:height\" content=\"1080\" \/>\n\t<meta property=\"og:image:type\" content=\"image\/jpeg\" \/>\n<meta name=\"twitter:card\" content=\"summary_large_image\" \/>\n<meta name=\"twitter:site\" content=\"@TG4TV\" \/>\n<meta name=\"twitter:label1\" content=\"Est. reading time\" \/>\n\t<meta name=\"twitter:data1\" content=\"3 minutes\" \/>\n<script type=\"application\/ld+json\" class=\"yoast-schema-graph\">{\"@context\":\"https:\/\/schema.org\",\"@graph\":[{\"@type\":\"WebPage\",\"@id\":\"https:\/\/dev.tg4.ie\/ga\/eolas\/preas\/nuacht-raitis\/2016-2\/15-03-16\/\",\"url\":\"https:\/\/dev.tg4.ie\/ga\/eolas\/preas\/nuacht-raitis\/2016-2\/15-03-16\/\",\"name\":\"15.03.16 - TG4\",\"isPartOf\":{\"@id\":\"https:\/\/dev.tg4.ie\/en\/#website\"},\"datePublished\":\"2016-03-15T15:12:41+00:00\",\"dateModified\":\"2019-06-24T15:21:53+00:00\",\"breadcrumb\":{\"@id\":\"https:\/\/dev.tg4.ie\/ga\/eolas\/preas\/nuacht-raitis\/2016-2\/15-03-16\/#breadcrumb\"},\"inLanguage\":\"ga\",\"potentialAction\":[{\"@type\":\"ReadAction\",\"target\":[\"https:\/\/dev.tg4.ie\/ga\/eolas\/preas\/nuacht-raitis\/2016-2\/15-03-16\/\"]}]},{\"@type\":\"BreadcrumbList\",\"@id\":\"https:\/\/dev.tg4.ie\/ga\/eolas\/preas\/nuacht-raitis\/2016-2\/15-03-16\/#breadcrumb\",\"itemListElement\":[{\"@type\":\"ListItem\",\"position\":1,\"name\":\"Home\",\"item\":\"https:\/\/dev.tg4.ie\/ga\/\"},{\"@type\":\"ListItem\",\"position\":2,\"name\":\"Eolas\",\"item\":\"https:\/\/dev.tg4.ie\/ga\/eolas\/\"},{\"@type\":\"ListItem\",\"position\":3,\"name\":\"Preas\",\"item\":\"https:\/\/dev.tg4.ie\/ga\/eolas\/preas\/\"},{\"@type\":\"ListItem\",\"position\":4,\"name\":\"Nuacht R\u00e1itis\",\"item\":\"https:\/\/dev.tg4.ie\/ga\/eolas\/preas\/nuacht-raitis\/\"},{\"@type\":\"ListItem\",\"position\":5,\"name\":\"2016\",\"item\":\"https:\/\/dev.tg4.ie\/ga\/eolas\/preas\/nuacht-raitis\/2016-2\/\"},{\"@type\":\"ListItem\",\"position\":6,\"name\":\"15.03.16\"}]},{\"@type\":\"WebSite\",\"@id\":\"https:\/\/dev.tg4.ie\/en\/#website\",\"url\":\"https:\/\/dev.tg4.ie\/en\/\",\"name\":\"TG4\",\"description\":\"S\u00fail Eile\",\"potentialAction\":[{\"@type\":\"SearchAction\",\"target\":{\"@type\":\"EntryPoint\",\"urlTemplate\":\"https:\/\/dev.tg4.ie\/en\/?s={search_term_string}\"},\"query-input\":\"required name=search_term_string\"}],\"inLanguage\":\"ga\"}]}<\/script>\n<!-- \/ Yoast SEO plugin. -->","yoast_head_json":{"title":"15.03.16 - TG4","robots":{"index":"index","follow":"follow","max-snippet":"max-snippet:-1","max-image-preview":"max-image-preview:large","max-video-preview":"max-video-preview:-1"},"og_locale":"en_US","og_type":"article","og_title":"15.03.16 - TG4","og_description":"Splanc! 2016 ar TG4 Anois agus iad seolta ag \u00f3c\u00e1id taispe\u00e1ntais in Institi\u00faid Scann\u00e1n na h\u00c9ireann (14 M\u00e1rta),\u00a0\u00a0 t\u00e1 na gearrscann\u00e1in a l\u00e9ir\u00edodh do Splanc! 2016 le craoladh ar TG4 le linn na C\u00e1sca.\u00a0\u00a0 Is tionsnamh faisn\u00e9ise tr\u00ed mhe\u00e1n na Gaeilge \u00e9 Splanc! a thugann taca\u00edocht do thogra\u00ed scann\u00e1n\u00a0 ina nd\u00e9antar tochailt chruthaitheach ar na [&hellip;]","og_url":"https:\/\/dev.tg4.ie\/ga\/eolas\/preas\/nuacht-raitis\/2016-2\/15-03-16\/","og_site_name":"TG4","article_publisher":"https:\/\/www.facebook.com\/TG4TV","article_modified_time":"2019-06-24T15:21:53+00:00","og_image":[{"width":1920,"height":1080,"url":"https:\/\/tg4-docs.s3.amazonaws.com\/wp-content\/uploads\/2024\/11\/18151812\/TG4_2024_corcra_teal_1-1920x1080-1.jpg","type":"image\/jpeg"}],"twitter_card":"summary_large_image","twitter_site":"@TG4TV","twitter_misc":{"Est. reading time":"3 minutes"},"schema":{"@context":"https:\/\/schema.org","@graph":[{"@type":"WebPage","@id":"https:\/\/dev.tg4.ie\/ga\/eolas\/preas\/nuacht-raitis\/2016-2\/15-03-16\/","url":"https:\/\/dev.tg4.ie\/ga\/eolas\/preas\/nuacht-raitis\/2016-2\/15-03-16\/","name":"15.03.16 - TG4","isPartOf":{"@id":"https:\/\/dev.tg4.ie\/en\/#website"},"datePublished":"2016-03-15T15:12:41+00:00","dateModified":"2019-06-24T15:21:53+00:00","breadcrumb":{"@id":"https:\/\/dev.tg4.ie\/ga\/eolas\/preas\/nuacht-raitis\/2016-2\/15-03-16\/#breadcrumb"},"inLanguage":"ga","potentialAction":[{"@type":"ReadAction","target":["https:\/\/dev.tg4.ie\/ga\/eolas\/preas\/nuacht-raitis\/2016-2\/15-03-16\/"]}]},{"@type":"BreadcrumbList","@id":"https:\/\/dev.tg4.ie\/ga\/eolas\/preas\/nuacht-raitis\/2016-2\/15-03-16\/#breadcrumb","itemListElement":[{"@type":"ListItem","position":1,"name":"Home","item":"https:\/\/dev.tg4.ie\/ga\/"},{"@type":"ListItem","position":2,"name":"Eolas","item":"https:\/\/dev.tg4.ie\/ga\/eolas\/"},{"@type":"ListItem","position":3,"name":"Preas","item":"https:\/\/dev.tg4.ie\/ga\/eolas\/preas\/"},{"@type":"ListItem","position":4,"name":"Nuacht R\u00e1itis","item":"https:\/\/dev.tg4.ie\/ga\/eolas\/preas\/nuacht-raitis\/"},{"@type":"ListItem","position":5,"name":"2016","item":"https:\/\/dev.tg4.ie\/ga\/eolas\/preas\/nuacht-raitis\/2016-2\/"},{"@type":"ListItem","position":6,"name":"15.03.16"}]},{"@type":"WebSite","@id":"https:\/\/dev.tg4.ie\/en\/#website","url":"https:\/\/dev.tg4.ie\/en\/","name":"TG4","description":"S\u00fail Eile","potentialAction":[{"@type":"SearchAction","target":{"@type":"EntryPoint","urlTemplate":"https:\/\/dev.tg4.ie\/en\/?s={search_term_string}"},"query-input":"required name=search_term_string"}],"inLanguage":"ga"}]}},"_links":{"self":[{"href":"https:\/\/dev.tg4.ie\/ga\/wp-json\/wp\/v2\/pages\/15272"}],"collection":[{"href":"https:\/\/dev.tg4.ie\/ga\/wp-json\/wp\/v2\/pages"}],"about":[{"href":"https:\/\/dev.tg4.ie\/ga\/wp-json\/wp\/v2\/types\/page"}],"author":[{"embeddable":true,"href":"https:\/\/dev.tg4.ie\/ga\/wp-json\/wp\/v2\/users\/876"}],"replies":[{"embeddable":true,"href":"https:\/\/dev.tg4.ie\/ga\/wp-json\/wp\/v2\/comments?post=15272"}],"version-history":[{"count":0,"href":"https:\/\/dev.tg4.ie\/ga\/wp-json\/wp\/v2\/pages\/15272\/revisions"}],"up":[{"embeddable":true,"href":"https:\/\/dev.tg4.ie\/ga\/wp-json\/wp\/v2\/pages\/6580"}],"wp:attachment":[{"href":"https:\/\/dev.tg4.ie\/ga\/wp-json\/wp\/v2\/media?parent=15272"}],"curies":[{"name":"wp","href":"https:\/\/api.w.org\/{rel}","templated":true}]}}