{"id":153190,"date":"2022-06-28T17:34:22","date_gmt":"2022-06-28T16:34:22","guid":{"rendered":"https:\/\/dev.tg4.ie\/?page_id=153190"},"modified":"2022-06-28T18:02:06","modified_gmt":"2022-06-28T17:02:06","slug":"scannain-tg4-le-taispeaint-den-chead-uair-ag-fleadh-scannan-na-gaillimhe-2022","status":"publish","type":"page","link":"https:\/\/dev.tg4.ie\/ga\/eolas\/preas\/nuacht-raitis\/2022-2\/scannain-tg4-le-taispeaint-den-chead-uair-ag-fleadh-scannan-na-gaillimhe-2022\/","title":{"rendered":"Scann\u00e1in TG4 le taispe\u00e1int den ch\u00e9ad uair ag Fleadh Scann\u00e1n na Gaillimhe 2022"},"content":{"rendered":"<p>T\u00e1 an-\u00e1thas ar TG4 go dtaispe\u00e1nfar 5 cinn d\u00e1 chuid tionscadal ag Fleadh Scann\u00e1n na Gaillimhe 2022.  Beidh TG4 agus F\u00eds \u00c9ireann ag \u00f3st\u00e1il imeacht l\u00edonraithe ag an bhFleadh chomh maith D\u00e9 Sathairn, an 9 I\u00fail, do L\u00e9iritheoir\u00ed a bhfuil sp\u00e9is acu in \u00e1bhar Gaeilge a chruth\u00fa. T\u00e1 an ch\u00e9ad scann\u00e1n eile de chuid CINE4, Tarrac, le taispe\u00e1int den ch\u00e9ad uair ag Fleadh Scann\u00e1n na Gaillimhe i mbliana. Cuirfear Tarrac ar sc\u00e1ile\u00e1n ag <strong>Amharclann Halla an Bhaile D\u00e9 hAoine an 8 I\u00fail ag 9pm<\/strong>.<br \/>\n&nbsp;<br \/>\n<img loading=\"lazy\" decoding=\"async\" width=\"1920\" height=\"1080\" src=\"https:\/\/tg4-docs.s3.amazonaws.com\/wp-content\/uploads\/2022\/06\/28171037\/Tarrac_1_1920x1080.jpg\" alt=\"\" class=\"alignleft size-full wp-image-153192\" srcset=\"https:\/\/tg4-docs.s3.amazonaws.com\/wp-content\/uploads\/2022\/06\/28171037\/Tarrac_1_1920x1080.jpg 1920w, https:\/\/tg4-docs.s3.amazonaws.com\/wp-content\/uploads\/2022\/06\/28171037\/Tarrac_1_1920x1080-250x141.jpg 250w, https:\/\/tg4-docs.s3.amazonaws.com\/wp-content\/uploads\/2022\/06\/28171037\/Tarrac_1_1920x1080-700x394.jpg 700w, https:\/\/tg4-docs.s3.amazonaws.com\/wp-content\/uploads\/2022\/06\/28171037\/Tarrac_1_1920x1080-252x141.jpg 252w, https:\/\/tg4-docs.s3.amazonaws.com\/wp-content\/uploads\/2022\/06\/28171037\/Tarrac_1_1920x1080-1536x864.jpg 1536w, https:\/\/tg4-docs.s3.amazonaws.com\/wp-content\/uploads\/2022\/06\/28171037\/Tarrac_1_1920x1080-120x68.jpg 120w\" sizes=\"(max-width: 1920px) 100vw, 1920px\" \/><br \/>\n&nbsp;<\/p>\n<p>Is dr\u00e1ma pearsanta carachtar-bhunaithe \u00e9 Tarrac, at\u00e1 suite i nGaeltacht Chiarra\u00ed. Filleann Aoife N\u00ed Bhraoin abhaile chun cuidi\u00fa lena hathair, Brend\u00e1n \u2018An B\u00e9ar\u2019 \u00d3 Briain, agus \u00e9 ag t\u00e9arnamh \u00f3 thaom cro\u00ed. R\u00e9it\u00edonn siad maith go leor lena ch\u00e9ile \u00f3 l\u00e1 go l\u00e1. De r\u00e9ir mar a thosa\u00edmid ag tochailt n\u00edos doimhne, \u00e9ir\u00edonn s\u00e9 soil\u00e9ir gur f\u00e1gadh go leor gan r\u00e1 eatarthu faoi bh\u00e1s mh\u00e1thair Aoife. Ba iad Declan Recks a sti\u00fair, Eugene O\u2019Brien a scr\u00edobh agus Cl\u00edona N\u00ed Bhuachalla a l\u00e9irigh an scann\u00e1n seo. \u00c1ir\u00edtear ar an gcliar Kelly Gough, Lorcan Cranitch, Kate Nic Chonaonaigh, Kate Finegan, Rachel Feeney &#038; Cillian \u00d3 Gairbh\u00ed. <a href=\"https:\/\/www.galwayfilmfleadh.com\/project\/tarrac\/\" rel=\"noopener\" target=\"_blank\">Tarrac &#8211; Galway Film Fleadh<\/a><br \/>\n&nbsp;<br \/>\nScann\u00e1n eile \u00f3 st\u00f3r <strong>Cine4<\/strong> n\u00e1 <strong>R\u00f3ise &#038; Frank<\/strong> a thaispe\u00e1nfar ag <strong>Amharclann Halla an Bhaile ag 6pm D\u00e9 C\u00e9adaoin an 6 I\u00fail<\/strong>. Is scann\u00e1n teaghlaigh \u00e9 R\u00f3ise &#038; Frank a bhfuil an-t\u00f3ir air ag na f\u00e9ilte \u00f3 eis\u00edodh \u00e9 n\u00edos luaithe i mbliana.  Ar na gradaim at\u00e1 bainte amach ag an scann\u00e1n go dt\u00ed seo, t\u00e1 Gradam Chiorcal L\u00e9irmheast\u00f3ir\u00ed Scann\u00e1n Bhaile \u00c1tha Cliath, an gradam don Ensemble is Fearr ag F\u00e9ile Scann\u00e1n Idirn\u00e1isi\u00fanta Bhaile \u00c1tha Cliath agus gradaim an Lucht F\u00e9achana ag F\u00e9ile Scann\u00e1n Idirn\u00e1isi\u00fanta Santa Barbara agus ag F\u00e9ile Scann\u00e1n Idirn\u00e1isi\u00fanta Sanoma araon. Is iad Rachael Moriarty agus Peter Murphy a scr\u00edobh agus a sti\u00fair <strong>R\u00f3ise &#038; Frank<\/strong>, agus Macalla a l\u00e9irigh. T\u00e1 dh\u00e1 bhliain caite \u00f3 bh\u00e1saigh Frank, fear c\u00e9ile R\u00f3ise. Agus \u00ed cr\u00e1ite ag an mbriseadh cro\u00ed, t\u00e1 R\u00f3ise tar \u00e9is \u00ed f\u00e9in a scoitheadh amach \u00f3na muintir agus \u00f3n bpobal. Le teacht madra mist\u00e9ireach, a bhfuil r\u00fan aige caidreamh a dh\u00e9anamh l\u00e9i, is cos\u00fail, t\u00e1 an chuma air go bhfuil athr\u00fa m\u00f3r ar na bac\u00e1in. Ach an athr\u00fa chun feabhais a bheidh ann? T\u00e1 an madra an-t\u00f3gtha leis an iom\u00e1int agus le st\u00e9ig, t\u00e1 a rogha cathaoireach uillinne aige i dteach R\u00f3ise, agus t\u00e1 gr\u00e1in aige ar chomharsa R\u00f3ise, Donncha. Scr\u00edbhneoir\u00ed: Peter Murphy &#038; Rachael Moriarty. L\u00e9iritheoir: C\u00fa\u00e1n Mac Conghail. An Chliar: Br\u00edd N\u00ed Neachtain, Cillian \u00d3 Gairbh\u00ed, Lorcan Cranitch, Ruadh\u00e1n de Faoite, Michelle Beamish, Claire O\u2019Connor, Peadar Cox &#038; Deagl\u00e1n de Paor. <a href=\"https:\/\/www.galwayfilmfleadh.com\/project\/roise-frank\/\" rel=\"noopener\" target=\"_blank\">R\u00f3ise &#038; Frank &#8211; Galway Film Fleadh<\/a><br \/>\n&nbsp;<br \/>\nIs sc\u00e9im scann\u00e1n Gaeilge \u00e9 <strong>Cine4<\/strong> a thugann F\u00eds \u00c9ireann, \u00dadar\u00e1s Craolach\u00e1in na h\u00c9ireann agus TG4 taca\u00edocht d\u00f3.<br \/>\n&nbsp;<br \/>\nIs iad <strong>Aisling Tr\u00ed N\u00e9allaibh<\/strong> agus <strong>Cathair na M\u00edlte Grian<\/strong> scann\u00e1in eile <strong>TG4<\/strong> a thaispe\u00e1nfar den ch\u00e9ad uair in \u00c9irinn agus ar domhan ag Fleadh Scann\u00e1n na Gaillimhe i mbliana:<br \/>\n&nbsp;<br \/>\n<strong>Aisling Tr\u00ed N\u00e9allaibh &#8211; Amharclann Halla an Bhaile, an 7 I\u00fail ag 2pm &#8211; An Ch\u00e9ad Taispe\u00e1int.<\/strong> Is ionann Aisling Tr\u00ed N\u00e9allaibh agus ini\u00fachadh an-phearsanta ar dhomhan agus ar phr\u00f3iseas cruthaitheachta Dhoireann N\u00ed Ghr\u00edofa. Cuimhn\u00ed, m\u00e1ithreachas agus an mhist\u00e9ir a bhaineann leis an gcruthaitheacht is \u00e1bhar don scann\u00e1n. Tugtar spreagadh cruthaitheachta N\u00ed Ghr\u00edofa chun solais leis an scann\u00e1n seo, a l\u00e9ir\u00edtear tr\u00ed thaibhithe pearsanta d\u00e1 cuid oibre f\u00e9in mar aon le hagallaimh dhoimhne, agus t\u00e9itear ar aistear l\u00e9i go cro\u00ed a cuid inspior\u00e1ide: a baile f\u00e9in i gCo. an Chl\u00e1ir. Arna mhaoini\u00fa ag an gComhairle Eala\u00edon &#038; TG4 tr\u00ed sc\u00e9im ilD\u00c1NA.  Sti\u00farth\u00f3ir: Ciara Nic Chormaic. L\u00e9iritheoir: Sharon Whooley. <a href=\"https:\/\/www.galwayfilmfleadh.com\/project\/clouded-reveries\/\" rel=\"noopener\" target=\"_blank\">Clouded Reveries &#8211; Galway Film Fleadh<\/a><br \/>\n&nbsp;<br \/>\n<strong>Cathair na M\u00edlte Grian &#8211; Amharclann Halla an Bhaile, D\u00e9 hAoine an 8 I\u00fail ag 2pm &#8211; An Ch\u00e9ad Taispe\u00e1int.<\/strong> Is ionann Cathair na M\u00edlte Grian agus oilithreacht chineamatach lena nd\u00e9antar tionchair chult\u00fair agus sh\u00edceola\u00edochta cogaidh a ini\u00fachadh.  Is d\u00e1n \u00e9 seo i bp\u00e1irt, agus marbhna i bp\u00e1irt chomh maith, lena nd\u00e9antar naisc idir dh\u00e1 chathair at\u00e1 i bhfad \u00f3na ch\u00e9ile, is iad sin Baile \u00c1tha Cliath agus Hiroshima. Baintear leas as oidhreacht shaibhir na scann\u00e1na\u00edochta domhanda chun tumadh isteach in\u00e1r gcomhchuimhne agus solas a chaitheamh ar an tr\u00e1ma a f\u00e1gadh orainn uile mar shliochtaigh na r\u00e9 adamha\u00ed. Sti\u00farth\u00f3ir\u00ed: Paula Kehoe &#038; Feargal Ward. Scr\u00edbhneoir\u00ed: Paula Kehoe &#038; Feargal Ward. L\u00e9iritheoir: Paula Kehoe. An Chliar: Marcus Mac Conghail, Kazuyoshi Meiki, Tristan Warner, Ailbhe N\u00ed Ghearbhuigh (reacaire) &#038; Ri\u00f3na N\u00ed Fhrighil. <a href=\"https:\/\/www.galwayfilmfleadh.com\/project\/city-of-a-thousand-suns\/\" rel=\"noopener\" target=\"_blank\">City of a Thousand Suns &#8211; Galway Film Fleadh <\/a><br \/>\n&nbsp;<br \/>\n<strong>An Buachaill Gealgh\u00e1ireach &#8211; An P\u00e1l\u00e1s, D\u00e9 hAoine an 8 I\u00fail ag 1pm.<\/strong> Is ionann An Buachaill Gealgh\u00e1ireach agus sc\u00e9al suntasach amhr\u00e1in n\u00e1r ins\u00edodh roimhe seo. Baineann s\u00e9 le hamhr\u00e1n \u00c9ireannach dar teideal \u201cThe Laughing Boy\u201d a scr\u00edobh Brendan Behan agus \u00e9 ina reibili\u00fanach de dh\u00e9ag\u00f3ir, i gcuimhne reibili\u00fanach s\u00e1raitheanta eile, M\u00edche\u00e1l \u00d3 Coile\u00e1in \u2013 a bhfuil cothrom c\u00e9ad bliain \u00f3 bh\u00e1saigh s\u00e9 \u00e1 chom\u00f3radh i mbliana. Bh\u00ed saol suntasach dr\u00e1mat\u00fail eile ag an amhr\u00e1n seo mar \u201cTo Gelasto Paidi\u201d, m\u00f3ramhr\u00e1n cumhachtach frithbhearta\u00edocht na heite cl\u00e9 i gcoinne na deacht\u00f3ireachta a bh\u00ed i gceannas ar an nGr\u00e9ig ag deireadh na 1960id\u00ed agus ag t\u00fas na 1970id\u00ed. D\u2019aistrigh an file Vassilis Rotas focail Behan go Gr\u00e9igis agus chuir an cumad\u00f3ir is c\u00e1ili\u00fala riamh sa Ghr\u00e9ig, an laoch ceoil Mikis Theodorakis, ceol leo. T\u00e1 an-chumhacht chult\u00fair ag an amhr\u00e1n i gc\u00f3na\u00ed agus t\u00e9ann s\u00e9 go m\u00f3r i gcion ar mhuintir na Gr\u00e9ige fi\u00fa sa l\u00e1 at\u00e1 inniu ann. Sti\u00farth\u00f3ir: Alan Gilsenan. Scr\u00edbhneoir: Theo Dorgan. L\u00e9iritheoir\u00ed: Kathryn Baird &#038; Sheila Friel. <a href=\"https:\/\/www.galwayfilmfleadh.com\/project\/an-buachaill-geal-gaireach\/\" rel=\"noopener\" target=\"_blank\">An Buachaill Gealgh\u00e1ireach &#8211; Galway Film Fleadh <\/a><br \/>\n&nbsp;<br \/>\n\u00d3st\u00e1lfaidh <strong>TG4 agus F\u00eds \u00c9ireann<\/strong> imeacht l\u00edonraithe do l\u00e9iritheoir\u00ed ag an gClub R\u00e1mha\u00edochta ag 2pm D\u00e9 Sathairn an 9 I\u00fail.  Cuirimid f\u00e1ilte roimh l\u00e9iritheoir\u00ed, sti\u00farth\u00f3ir\u00ed agus an lucht cruthaitheachta chuig an \u00f3c\u00e1id seo ina bhf\u00f3gr\u00f3far ciste forbartha Gaeilge nua, ar comhph\u00e1irt\u00edocht \u00e9 idir F\u00eds \u00c9ireann agus TG4.\u202fIs ciste \u00e9 seo do l\u00e9iritheoir\u00ed agus do chruthaitheoir\u00ed a bhfuil sp\u00e9is acu i dtionscadal dr\u00e1ma\u00edochta agus faisn\u00e9ise.\u202f\u202fIs deis a bheidh sa teacht le ch\u00e9ile neamhfhoirmi\u00fail seo chomh maith do lucht an tionscail chun bualadh le foireann coimisi\u00fanaithe TG4, chun smaointe a phl\u00e9 agus s\u00edol caidreamh cruthaitheachta a chur, le c\u00fanamh D\u00e9, ar mhaithe le comhoibri\u00fa a dh\u00e9anamh amach anseo.\u202f\u202fF\u00e1ilte roimh dhaoine a bhfuil smaointe acu!<br \/>\n<a href=\"https:\/\/www.galwayfilmfleadh.com\/project\/failtiu-tg4-fis-eireann-ag-an-fleadh\/\" rel=\"noopener\" target=\"_blank\">F\u00e1ilti\u00fa TG4\u202f&#038; F\u00eds \u00c9ireann\u202fag an Fleadh &#8211; Galway Film Fleadh<\/a><br \/>\n&nbsp;<br \/>\n&nbsp;<\/p>\n","protected":false},"excerpt":{"rendered":"<p>T\u00e1 an-\u00e1thas ar TG4 go dtaispe\u00e1nfar 5 cinn d\u00e1 chuid tionscadal ag Fleadh Scann\u00e1n na Gaillimhe 2022. Beidh TG4 agus F\u00eds \u00c9ireann ag \u00f3st\u00e1il imeacht l\u00edonraithe ag an bhFleadh chomh maith D\u00e9 Sathairn, an 9 I\u00fail, do L\u00e9iritheoir\u00ed a bhfuil sp\u00e9is acu in \u00e1bhar Gaeilge a chruth\u00fa. T\u00e1 an ch\u00e9ad scann\u00e1n eile de chuid CINE4, [&hellip;]<\/p>\n","protected":false},"author":876,"featured_media":0,"parent":138171,"menu_order":20,"comment_status":"closed","ping_status":"closed","template":"page-templates\/template-pr.php","meta":{"_acf_changed":false,"footnotes":""},"acf":[],"yoast_head":"<!-- This site is optimized with the Yoast SEO plugin v22.6 - https:\/\/yoast.com\/wordpress\/plugins\/seo\/ -->\n<title>Scann\u00e1in TG4 le taispe\u00e1int den ch\u00e9ad uair ag Fleadh Scann\u00e1n na Gaillimhe 2022 | Preas R\u00e1iteas | TG4<\/title>\n<meta name=\"description\" content=\"T\u00e1 an-\u00e1thas ar TG4 go dtaispe\u00e1nfar 5 cinn d\u00e1 chuid tionscadal ag Fleadh Scann\u00e1n na Gaillimhe 2022. Beidh TG4 agus F\u00eds \u00c9ireann ag \u00f3st\u00e1il imeacht l\u00edonraithe ag an bhFleadh chomh maith D\u00e9 Sathairn, an 9 I\u00fail, do L\u00e9iritheoir\u00ed a bhfuil sp\u00e9is acu in \u00e1bhar Gaeilge a chruth\u00fa.\" \/>\n<meta name=\"robots\" content=\"index, follow, max-snippet:-1, max-image-preview:large, max-video-preview:-1\" \/>\n<meta property=\"og:locale\" content=\"en_US\" \/>\n<meta property=\"og:type\" content=\"article\" \/>\n<meta property=\"og:title\" content=\"Scann\u00e1in TG4 le taispe\u00e1int den ch\u00e9ad uair ag Fleadh Scann\u00e1n na Gaillimhe 2022 | Preas R\u00e1iteas | TG4\" \/>\n<meta property=\"og:description\" content=\"T\u00e1 an-\u00e1thas ar TG4 go dtaispe\u00e1nfar 5 cinn d\u00e1 chuid tionscadal ag Fleadh Scann\u00e1n na Gaillimhe 2022. Beidh TG4 agus F\u00eds \u00c9ireann ag \u00f3st\u00e1il imeacht l\u00edonraithe ag an bhFleadh chomh maith D\u00e9 Sathairn, an 9 I\u00fail, do L\u00e9iritheoir\u00ed a bhfuil sp\u00e9is acu in \u00e1bhar Gaeilge a chruth\u00fa.\" \/>\n<meta property=\"og:url\" content=\"https:\/\/dev.tg4.ie\/ga\/eolas\/preas\/nuacht-raitis\/2022-2\/scannain-tg4-le-taispeaint-den-chead-uair-ag-fleadh-scannan-na-gaillimhe-2022\/\" \/>\n<meta property=\"og:site_name\" content=\"TG4\" \/>\n<meta property=\"article:publisher\" content=\"https:\/\/www.facebook.com\/TG4TV\" \/>\n<meta property=\"article:modified_time\" content=\"2022-06-28T17:02:06+00:00\" \/>\n<meta property=\"og:image\" content=\"https:\/\/tg4-docs.s3.amazonaws.com\/wp-content\/uploads\/2022\/06\/28171037\/Tarrac_1_1920x1080.jpg\" \/>\n\t<meta property=\"og:image:width\" content=\"1920\" \/>\n\t<meta property=\"og:image:height\" content=\"1080\" \/>\n\t<meta property=\"og:image:type\" content=\"image\/jpeg\" \/>\n<meta name=\"twitter:card\" content=\"summary_large_image\" \/>\n<meta name=\"twitter:image\" content=\"https:\/\/tg4-docs.s3.amazonaws.com\/wp-content\/uploads\/2022\/06\/28171037\/Tarrac_1_1920x1080.jpg\" \/>\n<meta name=\"twitter:site\" content=\"@TG4TV\" \/>\n<meta name=\"twitter:label1\" content=\"Est. reading time\" \/>\n\t<meta name=\"twitter:data1\" content=\"8 minutes\" \/>\n<script type=\"application\/ld+json\" class=\"yoast-schema-graph\">{\"@context\":\"https:\/\/schema.org\",\"@graph\":[{\"@type\":\"WebPage\",\"@id\":\"https:\/\/dev.tg4.ie\/ga\/eolas\/preas\/nuacht-raitis\/2022-2\/scannain-tg4-le-taispeaint-den-chead-uair-ag-fleadh-scannan-na-gaillimhe-2022\/\",\"url\":\"https:\/\/dev.tg4.ie\/ga\/eolas\/preas\/nuacht-raitis\/2022-2\/scannain-tg4-le-taispeaint-den-chead-uair-ag-fleadh-scannan-na-gaillimhe-2022\/\",\"name\":\"Scann\u00e1in TG4 le taispe\u00e1int den ch\u00e9ad uair ag Fleadh Scann\u00e1n na Gaillimhe 2022 | Preas R\u00e1iteas | TG4\",\"isPartOf\":{\"@id\":\"https:\/\/dev.tg4.ie\/en\/#website\"},\"primaryImageOfPage\":{\"@id\":\"https:\/\/dev.tg4.ie\/ga\/eolas\/preas\/nuacht-raitis\/2022-2\/scannain-tg4-le-taispeaint-den-chead-uair-ag-fleadh-scannan-na-gaillimhe-2022\/#primaryimage\"},\"image\":{\"@id\":\"https:\/\/dev.tg4.ie\/ga\/eolas\/preas\/nuacht-raitis\/2022-2\/scannain-tg4-le-taispeaint-den-chead-uair-ag-fleadh-scannan-na-gaillimhe-2022\/#primaryimage\"},\"thumbnailUrl\":\"https:\/\/dev.tg4.ie\/wp-content\/uploads\/2022\/06\/Tarrac_1_1920x1080.jpg\",\"datePublished\":\"2022-06-28T16:34:22+00:00\",\"dateModified\":\"2022-06-28T17:02:06+00:00\",\"description\":\"T\u00e1 an-\u00e1thas ar TG4 go dtaispe\u00e1nfar 5 cinn d\u00e1 chuid tionscadal ag Fleadh Scann\u00e1n na Gaillimhe 2022. Beidh TG4 agus F\u00eds \u00c9ireann ag \u00f3st\u00e1il imeacht l\u00edonraithe ag an bhFleadh chomh maith D\u00e9 Sathairn, an 9 I\u00fail, do L\u00e9iritheoir\u00ed a bhfuil sp\u00e9is acu in \u00e1bhar Gaeilge a chruth\u00fa.\",\"breadcrumb\":{\"@id\":\"https:\/\/dev.tg4.ie\/ga\/eolas\/preas\/nuacht-raitis\/2022-2\/scannain-tg4-le-taispeaint-den-chead-uair-ag-fleadh-scannan-na-gaillimhe-2022\/#breadcrumb\"},\"inLanguage\":\"ga\",\"potentialAction\":[{\"@type\":\"ReadAction\",\"target\":[\"https:\/\/dev.tg4.ie\/ga\/eolas\/preas\/nuacht-raitis\/2022-2\/scannain-tg4-le-taispeaint-den-chead-uair-ag-fleadh-scannan-na-gaillimhe-2022\/\"]}]},{\"@type\":\"ImageObject\",\"inLanguage\":\"ga\",\"@id\":\"https:\/\/dev.tg4.ie\/ga\/eolas\/preas\/nuacht-raitis\/2022-2\/scannain-tg4-le-taispeaint-den-chead-uair-ag-fleadh-scannan-na-gaillimhe-2022\/#primaryimage\",\"url\":\"https:\/\/dev.tg4.ie\/wp-content\/uploads\/2022\/06\/Tarrac_1_1920x1080.jpg\",\"contentUrl\":\"https:\/\/dev.tg4.ie\/wp-content\/uploads\/2022\/06\/Tarrac_1_1920x1080.jpg\"},{\"@type\":\"BreadcrumbList\",\"@id\":\"https:\/\/dev.tg4.ie\/ga\/eolas\/preas\/nuacht-raitis\/2022-2\/scannain-tg4-le-taispeaint-den-chead-uair-ag-fleadh-scannan-na-gaillimhe-2022\/#breadcrumb\",\"itemListElement\":[{\"@type\":\"ListItem\",\"position\":1,\"name\":\"Home\",\"item\":\"https:\/\/dev.tg4.ie\/ga\/\"},{\"@type\":\"ListItem\",\"position\":2,\"name\":\"Eolas\",\"item\":\"https:\/\/dev.tg4.ie\/ga\/eolas\/\"},{\"@type\":\"ListItem\",\"position\":3,\"name\":\"Preas\",\"item\":\"https:\/\/dev.tg4.ie\/ga\/eolas\/preas\/\"},{\"@type\":\"ListItem\",\"position\":4,\"name\":\"Nuacht R\u00e1itis\",\"item\":\"https:\/\/dev.tg4.ie\/ga\/eolas\/preas\/nuacht-raitis\/\"},{\"@type\":\"ListItem\",\"position\":5,\"name\":\"2022\",\"item\":\"https:\/\/dev.tg4.ie\/ga\/eolas\/preas\/nuacht-raitis\/2022-2\/\"},{\"@type\":\"ListItem\",\"position\":6,\"name\":\"Scann\u00e1in TG4 le taispe\u00e1int den ch\u00e9ad uair ag Fleadh Scann\u00e1n na Gaillimhe 2022\"}]},{\"@type\":\"WebSite\",\"@id\":\"https:\/\/dev.tg4.ie\/en\/#website\",\"url\":\"https:\/\/dev.tg4.ie\/en\/\",\"name\":\"TG4\",\"description\":\"S\u00fail Eile\",\"potentialAction\":[{\"@type\":\"SearchAction\",\"target\":{\"@type\":\"EntryPoint\",\"urlTemplate\":\"https:\/\/dev.tg4.ie\/en\/?s={search_term_string}\"},\"query-input\":\"required name=search_term_string\"}],\"inLanguage\":\"ga\"}]}<\/script>\n<!-- \/ Yoast SEO plugin. -->","yoast_head_json":{"title":"Scann\u00e1in TG4 le taispe\u00e1int den ch\u00e9ad uair ag Fleadh Scann\u00e1n na Gaillimhe 2022 | Preas R\u00e1iteas | TG4","description":"T\u00e1 an-\u00e1thas ar TG4 go dtaispe\u00e1nfar 5 cinn d\u00e1 chuid tionscadal ag Fleadh Scann\u00e1n na Gaillimhe 2022. Beidh TG4 agus F\u00eds \u00c9ireann ag \u00f3st\u00e1il imeacht l\u00edonraithe ag an bhFleadh chomh maith D\u00e9 Sathairn, an 9 I\u00fail, do L\u00e9iritheoir\u00ed a bhfuil sp\u00e9is acu in \u00e1bhar Gaeilge a chruth\u00fa.","robots":{"index":"index","follow":"follow","max-snippet":"max-snippet:-1","max-image-preview":"max-image-preview:large","max-video-preview":"max-video-preview:-1"},"og_locale":"en_US","og_type":"article","og_title":"Scann\u00e1in TG4 le taispe\u00e1int den ch\u00e9ad uair ag Fleadh Scann\u00e1n na Gaillimhe 2022 | Preas R\u00e1iteas | TG4","og_description":"T\u00e1 an-\u00e1thas ar TG4 go dtaispe\u00e1nfar 5 cinn d\u00e1 chuid tionscadal ag Fleadh Scann\u00e1n na Gaillimhe 2022. Beidh TG4 agus F\u00eds \u00c9ireann ag \u00f3st\u00e1il imeacht l\u00edonraithe ag an bhFleadh chomh maith D\u00e9 Sathairn, an 9 I\u00fail, do L\u00e9iritheoir\u00ed a bhfuil sp\u00e9is acu in \u00e1bhar Gaeilge a chruth\u00fa.","og_url":"https:\/\/dev.tg4.ie\/ga\/eolas\/preas\/nuacht-raitis\/2022-2\/scannain-tg4-le-taispeaint-den-chead-uair-ag-fleadh-scannan-na-gaillimhe-2022\/","og_site_name":"TG4","article_publisher":"https:\/\/www.facebook.com\/TG4TV","article_modified_time":"2022-06-28T17:02:06+00:00","og_image":[{"width":1920,"height":1080,"url":"https:\/\/tg4-docs.s3.amazonaws.com\/wp-content\/uploads\/2022\/06\/28171037\/Tarrac_1_1920x1080.jpg","type":"image\/jpeg"}],"twitter_card":"summary_large_image","twitter_image":"https:\/\/tg4-docs.s3.amazonaws.com\/wp-content\/uploads\/2022\/06\/28171037\/Tarrac_1_1920x1080.jpg","twitter_site":"@TG4TV","twitter_misc":{"Est. reading time":"8 minutes"},"schema":{"@context":"https:\/\/schema.org","@graph":[{"@type":"WebPage","@id":"https:\/\/dev.tg4.ie\/ga\/eolas\/preas\/nuacht-raitis\/2022-2\/scannain-tg4-le-taispeaint-den-chead-uair-ag-fleadh-scannan-na-gaillimhe-2022\/","url":"https:\/\/dev.tg4.ie\/ga\/eolas\/preas\/nuacht-raitis\/2022-2\/scannain-tg4-le-taispeaint-den-chead-uair-ag-fleadh-scannan-na-gaillimhe-2022\/","name":"Scann\u00e1in TG4 le taispe\u00e1int den ch\u00e9ad uair ag Fleadh Scann\u00e1n na Gaillimhe 2022 | Preas R\u00e1iteas | TG4","isPartOf":{"@id":"https:\/\/dev.tg4.ie\/en\/#website"},"primaryImageOfPage":{"@id":"https:\/\/dev.tg4.ie\/ga\/eolas\/preas\/nuacht-raitis\/2022-2\/scannain-tg4-le-taispeaint-den-chead-uair-ag-fleadh-scannan-na-gaillimhe-2022\/#primaryimage"},"image":{"@id":"https:\/\/dev.tg4.ie\/ga\/eolas\/preas\/nuacht-raitis\/2022-2\/scannain-tg4-le-taispeaint-den-chead-uair-ag-fleadh-scannan-na-gaillimhe-2022\/#primaryimage"},"thumbnailUrl":"https:\/\/dev.tg4.ie\/wp-content\/uploads\/2022\/06\/Tarrac_1_1920x1080.jpg","datePublished":"2022-06-28T16:34:22+00:00","dateModified":"2022-06-28T17:02:06+00:00","description":"T\u00e1 an-\u00e1thas ar TG4 go dtaispe\u00e1nfar 5 cinn d\u00e1 chuid tionscadal ag Fleadh Scann\u00e1n na Gaillimhe 2022. Beidh TG4 agus F\u00eds \u00c9ireann ag \u00f3st\u00e1il imeacht l\u00edonraithe ag an bhFleadh chomh maith D\u00e9 Sathairn, an 9 I\u00fail, do L\u00e9iritheoir\u00ed a bhfuil sp\u00e9is acu in \u00e1bhar Gaeilge a chruth\u00fa.","breadcrumb":{"@id":"https:\/\/dev.tg4.ie\/ga\/eolas\/preas\/nuacht-raitis\/2022-2\/scannain-tg4-le-taispeaint-den-chead-uair-ag-fleadh-scannan-na-gaillimhe-2022\/#breadcrumb"},"inLanguage":"ga","potentialAction":[{"@type":"ReadAction","target":["https:\/\/dev.tg4.ie\/ga\/eolas\/preas\/nuacht-raitis\/2022-2\/scannain-tg4-le-taispeaint-den-chead-uair-ag-fleadh-scannan-na-gaillimhe-2022\/"]}]},{"@type":"ImageObject","inLanguage":"ga","@id":"https:\/\/dev.tg4.ie\/ga\/eolas\/preas\/nuacht-raitis\/2022-2\/scannain-tg4-le-taispeaint-den-chead-uair-ag-fleadh-scannan-na-gaillimhe-2022\/#primaryimage","url":"https:\/\/dev.tg4.ie\/wp-content\/uploads\/2022\/06\/Tarrac_1_1920x1080.jpg","contentUrl":"https:\/\/dev.tg4.ie\/wp-content\/uploads\/2022\/06\/Tarrac_1_1920x1080.jpg"},{"@type":"BreadcrumbList","@id":"https:\/\/dev.tg4.ie\/ga\/eolas\/preas\/nuacht-raitis\/2022-2\/scannain-tg4-le-taispeaint-den-chead-uair-ag-fleadh-scannan-na-gaillimhe-2022\/#breadcrumb","itemListElement":[{"@type":"ListItem","position":1,"name":"Home","item":"https:\/\/dev.tg4.ie\/ga\/"},{"@type":"ListItem","position":2,"name":"Eolas","item":"https:\/\/dev.tg4.ie\/ga\/eolas\/"},{"@type":"ListItem","position":3,"name":"Preas","item":"https:\/\/dev.tg4.ie\/ga\/eolas\/preas\/"},{"@type":"ListItem","position":4,"name":"Nuacht R\u00e1itis","item":"https:\/\/dev.tg4.ie\/ga\/eolas\/preas\/nuacht-raitis\/"},{"@type":"ListItem","position":5,"name":"2022","item":"https:\/\/dev.tg4.ie\/ga\/eolas\/preas\/nuacht-raitis\/2022-2\/"},{"@type":"ListItem","position":6,"name":"Scann\u00e1in TG4 le taispe\u00e1int den ch\u00e9ad uair ag Fleadh Scann\u00e1n na Gaillimhe 2022"}]},{"@type":"WebSite","@id":"https:\/\/dev.tg4.ie\/en\/#website","url":"https:\/\/dev.tg4.ie\/en\/","name":"TG4","description":"S\u00fail Eile","potentialAction":[{"@type":"SearchAction","target":{"@type":"EntryPoint","urlTemplate":"https:\/\/dev.tg4.ie\/en\/?s={search_term_string}"},"query-input":"required name=search_term_string"}],"inLanguage":"ga"}]}},"_links":{"self":[{"href":"https:\/\/dev.tg4.ie\/ga\/wp-json\/wp\/v2\/pages\/153190"}],"collection":[{"href":"https:\/\/dev.tg4.ie\/ga\/wp-json\/wp\/v2\/pages"}],"about":[{"href":"https:\/\/dev.tg4.ie\/ga\/wp-json\/wp\/v2\/types\/page"}],"author":[{"embeddable":true,"href":"https:\/\/dev.tg4.ie\/ga\/wp-json\/wp\/v2\/users\/876"}],"replies":[{"embeddable":true,"href":"https:\/\/dev.tg4.ie\/ga\/wp-json\/wp\/v2\/comments?post=153190"}],"version-history":[{"count":0,"href":"https:\/\/dev.tg4.ie\/ga\/wp-json\/wp\/v2\/pages\/153190\/revisions"}],"up":[{"embeddable":true,"href":"https:\/\/dev.tg4.ie\/ga\/wp-json\/wp\/v2\/pages\/138171"}],"wp:attachment":[{"href":"https:\/\/dev.tg4.ie\/ga\/wp-json\/wp\/v2\/media?parent=153190"}],"curies":[{"name":"wp","href":"https:\/\/api.w.org\/{rel}","templated":true}]}}