{"id":153207,"date":"2022-06-28T17:58:35","date_gmt":"2022-06-28T16:58:35","guid":{"rendered":"https:\/\/dev.tg4.ie\/?page_id=153207"},"modified":"2022-06-28T17:58:35","modified_gmt":"2022-06-28T16:58:35","slug":"duais-buaite-ag-samhlu-2020-tg4-ag-feile-na-mean-cheilteach-2022","status":"publish","type":"page","link":"https:\/\/dev.tg4.ie\/ga\/eolas\/preas\/nuacht-raitis\/2022-2\/duais-buaite-ag-samhlu-2020-tg4-ag-feile-na-mean-cheilteach-2022\/","title":{"rendered":"Duais buaite ag Samhl\u00fa 2020 TG4 ag F\u00e9ile na Me\u00e1n Cheilteach 2022"},"content":{"rendered":"<p><img loading=\"lazy\" decoding=\"async\" width=\"1920\" height=\"1080\" src=\"https:\/\/tg4-docs.s3.amazonaws.com\/tg4-redesign-2015\/wp-content\/uploads\/2020\/11\/SAMHLU_2020_Tommy_Tiernan_1920x1080.jpg\" alt=\"\" class=\"alignleft size-full wp-image-115186\" srcset=\"https:\/\/tg4-docs.s3.amazonaws.com\/tg4-redesign-2015\/wp-content\/uploads\/2020\/11\/SAMHLU_2020_Tommy_Tiernan_1920x1080.jpg 1920w, https:\/\/tg4-docs.s3.amazonaws.com\/tg4-redesign-2015\/wp-content\/uploads\/2020\/11\/SAMHLU_2020_Tommy_Tiernan_1920x1080-250x141.jpg 250w, https:\/\/tg4-docs.s3.amazonaws.com\/tg4-redesign-2015\/wp-content\/uploads\/2020\/11\/SAMHLU_2020_Tommy_Tiernan_1920x1080-700x394.jpg 700w, https:\/\/tg4-docs.s3.amazonaws.com\/tg4-redesign-2015\/wp-content\/uploads\/2020\/11\/SAMHLU_2020_Tommy_Tiernan_1920x1080-252x141.jpg 252w, https:\/\/tg4-docs.s3.amazonaws.com\/tg4-redesign-2015\/wp-content\/uploads\/2020\/11\/SAMHLU_2020_Tommy_Tiernan_1920x1080-1536x864.jpg 1536w, https:\/\/tg4-docs.s3.amazonaws.com\/tg4-redesign-2015\/wp-content\/uploads\/2020\/11\/SAMHLU_2020_Tommy_Tiernan_1920x1080-120x68.jpg 120w\" sizes=\"(max-width: 1920px) 100vw, 1920px\" \/><br \/>\n&nbsp;<\/p>\n<p>Thug cl\u00e1r a choimisi\u00fanaigh TG4 m\u00f3rdhuais leis inniu ag Fh\u00e9ile na Me\u00e1n Ceilteach i Quimper sa Fhrainc.  Bronnadh Torc don cl\u00e1r eala\u00edn <strong>Samhl\u00fa 2020<\/strong>.<br \/>\n&nbsp;<br \/>\nD\u00e9antar ceili\u00faradh i Samhl\u00fa 2020 ar an obair mh\u00f3r a rinne eala\u00edont\u00f3ir\u00ed le linn bhliain mh\u00f3r na g\u00e9arch\u00e9ime leighis in 2020. I Samhl\u00fa 2020 b\u00edonn muid ag f\u00e1maireacht le Tommy Tiernan agus ag baint l\u00e1n na s\u00fal agus na gcluas as saothar eala\u00edont\u00f3ir\u00ed de gach cine\u00e1l ar st\u00e1its\u00ed \u00e9ags\u00fala. L\u00e9iri\u00fa le Fib\u00edn agus ceol nuachumtha le Bill Whelan. M\u00e1s mian leat breathn\u00fa ar an cl\u00e1r in ioml\u00e1in tig leat sin a dh\u00e9anamh ag an nasc seo;  <a href=\"https:\/\/nasc.tg4.tv\/Samhl\u00fa2020\" rel=\"noopener\" target=\"_blank\">https:\/\/nasc.tg4.tv\/Samhl\u00fa2020<\/a><br \/>\n&nbsp;<br \/>\nEagra\u00edtear F\u00e9ile na Me\u00e1n Ceilteach gach bliain in ionad \u00e9ags\u00fail sna cr\u00edocha Ceilteacha. Cuirtear iontr\u00e1lacha sna duais-rann\u00f3ga \u00e9ags\u00fala faoi bhr\u00e1id gi\u00fair\u00e9 n\u00e1isi\u00fanta ina dt\u00edr f\u00e9in ar dt\u00fas.  Roghna\u00edtear an scoth astu sin le dul san ioma\u00edocht sa gcom\u00f3rtas idirn\u00e1isi\u00fanta. I Quimper sa Fhrainc at\u00e1 F\u00e9ile na bliana seo. (<a href=\"https:\/\/www.celticmediafestival.co.uk\/\" rel=\"noopener\" target=\"_blank\">www.celticmediafestival.co.uk<\/a>).<br \/>\n&nbsp;<br \/>\nDeir <strong>Ardsti\u00farth\u00f3ir TG4 Alan Esslemont<\/strong>, <em>\u201cIs m\u00f3r an t-ard\u00fa cro\u00ed d\u00fainn go bhfuil gradam chomh haitheanta le Torc \u00f3n Fh\u00e9ile Cheilteach buaite ag Samhl\u00fa 2020 ag an bhf\u00e9ile seo, buaic na bliana do thionscal na teilif\u00edse in \u00c9irinn, Albain, An Bhriot\u00e1in, Corn na Breataine agus an Bhreatain Bheag.\u201d<\/em><br \/>\n&nbsp;<br \/>\n&nbsp;<\/p>\n","protected":false},"excerpt":{"rendered":"<p>&nbsp; Thug cl\u00e1r a choimisi\u00fanaigh TG4 m\u00f3rdhuais leis inniu ag Fh\u00e9ile na Me\u00e1n Ceilteach i Quimper sa Fhrainc. Bronnadh Torc don cl\u00e1r eala\u00edn Samhl\u00fa 2020. &nbsp; D\u00e9antar ceili\u00faradh i Samhl\u00fa 2020 ar an obair mh\u00f3r a rinne eala\u00edont\u00f3ir\u00ed le linn bhliain mh\u00f3r na g\u00e9arch\u00e9ime leighis in 2020. I Samhl\u00fa 2020 b\u00edonn muid ag f\u00e1maireacht le [&hellip;]<\/p>\n","protected":false},"author":876,"featured_media":0,"parent":138171,"menu_order":19,"comment_status":"closed","ping_status":"closed","template":"page-templates\/template-pr.php","meta":{"_acf_changed":false,"footnotes":""},"acf":[],"yoast_head":"<!-- This site is optimized with the Yoast SEO plugin v22.6 - https:\/\/yoast.com\/wordpress\/plugins\/seo\/ -->\n<title>Duais buaite ag Samhl\u00fa 2020 TG4 ag F\u00e9ile na Me\u00e1n Cheilteach 2022 | Preas R\u00e1iteas | TG4<\/title>\n<meta name=\"description\" content=\"Thug cl\u00e1r a choimisi\u00fanaigh TG4 m\u00f3rdhuais leis inniu ag Fh\u00e9ile na Me\u00e1n Ceilteach i Quimper sa Fhrainc. Bronnadh Torc don cl\u00e1r eala\u00edn Samhl\u00fa 2020.\" \/>\n<meta name=\"robots\" content=\"index, follow, max-snippet:-1, max-image-preview:large, max-video-preview:-1\" \/>\n<meta property=\"og:locale\" content=\"en_US\" \/>\n<meta property=\"og:type\" content=\"article\" \/>\n<meta property=\"og:title\" content=\"Duais buaite ag Samhl\u00fa 2020 TG4 ag F\u00e9ile na Me\u00e1n Cheilteach 2022 | Preas R\u00e1iteas | TG4\" \/>\n<meta property=\"og:description\" content=\"Thug cl\u00e1r a choimisi\u00fanaigh TG4 m\u00f3rdhuais leis inniu ag Fh\u00e9ile na Me\u00e1n Ceilteach i Quimper sa Fhrainc. Bronnadh Torc don cl\u00e1r eala\u00edn Samhl\u00fa 2020.\" \/>\n<meta property=\"og:url\" content=\"https:\/\/dev.tg4.ie\/ga\/eolas\/preas\/nuacht-raitis\/2022-2\/duais-buaite-ag-samhlu-2020-tg4-ag-feile-na-mean-cheilteach-2022\/\" \/>\n<meta property=\"og:site_name\" content=\"TG4\" \/>\n<meta property=\"article:publisher\" content=\"https:\/\/www.facebook.com\/TG4TV\" \/>\n<meta property=\"og:image\" content=\"https:\/\/tg4-docs.s3.amazonaws.com\/tg4-redesign-2015\/wp-content\/uploads\/2020\/11\/SAMHLU_2020_Tommy_Tiernan_1920x1080.jpg\" \/>\n\t<meta property=\"og:image:width\" content=\"1920\" \/>\n\t<meta property=\"og:image:height\" content=\"1080\" \/>\n\t<meta property=\"og:image:type\" content=\"image\/jpeg\" \/>\n<meta name=\"twitter:card\" content=\"summary_large_image\" \/>\n<meta name=\"twitter:image\" content=\"https:\/\/tg4-docs.s3.amazonaws.com\/tg4-redesign-2015\/wp-content\/uploads\/2020\/11\/SAMHLU_2020_Tommy_Tiernan_1920x1080.jpg\" \/>\n<meta name=\"twitter:site\" content=\"@TG4TV\" \/>\n<meta name=\"twitter:label1\" content=\"Est. reading time\" \/>\n\t<meta name=\"twitter:data1\" content=\"8 minutes\" \/>\n<script type=\"application\/ld+json\" class=\"yoast-schema-graph\">{\"@context\":\"https:\/\/schema.org\",\"@graph\":[{\"@type\":\"WebPage\",\"@id\":\"https:\/\/dev.tg4.ie\/ga\/eolas\/preas\/nuacht-raitis\/2022-2\/duais-buaite-ag-samhlu-2020-tg4-ag-feile-na-mean-cheilteach-2022\/\",\"url\":\"https:\/\/dev.tg4.ie\/ga\/eolas\/preas\/nuacht-raitis\/2022-2\/duais-buaite-ag-samhlu-2020-tg4-ag-feile-na-mean-cheilteach-2022\/\",\"name\":\"Duais buaite ag Samhl\u00fa 2020 TG4 ag F\u00e9ile na Me\u00e1n Cheilteach 2022 | Preas R\u00e1iteas | TG4\",\"isPartOf\":{\"@id\":\"https:\/\/dev.tg4.ie\/en\/#website\"},\"primaryImageOfPage\":{\"@id\":\"https:\/\/dev.tg4.ie\/ga\/eolas\/preas\/nuacht-raitis\/2022-2\/duais-buaite-ag-samhlu-2020-tg4-ag-feile-na-mean-cheilteach-2022\/#primaryimage\"},\"image\":{\"@id\":\"https:\/\/dev.tg4.ie\/ga\/eolas\/preas\/nuacht-raitis\/2022-2\/duais-buaite-ag-samhlu-2020-tg4-ag-feile-na-mean-cheilteach-2022\/#primaryimage\"},\"thumbnailUrl\":\"https:\/\/dev.tg4.ie\/wp-content\/uploads\/2020\/11\/SAMHLU_2020_Tommy_Tiernan_1920x1080.jpg\",\"datePublished\":\"2022-06-28T16:58:35+00:00\",\"dateModified\":\"2022-06-28T16:58:35+00:00\",\"description\":\"Thug cl\u00e1r a choimisi\u00fanaigh TG4 m\u00f3rdhuais leis inniu ag Fh\u00e9ile na Me\u00e1n Ceilteach i Quimper sa Fhrainc. Bronnadh Torc don cl\u00e1r eala\u00edn Samhl\u00fa 2020.\",\"breadcrumb\":{\"@id\":\"https:\/\/dev.tg4.ie\/ga\/eolas\/preas\/nuacht-raitis\/2022-2\/duais-buaite-ag-samhlu-2020-tg4-ag-feile-na-mean-cheilteach-2022\/#breadcrumb\"},\"inLanguage\":\"ga\",\"potentialAction\":[{\"@type\":\"ReadAction\",\"target\":[\"https:\/\/dev.tg4.ie\/ga\/eolas\/preas\/nuacht-raitis\/2022-2\/duais-buaite-ag-samhlu-2020-tg4-ag-feile-na-mean-cheilteach-2022\/\"]}]},{\"@type\":\"ImageObject\",\"inLanguage\":\"ga\",\"@id\":\"https:\/\/dev.tg4.ie\/ga\/eolas\/preas\/nuacht-raitis\/2022-2\/duais-buaite-ag-samhlu-2020-tg4-ag-feile-na-mean-cheilteach-2022\/#primaryimage\",\"url\":\"https:\/\/dev.tg4.ie\/wp-content\/uploads\/2020\/11\/SAMHLU_2020_Tommy_Tiernan_1920x1080.jpg\",\"contentUrl\":\"https:\/\/dev.tg4.ie\/wp-content\/uploads\/2020\/11\/SAMHLU_2020_Tommy_Tiernan_1920x1080.jpg\"},{\"@type\":\"BreadcrumbList\",\"@id\":\"https:\/\/dev.tg4.ie\/ga\/eolas\/preas\/nuacht-raitis\/2022-2\/duais-buaite-ag-samhlu-2020-tg4-ag-feile-na-mean-cheilteach-2022\/#breadcrumb\",\"itemListElement\":[{\"@type\":\"ListItem\",\"position\":1,\"name\":\"Home\",\"item\":\"https:\/\/dev.tg4.ie\/ga\/\"},{\"@type\":\"ListItem\",\"position\":2,\"name\":\"Eolas\",\"item\":\"https:\/\/dev.tg4.ie\/ga\/eolas\/\"},{\"@type\":\"ListItem\",\"position\":3,\"name\":\"Preas\",\"item\":\"https:\/\/dev.tg4.ie\/ga\/eolas\/preas\/\"},{\"@type\":\"ListItem\",\"position\":4,\"name\":\"Nuacht R\u00e1itis\",\"item\":\"https:\/\/dev.tg4.ie\/ga\/eolas\/preas\/nuacht-raitis\/\"},{\"@type\":\"ListItem\",\"position\":5,\"name\":\"2022\",\"item\":\"https:\/\/dev.tg4.ie\/ga\/eolas\/preas\/nuacht-raitis\/2022-2\/\"},{\"@type\":\"ListItem\",\"position\":6,\"name\":\"Duais buaite ag Samhl\u00fa 2020 TG4 ag F\u00e9ile na Me\u00e1n Cheilteach 2022\"}]},{\"@type\":\"WebSite\",\"@id\":\"https:\/\/dev.tg4.ie\/en\/#website\",\"url\":\"https:\/\/dev.tg4.ie\/en\/\",\"name\":\"TG4\",\"description\":\"S\u00fail Eile\",\"potentialAction\":[{\"@type\":\"SearchAction\",\"target\":{\"@type\":\"EntryPoint\",\"urlTemplate\":\"https:\/\/dev.tg4.ie\/en\/?s={search_term_string}\"},\"query-input\":\"required name=search_term_string\"}],\"inLanguage\":\"ga\"}]}<\/script>\n<!-- \/ Yoast SEO plugin. -->","yoast_head_json":{"title":"Duais buaite ag Samhl\u00fa 2020 TG4 ag F\u00e9ile na Me\u00e1n Cheilteach 2022 | Preas R\u00e1iteas | TG4","description":"Thug cl\u00e1r a choimisi\u00fanaigh TG4 m\u00f3rdhuais leis inniu ag Fh\u00e9ile na Me\u00e1n Ceilteach i Quimper sa Fhrainc. Bronnadh Torc don cl\u00e1r eala\u00edn Samhl\u00fa 2020.","robots":{"index":"index","follow":"follow","max-snippet":"max-snippet:-1","max-image-preview":"max-image-preview:large","max-video-preview":"max-video-preview:-1"},"og_locale":"en_US","og_type":"article","og_title":"Duais buaite ag Samhl\u00fa 2020 TG4 ag F\u00e9ile na Me\u00e1n Cheilteach 2022 | Preas R\u00e1iteas | TG4","og_description":"Thug cl\u00e1r a choimisi\u00fanaigh TG4 m\u00f3rdhuais leis inniu ag Fh\u00e9ile na Me\u00e1n Ceilteach i Quimper sa Fhrainc. Bronnadh Torc don cl\u00e1r eala\u00edn Samhl\u00fa 2020.","og_url":"https:\/\/dev.tg4.ie\/ga\/eolas\/preas\/nuacht-raitis\/2022-2\/duais-buaite-ag-samhlu-2020-tg4-ag-feile-na-mean-cheilteach-2022\/","og_site_name":"TG4","article_publisher":"https:\/\/www.facebook.com\/TG4TV","og_image":[{"width":1920,"height":1080,"url":"https:\/\/tg4-docs.s3.amazonaws.com\/tg4-redesign-2015\/wp-content\/uploads\/2020\/11\/SAMHLU_2020_Tommy_Tiernan_1920x1080.jpg","type":"image\/jpeg"}],"twitter_card":"summary_large_image","twitter_image":"https:\/\/tg4-docs.s3.amazonaws.com\/tg4-redesign-2015\/wp-content\/uploads\/2020\/11\/SAMHLU_2020_Tommy_Tiernan_1920x1080.jpg","twitter_site":"@TG4TV","twitter_misc":{"Est. reading time":"8 minutes"},"schema":{"@context":"https:\/\/schema.org","@graph":[{"@type":"WebPage","@id":"https:\/\/dev.tg4.ie\/ga\/eolas\/preas\/nuacht-raitis\/2022-2\/duais-buaite-ag-samhlu-2020-tg4-ag-feile-na-mean-cheilteach-2022\/","url":"https:\/\/dev.tg4.ie\/ga\/eolas\/preas\/nuacht-raitis\/2022-2\/duais-buaite-ag-samhlu-2020-tg4-ag-feile-na-mean-cheilteach-2022\/","name":"Duais buaite ag Samhl\u00fa 2020 TG4 ag F\u00e9ile na Me\u00e1n Cheilteach 2022 | Preas R\u00e1iteas | TG4","isPartOf":{"@id":"https:\/\/dev.tg4.ie\/en\/#website"},"primaryImageOfPage":{"@id":"https:\/\/dev.tg4.ie\/ga\/eolas\/preas\/nuacht-raitis\/2022-2\/duais-buaite-ag-samhlu-2020-tg4-ag-feile-na-mean-cheilteach-2022\/#primaryimage"},"image":{"@id":"https:\/\/dev.tg4.ie\/ga\/eolas\/preas\/nuacht-raitis\/2022-2\/duais-buaite-ag-samhlu-2020-tg4-ag-feile-na-mean-cheilteach-2022\/#primaryimage"},"thumbnailUrl":"https:\/\/dev.tg4.ie\/wp-content\/uploads\/2020\/11\/SAMHLU_2020_Tommy_Tiernan_1920x1080.jpg","datePublished":"2022-06-28T16:58:35+00:00","dateModified":"2022-06-28T16:58:35+00:00","description":"Thug cl\u00e1r a choimisi\u00fanaigh TG4 m\u00f3rdhuais leis inniu ag Fh\u00e9ile na Me\u00e1n Ceilteach i Quimper sa Fhrainc. Bronnadh Torc don cl\u00e1r eala\u00edn Samhl\u00fa 2020.","breadcrumb":{"@id":"https:\/\/dev.tg4.ie\/ga\/eolas\/preas\/nuacht-raitis\/2022-2\/duais-buaite-ag-samhlu-2020-tg4-ag-feile-na-mean-cheilteach-2022\/#breadcrumb"},"inLanguage":"ga","potentialAction":[{"@type":"ReadAction","target":["https:\/\/dev.tg4.ie\/ga\/eolas\/preas\/nuacht-raitis\/2022-2\/duais-buaite-ag-samhlu-2020-tg4-ag-feile-na-mean-cheilteach-2022\/"]}]},{"@type":"ImageObject","inLanguage":"ga","@id":"https:\/\/dev.tg4.ie\/ga\/eolas\/preas\/nuacht-raitis\/2022-2\/duais-buaite-ag-samhlu-2020-tg4-ag-feile-na-mean-cheilteach-2022\/#primaryimage","url":"https:\/\/dev.tg4.ie\/wp-content\/uploads\/2020\/11\/SAMHLU_2020_Tommy_Tiernan_1920x1080.jpg","contentUrl":"https:\/\/dev.tg4.ie\/wp-content\/uploads\/2020\/11\/SAMHLU_2020_Tommy_Tiernan_1920x1080.jpg"},{"@type":"BreadcrumbList","@id":"https:\/\/dev.tg4.ie\/ga\/eolas\/preas\/nuacht-raitis\/2022-2\/duais-buaite-ag-samhlu-2020-tg4-ag-feile-na-mean-cheilteach-2022\/#breadcrumb","itemListElement":[{"@type":"ListItem","position":1,"name":"Home","item":"https:\/\/dev.tg4.ie\/ga\/"},{"@type":"ListItem","position":2,"name":"Eolas","item":"https:\/\/dev.tg4.ie\/ga\/eolas\/"},{"@type":"ListItem","position":3,"name":"Preas","item":"https:\/\/dev.tg4.ie\/ga\/eolas\/preas\/"},{"@type":"ListItem","position":4,"name":"Nuacht R\u00e1itis","item":"https:\/\/dev.tg4.ie\/ga\/eolas\/preas\/nuacht-raitis\/"},{"@type":"ListItem","position":5,"name":"2022","item":"https:\/\/dev.tg4.ie\/ga\/eolas\/preas\/nuacht-raitis\/2022-2\/"},{"@type":"ListItem","position":6,"name":"Duais buaite ag Samhl\u00fa 2020 TG4 ag F\u00e9ile na Me\u00e1n Cheilteach 2022"}]},{"@type":"WebSite","@id":"https:\/\/dev.tg4.ie\/en\/#website","url":"https:\/\/dev.tg4.ie\/en\/","name":"TG4","description":"S\u00fail Eile","potentialAction":[{"@type":"SearchAction","target":{"@type":"EntryPoint","urlTemplate":"https:\/\/dev.tg4.ie\/en\/?s={search_term_string}"},"query-input":"required name=search_term_string"}],"inLanguage":"ga"}]}},"_links":{"self":[{"href":"https:\/\/dev.tg4.ie\/ga\/wp-json\/wp\/v2\/pages\/153207"}],"collection":[{"href":"https:\/\/dev.tg4.ie\/ga\/wp-json\/wp\/v2\/pages"}],"about":[{"href":"https:\/\/dev.tg4.ie\/ga\/wp-json\/wp\/v2\/types\/page"}],"author":[{"embeddable":true,"href":"https:\/\/dev.tg4.ie\/ga\/wp-json\/wp\/v2\/users\/876"}],"replies":[{"embeddable":true,"href":"https:\/\/dev.tg4.ie\/ga\/wp-json\/wp\/v2\/comments?post=153207"}],"version-history":[{"count":0,"href":"https:\/\/dev.tg4.ie\/ga\/wp-json\/wp\/v2\/pages\/153207\/revisions"}],"up":[{"embeddable":true,"href":"https:\/\/dev.tg4.ie\/ga\/wp-json\/wp\/v2\/pages\/138171"}],"wp:attachment":[{"href":"https:\/\/dev.tg4.ie\/ga\/wp-json\/wp\/v2\/media?parent=153207"}],"curies":[{"name":"wp","href":"https:\/\/api.w.org\/{rel}","templated":true}]}}