{"id":1539,"date":"2015-08-20T10:28:29","date_gmt":"2015-08-20T09:28:29","guid":{"rendered":"https:\/\/dev.tg4.ie\/corporate\/awards\/2011-2\/"},"modified":"2019-10-22T15:24:30","modified_gmt":"2019-10-22T14:24:30","slug":"2011-2","status":"publish","type":"page","link":"https:\/\/dev.tg4.ie\/ga\/eolas\/gradaim\/2011-2\/","title":{"rendered":"2011"},"content":{"rendered":"<h1>2011<\/h1>\n<p><strong>An P\u00edopa<\/strong><br \/>\nCircom 2011 &#8211; Cl\u00e1r Faisn\u00e9ise is Fearr<\/p>\n<p><strong>Corp &amp; Anam<\/strong><br \/>\nSraith Teilif\u00edse na Bliana, Gradaim Chumars\u00e1ide an Oireachtais 2011 Bliain<\/p>\n<p><strong>Eimear N\u00ed Chonaola<\/strong><br \/>\nPearsa Teilif\u00edse na Bliana TG4, Gradaim Chumars\u00e1ide an Oireachtais 2011<br \/>\nGala Gael R\u00e9alt na Bliana,\u00a0Gradaim Chumars\u00e1ide an Oireachtais<\/p>\n<p><strong>Diarmuid de Faoite<\/strong><br \/>\nAisteoir na Bliana, Gradaim Chumars\u00e1ide an Oireachtais 2011<\/p>\n<p><strong>D\u00edosp\u00f3ireacht na gCeannair\u00ed<\/strong><br \/>\nGradam Speisialta, Gradaim Chumars\u00e1ide an Oireachtais\u00a0 2011<\/p>\n","protected":false},"excerpt":{"rendered":"<p>2011 An P\u00edopa Circom 2011 &#8211; Cl\u00e1r Faisn\u00e9ise is Fearr Corp &amp; Anam Sraith Teilif\u00edse na Bliana, Gradaim Chumars\u00e1ide an Oireachtais 2011 Bliain Eimear N\u00ed Chonaola Pearsa Teilif\u00edse na Bliana TG4, Gradaim Chumars\u00e1ide an Oireachtais 2011 Gala Gael R\u00e9alt na Bliana,\u00a0Gradaim Chumars\u00e1ide an Oireachtais Diarmuid de Faoite Aisteoir na Bliana, Gradaim Chumars\u00e1ide an Oireachtais 2011 [&hellip;]<\/p>\n","protected":false},"author":6,"featured_media":0,"parent":1219,"menu_order":14,"comment_status":"closed","ping_status":"closed","template":"page-templates\/template-corporate.php","meta":{"_acf_changed":false,"footnotes":""},"acf":[],"yoast_head":"<!-- This site is optimized with the Yoast SEO plugin v22.6 - https:\/\/yoast.com\/wordpress\/plugins\/seo\/ -->\n<title>2011 - TG4<\/title>\n<meta name=\"robots\" content=\"index, follow, max-snippet:-1, max-image-preview:large, max-video-preview:-1\" \/>\n<meta property=\"og:locale\" content=\"en_US\" \/>\n<meta property=\"og:type\" content=\"article\" \/>\n<meta property=\"og:title\" content=\"2011 - TG4\" \/>\n<meta property=\"og:description\" content=\"2011 An P\u00edopa Circom 2011 &#8211; Cl\u00e1r Faisn\u00e9ise is Fearr Corp &amp; Anam Sraith Teilif\u00edse na Bliana, Gradaim Chumars\u00e1ide an Oireachtais 2011 Bliain Eimear N\u00ed Chonaola Pearsa Teilif\u00edse na Bliana TG4, Gradaim Chumars\u00e1ide an Oireachtais 2011 Gala Gael R\u00e9alt na Bliana,\u00a0Gradaim Chumars\u00e1ide an Oireachtais Diarmuid de Faoite Aisteoir na Bliana, Gradaim Chumars\u00e1ide an Oireachtais 2011 [&hellip;]\" \/>\n<meta property=\"og:url\" content=\"https:\/\/dev.tg4.ie\/ga\/eolas\/gradaim\/2011-2\/\" \/>\n<meta property=\"og:site_name\" content=\"TG4\" \/>\n<meta property=\"article:publisher\" content=\"https:\/\/www.facebook.com\/TG4TV\" \/>\n<meta property=\"article:modified_time\" content=\"2019-10-22T14:24:30+00:00\" \/>\n<meta property=\"og:image\" content=\"https:\/\/tg4-docs.s3.amazonaws.com\/wp-content\/uploads\/2024\/11\/18151812\/TG4_2024_corcra_teal_1-1920x1080-1.jpg\" \/>\n\t<meta property=\"og:image:width\" content=\"1920\" \/>\n\t<meta property=\"og:image:height\" content=\"1080\" \/>\n\t<meta property=\"og:image:type\" content=\"image\/jpeg\" \/>\n<meta name=\"twitter:card\" content=\"summary_large_image\" \/>\n<meta name=\"twitter:site\" content=\"@TG4TV\" \/>\n<script type=\"application\/ld+json\" class=\"yoast-schema-graph\">{\"@context\":\"https:\/\/schema.org\",\"@graph\":[{\"@type\":\"WebPage\",\"@id\":\"https:\/\/dev.tg4.ie\/ga\/eolas\/gradaim\/2011-2\/\",\"url\":\"https:\/\/dev.tg4.ie\/ga\/eolas\/gradaim\/2011-2\/\",\"name\":\"2011 - TG4\",\"isPartOf\":{\"@id\":\"https:\/\/dev.tg4.ie\/en\/#website\"},\"datePublished\":\"2015-08-20T09:28:29+00:00\",\"dateModified\":\"2019-10-22T14:24:30+00:00\",\"breadcrumb\":{\"@id\":\"https:\/\/dev.tg4.ie\/ga\/eolas\/gradaim\/2011-2\/#breadcrumb\"},\"inLanguage\":\"ga\",\"potentialAction\":[{\"@type\":\"ReadAction\",\"target\":[\"https:\/\/dev.tg4.ie\/ga\/eolas\/gradaim\/2011-2\/\"]}]},{\"@type\":\"BreadcrumbList\",\"@id\":\"https:\/\/dev.tg4.ie\/ga\/eolas\/gradaim\/2011-2\/#breadcrumb\",\"itemListElement\":[{\"@type\":\"ListItem\",\"position\":1,\"name\":\"Home\",\"item\":\"https:\/\/dev.tg4.ie\/ga\/\"},{\"@type\":\"ListItem\",\"position\":2,\"name\":\"Eolas\",\"item\":\"https:\/\/dev.tg4.ie\/ga\/eolas\/\"},{\"@type\":\"ListItem\",\"position\":3,\"name\":\"Gradaim\",\"item\":\"https:\/\/dev.tg4.ie\/ga\/eolas\/gradaim\/\"},{\"@type\":\"ListItem\",\"position\":4,\"name\":\"2011\"}]},{\"@type\":\"WebSite\",\"@id\":\"https:\/\/dev.tg4.ie\/en\/#website\",\"url\":\"https:\/\/dev.tg4.ie\/en\/\",\"name\":\"TG4\",\"description\":\"S\u00fail Eile\",\"potentialAction\":[{\"@type\":\"SearchAction\",\"target\":{\"@type\":\"EntryPoint\",\"urlTemplate\":\"https:\/\/dev.tg4.ie\/en\/?s={search_term_string}\"},\"query-input\":\"required name=search_term_string\"}],\"inLanguage\":\"ga\"}]}<\/script>\n<!-- \/ Yoast SEO plugin. -->","yoast_head_json":{"title":"2011 - TG4","robots":{"index":"index","follow":"follow","max-snippet":"max-snippet:-1","max-image-preview":"max-image-preview:large","max-video-preview":"max-video-preview:-1"},"og_locale":"en_US","og_type":"article","og_title":"2011 - TG4","og_description":"2011 An P\u00edopa Circom 2011 &#8211; Cl\u00e1r Faisn\u00e9ise is Fearr Corp &amp; Anam Sraith Teilif\u00edse na Bliana, Gradaim Chumars\u00e1ide an Oireachtais 2011 Bliain Eimear N\u00ed Chonaola Pearsa Teilif\u00edse na Bliana TG4, Gradaim Chumars\u00e1ide an Oireachtais 2011 Gala Gael R\u00e9alt na Bliana,\u00a0Gradaim Chumars\u00e1ide an Oireachtais Diarmuid de Faoite Aisteoir na Bliana, Gradaim Chumars\u00e1ide an Oireachtais 2011 [&hellip;]","og_url":"https:\/\/dev.tg4.ie\/ga\/eolas\/gradaim\/2011-2\/","og_site_name":"TG4","article_publisher":"https:\/\/www.facebook.com\/TG4TV","article_modified_time":"2019-10-22T14:24:30+00:00","og_image":[{"width":1920,"height":1080,"url":"https:\/\/tg4-docs.s3.amazonaws.com\/wp-content\/uploads\/2024\/11\/18151812\/TG4_2024_corcra_teal_1-1920x1080-1.jpg","type":"image\/jpeg"}],"twitter_card":"summary_large_image","twitter_site":"@TG4TV","schema":{"@context":"https:\/\/schema.org","@graph":[{"@type":"WebPage","@id":"https:\/\/dev.tg4.ie\/ga\/eolas\/gradaim\/2011-2\/","url":"https:\/\/dev.tg4.ie\/ga\/eolas\/gradaim\/2011-2\/","name":"2011 - TG4","isPartOf":{"@id":"https:\/\/dev.tg4.ie\/en\/#website"},"datePublished":"2015-08-20T09:28:29+00:00","dateModified":"2019-10-22T14:24:30+00:00","breadcrumb":{"@id":"https:\/\/dev.tg4.ie\/ga\/eolas\/gradaim\/2011-2\/#breadcrumb"},"inLanguage":"ga","potentialAction":[{"@type":"ReadAction","target":["https:\/\/dev.tg4.ie\/ga\/eolas\/gradaim\/2011-2\/"]}]},{"@type":"BreadcrumbList","@id":"https:\/\/dev.tg4.ie\/ga\/eolas\/gradaim\/2011-2\/#breadcrumb","itemListElement":[{"@type":"ListItem","position":1,"name":"Home","item":"https:\/\/dev.tg4.ie\/ga\/"},{"@type":"ListItem","position":2,"name":"Eolas","item":"https:\/\/dev.tg4.ie\/ga\/eolas\/"},{"@type":"ListItem","position":3,"name":"Gradaim","item":"https:\/\/dev.tg4.ie\/ga\/eolas\/gradaim\/"},{"@type":"ListItem","position":4,"name":"2011"}]},{"@type":"WebSite","@id":"https:\/\/dev.tg4.ie\/en\/#website","url":"https:\/\/dev.tg4.ie\/en\/","name":"TG4","description":"S\u00fail Eile","potentialAction":[{"@type":"SearchAction","target":{"@type":"EntryPoint","urlTemplate":"https:\/\/dev.tg4.ie\/en\/?s={search_term_string}"},"query-input":"required name=search_term_string"}],"inLanguage":"ga"}]}},"_links":{"self":[{"href":"https:\/\/dev.tg4.ie\/ga\/wp-json\/wp\/v2\/pages\/1539"}],"collection":[{"href":"https:\/\/dev.tg4.ie\/ga\/wp-json\/wp\/v2\/pages"}],"about":[{"href":"https:\/\/dev.tg4.ie\/ga\/wp-json\/wp\/v2\/types\/page"}],"author":[{"embeddable":true,"href":"https:\/\/dev.tg4.ie\/ga\/wp-json\/wp\/v2\/users\/6"}],"replies":[{"embeddable":true,"href":"https:\/\/dev.tg4.ie\/ga\/wp-json\/wp\/v2\/comments?post=1539"}],"version-history":[{"count":0,"href":"https:\/\/dev.tg4.ie\/ga\/wp-json\/wp\/v2\/pages\/1539\/revisions"}],"up":[{"embeddable":true,"href":"https:\/\/dev.tg4.ie\/ga\/wp-json\/wp\/v2\/pages\/1219"}],"wp:attachment":[{"href":"https:\/\/dev.tg4.ie\/ga\/wp-json\/wp\/v2\/media?parent=1539"}],"curies":[{"name":"wp","href":"https:\/\/api.w.org\/{rel}","templated":true}]}}