{"id":1546,"date":"2015-08-20T10:34:26","date_gmt":"2015-08-20T09:34:26","guid":{"rendered":"https:\/\/dev.tg4.ie\/corporate\/awards\/2010-2\/"},"modified":"2019-10-22T15:22:09","modified_gmt":"2019-10-22T14:22:09","slug":"2010-2","status":"publish","type":"page","link":"https:\/\/dev.tg4.ie\/ga\/eolas\/gradaim\/2010-2\/","title":{"rendered":"2010"},"content":{"rendered":"<h1>2010<\/h1>\n<p><strong>Ros na R\u00fan<\/strong><br \/>\nEntertainment.ie &#8211; Sobal is Fearr &#8211; Rogha an Phobail<br \/>\nIFTA &#8211; Sraithdhr\u00e1ma &#8211; Ainmni\u00fach\u00e1n<br \/>\nIFTA &#8211; Gaeilge is Fearr &#8211; Ainmni\u00fach\u00e1n<\/p>\n<p><strong>R\u00e1sa\u00ed na Gaillimhe<\/strong><br \/>\nIFTA &#8211; Dr\u00e1ma Singil &#8211; Ainmni\u00fach\u00e1n<br \/>\nIFTA &#8211; Sti\u00farth\u00f3ir is Fearr &#8211; Ainmni\u00fach\u00e1n<br \/>\nIFTA &#8211; Script is Fearr &#8211; Ainmni\u00fach\u00e1n<br \/>\nIFTA &#8211; Pr\u00edomh Aisteoir Mn\u00e1 is Feaerr &#8211; Ainmni\u00fach\u00e1n<br \/>\nIFTA &#8211; Gaeilge is Fearr &#8211; Buaiteoir<br \/>\nF\u00e9ile na Me\u00e1n Ceilteach &#8211; Sraithdhr\u00e1ma &#8211; Ainmni\u00fach\u00e1n<\/p>\n<p><strong>Seacht<\/strong><br \/>\nIFTA &#8211; Cl\u00e1r \u00d3ige is Fearr &#8211; Ainmni\u00fach\u00e1n<br \/>\nIFTA &#8211; Gaeilge is Fearr &#8211; Ainmni\u00fach\u00e1n<br \/>\nF\u00e9ile na Me\u00e1n Ceilteach &#8211; Daoine \u00d3ga &#8211; Buaiteoir<\/p>\n<p><strong>B\u00f3thar go dt\u00ed an White House<\/strong><br \/>\nIFTA &#8211; Sraith Fhaisn\u00e9ise is Fearr &#8211; Ainmni\u00fach\u00e1n<\/p>\n<p><strong>Teorainn<\/strong><br \/>\nIFTA &#8211; Sraith Fhaisn\u00e9ise is Fearr &#8211; Ainmni\u00fach\u00e1n<\/p>\n<p><strong>GAA Beo<\/strong><br \/>\nIFTA &#8211; Sp\u00f3rt is Fear &#8211; Ainmni\u00fach\u00e1n<\/p>\n<p><strong>Faoi L\u00e1n Cheoil<\/strong><br \/>\nF\u00e9ile na Me\u00e1n Ceilteach &#8211; Siamsa\u00edocht Fh\u00edorasach &#8211; Ainmni\u00fach\u00e1n<\/p>\n<p><strong>Mobs Mheirice\u00e1<\/strong><br \/>\nF\u00e9ile na Me\u00e1n Ceilteach &#8211; Sraith Fh\u00edorasach &#8211; Buaiteoir<\/p>\n<p><strong>Taibhse gan Todhcha\u00ed<\/strong><br \/>\nF\u00e9ile na Me\u00e1n Ceilteach &#8211; Ainmni\u00fach\u00e1n<\/p>\n<p><strong>Peadar na Stoirme<\/strong><br \/>\nF\u00e9ile na Me\u00e1n Ceilteach &#8211; Eala\u00edon &#8211; Ainmni\u00fach\u00e1n<\/p>\n<p><strong>TG4 Ident<\/strong><br \/>\nF\u00e9ile na Me\u00e1n Ceilteach &#8211; M\u00edreanna bolscaireachta &#8211; Buaiteoir<\/p>\n<p><strong>An Crisis<\/strong><br \/>\nF\u00e9ile Teilif\u00edse Mhonte Carlo:<br \/>\n&#8211; L\u00e9iritheoir Grinn is Fearr Ainmni\u00fach\u00e1n ( x 4)<br \/>\n&#8211; Aisteoir Grinn is Fearr (Fir) Ainmni\u00fach\u00e1n ( x 2)<br \/>\n&#8211; Aisteoir Grinn is Fearr (Mn\u00e1) Ainmni\u00fach\u00e1n ( x 2)<\/p>\n<p><strong>Se\u00f3 Sp\u00f3irt<\/strong><br \/>\nCl\u00e1r Teilif\u00edse na Bliana. Gradaim Chumars\u00e1ide Oireachtas na Gaeilge 2010<\/p>\n<p><strong>Breand\u00e1n Delap<\/strong><br \/>\nIriseoir na Bliana: Gradaim Chumars\u00e1ide Oireachtas na Gaeilge 2010<\/p>\n<p><strong>Na Cloigne<\/strong><br \/>\nSraith Dr\u00e1ma\u00edochta na Bliana. Gradaim Chumars\u00e1ide Oireachtas na Gaeilge 2010<\/p>\n<p><strong>D\u00e1ith\u00ed \u00d3 S\u00e9<\/strong><br \/>\nBuaiteoir: Gael Gala na Bliana Gradaim Chumars\u00e1ide Oireachtas na Gaeilge 2010 (v\u00f3ta an phobail)<\/p>\n<p><strong>Darach \u00d3 Dubh\u00e1in<\/strong><br \/>\nAisteoir na Bliana. Gradaim Chumars\u00e1ide Oireachtas na Gaeilge 2010<\/p>\n<p><strong>Emer N\u00ed Chonaola<\/strong><br \/>\nBuaiteoir: Pearsa Teilif\u00edse: Gradaim Chumars\u00e1ide Oireachtas na Gaeilge 2010<\/p>\n","protected":false},"excerpt":{"rendered":"<p>2010 Ros na R\u00fan Entertainment.ie &#8211; Sobal is Fearr &#8211; Rogha an Phobail IFTA &#8211; Sraithdhr\u00e1ma &#8211; Ainmni\u00fach\u00e1n IFTA &#8211; Gaeilge is Fearr &#8211; Ainmni\u00fach\u00e1n R\u00e1sa\u00ed na Gaillimhe IFTA &#8211; Dr\u00e1ma Singil &#8211; Ainmni\u00fach\u00e1n IFTA &#8211; Sti\u00farth\u00f3ir is Fearr &#8211; Ainmni\u00fach\u00e1n IFTA &#8211; Script is Fearr &#8211; Ainmni\u00fach\u00e1n IFTA &#8211; Pr\u00edomh Aisteoir Mn\u00e1 is Feaerr [&hellip;]<\/p>\n","protected":false},"author":6,"featured_media":0,"parent":1219,"menu_order":13,"comment_status":"closed","ping_status":"closed","template":"page-templates\/template-corporate.php","meta":{"_acf_changed":false,"footnotes":""},"acf":[],"yoast_head":"<!-- This site is optimized with the Yoast SEO plugin v22.6 - https:\/\/yoast.com\/wordpress\/plugins\/seo\/ -->\n<title>2010 - TG4<\/title>\n<meta name=\"robots\" content=\"index, follow, max-snippet:-1, max-image-preview:large, max-video-preview:-1\" \/>\n<meta property=\"og:locale\" content=\"en_US\" \/>\n<meta property=\"og:type\" content=\"article\" \/>\n<meta property=\"og:title\" content=\"2010 - TG4\" \/>\n<meta property=\"og:description\" content=\"2010 Ros na R\u00fan Entertainment.ie &#8211; Sobal is Fearr &#8211; Rogha an Phobail IFTA &#8211; Sraithdhr\u00e1ma &#8211; Ainmni\u00fach\u00e1n IFTA &#8211; Gaeilge is Fearr &#8211; Ainmni\u00fach\u00e1n R\u00e1sa\u00ed na Gaillimhe IFTA &#8211; Dr\u00e1ma Singil &#8211; Ainmni\u00fach\u00e1n IFTA &#8211; Sti\u00farth\u00f3ir is Fearr &#8211; Ainmni\u00fach\u00e1n IFTA &#8211; Script is Fearr &#8211; Ainmni\u00fach\u00e1n IFTA &#8211; Pr\u00edomh Aisteoir Mn\u00e1 is Feaerr [&hellip;]\" \/>\n<meta property=\"og:url\" content=\"https:\/\/dev.tg4.ie\/ga\/eolas\/gradaim\/2010-2\/\" \/>\n<meta property=\"og:site_name\" content=\"TG4\" \/>\n<meta property=\"article:publisher\" content=\"https:\/\/www.facebook.com\/TG4TV\" \/>\n<meta property=\"article:modified_time\" content=\"2019-10-22T14:22:09+00:00\" \/>\n<meta property=\"og:image\" content=\"https:\/\/tg4-docs.s3.amazonaws.com\/wp-content\/uploads\/2024\/11\/18151812\/TG4_2024_corcra_teal_1-1920x1080-1.jpg\" \/>\n\t<meta property=\"og:image:width\" content=\"1920\" \/>\n\t<meta property=\"og:image:height\" content=\"1080\" \/>\n\t<meta property=\"og:image:type\" content=\"image\/jpeg\" \/>\n<meta name=\"twitter:card\" content=\"summary_large_image\" \/>\n<meta name=\"twitter:site\" content=\"@TG4TV\" \/>\n<meta name=\"twitter:label1\" content=\"Est. reading time\" \/>\n\t<meta name=\"twitter:data1\" content=\"2 minutes\" \/>\n<script type=\"application\/ld+json\" class=\"yoast-schema-graph\">{\"@context\":\"https:\/\/schema.org\",\"@graph\":[{\"@type\":\"WebPage\",\"@id\":\"https:\/\/dev.tg4.ie\/ga\/eolas\/gradaim\/2010-2\/\",\"url\":\"https:\/\/dev.tg4.ie\/ga\/eolas\/gradaim\/2010-2\/\",\"name\":\"2010 - TG4\",\"isPartOf\":{\"@id\":\"https:\/\/dev.tg4.ie\/en\/#website\"},\"datePublished\":\"2015-08-20T09:34:26+00:00\",\"dateModified\":\"2019-10-22T14:22:09+00:00\",\"breadcrumb\":{\"@id\":\"https:\/\/dev.tg4.ie\/ga\/eolas\/gradaim\/2010-2\/#breadcrumb\"},\"inLanguage\":\"ga\",\"potentialAction\":[{\"@type\":\"ReadAction\",\"target\":[\"https:\/\/dev.tg4.ie\/ga\/eolas\/gradaim\/2010-2\/\"]}]},{\"@type\":\"BreadcrumbList\",\"@id\":\"https:\/\/dev.tg4.ie\/ga\/eolas\/gradaim\/2010-2\/#breadcrumb\",\"itemListElement\":[{\"@type\":\"ListItem\",\"position\":1,\"name\":\"Home\",\"item\":\"https:\/\/dev.tg4.ie\/ga\/\"},{\"@type\":\"ListItem\",\"position\":2,\"name\":\"Eolas\",\"item\":\"https:\/\/dev.tg4.ie\/ga\/eolas\/\"},{\"@type\":\"ListItem\",\"position\":3,\"name\":\"Gradaim\",\"item\":\"https:\/\/dev.tg4.ie\/ga\/eolas\/gradaim\/\"},{\"@type\":\"ListItem\",\"position\":4,\"name\":\"2010\"}]},{\"@type\":\"WebSite\",\"@id\":\"https:\/\/dev.tg4.ie\/en\/#website\",\"url\":\"https:\/\/dev.tg4.ie\/en\/\",\"name\":\"TG4\",\"description\":\"S\u00fail Eile\",\"potentialAction\":[{\"@type\":\"SearchAction\",\"target\":{\"@type\":\"EntryPoint\",\"urlTemplate\":\"https:\/\/dev.tg4.ie\/en\/?s={search_term_string}\"},\"query-input\":\"required name=search_term_string\"}],\"inLanguage\":\"ga\"}]}<\/script>\n<!-- \/ Yoast SEO plugin. -->","yoast_head_json":{"title":"2010 - TG4","robots":{"index":"index","follow":"follow","max-snippet":"max-snippet:-1","max-image-preview":"max-image-preview:large","max-video-preview":"max-video-preview:-1"},"og_locale":"en_US","og_type":"article","og_title":"2010 - TG4","og_description":"2010 Ros na R\u00fan Entertainment.ie &#8211; Sobal is Fearr &#8211; Rogha an Phobail IFTA &#8211; Sraithdhr\u00e1ma &#8211; Ainmni\u00fach\u00e1n IFTA &#8211; Gaeilge is Fearr &#8211; Ainmni\u00fach\u00e1n R\u00e1sa\u00ed na Gaillimhe IFTA &#8211; Dr\u00e1ma Singil &#8211; Ainmni\u00fach\u00e1n IFTA &#8211; Sti\u00farth\u00f3ir is Fearr &#8211; Ainmni\u00fach\u00e1n IFTA &#8211; Script is Fearr &#8211; Ainmni\u00fach\u00e1n IFTA &#8211; Pr\u00edomh Aisteoir Mn\u00e1 is Feaerr [&hellip;]","og_url":"https:\/\/dev.tg4.ie\/ga\/eolas\/gradaim\/2010-2\/","og_site_name":"TG4","article_publisher":"https:\/\/www.facebook.com\/TG4TV","article_modified_time":"2019-10-22T14:22:09+00:00","og_image":[{"width":1920,"height":1080,"url":"https:\/\/tg4-docs.s3.amazonaws.com\/wp-content\/uploads\/2024\/11\/18151812\/TG4_2024_corcra_teal_1-1920x1080-1.jpg","type":"image\/jpeg"}],"twitter_card":"summary_large_image","twitter_site":"@TG4TV","twitter_misc":{"Est. reading time":"2 minutes"},"schema":{"@context":"https:\/\/schema.org","@graph":[{"@type":"WebPage","@id":"https:\/\/dev.tg4.ie\/ga\/eolas\/gradaim\/2010-2\/","url":"https:\/\/dev.tg4.ie\/ga\/eolas\/gradaim\/2010-2\/","name":"2010 - TG4","isPartOf":{"@id":"https:\/\/dev.tg4.ie\/en\/#website"},"datePublished":"2015-08-20T09:34:26+00:00","dateModified":"2019-10-22T14:22:09+00:00","breadcrumb":{"@id":"https:\/\/dev.tg4.ie\/ga\/eolas\/gradaim\/2010-2\/#breadcrumb"},"inLanguage":"ga","potentialAction":[{"@type":"ReadAction","target":["https:\/\/dev.tg4.ie\/ga\/eolas\/gradaim\/2010-2\/"]}]},{"@type":"BreadcrumbList","@id":"https:\/\/dev.tg4.ie\/ga\/eolas\/gradaim\/2010-2\/#breadcrumb","itemListElement":[{"@type":"ListItem","position":1,"name":"Home","item":"https:\/\/dev.tg4.ie\/ga\/"},{"@type":"ListItem","position":2,"name":"Eolas","item":"https:\/\/dev.tg4.ie\/ga\/eolas\/"},{"@type":"ListItem","position":3,"name":"Gradaim","item":"https:\/\/dev.tg4.ie\/ga\/eolas\/gradaim\/"},{"@type":"ListItem","position":4,"name":"2010"}]},{"@type":"WebSite","@id":"https:\/\/dev.tg4.ie\/en\/#website","url":"https:\/\/dev.tg4.ie\/en\/","name":"TG4","description":"S\u00fail Eile","potentialAction":[{"@type":"SearchAction","target":{"@type":"EntryPoint","urlTemplate":"https:\/\/dev.tg4.ie\/en\/?s={search_term_string}"},"query-input":"required name=search_term_string"}],"inLanguage":"ga"}]}},"_links":{"self":[{"href":"https:\/\/dev.tg4.ie\/ga\/wp-json\/wp\/v2\/pages\/1546"}],"collection":[{"href":"https:\/\/dev.tg4.ie\/ga\/wp-json\/wp\/v2\/pages"}],"about":[{"href":"https:\/\/dev.tg4.ie\/ga\/wp-json\/wp\/v2\/types\/page"}],"author":[{"embeddable":true,"href":"https:\/\/dev.tg4.ie\/ga\/wp-json\/wp\/v2\/users\/6"}],"replies":[{"embeddable":true,"href":"https:\/\/dev.tg4.ie\/ga\/wp-json\/wp\/v2\/comments?post=1546"}],"version-history":[{"count":0,"href":"https:\/\/dev.tg4.ie\/ga\/wp-json\/wp\/v2\/pages\/1546\/revisions"}],"up":[{"embeddable":true,"href":"https:\/\/dev.tg4.ie\/ga\/wp-json\/wp\/v2\/pages\/1219"}],"wp:attachment":[{"href":"https:\/\/dev.tg4.ie\/ga\/wp-json\/wp\/v2\/media?parent=1546"}],"curies":[{"name":"wp","href":"https:\/\/api.w.org\/{rel}","templated":true}]}}