{"id":15653,"date":"2016-03-24T14:34:27","date_gmt":"2016-03-24T14:34:27","guid":{"rendered":"https:\/\/dev.tg4.ie\/?page_id=15653"},"modified":"2019-06-24T16:22:20","modified_gmt":"2019-06-24T15:22:20","slug":"24-03-16","status":"publish","type":"page","link":"https:\/\/dev.tg4.ie\/ga\/eolas\/preas\/nuacht-raitis\/2016-2\/24-03-16\/","title":{"rendered":"24.03.16"},"content":{"rendered":"<h2>7 L\u00e1 TG4 \u2013 29\u00fa M\u00e1rta Museum na bPiarsach, R\u00e1th Fearn\u00e1in<\/h2>\n<p>Beidh r\u00f3l na Gaeilge in \u00c9ir\u00ed Amach na C\u00e1sca 1916 mar th\u00e9ama \u00a0eisiach ag\u00a0 eagr\u00e1n speisialta den chl\u00e1r beo c\u00farsa\u00ed reatha\u00a0 <strong>7 L\u00e1 ar TG4\u00a0 ar an \u00a0Mh\u00e1irt 29 M\u00e1rta ag 7.30pm.<\/strong>\u00a0 Beochraolfar an t-eagr\u00e1n c\u00f3m\u00f3rtha seo den chl\u00e1r \u00f3 l\u00e1thair chu\u00ed stairi\u00fail &#8211; <strong>M\u00fasaem na bPiarsach i R\u00e1th Fearn\u00e1in<\/strong> i mBaile \u00c1tha Cliath.<\/p>\n<p>Gaeilgeoir\u00ed ab ea c\u00faigear den seachtar a sh\u00ednigh an For\u00f3gra agus bh\u00ed an teanga gar don chro\u00ed ag go leor eile a ghlac p\u00e1irt san \u00c9ir\u00ed Amach.\u00a0 Baill den Chonradh ab ea aon duine d\u00e9ag den seisear d\u00e9ag a cuireadh chun b\u00e1is ina dhiaidh.<\/p>\n<p>Ar an gcl\u00e1r speisialta seo, pl\u00e9ifear r\u00f3l Chonradh na Gaeilge agus an r\u00e9abhl\u00f3id chult\u00fartha a bh\u00ed mar ch\u00falra lenar tharla.\u00a0 Beidh gaolta na ndaoine a throid san \u00c9ir\u00ed Amach p\u00e1irteach sa gcl\u00e1r mar aon le polaiteoir\u00ed agus staraithe.<\/p>\n<p>Cloisfear sc\u00e9alta na ngn\u00e1thdhaoine a bh\u00ed ina mbaill de Chonradh na Gaeilge ag an am a throid i 1916 chomh maith le cur s\u00edos ar an nasc a bh\u00ed ann leis na pobail Ghaeltachta. \u00a0\u00a0\u00a0Feicfear freisin cuid den chartlann chuimsitheach at\u00e1 ag an gConradh \u00f3n tr\u00e9imhse \u00a0seo.<\/p>\n<p>I measc na n-a\u00edonna a bheidh i l\u00e1thair, beidh <strong>\u00c9amon \u00d3 Cu\u00edv T.D<\/strong>., an tOllamh <strong>Miche\u00e1l \u00d3 Siochr\u00fa, <\/strong>agus <strong>Cathal Mac Suibhne Brugha<\/strong>.<\/p>\n<p>Is \u00e9 <strong>P\u00e1id\u00ed \u00d3 Lion\u00e1ird<\/strong> a chuirfidh an cl\u00e1r com\u00f3rtha i l\u00e1thair agus beidh ceol ann freisin \u00f3n gcl\u00e1irseoir <strong>Siobh\u00e1n Armstrong<\/strong> agus amhr\u00e1n \u00f3 <strong>Aoife Scott. <\/strong><\/p>\n","protected":false},"excerpt":{"rendered":"<p>7 L\u00e1 TG4 \u2013 29\u00fa M\u00e1rta Museum na bPiarsach, R\u00e1th Fearn\u00e1in Beidh r\u00f3l na Gaeilge in \u00c9ir\u00ed Amach na C\u00e1sca 1916 mar th\u00e9ama \u00a0eisiach ag\u00a0 eagr\u00e1n speisialta den chl\u00e1r beo c\u00farsa\u00ed reatha\u00a0 7 L\u00e1 ar TG4\u00a0 ar an \u00a0Mh\u00e1irt 29 M\u00e1rta ag 7.30pm.\u00a0 Beochraolfar an t-eagr\u00e1n c\u00f3m\u00f3rtha seo den chl\u00e1r \u00f3 l\u00e1thair chu\u00ed stairi\u00fail &#8211; [&hellip;]<\/p>\n","protected":false},"author":876,"featured_media":0,"parent":6580,"menu_order":12,"comment_status":"closed","ping_status":"closed","template":"page-templates\/template-pr.php","meta":{"_acf_changed":false,"footnotes":""},"acf":[],"yoast_head":"<!-- This site is optimized with the Yoast SEO plugin v22.6 - https:\/\/yoast.com\/wordpress\/plugins\/seo\/ -->\n<title>24.03.16 - TG4<\/title>\n<meta name=\"robots\" content=\"index, follow, max-snippet:-1, max-image-preview:large, max-video-preview:-1\" \/>\n<meta property=\"og:locale\" content=\"en_US\" \/>\n<meta property=\"og:type\" content=\"article\" \/>\n<meta property=\"og:title\" content=\"24.03.16 - TG4\" \/>\n<meta property=\"og:description\" content=\"7 L\u00e1 TG4 \u2013 29\u00fa M\u00e1rta Museum na bPiarsach, R\u00e1th Fearn\u00e1in Beidh r\u00f3l na Gaeilge in \u00c9ir\u00ed Amach na C\u00e1sca 1916 mar th\u00e9ama \u00a0eisiach ag\u00a0 eagr\u00e1n speisialta den chl\u00e1r beo c\u00farsa\u00ed reatha\u00a0 7 L\u00e1 ar TG4\u00a0 ar an \u00a0Mh\u00e1irt 29 M\u00e1rta ag 7.30pm.\u00a0 Beochraolfar an t-eagr\u00e1n c\u00f3m\u00f3rtha seo den chl\u00e1r \u00f3 l\u00e1thair chu\u00ed stairi\u00fail &#8211; [&hellip;]\" \/>\n<meta property=\"og:url\" content=\"https:\/\/dev.tg4.ie\/ga\/eolas\/preas\/nuacht-raitis\/2016-2\/24-03-16\/\" \/>\n<meta property=\"og:site_name\" content=\"TG4\" \/>\n<meta property=\"article:publisher\" content=\"https:\/\/www.facebook.com\/TG4TV\" \/>\n<meta property=\"article:modified_time\" content=\"2019-06-24T15:22:20+00:00\" \/>\n<meta property=\"og:image\" content=\"https:\/\/tg4-docs.s3.amazonaws.com\/wp-content\/uploads\/2024\/11\/18151812\/TG4_2024_corcra_teal_1-1920x1080-1.jpg\" \/>\n\t<meta property=\"og:image:width\" content=\"1920\" \/>\n\t<meta property=\"og:image:height\" content=\"1080\" \/>\n\t<meta property=\"og:image:type\" content=\"image\/jpeg\" \/>\n<meta name=\"twitter:card\" content=\"summary_large_image\" \/>\n<meta name=\"twitter:site\" content=\"@TG4TV\" \/>\n<meta name=\"twitter:label1\" content=\"Est. reading time\" \/>\n\t<meta name=\"twitter:data1\" content=\"1 minute\" \/>\n<script type=\"application\/ld+json\" class=\"yoast-schema-graph\">{\"@context\":\"https:\/\/schema.org\",\"@graph\":[{\"@type\":\"WebPage\",\"@id\":\"https:\/\/dev.tg4.ie\/ga\/eolas\/preas\/nuacht-raitis\/2016-2\/24-03-16\/\",\"url\":\"https:\/\/dev.tg4.ie\/ga\/eolas\/preas\/nuacht-raitis\/2016-2\/24-03-16\/\",\"name\":\"24.03.16 - TG4\",\"isPartOf\":{\"@id\":\"https:\/\/dev.tg4.ie\/en\/#website\"},\"datePublished\":\"2016-03-24T14:34:27+00:00\",\"dateModified\":\"2019-06-24T15:22:20+00:00\",\"breadcrumb\":{\"@id\":\"https:\/\/dev.tg4.ie\/ga\/eolas\/preas\/nuacht-raitis\/2016-2\/24-03-16\/#breadcrumb\"},\"inLanguage\":\"ga\",\"potentialAction\":[{\"@type\":\"ReadAction\",\"target\":[\"https:\/\/dev.tg4.ie\/ga\/eolas\/preas\/nuacht-raitis\/2016-2\/24-03-16\/\"]}]},{\"@type\":\"BreadcrumbList\",\"@id\":\"https:\/\/dev.tg4.ie\/ga\/eolas\/preas\/nuacht-raitis\/2016-2\/24-03-16\/#breadcrumb\",\"itemListElement\":[{\"@type\":\"ListItem\",\"position\":1,\"name\":\"Home\",\"item\":\"https:\/\/dev.tg4.ie\/ga\/\"},{\"@type\":\"ListItem\",\"position\":2,\"name\":\"Eolas\",\"item\":\"https:\/\/dev.tg4.ie\/ga\/eolas\/\"},{\"@type\":\"ListItem\",\"position\":3,\"name\":\"Preas\",\"item\":\"https:\/\/dev.tg4.ie\/ga\/eolas\/preas\/\"},{\"@type\":\"ListItem\",\"position\":4,\"name\":\"Nuacht R\u00e1itis\",\"item\":\"https:\/\/dev.tg4.ie\/ga\/eolas\/preas\/nuacht-raitis\/\"},{\"@type\":\"ListItem\",\"position\":5,\"name\":\"2016\",\"item\":\"https:\/\/dev.tg4.ie\/ga\/eolas\/preas\/nuacht-raitis\/2016-2\/\"},{\"@type\":\"ListItem\",\"position\":6,\"name\":\"24.03.16\"}]},{\"@type\":\"WebSite\",\"@id\":\"https:\/\/dev.tg4.ie\/en\/#website\",\"url\":\"https:\/\/dev.tg4.ie\/en\/\",\"name\":\"TG4\",\"description\":\"S\u00fail Eile\",\"potentialAction\":[{\"@type\":\"SearchAction\",\"target\":{\"@type\":\"EntryPoint\",\"urlTemplate\":\"https:\/\/dev.tg4.ie\/en\/?s={search_term_string}\"},\"query-input\":\"required name=search_term_string\"}],\"inLanguage\":\"ga\"}]}<\/script>\n<!-- \/ Yoast SEO plugin. -->","yoast_head_json":{"title":"24.03.16 - TG4","robots":{"index":"index","follow":"follow","max-snippet":"max-snippet:-1","max-image-preview":"max-image-preview:large","max-video-preview":"max-video-preview:-1"},"og_locale":"en_US","og_type":"article","og_title":"24.03.16 - TG4","og_description":"7 L\u00e1 TG4 \u2013 29\u00fa M\u00e1rta Museum na bPiarsach, R\u00e1th Fearn\u00e1in Beidh r\u00f3l na Gaeilge in \u00c9ir\u00ed Amach na C\u00e1sca 1916 mar th\u00e9ama \u00a0eisiach ag\u00a0 eagr\u00e1n speisialta den chl\u00e1r beo c\u00farsa\u00ed reatha\u00a0 7 L\u00e1 ar TG4\u00a0 ar an \u00a0Mh\u00e1irt 29 M\u00e1rta ag 7.30pm.\u00a0 Beochraolfar an t-eagr\u00e1n c\u00f3m\u00f3rtha seo den chl\u00e1r \u00f3 l\u00e1thair chu\u00ed stairi\u00fail &#8211; [&hellip;]","og_url":"https:\/\/dev.tg4.ie\/ga\/eolas\/preas\/nuacht-raitis\/2016-2\/24-03-16\/","og_site_name":"TG4","article_publisher":"https:\/\/www.facebook.com\/TG4TV","article_modified_time":"2019-06-24T15:22:20+00:00","og_image":[{"width":1920,"height":1080,"url":"https:\/\/tg4-docs.s3.amazonaws.com\/wp-content\/uploads\/2024\/11\/18151812\/TG4_2024_corcra_teal_1-1920x1080-1.jpg","type":"image\/jpeg"}],"twitter_card":"summary_large_image","twitter_site":"@TG4TV","twitter_misc":{"Est. reading time":"1 minute"},"schema":{"@context":"https:\/\/schema.org","@graph":[{"@type":"WebPage","@id":"https:\/\/dev.tg4.ie\/ga\/eolas\/preas\/nuacht-raitis\/2016-2\/24-03-16\/","url":"https:\/\/dev.tg4.ie\/ga\/eolas\/preas\/nuacht-raitis\/2016-2\/24-03-16\/","name":"24.03.16 - TG4","isPartOf":{"@id":"https:\/\/dev.tg4.ie\/en\/#website"},"datePublished":"2016-03-24T14:34:27+00:00","dateModified":"2019-06-24T15:22:20+00:00","breadcrumb":{"@id":"https:\/\/dev.tg4.ie\/ga\/eolas\/preas\/nuacht-raitis\/2016-2\/24-03-16\/#breadcrumb"},"inLanguage":"ga","potentialAction":[{"@type":"ReadAction","target":["https:\/\/dev.tg4.ie\/ga\/eolas\/preas\/nuacht-raitis\/2016-2\/24-03-16\/"]}]},{"@type":"BreadcrumbList","@id":"https:\/\/dev.tg4.ie\/ga\/eolas\/preas\/nuacht-raitis\/2016-2\/24-03-16\/#breadcrumb","itemListElement":[{"@type":"ListItem","position":1,"name":"Home","item":"https:\/\/dev.tg4.ie\/ga\/"},{"@type":"ListItem","position":2,"name":"Eolas","item":"https:\/\/dev.tg4.ie\/ga\/eolas\/"},{"@type":"ListItem","position":3,"name":"Preas","item":"https:\/\/dev.tg4.ie\/ga\/eolas\/preas\/"},{"@type":"ListItem","position":4,"name":"Nuacht R\u00e1itis","item":"https:\/\/dev.tg4.ie\/ga\/eolas\/preas\/nuacht-raitis\/"},{"@type":"ListItem","position":5,"name":"2016","item":"https:\/\/dev.tg4.ie\/ga\/eolas\/preas\/nuacht-raitis\/2016-2\/"},{"@type":"ListItem","position":6,"name":"24.03.16"}]},{"@type":"WebSite","@id":"https:\/\/dev.tg4.ie\/en\/#website","url":"https:\/\/dev.tg4.ie\/en\/","name":"TG4","description":"S\u00fail Eile","potentialAction":[{"@type":"SearchAction","target":{"@type":"EntryPoint","urlTemplate":"https:\/\/dev.tg4.ie\/en\/?s={search_term_string}"},"query-input":"required name=search_term_string"}],"inLanguage":"ga"}]}},"_links":{"self":[{"href":"https:\/\/dev.tg4.ie\/ga\/wp-json\/wp\/v2\/pages\/15653"}],"collection":[{"href":"https:\/\/dev.tg4.ie\/ga\/wp-json\/wp\/v2\/pages"}],"about":[{"href":"https:\/\/dev.tg4.ie\/ga\/wp-json\/wp\/v2\/types\/page"}],"author":[{"embeddable":true,"href":"https:\/\/dev.tg4.ie\/ga\/wp-json\/wp\/v2\/users\/876"}],"replies":[{"embeddable":true,"href":"https:\/\/dev.tg4.ie\/ga\/wp-json\/wp\/v2\/comments?post=15653"}],"version-history":[{"count":0,"href":"https:\/\/dev.tg4.ie\/ga\/wp-json\/wp\/v2\/pages\/15653\/revisions"}],"up":[{"embeddable":true,"href":"https:\/\/dev.tg4.ie\/ga\/wp-json\/wp\/v2\/pages\/6580"}],"wp:attachment":[{"href":"https:\/\/dev.tg4.ie\/ga\/wp-json\/wp\/v2\/media?parent=15653"}],"curies":[{"name":"wp","href":"https:\/\/api.w.org\/{rel}","templated":true}]}}