{"id":1592,"date":"2015-08-20T11:34:08","date_gmt":"2015-08-20T10:34:08","guid":{"rendered":"https:\/\/dev.tg4.ie\/corporate\/awards\/2009-2\/"},"modified":"2019-10-22T15:20:26","modified_gmt":"2019-10-22T14:20:26","slug":"2009-2","status":"publish","type":"page","link":"https:\/\/dev.tg4.ie\/ga\/eolas\/gradaim\/2009-2\/","title":{"rendered":"2009"},"content":{"rendered":"<h1>2009<\/h1>\n<p><strong>Seisi\u00fan &#8211; TG4 TV Ad.<\/strong><br \/>\nPromax 2009 &#8211; An Duais \u00d3ir<br \/>\nPromax 2009 &#8211; An Duais Airgid<br \/>\nAPMC &#8211; Duais Airgid<br \/>\nCannes Lions &#8211; Gearrliosta.<\/p>\n<p><strong>Seacht<\/strong><br \/>\nF\u00e9ile na Me\u00e1n Ceilteach 2009: \u00d3ige is Fearr<\/p>\n<p><strong>Ceolchuairt &#8211; Nua Eabhrac<\/strong><br \/>\nF\u00e9ile na Me\u00e1n Ceilteach 2009: Siamsa\u00edocht is Fearr<\/p>\n<p><strong>Troid Fhuilteach<\/strong><br \/>\nIFTA 2009: Cl\u00e1r Sp\u00f3irt is Fearr<\/p>\n<p><strong>Aifric<\/strong><br \/>\nIFTA 2009: Cl\u00e1r \u00d3ige\/P\u00e1ist\u00ed is Fearr<\/p>\n<p><strong>Joe Steve \u00d3 Neachtain<\/strong><br \/>\nAisteoir na Bliana. Gradaim Chumars\u00e1ide Oireachtas na Gaeilge 2009<\/p>\n<p><strong>D\u00e1ith\u00ed \u00d3 S\u00e9<\/strong><br \/>\nBuaiteoir: Pearsa Teilif\u00edse: Gradaim Chumars\u00e1ide Oireachtas na Gaeilge 2009<\/p>\n<p><strong>Ernie O\u2019Malley<\/strong><br \/>\nBuaiteoir: Gradam Speisialta an Ghi\u00fair\u00e9, Duaiseanna Remi, Houston Worldfest 2009<\/p>\n<p><strong>Cr\u00edosta\u00edocht<\/strong><br \/>\nBuaiteoir: Gradam Speisialta an Ghi\u00fair\u00e9, Duaiseanna Remi, Houston Worldfest 2009<\/p>\n<p><strong>Kennedy\u2019s Cadets<\/strong><br \/>\nBuaiteoir: Gradam Speisialta an Ghi\u00fair\u00e9, Duaiseanna Remi, Houston Worldfest 2009<\/p>\n<p><strong>Ceolchuairt<\/strong><br \/>\nBuaiteoir: Gradam \u00d3ir Duaiseanna Remi, Houston Worldfest 2009<\/p>\n<p><strong>Mobs Mheirice\u00e1<\/strong><br \/>\nBuaiteoir: Gradam Platinum Duaiseanna Remi, Houston Worldfest 2009<\/p>\n<p><strong>Faoi L\u00e1n Cheoil<\/strong><br \/>\nBuaiteoir: Gradam Platinum Duaiseanna Remi, Houston Worldfest 2009<\/p>\n<p><strong>Pobal<\/strong><br \/>\nCircom 2009: Bonn Airgid<\/p>\n<p><strong>Na B\u00e1id<\/strong><br \/>\nCircom 2009: Bonn Airgid<\/p>\n<p><strong>Se\u00e1n Mac an tS\u00edthigh<\/strong><br \/>\nCircom 2009: Bonn Airgid: Iriseoir F\u00edse<br \/>\nBuaiteoir: Corn Eorpach na dTuairisceoir\u00ed Teilif\u00edse 2009<\/p>\n","protected":false},"excerpt":{"rendered":"<p>2009 Seisi\u00fan &#8211; TG4 TV Ad. Promax 2009 &#8211; An Duais \u00d3ir Promax 2009 &#8211; An Duais Airgid APMC &#8211; Duais Airgid Cannes Lions &#8211; Gearrliosta. Seacht F\u00e9ile na Me\u00e1n Ceilteach 2009: \u00d3ige is Fearr Ceolchuairt &#8211; Nua Eabhrac F\u00e9ile na Me\u00e1n Ceilteach 2009: Siamsa\u00edocht is Fearr Troid Fhuilteach IFTA 2009: Cl\u00e1r Sp\u00f3irt is Fearr [&hellip;]<\/p>\n","protected":false},"author":6,"featured_media":0,"parent":1219,"menu_order":12,"comment_status":"closed","ping_status":"closed","template":"page-templates\/template-corporate.php","meta":{"_acf_changed":false,"footnotes":""},"acf":[],"yoast_head":"<!-- This site is optimized with the Yoast SEO plugin v22.6 - https:\/\/yoast.com\/wordpress\/plugins\/seo\/ -->\n<title>2009 - TG4<\/title>\n<meta name=\"robots\" content=\"index, follow, max-snippet:-1, max-image-preview:large, max-video-preview:-1\" \/>\n<meta property=\"og:locale\" content=\"en_US\" \/>\n<meta property=\"og:type\" content=\"article\" \/>\n<meta property=\"og:title\" content=\"2009 - TG4\" \/>\n<meta property=\"og:description\" content=\"2009 Seisi\u00fan &#8211; TG4 TV Ad. Promax 2009 &#8211; An Duais \u00d3ir Promax 2009 &#8211; An Duais Airgid APMC &#8211; Duais Airgid Cannes Lions &#8211; Gearrliosta. Seacht F\u00e9ile na Me\u00e1n Ceilteach 2009: \u00d3ige is Fearr Ceolchuairt &#8211; Nua Eabhrac F\u00e9ile na Me\u00e1n Ceilteach 2009: Siamsa\u00edocht is Fearr Troid Fhuilteach IFTA 2009: Cl\u00e1r Sp\u00f3irt is Fearr [&hellip;]\" \/>\n<meta property=\"og:url\" content=\"https:\/\/dev.tg4.ie\/ga\/eolas\/gradaim\/2009-2\/\" \/>\n<meta property=\"og:site_name\" content=\"TG4\" \/>\n<meta property=\"article:publisher\" content=\"https:\/\/www.facebook.com\/TG4TV\" \/>\n<meta property=\"article:modified_time\" content=\"2019-10-22T14:20:26+00:00\" \/>\n<meta property=\"og:image\" content=\"https:\/\/tg4-docs.s3.amazonaws.com\/wp-content\/uploads\/2024\/11\/18151812\/TG4_2024_corcra_teal_1-1920x1080-1.jpg\" \/>\n\t<meta property=\"og:image:width\" content=\"1920\" \/>\n\t<meta property=\"og:image:height\" content=\"1080\" \/>\n\t<meta property=\"og:image:type\" content=\"image\/jpeg\" \/>\n<meta name=\"twitter:card\" content=\"summary_large_image\" \/>\n<meta name=\"twitter:site\" content=\"@TG4TV\" \/>\n<meta name=\"twitter:label1\" content=\"Est. reading time\" \/>\n\t<meta name=\"twitter:data1\" content=\"1 minute\" \/>\n<script type=\"application\/ld+json\" class=\"yoast-schema-graph\">{\"@context\":\"https:\/\/schema.org\",\"@graph\":[{\"@type\":\"WebPage\",\"@id\":\"https:\/\/dev.tg4.ie\/ga\/eolas\/gradaim\/2009-2\/\",\"url\":\"https:\/\/dev.tg4.ie\/ga\/eolas\/gradaim\/2009-2\/\",\"name\":\"2009 - TG4\",\"isPartOf\":{\"@id\":\"https:\/\/dev.tg4.ie\/en\/#website\"},\"datePublished\":\"2015-08-20T10:34:08+00:00\",\"dateModified\":\"2019-10-22T14:20:26+00:00\",\"breadcrumb\":{\"@id\":\"https:\/\/dev.tg4.ie\/ga\/eolas\/gradaim\/2009-2\/#breadcrumb\"},\"inLanguage\":\"ga\",\"potentialAction\":[{\"@type\":\"ReadAction\",\"target\":[\"https:\/\/dev.tg4.ie\/ga\/eolas\/gradaim\/2009-2\/\"]}]},{\"@type\":\"BreadcrumbList\",\"@id\":\"https:\/\/dev.tg4.ie\/ga\/eolas\/gradaim\/2009-2\/#breadcrumb\",\"itemListElement\":[{\"@type\":\"ListItem\",\"position\":1,\"name\":\"Home\",\"item\":\"https:\/\/dev.tg4.ie\/ga\/\"},{\"@type\":\"ListItem\",\"position\":2,\"name\":\"Eolas\",\"item\":\"https:\/\/dev.tg4.ie\/ga\/eolas\/\"},{\"@type\":\"ListItem\",\"position\":3,\"name\":\"Gradaim\",\"item\":\"https:\/\/dev.tg4.ie\/ga\/eolas\/gradaim\/\"},{\"@type\":\"ListItem\",\"position\":4,\"name\":\"2009\"}]},{\"@type\":\"WebSite\",\"@id\":\"https:\/\/dev.tg4.ie\/en\/#website\",\"url\":\"https:\/\/dev.tg4.ie\/en\/\",\"name\":\"TG4\",\"description\":\"S\u00fail Eile\",\"potentialAction\":[{\"@type\":\"SearchAction\",\"target\":{\"@type\":\"EntryPoint\",\"urlTemplate\":\"https:\/\/dev.tg4.ie\/en\/?s={search_term_string}\"},\"query-input\":\"required name=search_term_string\"}],\"inLanguage\":\"ga\"}]}<\/script>\n<!-- \/ Yoast SEO plugin. -->","yoast_head_json":{"title":"2009 - TG4","robots":{"index":"index","follow":"follow","max-snippet":"max-snippet:-1","max-image-preview":"max-image-preview:large","max-video-preview":"max-video-preview:-1"},"og_locale":"en_US","og_type":"article","og_title":"2009 - TG4","og_description":"2009 Seisi\u00fan &#8211; TG4 TV Ad. Promax 2009 &#8211; An Duais \u00d3ir Promax 2009 &#8211; An Duais Airgid APMC &#8211; Duais Airgid Cannes Lions &#8211; Gearrliosta. Seacht F\u00e9ile na Me\u00e1n Ceilteach 2009: \u00d3ige is Fearr Ceolchuairt &#8211; Nua Eabhrac F\u00e9ile na Me\u00e1n Ceilteach 2009: Siamsa\u00edocht is Fearr Troid Fhuilteach IFTA 2009: Cl\u00e1r Sp\u00f3irt is Fearr [&hellip;]","og_url":"https:\/\/dev.tg4.ie\/ga\/eolas\/gradaim\/2009-2\/","og_site_name":"TG4","article_publisher":"https:\/\/www.facebook.com\/TG4TV","article_modified_time":"2019-10-22T14:20:26+00:00","og_image":[{"width":1920,"height":1080,"url":"https:\/\/tg4-docs.s3.amazonaws.com\/wp-content\/uploads\/2024\/11\/18151812\/TG4_2024_corcra_teal_1-1920x1080-1.jpg","type":"image\/jpeg"}],"twitter_card":"summary_large_image","twitter_site":"@TG4TV","twitter_misc":{"Est. reading time":"1 minute"},"schema":{"@context":"https:\/\/schema.org","@graph":[{"@type":"WebPage","@id":"https:\/\/dev.tg4.ie\/ga\/eolas\/gradaim\/2009-2\/","url":"https:\/\/dev.tg4.ie\/ga\/eolas\/gradaim\/2009-2\/","name":"2009 - TG4","isPartOf":{"@id":"https:\/\/dev.tg4.ie\/en\/#website"},"datePublished":"2015-08-20T10:34:08+00:00","dateModified":"2019-10-22T14:20:26+00:00","breadcrumb":{"@id":"https:\/\/dev.tg4.ie\/ga\/eolas\/gradaim\/2009-2\/#breadcrumb"},"inLanguage":"ga","potentialAction":[{"@type":"ReadAction","target":["https:\/\/dev.tg4.ie\/ga\/eolas\/gradaim\/2009-2\/"]}]},{"@type":"BreadcrumbList","@id":"https:\/\/dev.tg4.ie\/ga\/eolas\/gradaim\/2009-2\/#breadcrumb","itemListElement":[{"@type":"ListItem","position":1,"name":"Home","item":"https:\/\/dev.tg4.ie\/ga\/"},{"@type":"ListItem","position":2,"name":"Eolas","item":"https:\/\/dev.tg4.ie\/ga\/eolas\/"},{"@type":"ListItem","position":3,"name":"Gradaim","item":"https:\/\/dev.tg4.ie\/ga\/eolas\/gradaim\/"},{"@type":"ListItem","position":4,"name":"2009"}]},{"@type":"WebSite","@id":"https:\/\/dev.tg4.ie\/en\/#website","url":"https:\/\/dev.tg4.ie\/en\/","name":"TG4","description":"S\u00fail Eile","potentialAction":[{"@type":"SearchAction","target":{"@type":"EntryPoint","urlTemplate":"https:\/\/dev.tg4.ie\/en\/?s={search_term_string}"},"query-input":"required name=search_term_string"}],"inLanguage":"ga"}]}},"_links":{"self":[{"href":"https:\/\/dev.tg4.ie\/ga\/wp-json\/wp\/v2\/pages\/1592"}],"collection":[{"href":"https:\/\/dev.tg4.ie\/ga\/wp-json\/wp\/v2\/pages"}],"about":[{"href":"https:\/\/dev.tg4.ie\/ga\/wp-json\/wp\/v2\/types\/page"}],"author":[{"embeddable":true,"href":"https:\/\/dev.tg4.ie\/ga\/wp-json\/wp\/v2\/users\/6"}],"replies":[{"embeddable":true,"href":"https:\/\/dev.tg4.ie\/ga\/wp-json\/wp\/v2\/comments?post=1592"}],"version-history":[{"count":0,"href":"https:\/\/dev.tg4.ie\/ga\/wp-json\/wp\/v2\/pages\/1592\/revisions"}],"up":[{"embeddable":true,"href":"https:\/\/dev.tg4.ie\/ga\/wp-json\/wp\/v2\/pages\/1219"}],"wp:attachment":[{"href":"https:\/\/dev.tg4.ie\/ga\/wp-json\/wp\/v2\/media?parent=1592"}],"curies":[{"name":"wp","href":"https:\/\/api.w.org\/{rel}","templated":true}]}}