{"id":159353,"date":"2022-07-11T10:44:00","date_gmt":"2022-07-11T09:44:00","guid":{"rendered":"https:\/\/dev.tg4.ie\/?page_id=159353"},"modified":"2022-07-11T16:51:23","modified_gmt":"2022-07-11T15:51:23","slug":"sceimeanna-nua-maoinithe","status":"publish","type":"page","link":"https:\/\/dev.tg4.ie\/ga\/eolas\/preas\/nuacht-raitis\/2022-2\/sceimeanna-nua-maoinithe\/","title":{"rendered":"T\u00e1 Raon Sc\u00e9imeanna nua Maoinithe f\u00f3gartha&#8230;"},"content":{"rendered":"<p>T\u00e1 \u00e1thas ar TG4, F\u00eds \u00c9ireann agus Ciste Craolt\u00f3ireachta Gaeilge Sc\u00e1ile\u00e1n Thuaisceart \u00c9ireann a fh\u00f3gairt inniu ag Fleadh Scann\u00e1n na Gaillimhe go bhfuil siad tagtha le ch\u00e9ile chun tac\u00fa le raon cist\u00ed nua forbartha Gaeilge, at\u00e1 d\u00edrithe ar thaca\u00edocht a thabhairt do dhaoine nua cumasacha at\u00e1 ag teacht chun cinn. <\/p>\n<p>T\u00e1 <strong>C\u00e9im Eile<\/strong> d\u00edrithe ar dhr\u00e1ma\u00edocht teilif\u00edse r\u00e9amhscriptithe a fhorbairt, tac\u00f3idh <strong>T\u00fas<\/strong> le gearrscann\u00e1n\u00f3ir\u00ed agus t\u00e1 sc\u00e9im nua fh\u00edorasach gearrscann\u00e1in ar na bac\u00e1in chomh maith.  <\/p>\n<p>I sc\u00e9im ph\u00edol\u00f3tach ar leith, C\u00e9im Eile, cuirfear f\u00e1ilte roimh iarratais lena bhforbairt do dhr\u00e1ma\u00ed r\u00e9amhscriptithe i gcomhair eipeas\u00f3id aonair 30 n\u00f3im\u00e9ad le hinfheist\u00edocht \u20ac420,000 i gceist.  Cuirfear ocht dtionscadal ar ghearrliosta le ciste forbartha de \u20ac15,000 an ceann.  Roghn\u00f3far tr\u00ed thionscadal ansin le dul i mbun l\u00e9iri\u00fach\u00e1in a mbeidh buis\u00e9ad \u20ac100,000 an ceann i gceist. N\u00ed m\u00f3r cainteoir\u00ed l\u00edofa Gaeilge a bheith p\u00e1irteach in aighneachta\u00ed don sc\u00e9im C\u00e9im Eile fad a thaca\u00edtear le h\u00e9ags\u00falacht daoine cumasacha \u00f3 ch\u00falra\u00ed agus pobail \u00e9ags\u00fala. N\u00ed m\u00f3r d\u2019iarratas\u00f3ir\u00ed dul i mbun comhph\u00e1irt\u00edochta le comhlacht l\u00e9iri\u00fach\u00e1in a bhfuil taith\u00ed aige mar chuid den aighneacht chun bheith \u00e1balta an scann\u00e1n a thabhairt chun cr\u00edche i gc\u00e9im forbartha agus i gc\u00e9im l\u00e9iri\u00fach\u00e1in araon.<\/p>\n<p>T\u00e1 tionscnamh r\u00e9amhscriptithe gearrscann\u00e1in, T\u00fas 2022, f\u00f3gartha freisin inniu.  Is \u00e9 aidhm an chomhthionscnaimh \u2018T\u00fas\u2019 n\u00e1 dr\u00e1ma\u00edocht nua Ghaeilge a spreagadh, a choth\u00fa agus a chur chun cinn agus chun tac\u00fa le guthanna \u00e9ags\u00fala cruthaitheacha a bhfuil Gaeilge acu ag t\u00fas a ngairmeacha.  T\u00e1 an sc\u00e9im d\u00edrithe ar ghearrdhr\u00e1ma\u00ed idir 10 agus 12 n\u00f3im\u00e9ad ar fad a fhorbairt.  <\/p>\n<p>Cuirfear deich smaoineamh ar ghearrliosta i dT\u00fas 2022 agus gheobhaidh gach ceann d\u00edobh t\u00e1ille forbartha \u20ac3,000.  D\u00e9anfar tr\u00ed cinn d\u00edobh sin \u00f3n ngearrliosta a l\u00e9iri\u00fa agus buis\u00e9ad \u20ac30,000 an ceann i gceist.  <\/p>\n<p>D\u2019fh\u00f3gair TG4, F\u00eds \u00c9ireann agus Sc\u00e1ile\u00e1n Thuaisceart \u00c9ireann tionscnamh f\u00edorasach gearrscann\u00e1in inniu freisin chun cl\u00e1racha faisn\u00e9ise Gaeilge at\u00e1 cruthaitheach agus uaillmhianach a fhorbairt le haghaidh eisi\u00faint ag f\u00e9ilte, craolach\u00e1in agus ard\u00e1in dhigiteacha.  Tac\u00f3idh an ciste le 8 dtionscadal faisn\u00e9ise (tuairim is 10\u2019 an ceann) agus tuairim is 6 x cl\u00e1r faisn\u00e9ise at\u00e1 25 n\u00f3im\u00e9ad ar fad a fhorbairt le maoini\u00fa a chur ar f\u00e1il chun 3 x 10\u2019 gearrscann\u00e1n agus 3 x 25\u2019 cl\u00e1r faisn\u00e9ise teilif\u00edse a l\u00e9iri\u00fa. T\u00e1 infheist\u00edocht ioml\u00e1n \u20ac187,000 ar f\u00e1il don sc\u00e9im. <\/p>\n<p>D\u00fairt <strong>Mary Ellen N\u00ed Chual\u00e1in, Bainisteoir Coimisi\u00fanaithe TG4<\/strong>: \u201c<em>T\u00e1 TG4 tiomanta do thac\u00fa le daoine cumasacha cruthaitheacha as \u00c9irinn chun sc\u00e9alta sp\u00e9isi\u00fala agus comhaimseartha Gaeilge a l\u00e9iri\u00fa.  T\u00e1 muid ag iarraidh n\u00edos m\u00f3 \u00e1bhair Ghaeilge a fheice\u00e1il ar an sc\u00e1ile\u00e1n ag f\u00e9ilte agus ag eisi\u00faint\u00ed amharclainne, chomh maith leis an \u00e1bhar sin a bheith ar f\u00e1il ar TG4 agus ar Sheinnteoir TG4 ar fud an domhain.    Is deis \u00e9 seo chun tac\u00fa le tionscadail nua chruthaitheacha agus iad a fhorbairt.<\/em>\u201d<\/p>\n<p>D\u00fairt <strong>Andrew Byrne, Teilif\u00eds, F\u00eds \u00c9ireann<\/strong> \u201c<em>I ndiaidh d\u00fainn infheist\u00edocht a dh\u00e9anamh i bhforbairt sraitheanna teilif\u00edse Gaeilge anuraidh, t\u00e1 r\u00edm\u00e9ad orainn tac\u00fa tuilleadh le guthanna Gaeilge nua at\u00e1 ag teacht chun cinn agus le h\u00e9ags\u00falacht daoine cumasacha. Leis na tionscnaimh nua sin, beifear \u00e1balta raon deiseanna a bhaint amach agus beifear \u00e1balta dul i gcion ar an lucht f\u00e9achana ar fad le sc\u00e9alta bar\u00e1nt\u00fala, uaillmhianacha agus comhaimseartha. Is l\u00e9iri\u00fa freisin \u00e9 an infheist\u00edocht i ngearrscann\u00e1in faisn\u00e9ise Ghaeilge ar uaillmhian F\u00eds \u00c9ireann sa se\u00e1nra seo, a thugann \u00e1r mbeartas n\u00edos leithne le fios ar\u00eds, is \u00e9 sin infheist\u00edocht a dh\u00e9anamh i ndeiseanna \u00e9ags\u00fala seanchais a th\u00e9ann i gcion ar lucht sp\u00e9ise \u00e1iti\u00fail agus idirn\u00e1isi\u00fanta thar gach ard\u00e1n<\/em>\u201d.<\/p>\n<p>D\u00fairt <strong>\u00c1ine Walsh, Ceann ILBF, Sc\u00e1ile\u00e1n Thuaisceart \u00c9ireann<\/strong>, \u201c<em>Ba chuid l\u00e1rnach riamh de Chiste Craolt\u00f3ireachta na Gaeilge \u00e9 scileanna a fhorbairt san earn\u00e1il l\u00e9iri\u00fach\u00e1in Ghaeilge agus t\u00e1 an-\u00e1thas orainn i gcomhph\u00e1irt le TG4 agus le Fis \u00c9ireann an tionscnamh seo a thabharfaidh deis do thalann nua forbairt agus l\u00e9iri\u00fa a dh\u00e9anamh ar dhr\u00e1ma\u00ed agus cl\u00e1ir faisn\u00e9ise. T\u00e1 sceitim\u00edn\u00ed orainn a fheice\u00e1il cad iad na sc\u00e9alta agus tallann nua iontach a \u00e9ireoidh as an gcomhph\u00e1irt\u00edocht seo.<\/em>\u201d<\/p>\n<p>Tagann na sc\u00e9imeanna nua seo sna s\u00e1la ar an rath ollmh\u00f3r a bh\u00ed ag Cine4,  sc\u00e9im fadscann\u00e1in TG4, F\u00eds \u00c9ireann agus an BAI, agus an sc\u00e9im Forbartha Dr\u00e1ma\u00edochta Teilif\u00edse ina bhfuil c\u00faig thionscadal dr\u00e1ma\u00edochta teilif\u00edse comhaimseartha roghnaithe le go nd\u00e9anfar forbairt orthu. <\/p>\n<p>T\u00e1 tuilleadh sonra\u00ed ar f\u00e1il ag: <a href=\"https:\/\/dev.tg4.ie\/coimisiuin\/\">tg4.ie\/ga\/coimisiuin\/<\/a><\/p>\n<p>D\u2019fh\u00f3gair TG4, Ard\u00e1n agus Cathair Scann\u00e1na\u00edochta na Gaillimhe freisin inniu an ch\u00e9ad ghearrscann\u00e1n faisn\u00e9ise TG4 \/ Ard\u00e1n \/ Gradaim Mhaoinithe Gearrscann\u00e1n.<br \/>\nBronnfar maoini\u00fa ar dh\u00e1 fhoireann chun Gearrscann\u00e1n Faisn\u00e9ise Gaeilge a l\u00e9iri\u00fa agus a chur ar f\u00e1il. Is f\u00e9idir le foirne scann\u00e1na\u00edochta \u00f3 Chathair agus Contae na Gaillimhe agus\/n\u00f3 scann\u00e1in at\u00e1 l\u00e9irithe i gCathair agus Contae na Gaillimhe iarratas a dh\u00e9anamh ar an ngradam.<\/p>\n<p>T\u00e1 an spar\u00e1nacht Ghaeilge d\u00edrithe ar scann\u00e1n\u00f3ir\u00ed at\u00e1 ag teacht chun cinn \/ scann\u00e1n\u00f3ir\u00ed idirmhe\u00e1nacha, a bhfuil n\u00edos m\u00f3 n\u00e1 dh\u00e1 chl\u00e1r faisn\u00e9ise curtha ar f\u00e1il acu go dt\u00ed seo. Tabharfar spar\u00e1nacht \u20ac15,000 d\u2019iarratas\u00f3ir\u00ed ar \u00e9irigh leo chun cuidi\u00fa leo gearrchl\u00e1r faisn\u00e9ise idir 10 agus 19 n\u00f3im\u00e9ad ar fad a dh\u00e9anamh.<br \/>\nIs f\u00e9idir tuilleadh sonra\u00ed a fh\u00e1il anseo: <a href=\"https:\/\/dev.tg4.ie\/coimisiuin\/\">tg4.ie\/ga\/coimisiuin\/<\/a><\/p>\n<p>Is \u00e9ard a d\u00fairt <strong>Alan Duggan, Pr\u00edomhoifigeach Feidhmi\u00fach\u00e1in Ard\u00e1n<\/strong>, \u201c<em>T\u00e1 muid f\u00edorbhu\u00edoch an sc\u00e9im, Ceantar Scann\u00e1n, seo a bhun\u00fa le TG4 i mbliana. Tugann ceapadh Cheantar Scann\u00e1n UNESCO do Chathair agus Contae na Gaillimhe aitheantas d\u2019oidhreacht fhada an cheantair i dtaobh c\u00farsa\u00ed scann\u00e1na\u00edochta agus l\u00e9iri\u00fach\u00e1in teilif\u00edse agus t\u00e1 r\u00edm\u00e9ad orainn lean\u00faint leis an traidisi\u00fan iontach seo i nGaeilge le spar\u00e1nacht gearrscann\u00e1in faisn\u00e9ise Ard\u00e1n \/ TG4 na bliana seo.<\/em>\u201d<\/p>\n","protected":false},"excerpt":{"rendered":"<p>T\u00e1 \u00e1thas ar TG4, F\u00eds \u00c9ireann agus Ciste Craolt\u00f3ireachta Gaeilge Sc\u00e1ile\u00e1n Thuaisceart \u00c9ireann a fh\u00f3gairt inniu ag Fleadh Scann\u00e1n na Gaillimhe go bhfuil siad tagtha le ch\u00e9ile chun tac\u00fa le raon cist\u00ed nua forbartha Gaeilge, at\u00e1 d\u00edrithe ar thaca\u00edocht a thabhairt do dhaoine nua cumasacha at\u00e1 ag teacht chun cinn. T\u00e1 C\u00e9im Eile d\u00edrithe ar [&hellip;]<\/p>\n","protected":false},"author":4,"featured_media":0,"parent":138171,"menu_order":21,"comment_status":"closed","ping_status":"closed","template":"page-templates\/template-pr.php","meta":{"_acf_changed":false,"footnotes":""},"acf":[],"yoast_head":"<!-- This site is optimized with the Yoast SEO plugin v22.6 - https:\/\/yoast.com\/wordpress\/plugins\/seo\/ -->\n<title>T\u00e1 Raon Sc\u00e9imeanna nua Maoinithe f\u00f3gartha ag TG4 i gcomhar le F\u00eds \u00c9ireann agus Sc\u00e1ile\u00e1n Thuaisceart \u00c9ireann chun infheisti\u00fa i nDaoine Cumasacha ar an Sc\u00e1ile\u00e1in<\/title>\n<meta name=\"description\" content=\"T\u00e1 \u00e1thas ar TG4, F\u00eds \u00c9ireann agus Ciste Craolt\u00f3ireachta Gaeilge Sc\u00e1ile\u00e1n Thuaisceart \u00c9ireann a fh\u00f3gairt inniu ag Fleadh Scann\u00e1n na Gaillimhe go bhfuil siad tagtha le ch\u00e9ile chun tac\u00fa le raon cist\u00ed nua forbartha Gaeilge, at\u00e1 d\u00edrithe ar thaca\u00edocht a thabhairt do dhaoine nua cumasacha at\u00e1 ag teacht chun cinn.\" \/>\n<meta name=\"robots\" content=\"index, follow, max-snippet:-1, max-image-preview:large, max-video-preview:-1\" \/>\n<meta property=\"og:locale\" content=\"en_US\" \/>\n<meta property=\"og:type\" content=\"article\" \/>\n<meta property=\"og:title\" content=\"T\u00e1 Raon Sc\u00e9imeanna nua Maoinithe f\u00f3gartha ag TG4 i gcomhar le F\u00eds \u00c9ireann agus Sc\u00e1ile\u00e1n Thuaisceart \u00c9ireann chun infheisti\u00fa i nDaoine Cumasacha ar an Sc\u00e1ile\u00e1in\" \/>\n<meta property=\"og:description\" content=\"T\u00e1 \u00e1thas ar TG4, F\u00eds \u00c9ireann agus Ciste Craolt\u00f3ireachta Gaeilge Sc\u00e1ile\u00e1n Thuaisceart \u00c9ireann a fh\u00f3gairt inniu ag Fleadh Scann\u00e1n na Gaillimhe go bhfuil siad tagtha le ch\u00e9ile chun tac\u00fa le raon cist\u00ed nua forbartha Gaeilge, at\u00e1 d\u00edrithe ar thaca\u00edocht a thabhairt do dhaoine nua cumasacha at\u00e1 ag teacht chun cinn.\" \/>\n<meta property=\"og:url\" content=\"https:\/\/dev.tg4.ie\/ga\/eolas\/preas\/nuacht-raitis\/2022-2\/sceimeanna-nua-maoinithe\/\" \/>\n<meta property=\"og:site_name\" content=\"TG4\" \/>\n<meta property=\"article:publisher\" content=\"https:\/\/www.facebook.com\/TG4TV\" \/>\n<meta property=\"article:modified_time\" content=\"2022-07-11T15:51:23+00:00\" \/>\n<meta property=\"og:image\" content=\"https:\/\/tg4-docs.s3.amazonaws.com\/wp-content\/uploads\/2024\/11\/18151812\/TG4_2024_corcra_teal_1-1920x1080-1.jpg\" \/>\n\t<meta property=\"og:image:width\" content=\"1920\" \/>\n\t<meta property=\"og:image:height\" content=\"1080\" \/>\n\t<meta property=\"og:image:type\" content=\"image\/jpeg\" \/>\n<meta name=\"twitter:card\" content=\"summary_large_image\" \/>\n<meta name=\"twitter:site\" content=\"@TG4TV\" \/>\n<meta name=\"twitter:label1\" content=\"Est. reading time\" \/>\n\t<meta name=\"twitter:data1\" content=\"8 minutes\" \/>\n<script type=\"application\/ld+json\" class=\"yoast-schema-graph\">{\"@context\":\"https:\/\/schema.org\",\"@graph\":[{\"@type\":\"WebPage\",\"@id\":\"https:\/\/dev.tg4.ie\/ga\/eolas\/preas\/nuacht-raitis\/2022-2\/sceimeanna-nua-maoinithe\/\",\"url\":\"https:\/\/dev.tg4.ie\/ga\/eolas\/preas\/nuacht-raitis\/2022-2\/sceimeanna-nua-maoinithe\/\",\"name\":\"T\u00e1 Raon Sc\u00e9imeanna nua Maoinithe f\u00f3gartha ag TG4 i gcomhar le F\u00eds \u00c9ireann agus Sc\u00e1ile\u00e1n Thuaisceart \u00c9ireann chun infheisti\u00fa i nDaoine Cumasacha ar an Sc\u00e1ile\u00e1in\",\"isPartOf\":{\"@id\":\"https:\/\/dev.tg4.ie\/en\/#website\"},\"datePublished\":\"2022-07-11T09:44:00+00:00\",\"dateModified\":\"2022-07-11T15:51:23+00:00\",\"description\":\"T\u00e1 \u00e1thas ar TG4, F\u00eds \u00c9ireann agus Ciste Craolt\u00f3ireachta Gaeilge Sc\u00e1ile\u00e1n Thuaisceart \u00c9ireann a fh\u00f3gairt inniu ag Fleadh Scann\u00e1n na Gaillimhe go bhfuil siad tagtha le ch\u00e9ile chun tac\u00fa le raon cist\u00ed nua forbartha Gaeilge, at\u00e1 d\u00edrithe ar thaca\u00edocht a thabhairt do dhaoine nua cumasacha at\u00e1 ag teacht chun cinn.\",\"breadcrumb\":{\"@id\":\"https:\/\/dev.tg4.ie\/ga\/eolas\/preas\/nuacht-raitis\/2022-2\/sceimeanna-nua-maoinithe\/#breadcrumb\"},\"inLanguage\":\"ga\",\"potentialAction\":[{\"@type\":\"ReadAction\",\"target\":[\"https:\/\/dev.tg4.ie\/ga\/eolas\/preas\/nuacht-raitis\/2022-2\/sceimeanna-nua-maoinithe\/\"]}]},{\"@type\":\"BreadcrumbList\",\"@id\":\"https:\/\/dev.tg4.ie\/ga\/eolas\/preas\/nuacht-raitis\/2022-2\/sceimeanna-nua-maoinithe\/#breadcrumb\",\"itemListElement\":[{\"@type\":\"ListItem\",\"position\":1,\"name\":\"Home\",\"item\":\"https:\/\/dev.tg4.ie\/ga\/\"},{\"@type\":\"ListItem\",\"position\":2,\"name\":\"Eolas\",\"item\":\"https:\/\/dev.tg4.ie\/ga\/eolas\/\"},{\"@type\":\"ListItem\",\"position\":3,\"name\":\"Preas\",\"item\":\"https:\/\/dev.tg4.ie\/ga\/eolas\/preas\/\"},{\"@type\":\"ListItem\",\"position\":4,\"name\":\"Nuacht R\u00e1itis\",\"item\":\"https:\/\/dev.tg4.ie\/ga\/eolas\/preas\/nuacht-raitis\/\"},{\"@type\":\"ListItem\",\"position\":5,\"name\":\"2022\",\"item\":\"https:\/\/dev.tg4.ie\/ga\/eolas\/preas\/nuacht-raitis\/2022-2\/\"},{\"@type\":\"ListItem\",\"position\":6,\"name\":\"T\u00e1 Raon Sc\u00e9imeanna nua Maoinithe f\u00f3gartha&#8230;\"}]},{\"@type\":\"WebSite\",\"@id\":\"https:\/\/dev.tg4.ie\/en\/#website\",\"url\":\"https:\/\/dev.tg4.ie\/en\/\",\"name\":\"TG4\",\"description\":\"S\u00fail Eile\",\"potentialAction\":[{\"@type\":\"SearchAction\",\"target\":{\"@type\":\"EntryPoint\",\"urlTemplate\":\"https:\/\/dev.tg4.ie\/en\/?s={search_term_string}\"},\"query-input\":\"required name=search_term_string\"}],\"inLanguage\":\"ga\"}]}<\/script>\n<!-- \/ Yoast SEO plugin. -->","yoast_head_json":{"title":"T\u00e1 Raon Sc\u00e9imeanna nua Maoinithe f\u00f3gartha ag TG4 i gcomhar le F\u00eds \u00c9ireann agus Sc\u00e1ile\u00e1n Thuaisceart \u00c9ireann chun infheisti\u00fa i nDaoine Cumasacha ar an Sc\u00e1ile\u00e1in","description":"T\u00e1 \u00e1thas ar TG4, F\u00eds \u00c9ireann agus Ciste Craolt\u00f3ireachta Gaeilge Sc\u00e1ile\u00e1n Thuaisceart \u00c9ireann a fh\u00f3gairt inniu ag Fleadh Scann\u00e1n na Gaillimhe go bhfuil siad tagtha le ch\u00e9ile chun tac\u00fa le raon cist\u00ed nua forbartha Gaeilge, at\u00e1 d\u00edrithe ar thaca\u00edocht a thabhairt do dhaoine nua cumasacha at\u00e1 ag teacht chun cinn.","robots":{"index":"index","follow":"follow","max-snippet":"max-snippet:-1","max-image-preview":"max-image-preview:large","max-video-preview":"max-video-preview:-1"},"og_locale":"en_US","og_type":"article","og_title":"T\u00e1 Raon Sc\u00e9imeanna nua Maoinithe f\u00f3gartha ag TG4 i gcomhar le F\u00eds \u00c9ireann agus Sc\u00e1ile\u00e1n Thuaisceart \u00c9ireann chun infheisti\u00fa i nDaoine Cumasacha ar an Sc\u00e1ile\u00e1in","og_description":"T\u00e1 \u00e1thas ar TG4, F\u00eds \u00c9ireann agus Ciste Craolt\u00f3ireachta Gaeilge Sc\u00e1ile\u00e1n Thuaisceart \u00c9ireann a fh\u00f3gairt inniu ag Fleadh Scann\u00e1n na Gaillimhe go bhfuil siad tagtha le ch\u00e9ile chun tac\u00fa le raon cist\u00ed nua forbartha Gaeilge, at\u00e1 d\u00edrithe ar thaca\u00edocht a thabhairt do dhaoine nua cumasacha at\u00e1 ag teacht chun cinn.","og_url":"https:\/\/dev.tg4.ie\/ga\/eolas\/preas\/nuacht-raitis\/2022-2\/sceimeanna-nua-maoinithe\/","og_site_name":"TG4","article_publisher":"https:\/\/www.facebook.com\/TG4TV","article_modified_time":"2022-07-11T15:51:23+00:00","og_image":[{"width":1920,"height":1080,"url":"https:\/\/tg4-docs.s3.amazonaws.com\/wp-content\/uploads\/2024\/11\/18151812\/TG4_2024_corcra_teal_1-1920x1080-1.jpg","type":"image\/jpeg"}],"twitter_card":"summary_large_image","twitter_site":"@TG4TV","twitter_misc":{"Est. reading time":"8 minutes"},"schema":{"@context":"https:\/\/schema.org","@graph":[{"@type":"WebPage","@id":"https:\/\/dev.tg4.ie\/ga\/eolas\/preas\/nuacht-raitis\/2022-2\/sceimeanna-nua-maoinithe\/","url":"https:\/\/dev.tg4.ie\/ga\/eolas\/preas\/nuacht-raitis\/2022-2\/sceimeanna-nua-maoinithe\/","name":"T\u00e1 Raon Sc\u00e9imeanna nua Maoinithe f\u00f3gartha ag TG4 i gcomhar le F\u00eds \u00c9ireann agus Sc\u00e1ile\u00e1n Thuaisceart \u00c9ireann chun infheisti\u00fa i nDaoine Cumasacha ar an Sc\u00e1ile\u00e1in","isPartOf":{"@id":"https:\/\/dev.tg4.ie\/en\/#website"},"datePublished":"2022-07-11T09:44:00+00:00","dateModified":"2022-07-11T15:51:23+00:00","description":"T\u00e1 \u00e1thas ar TG4, F\u00eds \u00c9ireann agus Ciste Craolt\u00f3ireachta Gaeilge Sc\u00e1ile\u00e1n Thuaisceart \u00c9ireann a fh\u00f3gairt inniu ag Fleadh Scann\u00e1n na Gaillimhe go bhfuil siad tagtha le ch\u00e9ile chun tac\u00fa le raon cist\u00ed nua forbartha Gaeilge, at\u00e1 d\u00edrithe ar thaca\u00edocht a thabhairt do dhaoine nua cumasacha at\u00e1 ag teacht chun cinn.","breadcrumb":{"@id":"https:\/\/dev.tg4.ie\/ga\/eolas\/preas\/nuacht-raitis\/2022-2\/sceimeanna-nua-maoinithe\/#breadcrumb"},"inLanguage":"ga","potentialAction":[{"@type":"ReadAction","target":["https:\/\/dev.tg4.ie\/ga\/eolas\/preas\/nuacht-raitis\/2022-2\/sceimeanna-nua-maoinithe\/"]}]},{"@type":"BreadcrumbList","@id":"https:\/\/dev.tg4.ie\/ga\/eolas\/preas\/nuacht-raitis\/2022-2\/sceimeanna-nua-maoinithe\/#breadcrumb","itemListElement":[{"@type":"ListItem","position":1,"name":"Home","item":"https:\/\/dev.tg4.ie\/ga\/"},{"@type":"ListItem","position":2,"name":"Eolas","item":"https:\/\/dev.tg4.ie\/ga\/eolas\/"},{"@type":"ListItem","position":3,"name":"Preas","item":"https:\/\/dev.tg4.ie\/ga\/eolas\/preas\/"},{"@type":"ListItem","position":4,"name":"Nuacht R\u00e1itis","item":"https:\/\/dev.tg4.ie\/ga\/eolas\/preas\/nuacht-raitis\/"},{"@type":"ListItem","position":5,"name":"2022","item":"https:\/\/dev.tg4.ie\/ga\/eolas\/preas\/nuacht-raitis\/2022-2\/"},{"@type":"ListItem","position":6,"name":"T\u00e1 Raon Sc\u00e9imeanna nua Maoinithe f\u00f3gartha&#8230;"}]},{"@type":"WebSite","@id":"https:\/\/dev.tg4.ie\/en\/#website","url":"https:\/\/dev.tg4.ie\/en\/","name":"TG4","description":"S\u00fail Eile","potentialAction":[{"@type":"SearchAction","target":{"@type":"EntryPoint","urlTemplate":"https:\/\/dev.tg4.ie\/en\/?s={search_term_string}"},"query-input":"required name=search_term_string"}],"inLanguage":"ga"}]}},"_links":{"self":[{"href":"https:\/\/dev.tg4.ie\/ga\/wp-json\/wp\/v2\/pages\/159353"}],"collection":[{"href":"https:\/\/dev.tg4.ie\/ga\/wp-json\/wp\/v2\/pages"}],"about":[{"href":"https:\/\/dev.tg4.ie\/ga\/wp-json\/wp\/v2\/types\/page"}],"author":[{"embeddable":true,"href":"https:\/\/dev.tg4.ie\/ga\/wp-json\/wp\/v2\/users\/4"}],"replies":[{"embeddable":true,"href":"https:\/\/dev.tg4.ie\/ga\/wp-json\/wp\/v2\/comments?post=159353"}],"version-history":[{"count":0,"href":"https:\/\/dev.tg4.ie\/ga\/wp-json\/wp\/v2\/pages\/159353\/revisions"}],"up":[{"embeddable":true,"href":"https:\/\/dev.tg4.ie\/ga\/wp-json\/wp\/v2\/pages\/138171"}],"wp:attachment":[{"href":"https:\/\/dev.tg4.ie\/ga\/wp-json\/wp\/v2\/media?parent=159353"}],"curies":[{"name":"wp","href":"https:\/\/api.w.org\/{rel}","templated":true}]}}