{"id":1597,"date":"2015-08-20T11:51:07","date_gmt":"2015-08-20T10:51:07","guid":{"rendered":"https:\/\/dev.tg4.ie\/corporate\/awards\/2008-2\/"},"modified":"2019-10-22T15:19:22","modified_gmt":"2019-10-22T14:19:22","slug":"2008-2","status":"publish","type":"page","link":"https:\/\/dev.tg4.ie\/ga\/eolas\/gradaim\/2008-2\/","title":{"rendered":"2008"},"content":{"rendered":"<h1>2008<\/h1>\n<p><strong>Skunk Fu!<\/strong><br \/>\nAnam\u00falacht is Fearr: Ainmni\u00fach\u00e1n BAFTA 2008<\/p>\n<p><strong>F\u00f3gra teilif\u00edse an chain\u00e9il &#8211; Seisi\u00fan<\/strong><br \/>\nDuais Chr\u00e9-umha<br \/>\nEPICA 2008<br \/>\nICAD 2008<\/p>\n<p><strong>F\u00f3gra &#8211; Mobs Mheirice\u00e1<\/strong><br \/>\nDuais Airgid<br \/>\nICAD 2008<\/p>\n<p><strong>F\u00f3gra Raidio &#8211; Seacht<\/strong><br \/>\nDuais Cr\u00e9-umha<br \/>\nICAD 2008<\/p>\n<p><strong>Blais\u00edn Aitheantais &#8211; Aingeal ag Inneall N\u00edoch\u00e1in<\/strong><br \/>\nDuais Cr\u00e9-umha<br \/>\nICAD 2008<\/p>\n<p><strong>F\u00e9ileac\u00e1n<\/strong><br \/>\nGearrscann\u00e1n \u00c9ireannach is Fearr<br \/>\nF\u00e9ile Scann\u00e1n Chorca\u00ed 2008<\/p>\n<p><strong>Foireann Codladh<\/strong><br \/>\nGradam Ghael Linn (Gearrscann\u00e1n Gaeilge is Fearr)<br \/>\n&amp; Moladh Speisialta \u00f3n nGi\u00fair\u00e9<br \/>\nF\u00e9ile Scann\u00e1n Chorca\u00ed 2008<\/p>\n<p><strong>Fear na nOile\u00e1n<\/strong><br \/>\nDuais an Phobail<br \/>\nF\u00e9ile Idirn\u00e1isi\u00fanta Oile\u00e1nda Scann\u00e1n 2008<br \/>\n(Isle de Groix, An Bhriot\u00e1in)<\/p>\n<p><strong>Kings<\/strong><br \/>\nScannan Eachtrach is Fearr<br \/>\nF\u00e9ile Scann\u00e1n Westchester 2008<\/p>\n<p>Spiorad na F\u00e9ile<br \/>\nF\u00e9ile na Me\u00e1n Ceilteach 2008<\/p>\n<p>Gradam Gaeilge, IFTA 2008<br \/>\nEagarth\u00f3ireacht, IFTA 2008<br \/>\nFuaim, IFTA 2008<br \/>\nCeol, IFTA 2008<\/p>\n<p><strong>Peil na mBan<\/strong><br \/>\nDuais \u00d3ir &#8211; F\u00f3gra<br \/>\nPromax Europe 2008<\/p>\n<p><strong>Ros na R\u00fan\/Cold Case<\/strong><br \/>\nDuais \u00d3ir &#8211; F\u00f3gra Teilif\u00edse<br \/>\nPromax Europe 2008<\/p>\n<p>Duais Airgid &#8211; Best Film Promo<br \/>\nSharks International Awards 2008<\/p>\n<p><strong>Peil na mBan<\/strong><br \/>\nDuais \u00d3ir &#8211; Prionda<br \/>\nSharks International Awards 2008<\/p>\n<p><strong>Seacht<\/strong><br \/>\nDuais Airgid &#8211; Raidio<br \/>\nSharks International Awards 2008<\/p>\n<p>Duais Greenhorne<br \/>\nRadio Advertising Awards 2008<\/p>\n<p><strong>P\u00e1draic \u00d3 Conaire &#8211; An Fear<\/strong><br \/>\nGn\u00e9chl\u00e1r Faisn\u00e9ise<br \/>\nF\u00e9ile na Me\u00e1n Ceilteach 2008<\/p>\n<p><strong>Imeacht na nIarla\u00ed &#8211; Paul Larkin<\/strong><br \/>\nSti\u00farth\u00f3ir is Fearr ar Chl\u00e1r Idirn\u00e1isi\u00fanta Faisn\u00e9ise<br \/>\nF\u00e9ile Neamhsple\u00e1ch Scann\u00e1n agus F\u00edse\u00e1n Nua Eabhrac 2008<\/p>\n<p><strong>Troid Fhuilteach &amp; Se\u00e1n Mac a\u2019 tS\u00edthigh<\/strong><br \/>\nMoladh Speisialta an Ghi\u00fair\u00e9<br \/>\nPrix Circom Regional 2008<\/p>\n<p><strong>S\u00edle N\u00ed Bhraon\u00e1in<\/strong><br \/>\nPearsa Teilif\u00edse na Bliana<br \/>\nGradaim Chumars\u00e1ide Oireachtais 2008<\/p>\n<p><strong>Macdara \u00d3 F\u00e1tharta<\/strong><br \/>\nAisteoir na Bliana<br \/>\nGradaim Chumars\u00e1ide Oireachtais 2008<\/p>\n<p><strong>Cr\u00e9 na Cille<\/strong><br \/>\nCl\u00e1r Teilif\u00edse na Bliana<br \/>\nGradaim Chumars\u00e1ide Oireachtais 2008<\/p>\n<p><strong>Aifric<\/strong><br \/>\nMoladh Speisialta &#8211; Prix Circom Regional 2008<\/p>\n<p>P\u00e1ist\u00ed\/\u00d3ige &#8211; IFTA 2008<\/p>\n<p><em>Aifric &#8211; Gafa le Mata<\/em><br \/>\nP\u00e1ist\u00ed &#8211; F\u00e9ile na Me\u00e1n Ceilteach 2008<\/p>\n<p><strong>Brendan Conroy (Kings)<\/strong><br \/>\nAisteoir C\u00fanta is Fearr<br \/>\nIFTA 2008<\/p>\n<p><strong>The Running Mate<\/strong><br \/>\nDr\u00e1ma Teilif\u00edse is Fearr<br \/>\nIFTA 2008<\/p>\n<p><strong>Skunk Fu!<\/strong><br \/>\nAnam\u00falacht is Fearr<br \/>\nIFTA 2008<br \/>\nAnam\u00falacht is Fearr &#8211; Ainmni\u00fach\u00e1n<br \/>\nBAFTA 2008<\/p>\n<p><strong>Rolla Saor<\/strong><br \/>\nDuais an Lucht F\u00e9achana (Prix du Public) F\u00e9ile Ghearrscann\u00e1n Lyon-Villeurbanne 2008.<br \/>\nDuais an Lucht F\u00e9achana, F\u00e9ile Scann\u00e1n Santiago de Compostela 2008.<\/p>\n","protected":false},"excerpt":{"rendered":"<p>2008 Skunk Fu! Anam\u00falacht is Fearr: Ainmni\u00fach\u00e1n BAFTA 2008 F\u00f3gra teilif\u00edse an chain\u00e9il &#8211; Seisi\u00fan Duais Chr\u00e9-umha EPICA 2008 ICAD 2008 F\u00f3gra &#8211; Mobs Mheirice\u00e1 Duais Airgid ICAD 2008 F\u00f3gra Raidio &#8211; Seacht Duais Cr\u00e9-umha ICAD 2008 Blais\u00edn Aitheantais &#8211; Aingeal ag Inneall N\u00edoch\u00e1in Duais Cr\u00e9-umha ICAD 2008 F\u00e9ileac\u00e1n Gearrscann\u00e1n \u00c9ireannach is Fearr F\u00e9ile Scann\u00e1n [&hellip;]<\/p>\n","protected":false},"author":6,"featured_media":6948,"parent":1219,"menu_order":11,"comment_status":"closed","ping_status":"closed","template":"page-templates\/template-corporate.php","meta":{"_acf_changed":false,"footnotes":""},"acf":[],"yoast_head":"<!-- This site is optimized with the Yoast SEO plugin v22.6 - https:\/\/yoast.com\/wordpress\/plugins\/seo\/ -->\n<title>2008 - TG4<\/title>\n<meta name=\"robots\" content=\"index, follow, max-snippet:-1, max-image-preview:large, max-video-preview:-1\" \/>\n<meta property=\"og:locale\" content=\"en_US\" \/>\n<meta property=\"og:type\" content=\"article\" \/>\n<meta property=\"og:title\" content=\"2008 - TG4\" \/>\n<meta property=\"og:description\" content=\"2008 Skunk Fu! Anam\u00falacht is Fearr: Ainmni\u00fach\u00e1n BAFTA 2008 F\u00f3gra teilif\u00edse an chain\u00e9il &#8211; Seisi\u00fan Duais Chr\u00e9-umha EPICA 2008 ICAD 2008 F\u00f3gra &#8211; Mobs Mheirice\u00e1 Duais Airgid ICAD 2008 F\u00f3gra Raidio &#8211; Seacht Duais Cr\u00e9-umha ICAD 2008 Blais\u00edn Aitheantais &#8211; Aingeal ag Inneall N\u00edoch\u00e1in Duais Cr\u00e9-umha ICAD 2008 F\u00e9ileac\u00e1n Gearrscann\u00e1n \u00c9ireannach is Fearr F\u00e9ile Scann\u00e1n [&hellip;]\" \/>\n<meta property=\"og:url\" content=\"https:\/\/dev.tg4.ie\/ga\/eolas\/gradaim\/2008-2\/\" \/>\n<meta property=\"og:site_name\" content=\"TG4\" \/>\n<meta property=\"article:publisher\" content=\"https:\/\/www.facebook.com\/TG4TV\" \/>\n<meta property=\"article:modified_time\" content=\"2019-10-22T14:19:22+00:00\" \/>\n<meta property=\"og:image\" content=\"https:\/\/tg4-docs.s3.amazonaws.com\/tg4-redesign-2015\/wp-content\/uploads\/2015\/08\/kings-1.jpg\" \/>\n\t<meta property=\"og:image:width\" content=\"1920\" \/>\n\t<meta property=\"og:image:height\" content=\"1080\" \/>\n\t<meta property=\"og:image:type\" content=\"image\/jpeg\" \/>\n<meta name=\"twitter:card\" content=\"summary_large_image\" \/>\n<meta name=\"twitter:site\" content=\"@TG4TV\" \/>\n<meta name=\"twitter:label1\" content=\"Est. reading time\" \/>\n\t<meta name=\"twitter:data1\" content=\"2 minutes\" \/>\n<script type=\"application\/ld+json\" class=\"yoast-schema-graph\">{\"@context\":\"https:\/\/schema.org\",\"@graph\":[{\"@type\":\"WebPage\",\"@id\":\"https:\/\/dev.tg4.ie\/ga\/eolas\/gradaim\/2008-2\/\",\"url\":\"https:\/\/dev.tg4.ie\/ga\/eolas\/gradaim\/2008-2\/\",\"name\":\"2008 - TG4\",\"isPartOf\":{\"@id\":\"https:\/\/dev.tg4.ie\/en\/#website\"},\"primaryImageOfPage\":{\"@id\":\"https:\/\/dev.tg4.ie\/ga\/eolas\/gradaim\/2008-2\/#primaryimage\"},\"image\":{\"@id\":\"https:\/\/dev.tg4.ie\/ga\/eolas\/gradaim\/2008-2\/#primaryimage\"},\"thumbnailUrl\":\"https:\/\/tg4-docs.s3.amazonaws.com\/tg4-redesign-2015\/wp-content\/uploads\/2015\/08\/kings-1.jpg\",\"datePublished\":\"2015-08-20T10:51:07+00:00\",\"dateModified\":\"2019-10-22T14:19:22+00:00\",\"breadcrumb\":{\"@id\":\"https:\/\/dev.tg4.ie\/ga\/eolas\/gradaim\/2008-2\/#breadcrumb\"},\"inLanguage\":\"ga\",\"potentialAction\":[{\"@type\":\"ReadAction\",\"target\":[\"https:\/\/dev.tg4.ie\/ga\/eolas\/gradaim\/2008-2\/\"]}]},{\"@type\":\"ImageObject\",\"inLanguage\":\"ga\",\"@id\":\"https:\/\/dev.tg4.ie\/ga\/eolas\/gradaim\/2008-2\/#primaryimage\",\"url\":\"https:\/\/tg4-docs.s3.amazonaws.com\/tg4-redesign-2015\/wp-content\/uploads\/2015\/08\/kings-1.jpg\",\"contentUrl\":\"https:\/\/tg4-docs.s3.amazonaws.com\/tg4-redesign-2015\/wp-content\/uploads\/2015\/08\/kings-1.jpg\",\"width\":1920,\"height\":1080,\"caption\":\"Kings\"},{\"@type\":\"BreadcrumbList\",\"@id\":\"https:\/\/dev.tg4.ie\/ga\/eolas\/gradaim\/2008-2\/#breadcrumb\",\"itemListElement\":[{\"@type\":\"ListItem\",\"position\":1,\"name\":\"Home\",\"item\":\"https:\/\/dev.tg4.ie\/ga\/\"},{\"@type\":\"ListItem\",\"position\":2,\"name\":\"Eolas\",\"item\":\"https:\/\/dev.tg4.ie\/ga\/eolas\/\"},{\"@type\":\"ListItem\",\"position\":3,\"name\":\"Gradaim\",\"item\":\"https:\/\/dev.tg4.ie\/ga\/eolas\/gradaim\/\"},{\"@type\":\"ListItem\",\"position\":4,\"name\":\"2008\"}]},{\"@type\":\"WebSite\",\"@id\":\"https:\/\/dev.tg4.ie\/en\/#website\",\"url\":\"https:\/\/dev.tg4.ie\/en\/\",\"name\":\"TG4\",\"description\":\"S\u00fail Eile\",\"potentialAction\":[{\"@type\":\"SearchAction\",\"target\":{\"@type\":\"EntryPoint\",\"urlTemplate\":\"https:\/\/dev.tg4.ie\/en\/?s={search_term_string}\"},\"query-input\":\"required name=search_term_string\"}],\"inLanguage\":\"ga\"}]}<\/script>\n<!-- \/ Yoast SEO plugin. -->","yoast_head_json":{"title":"2008 - TG4","robots":{"index":"index","follow":"follow","max-snippet":"max-snippet:-1","max-image-preview":"max-image-preview:large","max-video-preview":"max-video-preview:-1"},"og_locale":"en_US","og_type":"article","og_title":"2008 - TG4","og_description":"2008 Skunk Fu! Anam\u00falacht is Fearr: Ainmni\u00fach\u00e1n BAFTA 2008 F\u00f3gra teilif\u00edse an chain\u00e9il &#8211; Seisi\u00fan Duais Chr\u00e9-umha EPICA 2008 ICAD 2008 F\u00f3gra &#8211; Mobs Mheirice\u00e1 Duais Airgid ICAD 2008 F\u00f3gra Raidio &#8211; Seacht Duais Cr\u00e9-umha ICAD 2008 Blais\u00edn Aitheantais &#8211; Aingeal ag Inneall N\u00edoch\u00e1in Duais Cr\u00e9-umha ICAD 2008 F\u00e9ileac\u00e1n Gearrscann\u00e1n \u00c9ireannach is Fearr F\u00e9ile Scann\u00e1n [&hellip;]","og_url":"https:\/\/dev.tg4.ie\/ga\/eolas\/gradaim\/2008-2\/","og_site_name":"TG4","article_publisher":"https:\/\/www.facebook.com\/TG4TV","article_modified_time":"2019-10-22T14:19:22+00:00","og_image":[{"width":1920,"height":1080,"url":"https:\/\/tg4-docs.s3.amazonaws.com\/tg4-redesign-2015\/wp-content\/uploads\/2015\/08\/kings-1.jpg","type":"image\/jpeg"}],"twitter_card":"summary_large_image","twitter_site":"@TG4TV","twitter_misc":{"Est. reading time":"2 minutes"},"schema":{"@context":"https:\/\/schema.org","@graph":[{"@type":"WebPage","@id":"https:\/\/dev.tg4.ie\/ga\/eolas\/gradaim\/2008-2\/","url":"https:\/\/dev.tg4.ie\/ga\/eolas\/gradaim\/2008-2\/","name":"2008 - TG4","isPartOf":{"@id":"https:\/\/dev.tg4.ie\/en\/#website"},"primaryImageOfPage":{"@id":"https:\/\/dev.tg4.ie\/ga\/eolas\/gradaim\/2008-2\/#primaryimage"},"image":{"@id":"https:\/\/dev.tg4.ie\/ga\/eolas\/gradaim\/2008-2\/#primaryimage"},"thumbnailUrl":"https:\/\/tg4-docs.s3.amazonaws.com\/tg4-redesign-2015\/wp-content\/uploads\/2015\/08\/kings-1.jpg","datePublished":"2015-08-20T10:51:07+00:00","dateModified":"2019-10-22T14:19:22+00:00","breadcrumb":{"@id":"https:\/\/dev.tg4.ie\/ga\/eolas\/gradaim\/2008-2\/#breadcrumb"},"inLanguage":"ga","potentialAction":[{"@type":"ReadAction","target":["https:\/\/dev.tg4.ie\/ga\/eolas\/gradaim\/2008-2\/"]}]},{"@type":"ImageObject","inLanguage":"ga","@id":"https:\/\/dev.tg4.ie\/ga\/eolas\/gradaim\/2008-2\/#primaryimage","url":"https:\/\/tg4-docs.s3.amazonaws.com\/tg4-redesign-2015\/wp-content\/uploads\/2015\/08\/kings-1.jpg","contentUrl":"https:\/\/tg4-docs.s3.amazonaws.com\/tg4-redesign-2015\/wp-content\/uploads\/2015\/08\/kings-1.jpg","width":1920,"height":1080,"caption":"Kings"},{"@type":"BreadcrumbList","@id":"https:\/\/dev.tg4.ie\/ga\/eolas\/gradaim\/2008-2\/#breadcrumb","itemListElement":[{"@type":"ListItem","position":1,"name":"Home","item":"https:\/\/dev.tg4.ie\/ga\/"},{"@type":"ListItem","position":2,"name":"Eolas","item":"https:\/\/dev.tg4.ie\/ga\/eolas\/"},{"@type":"ListItem","position":3,"name":"Gradaim","item":"https:\/\/dev.tg4.ie\/ga\/eolas\/gradaim\/"},{"@type":"ListItem","position":4,"name":"2008"}]},{"@type":"WebSite","@id":"https:\/\/dev.tg4.ie\/en\/#website","url":"https:\/\/dev.tg4.ie\/en\/","name":"TG4","description":"S\u00fail Eile","potentialAction":[{"@type":"SearchAction","target":{"@type":"EntryPoint","urlTemplate":"https:\/\/dev.tg4.ie\/en\/?s={search_term_string}"},"query-input":"required name=search_term_string"}],"inLanguage":"ga"}]}},"_links":{"self":[{"href":"https:\/\/dev.tg4.ie\/ga\/wp-json\/wp\/v2\/pages\/1597"}],"collection":[{"href":"https:\/\/dev.tg4.ie\/ga\/wp-json\/wp\/v2\/pages"}],"about":[{"href":"https:\/\/dev.tg4.ie\/ga\/wp-json\/wp\/v2\/types\/page"}],"author":[{"embeddable":true,"href":"https:\/\/dev.tg4.ie\/ga\/wp-json\/wp\/v2\/users\/6"}],"replies":[{"embeddable":true,"href":"https:\/\/dev.tg4.ie\/ga\/wp-json\/wp\/v2\/comments?post=1597"}],"version-history":[{"count":0,"href":"https:\/\/dev.tg4.ie\/ga\/wp-json\/wp\/v2\/pages\/1597\/revisions"}],"up":[{"embeddable":true,"href":"https:\/\/dev.tg4.ie\/ga\/wp-json\/wp\/v2\/pages\/1219"}],"wp:featuredmedia":[{"embeddable":true,"href":"https:\/\/dev.tg4.ie\/ga\/wp-json\/wp\/v2\/media\/6948"}],"wp:attachment":[{"href":"https:\/\/dev.tg4.ie\/ga\/wp-json\/wp\/v2\/media?parent=1597"}],"curies":[{"name":"wp","href":"https:\/\/api.w.org\/{rel}","templated":true}]}}