{"id":160237,"date":"2022-07-12T16:09:08","date_gmt":"2022-07-12T15:09:08","guid":{"rendered":"https:\/\/dev.tg4.ie\/eolas\/preas\/nuacht-raitis\/2022-2\/future-of-media\/"},"modified":"2022-07-21T12:54:25","modified_gmt":"2022-07-21T11:54:25","slug":"future-of-media","status":"publish","type":"page","link":"https:\/\/dev.tg4.ie\/ga\/eolas\/preas\/nuacht-raitis\/2022-2\/future-of-media\/","title":{"rendered":"F\u00e1ilt\u00edonn TG4 roimh fhoilsi\u00fa thuarasc\u00e1il An Coimisi\u00fan um Thodhcha\u00ed na Me\u00e1n."},"content":{"rendered":"<p>Cuireann TG4 f\u00e1ilte roimh na molta\u00ed i dtuarasc\u00e1il An Coimisi\u00fan um Thodhcha\u00ed na Me\u00e1n do TG4 agus do na me\u00e1in Ghaeilge. De r\u00e9ir an tuarasc\u00e1la, ba cheart athbhreithni\u00fa cuimisitheach ar sheirbh\u00eds\u00ed na me\u00e1n Gaeilge, ar r\u00f3lanna TG4 agus RT\u00c9, agus ar Raidi\u00f3 na Gaeltachta.  Moltar freisin go mbeadh smacht eagarth\u00f3ireachta neamhsple\u00e1ch ag TG4 ar a sheirbh\u00eds nuachta.  <\/p>\n<p>Moltar gur ch\u00f3ir maoini\u00fa poibl\u00ed de \u20ac44.7 milli\u00fan in 2022 agus \u20ac48.7 milli\u00fan in 2023 a thabhairt do TG4. Moltar freisin go mbeadh ar a laghad 25% de mhaoini\u00fa na sc\u00e9ime &#8216;F\u00eds agus Fuaim&#8217; \u00dadar\u00e1s Craolach\u00e1in na h\u00c9ireann n\u00f3 Coimisi\u00fan na Me\u00e1n caite ar chl\u00e1ir Ghaeilge.  T\u00e1 molta\u00ed ann go mbeadh strait\u00e9is\u00ed forbartha don \u00f3ige agus don oideachas Gaeilge agus go mbreathn\u00f3fa\u00ed ar dheiseanna comhoibrithe agus comhph\u00e1irt\u00edochta idir na me\u00e1in sheirbh\u00edse poibl\u00ed.  <\/p>\n<p>&nbsp;<br \/>\n<img decoding=\"async\" src=\"https:\/\/tg4-docs.s3.amazonaws.com\/wp-content\/uploads\/2022\/07\/12160445\/Alan-Esslemont-TG4.jpg\" alt=\"Alan Esslemont\" class=\"alignleft size-full wp-image-113320\" \/><br \/>\n&nbsp;<\/p>\n<p>D\u00fairt Ard-Sti\u00farth\u00f3ir TG4, Alan Esslemont agus \u00e9 ag cur f\u00e1ilte roimh fhoilsi\u00fa an tuarasc\u00e1la inniu, <em>\u201cF\u00e1ilt\u00edonn TG4 roimh fhoilsi\u00fa thuarasc\u00e1il an Choimisi\u00fain um Thodhcha\u00ed na Me\u00e1n agus an comhr\u00e1 faoi na me\u00e1in seirbh\u00edse poibl\u00ed in \u00c9irinn. F\u00e1ilt\u00edmid go sonrach roimh an moladh go nglacfadh TG4 smacht eagarth\u00f3ireachta neamhsple\u00e1ch ar Nuacht TG4.  Seo aidhm sheanbhunaithe TG4 a neart\u00f3idh iolrachas na bhfoins\u00ed nuachta in \u00c9irinn. F\u00e1ilt\u00edmid freisin roimh an moladh go nd\u00e9anfa\u00ed athbhreithni\u00fa cuimsitheach ar sheirbh\u00eds\u00ed me\u00e1n Gaeilge. Mar sin f\u00e9in, i bhfianaise an ualaigh oibre ollmh\u00f3r at\u00e1 ar an BAI agus iad ag aistri\u00fa go Coimisi\u00fan na Me\u00e1n, n\u00edl s\u00e9 soil\u00e9ir c\u00e9n uair a dh\u00e9anfar an t-athbhreithni\u00fa ar sheirbh\u00eds\u00ed me\u00e1n Gaeilge agus c\u00e9ard iad na paraim\u00e9adair mhaoinithe a bheidh san athbhreithni\u00fa.<\/p>\n<p>L\u00e9ir\u00edonn molta\u00ed maoinithe na tuarasc\u00e1la f\u00e9in ar\u00eds easpa uaillmh\u00e9ine an st\u00e1it i leith na Gaeilge, maoini\u00fa poibl\u00ed TG4 socraithe ag n\u00edos l\u00fa n\u00e1 an ceathr\u00fa cuid de mhaoini\u00fa poibl\u00ed RT\u00c9 agus \u00e1r maoini\u00fa ioml\u00e1n ag thart ar an deichi\u00fa cuid de l\u00e1imhdeachas RT\u00c9. I bhfianaise st\u00e1das bunreacht\u00fail na Gaeilge, ba cheart go mbeadh \u00c9irinn ina ceannaire \u2018is fearr sa rang\u2019 i r\u00e9imse na me\u00e1n mionteanga ach t\u00e1 s\u00ed i bhfad taobh thiar de go leor t\u00edortha eile, An Bhreatain Bheag agus T\u00edr na mBascach ina measc.<\/p>\n<p>Is \u00e9 an t-\u00e9acht aonair domhanda is m\u00f3 a rinne \u00c9irinn maidir le \u00e9ags\u00falacht teanga n\u00e1 a cumas a teanga f\u00e9in a sheachadadh \u00f3 ghl\u00fain go gl\u00fain mar theanga bheo na dteaghlach agus na bpobal. C\u00e9 go bhfuil seasamh bunreacht\u00fail ag an nGaeilge, feidhm\u00edonn s\u00ed mar mhionteanga in \u00c9irinn agus t\u00e1 s\u00ed faoi bhr\u00fa m\u00f3r ag leibh\u00e9al tarchuir idir-ghl\u00faine na m\u00e1thairtheanga sa Ghaeltacht agus ar fud na h\u00c9ireann.  M\u00e1s l\u00e9ir do phobal na Gaeilge nach bhfuil na me\u00e1in agus na heala\u00edona Gaeilge le bheith maoinithe ach ag leibh\u00e9al den \u201cdara n\u00f3 tr\u00ed\u00fa rang\u201d i gcompar\u00e1id lena gcomhghleacaithe n\u00e1isi\u00fanta sa mh\u00f3rtheanga, leanfaidh tarchur idirghl\u00faine na Gaeilge ag lag\u00fa.\u201d<\/em><\/p>\n","protected":false},"excerpt":{"rendered":"<p>Cuireann TG4 f\u00e1ilte roimh na molta\u00ed i dtuarasc\u00e1il An Coimisi\u00fan um Thodhcha\u00ed na Me\u00e1n do TG4 agus do na me\u00e1in Ghaeilge. De r\u00e9ir an tuarasc\u00e1la, ba cheart athbhreithni\u00fa cuimisitheach ar sheirbh\u00eds\u00ed na me\u00e1n Gaeilge, ar r\u00f3lanna TG4 agus RT\u00c9, agus ar Raidi\u00f3 na Gaeltachta. Moltar freisin go mbeadh smacht eagarth\u00f3ireachta neamhsple\u00e1ch ag TG4 ar a [&hellip;]<\/p>\n","protected":false},"author":4,"featured_media":0,"parent":138171,"menu_order":22,"comment_status":"closed","ping_status":"closed","template":"page-templates\/template-pr.php","meta":{"_acf_changed":false,"footnotes":""},"acf":[],"yoast_head":"<!-- This site is optimized with the Yoast SEO plugin v22.6 - https:\/\/yoast.com\/wordpress\/plugins\/seo\/ -->\n<title>F\u00e1ilt\u00edonn TG4 roimh fhoilsi\u00fa thuarasc\u00e1il An Coimisi\u00fan um Thodhcha\u00ed na Me\u00e1n. | Preas R\u00e1iteas | TG4<\/title>\n<meta name=\"description\" content=\"Cuireann TG4 f\u00e1ilte roimh na molta\u00ed i dtuarasc\u00e1il An Coimisi\u00fan um Thodhcha\u00ed na Me\u00e1n do TG4 agus do na me\u00e1in Ghaeilge. De r\u00e9ir an tuarasc\u00e1la, ba cheart athbhreithni\u00fa cuimisitheach ar sheirbh\u00eds\u00ed na me\u00e1n Gaeilge, ar r\u00f3lanna TG4 agus RT\u00c9, agus ar Raidi\u00f3 na Gaeltachta. Moltar freisin go mbeadh smacht eagarth\u00f3ireachta neamhsple\u00e1ch ag TG4 ar a sheirbh\u00eds nuachta.\" \/>\n<meta name=\"robots\" content=\"index, follow, max-snippet:-1, max-image-preview:large, max-video-preview:-1\" \/>\n<meta property=\"og:locale\" content=\"en_US\" \/>\n<meta property=\"og:type\" content=\"article\" \/>\n<meta property=\"og:title\" content=\"F\u00e1ilt\u00edonn TG4 roimh fhoilsi\u00fa thuarasc\u00e1il An Coimisi\u00fan um Thodhcha\u00ed na Me\u00e1n. | Preas R\u00e1iteas | TG4\" \/>\n<meta property=\"og:description\" content=\"Cuireann TG4 f\u00e1ilte roimh na molta\u00ed i dtuarasc\u00e1il An Coimisi\u00fan um Thodhcha\u00ed na Me\u00e1n do TG4 agus do na me\u00e1in Ghaeilge. De r\u00e9ir an tuarasc\u00e1la, ba cheart athbhreithni\u00fa cuimisitheach ar sheirbh\u00eds\u00ed na me\u00e1n Gaeilge, ar r\u00f3lanna TG4 agus RT\u00c9, agus ar Raidi\u00f3 na Gaeltachta. Moltar freisin go mbeadh smacht eagarth\u00f3ireachta neamhsple\u00e1ch ag TG4 ar a sheirbh\u00eds nuachta.\" \/>\n<meta property=\"og:url\" content=\"https:\/\/dev.tg4.ie\/ga\/eolas\/preas\/nuacht-raitis\/2022-2\/future-of-media\/\" \/>\n<meta property=\"og:site_name\" content=\"TG4\" \/>\n<meta property=\"article:publisher\" content=\"https:\/\/www.facebook.com\/TG4TV\" \/>\n<meta property=\"article:modified_time\" content=\"2022-07-21T11:54:25+00:00\" \/>\n<meta property=\"og:image\" content=\"https:\/\/tg4-docs.s3.amazonaws.com\/wp-content\/uploads\/2022\/07\/12160445\/Alan-Esslemont-TG4-700x394.jpg\" \/>\n<meta name=\"twitter:card\" content=\"summary_large_image\" \/>\n<meta name=\"twitter:image\" content=\"https:\/\/tg4-docs.s3.amazonaws.com\/wp-content\/uploads\/2022\/07\/12160445\/Alan-Esslemont-TG4-700x394.jpg\" \/>\n<meta name=\"twitter:site\" content=\"@TG4TV\" \/>\n<meta name=\"twitter:label1\" content=\"Est. reading time\" \/>\n\t<meta name=\"twitter:data1\" content=\"3 minutes\" \/>\n<script type=\"application\/ld+json\" class=\"yoast-schema-graph\">{\"@context\":\"https:\/\/schema.org\",\"@graph\":[{\"@type\":\"WebPage\",\"@id\":\"https:\/\/dev.tg4.ie\/ga\/eolas\/preas\/nuacht-raitis\/2022-2\/future-of-media\/\",\"url\":\"https:\/\/dev.tg4.ie\/ga\/eolas\/preas\/nuacht-raitis\/2022-2\/future-of-media\/\",\"name\":\"F\u00e1ilt\u00edonn TG4 roimh fhoilsi\u00fa thuarasc\u00e1il An Coimisi\u00fan um Thodhcha\u00ed na Me\u00e1n. | Preas R\u00e1iteas | TG4\",\"isPartOf\":{\"@id\":\"https:\/\/dev.tg4.ie\/en\/#website\"},\"primaryImageOfPage\":{\"@id\":\"https:\/\/dev.tg4.ie\/ga\/eolas\/preas\/nuacht-raitis\/2022-2\/future-of-media\/#primaryimage\"},\"image\":{\"@id\":\"https:\/\/dev.tg4.ie\/ga\/eolas\/preas\/nuacht-raitis\/2022-2\/future-of-media\/#primaryimage\"},\"thumbnailUrl\":\"https:\/\/dev.tg4.ie\/wp-content\/uploads\/2022\/07\/Alan-Esslemont-TG4.jpg\",\"datePublished\":\"2022-07-12T15:09:08+00:00\",\"dateModified\":\"2022-07-21T11:54:25+00:00\",\"description\":\"Cuireann TG4 f\u00e1ilte roimh na molta\u00ed i dtuarasc\u00e1il An Coimisi\u00fan um Thodhcha\u00ed na Me\u00e1n do TG4 agus do na me\u00e1in Ghaeilge. De r\u00e9ir an tuarasc\u00e1la, ba cheart athbhreithni\u00fa cuimisitheach ar sheirbh\u00eds\u00ed na me\u00e1n Gaeilge, ar r\u00f3lanna TG4 agus RT\u00c9, agus ar Raidi\u00f3 na Gaeltachta. Moltar freisin go mbeadh smacht eagarth\u00f3ireachta neamhsple\u00e1ch ag TG4 ar a sheirbh\u00eds nuachta.\",\"breadcrumb\":{\"@id\":\"https:\/\/dev.tg4.ie\/ga\/eolas\/preas\/nuacht-raitis\/2022-2\/future-of-media\/#breadcrumb\"},\"inLanguage\":\"ga\",\"potentialAction\":[{\"@type\":\"ReadAction\",\"target\":[\"https:\/\/dev.tg4.ie\/ga\/eolas\/preas\/nuacht-raitis\/2022-2\/future-of-media\/\"]}]},{\"@type\":\"ImageObject\",\"inLanguage\":\"ga\",\"@id\":\"https:\/\/dev.tg4.ie\/ga\/eolas\/preas\/nuacht-raitis\/2022-2\/future-of-media\/#primaryimage\",\"url\":\"https:\/\/dev.tg4.ie\/wp-content\/uploads\/2022\/07\/Alan-Esslemont-TG4.jpg\",\"contentUrl\":\"https:\/\/dev.tg4.ie\/wp-content\/uploads\/2022\/07\/Alan-Esslemont-TG4.jpg\"},{\"@type\":\"BreadcrumbList\",\"@id\":\"https:\/\/dev.tg4.ie\/ga\/eolas\/preas\/nuacht-raitis\/2022-2\/future-of-media\/#breadcrumb\",\"itemListElement\":[{\"@type\":\"ListItem\",\"position\":1,\"name\":\"Home\",\"item\":\"https:\/\/dev.tg4.ie\/ga\/\"},{\"@type\":\"ListItem\",\"position\":2,\"name\":\"Eolas\",\"item\":\"https:\/\/dev.tg4.ie\/ga\/eolas\/\"},{\"@type\":\"ListItem\",\"position\":3,\"name\":\"Preas\",\"item\":\"https:\/\/dev.tg4.ie\/ga\/eolas\/preas\/\"},{\"@type\":\"ListItem\",\"position\":4,\"name\":\"Nuacht R\u00e1itis\",\"item\":\"https:\/\/dev.tg4.ie\/ga\/eolas\/preas\/nuacht-raitis\/\"},{\"@type\":\"ListItem\",\"position\":5,\"name\":\"2022\",\"item\":\"https:\/\/dev.tg4.ie\/ga\/eolas\/preas\/nuacht-raitis\/2022-2\/\"},{\"@type\":\"ListItem\",\"position\":6,\"name\":\"F\u00e1ilt\u00edonn TG4 roimh fhoilsi\u00fa thuarasc\u00e1il An Coimisi\u00fan um Thodhcha\u00ed na Me\u00e1n.\"}]},{\"@type\":\"WebSite\",\"@id\":\"https:\/\/dev.tg4.ie\/en\/#website\",\"url\":\"https:\/\/dev.tg4.ie\/en\/\",\"name\":\"TG4\",\"description\":\"S\u00fail Eile\",\"potentialAction\":[{\"@type\":\"SearchAction\",\"target\":{\"@type\":\"EntryPoint\",\"urlTemplate\":\"https:\/\/dev.tg4.ie\/en\/?s={search_term_string}\"},\"query-input\":\"required name=search_term_string\"}],\"inLanguage\":\"ga\"}]}<\/script>\n<!-- \/ Yoast SEO plugin. -->","yoast_head_json":{"title":"F\u00e1ilt\u00edonn TG4 roimh fhoilsi\u00fa thuarasc\u00e1il An Coimisi\u00fan um Thodhcha\u00ed na Me\u00e1n. | Preas R\u00e1iteas | TG4","description":"Cuireann TG4 f\u00e1ilte roimh na molta\u00ed i dtuarasc\u00e1il An Coimisi\u00fan um Thodhcha\u00ed na Me\u00e1n do TG4 agus do na me\u00e1in Ghaeilge. De r\u00e9ir an tuarasc\u00e1la, ba cheart athbhreithni\u00fa cuimisitheach ar sheirbh\u00eds\u00ed na me\u00e1n Gaeilge, ar r\u00f3lanna TG4 agus RT\u00c9, agus ar Raidi\u00f3 na Gaeltachta. Moltar freisin go mbeadh smacht eagarth\u00f3ireachta neamhsple\u00e1ch ag TG4 ar a sheirbh\u00eds nuachta.","robots":{"index":"index","follow":"follow","max-snippet":"max-snippet:-1","max-image-preview":"max-image-preview:large","max-video-preview":"max-video-preview:-1"},"og_locale":"en_US","og_type":"article","og_title":"F\u00e1ilt\u00edonn TG4 roimh fhoilsi\u00fa thuarasc\u00e1il An Coimisi\u00fan um Thodhcha\u00ed na Me\u00e1n. | Preas R\u00e1iteas | TG4","og_description":"Cuireann TG4 f\u00e1ilte roimh na molta\u00ed i dtuarasc\u00e1il An Coimisi\u00fan um Thodhcha\u00ed na Me\u00e1n do TG4 agus do na me\u00e1in Ghaeilge. De r\u00e9ir an tuarasc\u00e1la, ba cheart athbhreithni\u00fa cuimisitheach ar sheirbh\u00eds\u00ed na me\u00e1n Gaeilge, ar r\u00f3lanna TG4 agus RT\u00c9, agus ar Raidi\u00f3 na Gaeltachta. Moltar freisin go mbeadh smacht eagarth\u00f3ireachta neamhsple\u00e1ch ag TG4 ar a sheirbh\u00eds nuachta.","og_url":"https:\/\/dev.tg4.ie\/ga\/eolas\/preas\/nuacht-raitis\/2022-2\/future-of-media\/","og_site_name":"TG4","article_publisher":"https:\/\/www.facebook.com\/TG4TV","article_modified_time":"2022-07-21T11:54:25+00:00","og_image":[{"url":"https:\/\/tg4-docs.s3.amazonaws.com\/wp-content\/uploads\/2022\/07\/12160445\/Alan-Esslemont-TG4-700x394.jpg"}],"twitter_card":"summary_large_image","twitter_image":"https:\/\/tg4-docs.s3.amazonaws.com\/wp-content\/uploads\/2022\/07\/12160445\/Alan-Esslemont-TG4-700x394.jpg","twitter_site":"@TG4TV","twitter_misc":{"Est. reading time":"3 minutes"},"schema":{"@context":"https:\/\/schema.org","@graph":[{"@type":"WebPage","@id":"https:\/\/dev.tg4.ie\/ga\/eolas\/preas\/nuacht-raitis\/2022-2\/future-of-media\/","url":"https:\/\/dev.tg4.ie\/ga\/eolas\/preas\/nuacht-raitis\/2022-2\/future-of-media\/","name":"F\u00e1ilt\u00edonn TG4 roimh fhoilsi\u00fa thuarasc\u00e1il An Coimisi\u00fan um Thodhcha\u00ed na Me\u00e1n. | Preas R\u00e1iteas | TG4","isPartOf":{"@id":"https:\/\/dev.tg4.ie\/en\/#website"},"primaryImageOfPage":{"@id":"https:\/\/dev.tg4.ie\/ga\/eolas\/preas\/nuacht-raitis\/2022-2\/future-of-media\/#primaryimage"},"image":{"@id":"https:\/\/dev.tg4.ie\/ga\/eolas\/preas\/nuacht-raitis\/2022-2\/future-of-media\/#primaryimage"},"thumbnailUrl":"https:\/\/dev.tg4.ie\/wp-content\/uploads\/2022\/07\/Alan-Esslemont-TG4.jpg","datePublished":"2022-07-12T15:09:08+00:00","dateModified":"2022-07-21T11:54:25+00:00","description":"Cuireann TG4 f\u00e1ilte roimh na molta\u00ed i dtuarasc\u00e1il An Coimisi\u00fan um Thodhcha\u00ed na Me\u00e1n do TG4 agus do na me\u00e1in Ghaeilge. De r\u00e9ir an tuarasc\u00e1la, ba cheart athbhreithni\u00fa cuimisitheach ar sheirbh\u00eds\u00ed na me\u00e1n Gaeilge, ar r\u00f3lanna TG4 agus RT\u00c9, agus ar Raidi\u00f3 na Gaeltachta. Moltar freisin go mbeadh smacht eagarth\u00f3ireachta neamhsple\u00e1ch ag TG4 ar a sheirbh\u00eds nuachta.","breadcrumb":{"@id":"https:\/\/dev.tg4.ie\/ga\/eolas\/preas\/nuacht-raitis\/2022-2\/future-of-media\/#breadcrumb"},"inLanguage":"ga","potentialAction":[{"@type":"ReadAction","target":["https:\/\/dev.tg4.ie\/ga\/eolas\/preas\/nuacht-raitis\/2022-2\/future-of-media\/"]}]},{"@type":"ImageObject","inLanguage":"ga","@id":"https:\/\/dev.tg4.ie\/ga\/eolas\/preas\/nuacht-raitis\/2022-2\/future-of-media\/#primaryimage","url":"https:\/\/dev.tg4.ie\/wp-content\/uploads\/2022\/07\/Alan-Esslemont-TG4.jpg","contentUrl":"https:\/\/dev.tg4.ie\/wp-content\/uploads\/2022\/07\/Alan-Esslemont-TG4.jpg"},{"@type":"BreadcrumbList","@id":"https:\/\/dev.tg4.ie\/ga\/eolas\/preas\/nuacht-raitis\/2022-2\/future-of-media\/#breadcrumb","itemListElement":[{"@type":"ListItem","position":1,"name":"Home","item":"https:\/\/dev.tg4.ie\/ga\/"},{"@type":"ListItem","position":2,"name":"Eolas","item":"https:\/\/dev.tg4.ie\/ga\/eolas\/"},{"@type":"ListItem","position":3,"name":"Preas","item":"https:\/\/dev.tg4.ie\/ga\/eolas\/preas\/"},{"@type":"ListItem","position":4,"name":"Nuacht R\u00e1itis","item":"https:\/\/dev.tg4.ie\/ga\/eolas\/preas\/nuacht-raitis\/"},{"@type":"ListItem","position":5,"name":"2022","item":"https:\/\/dev.tg4.ie\/ga\/eolas\/preas\/nuacht-raitis\/2022-2\/"},{"@type":"ListItem","position":6,"name":"F\u00e1ilt\u00edonn TG4 roimh fhoilsi\u00fa thuarasc\u00e1il An Coimisi\u00fan um Thodhcha\u00ed na Me\u00e1n."}]},{"@type":"WebSite","@id":"https:\/\/dev.tg4.ie\/en\/#website","url":"https:\/\/dev.tg4.ie\/en\/","name":"TG4","description":"S\u00fail Eile","potentialAction":[{"@type":"SearchAction","target":{"@type":"EntryPoint","urlTemplate":"https:\/\/dev.tg4.ie\/en\/?s={search_term_string}"},"query-input":"required name=search_term_string"}],"inLanguage":"ga"}]}},"_links":{"self":[{"href":"https:\/\/dev.tg4.ie\/ga\/wp-json\/wp\/v2\/pages\/160237"}],"collection":[{"href":"https:\/\/dev.tg4.ie\/ga\/wp-json\/wp\/v2\/pages"}],"about":[{"href":"https:\/\/dev.tg4.ie\/ga\/wp-json\/wp\/v2\/types\/page"}],"author":[{"embeddable":true,"href":"https:\/\/dev.tg4.ie\/ga\/wp-json\/wp\/v2\/users\/4"}],"replies":[{"embeddable":true,"href":"https:\/\/dev.tg4.ie\/ga\/wp-json\/wp\/v2\/comments?post=160237"}],"version-history":[{"count":0,"href":"https:\/\/dev.tg4.ie\/ga\/wp-json\/wp\/v2\/pages\/160237\/revisions"}],"up":[{"embeddable":true,"href":"https:\/\/dev.tg4.ie\/ga\/wp-json\/wp\/v2\/pages\/138171"}],"wp:attachment":[{"href":"https:\/\/dev.tg4.ie\/ga\/wp-json\/wp\/v2\/media?parent=160237"}],"curies":[{"name":"wp","href":"https:\/\/api.w.org\/{rel}","templated":true}]}}