{"id":1614,"date":"2015-08-20T12:18:41","date_gmt":"2015-08-20T11:18:41","guid":{"rendered":"https:\/\/dev.tg4.ie\/corporate\/awards\/2006-2\/"},"modified":"2019-10-22T15:16:54","modified_gmt":"2019-10-22T14:16:54","slug":"2006-2","status":"publish","type":"page","link":"https:\/\/dev.tg4.ie\/ga\/eolas\/gradaim\/2006-2\/","title":{"rendered":"2006"},"content":{"rendered":"<h1>2006<\/h1>\n<p><strong>Paisean Faisean<\/strong><br \/>\nDuais \u00d3ir<br \/>\nSharks International Awards 2007<\/p>\n<p><strong>Paisean Faisean<\/strong><br \/>\nDuais Chr\u00e9-umha<br \/>\nEPICA (European Awards)<\/p>\n<p><strong>Paisean Faisean<\/strong><br \/>\nBest of Category<br \/>\nRadio Advertising Awards<\/p>\n<p><strong>Paisean Faisean<\/strong><br \/>\nDuais \u00d3ir<br \/>\nRadio Advertising Awards<\/p>\n<p><strong>TG4<\/strong><br \/>\nDuais Chr\u00e9-umha (Cl\u00f3) ag p\u00f3staeir\u00ed f\u00f3gra\u00edochta<br \/>\nICAD Awards 2006<\/p>\n<p><strong>www.tg4.tv<\/strong><br \/>\nBuaiteoir Feidhm is Fearr Leathanbhanda<br \/>\nDuaiseanna an Damh\u00e1in Alla \u00d3rga 2006<\/p>\n<p><strong>Mac an Athar<\/strong><br \/>\nDuais don Sti\u00farth\u00f3ir is fearr<br \/>\nF\u00e9ile Scann\u00e1n Savannah &#8211; 2006<br \/>\nDuais an Lucht F\u00e9achana<br \/>\nF\u00e9ile Scann\u00e1n Filmstock 2006 (R\u00edocht Aontaithe)<br \/>\nDuais Dhaonn\u00fail<br \/>\nF\u00e9ile Scann\u00e1n Cleveland 2006 (St\u00e1it Aontaithe Mheirice\u00e1)<br \/>\nRoghnaithe le taispe\u00e1int: ag F\u00e9ile Idirn\u00e1isi\u00fangta Scann\u00e1n Rhode Island &amp; F\u00e9ile Ghearrscann\u00e1n Los Angeles<\/p>\n<p><strong>Aoife N\u00ed Thuairisg<\/strong><br \/>\nPearsa Teilif\u00edse na Bliana<br \/>\nGradaim Chumars\u00e1ide Oireachtas na Gaeilge 2006<\/p>\n<p><strong>Peadar Cox<\/strong><br \/>\nAisteoir na Bliana<br \/>\nGradaim Chumars\u00e1ide Oireachtas na Gaeilge 2006<\/p>\n<p><strong>R\u00f3n\u00e1n Mac Con Iomaire<\/strong><br \/>\nIriseoir na Bliana<br \/>\nGradaim Chumars\u00e1ide Oireachtas na Gaeilge 2006<\/p>\n<p><strong>R\u00f3gair\u00ed<\/strong><br \/>\nGearrscann\u00e1n is Fearr<br \/>\nF\u00e9ile Scann\u00e1n Uaf\u00e1is Chicago 2006<br \/>\n<strong>Fiona O&#8217;Shaughnessy<\/strong><br \/>\nAisteoir Mn\u00e1 is Fearr<br \/>\nF\u00e9ile Scann\u00e1n Uaf\u00e1is Chicago 2006<\/p>\n<p><strong>Concerto Chaitl\u00edn Maude<\/strong><br \/>\nCl\u00e1r Teilif\u00edse na Bliana<br \/>\nGradaim Chumars\u00e1ide Oireachtas na Gaeilge 2006<\/p>\n<p><strong>C\u00fail\u00edn Dualach<\/strong><br \/>\nBuaiteoir: Beochan is fearr<br \/>\nF\u00e9ile Cheilteach Scann\u00e1n agus Teilif\u00edse 2006<\/p>\n","protected":false},"excerpt":{"rendered":"<p>2006 Paisean Faisean Duais \u00d3ir Sharks International Awards 2007 Paisean Faisean Duais Chr\u00e9-umha EPICA (European Awards) Paisean Faisean Best of Category Radio Advertising Awards Paisean Faisean Duais \u00d3ir Radio Advertising Awards TG4 Duais Chr\u00e9-umha (Cl\u00f3) ag p\u00f3staeir\u00ed f\u00f3gra\u00edochta ICAD Awards 2006 www.tg4.tv Buaiteoir Feidhm is Fearr Leathanbhanda Duaiseanna an Damh\u00e1in Alla \u00d3rga 2006 Mac an [&hellip;]<\/p>\n","protected":false},"author":6,"featured_media":0,"parent":1219,"menu_order":9,"comment_status":"closed","ping_status":"closed","template":"page-templates\/template-corporate.php","meta":{"_acf_changed":false,"footnotes":""},"acf":[],"yoast_head":"<!-- This site is optimized with the Yoast SEO plugin v22.6 - https:\/\/yoast.com\/wordpress\/plugins\/seo\/ -->\n<title>2006 - TG4<\/title>\n<meta name=\"robots\" content=\"index, follow, max-snippet:-1, max-image-preview:large, max-video-preview:-1\" \/>\n<meta property=\"og:locale\" content=\"en_US\" \/>\n<meta property=\"og:type\" content=\"article\" \/>\n<meta property=\"og:title\" content=\"2006 - TG4\" \/>\n<meta property=\"og:description\" content=\"2006 Paisean Faisean Duais \u00d3ir Sharks International Awards 2007 Paisean Faisean Duais Chr\u00e9-umha EPICA (European Awards) Paisean Faisean Best of Category Radio Advertising Awards Paisean Faisean Duais \u00d3ir Radio Advertising Awards TG4 Duais Chr\u00e9-umha (Cl\u00f3) ag p\u00f3staeir\u00ed f\u00f3gra\u00edochta ICAD Awards 2006 www.tg4.tv Buaiteoir Feidhm is Fearr Leathanbhanda Duaiseanna an Damh\u00e1in Alla \u00d3rga 2006 Mac an [&hellip;]\" \/>\n<meta property=\"og:url\" content=\"https:\/\/dev.tg4.ie\/ga\/eolas\/gradaim\/2006-2\/\" \/>\n<meta property=\"og:site_name\" content=\"TG4\" \/>\n<meta property=\"article:publisher\" content=\"https:\/\/www.facebook.com\/TG4TV\" \/>\n<meta property=\"article:modified_time\" content=\"2019-10-22T14:16:54+00:00\" \/>\n<meta property=\"og:image\" content=\"https:\/\/tg4-docs.s3.amazonaws.com\/wp-content\/uploads\/2024\/11\/18151812\/TG4_2024_corcra_teal_1-1920x1080-1.jpg\" \/>\n\t<meta property=\"og:image:width\" content=\"1920\" \/>\n\t<meta property=\"og:image:height\" content=\"1080\" \/>\n\t<meta property=\"og:image:type\" content=\"image\/jpeg\" \/>\n<meta name=\"twitter:card\" content=\"summary_large_image\" \/>\n<meta name=\"twitter:site\" content=\"@TG4TV\" \/>\n<meta name=\"twitter:label1\" content=\"Est. reading time\" \/>\n\t<meta name=\"twitter:data1\" content=\"1 minute\" \/>\n<script type=\"application\/ld+json\" class=\"yoast-schema-graph\">{\"@context\":\"https:\/\/schema.org\",\"@graph\":[{\"@type\":\"WebPage\",\"@id\":\"https:\/\/dev.tg4.ie\/ga\/eolas\/gradaim\/2006-2\/\",\"url\":\"https:\/\/dev.tg4.ie\/ga\/eolas\/gradaim\/2006-2\/\",\"name\":\"2006 - TG4\",\"isPartOf\":{\"@id\":\"https:\/\/dev.tg4.ie\/en\/#website\"},\"datePublished\":\"2015-08-20T11:18:41+00:00\",\"dateModified\":\"2019-10-22T14:16:54+00:00\",\"breadcrumb\":{\"@id\":\"https:\/\/dev.tg4.ie\/ga\/eolas\/gradaim\/2006-2\/#breadcrumb\"},\"inLanguage\":\"ga\",\"potentialAction\":[{\"@type\":\"ReadAction\",\"target\":[\"https:\/\/dev.tg4.ie\/ga\/eolas\/gradaim\/2006-2\/\"]}]},{\"@type\":\"BreadcrumbList\",\"@id\":\"https:\/\/dev.tg4.ie\/ga\/eolas\/gradaim\/2006-2\/#breadcrumb\",\"itemListElement\":[{\"@type\":\"ListItem\",\"position\":1,\"name\":\"Home\",\"item\":\"https:\/\/dev.tg4.ie\/ga\/\"},{\"@type\":\"ListItem\",\"position\":2,\"name\":\"Eolas\",\"item\":\"https:\/\/dev.tg4.ie\/ga\/eolas\/\"},{\"@type\":\"ListItem\",\"position\":3,\"name\":\"Gradaim\",\"item\":\"https:\/\/dev.tg4.ie\/ga\/eolas\/gradaim\/\"},{\"@type\":\"ListItem\",\"position\":4,\"name\":\"2006\"}]},{\"@type\":\"WebSite\",\"@id\":\"https:\/\/dev.tg4.ie\/en\/#website\",\"url\":\"https:\/\/dev.tg4.ie\/en\/\",\"name\":\"TG4\",\"description\":\"S\u00fail Eile\",\"potentialAction\":[{\"@type\":\"SearchAction\",\"target\":{\"@type\":\"EntryPoint\",\"urlTemplate\":\"https:\/\/dev.tg4.ie\/en\/?s={search_term_string}\"},\"query-input\":\"required name=search_term_string\"}],\"inLanguage\":\"ga\"}]}<\/script>\n<!-- \/ Yoast SEO plugin. -->","yoast_head_json":{"title":"2006 - TG4","robots":{"index":"index","follow":"follow","max-snippet":"max-snippet:-1","max-image-preview":"max-image-preview:large","max-video-preview":"max-video-preview:-1"},"og_locale":"en_US","og_type":"article","og_title":"2006 - TG4","og_description":"2006 Paisean Faisean Duais \u00d3ir Sharks International Awards 2007 Paisean Faisean Duais Chr\u00e9-umha EPICA (European Awards) Paisean Faisean Best of Category Radio Advertising Awards Paisean Faisean Duais \u00d3ir Radio Advertising Awards TG4 Duais Chr\u00e9-umha (Cl\u00f3) ag p\u00f3staeir\u00ed f\u00f3gra\u00edochta ICAD Awards 2006 www.tg4.tv Buaiteoir Feidhm is Fearr Leathanbhanda Duaiseanna an Damh\u00e1in Alla \u00d3rga 2006 Mac an [&hellip;]","og_url":"https:\/\/dev.tg4.ie\/ga\/eolas\/gradaim\/2006-2\/","og_site_name":"TG4","article_publisher":"https:\/\/www.facebook.com\/TG4TV","article_modified_time":"2019-10-22T14:16:54+00:00","og_image":[{"width":1920,"height":1080,"url":"https:\/\/tg4-docs.s3.amazonaws.com\/wp-content\/uploads\/2024\/11\/18151812\/TG4_2024_corcra_teal_1-1920x1080-1.jpg","type":"image\/jpeg"}],"twitter_card":"summary_large_image","twitter_site":"@TG4TV","twitter_misc":{"Est. reading time":"1 minute"},"schema":{"@context":"https:\/\/schema.org","@graph":[{"@type":"WebPage","@id":"https:\/\/dev.tg4.ie\/ga\/eolas\/gradaim\/2006-2\/","url":"https:\/\/dev.tg4.ie\/ga\/eolas\/gradaim\/2006-2\/","name":"2006 - TG4","isPartOf":{"@id":"https:\/\/dev.tg4.ie\/en\/#website"},"datePublished":"2015-08-20T11:18:41+00:00","dateModified":"2019-10-22T14:16:54+00:00","breadcrumb":{"@id":"https:\/\/dev.tg4.ie\/ga\/eolas\/gradaim\/2006-2\/#breadcrumb"},"inLanguage":"ga","potentialAction":[{"@type":"ReadAction","target":["https:\/\/dev.tg4.ie\/ga\/eolas\/gradaim\/2006-2\/"]}]},{"@type":"BreadcrumbList","@id":"https:\/\/dev.tg4.ie\/ga\/eolas\/gradaim\/2006-2\/#breadcrumb","itemListElement":[{"@type":"ListItem","position":1,"name":"Home","item":"https:\/\/dev.tg4.ie\/ga\/"},{"@type":"ListItem","position":2,"name":"Eolas","item":"https:\/\/dev.tg4.ie\/ga\/eolas\/"},{"@type":"ListItem","position":3,"name":"Gradaim","item":"https:\/\/dev.tg4.ie\/ga\/eolas\/gradaim\/"},{"@type":"ListItem","position":4,"name":"2006"}]},{"@type":"WebSite","@id":"https:\/\/dev.tg4.ie\/en\/#website","url":"https:\/\/dev.tg4.ie\/en\/","name":"TG4","description":"S\u00fail Eile","potentialAction":[{"@type":"SearchAction","target":{"@type":"EntryPoint","urlTemplate":"https:\/\/dev.tg4.ie\/en\/?s={search_term_string}"},"query-input":"required name=search_term_string"}],"inLanguage":"ga"}]}},"_links":{"self":[{"href":"https:\/\/dev.tg4.ie\/ga\/wp-json\/wp\/v2\/pages\/1614"}],"collection":[{"href":"https:\/\/dev.tg4.ie\/ga\/wp-json\/wp\/v2\/pages"}],"about":[{"href":"https:\/\/dev.tg4.ie\/ga\/wp-json\/wp\/v2\/types\/page"}],"author":[{"embeddable":true,"href":"https:\/\/dev.tg4.ie\/ga\/wp-json\/wp\/v2\/users\/6"}],"replies":[{"embeddable":true,"href":"https:\/\/dev.tg4.ie\/ga\/wp-json\/wp\/v2\/comments?post=1614"}],"version-history":[{"count":0,"href":"https:\/\/dev.tg4.ie\/ga\/wp-json\/wp\/v2\/pages\/1614\/revisions"}],"up":[{"embeddable":true,"href":"https:\/\/dev.tg4.ie\/ga\/wp-json\/wp\/v2\/pages\/1219"}],"wp:attachment":[{"href":"https:\/\/dev.tg4.ie\/ga\/wp-json\/wp\/v2\/media?parent=1614"}],"curies":[{"name":"wp","href":"https:\/\/api.w.org\/{rel}","templated":true}]}}