{"id":1619,"date":"2015-08-20T13:39:24","date_gmt":"2015-08-20T12:39:24","guid":{"rendered":"https:\/\/dev.tg4.ie\/corporate\/awards\/2005-2\/"},"modified":"2019-10-22T15:16:26","modified_gmt":"2019-10-22T14:16:26","slug":"2005-2","status":"publish","type":"page","link":"https:\/\/dev.tg4.ie\/ga\/eolas\/gradaim\/2005-2\/","title":{"rendered":"2005"},"content":{"rendered":"<h1>2005<\/h1>\n<p><strong>Paisean Faisean<\/strong><br \/>\nDuais Chr\u00e9-umha &#8211; Best Promo<br \/>\nICAD 2005<\/p>\n<p><strong>C\u00fail\u00edn Dualach<\/strong><br \/>\nBuaiteoir: Beochan is fearr<br \/>\nIFTA 2005<br \/>\nBuaiteoir: Beochan is fearr<br \/>\nF\u00e9ile Scann\u00e1n Chiarra\u00ed 2005<br \/>\nBuaiteoir: Beochan do Ghas\u00fair<br \/>\nAniMadrid 2005<br \/>\nBuaiteoir: Gearrscann\u00e1n is Fearr<br \/>\nCartoons on the Bay 2005<\/p>\n<p><strong>Concerto Chaitl\u00edn Maude<\/strong><br \/>\nBuaiteoir: Cl\u00e1r Faisn\u00e9ise Gaeilge is Fearr<br \/>\nIFTA 2005<\/p>\n<p><strong>Yu Ming Is Ainm Dom<\/strong><br \/>\nBuaiteoir: Saothar is Nu\u00e1la\u00ed<br \/>\nCircom 2005<\/p>\n<p><strong>Ringy<\/strong><br \/>\nTeastas Aitheantais<br \/>\nCircom 2005<\/p>\n<p><strong>Cinegael Paradiso<\/strong><br \/>\nBuaiteoir: Spiorad na F\u00e9ile<br \/>\nF\u00e9ile Cheilteach Scann\u00e1n agus Teilif\u00edse 2005<\/p>\n<p><strong>Fluent Dysphasia<\/strong><br \/>\nGearrscann\u00e1n is Fearr (v\u00f3ta an lucht f\u00e9achana)<br \/>\nBritspotting, Berlin 2005<br \/>\nDuais an Lucht F\u00e9achana<br \/>\nF\u00e9ile Scann\u00e1n Montreal 2005<br \/>\nDuais don Sti\u00farth\u00f3ir is Fearr<br \/>\nF\u00e9ile Scann\u00e1n Bh\u00e9al Feirste 2005<\/p>\n","protected":false},"excerpt":{"rendered":"<p>2005 Paisean Faisean Duais Chr\u00e9-umha &#8211; Best Promo ICAD 2005 C\u00fail\u00edn Dualach Buaiteoir: Beochan is fearr IFTA 2005 Buaiteoir: Beochan is fearr F\u00e9ile Scann\u00e1n Chiarra\u00ed 2005 Buaiteoir: Beochan do Ghas\u00fair AniMadrid 2005 Buaiteoir: Gearrscann\u00e1n is Fearr Cartoons on the Bay 2005 Concerto Chaitl\u00edn Maude Buaiteoir: Cl\u00e1r Faisn\u00e9ise Gaeilge is Fearr IFTA 2005 Yu Ming Is [&hellip;]<\/p>\n","protected":false},"author":6,"featured_media":0,"parent":1219,"menu_order":8,"comment_status":"closed","ping_status":"closed","template":"page-templates\/template-corporate.php","meta":{"_acf_changed":false,"footnotes":""},"acf":[],"yoast_head":"<!-- This site is optimized with the Yoast SEO plugin v22.6 - https:\/\/yoast.com\/wordpress\/plugins\/seo\/ -->\n<title>2005 - TG4<\/title>\n<meta name=\"robots\" content=\"index, follow, max-snippet:-1, max-image-preview:large, max-video-preview:-1\" \/>\n<meta property=\"og:locale\" content=\"en_US\" \/>\n<meta property=\"og:type\" content=\"article\" \/>\n<meta property=\"og:title\" content=\"2005 - TG4\" \/>\n<meta property=\"og:description\" content=\"2005 Paisean Faisean Duais Chr\u00e9-umha &#8211; Best Promo ICAD 2005 C\u00fail\u00edn Dualach Buaiteoir: Beochan is fearr IFTA 2005 Buaiteoir: Beochan is fearr F\u00e9ile Scann\u00e1n Chiarra\u00ed 2005 Buaiteoir: Beochan do Ghas\u00fair AniMadrid 2005 Buaiteoir: Gearrscann\u00e1n is Fearr Cartoons on the Bay 2005 Concerto Chaitl\u00edn Maude Buaiteoir: Cl\u00e1r Faisn\u00e9ise Gaeilge is Fearr IFTA 2005 Yu Ming Is [&hellip;]\" \/>\n<meta property=\"og:url\" content=\"https:\/\/dev.tg4.ie\/ga\/eolas\/gradaim\/2005-2\/\" \/>\n<meta property=\"og:site_name\" content=\"TG4\" \/>\n<meta property=\"article:publisher\" content=\"https:\/\/www.facebook.com\/TG4TV\" \/>\n<meta property=\"article:modified_time\" content=\"2019-10-22T14:16:26+00:00\" \/>\n<meta property=\"og:image\" content=\"https:\/\/tg4-docs.s3.amazonaws.com\/wp-content\/uploads\/2024\/11\/18151812\/TG4_2024_corcra_teal_1-1920x1080-1.jpg\" \/>\n\t<meta property=\"og:image:width\" content=\"1920\" \/>\n\t<meta property=\"og:image:height\" content=\"1080\" \/>\n\t<meta property=\"og:image:type\" content=\"image\/jpeg\" \/>\n<meta name=\"twitter:card\" content=\"summary_large_image\" \/>\n<meta name=\"twitter:site\" content=\"@TG4TV\" \/>\n<meta name=\"twitter:label1\" content=\"Est. reading time\" \/>\n\t<meta name=\"twitter:data1\" content=\"1 minute\" \/>\n<script type=\"application\/ld+json\" class=\"yoast-schema-graph\">{\"@context\":\"https:\/\/schema.org\",\"@graph\":[{\"@type\":\"WebPage\",\"@id\":\"https:\/\/dev.tg4.ie\/ga\/eolas\/gradaim\/2005-2\/\",\"url\":\"https:\/\/dev.tg4.ie\/ga\/eolas\/gradaim\/2005-2\/\",\"name\":\"2005 - TG4\",\"isPartOf\":{\"@id\":\"https:\/\/dev.tg4.ie\/en\/#website\"},\"datePublished\":\"2015-08-20T12:39:24+00:00\",\"dateModified\":\"2019-10-22T14:16:26+00:00\",\"breadcrumb\":{\"@id\":\"https:\/\/dev.tg4.ie\/ga\/eolas\/gradaim\/2005-2\/#breadcrumb\"},\"inLanguage\":\"ga\",\"potentialAction\":[{\"@type\":\"ReadAction\",\"target\":[\"https:\/\/dev.tg4.ie\/ga\/eolas\/gradaim\/2005-2\/\"]}]},{\"@type\":\"BreadcrumbList\",\"@id\":\"https:\/\/dev.tg4.ie\/ga\/eolas\/gradaim\/2005-2\/#breadcrumb\",\"itemListElement\":[{\"@type\":\"ListItem\",\"position\":1,\"name\":\"Home\",\"item\":\"https:\/\/dev.tg4.ie\/ga\/\"},{\"@type\":\"ListItem\",\"position\":2,\"name\":\"Eolas\",\"item\":\"https:\/\/dev.tg4.ie\/ga\/eolas\/\"},{\"@type\":\"ListItem\",\"position\":3,\"name\":\"Gradaim\",\"item\":\"https:\/\/dev.tg4.ie\/ga\/eolas\/gradaim\/\"},{\"@type\":\"ListItem\",\"position\":4,\"name\":\"2005\"}]},{\"@type\":\"WebSite\",\"@id\":\"https:\/\/dev.tg4.ie\/en\/#website\",\"url\":\"https:\/\/dev.tg4.ie\/en\/\",\"name\":\"TG4\",\"description\":\"S\u00fail Eile\",\"potentialAction\":[{\"@type\":\"SearchAction\",\"target\":{\"@type\":\"EntryPoint\",\"urlTemplate\":\"https:\/\/dev.tg4.ie\/en\/?s={search_term_string}\"},\"query-input\":\"required name=search_term_string\"}],\"inLanguage\":\"ga\"}]}<\/script>\n<!-- \/ Yoast SEO plugin. -->","yoast_head_json":{"title":"2005 - TG4","robots":{"index":"index","follow":"follow","max-snippet":"max-snippet:-1","max-image-preview":"max-image-preview:large","max-video-preview":"max-video-preview:-1"},"og_locale":"en_US","og_type":"article","og_title":"2005 - TG4","og_description":"2005 Paisean Faisean Duais Chr\u00e9-umha &#8211; Best Promo ICAD 2005 C\u00fail\u00edn Dualach Buaiteoir: Beochan is fearr IFTA 2005 Buaiteoir: Beochan is fearr F\u00e9ile Scann\u00e1n Chiarra\u00ed 2005 Buaiteoir: Beochan do Ghas\u00fair AniMadrid 2005 Buaiteoir: Gearrscann\u00e1n is Fearr Cartoons on the Bay 2005 Concerto Chaitl\u00edn Maude Buaiteoir: Cl\u00e1r Faisn\u00e9ise Gaeilge is Fearr IFTA 2005 Yu Ming Is [&hellip;]","og_url":"https:\/\/dev.tg4.ie\/ga\/eolas\/gradaim\/2005-2\/","og_site_name":"TG4","article_publisher":"https:\/\/www.facebook.com\/TG4TV","article_modified_time":"2019-10-22T14:16:26+00:00","og_image":[{"width":1920,"height":1080,"url":"https:\/\/tg4-docs.s3.amazonaws.com\/wp-content\/uploads\/2024\/11\/18151812\/TG4_2024_corcra_teal_1-1920x1080-1.jpg","type":"image\/jpeg"}],"twitter_card":"summary_large_image","twitter_site":"@TG4TV","twitter_misc":{"Est. reading time":"1 minute"},"schema":{"@context":"https:\/\/schema.org","@graph":[{"@type":"WebPage","@id":"https:\/\/dev.tg4.ie\/ga\/eolas\/gradaim\/2005-2\/","url":"https:\/\/dev.tg4.ie\/ga\/eolas\/gradaim\/2005-2\/","name":"2005 - TG4","isPartOf":{"@id":"https:\/\/dev.tg4.ie\/en\/#website"},"datePublished":"2015-08-20T12:39:24+00:00","dateModified":"2019-10-22T14:16:26+00:00","breadcrumb":{"@id":"https:\/\/dev.tg4.ie\/ga\/eolas\/gradaim\/2005-2\/#breadcrumb"},"inLanguage":"ga","potentialAction":[{"@type":"ReadAction","target":["https:\/\/dev.tg4.ie\/ga\/eolas\/gradaim\/2005-2\/"]}]},{"@type":"BreadcrumbList","@id":"https:\/\/dev.tg4.ie\/ga\/eolas\/gradaim\/2005-2\/#breadcrumb","itemListElement":[{"@type":"ListItem","position":1,"name":"Home","item":"https:\/\/dev.tg4.ie\/ga\/"},{"@type":"ListItem","position":2,"name":"Eolas","item":"https:\/\/dev.tg4.ie\/ga\/eolas\/"},{"@type":"ListItem","position":3,"name":"Gradaim","item":"https:\/\/dev.tg4.ie\/ga\/eolas\/gradaim\/"},{"@type":"ListItem","position":4,"name":"2005"}]},{"@type":"WebSite","@id":"https:\/\/dev.tg4.ie\/en\/#website","url":"https:\/\/dev.tg4.ie\/en\/","name":"TG4","description":"S\u00fail Eile","potentialAction":[{"@type":"SearchAction","target":{"@type":"EntryPoint","urlTemplate":"https:\/\/dev.tg4.ie\/en\/?s={search_term_string}"},"query-input":"required name=search_term_string"}],"inLanguage":"ga"}]}},"_links":{"self":[{"href":"https:\/\/dev.tg4.ie\/ga\/wp-json\/wp\/v2\/pages\/1619"}],"collection":[{"href":"https:\/\/dev.tg4.ie\/ga\/wp-json\/wp\/v2\/pages"}],"about":[{"href":"https:\/\/dev.tg4.ie\/ga\/wp-json\/wp\/v2\/types\/page"}],"author":[{"embeddable":true,"href":"https:\/\/dev.tg4.ie\/ga\/wp-json\/wp\/v2\/users\/6"}],"replies":[{"embeddable":true,"href":"https:\/\/dev.tg4.ie\/ga\/wp-json\/wp\/v2\/comments?post=1619"}],"version-history":[{"count":0,"href":"https:\/\/dev.tg4.ie\/ga\/wp-json\/wp\/v2\/pages\/1619\/revisions"}],"up":[{"embeddable":true,"href":"https:\/\/dev.tg4.ie\/ga\/wp-json\/wp\/v2\/pages\/1219"}],"wp:attachment":[{"href":"https:\/\/dev.tg4.ie\/ga\/wp-json\/wp\/v2\/media?parent=1619"}],"curies":[{"name":"wp","href":"https:\/\/api.w.org\/{rel}","templated":true}]}}