{"id":1625,"date":"2015-08-20T13:57:29","date_gmt":"2015-08-20T12:57:29","guid":{"rendered":"https:\/\/dev.tg4.ie\/corporate\/awards\/2004-2\/"},"modified":"2019-10-22T15:15:03","modified_gmt":"2019-10-22T14:15:03","slug":"2004-2","status":"publish","type":"page","link":"https:\/\/dev.tg4.ie\/ga\/eolas\/gradaim\/2004-2\/","title":{"rendered":"2004"},"content":{"rendered":"<h1>2004<\/h1>\n<p><strong>Ringy<\/strong><br \/>\nGearrliosta: Sp\u00f3rt<br \/>\nIFTA 2004<\/p>\n<p><strong>Dearadh\/Design<\/strong><br \/>\nBuaiteoir: Dh\u00e1 Chloig\u00edn \u00d3ir do bhlais\u00edn agus do mh\u00edr aitheantais le TG4<br \/>\nICAD 2004<\/p>\n<p><strong>Ros na R\u00fan<\/strong><br \/>\nGearrliosta i dh\u00e1 dhuaisaicme: Dr\u00e1ma Teilif\u00edse agus Cl\u00e1r Gaeilge<br \/>\nIFTA 2004<\/p>\n<p><strong>Gradam Ceoil TG4<\/strong><br \/>\nCl\u00e1r Teilif\u00edse na Bliana 2004<br \/>\nGradaim Chumars\u00e1ide Oireachtas na Gaeilge<\/p>\n<p><strong>Hi\u00fada\u00ed<\/strong><br \/>\nPearsa Teilif\u00edse na Bliana 2004:<br \/>\nGradaim Chumars\u00e1ide Oireachtas na Gaeilge<\/p>\n<p><strong>Cinegael Paradiso<\/strong><br \/>\nBuaiteoir: Cl\u00e1r Gn\u00e9fhaisn\u00e9ise<br \/>\nF\u00e9ile Scann\u00e1n na Gaillimhe<br \/>\nBuaiteoir: Cl\u00e1r Gn\u00e9fhaisn\u00e9ise<br \/>\nF\u00e9ile Scann\u00e1n Bhost\u00fan<br \/>\nGearrliosta: Cl\u00e1r Gaeilge<br \/>\nIFTA 2004<\/p>\n<p><strong>Am\u00fa<\/strong><br \/>\nGearrliosta: Siamsa\u00edocht<br \/>\nIFTA 2004<\/p>\n<p><strong>Tintown<\/strong><br \/>\nGearrliosta: Cl\u00e1r Gaeilge<br \/>\nIFTA 2004<\/p>\n<p><strong>Manch\u00e1n sa tS\u00edn<\/strong><br \/>\nGearrliosta: Saolchl\u00e1r<br \/>\nIFTA 2004<\/p>\n<p><strong>Yu Ming Is Ainm Dom<\/strong><br \/>\nBuaiteoir: Duais don Ghreanndr\u00e1ma is Fearr<br \/>\nAspen Shortsfest Film Festival i Colorado<br \/>\nBuaiteoir: Gradam Frank Copplestone, (Duais don Sti\u00farth\u00f3ir is Fearr &#8211; c\u00e9ad iarracht)<br \/>\nF\u00e9ile Cheilteach Scann\u00e1n agus Teilif\u00edse<br \/>\nBuaiteoir: Duais na Me\u00e1n F\u00edse<br \/>\nMAMA 2004 &#8211; Ilchult\u00faras sna Me\u00e1in &#8211; comhurraithe ag nuacht\u00e1n Metro \u00c9ireann agus RTE<br \/>\nBuaiteoir: Gearrscann\u00e1n is Fearr<br \/>\nBritspotting Independent Film Festival Berlin 2004 (v\u00f3ta an lucht f\u00e9achana)<br \/>\nDuais an Lucht F\u00e9achana: F\u00e9ile Scann\u00e1n Montreal 2004<\/p>\n<p><strong>Harry Clarke: Dorchadas i Solas<\/strong><br \/>\nBuaiteoir: Cl\u00e1r Faisn\u00e9ise Eala\u00edne<br \/>\nAn Fh\u00e9ile Idirn\u00e1isi\u00fanta Cheilteach Scann\u00e1n &amp; Teilf\u00edse 2004<\/p>\n<p><strong>Frank Ned agus Busy Lizzie<\/strong><br \/>\nBuaiteoir: Cl\u00e1r Gn\u00e9fhaisn\u00e9ise<br \/>\nAn Fh\u00e9ile Idirn\u00e1isi\u00fanta Cheilteach Scann\u00e1n &amp; Teilf\u00edse 2004<\/p>\n","protected":false},"excerpt":{"rendered":"<p>2004 Ringy Gearrliosta: Sp\u00f3rt IFTA 2004 Dearadh\/Design Buaiteoir: Dh\u00e1 Chloig\u00edn \u00d3ir do bhlais\u00edn agus do mh\u00edr aitheantais le TG4 ICAD 2004 Ros na R\u00fan Gearrliosta i dh\u00e1 dhuaisaicme: Dr\u00e1ma Teilif\u00edse agus Cl\u00e1r Gaeilge IFTA 2004 Gradam Ceoil TG4 Cl\u00e1r Teilif\u00edse na Bliana 2004 Gradaim Chumars\u00e1ide Oireachtas na Gaeilge Hi\u00fada\u00ed Pearsa Teilif\u00edse na Bliana 2004: Gradaim [&hellip;]<\/p>\n","protected":false},"author":6,"featured_media":0,"parent":1219,"menu_order":7,"comment_status":"closed","ping_status":"closed","template":"page-templates\/template-corporate.php","meta":{"_acf_changed":false,"footnotes":""},"acf":[],"yoast_head":"<!-- This site is optimized with the Yoast SEO plugin v22.6 - https:\/\/yoast.com\/wordpress\/plugins\/seo\/ -->\n<title>2004 - TG4<\/title>\n<meta name=\"robots\" content=\"index, follow, max-snippet:-1, max-image-preview:large, max-video-preview:-1\" \/>\n<meta property=\"og:locale\" content=\"en_US\" \/>\n<meta property=\"og:type\" content=\"article\" \/>\n<meta property=\"og:title\" content=\"2004 - TG4\" \/>\n<meta property=\"og:description\" content=\"2004 Ringy Gearrliosta: Sp\u00f3rt IFTA 2004 Dearadh\/Design Buaiteoir: Dh\u00e1 Chloig\u00edn \u00d3ir do bhlais\u00edn agus do mh\u00edr aitheantais le TG4 ICAD 2004 Ros na R\u00fan Gearrliosta i dh\u00e1 dhuaisaicme: Dr\u00e1ma Teilif\u00edse agus Cl\u00e1r Gaeilge IFTA 2004 Gradam Ceoil TG4 Cl\u00e1r Teilif\u00edse na Bliana 2004 Gradaim Chumars\u00e1ide Oireachtas na Gaeilge Hi\u00fada\u00ed Pearsa Teilif\u00edse na Bliana 2004: Gradaim [&hellip;]\" \/>\n<meta property=\"og:url\" content=\"https:\/\/dev.tg4.ie\/ga\/eolas\/gradaim\/2004-2\/\" \/>\n<meta property=\"og:site_name\" content=\"TG4\" \/>\n<meta property=\"article:publisher\" content=\"https:\/\/www.facebook.com\/TG4TV\" \/>\n<meta property=\"article:modified_time\" content=\"2019-10-22T14:15:03+00:00\" \/>\n<meta property=\"og:image\" content=\"https:\/\/tg4-docs.s3.amazonaws.com\/wp-content\/uploads\/2024\/11\/18151812\/TG4_2024_corcra_teal_1-1920x1080-1.jpg\" \/>\n\t<meta property=\"og:image:width\" content=\"1920\" \/>\n\t<meta property=\"og:image:height\" content=\"1080\" \/>\n\t<meta property=\"og:image:type\" content=\"image\/jpeg\" \/>\n<meta name=\"twitter:card\" content=\"summary_large_image\" \/>\n<meta name=\"twitter:site\" content=\"@TG4TV\" \/>\n<meta name=\"twitter:label1\" content=\"Est. reading time\" \/>\n\t<meta name=\"twitter:data1\" content=\"1 minute\" \/>\n<script type=\"application\/ld+json\" class=\"yoast-schema-graph\">{\"@context\":\"https:\/\/schema.org\",\"@graph\":[{\"@type\":\"WebPage\",\"@id\":\"https:\/\/dev.tg4.ie\/ga\/eolas\/gradaim\/2004-2\/\",\"url\":\"https:\/\/dev.tg4.ie\/ga\/eolas\/gradaim\/2004-2\/\",\"name\":\"2004 - TG4\",\"isPartOf\":{\"@id\":\"https:\/\/dev.tg4.ie\/en\/#website\"},\"datePublished\":\"2015-08-20T12:57:29+00:00\",\"dateModified\":\"2019-10-22T14:15:03+00:00\",\"breadcrumb\":{\"@id\":\"https:\/\/dev.tg4.ie\/ga\/eolas\/gradaim\/2004-2\/#breadcrumb\"},\"inLanguage\":\"ga\",\"potentialAction\":[{\"@type\":\"ReadAction\",\"target\":[\"https:\/\/dev.tg4.ie\/ga\/eolas\/gradaim\/2004-2\/\"]}]},{\"@type\":\"BreadcrumbList\",\"@id\":\"https:\/\/dev.tg4.ie\/ga\/eolas\/gradaim\/2004-2\/#breadcrumb\",\"itemListElement\":[{\"@type\":\"ListItem\",\"position\":1,\"name\":\"Home\",\"item\":\"https:\/\/dev.tg4.ie\/ga\/\"},{\"@type\":\"ListItem\",\"position\":2,\"name\":\"Eolas\",\"item\":\"https:\/\/dev.tg4.ie\/ga\/eolas\/\"},{\"@type\":\"ListItem\",\"position\":3,\"name\":\"Gradaim\",\"item\":\"https:\/\/dev.tg4.ie\/ga\/eolas\/gradaim\/\"},{\"@type\":\"ListItem\",\"position\":4,\"name\":\"2004\"}]},{\"@type\":\"WebSite\",\"@id\":\"https:\/\/dev.tg4.ie\/en\/#website\",\"url\":\"https:\/\/dev.tg4.ie\/en\/\",\"name\":\"TG4\",\"description\":\"S\u00fail Eile\",\"potentialAction\":[{\"@type\":\"SearchAction\",\"target\":{\"@type\":\"EntryPoint\",\"urlTemplate\":\"https:\/\/dev.tg4.ie\/en\/?s={search_term_string}\"},\"query-input\":\"required name=search_term_string\"}],\"inLanguage\":\"ga\"}]}<\/script>\n<!-- \/ Yoast SEO plugin. -->","yoast_head_json":{"title":"2004 - TG4","robots":{"index":"index","follow":"follow","max-snippet":"max-snippet:-1","max-image-preview":"max-image-preview:large","max-video-preview":"max-video-preview:-1"},"og_locale":"en_US","og_type":"article","og_title":"2004 - TG4","og_description":"2004 Ringy Gearrliosta: Sp\u00f3rt IFTA 2004 Dearadh\/Design Buaiteoir: Dh\u00e1 Chloig\u00edn \u00d3ir do bhlais\u00edn agus do mh\u00edr aitheantais le TG4 ICAD 2004 Ros na R\u00fan Gearrliosta i dh\u00e1 dhuaisaicme: Dr\u00e1ma Teilif\u00edse agus Cl\u00e1r Gaeilge IFTA 2004 Gradam Ceoil TG4 Cl\u00e1r Teilif\u00edse na Bliana 2004 Gradaim Chumars\u00e1ide Oireachtas na Gaeilge Hi\u00fada\u00ed Pearsa Teilif\u00edse na Bliana 2004: Gradaim [&hellip;]","og_url":"https:\/\/dev.tg4.ie\/ga\/eolas\/gradaim\/2004-2\/","og_site_name":"TG4","article_publisher":"https:\/\/www.facebook.com\/TG4TV","article_modified_time":"2019-10-22T14:15:03+00:00","og_image":[{"width":1920,"height":1080,"url":"https:\/\/tg4-docs.s3.amazonaws.com\/wp-content\/uploads\/2024\/11\/18151812\/TG4_2024_corcra_teal_1-1920x1080-1.jpg","type":"image\/jpeg"}],"twitter_card":"summary_large_image","twitter_site":"@TG4TV","twitter_misc":{"Est. reading time":"1 minute"},"schema":{"@context":"https:\/\/schema.org","@graph":[{"@type":"WebPage","@id":"https:\/\/dev.tg4.ie\/ga\/eolas\/gradaim\/2004-2\/","url":"https:\/\/dev.tg4.ie\/ga\/eolas\/gradaim\/2004-2\/","name":"2004 - TG4","isPartOf":{"@id":"https:\/\/dev.tg4.ie\/en\/#website"},"datePublished":"2015-08-20T12:57:29+00:00","dateModified":"2019-10-22T14:15:03+00:00","breadcrumb":{"@id":"https:\/\/dev.tg4.ie\/ga\/eolas\/gradaim\/2004-2\/#breadcrumb"},"inLanguage":"ga","potentialAction":[{"@type":"ReadAction","target":["https:\/\/dev.tg4.ie\/ga\/eolas\/gradaim\/2004-2\/"]}]},{"@type":"BreadcrumbList","@id":"https:\/\/dev.tg4.ie\/ga\/eolas\/gradaim\/2004-2\/#breadcrumb","itemListElement":[{"@type":"ListItem","position":1,"name":"Home","item":"https:\/\/dev.tg4.ie\/ga\/"},{"@type":"ListItem","position":2,"name":"Eolas","item":"https:\/\/dev.tg4.ie\/ga\/eolas\/"},{"@type":"ListItem","position":3,"name":"Gradaim","item":"https:\/\/dev.tg4.ie\/ga\/eolas\/gradaim\/"},{"@type":"ListItem","position":4,"name":"2004"}]},{"@type":"WebSite","@id":"https:\/\/dev.tg4.ie\/en\/#website","url":"https:\/\/dev.tg4.ie\/en\/","name":"TG4","description":"S\u00fail Eile","potentialAction":[{"@type":"SearchAction","target":{"@type":"EntryPoint","urlTemplate":"https:\/\/dev.tg4.ie\/en\/?s={search_term_string}"},"query-input":"required name=search_term_string"}],"inLanguage":"ga"}]}},"_links":{"self":[{"href":"https:\/\/dev.tg4.ie\/ga\/wp-json\/wp\/v2\/pages\/1625"}],"collection":[{"href":"https:\/\/dev.tg4.ie\/ga\/wp-json\/wp\/v2\/pages"}],"about":[{"href":"https:\/\/dev.tg4.ie\/ga\/wp-json\/wp\/v2\/types\/page"}],"author":[{"embeddable":true,"href":"https:\/\/dev.tg4.ie\/ga\/wp-json\/wp\/v2\/users\/6"}],"replies":[{"embeddable":true,"href":"https:\/\/dev.tg4.ie\/ga\/wp-json\/wp\/v2\/comments?post=1625"}],"version-history":[{"count":0,"href":"https:\/\/dev.tg4.ie\/ga\/wp-json\/wp\/v2\/pages\/1625\/revisions"}],"up":[{"embeddable":true,"href":"https:\/\/dev.tg4.ie\/ga\/wp-json\/wp\/v2\/pages\/1219"}],"wp:attachment":[{"href":"https:\/\/dev.tg4.ie\/ga\/wp-json\/wp\/v2\/media?parent=1625"}],"curies":[{"name":"wp","href":"https:\/\/api.w.org\/{rel}","templated":true}]}}