{"id":16287,"date":"2016-04-05T16:25:32","date_gmt":"2016-04-05T15:25:32","guid":{"rendered":"https:\/\/dev.tg4.ie\/?page_id=16287"},"modified":"2019-06-24T16:23:50","modified_gmt":"2019-06-24T15:23:50","slug":"05-04-16","status":"publish","type":"page","link":"https:\/\/dev.tg4.ie\/ga\/eolas\/preas\/nuacht-raitis\/2016-2\/05-04-16\/","title":{"rendered":"05.04.16"},"content":{"rendered":"<h1>Gearrliosta na nGradam Cumars\u00e1ide f\u00f3graithe<\/h1>\n<p>T\u00e1 Stiof\u00e1n \u00d3 Fearail \u00f3n mbanna ceoil Seo Linn, craolt\u00f3ir Bl\u00e1thnaid N\u00ed Chofaigh agus iriseoir Cathal Mac Coille i measc iad si\u00fad at\u00e1 ainmnithe do Ghradaim Chumars\u00e1ide an Oireachtais i mbliana. F\u00f3gra\u00edodh gearrliosta na ngradam inniu, 5 Aibre\u00e1n 2016 agus beidh an searmanas ar si\u00fal in \u00d3st\u00e1n Bh\u00f3thar na Tr\u00e1, D\u00e9 hAoine, 13 Bealtaine 2016. Beidh an craolt\u00f3ir nuachta RT\u00c9, Aengus Mac Grianna, ar ais ar\u00eds ina r\u00f3l mar Fhear an T\u00ed.<\/p>\n<p>D\u00e9antar ceili\u00faradh ar an gcuid is fearr den \u00e9acht oibre a chuirtear i gcr\u00edch in earn\u00e1il na cumars\u00e1ide Gaeilge gach bliain agus na gradaim seo \u00e1 mbronnadh. Tugtar \u00f3m\u00f3s do na haisteoir\u00ed, na hiriseoir\u00ed, na l\u00e1ithreoir\u00ed, lucht d\u00e9anta na gcl\u00e1r agus daoine eile san earn\u00e1il a rinne s\u00e1r-ionchur sa ghort sin le bliain anuas.<\/p>\n<p>\u201cD\u00e9anaim comhghairdeas \u00f3 chro\u00ed le gach aon duine at\u00e1 ainmnithe ar an ngearrliosta\u201d arsa Liam \u00d3 Maolaodha, Sti\u00farth\u00f3ir an Oireachtais. \u201cTugann Gradaim Chumars\u00e1ide an Oireachtais aitheantas don s\u00e1r-obair in earn\u00e1il na cumars\u00e1ide Gaeilge gach bliain agus is \u00e1bhar r\u00edm\u00e9id dom s\u00e1r-chumas agus ardchaighde\u00e1n na n-aisteoir\u00ed, na n-iriseoir\u00ed, na l\u00e1ithreoir\u00ed agus an lucht d\u00e9anta cl\u00e1r at\u00e1 ar ghearrliosta na bliana seo.\u201d a deir s\u00e9.<\/p>\n<p>T\u00e1 t\u00e9ama 1916 l\u00e1rnach i ngearrliosta na bliana seo. San \u00e1ireamh t\u00e1<strong> <em>1916: Seachtar Dearmadta <\/em><\/strong>de chuid Ab\u00fa Media, at\u00e1 reicthe ag Brendan Gleeson, ainmnithe do <em>Shraith Teilif<\/em><em>\u00ed<\/em><em>s<\/em><em>e na Bliana<\/em>. Chomh maith leis seo, t\u00e1 <strong><em>Sheehy Skeffington: S<\/em><em>\u00ed<\/em><em>och<\/em><em>\u00e1<\/em><em>na<\/em><em>\u00ed<\/em><\/strong> de chuid Dearc\u00e1n Media san ioma\u00edocht i gcomhair <em>Scann<\/em><em>\u00e1n\/Cl\u00e1r Teilif\u00edse na Bliana<\/em>. Ins\u00edonn an cl\u00e1r seo sc\u00e9al faoi dh\u00fanmhar\u00fa Francis Sheehy Skeffington faoi l\u00e1mh na tr\u00fapa\u00ed Sasanacha.<\/p>\n<p>T\u00e1 catag\u00f3ir breise gearrscann\u00e1na\u00edochta curtha leis na Gradaim i mbliana agus t\u00e1 an tOireachtas ag s\u00fail go nochtfar foinse shaibhir tallann i measc scann\u00e1n\u00f3ir\u00ed Gaeilge na t\u00edre sa chatag\u00f3ir nua seo. Taispe\u00e1nfar na gearrscann\u00e1in seo roimh bhronnadh na ngradam ar an Aoine, 13 Bealtaine in \u00d3st\u00e1n Bh\u00f3thar na Tr\u00e1, Gaillimh.<\/p>\n<p>T\u00e1 an craolt\u00f3ir Bl\u00e1thnaid N\u00ed Chofaigh i l\u00e1r an aonaigh sna catag\u00f3ir\u00ed raidi\u00f3 i mbliana. Ainmn\u00edodh \u00ed sa chatag\u00f3ir <em>Craolt<\/em><em>\u00f3<\/em><em>ir Raidi<\/em><em>\u00f3<\/em> <em>na Bliana <\/em>agus t\u00e1 a cl\u00e1r seachtaini\u00fail, <em>Bl<\/em><em>\u00e1<\/em><em>thnaid Libh<\/em> (RT\u00c9 Raidi\u00f3 na Gaeltachta) in ioma\u00edocht do <em>Shraith Raidi<\/em><em>\u00f3<\/em> <em>na Bliana<\/em> le<em> Splanc, <\/em>cl\u00e1r a l\u00e1ithr\u00edonn R\u00f3n\u00e1n \u00d3 Muirthile ar Newstalk. T\u00e1 an craolt\u00f3ir Cathal Mac Coille ainmnithe d\u00e1 chol\u00fan rialta do Tuairisc.ie sa chatag\u00f3ir <em>Iriseoir na Bliana.<\/em><\/p>\n<p>Beidh tri\u00far col\u00fana\u00ed a scr\u00edobhann don l\u00e1ithre\u00e1n gr\u00e9as\u00e1in Tuairisc.ie, Cathal Mac Coille, Maiti\u00fa \u00d3 Coim\u00edn agus Alex Hijmans in ioma\u00edocht lena ch\u00e9ile sa chatag\u00f3ir <em>Col<\/em><em>\u00fa<\/em><em>na<\/em><em>\u00ed<\/em><em>\/Iriseoir na Bliana <\/em>in \u00e9ineacht le M\u00e9abh N\u00ed Thuathal\u00e1in \u00f3 N\u00f3s.ie agus Alan Titley \u00f3n Irish Times.<\/p>\n<p>I measc na l\u00e1ithre\u00e1n at\u00e1 ainmnithe don l\u00e1ithre\u00e1n gr\u00e9as\u00e1in Gaeilge is fearr, t\u00e1 Tuairisc.ie, <strong>TG4.ie<\/strong>, Meoneile.ie agus Raidiofailte.com.<\/p>\n<p>T\u00e1 <strong>Joe Steve \u00d3 Neachtain<\/strong> agus <strong>R\u00f3is\u00edn N\u00ed Ch\u00e9ileachair<\/strong> in ioma\u00edocht i gcomhair teidil <em>Aisteoir na Bliana<\/em>. T\u00e1 r\u00f3l Pheadair ag Joe Steve i <strong>Ros na R\u00fan<\/strong> (EO Teilif\u00eds) le fiche bliain anuas agus t\u00e1 r\u00f3l Mh\u00f3na ag R\u00f3is\u00edn i gcl\u00e1r nua do TG4, <strong>EIPIC<\/strong> le Magamedia. Sc\u00e9al c\u00faigear d\u00e9ag\u00f3ir\u00ed a chuireann t\u00fas le r\u00e9abhl\u00f3id ceoil in oifig an phoist folamh at\u00e1 sa chl\u00e1r seo.<\/p>\n<p>Mar is gn\u00e1th, roghn\u00f3far an fear agus an bhean is gal\u00e1nta faisean ar an o\u00edche agus tar \u00e9is an bhronnta beidh ceol le cloiste\u00e1il \u00f3n mbanna ceoil c\u00e1ili\u00fail as Conamara, Cill\u00edn<\/p>\n<p>&nbsp;<\/p>\n<h1><u>CATAG\u00d3IR: TEILIF\u00cdS<\/u><\/h1>\n<h3><\/h3>\n<h3><strong>SRAITH TEILIF\u00cdSE NA BLIANA<\/strong><\/h3>\n<h4>Cuimhn\u00ed \u00f3n mBlascaod\u00a0\u00a0\u00a0\u00a0\u00a0\u00a0\u00a0\u00a0\u00a0\u00a0\u00a0\u00a0\u00a0\u00a0\u00a0\u00a0\u00a0 Praxis Pictures<\/h4>\n<h4>EIPIC\u00a0\u00a0\u00a0\u00a0\u00a0\u00a0\u00a0\u00a0\u00a0\u00a0\u00a0\u00a0\u00a0\u00a0\u00a0\u00a0\u00a0\u00a0\u00a0\u00a0\u00a0\u00a0\u00a0\u00a0\u00a0\u00a0\u00a0\u00a0\u00a0\u00a0\u00a0\u00a0\u00a0\u00a0\u00a0\u00a0\u00a0\u00a0\u00a0\u00a0 Magamedia<\/h4>\n<h4>Imeall \u00a0\u00a0\u00a0\u00a0\u00a0\u00a0\u00a0\u00a0\u00a0\u00a0\u00a0\u00a0\u00a0\u00a0\u00a0\u00a0\u00a0\u00a0\u00a0\u00a0\u00a0\u00a0\u00a0\u00a0\u00a0\u00a0\u00a0\u00a0\u00a0\u00a0\u00a0\u00a0\u00a0\u00a0\u00a0\u00a0\u00a0\u00a0 Redshoe Productions<\/h4>\n<h4>1916: Seachtar Dearmadta\u00a0\u00a0\u00a0\u00a0\u00a0\u00a0\u00a0\u00a0\u00a0\u00a0\u00a0 Ab\u00fa Media<\/h4>\n<h4>Folk Aduaidh \u00a0\u00a0\u00a0\u00a0\u00a0\u00a0\u00a0\u00a0\u00a0\u00a0\u00a0\u00a0\u00a0\u00a0\u00a0\u00a0\u00a0\u00a0\u00a0\u00a0\u00a0\u00a0\u00a0\u00a0\u00a0\u00a0\u00a0\u00a0\u00a0 Sonas Productions<\/h4>\n<h3><\/h3>\n<h3><strong>SCANN\u00c1N \/ CL\u00c1R NA BLIANA<\/strong><\/h3>\n<h4>V\u00f3ta 2016 \u00a0\u00a0\u00a0\u00a0\u00a0\u00a0\u00a0\u00a0\u00a0\u00a0\u00a0\u00a0\u00a0\u00a0\u00a0\u00a0\u00a0\u00a0\u00a0\u00a0\u00a0\u00a0\u00a0\u00a0\u00a0\u00a0\u00a0\u00a0\u00a0\u00a0\u00a0\u00a0 Comh-l\u00e9iri\u00fa de chuid TG4 &amp; Nuacht TG4<\/h4>\n<h4>I mB\u00e9al na Stoirme\u00a0\u00a0 \u00a0\u00a0\u00a0\u00a0\u00a0\u00a0\u00a0\u00a0\u00a0\u00a0\u00a0\u00a0\u00a0\u00a0\u00a0\u00a0\u00a0\u00a0 An Id\u00e9e Originale\/Lugh Films\/South Wind Blows Productions<\/h4>\n<h4>An Klondike \u00a0\u00a0\u00a0\u00a0\u00a0\u00a0\u00a0\u00a0\u00a0\u00a0\u00a0\u00a0\u00a0\u00a0\u00a0\u00a0\u00a0\u00a0\u00a0\u00a0\u00a0\u00a0\u00a0\u00a0\u00a0\u00a0\u00a0\u00a0\u00a0\u00a0 Ab\u00fa Media<\/h4>\n<h4>Sheehy Skeffington: S\u00edoch\u00e1na\u00ed\u00a0\u00a0\u00a0\u00a0\u00a0\u00a0\u00a0 Dearc\u00e1n Media<\/h4>\n<h4>Deoch an Dorais \u00a0\u00a0\u00a0\u00a0\u00a0\u00a0\u00a0\u00a0\u00a0\u00a0\u00a0\u00a0\u00a0\u00a0\u00a0\u00a0\u00a0\u00a0\u00a0\u00a0\u00a0\u00a0\u00a0\u00a0 Magamedia<\/h4>\n<h3><\/h3>\n<h3><strong>CRAOLT\u00d3IR NA BLIANA<\/strong><\/h3>\n<h4>P\u00e1id\u00ed \u00d3 Lion\u00e1ird\u00a0\u00a0\u00a0\u00a0\u00a0\u00a0\u00a0\u00a0\u00a0\u00a0\u00a0\u00a0\u00a0\u00a0\u00a0\u00a0\u00a0\u00a0\u00a0\u00a0\u00a0\u00a0\u00a0\u00a0\u00a0 7L\u00e1 \/ V\u00f3ta 2016 &#8211; TG4<\/h4>\n<h4>R\u00f3is\u00edn O\u2019Hara\u00a0\u00a0\u00a0\u00a0\u00a0\u00a0\u00a0\u00a0\u00a0\u00a0\u00a0\u00a0\u00a0\u00a0\u00a0\u00a0\u00a0\u00a0\u00a0\u00a0\u00a0\u00a0\u00a0\u00a0\u00a0\u00a0\u00a0\u00a0 R\u00f3is\u00edn- TG4<\/h4>\n<h4>Tristan Rosenstock\u00a0\u00a0\u00a0\u00a0\u00a0\u00a0\u00a0\u00a0\u00a0\u00a0\u00a0\u00a0\u00a0\u00a0\u00a0\u00a0\u00a0\u00a0\u00a0\u00a0\u00a0\u00a0 Imeall- TG4<\/h4>\n<h4>Dara \u00d3 Cinn\u00e9ide\u00a0\u00a0\u00a0\u00a0\u00a0\u00a0\u00a0\u00a0\u00a0\u00a0\u00a0\u00a0\u00a0\u00a0\u00a0\u00a0\u00a0\u00a0\u00a0\u00a0\u00a0\u00a0\u00a0\u00a0\u00a0 GAA USA \/ Se\u00f3 Sp\u00f3irt- TG4<\/h4>\n<h4>S\u00edle Nic Chonaonaigh \u00a0\u00a0\u00a0\u00a0\u00a0\u00a0\u00a0\u00a0\u00a0\u00a0\u00a0\u00a0\u00a0\u00a0\u00a0\u00a0\u00a0\u00a0\u00a0\u00a0\u00a0\u00a0\u00a0\u00a0\u00a0\u00a0\u00a0 D\u00faiche- TG4<\/h4>\n<h3><\/h3>\n<h3><strong>AISTEOIR NA BLIANA<\/strong><\/h3>\n<h4>R\u00f3is\u00edn N\u00ed Ch\u00e9ileachair\u00a0\u00a0\u00a0\u00a0\u00a0\u00a0\u00a0\u00a0\u00a0\u00a0\u00a0\u00a0\u00a0\u00a0\u00a0\u00a0\u00a0\u00a0\u00a0\u00a0\u00a0\u00a0\u00a0\u00a0\u00a0\u00a0\u00a0 M\u00f3na: EIPIC<\/h4>\n<h4>Joe Steve \u00d3 Neachtain \u00a0\u00a0\u00a0\u00a0\u00a0\u00a0\u00a0\u00a0\u00a0\u00a0\u00a0\u00a0\u00a0\u00a0\u00a0\u00a0 Peadar: Ros na R\u00fan<\/h4>\n<h4>Se\u00e1n T. \u00d3 Meallaigh \u00a0\u00a0\u00a0\u00a0\u00a0\u00a0\u00a0\u00a0\u00a0\u00a0\u00a0\u00a0\u00a0\u00a0\u00a0\u00a0\u00a0\u00a0\u00a0 P\u00e1draig Connolly: An Klondike<\/h4>\n<h4>Tara Breathnach \u00a0\u00a0\u00a0\u00a0\u00a0\u00a0\u00a0\u00a0\u00a0\u00a0\u00a0\u00a0\u00a0\u00a0\u00a0\u00a0\u00a0\u00a0\u00a0\u00a0\u00a0\u00a0\u00a0\u00a0 M\u00e1thair: Maidhm<\/h4>\n<h3><\/h3>\n<h1><u>CATAG\u00d3IR: RAIDI\u00d3<\/u><\/h1>\n<h3><\/h3>\n<h3><strong>SRAITH RAIDI\u00d3 NA BLIANA<\/strong><\/h3>\n<h4>Liza mo St\u00f3r agus Sc\u00e9alta Eile \u00a0\u00a0\u00a0\u00a0\u00a0 RT\u00c9 Raidi\u00f3 na Gaeltachta<\/h4>\n<h4>Bl\u00e1thnaid Libh\u00a0\u00a0\u00a0\u00a0\u00a0\u00a0\u00a0\u00a0\u00a0\u00a0\u00a0\u00a0\u00a0\u00a0\u00a0\u00a0\u00a0\u00a0\u00a0\u00a0\u00a0\u00a0\u00a0\u00a0\u00a0\u00a0\u00a0\u00a0\u00a0\u00a0\u00a0\u00a0\u00a0\u00a0\u00a0\u00a0\u00a0 RT\u00c9 Raidi\u00f3 na Gaeltachta<\/h4>\n<h4>Splanc\u00a0\u00a0\u00a0\u00a0\u00a0\u00a0\u00a0\u00a0\u00a0\u00a0\u00a0\u00a0\u00a0\u00a0\u00a0\u00a0\u00a0\u00a0\u00a0\u00a0\u00a0\u00a0\u00a0\u00a0\u00a0\u00a0\u00a0\u00a0\u00a0\u00a0\u00a0\u00a0\u00a0\u00a0\u00a0\u00a0\u00a0\u00a0\u00a0 Newstalk<\/h4>\n<h4>Blas\u00a0\u00a0\u00a0\u00a0\u00a0\u00a0\u00a0\u00a0\u00a0\u00a0\u00a0\u00a0\u00a0\u00a0\u00a0\u00a0\u00a0\u00a0\u00a0\u00a0\u00a0\u00a0\u00a0\u00a0\u00a0\u00a0\u00a0\u00a0\u00a0\u00a0\u00a0\u00a0\u00a0\u00a0\u00a0\u00a0\u00a0\u00a0\u00a0\u00a0\u00a0\u00a0 BBC Raidi\u00f3 Uladh<\/h4>\n<h3><\/h3>\n<h3><strong>CRAOLT\u00d3IR RAIDI\u00d3 NA BLIANA<\/strong><\/h3>\n<h4>Bl\u00e1thnaid N\u00ed Chofaigh\u00a0\u00a0\u00a0\u00a0\u00a0\u00a0\u00a0\u00a0\u00a0\u00a0\u00a0\u00a0\u00a0\u00a0\u00a0\u00a0\u00a0\u00a0 \u00a0 \u00a0\u00a0\u00a0\u00a0\u00a0\u00a0\u00a0 RT\u00c9 Raidi\u00f3 na Gaeltachta<\/h4>\n<h4>R\u00f3n\u00e1n Mac Aodha Bhu\u00ed\u00a0\u00a0\u00a0\u00a0\u00a0\u00a0\u00a0\u00a0\u00a0\u00a0\u00a0\u00a0\u00a0\u00a0\u00a0\u00a0\u00a0 RT\u00c9 Raidi\u00f3 na Gaeltachta<\/h4>\n<h4>Miriam N\u00ed Mheachair \u00a0\u00a0\u00a0\u00a0\u00a0\u00a0\u00a0\u00a0\u00a0\u00a0\u00a0\u00a0\u00a0\u00a0\u00a0\u00a0\u00a0\u00a0\u00a0\u00a0\u00a0\u00a0\u00a0\u00a0\u00a0\u00a0\u00a0 FM 104<\/h4>\n<h4>Eoghan \u00d3 N\u00e9ill \u00a0\u00a0\u00a0\u00a0\u00a0\u00a0\u00a0\u00a0\u00a0\u00a0\u00a0\u00a0\u00a0\u00a0\u00a0\u00a0\u00a0\u00a0\u00a0\u00a0\u00a0\u00a0\u00a0\u00a0\u00a0\u00a0 R\u00e1idi\u00f3 F\u00e1ilte<\/h4>\n<h4>Cormac \u00d3 hEadhra \u00a0\u00a0\u00a0\u00a0\u00a0\u00a0\u00a0\u00a0\u00a0\u00a0\u00a0\u00a0\u00a0\u00a0\u00a0\u00a0\u00a0\u00a0\u00a0\u00a0\u00a0 RT\u00c9 Raidi\u00f3 na Gaeltachta<\/h4>\n<h3><\/h3>\n<h1><u>CATAG\u00d3IR: CL\u00d3<\/u><\/h1>\n<h3><\/h3>\n<h3><strong>COL\u00daNA\u00cd \/ IRISEOIR NA BLIANA<\/strong><\/h3>\n<h4>Cathal Mac Coille\u00a0\u00a0\u00a0\u00a0\u00a0\u00a0\u00a0\u00a0\u00a0\u00a0\u00a0\u00a0\u00a0\u00a0\u00a0\u00a0\u00a0\u00a0\u00a0\u00a0\u00a0\u00a0\u00a0\u00a0 Tuairisc.ie<\/h4>\n<h4>M\u00e9abh N\u00ed Thuathal\u00e1in \u00a0\u00a0\u00a0\u00a0\u00a0\u00a0\u00a0\u00a0\u00a0\u00a0\u00a0\u00a0\u00a0\u00a0\u00a0\u00a0\u00a0 N\u00f3s.ie<\/h4>\n<h4>Alan Titley\u00a0\u00a0\u00a0\u00a0\u00a0\u00a0\u00a0\u00a0\u00a0\u00a0\u00a0\u00a0\u00a0\u00a0\u00a0\u00a0\u00a0\u00a0\u00a0\u00a0\u00a0\u00a0\u00a0\u00a0\u00a0\u00a0\u00a0\u00a0\u00a0\u00a0\u00a0\u00a0 Crobhingne, Irish Times<\/h4>\n<h4>Alex Hijmans\u00a0\u00a0\u00a0\u00a0\u00a0\u00a0\u00a0\u00a0\u00a0\u00a0\u00a0\u00a0\u00a0\u00a0\u00a0\u00a0\u00a0\u00a0\u00a0\u00a0\u00a0\u00a0\u00a0\u00a0\u00a0\u00a0\u00a0\u00a0\u00a0 Tuairisc.ie<\/h4>\n<h4>Maiti\u00fa \u00d3 Coim\u00edn \u00a0\u00a0\u00a0\u00a0\u00a0\u00a0\u00a0\u00a0\u00a0\u00a0\u00a0\u00a0\u00a0\u00a0\u00a0\u00a0\u00a0\u00a0\u00a0\u00a0\u00a0\u00a0\u00a0\u00a0 Tuairisc.ie<\/h4>\n<h3><\/h3>\n<h1><u>L\u00c1ITHRE\u00c1N GREAS\u00c1IN NA BLIANA<\/u><\/h1>\n<h4>www.tuairisc.ie\u00a0\u00a0\u00a0\u00a0\u00a0\u00a0\u00a0\u00a0\u00a0\u00a0\u00a0\u00a0\u00a0\u00a0\u00a0 \u00a0\u00a0\u00a0\u00a0\u00a0\u00a0\u00a0\u00a0 Tuairisc.ie<\/h4>\n<h4>www.tg4.ie \u00a0\u00a0\u00a0\u00a0\u00a0\u00a0\u00a0\u00a0\u00a0\u00a0\u00a0\u00a0\u00a0\u00a0\u00a0\u00a0\u00a0\u00a0\u00a0\u00a0 \u00a0\u00a0\u00a0\u00a0\u00a0\u00a0\u00a0\u00a0\u00a0 TG4<\/h4>\n<h4>www.meoneile.ie\u00a0\u00a0\u00a0\u00a0\u00a0\u00a0\u00a0\u00a0\u00a0\u00a0\u00a0 \u00a0\u00a0\u00a0\u00a0\u00a0\u00a0\u00a0\u00a0\u00a0 Below the Radar<\/h4>\n<h4>www.raidiofailte.com\u00a0\u00a0\u00a0\u00a0\u00a0\u00a0\u00a0\u00a0\u00a0\u00a0\u00a0\u00a0\u00a0 Raidi\u00f3 F\u00e1ilte<\/h4>\n<h3><\/h3>\n<h1><u>R\u00c9ALTA \u00d3G NA BLIANA<\/u><\/h1>\n<h4>Stiof\u00e1n \u00d3 Fearail\u00a0\u00a0\u00a0\u00a0\u00a0\u00a0\u00a0\u00a0\u00a0\u00a0\u00a0\u00a0\u00a0\u00a0\u00a0\u00a0\u00a0\u00a0\u00a0\u00a0\u00a0\u00a0\u00a0\u00a0 Seo Linn\/Cleas Act TG4<\/h4>\n<h4>Sin\u00e9ad N\u00ed Uallach\u00e1in\u00a0\u00a0\u00a0\u00a0\u00a0\u00a0\u00a0\u00a0\u00a0\u00a0\u00a0\u00a0\u00a0\u00a0\u00a0\u00a0\u00a0\u00a0\u00a0 RT\u00c9 Raidi\u00f3 na Gaeltachta<\/h4>\n<h4>Fiona N\u00ed Fhlaithearta \u00a0\u00a0\u00a0\u00a0\u00a0\u00a0\u00a0\u00a0\u00a0\u00a0\u00a0\u00a0\u00a0\u00a0\u00a0\u00a0\u00a0\u00a0\u00a0\u00a0\u00a0\u00a0\u00a0\u00a0\u00a0\u00a0\u00a0 TG4<\/h4>\n<h4>Lisa Madden \u00a0\u00a0\u00a0\u00a0\u00a0\u00a0\u00a0\u00a0\u00a0\u00a0\u00a0\u00a0\u00a0\u00a0\u00a0\u00a0\u00a0\u00a0\u00a0\u00a0\u00a0\u00a0\u00a0\u00a0\u00a0\u00a0\u00a0\u00a0\u00a0 Iriseoir\/l\u00e1ithreoir Neamhsple\u00e1ch<\/h4>\n<h4>Miche\u00e1l \u00d3 Ciaraidh \u00a0\u00a0\u00a0\u00a0\u00a0\u00a0\u00a0\u00a0\u00a0\u00a0\u00a0\u00a0\u00a0\u00a0\u00a0\u00a0\u00a0\u00a0\u00a0\u00a0 C\u00fala 4<\/h4>\n<h4>Edel N\u00ed Churraoin \u00a0\u00a0\u00a0\u00a0\u00a0\u00a0\u00a0\u00a0\u00a0\u00a0\u00a0\u00a0\u00a0\u00a0\u00a0\u00a0\u00a0\u00a0\u00a0\u00a0\u00a0\u00a0 Raidi\u00f3 F\u00e1ilte<\/h4>\n<p><span>\u00a0<\/span><\/p>\n","protected":false},"excerpt":{"rendered":"<p>Gearrliosta na nGradam Cumars\u00e1ide f\u00f3graithe T\u00e1 Stiof\u00e1n \u00d3 Fearail \u00f3n mbanna ceoil Seo Linn, craolt\u00f3ir Bl\u00e1thnaid N\u00ed Chofaigh agus iriseoir Cathal Mac Coille i measc iad si\u00fad at\u00e1 ainmnithe do Ghradaim Chumars\u00e1ide an Oireachtais i mbliana. F\u00f3gra\u00edodh gearrliosta na ngradam inniu, 5 Aibre\u00e1n 2016 agus beidh an searmanas ar si\u00fal in \u00d3st\u00e1n Bh\u00f3thar na Tr\u00e1, [&hellip;]<\/p>\n","protected":false},"author":4,"featured_media":0,"parent":6580,"menu_order":13,"comment_status":"closed","ping_status":"closed","template":"page-templates\/template-pr.php","meta":{"_acf_changed":false,"footnotes":""},"acf":[],"yoast_head":"<!-- This site is optimized with the Yoast SEO plugin v22.6 - https:\/\/yoast.com\/wordpress\/plugins\/seo\/ -->\n<title>05.04.16 - TG4<\/title>\n<meta name=\"robots\" content=\"index, follow, max-snippet:-1, max-image-preview:large, max-video-preview:-1\" \/>\n<meta property=\"og:locale\" content=\"en_US\" \/>\n<meta property=\"og:type\" content=\"article\" \/>\n<meta property=\"og:title\" content=\"05.04.16 - TG4\" \/>\n<meta property=\"og:description\" content=\"Gearrliosta na nGradam Cumars\u00e1ide f\u00f3graithe T\u00e1 Stiof\u00e1n \u00d3 Fearail \u00f3n mbanna ceoil Seo Linn, craolt\u00f3ir Bl\u00e1thnaid N\u00ed Chofaigh agus iriseoir Cathal Mac Coille i measc iad si\u00fad at\u00e1 ainmnithe do Ghradaim Chumars\u00e1ide an Oireachtais i mbliana. F\u00f3gra\u00edodh gearrliosta na ngradam inniu, 5 Aibre\u00e1n 2016 agus beidh an searmanas ar si\u00fal in \u00d3st\u00e1n Bh\u00f3thar na Tr\u00e1, [&hellip;]\" \/>\n<meta property=\"og:url\" content=\"https:\/\/dev.tg4.ie\/ga\/eolas\/preas\/nuacht-raitis\/2016-2\/05-04-16\/\" \/>\n<meta property=\"og:site_name\" content=\"TG4\" \/>\n<meta property=\"article:publisher\" content=\"https:\/\/www.facebook.com\/TG4TV\" \/>\n<meta property=\"article:modified_time\" content=\"2019-06-24T15:23:50+00:00\" \/>\n<meta property=\"og:image\" content=\"https:\/\/tg4-docs.s3.amazonaws.com\/wp-content\/uploads\/2024\/11\/18151812\/TG4_2024_corcra_teal_1-1920x1080-1.jpg\" \/>\n\t<meta property=\"og:image:width\" content=\"1920\" \/>\n\t<meta property=\"og:image:height\" content=\"1080\" \/>\n\t<meta property=\"og:image:type\" content=\"image\/jpeg\" \/>\n<meta name=\"twitter:card\" content=\"summary_large_image\" \/>\n<meta name=\"twitter:site\" content=\"@TG4TV\" \/>\n<meta name=\"twitter:label1\" content=\"Est. reading time\" \/>\n\t<meta name=\"twitter:data1\" content=\"5 minutes\" \/>\n<script type=\"application\/ld+json\" class=\"yoast-schema-graph\">{\"@context\":\"https:\/\/schema.org\",\"@graph\":[{\"@type\":\"WebPage\",\"@id\":\"https:\/\/dev.tg4.ie\/ga\/eolas\/preas\/nuacht-raitis\/2016-2\/05-04-16\/\",\"url\":\"https:\/\/dev.tg4.ie\/ga\/eolas\/preas\/nuacht-raitis\/2016-2\/05-04-16\/\",\"name\":\"05.04.16 - TG4\",\"isPartOf\":{\"@id\":\"https:\/\/dev.tg4.ie\/en\/#website\"},\"datePublished\":\"2016-04-05T15:25:32+00:00\",\"dateModified\":\"2019-06-24T15:23:50+00:00\",\"breadcrumb\":{\"@id\":\"https:\/\/dev.tg4.ie\/ga\/eolas\/preas\/nuacht-raitis\/2016-2\/05-04-16\/#breadcrumb\"},\"inLanguage\":\"ga\",\"potentialAction\":[{\"@type\":\"ReadAction\",\"target\":[\"https:\/\/dev.tg4.ie\/ga\/eolas\/preas\/nuacht-raitis\/2016-2\/05-04-16\/\"]}]},{\"@type\":\"BreadcrumbList\",\"@id\":\"https:\/\/dev.tg4.ie\/ga\/eolas\/preas\/nuacht-raitis\/2016-2\/05-04-16\/#breadcrumb\",\"itemListElement\":[{\"@type\":\"ListItem\",\"position\":1,\"name\":\"Home\",\"item\":\"https:\/\/dev.tg4.ie\/ga\/\"},{\"@type\":\"ListItem\",\"position\":2,\"name\":\"Eolas\",\"item\":\"https:\/\/dev.tg4.ie\/ga\/eolas\/\"},{\"@type\":\"ListItem\",\"position\":3,\"name\":\"Preas\",\"item\":\"https:\/\/dev.tg4.ie\/ga\/eolas\/preas\/\"},{\"@type\":\"ListItem\",\"position\":4,\"name\":\"Nuacht R\u00e1itis\",\"item\":\"https:\/\/dev.tg4.ie\/ga\/eolas\/preas\/nuacht-raitis\/\"},{\"@type\":\"ListItem\",\"position\":5,\"name\":\"2016\",\"item\":\"https:\/\/dev.tg4.ie\/ga\/eolas\/preas\/nuacht-raitis\/2016-2\/\"},{\"@type\":\"ListItem\",\"position\":6,\"name\":\"05.04.16\"}]},{\"@type\":\"WebSite\",\"@id\":\"https:\/\/dev.tg4.ie\/en\/#website\",\"url\":\"https:\/\/dev.tg4.ie\/en\/\",\"name\":\"TG4\",\"description\":\"S\u00fail Eile\",\"potentialAction\":[{\"@type\":\"SearchAction\",\"target\":{\"@type\":\"EntryPoint\",\"urlTemplate\":\"https:\/\/dev.tg4.ie\/en\/?s={search_term_string}\"},\"query-input\":\"required name=search_term_string\"}],\"inLanguage\":\"ga\"}]}<\/script>\n<!-- \/ Yoast SEO plugin. -->","yoast_head_json":{"title":"05.04.16 - TG4","robots":{"index":"index","follow":"follow","max-snippet":"max-snippet:-1","max-image-preview":"max-image-preview:large","max-video-preview":"max-video-preview:-1"},"og_locale":"en_US","og_type":"article","og_title":"05.04.16 - TG4","og_description":"Gearrliosta na nGradam Cumars\u00e1ide f\u00f3graithe T\u00e1 Stiof\u00e1n \u00d3 Fearail \u00f3n mbanna ceoil Seo Linn, craolt\u00f3ir Bl\u00e1thnaid N\u00ed Chofaigh agus iriseoir Cathal Mac Coille i measc iad si\u00fad at\u00e1 ainmnithe do Ghradaim Chumars\u00e1ide an Oireachtais i mbliana. F\u00f3gra\u00edodh gearrliosta na ngradam inniu, 5 Aibre\u00e1n 2016 agus beidh an searmanas ar si\u00fal in \u00d3st\u00e1n Bh\u00f3thar na Tr\u00e1, [&hellip;]","og_url":"https:\/\/dev.tg4.ie\/ga\/eolas\/preas\/nuacht-raitis\/2016-2\/05-04-16\/","og_site_name":"TG4","article_publisher":"https:\/\/www.facebook.com\/TG4TV","article_modified_time":"2019-06-24T15:23:50+00:00","og_image":[{"width":1920,"height":1080,"url":"https:\/\/tg4-docs.s3.amazonaws.com\/wp-content\/uploads\/2024\/11\/18151812\/TG4_2024_corcra_teal_1-1920x1080-1.jpg","type":"image\/jpeg"}],"twitter_card":"summary_large_image","twitter_site":"@TG4TV","twitter_misc":{"Est. reading time":"5 minutes"},"schema":{"@context":"https:\/\/schema.org","@graph":[{"@type":"WebPage","@id":"https:\/\/dev.tg4.ie\/ga\/eolas\/preas\/nuacht-raitis\/2016-2\/05-04-16\/","url":"https:\/\/dev.tg4.ie\/ga\/eolas\/preas\/nuacht-raitis\/2016-2\/05-04-16\/","name":"05.04.16 - TG4","isPartOf":{"@id":"https:\/\/dev.tg4.ie\/en\/#website"},"datePublished":"2016-04-05T15:25:32+00:00","dateModified":"2019-06-24T15:23:50+00:00","breadcrumb":{"@id":"https:\/\/dev.tg4.ie\/ga\/eolas\/preas\/nuacht-raitis\/2016-2\/05-04-16\/#breadcrumb"},"inLanguage":"ga","potentialAction":[{"@type":"ReadAction","target":["https:\/\/dev.tg4.ie\/ga\/eolas\/preas\/nuacht-raitis\/2016-2\/05-04-16\/"]}]},{"@type":"BreadcrumbList","@id":"https:\/\/dev.tg4.ie\/ga\/eolas\/preas\/nuacht-raitis\/2016-2\/05-04-16\/#breadcrumb","itemListElement":[{"@type":"ListItem","position":1,"name":"Home","item":"https:\/\/dev.tg4.ie\/ga\/"},{"@type":"ListItem","position":2,"name":"Eolas","item":"https:\/\/dev.tg4.ie\/ga\/eolas\/"},{"@type":"ListItem","position":3,"name":"Preas","item":"https:\/\/dev.tg4.ie\/ga\/eolas\/preas\/"},{"@type":"ListItem","position":4,"name":"Nuacht R\u00e1itis","item":"https:\/\/dev.tg4.ie\/ga\/eolas\/preas\/nuacht-raitis\/"},{"@type":"ListItem","position":5,"name":"2016","item":"https:\/\/dev.tg4.ie\/ga\/eolas\/preas\/nuacht-raitis\/2016-2\/"},{"@type":"ListItem","position":6,"name":"05.04.16"}]},{"@type":"WebSite","@id":"https:\/\/dev.tg4.ie\/en\/#website","url":"https:\/\/dev.tg4.ie\/en\/","name":"TG4","description":"S\u00fail Eile","potentialAction":[{"@type":"SearchAction","target":{"@type":"EntryPoint","urlTemplate":"https:\/\/dev.tg4.ie\/en\/?s={search_term_string}"},"query-input":"required name=search_term_string"}],"inLanguage":"ga"}]}},"_links":{"self":[{"href":"https:\/\/dev.tg4.ie\/ga\/wp-json\/wp\/v2\/pages\/16287"}],"collection":[{"href":"https:\/\/dev.tg4.ie\/ga\/wp-json\/wp\/v2\/pages"}],"about":[{"href":"https:\/\/dev.tg4.ie\/ga\/wp-json\/wp\/v2\/types\/page"}],"author":[{"embeddable":true,"href":"https:\/\/dev.tg4.ie\/ga\/wp-json\/wp\/v2\/users\/4"}],"replies":[{"embeddable":true,"href":"https:\/\/dev.tg4.ie\/ga\/wp-json\/wp\/v2\/comments?post=16287"}],"version-history":[{"count":0,"href":"https:\/\/dev.tg4.ie\/ga\/wp-json\/wp\/v2\/pages\/16287\/revisions"}],"up":[{"embeddable":true,"href":"https:\/\/dev.tg4.ie\/ga\/wp-json\/wp\/v2\/pages\/6580"}],"wp:attachment":[{"href":"https:\/\/dev.tg4.ie\/ga\/wp-json\/wp\/v2\/media?parent=16287"}],"curies":[{"name":"wp","href":"https:\/\/api.w.org\/{rel}","templated":true}]}}