{"id":1630,"date":"2015-08-20T14:15:32","date_gmt":"2015-08-20T13:15:32","guid":{"rendered":"https:\/\/dev.tg4.ie\/corporate\/awards\/2003-2\/"},"modified":"2019-10-22T15:14:33","modified_gmt":"2019-10-22T14:14:33","slug":"2003-2","status":"publish","type":"page","link":"https:\/\/dev.tg4.ie\/ga\/eolas\/gradaim\/2003-2\/","title":{"rendered":"2003"},"content":{"rendered":"<h1>2003<\/h1>\n<p><strong>Ocras<\/strong><br \/>\nBuaiteoir: Sti\u00farth\u00f3ir is Fearr ar Ghearrscann\u00e1n \u00c9ireannach<br \/>\nF\u00e9ile Idirn\u00e1isi\u00fanta Scann\u00e1n Chorca\u00ed 2003<\/p>\n<p><strong>Am\u00fa Amigos \u2013 Amazon<\/strong><br \/>\nBuaiteoir: Saolchl\u00e1r is Fearr<br \/>\nBuaiteoir: Siamsa\u00edocht is Fearr<br \/>\nBuaiteoir: Cl\u00e1r Gaeilge is Fearr<br \/>\nIFTA 2003<\/p>\n<p><strong>Yu Ming Is Ainm Dom<\/strong><br \/>\nBuaiteoir: Gearrscann\u00e1n is Fearr, Gearrscann\u00e1n is Fearr \u00f3 sti\u00farth\u00f3ir ch\u00e9ad-iarrachta<br \/>\nFleadh Scann\u00e1n na Gaillimhe 2003<br \/>\nBuaiteoir: Duais an Lucht F\u00e9achana<br \/>\nF\u00e9ile Idirn\u00e1isi\u00fanta Scann\u00e1n Chorca\u00ed 2003<br \/>\nMoladh Speisialta F\u00e9ile Scann\u00e1n Chiarra\u00ed 2003<\/p>\n<p><strong>P\u00e1id\u00ed \u00d3 Lion\u00e1ird<\/strong><br \/>\nBuaiteoir: Pearsa Teili\u00edse<br \/>\nGradaim Chumars\u00e1ide Oireachtas na Gaeilge 2003<\/p>\n<p><strong>Timl\u00edn \u00d3 Cearnaigh<\/strong><br \/>\nBuaiteoir: Iriseoir na Bliana<br \/>\nGradaim Chumars\u00e1ide Oireachtas na Gaeilge 2003<\/p>\n<p><strong>Oile\u00e1n Thoraigh<\/strong><br \/>\nBuaiteoir: Faisn\u00e9is is FearrCl\u00e1r Teilif\u00edse is Fearr<br \/>\nIFTA 2003<br \/>\nBuaiteoir\u00ed: Gradaim Chumars\u00e1ide Oireachtas na Gaeilge 2003<\/p>\n<p><strong>An tSib\u00e9ir &#8211; An B\u00f3thar \u00f3 Thuaidh<\/strong><br \/>\nBuaiteoir: Spiorad na F\u00e9ile<br \/>\nAn Fh\u00e9ile Idirn\u00e1isi\u00fanta Cheilteach Scann\u00e1n &amp; Teilf\u00edse 2003<\/p>\n<p><strong>Liam \u00d3 Flaithearta \u2013 Idir Dh\u00e1 Theanga<\/strong><br \/>\nBuaiteoir: Cl\u00e1r Faisn\u00e9ise Eala\u00edne<br \/>\nAn Fh\u00e9ile Idirn\u00e1isi\u00fanta Cheilteach Scann\u00e1n &amp; Teilf\u00edse 2003<\/p>\n<p><strong>Am\u00fa san \u00c1ise<\/strong><br \/>\nBuaiteoir: Cl\u00e1r Siamsa\u00edochta<br \/>\nAcadamh Scann\u00e1n agus Teilif\u00edse na h\u00c9ireann (IFTA) 2003<\/p>\n<p><strong>C\u00e1ca Milis<\/strong><br \/>\nBuaiteoir: Gearrscann\u00e1n is fearr<br \/>\nAcadamh Scann\u00e1n agus Teilif\u00edse na h\u00c9ireann (IFTA) 2003<\/p>\n","protected":false},"excerpt":{"rendered":"<p>2003 Ocras Buaiteoir: Sti\u00farth\u00f3ir is Fearr ar Ghearrscann\u00e1n \u00c9ireannach F\u00e9ile Idirn\u00e1isi\u00fanta Scann\u00e1n Chorca\u00ed 2003 Am\u00fa Amigos \u2013 Amazon Buaiteoir: Saolchl\u00e1r is Fearr Buaiteoir: Siamsa\u00edocht is Fearr Buaiteoir: Cl\u00e1r Gaeilge is Fearr IFTA 2003 Yu Ming Is Ainm Dom Buaiteoir: Gearrscann\u00e1n is Fearr, Gearrscann\u00e1n is Fearr \u00f3 sti\u00farth\u00f3ir ch\u00e9ad-iarrachta Fleadh Scann\u00e1n na Gaillimhe 2003 Buaiteoir: Duais [&hellip;]<\/p>\n","protected":false},"author":6,"featured_media":0,"parent":1219,"menu_order":6,"comment_status":"closed","ping_status":"closed","template":"page-templates\/template-corporate.php","meta":{"_acf_changed":false,"footnotes":""},"acf":[],"yoast_head":"<!-- This site is optimized with the Yoast SEO plugin v22.6 - https:\/\/yoast.com\/wordpress\/plugins\/seo\/ -->\n<title>2003 - TG4<\/title>\n<meta name=\"robots\" content=\"index, follow, max-snippet:-1, max-image-preview:large, max-video-preview:-1\" \/>\n<meta property=\"og:locale\" content=\"en_US\" \/>\n<meta property=\"og:type\" content=\"article\" \/>\n<meta property=\"og:title\" content=\"2003 - TG4\" \/>\n<meta property=\"og:description\" content=\"2003 Ocras Buaiteoir: Sti\u00farth\u00f3ir is Fearr ar Ghearrscann\u00e1n \u00c9ireannach F\u00e9ile Idirn\u00e1isi\u00fanta Scann\u00e1n Chorca\u00ed 2003 Am\u00fa Amigos \u2013 Amazon Buaiteoir: Saolchl\u00e1r is Fearr Buaiteoir: Siamsa\u00edocht is Fearr Buaiteoir: Cl\u00e1r Gaeilge is Fearr IFTA 2003 Yu Ming Is Ainm Dom Buaiteoir: Gearrscann\u00e1n is Fearr, Gearrscann\u00e1n is Fearr \u00f3 sti\u00farth\u00f3ir ch\u00e9ad-iarrachta Fleadh Scann\u00e1n na Gaillimhe 2003 Buaiteoir: Duais [&hellip;]\" \/>\n<meta property=\"og:url\" content=\"https:\/\/dev.tg4.ie\/ga\/eolas\/gradaim\/2003-2\/\" \/>\n<meta property=\"og:site_name\" content=\"TG4\" \/>\n<meta property=\"article:publisher\" content=\"https:\/\/www.facebook.com\/TG4TV\" \/>\n<meta property=\"article:modified_time\" content=\"2019-10-22T14:14:33+00:00\" \/>\n<meta property=\"og:image\" content=\"https:\/\/tg4-docs.s3.amazonaws.com\/wp-content\/uploads\/2024\/11\/18151812\/TG4_2024_corcra_teal_1-1920x1080-1.jpg\" \/>\n\t<meta property=\"og:image:width\" content=\"1920\" \/>\n\t<meta property=\"og:image:height\" content=\"1080\" \/>\n\t<meta property=\"og:image:type\" content=\"image\/jpeg\" \/>\n<meta name=\"twitter:card\" content=\"summary_large_image\" \/>\n<meta name=\"twitter:site\" content=\"@TG4TV\" \/>\n<meta name=\"twitter:label1\" content=\"Est. reading time\" \/>\n\t<meta name=\"twitter:data1\" content=\"1 minute\" \/>\n<script type=\"application\/ld+json\" class=\"yoast-schema-graph\">{\"@context\":\"https:\/\/schema.org\",\"@graph\":[{\"@type\":\"WebPage\",\"@id\":\"https:\/\/dev.tg4.ie\/ga\/eolas\/gradaim\/2003-2\/\",\"url\":\"https:\/\/dev.tg4.ie\/ga\/eolas\/gradaim\/2003-2\/\",\"name\":\"2003 - TG4\",\"isPartOf\":{\"@id\":\"https:\/\/dev.tg4.ie\/en\/#website\"},\"datePublished\":\"2015-08-20T13:15:32+00:00\",\"dateModified\":\"2019-10-22T14:14:33+00:00\",\"breadcrumb\":{\"@id\":\"https:\/\/dev.tg4.ie\/ga\/eolas\/gradaim\/2003-2\/#breadcrumb\"},\"inLanguage\":\"ga\",\"potentialAction\":[{\"@type\":\"ReadAction\",\"target\":[\"https:\/\/dev.tg4.ie\/ga\/eolas\/gradaim\/2003-2\/\"]}]},{\"@type\":\"BreadcrumbList\",\"@id\":\"https:\/\/dev.tg4.ie\/ga\/eolas\/gradaim\/2003-2\/#breadcrumb\",\"itemListElement\":[{\"@type\":\"ListItem\",\"position\":1,\"name\":\"Home\",\"item\":\"https:\/\/dev.tg4.ie\/ga\/\"},{\"@type\":\"ListItem\",\"position\":2,\"name\":\"Eolas\",\"item\":\"https:\/\/dev.tg4.ie\/ga\/eolas\/\"},{\"@type\":\"ListItem\",\"position\":3,\"name\":\"Gradaim\",\"item\":\"https:\/\/dev.tg4.ie\/ga\/eolas\/gradaim\/\"},{\"@type\":\"ListItem\",\"position\":4,\"name\":\"2003\"}]},{\"@type\":\"WebSite\",\"@id\":\"https:\/\/dev.tg4.ie\/en\/#website\",\"url\":\"https:\/\/dev.tg4.ie\/en\/\",\"name\":\"TG4\",\"description\":\"S\u00fail Eile\",\"potentialAction\":[{\"@type\":\"SearchAction\",\"target\":{\"@type\":\"EntryPoint\",\"urlTemplate\":\"https:\/\/dev.tg4.ie\/en\/?s={search_term_string}\"},\"query-input\":\"required name=search_term_string\"}],\"inLanguage\":\"ga\"}]}<\/script>\n<!-- \/ Yoast SEO plugin. -->","yoast_head_json":{"title":"2003 - TG4","robots":{"index":"index","follow":"follow","max-snippet":"max-snippet:-1","max-image-preview":"max-image-preview:large","max-video-preview":"max-video-preview:-1"},"og_locale":"en_US","og_type":"article","og_title":"2003 - TG4","og_description":"2003 Ocras Buaiteoir: Sti\u00farth\u00f3ir is Fearr ar Ghearrscann\u00e1n \u00c9ireannach F\u00e9ile Idirn\u00e1isi\u00fanta Scann\u00e1n Chorca\u00ed 2003 Am\u00fa Amigos \u2013 Amazon Buaiteoir: Saolchl\u00e1r is Fearr Buaiteoir: Siamsa\u00edocht is Fearr Buaiteoir: Cl\u00e1r Gaeilge is Fearr IFTA 2003 Yu Ming Is Ainm Dom Buaiteoir: Gearrscann\u00e1n is Fearr, Gearrscann\u00e1n is Fearr \u00f3 sti\u00farth\u00f3ir ch\u00e9ad-iarrachta Fleadh Scann\u00e1n na Gaillimhe 2003 Buaiteoir: Duais [&hellip;]","og_url":"https:\/\/dev.tg4.ie\/ga\/eolas\/gradaim\/2003-2\/","og_site_name":"TG4","article_publisher":"https:\/\/www.facebook.com\/TG4TV","article_modified_time":"2019-10-22T14:14:33+00:00","og_image":[{"width":1920,"height":1080,"url":"https:\/\/tg4-docs.s3.amazonaws.com\/wp-content\/uploads\/2024\/11\/18151812\/TG4_2024_corcra_teal_1-1920x1080-1.jpg","type":"image\/jpeg"}],"twitter_card":"summary_large_image","twitter_site":"@TG4TV","twitter_misc":{"Est. reading time":"1 minute"},"schema":{"@context":"https:\/\/schema.org","@graph":[{"@type":"WebPage","@id":"https:\/\/dev.tg4.ie\/ga\/eolas\/gradaim\/2003-2\/","url":"https:\/\/dev.tg4.ie\/ga\/eolas\/gradaim\/2003-2\/","name":"2003 - TG4","isPartOf":{"@id":"https:\/\/dev.tg4.ie\/en\/#website"},"datePublished":"2015-08-20T13:15:32+00:00","dateModified":"2019-10-22T14:14:33+00:00","breadcrumb":{"@id":"https:\/\/dev.tg4.ie\/ga\/eolas\/gradaim\/2003-2\/#breadcrumb"},"inLanguage":"ga","potentialAction":[{"@type":"ReadAction","target":["https:\/\/dev.tg4.ie\/ga\/eolas\/gradaim\/2003-2\/"]}]},{"@type":"BreadcrumbList","@id":"https:\/\/dev.tg4.ie\/ga\/eolas\/gradaim\/2003-2\/#breadcrumb","itemListElement":[{"@type":"ListItem","position":1,"name":"Home","item":"https:\/\/dev.tg4.ie\/ga\/"},{"@type":"ListItem","position":2,"name":"Eolas","item":"https:\/\/dev.tg4.ie\/ga\/eolas\/"},{"@type":"ListItem","position":3,"name":"Gradaim","item":"https:\/\/dev.tg4.ie\/ga\/eolas\/gradaim\/"},{"@type":"ListItem","position":4,"name":"2003"}]},{"@type":"WebSite","@id":"https:\/\/dev.tg4.ie\/en\/#website","url":"https:\/\/dev.tg4.ie\/en\/","name":"TG4","description":"S\u00fail Eile","potentialAction":[{"@type":"SearchAction","target":{"@type":"EntryPoint","urlTemplate":"https:\/\/dev.tg4.ie\/en\/?s={search_term_string}"},"query-input":"required name=search_term_string"}],"inLanguage":"ga"}]}},"_links":{"self":[{"href":"https:\/\/dev.tg4.ie\/ga\/wp-json\/wp\/v2\/pages\/1630"}],"collection":[{"href":"https:\/\/dev.tg4.ie\/ga\/wp-json\/wp\/v2\/pages"}],"about":[{"href":"https:\/\/dev.tg4.ie\/ga\/wp-json\/wp\/v2\/types\/page"}],"author":[{"embeddable":true,"href":"https:\/\/dev.tg4.ie\/ga\/wp-json\/wp\/v2\/users\/6"}],"replies":[{"embeddable":true,"href":"https:\/\/dev.tg4.ie\/ga\/wp-json\/wp\/v2\/comments?post=1630"}],"version-history":[{"count":0,"href":"https:\/\/dev.tg4.ie\/ga\/wp-json\/wp\/v2\/pages\/1630\/revisions"}],"up":[{"embeddable":true,"href":"https:\/\/dev.tg4.ie\/ga\/wp-json\/wp\/v2\/pages\/1219"}],"wp:attachment":[{"href":"https:\/\/dev.tg4.ie\/ga\/wp-json\/wp\/v2\/media?parent=1630"}],"curies":[{"name":"wp","href":"https:\/\/api.w.org\/{rel}","templated":true}]}}