{"id":1635,"date":"2015-08-20T14:25:28","date_gmt":"2015-08-20T13:25:28","guid":{"rendered":"https:\/\/dev.tg4.ie\/corporate\/awards\/2002-2\/"},"modified":"2019-10-22T15:13:38","modified_gmt":"2019-10-22T14:13:38","slug":"2002-2","status":"publish","type":"page","link":"https:\/\/dev.tg4.ie\/ga\/eolas\/gradaim\/2002-2\/","title":{"rendered":"2002"},"content":{"rendered":"<h1>2002<\/h1>\n<p><strong>Liam \u00d3 Flaithearta &#8211; Idir Dh\u00e1 Theanga<\/strong><br \/>\nTri\u00fa \u00e1it &#8211; Gearrscann\u00e1n<br \/>\nFleadh Scann\u00e1n na Gaillimhe 2002<\/p>\n<p><strong>\u00c9ireville<\/strong><br \/>\nBuaiteoir: Gearrscann\u00e1nn is fearr<br \/>\nF\u00e9ile Idirn\u00e1isi\u00fanta Chorca\u00ed 2002<br \/>\nTr\u00ed\u00fa h\u00e1it: Gearrscann\u00e1n \u00c9ireannach<br \/>\nFleadh Scann\u00e1n na Gaillimhe 2002<\/p>\n<p><strong>P\u00e1draig &amp; Nadia<\/strong><br \/>\nBuaiteoir: Gearrscann\u00e1n \u00c9ireannach<br \/>\nFleadh Scann\u00e1n na Gaillimhe 2002<\/p>\n<p><strong>An T\u00e9 Nach bhfuil L\u00e1idir<\/strong><br \/>\nDara h\u00e1it: Gearrscann\u00e1n \u00c9ireannach<br \/>\nFleadh Scann\u00e1n na Gaillimhe 2002<\/p>\n<p><strong>Laochra Gael &#8211; Eddie Keher<\/strong><br \/>\nDara h\u00e1it: Cl\u00e1r gearr faisn\u00e9ise<br \/>\nFleadh Scann\u00e1n na Gaillimhe 2002<\/p>\n<p><strong>Shackleton and Scott<\/strong><br \/>\nDuais \u00f3ir: Gradam na Molt\u00f3ir\u00ed<br \/>\nWorldfest Houston 2002<\/p>\n<p><strong>\u00c1r Dover F\u00e9in<\/strong><br \/>\nBuaiteoir: Duais John Healy 2002<\/p>\n<p><strong>Tom\u00e1s Jimmy Mac Eoin: Se\u00f3 Aonair<\/strong><br \/>\nGearrliosta do Spiorad na F\u00e9ile agus Gearrliosta don Duais do Chl\u00e1racha Faisn\u00e9ise F\u00edorasacha<br \/>\nAn Fh\u00e9ile Idirn\u00e1isi\u00fanta Cheilteach Scann\u00e1n &amp; Teilf\u00edse 2002<\/p>\n<p><strong>Caip\u00edn\u00ed<\/strong><br \/>\nGearrliosta do Spiorad na F\u00e9ile agus Gearrliosta don Duais do Chl\u00e1racha Faisn\u00e9ise Eala\u00edne<br \/>\nAn Fh\u00e9ile Idirn\u00e1isi\u00fanta Cheilteach Scann\u00e1n &amp; Teilif\u00edse 2002<\/p>\n<p><strong>If I should fall from Grace: The Shane McGowan Story<\/strong><br \/>\nGearrliosta don Duais do Chl\u00e1racha Faisn\u00e9ise Scann\u00e1in<br \/>\nAn Fh\u00e9ile Idirn\u00e1isi\u00fanta Cheilteach Scann\u00e1n &amp; Teilf\u00edse 2002<\/p>\n<p><strong>Gaeil i gC\u00e9in &#8211; Sorcha<\/strong><br \/>\nAn dara h\u00e1it<br \/>\nDuais Radharc 2002<\/p>\n","protected":false},"excerpt":{"rendered":"<p>2002 Liam \u00d3 Flaithearta &#8211; Idir Dh\u00e1 Theanga Tri\u00fa \u00e1it &#8211; Gearrscann\u00e1n Fleadh Scann\u00e1n na Gaillimhe 2002 \u00c9ireville Buaiteoir: Gearrscann\u00e1nn is fearr F\u00e9ile Idirn\u00e1isi\u00fanta Chorca\u00ed 2002 Tr\u00ed\u00fa h\u00e1it: Gearrscann\u00e1n \u00c9ireannach Fleadh Scann\u00e1n na Gaillimhe 2002 P\u00e1draig &amp; Nadia Buaiteoir: Gearrscann\u00e1n \u00c9ireannach Fleadh Scann\u00e1n na Gaillimhe 2002 An T\u00e9 Nach bhfuil L\u00e1idir Dara h\u00e1it: Gearrscann\u00e1n \u00c9ireannach [&hellip;]<\/p>\n","protected":false},"author":6,"featured_media":0,"parent":1219,"menu_order":5,"comment_status":"closed","ping_status":"closed","template":"page-templates\/template-corporate.php","meta":{"_acf_changed":false,"footnotes":""},"acf":[],"yoast_head":"<!-- This site is optimized with the Yoast SEO plugin v22.6 - https:\/\/yoast.com\/wordpress\/plugins\/seo\/ -->\n<title>2002 - TG4<\/title>\n<meta name=\"robots\" content=\"index, follow, max-snippet:-1, max-image-preview:large, max-video-preview:-1\" \/>\n<meta property=\"og:locale\" content=\"en_US\" \/>\n<meta property=\"og:type\" content=\"article\" \/>\n<meta property=\"og:title\" content=\"2002 - TG4\" \/>\n<meta property=\"og:description\" content=\"2002 Liam \u00d3 Flaithearta &#8211; Idir Dh\u00e1 Theanga Tri\u00fa \u00e1it &#8211; Gearrscann\u00e1n Fleadh Scann\u00e1n na Gaillimhe 2002 \u00c9ireville Buaiteoir: Gearrscann\u00e1nn is fearr F\u00e9ile Idirn\u00e1isi\u00fanta Chorca\u00ed 2002 Tr\u00ed\u00fa h\u00e1it: Gearrscann\u00e1n \u00c9ireannach Fleadh Scann\u00e1n na Gaillimhe 2002 P\u00e1draig &amp; Nadia Buaiteoir: Gearrscann\u00e1n \u00c9ireannach Fleadh Scann\u00e1n na Gaillimhe 2002 An T\u00e9 Nach bhfuil L\u00e1idir Dara h\u00e1it: Gearrscann\u00e1n \u00c9ireannach [&hellip;]\" \/>\n<meta property=\"og:url\" content=\"https:\/\/dev.tg4.ie\/ga\/eolas\/gradaim\/2002-2\/\" \/>\n<meta property=\"og:site_name\" content=\"TG4\" \/>\n<meta property=\"article:publisher\" content=\"https:\/\/www.facebook.com\/TG4TV\" \/>\n<meta property=\"article:modified_time\" content=\"2019-10-22T14:13:38+00:00\" \/>\n<meta property=\"og:image\" content=\"https:\/\/tg4-docs.s3.amazonaws.com\/wp-content\/uploads\/2024\/11\/18151812\/TG4_2024_corcra_teal_1-1920x1080-1.jpg\" \/>\n\t<meta property=\"og:image:width\" content=\"1920\" \/>\n\t<meta property=\"og:image:height\" content=\"1080\" \/>\n\t<meta property=\"og:image:type\" content=\"image\/jpeg\" \/>\n<meta name=\"twitter:card\" content=\"summary_large_image\" \/>\n<meta name=\"twitter:site\" content=\"@TG4TV\" \/>\n<meta name=\"twitter:label1\" content=\"Est. reading time\" \/>\n\t<meta name=\"twitter:data1\" content=\"1 minute\" \/>\n<script type=\"application\/ld+json\" class=\"yoast-schema-graph\">{\"@context\":\"https:\/\/schema.org\",\"@graph\":[{\"@type\":\"WebPage\",\"@id\":\"https:\/\/dev.tg4.ie\/ga\/eolas\/gradaim\/2002-2\/\",\"url\":\"https:\/\/dev.tg4.ie\/ga\/eolas\/gradaim\/2002-2\/\",\"name\":\"2002 - TG4\",\"isPartOf\":{\"@id\":\"https:\/\/dev.tg4.ie\/en\/#website\"},\"datePublished\":\"2015-08-20T13:25:28+00:00\",\"dateModified\":\"2019-10-22T14:13:38+00:00\",\"breadcrumb\":{\"@id\":\"https:\/\/dev.tg4.ie\/ga\/eolas\/gradaim\/2002-2\/#breadcrumb\"},\"inLanguage\":\"ga\",\"potentialAction\":[{\"@type\":\"ReadAction\",\"target\":[\"https:\/\/dev.tg4.ie\/ga\/eolas\/gradaim\/2002-2\/\"]}]},{\"@type\":\"BreadcrumbList\",\"@id\":\"https:\/\/dev.tg4.ie\/ga\/eolas\/gradaim\/2002-2\/#breadcrumb\",\"itemListElement\":[{\"@type\":\"ListItem\",\"position\":1,\"name\":\"Home\",\"item\":\"https:\/\/dev.tg4.ie\/ga\/\"},{\"@type\":\"ListItem\",\"position\":2,\"name\":\"Eolas\",\"item\":\"https:\/\/dev.tg4.ie\/ga\/eolas\/\"},{\"@type\":\"ListItem\",\"position\":3,\"name\":\"Gradaim\",\"item\":\"https:\/\/dev.tg4.ie\/ga\/eolas\/gradaim\/\"},{\"@type\":\"ListItem\",\"position\":4,\"name\":\"2002\"}]},{\"@type\":\"WebSite\",\"@id\":\"https:\/\/dev.tg4.ie\/en\/#website\",\"url\":\"https:\/\/dev.tg4.ie\/en\/\",\"name\":\"TG4\",\"description\":\"S\u00fail Eile\",\"potentialAction\":[{\"@type\":\"SearchAction\",\"target\":{\"@type\":\"EntryPoint\",\"urlTemplate\":\"https:\/\/dev.tg4.ie\/en\/?s={search_term_string}\"},\"query-input\":\"required name=search_term_string\"}],\"inLanguage\":\"ga\"}]}<\/script>\n<!-- \/ Yoast SEO plugin. -->","yoast_head_json":{"title":"2002 - TG4","robots":{"index":"index","follow":"follow","max-snippet":"max-snippet:-1","max-image-preview":"max-image-preview:large","max-video-preview":"max-video-preview:-1"},"og_locale":"en_US","og_type":"article","og_title":"2002 - TG4","og_description":"2002 Liam \u00d3 Flaithearta &#8211; Idir Dh\u00e1 Theanga Tri\u00fa \u00e1it &#8211; Gearrscann\u00e1n Fleadh Scann\u00e1n na Gaillimhe 2002 \u00c9ireville Buaiteoir: Gearrscann\u00e1nn is fearr F\u00e9ile Idirn\u00e1isi\u00fanta Chorca\u00ed 2002 Tr\u00ed\u00fa h\u00e1it: Gearrscann\u00e1n \u00c9ireannach Fleadh Scann\u00e1n na Gaillimhe 2002 P\u00e1draig &amp; Nadia Buaiteoir: Gearrscann\u00e1n \u00c9ireannach Fleadh Scann\u00e1n na Gaillimhe 2002 An T\u00e9 Nach bhfuil L\u00e1idir Dara h\u00e1it: Gearrscann\u00e1n \u00c9ireannach [&hellip;]","og_url":"https:\/\/dev.tg4.ie\/ga\/eolas\/gradaim\/2002-2\/","og_site_name":"TG4","article_publisher":"https:\/\/www.facebook.com\/TG4TV","article_modified_time":"2019-10-22T14:13:38+00:00","og_image":[{"width":1920,"height":1080,"url":"https:\/\/tg4-docs.s3.amazonaws.com\/wp-content\/uploads\/2024\/11\/18151812\/TG4_2024_corcra_teal_1-1920x1080-1.jpg","type":"image\/jpeg"}],"twitter_card":"summary_large_image","twitter_site":"@TG4TV","twitter_misc":{"Est. reading time":"1 minute"},"schema":{"@context":"https:\/\/schema.org","@graph":[{"@type":"WebPage","@id":"https:\/\/dev.tg4.ie\/ga\/eolas\/gradaim\/2002-2\/","url":"https:\/\/dev.tg4.ie\/ga\/eolas\/gradaim\/2002-2\/","name":"2002 - TG4","isPartOf":{"@id":"https:\/\/dev.tg4.ie\/en\/#website"},"datePublished":"2015-08-20T13:25:28+00:00","dateModified":"2019-10-22T14:13:38+00:00","breadcrumb":{"@id":"https:\/\/dev.tg4.ie\/ga\/eolas\/gradaim\/2002-2\/#breadcrumb"},"inLanguage":"ga","potentialAction":[{"@type":"ReadAction","target":["https:\/\/dev.tg4.ie\/ga\/eolas\/gradaim\/2002-2\/"]}]},{"@type":"BreadcrumbList","@id":"https:\/\/dev.tg4.ie\/ga\/eolas\/gradaim\/2002-2\/#breadcrumb","itemListElement":[{"@type":"ListItem","position":1,"name":"Home","item":"https:\/\/dev.tg4.ie\/ga\/"},{"@type":"ListItem","position":2,"name":"Eolas","item":"https:\/\/dev.tg4.ie\/ga\/eolas\/"},{"@type":"ListItem","position":3,"name":"Gradaim","item":"https:\/\/dev.tg4.ie\/ga\/eolas\/gradaim\/"},{"@type":"ListItem","position":4,"name":"2002"}]},{"@type":"WebSite","@id":"https:\/\/dev.tg4.ie\/en\/#website","url":"https:\/\/dev.tg4.ie\/en\/","name":"TG4","description":"S\u00fail Eile","potentialAction":[{"@type":"SearchAction","target":{"@type":"EntryPoint","urlTemplate":"https:\/\/dev.tg4.ie\/en\/?s={search_term_string}"},"query-input":"required name=search_term_string"}],"inLanguage":"ga"}]}},"_links":{"self":[{"href":"https:\/\/dev.tg4.ie\/ga\/wp-json\/wp\/v2\/pages\/1635"}],"collection":[{"href":"https:\/\/dev.tg4.ie\/ga\/wp-json\/wp\/v2\/pages"}],"about":[{"href":"https:\/\/dev.tg4.ie\/ga\/wp-json\/wp\/v2\/types\/page"}],"author":[{"embeddable":true,"href":"https:\/\/dev.tg4.ie\/ga\/wp-json\/wp\/v2\/users\/6"}],"replies":[{"embeddable":true,"href":"https:\/\/dev.tg4.ie\/ga\/wp-json\/wp\/v2\/comments?post=1635"}],"version-history":[{"count":0,"href":"https:\/\/dev.tg4.ie\/ga\/wp-json\/wp\/v2\/pages\/1635\/revisions"}],"up":[{"embeddable":true,"href":"https:\/\/dev.tg4.ie\/ga\/wp-json\/wp\/v2\/pages\/1219"}],"wp:attachment":[{"href":"https:\/\/dev.tg4.ie\/ga\/wp-json\/wp\/v2\/media?parent=1635"}],"curies":[{"name":"wp","href":"https:\/\/api.w.org\/{rel}","templated":true}]}}