{"id":16471,"date":"2016-04-11T11:09:41","date_gmt":"2016-04-11T10:09:41","guid":{"rendered":"https:\/\/dev.tg4.ie\/corporate\/preas\/press-releases\/2016-2\/05-04-16-2\/"},"modified":"2019-06-24T16:24:25","modified_gmt":"2019-06-24T15:24:25","slug":"05-04-16-2","status":"publish","type":"page","link":"https:\/\/dev.tg4.ie\/ga\/eolas\/preas\/nuacht-raitis\/2016-2\/05-04-16-2\/","title":{"rendered":"11.04.16"},"content":{"rendered":"<h1>\u00d3r aimsithe ag An Klondike ag IFTA 2016<\/h1>\n<p>M\u00f3r-shraith dr\u00e1ma\u00edochta (agus fadscann\u00e1n) \u00e9 <em>An Klondike<\/em> ina r\u00edomhtar sc\u00e9al tri\u00far dearth\u00e1ireacha as Conamara agus iad i ngleic le saol achrannach na mianad\u00f3ireachta \u00f3ir in Alasca c\u00e9ad fiche bliain \u00f3 shin.\u00a0 Tagann na dearth\u00e1ireacha ar \u00f3r sa bpaiste tal\u00fan at\u00e1 acu f\u00e9in ach n\u00ed fada gur in aighneas le ch\u00e9ile at\u00e1 siad faoi.<\/p>\n<p>Is iad na gradaim a thug an drama leis n\u00e1, <strong>Drama is Fearr<\/strong>, Aisteoir i bpr\u00edomh-ph\u00e1irt &#8211; <strong>Dara Devaney, <\/strong>Smidi\u00fa &amp; Gruaig is Fearr- <strong>Ailbhe Fitzpatrick &amp; Stephanie Smith, <\/strong>Script Dr\u00e1ma &#8211; <strong>Marcus Fleming. <\/strong><\/p>\n<p>Is l\u00e9iri\u00fa de chuid Ab\u00fa Media <strong><em>An Klondike <\/em><\/strong>agus aitheantas IFTA faighte cheana ag an gcomhlacht c\u00e9anna leis na duaiseanna a fuair s\u00e9 roimhe seo \u2013 le togra\u00ed eile de chuid TG4: 2013 le <em>Jockey Eile<\/em>,\u00a0 2014 le <em>1916 Seachtar na C\u00e1sca<\/em>.<\/p>\n<p>Is \u00e9 IFTA an duais-sc\u00e9im aitheanta do thionscal na scann\u00e1n agus na teilif\u00edse in \u00c9irinn. Pain\u00e9al saineolaithe \u00f3n tionscal anseo agus thar s\u00e1ile a roghna\u00edonn an saothar is fearr sna catag\u00f3ir\u00ed \u00e9ags\u00fala. Foils\u00edtear an gearrliosta ag t\u00fas na bliana agus f\u00f3gra\u00edtear agus bronntar na duaiseanna IFTA f\u00e9in san Earrach.<\/p>\n<p>M\u00f3r-thogra l\u00e9iri\u00fach\u00e1in agus scann\u00e1na\u00edochta ab ea <strong><em>An Klondike<\/em><\/strong> a fuair maoini\u00fa \u00f3 TG4,\u00a0 c\u00fanamh \u00f3n sc\u00e9im taca\u00edochta at\u00e1 i bhfeidhm ag an Rialtas do scann\u00e1in agus do dhr\u00e1ma\u00edocht teilif\u00edse, \u00f3 Bhord Scann\u00e1n na h\u00c9ireann, \u00f3 \u00dadar\u00e1s Craolach\u00e1in na h\u00c9ireann agus \u00f3 Chiste Craolt\u00f3ireachta Gaeilge Thuaisceart \u00c9ireann.<\/p>\n<p>Thr\u00e9aslaigh an Sti\u00farth\u00f3ir Coimisi\u00fanaithe,\u00a0Miche\u00e1l \u00d3 Meallaigh, a gcuid gradaim ar fad leis na buaiteoir\u00ed.\u00a0\u00a0\u00a0 D\u00fairt s\u00e9 gur cruth\u00fanas eile ar ardchaighde\u00e1n lean\u00fanach agus ar raon na gcl\u00e1r a bh\u00edonn ag TG4 \u00e9 an rogha seo.\u00a0 \u201cThuill TG4 duaiseanna \u00f3 IFTA gach bliain \u00f3 buna\u00edodh an sc\u00e9im\u201d a d\u00fairt s\u00e9. \u201cT\u00e1imid an bhr\u00f3d\u00fail as an uimhir gradam a fuaireamar ar\u00eds i mbliana.\u00a0 Is m\u00f3ide \u00e1r s\u00e1samh gurb iad \u00e1r gcomhghleacaithe gairmi\u00fala i dtionscal na teilif\u00edse agus na scann\u00e1n a rinne an roghn\u00fa,\u201d\u00a0\u00a0 a d\u00fairt an Miche\u00e1l.<\/p>\n","protected":false},"excerpt":{"rendered":"<p>\u00d3r aimsithe ag An Klondike ag IFTA 2016 M\u00f3r-shraith dr\u00e1ma\u00edochta (agus fadscann\u00e1n) \u00e9 An Klondike ina r\u00edomhtar sc\u00e9al tri\u00far dearth\u00e1ireacha as Conamara agus iad i ngleic le saol achrannach na mianad\u00f3ireachta \u00f3ir in Alasca c\u00e9ad fiche bliain \u00f3 shin.\u00a0 Tagann na dearth\u00e1ireacha ar \u00f3r sa bpaiste tal\u00fan at\u00e1 acu f\u00e9in ach n\u00ed fada gur in [&hellip;]<\/p>\n","protected":false},"author":4,"featured_media":851,"parent":6580,"menu_order":14,"comment_status":"closed","ping_status":"closed","template":"page-templates\/template-pr.php","meta":{"_acf_changed":false,"footnotes":""},"acf":[],"yoast_head":"<!-- This site is optimized with the Yoast SEO plugin v22.6 - https:\/\/yoast.com\/wordpress\/plugins\/seo\/ -->\n<title>11.04.16 - TG4<\/title>\n<meta name=\"robots\" content=\"index, follow, max-snippet:-1, max-image-preview:large, max-video-preview:-1\" \/>\n<meta property=\"og:locale\" content=\"en_US\" \/>\n<meta property=\"og:type\" content=\"article\" \/>\n<meta property=\"og:title\" content=\"11.04.16 - TG4\" \/>\n<meta property=\"og:description\" content=\"\u00d3r aimsithe ag An Klondike ag IFTA 2016 M\u00f3r-shraith dr\u00e1ma\u00edochta (agus fadscann\u00e1n) \u00e9 An Klondike ina r\u00edomhtar sc\u00e9al tri\u00far dearth\u00e1ireacha as Conamara agus iad i ngleic le saol achrannach na mianad\u00f3ireachta \u00f3ir in Alasca c\u00e9ad fiche bliain \u00f3 shin.\u00a0 Tagann na dearth\u00e1ireacha ar \u00f3r sa bpaiste tal\u00fan at\u00e1 acu f\u00e9in ach n\u00ed fada gur in [&hellip;]\" \/>\n<meta property=\"og:url\" content=\"https:\/\/dev.tg4.ie\/ga\/eolas\/preas\/nuacht-raitis\/2016-2\/05-04-16-2\/\" \/>\n<meta property=\"og:site_name\" content=\"TG4\" \/>\n<meta property=\"article:publisher\" content=\"https:\/\/www.facebook.com\/TG4TV\" \/>\n<meta property=\"article:modified_time\" content=\"2019-06-24T15:24:25+00:00\" \/>\n<meta property=\"og:image\" content=\"https:\/\/tg4-docs.s3.amazonaws.com\/tg4-redesign-2015\/wp-content\/uploads\/2015\/07\/AnKlondike.jpg\" \/>\n\t<meta property=\"og:image:width\" content=\"1920\" \/>\n\t<meta property=\"og:image:height\" content=\"1080\" \/>\n\t<meta property=\"og:image:type\" content=\"image\/jpeg\" \/>\n<meta name=\"twitter:card\" content=\"summary_large_image\" \/>\n<meta name=\"twitter:site\" content=\"@TG4TV\" \/>\n<meta name=\"twitter:label1\" content=\"Est. reading time\" \/>\n\t<meta name=\"twitter:data1\" content=\"2 minutes\" \/>\n<script type=\"application\/ld+json\" class=\"yoast-schema-graph\">{\"@context\":\"https:\/\/schema.org\",\"@graph\":[{\"@type\":\"WebPage\",\"@id\":\"https:\/\/dev.tg4.ie\/ga\/eolas\/preas\/nuacht-raitis\/2016-2\/05-04-16-2\/\",\"url\":\"https:\/\/dev.tg4.ie\/ga\/eolas\/preas\/nuacht-raitis\/2016-2\/05-04-16-2\/\",\"name\":\"11.04.16 - TG4\",\"isPartOf\":{\"@id\":\"https:\/\/dev.tg4.ie\/en\/#website\"},\"primaryImageOfPage\":{\"@id\":\"https:\/\/dev.tg4.ie\/ga\/eolas\/preas\/nuacht-raitis\/2016-2\/05-04-16-2\/#primaryimage\"},\"image\":{\"@id\":\"https:\/\/dev.tg4.ie\/ga\/eolas\/preas\/nuacht-raitis\/2016-2\/05-04-16-2\/#primaryimage\"},\"thumbnailUrl\":\"https:\/\/tg4-docs.s3.amazonaws.com\/tg4-redesign-2015\/wp-content\/uploads\/2015\/07\/AnKlondike.jpg\",\"datePublished\":\"2016-04-11T10:09:41+00:00\",\"dateModified\":\"2019-06-24T15:24:25+00:00\",\"breadcrumb\":{\"@id\":\"https:\/\/dev.tg4.ie\/ga\/eolas\/preas\/nuacht-raitis\/2016-2\/05-04-16-2\/#breadcrumb\"},\"inLanguage\":\"ga\",\"potentialAction\":[{\"@type\":\"ReadAction\",\"target\":[\"https:\/\/dev.tg4.ie\/ga\/eolas\/preas\/nuacht-raitis\/2016-2\/05-04-16-2\/\"]}]},{\"@type\":\"ImageObject\",\"inLanguage\":\"ga\",\"@id\":\"https:\/\/dev.tg4.ie\/ga\/eolas\/preas\/nuacht-raitis\/2016-2\/05-04-16-2\/#primaryimage\",\"url\":\"https:\/\/tg4-docs.s3.amazonaws.com\/tg4-redesign-2015\/wp-content\/uploads\/2015\/07\/AnKlondike.jpg\",\"contentUrl\":\"https:\/\/tg4-docs.s3.amazonaws.com\/tg4-redesign-2015\/wp-content\/uploads\/2015\/07\/AnKlondike.jpg\",\"width\":1920,\"height\":1080,\"caption\":\"An Klondike\"},{\"@type\":\"BreadcrumbList\",\"@id\":\"https:\/\/dev.tg4.ie\/ga\/eolas\/preas\/nuacht-raitis\/2016-2\/05-04-16-2\/#breadcrumb\",\"itemListElement\":[{\"@type\":\"ListItem\",\"position\":1,\"name\":\"Home\",\"item\":\"https:\/\/dev.tg4.ie\/ga\/\"},{\"@type\":\"ListItem\",\"position\":2,\"name\":\"Eolas\",\"item\":\"https:\/\/dev.tg4.ie\/ga\/eolas\/\"},{\"@type\":\"ListItem\",\"position\":3,\"name\":\"Preas\",\"item\":\"https:\/\/dev.tg4.ie\/ga\/eolas\/preas\/\"},{\"@type\":\"ListItem\",\"position\":4,\"name\":\"Nuacht R\u00e1itis\",\"item\":\"https:\/\/dev.tg4.ie\/ga\/eolas\/preas\/nuacht-raitis\/\"},{\"@type\":\"ListItem\",\"position\":5,\"name\":\"2016\",\"item\":\"https:\/\/dev.tg4.ie\/ga\/eolas\/preas\/nuacht-raitis\/2016-2\/\"},{\"@type\":\"ListItem\",\"position\":6,\"name\":\"11.04.16\"}]},{\"@type\":\"WebSite\",\"@id\":\"https:\/\/dev.tg4.ie\/en\/#website\",\"url\":\"https:\/\/dev.tg4.ie\/en\/\",\"name\":\"TG4\",\"description\":\"S\u00fail Eile\",\"potentialAction\":[{\"@type\":\"SearchAction\",\"target\":{\"@type\":\"EntryPoint\",\"urlTemplate\":\"https:\/\/dev.tg4.ie\/en\/?s={search_term_string}\"},\"query-input\":\"required name=search_term_string\"}],\"inLanguage\":\"ga\"}]}<\/script>\n<!-- \/ Yoast SEO plugin. -->","yoast_head_json":{"title":"11.04.16 - TG4","robots":{"index":"index","follow":"follow","max-snippet":"max-snippet:-1","max-image-preview":"max-image-preview:large","max-video-preview":"max-video-preview:-1"},"og_locale":"en_US","og_type":"article","og_title":"11.04.16 - TG4","og_description":"\u00d3r aimsithe ag An Klondike ag IFTA 2016 M\u00f3r-shraith dr\u00e1ma\u00edochta (agus fadscann\u00e1n) \u00e9 An Klondike ina r\u00edomhtar sc\u00e9al tri\u00far dearth\u00e1ireacha as Conamara agus iad i ngleic le saol achrannach na mianad\u00f3ireachta \u00f3ir in Alasca c\u00e9ad fiche bliain \u00f3 shin.\u00a0 Tagann na dearth\u00e1ireacha ar \u00f3r sa bpaiste tal\u00fan at\u00e1 acu f\u00e9in ach n\u00ed fada gur in [&hellip;]","og_url":"https:\/\/dev.tg4.ie\/ga\/eolas\/preas\/nuacht-raitis\/2016-2\/05-04-16-2\/","og_site_name":"TG4","article_publisher":"https:\/\/www.facebook.com\/TG4TV","article_modified_time":"2019-06-24T15:24:25+00:00","og_image":[{"width":1920,"height":1080,"url":"https:\/\/tg4-docs.s3.amazonaws.com\/tg4-redesign-2015\/wp-content\/uploads\/2015\/07\/AnKlondike.jpg","type":"image\/jpeg"}],"twitter_card":"summary_large_image","twitter_site":"@TG4TV","twitter_misc":{"Est. reading time":"2 minutes"},"schema":{"@context":"https:\/\/schema.org","@graph":[{"@type":"WebPage","@id":"https:\/\/dev.tg4.ie\/ga\/eolas\/preas\/nuacht-raitis\/2016-2\/05-04-16-2\/","url":"https:\/\/dev.tg4.ie\/ga\/eolas\/preas\/nuacht-raitis\/2016-2\/05-04-16-2\/","name":"11.04.16 - TG4","isPartOf":{"@id":"https:\/\/dev.tg4.ie\/en\/#website"},"primaryImageOfPage":{"@id":"https:\/\/dev.tg4.ie\/ga\/eolas\/preas\/nuacht-raitis\/2016-2\/05-04-16-2\/#primaryimage"},"image":{"@id":"https:\/\/dev.tg4.ie\/ga\/eolas\/preas\/nuacht-raitis\/2016-2\/05-04-16-2\/#primaryimage"},"thumbnailUrl":"https:\/\/tg4-docs.s3.amazonaws.com\/tg4-redesign-2015\/wp-content\/uploads\/2015\/07\/AnKlondike.jpg","datePublished":"2016-04-11T10:09:41+00:00","dateModified":"2019-06-24T15:24:25+00:00","breadcrumb":{"@id":"https:\/\/dev.tg4.ie\/ga\/eolas\/preas\/nuacht-raitis\/2016-2\/05-04-16-2\/#breadcrumb"},"inLanguage":"ga","potentialAction":[{"@type":"ReadAction","target":["https:\/\/dev.tg4.ie\/ga\/eolas\/preas\/nuacht-raitis\/2016-2\/05-04-16-2\/"]}]},{"@type":"ImageObject","inLanguage":"ga","@id":"https:\/\/dev.tg4.ie\/ga\/eolas\/preas\/nuacht-raitis\/2016-2\/05-04-16-2\/#primaryimage","url":"https:\/\/tg4-docs.s3.amazonaws.com\/tg4-redesign-2015\/wp-content\/uploads\/2015\/07\/AnKlondike.jpg","contentUrl":"https:\/\/tg4-docs.s3.amazonaws.com\/tg4-redesign-2015\/wp-content\/uploads\/2015\/07\/AnKlondike.jpg","width":1920,"height":1080,"caption":"An Klondike"},{"@type":"BreadcrumbList","@id":"https:\/\/dev.tg4.ie\/ga\/eolas\/preas\/nuacht-raitis\/2016-2\/05-04-16-2\/#breadcrumb","itemListElement":[{"@type":"ListItem","position":1,"name":"Home","item":"https:\/\/dev.tg4.ie\/ga\/"},{"@type":"ListItem","position":2,"name":"Eolas","item":"https:\/\/dev.tg4.ie\/ga\/eolas\/"},{"@type":"ListItem","position":3,"name":"Preas","item":"https:\/\/dev.tg4.ie\/ga\/eolas\/preas\/"},{"@type":"ListItem","position":4,"name":"Nuacht R\u00e1itis","item":"https:\/\/dev.tg4.ie\/ga\/eolas\/preas\/nuacht-raitis\/"},{"@type":"ListItem","position":5,"name":"2016","item":"https:\/\/dev.tg4.ie\/ga\/eolas\/preas\/nuacht-raitis\/2016-2\/"},{"@type":"ListItem","position":6,"name":"11.04.16"}]},{"@type":"WebSite","@id":"https:\/\/dev.tg4.ie\/en\/#website","url":"https:\/\/dev.tg4.ie\/en\/","name":"TG4","description":"S\u00fail Eile","potentialAction":[{"@type":"SearchAction","target":{"@type":"EntryPoint","urlTemplate":"https:\/\/dev.tg4.ie\/en\/?s={search_term_string}"},"query-input":"required name=search_term_string"}],"inLanguage":"ga"}]}},"_links":{"self":[{"href":"https:\/\/dev.tg4.ie\/ga\/wp-json\/wp\/v2\/pages\/16471"}],"collection":[{"href":"https:\/\/dev.tg4.ie\/ga\/wp-json\/wp\/v2\/pages"}],"about":[{"href":"https:\/\/dev.tg4.ie\/ga\/wp-json\/wp\/v2\/types\/page"}],"author":[{"embeddable":true,"href":"https:\/\/dev.tg4.ie\/ga\/wp-json\/wp\/v2\/users\/4"}],"replies":[{"embeddable":true,"href":"https:\/\/dev.tg4.ie\/ga\/wp-json\/wp\/v2\/comments?post=16471"}],"version-history":[{"count":0,"href":"https:\/\/dev.tg4.ie\/ga\/wp-json\/wp\/v2\/pages\/16471\/revisions"}],"up":[{"embeddable":true,"href":"https:\/\/dev.tg4.ie\/ga\/wp-json\/wp\/v2\/pages\/6580"}],"wp:featuredmedia":[{"embeddable":true,"href":"https:\/\/dev.tg4.ie\/ga\/wp-json\/wp\/v2\/media\/851"}],"wp:attachment":[{"href":"https:\/\/dev.tg4.ie\/ga\/wp-json\/wp\/v2\/media?parent=16471"}],"curies":[{"name":"wp","href":"https:\/\/api.w.org\/{rel}","templated":true}]}}