{"id":1650,"date":"2015-08-20T15:07:32","date_gmt":"2015-08-20T14:07:32","guid":{"rendered":"https:\/\/dev.tg4.ie\/corporate\/awards\/2000-2\/"},"modified":"2019-10-22T15:11:31","modified_gmt":"2019-10-22T14:11:31","slug":"2000-2","status":"publish","type":"page","link":"https:\/\/dev.tg4.ie\/ga\/eolas\/gradaim\/2000-2\/","title":{"rendered":"2000"},"content":{"rendered":"<h1>2000<\/h1>\n<p><strong>An \u00d3ige a Tr\u00e9igeadh<\/strong><br \/>\nCl\u00e1racha Trasteorann<br \/>\nDuais R\u00e9igi\u00fanach Circom 2000<\/p>\n<p><strong>Hi\u00fada\u00ed<\/strong><br \/>\nPearsa Teilif\u00edse na Bliana<br \/>\nAcadamh Scann\u00e1n agus Teilif\u00edse na h\u00c9ireann 2000<br \/>\n(ar v\u00f3ta an phobail f\u00e9achana tar \u00e9is do gach cain\u00e9al in \u00c9irinn iarrth\u00f3ir a ainmni\u00fa)<\/p>\n<p><strong>Mad Dog Coll<\/strong><br \/>\nCl\u00e1r Faisn\u00e9ise Gaeilge is Fearr<br \/>\nAcadamh Scann\u00e1n agus Teilif\u00edse na h\u00c9ireann 2000<\/p>\n<p><strong>Spr\u00e9 Rosie Ryan<\/strong><br \/>\nGearrliosta do Spiorad na F\u00e9ile<br \/>\nAn Fh\u00e9ile Idirn\u00e1isi\u00fanta Cheilteach Scann\u00e1n &amp; Teilf\u00edse 1999<\/p>\n","protected":false},"excerpt":{"rendered":"<p>2000 An \u00d3ige a Tr\u00e9igeadh Cl\u00e1racha Trasteorann Duais R\u00e9igi\u00fanach Circom 2000 Hi\u00fada\u00ed Pearsa Teilif\u00edse na Bliana Acadamh Scann\u00e1n agus Teilif\u00edse na h\u00c9ireann 2000 (ar v\u00f3ta an phobail f\u00e9achana tar \u00e9is do gach cain\u00e9al in \u00c9irinn iarrth\u00f3ir a ainmni\u00fa) Mad Dog Coll Cl\u00e1r Faisn\u00e9ise Gaeilge is Fearr Acadamh Scann\u00e1n agus Teilif\u00edse na h\u00c9ireann 2000 Spr\u00e9 Rosie [&hellip;]<\/p>\n","protected":false},"author":6,"featured_media":0,"parent":1219,"menu_order":3,"comment_status":"closed","ping_status":"closed","template":"page-templates\/template-corporate.php","meta":{"_acf_changed":false,"footnotes":""},"acf":[],"yoast_head":"<!-- This site is optimized with the Yoast SEO plugin v22.6 - https:\/\/yoast.com\/wordpress\/plugins\/seo\/ -->\n<title>2000 - TG4<\/title>\n<meta name=\"robots\" content=\"index, follow, max-snippet:-1, max-image-preview:large, max-video-preview:-1\" \/>\n<meta property=\"og:locale\" content=\"en_US\" \/>\n<meta property=\"og:type\" content=\"article\" \/>\n<meta property=\"og:title\" content=\"2000 - TG4\" \/>\n<meta property=\"og:description\" content=\"2000 An \u00d3ige a Tr\u00e9igeadh Cl\u00e1racha Trasteorann Duais R\u00e9igi\u00fanach Circom 2000 Hi\u00fada\u00ed Pearsa Teilif\u00edse na Bliana Acadamh Scann\u00e1n agus Teilif\u00edse na h\u00c9ireann 2000 (ar v\u00f3ta an phobail f\u00e9achana tar \u00e9is do gach cain\u00e9al in \u00c9irinn iarrth\u00f3ir a ainmni\u00fa) Mad Dog Coll Cl\u00e1r Faisn\u00e9ise Gaeilge is Fearr Acadamh Scann\u00e1n agus Teilif\u00edse na h\u00c9ireann 2000 Spr\u00e9 Rosie [&hellip;]\" \/>\n<meta property=\"og:url\" content=\"https:\/\/dev.tg4.ie\/ga\/eolas\/gradaim\/2000-2\/\" \/>\n<meta property=\"og:site_name\" content=\"TG4\" \/>\n<meta property=\"article:publisher\" content=\"https:\/\/www.facebook.com\/TG4TV\" \/>\n<meta property=\"article:modified_time\" content=\"2019-10-22T14:11:31+00:00\" \/>\n<meta property=\"og:image\" content=\"https:\/\/tg4-docs.s3.amazonaws.com\/wp-content\/uploads\/2024\/11\/18151812\/TG4_2024_corcra_teal_1-1920x1080-1.jpg\" \/>\n\t<meta property=\"og:image:width\" content=\"1920\" \/>\n\t<meta property=\"og:image:height\" content=\"1080\" \/>\n\t<meta property=\"og:image:type\" content=\"image\/jpeg\" \/>\n<meta name=\"twitter:card\" content=\"summary_large_image\" \/>\n<meta name=\"twitter:site\" content=\"@TG4TV\" \/>\n<script type=\"application\/ld+json\" class=\"yoast-schema-graph\">{\"@context\":\"https:\/\/schema.org\",\"@graph\":[{\"@type\":\"WebPage\",\"@id\":\"https:\/\/dev.tg4.ie\/ga\/eolas\/gradaim\/2000-2\/\",\"url\":\"https:\/\/dev.tg4.ie\/ga\/eolas\/gradaim\/2000-2\/\",\"name\":\"2000 - TG4\",\"isPartOf\":{\"@id\":\"https:\/\/dev.tg4.ie\/en\/#website\"},\"datePublished\":\"2015-08-20T14:07:32+00:00\",\"dateModified\":\"2019-10-22T14:11:31+00:00\",\"breadcrumb\":{\"@id\":\"https:\/\/dev.tg4.ie\/ga\/eolas\/gradaim\/2000-2\/#breadcrumb\"},\"inLanguage\":\"ga\",\"potentialAction\":[{\"@type\":\"ReadAction\",\"target\":[\"https:\/\/dev.tg4.ie\/ga\/eolas\/gradaim\/2000-2\/\"]}]},{\"@type\":\"BreadcrumbList\",\"@id\":\"https:\/\/dev.tg4.ie\/ga\/eolas\/gradaim\/2000-2\/#breadcrumb\",\"itemListElement\":[{\"@type\":\"ListItem\",\"position\":1,\"name\":\"Home\",\"item\":\"https:\/\/dev.tg4.ie\/ga\/\"},{\"@type\":\"ListItem\",\"position\":2,\"name\":\"Eolas\",\"item\":\"https:\/\/dev.tg4.ie\/ga\/eolas\/\"},{\"@type\":\"ListItem\",\"position\":3,\"name\":\"Gradaim\",\"item\":\"https:\/\/dev.tg4.ie\/ga\/eolas\/gradaim\/\"},{\"@type\":\"ListItem\",\"position\":4,\"name\":\"2000\"}]},{\"@type\":\"WebSite\",\"@id\":\"https:\/\/dev.tg4.ie\/en\/#website\",\"url\":\"https:\/\/dev.tg4.ie\/en\/\",\"name\":\"TG4\",\"description\":\"S\u00fail Eile\",\"potentialAction\":[{\"@type\":\"SearchAction\",\"target\":{\"@type\":\"EntryPoint\",\"urlTemplate\":\"https:\/\/dev.tg4.ie\/en\/?s={search_term_string}\"},\"query-input\":\"required name=search_term_string\"}],\"inLanguage\":\"ga\"}]}<\/script>\n<!-- \/ Yoast SEO plugin. -->","yoast_head_json":{"title":"2000 - TG4","robots":{"index":"index","follow":"follow","max-snippet":"max-snippet:-1","max-image-preview":"max-image-preview:large","max-video-preview":"max-video-preview:-1"},"og_locale":"en_US","og_type":"article","og_title":"2000 - TG4","og_description":"2000 An \u00d3ige a Tr\u00e9igeadh Cl\u00e1racha Trasteorann Duais R\u00e9igi\u00fanach Circom 2000 Hi\u00fada\u00ed Pearsa Teilif\u00edse na Bliana Acadamh Scann\u00e1n agus Teilif\u00edse na h\u00c9ireann 2000 (ar v\u00f3ta an phobail f\u00e9achana tar \u00e9is do gach cain\u00e9al in \u00c9irinn iarrth\u00f3ir a ainmni\u00fa) Mad Dog Coll Cl\u00e1r Faisn\u00e9ise Gaeilge is Fearr Acadamh Scann\u00e1n agus Teilif\u00edse na h\u00c9ireann 2000 Spr\u00e9 Rosie [&hellip;]","og_url":"https:\/\/dev.tg4.ie\/ga\/eolas\/gradaim\/2000-2\/","og_site_name":"TG4","article_publisher":"https:\/\/www.facebook.com\/TG4TV","article_modified_time":"2019-10-22T14:11:31+00:00","og_image":[{"width":1920,"height":1080,"url":"https:\/\/tg4-docs.s3.amazonaws.com\/wp-content\/uploads\/2024\/11\/18151812\/TG4_2024_corcra_teal_1-1920x1080-1.jpg","type":"image\/jpeg"}],"twitter_card":"summary_large_image","twitter_site":"@TG4TV","schema":{"@context":"https:\/\/schema.org","@graph":[{"@type":"WebPage","@id":"https:\/\/dev.tg4.ie\/ga\/eolas\/gradaim\/2000-2\/","url":"https:\/\/dev.tg4.ie\/ga\/eolas\/gradaim\/2000-2\/","name":"2000 - TG4","isPartOf":{"@id":"https:\/\/dev.tg4.ie\/en\/#website"},"datePublished":"2015-08-20T14:07:32+00:00","dateModified":"2019-10-22T14:11:31+00:00","breadcrumb":{"@id":"https:\/\/dev.tg4.ie\/ga\/eolas\/gradaim\/2000-2\/#breadcrumb"},"inLanguage":"ga","potentialAction":[{"@type":"ReadAction","target":["https:\/\/dev.tg4.ie\/ga\/eolas\/gradaim\/2000-2\/"]}]},{"@type":"BreadcrumbList","@id":"https:\/\/dev.tg4.ie\/ga\/eolas\/gradaim\/2000-2\/#breadcrumb","itemListElement":[{"@type":"ListItem","position":1,"name":"Home","item":"https:\/\/dev.tg4.ie\/ga\/"},{"@type":"ListItem","position":2,"name":"Eolas","item":"https:\/\/dev.tg4.ie\/ga\/eolas\/"},{"@type":"ListItem","position":3,"name":"Gradaim","item":"https:\/\/dev.tg4.ie\/ga\/eolas\/gradaim\/"},{"@type":"ListItem","position":4,"name":"2000"}]},{"@type":"WebSite","@id":"https:\/\/dev.tg4.ie\/en\/#website","url":"https:\/\/dev.tg4.ie\/en\/","name":"TG4","description":"S\u00fail Eile","potentialAction":[{"@type":"SearchAction","target":{"@type":"EntryPoint","urlTemplate":"https:\/\/dev.tg4.ie\/en\/?s={search_term_string}"},"query-input":"required name=search_term_string"}],"inLanguage":"ga"}]}},"_links":{"self":[{"href":"https:\/\/dev.tg4.ie\/ga\/wp-json\/wp\/v2\/pages\/1650"}],"collection":[{"href":"https:\/\/dev.tg4.ie\/ga\/wp-json\/wp\/v2\/pages"}],"about":[{"href":"https:\/\/dev.tg4.ie\/ga\/wp-json\/wp\/v2\/types\/page"}],"author":[{"embeddable":true,"href":"https:\/\/dev.tg4.ie\/ga\/wp-json\/wp\/v2\/users\/6"}],"replies":[{"embeddable":true,"href":"https:\/\/dev.tg4.ie\/ga\/wp-json\/wp\/v2\/comments?post=1650"}],"version-history":[{"count":0,"href":"https:\/\/dev.tg4.ie\/ga\/wp-json\/wp\/v2\/pages\/1650\/revisions"}],"up":[{"embeddable":true,"href":"https:\/\/dev.tg4.ie\/ga\/wp-json\/wp\/v2\/pages\/1219"}],"wp:attachment":[{"href":"https:\/\/dev.tg4.ie\/ga\/wp-json\/wp\/v2\/media?parent=1650"}],"curies":[{"name":"wp","href":"https:\/\/api.w.org\/{rel}","templated":true}]}}