{"id":1655,"date":"2015-08-20T15:15:02","date_gmt":"2015-08-20T14:15:02","guid":{"rendered":"https:\/\/dev.tg4.ie\/corporate\/awards\/1999-2\/"},"modified":"2019-10-22T15:11:07","modified_gmt":"2019-10-22T14:11:07","slug":"1999-2","status":"publish","type":"page","link":"https:\/\/dev.tg4.ie\/ga\/eolas\/gradaim\/1999-2\/","title":{"rendered":"1999"},"content":{"rendered":"<h1>1999<\/h1>\n<p><strong>Michael Hartnett &#8211; Muince Dreoil\u00edn<\/strong><br \/>\nDuais Chr\u00e9-umha &#8211; Beathaisn\u00e9is<br \/>\nWorldfest Houston 1999<br \/>\nAinmni\u00fach\u00e1n<br \/>\nF\u00e9ile Ghearrscann\u00e1n agus Fh\u00edse\u00e1n Yorkton \/ An Punann \u00d3ir 1999<\/p>\n<p><strong>Rotha M\u00f3r an tSaoil<\/strong><br \/>\nBuaiteoir: An cl\u00e1r faisn\u00e9se Gaeilge is fearr<br \/>\nAcadamh Scann\u00e1n agus Teilif\u00edse na h\u00c9ireann 1999<br \/>\nAinmni\u00fach\u00e1n Gearrliosta &#8211; Faisn\u00e9is<br \/>\nWorldfest Houston 1999<br \/>\nAinmni\u00fach\u00e1n<br \/>\nF\u00e9ile Ghearrscann\u00e1n agus Fh\u00edse\u00e1n Yorkton \/ An Punann \u00d3ir<\/p>\n<p><strong>Pl\u00e9ar\u00e1ca Ph\u00e1draig &#8211; L\u2019Heritage des Celtes<\/strong><br \/>\nDuais airgid &#8211; Ceolchoirm<br \/>\nWorldfest Houston 1999<\/p>\n<p><strong>An Bealach \u00d3 Dheas<\/strong><br \/>\nAinmni\u00fach\u00e1n Gearrliosta &#8211; Faisn\u00e9is<br \/>\nWorldfest Houston 1999<\/p>\n<p><strong>\u00c9al\u00fa \u00d3 Antartica<\/strong><br \/>\nAinmni\u00fach\u00e1n Gearrliosta &#8211; Faisn\u00e9is<br \/>\nWorldfest Houston 1999<\/p>\n<p><strong>Sc\u00e9alta \u00d3 Theach na mBocht<\/strong><br \/>\nAinmni\u00fach\u00e1n: Aisteoireacht<br \/>\nF\u00e9ile Teilif\u00edse Banff 1999: Banff Rockie Awards<br \/>\nDara h\u00e1it<br \/>\nSilver Screen Awards, Chicago 1999<\/p>\n<p><strong>C\u00e9n F\u00e1th?<\/strong><br \/>\nBuaiteoir, Aisteoir is fearr:<br \/>\nF\u00e9ile Idirn\u00e1isi\u00fanta Scann\u00e1n Ciak 1999 (An Iod\u00e1il)<\/p>\n<p><strong>I gCill\u00edn an Bh\u00e1is<\/strong><br \/>\nTeastas molta do chl\u00e1r faisn\u00e9ise<br \/>\nPrix Circom 1999<\/p>\n<p><strong>Lipservice<\/strong><br \/>\nBuaiteoir: Dr\u00e1ma gairid<br \/>\nAn Fh\u00e9ile Idirn\u00e1isi\u00fanta Cheilteach Scann\u00e1n &amp; Teilf\u00edse 1999<br \/>\nGearrliosta do Spiorad na F\u00e9ile<br \/>\nAn Fh\u00e9ile Idirn\u00e1isi\u00fanta Cheilteach Scann\u00e1n &amp; Teilf\u00edse 1999<br \/>\nBuaiteoir: An Gearrscann\u00e1n is fearr 1999<br \/>\nAcadamh Scann\u00e1n agus Teilif\u00eds na h\u00c9ireann<\/p>\n","protected":false},"excerpt":{"rendered":"<p>1999 Michael Hartnett &#8211; Muince Dreoil\u00edn Duais Chr\u00e9-umha &#8211; Beathaisn\u00e9is Worldfest Houston 1999 Ainmni\u00fach\u00e1n F\u00e9ile Ghearrscann\u00e1n agus Fh\u00edse\u00e1n Yorkton \/ An Punann \u00d3ir 1999 Rotha M\u00f3r an tSaoil Buaiteoir: An cl\u00e1r faisn\u00e9se Gaeilge is fearr Acadamh Scann\u00e1n agus Teilif\u00edse na h\u00c9ireann 1999 Ainmni\u00fach\u00e1n Gearrliosta &#8211; Faisn\u00e9is Worldfest Houston 1999 Ainmni\u00fach\u00e1n F\u00e9ile Ghearrscann\u00e1n agus Fh\u00edse\u00e1n Yorkton [&hellip;]<\/p>\n","protected":false},"author":6,"featured_media":0,"parent":1219,"menu_order":2,"comment_status":"closed","ping_status":"closed","template":"page-templates\/template-corporate.php","meta":{"_acf_changed":false,"footnotes":""},"acf":[],"yoast_head":"<!-- This site is optimized with the Yoast SEO plugin v22.6 - https:\/\/yoast.com\/wordpress\/plugins\/seo\/ -->\n<title>1999 - TG4<\/title>\n<meta name=\"robots\" content=\"index, follow, max-snippet:-1, max-image-preview:large, max-video-preview:-1\" \/>\n<meta property=\"og:locale\" content=\"en_US\" \/>\n<meta property=\"og:type\" content=\"article\" \/>\n<meta property=\"og:title\" content=\"1999 - TG4\" \/>\n<meta property=\"og:description\" content=\"1999 Michael Hartnett &#8211; Muince Dreoil\u00edn Duais Chr\u00e9-umha &#8211; Beathaisn\u00e9is Worldfest Houston 1999 Ainmni\u00fach\u00e1n F\u00e9ile Ghearrscann\u00e1n agus Fh\u00edse\u00e1n Yorkton \/ An Punann \u00d3ir 1999 Rotha M\u00f3r an tSaoil Buaiteoir: An cl\u00e1r faisn\u00e9se Gaeilge is fearr Acadamh Scann\u00e1n agus Teilif\u00edse na h\u00c9ireann 1999 Ainmni\u00fach\u00e1n Gearrliosta &#8211; Faisn\u00e9is Worldfest Houston 1999 Ainmni\u00fach\u00e1n F\u00e9ile Ghearrscann\u00e1n agus Fh\u00edse\u00e1n Yorkton [&hellip;]\" \/>\n<meta property=\"og:url\" content=\"https:\/\/dev.tg4.ie\/ga\/eolas\/gradaim\/1999-2\/\" \/>\n<meta property=\"og:site_name\" content=\"TG4\" \/>\n<meta property=\"article:publisher\" content=\"https:\/\/www.facebook.com\/TG4TV\" \/>\n<meta property=\"article:modified_time\" content=\"2019-10-22T14:11:07+00:00\" \/>\n<meta property=\"og:image\" content=\"https:\/\/tg4-docs.s3.amazonaws.com\/wp-content\/uploads\/2024\/11\/18151812\/TG4_2024_corcra_teal_1-1920x1080-1.jpg\" \/>\n\t<meta property=\"og:image:width\" content=\"1920\" \/>\n\t<meta property=\"og:image:height\" content=\"1080\" \/>\n\t<meta property=\"og:image:type\" content=\"image\/jpeg\" \/>\n<meta name=\"twitter:card\" content=\"summary_large_image\" \/>\n<meta name=\"twitter:site\" content=\"@TG4TV\" \/>\n<meta name=\"twitter:label1\" content=\"Est. reading time\" \/>\n\t<meta name=\"twitter:data1\" content=\"1 minute\" \/>\n<script type=\"application\/ld+json\" class=\"yoast-schema-graph\">{\"@context\":\"https:\/\/schema.org\",\"@graph\":[{\"@type\":\"WebPage\",\"@id\":\"https:\/\/dev.tg4.ie\/ga\/eolas\/gradaim\/1999-2\/\",\"url\":\"https:\/\/dev.tg4.ie\/ga\/eolas\/gradaim\/1999-2\/\",\"name\":\"1999 - TG4\",\"isPartOf\":{\"@id\":\"https:\/\/dev.tg4.ie\/en\/#website\"},\"datePublished\":\"2015-08-20T14:15:02+00:00\",\"dateModified\":\"2019-10-22T14:11:07+00:00\",\"breadcrumb\":{\"@id\":\"https:\/\/dev.tg4.ie\/ga\/eolas\/gradaim\/1999-2\/#breadcrumb\"},\"inLanguage\":\"ga\",\"potentialAction\":[{\"@type\":\"ReadAction\",\"target\":[\"https:\/\/dev.tg4.ie\/ga\/eolas\/gradaim\/1999-2\/\"]}]},{\"@type\":\"BreadcrumbList\",\"@id\":\"https:\/\/dev.tg4.ie\/ga\/eolas\/gradaim\/1999-2\/#breadcrumb\",\"itemListElement\":[{\"@type\":\"ListItem\",\"position\":1,\"name\":\"Home\",\"item\":\"https:\/\/dev.tg4.ie\/ga\/\"},{\"@type\":\"ListItem\",\"position\":2,\"name\":\"Eolas\",\"item\":\"https:\/\/dev.tg4.ie\/ga\/eolas\/\"},{\"@type\":\"ListItem\",\"position\":3,\"name\":\"Gradaim\",\"item\":\"https:\/\/dev.tg4.ie\/ga\/eolas\/gradaim\/\"},{\"@type\":\"ListItem\",\"position\":4,\"name\":\"1999\"}]},{\"@type\":\"WebSite\",\"@id\":\"https:\/\/dev.tg4.ie\/en\/#website\",\"url\":\"https:\/\/dev.tg4.ie\/en\/\",\"name\":\"TG4\",\"description\":\"S\u00fail Eile\",\"potentialAction\":[{\"@type\":\"SearchAction\",\"target\":{\"@type\":\"EntryPoint\",\"urlTemplate\":\"https:\/\/dev.tg4.ie\/en\/?s={search_term_string}\"},\"query-input\":\"required name=search_term_string\"}],\"inLanguage\":\"ga\"}]}<\/script>\n<!-- \/ Yoast SEO plugin. -->","yoast_head_json":{"title":"1999 - TG4","robots":{"index":"index","follow":"follow","max-snippet":"max-snippet:-1","max-image-preview":"max-image-preview:large","max-video-preview":"max-video-preview:-1"},"og_locale":"en_US","og_type":"article","og_title":"1999 - TG4","og_description":"1999 Michael Hartnett &#8211; Muince Dreoil\u00edn Duais Chr\u00e9-umha &#8211; Beathaisn\u00e9is Worldfest Houston 1999 Ainmni\u00fach\u00e1n F\u00e9ile Ghearrscann\u00e1n agus Fh\u00edse\u00e1n Yorkton \/ An Punann \u00d3ir 1999 Rotha M\u00f3r an tSaoil Buaiteoir: An cl\u00e1r faisn\u00e9se Gaeilge is fearr Acadamh Scann\u00e1n agus Teilif\u00edse na h\u00c9ireann 1999 Ainmni\u00fach\u00e1n Gearrliosta &#8211; Faisn\u00e9is Worldfest Houston 1999 Ainmni\u00fach\u00e1n F\u00e9ile Ghearrscann\u00e1n agus Fh\u00edse\u00e1n Yorkton [&hellip;]","og_url":"https:\/\/dev.tg4.ie\/ga\/eolas\/gradaim\/1999-2\/","og_site_name":"TG4","article_publisher":"https:\/\/www.facebook.com\/TG4TV","article_modified_time":"2019-10-22T14:11:07+00:00","og_image":[{"width":1920,"height":1080,"url":"https:\/\/tg4-docs.s3.amazonaws.com\/wp-content\/uploads\/2024\/11\/18151812\/TG4_2024_corcra_teal_1-1920x1080-1.jpg","type":"image\/jpeg"}],"twitter_card":"summary_large_image","twitter_site":"@TG4TV","twitter_misc":{"Est. reading time":"1 minute"},"schema":{"@context":"https:\/\/schema.org","@graph":[{"@type":"WebPage","@id":"https:\/\/dev.tg4.ie\/ga\/eolas\/gradaim\/1999-2\/","url":"https:\/\/dev.tg4.ie\/ga\/eolas\/gradaim\/1999-2\/","name":"1999 - TG4","isPartOf":{"@id":"https:\/\/dev.tg4.ie\/en\/#website"},"datePublished":"2015-08-20T14:15:02+00:00","dateModified":"2019-10-22T14:11:07+00:00","breadcrumb":{"@id":"https:\/\/dev.tg4.ie\/ga\/eolas\/gradaim\/1999-2\/#breadcrumb"},"inLanguage":"ga","potentialAction":[{"@type":"ReadAction","target":["https:\/\/dev.tg4.ie\/ga\/eolas\/gradaim\/1999-2\/"]}]},{"@type":"BreadcrumbList","@id":"https:\/\/dev.tg4.ie\/ga\/eolas\/gradaim\/1999-2\/#breadcrumb","itemListElement":[{"@type":"ListItem","position":1,"name":"Home","item":"https:\/\/dev.tg4.ie\/ga\/"},{"@type":"ListItem","position":2,"name":"Eolas","item":"https:\/\/dev.tg4.ie\/ga\/eolas\/"},{"@type":"ListItem","position":3,"name":"Gradaim","item":"https:\/\/dev.tg4.ie\/ga\/eolas\/gradaim\/"},{"@type":"ListItem","position":4,"name":"1999"}]},{"@type":"WebSite","@id":"https:\/\/dev.tg4.ie\/en\/#website","url":"https:\/\/dev.tg4.ie\/en\/","name":"TG4","description":"S\u00fail Eile","potentialAction":[{"@type":"SearchAction","target":{"@type":"EntryPoint","urlTemplate":"https:\/\/dev.tg4.ie\/en\/?s={search_term_string}"},"query-input":"required name=search_term_string"}],"inLanguage":"ga"}]}},"_links":{"self":[{"href":"https:\/\/dev.tg4.ie\/ga\/wp-json\/wp\/v2\/pages\/1655"}],"collection":[{"href":"https:\/\/dev.tg4.ie\/ga\/wp-json\/wp\/v2\/pages"}],"about":[{"href":"https:\/\/dev.tg4.ie\/ga\/wp-json\/wp\/v2\/types\/page"}],"author":[{"embeddable":true,"href":"https:\/\/dev.tg4.ie\/ga\/wp-json\/wp\/v2\/users\/6"}],"replies":[{"embeddable":true,"href":"https:\/\/dev.tg4.ie\/ga\/wp-json\/wp\/v2\/comments?post=1655"}],"version-history":[{"count":0,"href":"https:\/\/dev.tg4.ie\/ga\/wp-json\/wp\/v2\/pages\/1655\/revisions"}],"up":[{"embeddable":true,"href":"https:\/\/dev.tg4.ie\/ga\/wp-json\/wp\/v2\/pages\/1219"}],"wp:attachment":[{"href":"https:\/\/dev.tg4.ie\/ga\/wp-json\/wp\/v2\/media?parent=1655"}],"curies":[{"name":"wp","href":"https:\/\/api.w.org\/{rel}","templated":true}]}}