{"id":16625,"date":"2016-04-14T10:49:43","date_gmt":"2016-04-14T09:49:43","guid":{"rendered":"https:\/\/dev.tg4.ie\/corporate\/preas\/press-releases\/2016-2\/05-04-16-2-2\/"},"modified":"2019-06-24T16:25:31","modified_gmt":"2019-06-24T15:25:31","slug":"05-04-16-2-2","status":"publish","type":"page","link":"https:\/\/dev.tg4.ie\/ga\/eolas\/preas\/nuacht-raitis\/2016-2\/05-04-16-2-2\/","title":{"rendered":"14.04.16"},"content":{"rendered":"<h2><i>Seo f\u00e9in\u00edn eile a th\u00f3g muid le taobh an Fhir Mh\u00f3ir!<\/i><\/h2>\n<p>Deir an seanfhocal linn nach bhfeicfidh ach an t\u00e9 a shi\u00falfaidh agus is m\u00f3 f\u00f3s a fheicfidh an t\u00e9 a bheadh in ann dul ar ais siar sa stair agus imeachta\u00ed m\u00f3ra cinni\u00fanacha ag tarl\u00fa.\u00a0 Sin go d\u00edreach mar at\u00e1 sa sraithdhr\u00e1ma ar \u00c9ir\u00ed Amach na C\u00e1sca a chraolfaidh TG4 faoi cheann seachtaine.<\/p>\n<p>Is \u00e9 an comhlacht aitheanta Tile Films a l\u00e9irigh an tsraith seo do TG4 agus craolfar an tr\u00ed chl\u00e1r ar an gcain\u00e9al tr\u00ed l\u00e1 i ndiaidh a ch\u00e9ile, c\u00e9ad bliain d\u00edreach \u00f3 dh\u00e1ta an \u00c9ir\u00ed Amach f\u00e9in.\u00a0 Fuair an togra maoini\u00fa \u00f3 TG4, \u00f3 \u00dadar\u00e1s Craolach\u00e1in na h\u00c9ireann agus \u00f3 sc\u00e9im taca\u00edochta at\u00e1 bunaithe an Rialtais do thogra\u00ed scann\u00e1n teilif\u00edse (Alt 481).<\/p>\n<p>Chruthaigh cliar aisteoir\u00ed agus foireann l\u00e9iri\u00fach\u00e1in den ch\u00e9ad-scoth an saothar seo, bunaithe ar sc\u00e9al a scr\u00edobh<strong> James Phelan, <\/strong>duaiseoir as a shaothar roimhe seo do TG4 (<em>R\u00e1sa\u00ed na Gaillimhe)<\/em>. Ar na haisteoir\u00ed at\u00e1 p\u00e1irteach, t\u00e1 <strong>Peter Coonan<\/strong> (<em>Love\/Hate<\/em>), <strong>Owen McDonnell <\/strong>(<em>Singlehanded<\/em>), <strong>Sean T. \u00d3 Meallaigh<\/strong> (<em>R\u00e1sa\u00ed na Gaillimhe, Charlie<\/em>), <strong>Jeanne O\u2019Connor<\/strong> (<em>Sineater<\/em>), <strong>Enda Oates<\/strong> (<em>Moone Boy<\/em>), <strong>Eva Jane Gaffney<\/strong> (<em>What Richard Did<\/em>) agus \u00a0<strong>Olga Wehrly<\/strong> (<em>Dark Touch<\/em>)<\/p>\n<p>Is \u00e9 Stephen Rooke, Tile Films, an L\u00e9iritheoir Feidhmeannach, Ru\u00e1n Magan a sti\u00faraigh, Anna Maria O\u2019Flanagan a chuir in eagar agus Colm Whelan a bh\u00ed i mbun na gceamara\u00ed.<\/p>\n<p>Deir Miche\u00e1l \u00d3 Meallaigh, Sti\u00farth\u00f3ir Coimisi\u00fanaithe TG4 faoin togra \u201c<em>Bh\u00ed a fhos againn go mbeadh togra\u00ed teilif\u00edse go leor \u00e1 gcraoladh i mbliana a d\u2019inseodh sc\u00e9al an \u00c9ir\u00ed Amach i dt\u00e9arma\u00ed na lom-staire agus is maith ann iad.\u00a0 Ach theastaigh uainn fosta casadh beag a bhaint as agus greann freisin, mar chuid amh\u00e1in d\u00e1r gcraolta iomad\u00fala f\u00e9in ar an gCom\u00f3radh. B\u00edonn c\u00fapla insint ar aon sc\u00e9al agus n\u00ed mar mhagadh n\u00e1 le mail\u00eds a thugamar taca\u00edocht don insint mhalartach seo ina gcuirtear an cheist \u2018C\u00e9ard a tharl\u00f3dh d\u00e1 mbeadh an cor \u00e1irithe seo sa sc\u00e9al?\u2019\u00a0 \u00a0\u00a0Is fada bua na samhla\u00edochta agus an ghrinn ag an sc\u00e9ala\u00ed Gaeilge agus seo <\/em>s\u00fail eile<em> ar imeachta\u00ed cinni\u00fanacha na linne sin.<\/em>\u201d<\/p>\n<p>&nbsp;<\/p>\n<p><strong>D\u00e1ta\u00ed Craolta:<\/strong><br \/>\nEP\u00a0 1 \u2013 SATHARN 23 AIBRE\u00c1N\u00a0\u00a0 9.30PM<br \/>\nEP\u00a0 2 \u2013 DOMHNACH\u00a0 24\u00a0 AIBRE\u00c1N 9.30PM<br \/>\nEP\u00a0 3 \u2013 LUAN 25 AIBRE\u00c1N\u00a0\u00a0 9.30PM<\/p>\n<p>&nbsp;<\/p>\n","protected":false},"excerpt":{"rendered":"<p>Seo f\u00e9in\u00edn eile a th\u00f3g muid le taobh an Fhir Mh\u00f3ir! Deir an seanfhocal linn nach bhfeicfidh ach an t\u00e9 a shi\u00falfaidh agus is m\u00f3 f\u00f3s a fheicfidh an t\u00e9 a bheadh in ann dul ar ais siar sa stair agus imeachta\u00ed m\u00f3ra cinni\u00fanacha ag tarl\u00fa.\u00a0 Sin go d\u00edreach mar at\u00e1 sa sraithdhr\u00e1ma ar \u00c9ir\u00ed [&hellip;]<\/p>\n","protected":false},"author":4,"featured_media":16606,"parent":6580,"menu_order":15,"comment_status":"closed","ping_status":"closed","template":"page-templates\/template-pr.php","meta":{"_acf_changed":false,"footnotes":""},"acf":[],"yoast_head":"<!-- This site is optimized with the Yoast SEO plugin v22.6 - https:\/\/yoast.com\/wordpress\/plugins\/seo\/ -->\n<title>14.04.16 - TG4<\/title>\n<meta name=\"robots\" content=\"index, follow, max-snippet:-1, max-image-preview:large, max-video-preview:-1\" \/>\n<meta property=\"og:locale\" content=\"en_US\" \/>\n<meta property=\"og:type\" content=\"article\" \/>\n<meta property=\"og:title\" content=\"14.04.16 - TG4\" \/>\n<meta property=\"og:description\" content=\"Seo f\u00e9in\u00edn eile a th\u00f3g muid le taobh an Fhir Mh\u00f3ir! Deir an seanfhocal linn nach bhfeicfidh ach an t\u00e9 a shi\u00falfaidh agus is m\u00f3 f\u00f3s a fheicfidh an t\u00e9 a bheadh in ann dul ar ais siar sa stair agus imeachta\u00ed m\u00f3ra cinni\u00fanacha ag tarl\u00fa.\u00a0 Sin go d\u00edreach mar at\u00e1 sa sraithdhr\u00e1ma ar \u00c9ir\u00ed [&hellip;]\" \/>\n<meta property=\"og:url\" content=\"https:\/\/dev.tg4.ie\/ga\/eolas\/preas\/nuacht-raitis\/2016-2\/05-04-16-2-2\/\" \/>\n<meta property=\"og:site_name\" content=\"TG4\" \/>\n<meta property=\"article:publisher\" content=\"https:\/\/www.facebook.com\/TG4TV\" \/>\n<meta property=\"article:modified_time\" content=\"2019-06-24T15:25:31+00:00\" \/>\n<meta property=\"og:image\" content=\"https:\/\/tg4-docs.s3.amazonaws.com\/tg4-redesign-2015\/wp-content\/uploads\/2016\/04\/Wrecking_The_Rising_Sr1.jpg\" \/>\n\t<meta property=\"og:image:width\" content=\"1920\" \/>\n\t<meta property=\"og:image:height\" content=\"1080\" \/>\n\t<meta property=\"og:image:type\" content=\"image\/jpeg\" \/>\n<meta name=\"twitter:card\" content=\"summary_large_image\" \/>\n<meta name=\"twitter:site\" content=\"@TG4TV\" \/>\n<meta name=\"twitter:label1\" content=\"Est. reading time\" \/>\n\t<meta name=\"twitter:data1\" content=\"2 minutes\" \/>\n<script type=\"application\/ld+json\" class=\"yoast-schema-graph\">{\"@context\":\"https:\/\/schema.org\",\"@graph\":[{\"@type\":\"WebPage\",\"@id\":\"https:\/\/dev.tg4.ie\/ga\/eolas\/preas\/nuacht-raitis\/2016-2\/05-04-16-2-2\/\",\"url\":\"https:\/\/dev.tg4.ie\/ga\/eolas\/preas\/nuacht-raitis\/2016-2\/05-04-16-2-2\/\",\"name\":\"14.04.16 - TG4\",\"isPartOf\":{\"@id\":\"https:\/\/dev.tg4.ie\/en\/#website\"},\"primaryImageOfPage\":{\"@id\":\"https:\/\/dev.tg4.ie\/ga\/eolas\/preas\/nuacht-raitis\/2016-2\/05-04-16-2-2\/#primaryimage\"},\"image\":{\"@id\":\"https:\/\/dev.tg4.ie\/ga\/eolas\/preas\/nuacht-raitis\/2016-2\/05-04-16-2-2\/#primaryimage\"},\"thumbnailUrl\":\"https:\/\/tg4-docs.s3.amazonaws.com\/tg4-redesign-2015\/wp-content\/uploads\/2016\/04\/Wrecking_The_Rising_Sr1.jpg\",\"datePublished\":\"2016-04-14T09:49:43+00:00\",\"dateModified\":\"2019-06-24T15:25:31+00:00\",\"breadcrumb\":{\"@id\":\"https:\/\/dev.tg4.ie\/ga\/eolas\/preas\/nuacht-raitis\/2016-2\/05-04-16-2-2\/#breadcrumb\"},\"inLanguage\":\"ga\",\"potentialAction\":[{\"@type\":\"ReadAction\",\"target\":[\"https:\/\/dev.tg4.ie\/ga\/eolas\/preas\/nuacht-raitis\/2016-2\/05-04-16-2-2\/\"]}]},{\"@type\":\"ImageObject\",\"inLanguage\":\"ga\",\"@id\":\"https:\/\/dev.tg4.ie\/ga\/eolas\/preas\/nuacht-raitis\/2016-2\/05-04-16-2-2\/#primaryimage\",\"url\":\"https:\/\/tg4-docs.s3.amazonaws.com\/tg4-redesign-2015\/wp-content\/uploads\/2016\/04\/Wrecking_The_Rising_Sr1.jpg\",\"contentUrl\":\"https:\/\/tg4-docs.s3.amazonaws.com\/tg4-redesign-2015\/wp-content\/uploads\/2016\/04\/Wrecking_The_Rising_Sr1.jpg\",\"width\":1920,\"height\":1080,\"caption\":\"Wrecking The Rising\"},{\"@type\":\"BreadcrumbList\",\"@id\":\"https:\/\/dev.tg4.ie\/ga\/eolas\/preas\/nuacht-raitis\/2016-2\/05-04-16-2-2\/#breadcrumb\",\"itemListElement\":[{\"@type\":\"ListItem\",\"position\":1,\"name\":\"Home\",\"item\":\"https:\/\/dev.tg4.ie\/ga\/\"},{\"@type\":\"ListItem\",\"position\":2,\"name\":\"Eolas\",\"item\":\"https:\/\/dev.tg4.ie\/ga\/eolas\/\"},{\"@type\":\"ListItem\",\"position\":3,\"name\":\"Preas\",\"item\":\"https:\/\/dev.tg4.ie\/ga\/eolas\/preas\/\"},{\"@type\":\"ListItem\",\"position\":4,\"name\":\"Nuacht R\u00e1itis\",\"item\":\"https:\/\/dev.tg4.ie\/ga\/eolas\/preas\/nuacht-raitis\/\"},{\"@type\":\"ListItem\",\"position\":5,\"name\":\"2016\",\"item\":\"https:\/\/dev.tg4.ie\/ga\/eolas\/preas\/nuacht-raitis\/2016-2\/\"},{\"@type\":\"ListItem\",\"position\":6,\"name\":\"14.04.16\"}]},{\"@type\":\"WebSite\",\"@id\":\"https:\/\/dev.tg4.ie\/en\/#website\",\"url\":\"https:\/\/dev.tg4.ie\/en\/\",\"name\":\"TG4\",\"description\":\"S\u00fail Eile\",\"potentialAction\":[{\"@type\":\"SearchAction\",\"target\":{\"@type\":\"EntryPoint\",\"urlTemplate\":\"https:\/\/dev.tg4.ie\/en\/?s={search_term_string}\"},\"query-input\":\"required name=search_term_string\"}],\"inLanguage\":\"ga\"}]}<\/script>\n<!-- \/ Yoast SEO plugin. -->","yoast_head_json":{"title":"14.04.16 - TG4","robots":{"index":"index","follow":"follow","max-snippet":"max-snippet:-1","max-image-preview":"max-image-preview:large","max-video-preview":"max-video-preview:-1"},"og_locale":"en_US","og_type":"article","og_title":"14.04.16 - TG4","og_description":"Seo f\u00e9in\u00edn eile a th\u00f3g muid le taobh an Fhir Mh\u00f3ir! Deir an seanfhocal linn nach bhfeicfidh ach an t\u00e9 a shi\u00falfaidh agus is m\u00f3 f\u00f3s a fheicfidh an t\u00e9 a bheadh in ann dul ar ais siar sa stair agus imeachta\u00ed m\u00f3ra cinni\u00fanacha ag tarl\u00fa.\u00a0 Sin go d\u00edreach mar at\u00e1 sa sraithdhr\u00e1ma ar \u00c9ir\u00ed [&hellip;]","og_url":"https:\/\/dev.tg4.ie\/ga\/eolas\/preas\/nuacht-raitis\/2016-2\/05-04-16-2-2\/","og_site_name":"TG4","article_publisher":"https:\/\/www.facebook.com\/TG4TV","article_modified_time":"2019-06-24T15:25:31+00:00","og_image":[{"width":1920,"height":1080,"url":"https:\/\/tg4-docs.s3.amazonaws.com\/tg4-redesign-2015\/wp-content\/uploads\/2016\/04\/Wrecking_The_Rising_Sr1.jpg","type":"image\/jpeg"}],"twitter_card":"summary_large_image","twitter_site":"@TG4TV","twitter_misc":{"Est. reading time":"2 minutes"},"schema":{"@context":"https:\/\/schema.org","@graph":[{"@type":"WebPage","@id":"https:\/\/dev.tg4.ie\/ga\/eolas\/preas\/nuacht-raitis\/2016-2\/05-04-16-2-2\/","url":"https:\/\/dev.tg4.ie\/ga\/eolas\/preas\/nuacht-raitis\/2016-2\/05-04-16-2-2\/","name":"14.04.16 - TG4","isPartOf":{"@id":"https:\/\/dev.tg4.ie\/en\/#website"},"primaryImageOfPage":{"@id":"https:\/\/dev.tg4.ie\/ga\/eolas\/preas\/nuacht-raitis\/2016-2\/05-04-16-2-2\/#primaryimage"},"image":{"@id":"https:\/\/dev.tg4.ie\/ga\/eolas\/preas\/nuacht-raitis\/2016-2\/05-04-16-2-2\/#primaryimage"},"thumbnailUrl":"https:\/\/tg4-docs.s3.amazonaws.com\/tg4-redesign-2015\/wp-content\/uploads\/2016\/04\/Wrecking_The_Rising_Sr1.jpg","datePublished":"2016-04-14T09:49:43+00:00","dateModified":"2019-06-24T15:25:31+00:00","breadcrumb":{"@id":"https:\/\/dev.tg4.ie\/ga\/eolas\/preas\/nuacht-raitis\/2016-2\/05-04-16-2-2\/#breadcrumb"},"inLanguage":"ga","potentialAction":[{"@type":"ReadAction","target":["https:\/\/dev.tg4.ie\/ga\/eolas\/preas\/nuacht-raitis\/2016-2\/05-04-16-2-2\/"]}]},{"@type":"ImageObject","inLanguage":"ga","@id":"https:\/\/dev.tg4.ie\/ga\/eolas\/preas\/nuacht-raitis\/2016-2\/05-04-16-2-2\/#primaryimage","url":"https:\/\/tg4-docs.s3.amazonaws.com\/tg4-redesign-2015\/wp-content\/uploads\/2016\/04\/Wrecking_The_Rising_Sr1.jpg","contentUrl":"https:\/\/tg4-docs.s3.amazonaws.com\/tg4-redesign-2015\/wp-content\/uploads\/2016\/04\/Wrecking_The_Rising_Sr1.jpg","width":1920,"height":1080,"caption":"Wrecking The Rising"},{"@type":"BreadcrumbList","@id":"https:\/\/dev.tg4.ie\/ga\/eolas\/preas\/nuacht-raitis\/2016-2\/05-04-16-2-2\/#breadcrumb","itemListElement":[{"@type":"ListItem","position":1,"name":"Home","item":"https:\/\/dev.tg4.ie\/ga\/"},{"@type":"ListItem","position":2,"name":"Eolas","item":"https:\/\/dev.tg4.ie\/ga\/eolas\/"},{"@type":"ListItem","position":3,"name":"Preas","item":"https:\/\/dev.tg4.ie\/ga\/eolas\/preas\/"},{"@type":"ListItem","position":4,"name":"Nuacht R\u00e1itis","item":"https:\/\/dev.tg4.ie\/ga\/eolas\/preas\/nuacht-raitis\/"},{"@type":"ListItem","position":5,"name":"2016","item":"https:\/\/dev.tg4.ie\/ga\/eolas\/preas\/nuacht-raitis\/2016-2\/"},{"@type":"ListItem","position":6,"name":"14.04.16"}]},{"@type":"WebSite","@id":"https:\/\/dev.tg4.ie\/en\/#website","url":"https:\/\/dev.tg4.ie\/en\/","name":"TG4","description":"S\u00fail Eile","potentialAction":[{"@type":"SearchAction","target":{"@type":"EntryPoint","urlTemplate":"https:\/\/dev.tg4.ie\/en\/?s={search_term_string}"},"query-input":"required name=search_term_string"}],"inLanguage":"ga"}]}},"_links":{"self":[{"href":"https:\/\/dev.tg4.ie\/ga\/wp-json\/wp\/v2\/pages\/16625"}],"collection":[{"href":"https:\/\/dev.tg4.ie\/ga\/wp-json\/wp\/v2\/pages"}],"about":[{"href":"https:\/\/dev.tg4.ie\/ga\/wp-json\/wp\/v2\/types\/page"}],"author":[{"embeddable":true,"href":"https:\/\/dev.tg4.ie\/ga\/wp-json\/wp\/v2\/users\/4"}],"replies":[{"embeddable":true,"href":"https:\/\/dev.tg4.ie\/ga\/wp-json\/wp\/v2\/comments?post=16625"}],"version-history":[{"count":0,"href":"https:\/\/dev.tg4.ie\/ga\/wp-json\/wp\/v2\/pages\/16625\/revisions"}],"up":[{"embeddable":true,"href":"https:\/\/dev.tg4.ie\/ga\/wp-json\/wp\/v2\/pages\/6580"}],"wp:featuredmedia":[{"embeddable":true,"href":"https:\/\/dev.tg4.ie\/ga\/wp-json\/wp\/v2\/media\/16606"}],"wp:attachment":[{"href":"https:\/\/dev.tg4.ie\/ga\/wp-json\/wp\/v2\/media?parent=16625"}],"curies":[{"name":"wp","href":"https:\/\/api.w.org\/{rel}","templated":true}]}}