{"id":166965,"date":"2022-07-21T12:52:26","date_gmt":"2022-07-21T11:52:26","guid":{"rendered":"https:\/\/dev.tg4.ie\/?page_id=166965"},"modified":"2022-07-21T12:55:21","modified_gmt":"2022-07-21T11:55:21","slug":"tg4-ag-fail-faoi-reir-do-10-cluiche-i-sraith-naisiunta-na-mban-a-chraoladh-beo","status":"publish","type":"page","link":"https:\/\/dev.tg4.ie\/ga\/eolas\/preas\/nuacht-raitis\/2022-2\/tg4-ag-fail-faoi-reir-do-10-cluiche-i-sraith-naisiunta-na-mban-a-chraoladh-beo\/","title":{"rendered":"TG4 ag f\u00e1il faoi r\u00e9ir do 10 cluiche i Sraith N\u00e1isi\u00fanta na mBan a chraoladh beo"},"content":{"rendered":"<p><img loading=\"lazy\" decoding=\"async\" width=\"1920\" height=\"1080\" src=\"https:\/\/tg4-docs.s3.amazonaws.com\/wp-content\/uploads\/2022\/07\/21124145\/Sacar_Beo_WNL_2022-1-1920x1080-1.jpg\" alt=\"\" class=\"alignleft size-full wp-image-166998\" srcset=\"https:\/\/tg4-docs.s3.amazonaws.com\/wp-content\/uploads\/2022\/07\/21124145\/Sacar_Beo_WNL_2022-1-1920x1080-1.jpg 1920w, https:\/\/tg4-docs.s3.amazonaws.com\/wp-content\/uploads\/2022\/07\/21124145\/Sacar_Beo_WNL_2022-1-1920x1080-1-250x141.jpg 250w, https:\/\/tg4-docs.s3.amazonaws.com\/wp-content\/uploads\/2022\/07\/21124145\/Sacar_Beo_WNL_2022-1-1920x1080-1-700x394.jpg 700w, https:\/\/tg4-docs.s3.amazonaws.com\/wp-content\/uploads\/2022\/07\/21124145\/Sacar_Beo_WNL_2022-1-1920x1080-1-252x141.jpg 252w, https:\/\/tg4-docs.s3.amazonaws.com\/wp-content\/uploads\/2022\/07\/21124145\/Sacar_Beo_WNL_2022-1-1920x1080-1-1536x864.jpg 1536w, https:\/\/tg4-docs.s3.amazonaws.com\/wp-content\/uploads\/2022\/07\/21124145\/Sacar_Beo_WNL_2022-1-1920x1080-1-120x68.jpg 120w\" sizes=\"(max-width: 1920px) 100vw, 1920px\" \/><br \/>\n&nbsp;<br \/>\nBeidh r\u00e9alta\u00ed Shraith N\u00e1isi\u00fanta Ban SSE Airtricity ag dul i bhfeidhm ar an lucht f\u00e9achana ar\u00eds ar theilif\u00eds saorchraolta tr\u00e1th a mbeidh ceamara\u00ed TG4 orthu ar\u00eds agus 10 cluiche beo \u00e1 n-imirt acu.<br \/>\n&nbsp;<br \/>\nTar \u00e9is nasc a dh\u00e9anamh le Cumann Peile na h\u00c9ireann in 2021 chun 4 cluiche de Shraith N\u00e1isi\u00fanta na mBan (SNB) a chraoladh, t\u00e1 a thiomantas don Sraithchom\u00f3rtas athdhearbhaithe ag TG4 tr\u00ed l\u00edon ioml\u00e1n na gcluich\u00ed a mh\u00e9ad\u00fa faoi 150% suas chuig 10 cluiche.<br \/>\n&nbsp;<br \/>\nIs \u00ed an craolt\u00f3ir sp\u00f3irt as Gaillimh, M\u00e1ire Treasa N\u00ed Cheallaigh, a chuirfidh Sacar Beo i l\u00e1thair, agus beidh foireann de shainanail\u00edsithe sacair ina teannta. Fogarty Fenwick Services a l\u00e9ireoidh an tsraith.<br \/>\n&nbsp;<br \/>\nBeidh aicsean eisiach ag Sp\u00f3rt TG4 ar a dtarla\u00edonn sa ch\u00falra ag na cluich\u00ed ar fud a chain\u00e9al me\u00e1n s\u00f3isialta agus cuirfear na cluich\u00ed ar f\u00e1il ar fud an domhain ar Aip Sheinnteoir TG4.<br \/>\n&nbsp;<br \/>\nD\u00fairt <strong>Ceannasa\u00ed Sp\u00f3irt TG4, R\u00f3n\u00e1n \u00d3 Coistealbha<\/strong>: <em>&#8220;Bh\u00ed an-\u00e1thas ar TG4 Sraithchom\u00f3rtas N\u00e1isi\u00fanta Ban SSE Airtricity a chur ar f\u00e1il do lucht f\u00e9achana teilif\u00edse na h\u00c9ireann den ch\u00e9ad uair in 2021. \u00d3n gc\u00e9ad ch\u00fal, ar ch\u00fal den scoth \u00e9, a sc\u00f3r\u00e1il Alex Kavanagh ar son Shelbourne in aghaidh DLR Waves go dt\u00ed an dr\u00e1ma l\u00e1n teannais a bhain leis an o\u00edche dheireanach i m\u00ed na Samhna ar a ndearnadh Seaimp\u00edn\u00ed na Bliana 2021 de Shelbourne; t\u00e1 gach a mbeadh uait i gceist le SNB.&#8221;  <\/p>\n<p>\u201cN\u00ed fh\u00e9adfadh a thuilleadh br\u00f3id a bheith ar TG4 agus iad ag cur scleondar shacar na mban ar f\u00e1il don lucht f\u00e9achana at\u00e1 ag \u00e9ir\u00ed n\u00edos d\u00edograis\u00ed agus n\u00edos d\u00edograis\u00ed faoi, agus t\u00e1imid ag s\u00fail leis an gc\u00e9ad ch\u00e9im eile san aistear le Cumann Peile na h\u00c9ireann agus Sraith na h\u00c9ireann.\u201d<\/em><br \/>\n&nbsp;<br \/>\nD\u00fairt <strong>Mark Scanlon, Sti\u00farth\u00f3ir Shraith na h\u00c9ireann<\/strong>: <em>&#8220;T\u00e1imid ag s\u00fail le bheith ag obair le TG4 ar\u00eds tar \u00e9is chomh maith agus a d\u2019\u00e9irigh leis an obair i gcomhar anuraidh. De r\u00e9ir mar at\u00e1 an cluiche ag dul \u00f3 neart go neart sa t\u00edr seo, t\u00e1imid ag iarraidh an oiread airde agus is f\u00e9idir a chinnti\u00fa do na himreoir\u00ed agus do na clubanna, agus is cuid th\u00e1bhachtach de sin na cluich\u00ed a chraoladh ar theilif\u00eds n\u00e1isi\u00fanta.&#8221; <\/p>\n<p>\u201cT\u00e1 s\u00e9 thar cionn ar fad go mbeidh cluich\u00ed ar si\u00fal ar fud na t\u00edre, agus t\u00e1 socruithe d\u00e9anta cheana f\u00e9in chun cluich\u00ed a imirt i Sligeach, i nGaillimh agus i mBaile \u00c1tha Luain agus t\u00e1 tuilleadh cluich\u00ed le socr\u00fa f\u00f3s. T\u00e1imid ag tn\u00fath go m\u00f3r leis na cluich\u00ed agus le teacht ar lucht f\u00e9achana n\u00edos leithne a bhu\u00ed le cl\u00fadach TG4.\u201d<\/em><br \/>\n&nbsp;<br \/>\nT\u00e1 tr\u00ed cinn de na 10 cluiche deimhnithe cheana f\u00e9in, agus is ag deireadh mh\u00ed I\u00fail a bheidh an ch\u00e9ad cheann ar si\u00fal, nuair a bheidh na seaimp\u00edn\u00ed Shelbourne ag tabhairt cuairt ar The Showgrounds chun aghaidh a thabhairt ar Sligo Rovers.<br \/>\n&nbsp;<br \/>\nCLUICH\u00cd DEIMHNITHE<br \/>\n30 I\u00fail &#8211; Sligo Rovers v Shelbourne, The Showgrounds, KO 18:35<br \/>\n13 L\u00fanasa &#8211; Galway WFC v Wexford Youths, P\u00e1irc Eamonn Deacy, KO 19:35<br \/>\n20 L\u00fanasa &#8211; Athlone Town v Peamount United, Staid Bhaile \u00c1tha Luain, KO 19:35<br \/>\n&nbsp;<\/p>\n","protected":false},"excerpt":{"rendered":"<p>&nbsp; Beidh r\u00e9alta\u00ed Shraith N\u00e1isi\u00fanta Ban SSE Airtricity ag dul i bhfeidhm ar an lucht f\u00e9achana ar\u00eds ar theilif\u00eds saorchraolta tr\u00e1th a mbeidh ceamara\u00ed TG4 orthu ar\u00eds agus 10 cluiche beo \u00e1 n-imirt acu. &nbsp; Tar \u00e9is nasc a dh\u00e9anamh le Cumann Peile na h\u00c9ireann in 2021 chun 4 cluiche de Shraith N\u00e1isi\u00fanta na mBan [&hellip;]<\/p>\n","protected":false},"author":876,"featured_media":0,"parent":138171,"menu_order":23,"comment_status":"closed","ping_status":"closed","template":"page-templates\/template-pr.php","meta":{"_acf_changed":false,"footnotes":""},"acf":[],"yoast_head":"<!-- This site is optimized with the Yoast SEO plugin v22.6 - https:\/\/yoast.com\/wordpress\/plugins\/seo\/ -->\n<title>TG4 ag f\u00e1il faoi r\u00e9ir do 10 cluiche i Sraith N\u00e1isi\u00fanta na mBan a chraoladh beo | Preas R\u00e1iteas | TG4<\/title>\n<meta name=\"description\" content=\"Beidh r\u00e9alta\u00ed Shraith N\u00e1isi\u00fanta Ban SSE Airtricity ag dul i bhfeidhm ar an lucht f\u00e9achana ar\u00eds ar theilif\u00eds saorchraolta tr\u00e1th a mbeidh ceamara\u00ed TG4 orthu ar\u00eds agus 10 cluiche beo \u00e1 n-imirt acu.\" \/>\n<meta name=\"robots\" content=\"index, follow, max-snippet:-1, max-image-preview:large, max-video-preview:-1\" \/>\n<meta property=\"og:locale\" content=\"en_US\" \/>\n<meta property=\"og:type\" content=\"article\" \/>\n<meta property=\"og:title\" content=\"TG4 ag f\u00e1il faoi r\u00e9ir do 10 cluiche i Sraith N\u00e1isi\u00fanta na mBan a chraoladh beo | Preas R\u00e1iteas | TG4\" \/>\n<meta property=\"og:description\" content=\"Beidh r\u00e9alta\u00ed Shraith N\u00e1isi\u00fanta Ban SSE Airtricity ag dul i bhfeidhm ar an lucht f\u00e9achana ar\u00eds ar theilif\u00eds saorchraolta tr\u00e1th a mbeidh ceamara\u00ed TG4 orthu ar\u00eds agus 10 cluiche beo \u00e1 n-imirt acu.\" \/>\n<meta property=\"og:url\" content=\"https:\/\/dev.tg4.ie\/ga\/eolas\/preas\/nuacht-raitis\/2022-2\/tg4-ag-fail-faoi-reir-do-10-cluiche-i-sraith-naisiunta-na-mban-a-chraoladh-beo\/\" \/>\n<meta property=\"og:site_name\" content=\"TG4\" \/>\n<meta property=\"article:publisher\" content=\"https:\/\/www.facebook.com\/TG4TV\" \/>\n<meta property=\"article:modified_time\" content=\"2022-07-21T11:55:21+00:00\" \/>\n<meta property=\"og:image\" content=\"https:\/\/tg4-docs.s3.amazonaws.com\/wp-content\/uploads\/2022\/07\/21124145\/Sacar_Beo_WNL_2022-1-1920x1080-1.jpg\" \/>\n\t<meta property=\"og:image:width\" content=\"1920\" \/>\n\t<meta property=\"og:image:height\" content=\"1080\" \/>\n\t<meta property=\"og:image:type\" content=\"image\/jpeg\" \/>\n<meta name=\"twitter:card\" content=\"summary_large_image\" \/>\n<meta name=\"twitter:image\" content=\"https:\/\/tg4-docs.s3.amazonaws.com\/wp-content\/uploads\/2022\/07\/21124145\/Sacar_Beo_WNL_2022-1-1920x1080-1.jpg\" \/>\n<meta name=\"twitter:site\" content=\"@TG4TV\" \/>\n<meta name=\"twitter:label1\" content=\"Est. reading time\" \/>\n\t<meta name=\"twitter:data1\" content=\"3 minutes\" \/>\n<script type=\"application\/ld+json\" class=\"yoast-schema-graph\">{\"@context\":\"https:\/\/schema.org\",\"@graph\":[{\"@type\":\"WebPage\",\"@id\":\"https:\/\/dev.tg4.ie\/ga\/eolas\/preas\/nuacht-raitis\/2022-2\/tg4-ag-fail-faoi-reir-do-10-cluiche-i-sraith-naisiunta-na-mban-a-chraoladh-beo\/\",\"url\":\"https:\/\/dev.tg4.ie\/ga\/eolas\/preas\/nuacht-raitis\/2022-2\/tg4-ag-fail-faoi-reir-do-10-cluiche-i-sraith-naisiunta-na-mban-a-chraoladh-beo\/\",\"name\":\"TG4 ag f\u00e1il faoi r\u00e9ir do 10 cluiche i Sraith N\u00e1isi\u00fanta na mBan a chraoladh beo | Preas R\u00e1iteas | TG4\",\"isPartOf\":{\"@id\":\"https:\/\/dev.tg4.ie\/en\/#website\"},\"primaryImageOfPage\":{\"@id\":\"https:\/\/dev.tg4.ie\/ga\/eolas\/preas\/nuacht-raitis\/2022-2\/tg4-ag-fail-faoi-reir-do-10-cluiche-i-sraith-naisiunta-na-mban-a-chraoladh-beo\/#primaryimage\"},\"image\":{\"@id\":\"https:\/\/dev.tg4.ie\/ga\/eolas\/preas\/nuacht-raitis\/2022-2\/tg4-ag-fail-faoi-reir-do-10-cluiche-i-sraith-naisiunta-na-mban-a-chraoladh-beo\/#primaryimage\"},\"thumbnailUrl\":\"https:\/\/dev.tg4.ie\/wp-content\/uploads\/2022\/07\/Sacar_Beo_WNL_2022-1-1920x1080-1.jpg\",\"datePublished\":\"2022-07-21T11:52:26+00:00\",\"dateModified\":\"2022-07-21T11:55:21+00:00\",\"description\":\"Beidh r\u00e9alta\u00ed Shraith N\u00e1isi\u00fanta Ban SSE Airtricity ag dul i bhfeidhm ar an lucht f\u00e9achana ar\u00eds ar theilif\u00eds saorchraolta tr\u00e1th a mbeidh ceamara\u00ed TG4 orthu ar\u00eds agus 10 cluiche beo \u00e1 n-imirt acu.\",\"breadcrumb\":{\"@id\":\"https:\/\/dev.tg4.ie\/ga\/eolas\/preas\/nuacht-raitis\/2022-2\/tg4-ag-fail-faoi-reir-do-10-cluiche-i-sraith-naisiunta-na-mban-a-chraoladh-beo\/#breadcrumb\"},\"inLanguage\":\"ga\",\"potentialAction\":[{\"@type\":\"ReadAction\",\"target\":[\"https:\/\/dev.tg4.ie\/ga\/eolas\/preas\/nuacht-raitis\/2022-2\/tg4-ag-fail-faoi-reir-do-10-cluiche-i-sraith-naisiunta-na-mban-a-chraoladh-beo\/\"]}]},{\"@type\":\"ImageObject\",\"inLanguage\":\"ga\",\"@id\":\"https:\/\/dev.tg4.ie\/ga\/eolas\/preas\/nuacht-raitis\/2022-2\/tg4-ag-fail-faoi-reir-do-10-cluiche-i-sraith-naisiunta-na-mban-a-chraoladh-beo\/#primaryimage\",\"url\":\"https:\/\/dev.tg4.ie\/wp-content\/uploads\/2022\/07\/Sacar_Beo_WNL_2022-1-1920x1080-1.jpg\",\"contentUrl\":\"https:\/\/dev.tg4.ie\/wp-content\/uploads\/2022\/07\/Sacar_Beo_WNL_2022-1-1920x1080-1.jpg\"},{\"@type\":\"BreadcrumbList\",\"@id\":\"https:\/\/dev.tg4.ie\/ga\/eolas\/preas\/nuacht-raitis\/2022-2\/tg4-ag-fail-faoi-reir-do-10-cluiche-i-sraith-naisiunta-na-mban-a-chraoladh-beo\/#breadcrumb\",\"itemListElement\":[{\"@type\":\"ListItem\",\"position\":1,\"name\":\"Home\",\"item\":\"https:\/\/dev.tg4.ie\/ga\/\"},{\"@type\":\"ListItem\",\"position\":2,\"name\":\"Eolas\",\"item\":\"https:\/\/dev.tg4.ie\/ga\/eolas\/\"},{\"@type\":\"ListItem\",\"position\":3,\"name\":\"Preas\",\"item\":\"https:\/\/dev.tg4.ie\/ga\/eolas\/preas\/\"},{\"@type\":\"ListItem\",\"position\":4,\"name\":\"Nuacht R\u00e1itis\",\"item\":\"https:\/\/dev.tg4.ie\/ga\/eolas\/preas\/nuacht-raitis\/\"},{\"@type\":\"ListItem\",\"position\":5,\"name\":\"2022\",\"item\":\"https:\/\/dev.tg4.ie\/ga\/eolas\/preas\/nuacht-raitis\/2022-2\/\"},{\"@type\":\"ListItem\",\"position\":6,\"name\":\"TG4 ag f\u00e1il faoi r\u00e9ir do 10 cluiche i Sraith N\u00e1isi\u00fanta na mBan a chraoladh beo\"}]},{\"@type\":\"WebSite\",\"@id\":\"https:\/\/dev.tg4.ie\/en\/#website\",\"url\":\"https:\/\/dev.tg4.ie\/en\/\",\"name\":\"TG4\",\"description\":\"S\u00fail Eile\",\"potentialAction\":[{\"@type\":\"SearchAction\",\"target\":{\"@type\":\"EntryPoint\",\"urlTemplate\":\"https:\/\/dev.tg4.ie\/en\/?s={search_term_string}\"},\"query-input\":\"required name=search_term_string\"}],\"inLanguage\":\"ga\"}]}<\/script>\n<!-- \/ Yoast SEO plugin. -->","yoast_head_json":{"title":"TG4 ag f\u00e1il faoi r\u00e9ir do 10 cluiche i Sraith N\u00e1isi\u00fanta na mBan a chraoladh beo | Preas R\u00e1iteas | TG4","description":"Beidh r\u00e9alta\u00ed Shraith N\u00e1isi\u00fanta Ban SSE Airtricity ag dul i bhfeidhm ar an lucht f\u00e9achana ar\u00eds ar theilif\u00eds saorchraolta tr\u00e1th a mbeidh ceamara\u00ed TG4 orthu ar\u00eds agus 10 cluiche beo \u00e1 n-imirt acu.","robots":{"index":"index","follow":"follow","max-snippet":"max-snippet:-1","max-image-preview":"max-image-preview:large","max-video-preview":"max-video-preview:-1"},"og_locale":"en_US","og_type":"article","og_title":"TG4 ag f\u00e1il faoi r\u00e9ir do 10 cluiche i Sraith N\u00e1isi\u00fanta na mBan a chraoladh beo | Preas R\u00e1iteas | TG4","og_description":"Beidh r\u00e9alta\u00ed Shraith N\u00e1isi\u00fanta Ban SSE Airtricity ag dul i bhfeidhm ar an lucht f\u00e9achana ar\u00eds ar theilif\u00eds saorchraolta tr\u00e1th a mbeidh ceamara\u00ed TG4 orthu ar\u00eds agus 10 cluiche beo \u00e1 n-imirt acu.","og_url":"https:\/\/dev.tg4.ie\/ga\/eolas\/preas\/nuacht-raitis\/2022-2\/tg4-ag-fail-faoi-reir-do-10-cluiche-i-sraith-naisiunta-na-mban-a-chraoladh-beo\/","og_site_name":"TG4","article_publisher":"https:\/\/www.facebook.com\/TG4TV","article_modified_time":"2022-07-21T11:55:21+00:00","og_image":[{"width":1920,"height":1080,"url":"https:\/\/tg4-docs.s3.amazonaws.com\/wp-content\/uploads\/2022\/07\/21124145\/Sacar_Beo_WNL_2022-1-1920x1080-1.jpg","type":"image\/jpeg"}],"twitter_card":"summary_large_image","twitter_image":"https:\/\/tg4-docs.s3.amazonaws.com\/wp-content\/uploads\/2022\/07\/21124145\/Sacar_Beo_WNL_2022-1-1920x1080-1.jpg","twitter_site":"@TG4TV","twitter_misc":{"Est. reading time":"3 minutes"},"schema":{"@context":"https:\/\/schema.org","@graph":[{"@type":"WebPage","@id":"https:\/\/dev.tg4.ie\/ga\/eolas\/preas\/nuacht-raitis\/2022-2\/tg4-ag-fail-faoi-reir-do-10-cluiche-i-sraith-naisiunta-na-mban-a-chraoladh-beo\/","url":"https:\/\/dev.tg4.ie\/ga\/eolas\/preas\/nuacht-raitis\/2022-2\/tg4-ag-fail-faoi-reir-do-10-cluiche-i-sraith-naisiunta-na-mban-a-chraoladh-beo\/","name":"TG4 ag f\u00e1il faoi r\u00e9ir do 10 cluiche i Sraith N\u00e1isi\u00fanta na mBan a chraoladh beo | Preas R\u00e1iteas | TG4","isPartOf":{"@id":"https:\/\/dev.tg4.ie\/en\/#website"},"primaryImageOfPage":{"@id":"https:\/\/dev.tg4.ie\/ga\/eolas\/preas\/nuacht-raitis\/2022-2\/tg4-ag-fail-faoi-reir-do-10-cluiche-i-sraith-naisiunta-na-mban-a-chraoladh-beo\/#primaryimage"},"image":{"@id":"https:\/\/dev.tg4.ie\/ga\/eolas\/preas\/nuacht-raitis\/2022-2\/tg4-ag-fail-faoi-reir-do-10-cluiche-i-sraith-naisiunta-na-mban-a-chraoladh-beo\/#primaryimage"},"thumbnailUrl":"https:\/\/dev.tg4.ie\/wp-content\/uploads\/2022\/07\/Sacar_Beo_WNL_2022-1-1920x1080-1.jpg","datePublished":"2022-07-21T11:52:26+00:00","dateModified":"2022-07-21T11:55:21+00:00","description":"Beidh r\u00e9alta\u00ed Shraith N\u00e1isi\u00fanta Ban SSE Airtricity ag dul i bhfeidhm ar an lucht f\u00e9achana ar\u00eds ar theilif\u00eds saorchraolta tr\u00e1th a mbeidh ceamara\u00ed TG4 orthu ar\u00eds agus 10 cluiche beo \u00e1 n-imirt acu.","breadcrumb":{"@id":"https:\/\/dev.tg4.ie\/ga\/eolas\/preas\/nuacht-raitis\/2022-2\/tg4-ag-fail-faoi-reir-do-10-cluiche-i-sraith-naisiunta-na-mban-a-chraoladh-beo\/#breadcrumb"},"inLanguage":"ga","potentialAction":[{"@type":"ReadAction","target":["https:\/\/dev.tg4.ie\/ga\/eolas\/preas\/nuacht-raitis\/2022-2\/tg4-ag-fail-faoi-reir-do-10-cluiche-i-sraith-naisiunta-na-mban-a-chraoladh-beo\/"]}]},{"@type":"ImageObject","inLanguage":"ga","@id":"https:\/\/dev.tg4.ie\/ga\/eolas\/preas\/nuacht-raitis\/2022-2\/tg4-ag-fail-faoi-reir-do-10-cluiche-i-sraith-naisiunta-na-mban-a-chraoladh-beo\/#primaryimage","url":"https:\/\/dev.tg4.ie\/wp-content\/uploads\/2022\/07\/Sacar_Beo_WNL_2022-1-1920x1080-1.jpg","contentUrl":"https:\/\/dev.tg4.ie\/wp-content\/uploads\/2022\/07\/Sacar_Beo_WNL_2022-1-1920x1080-1.jpg"},{"@type":"BreadcrumbList","@id":"https:\/\/dev.tg4.ie\/ga\/eolas\/preas\/nuacht-raitis\/2022-2\/tg4-ag-fail-faoi-reir-do-10-cluiche-i-sraith-naisiunta-na-mban-a-chraoladh-beo\/#breadcrumb","itemListElement":[{"@type":"ListItem","position":1,"name":"Home","item":"https:\/\/dev.tg4.ie\/ga\/"},{"@type":"ListItem","position":2,"name":"Eolas","item":"https:\/\/dev.tg4.ie\/ga\/eolas\/"},{"@type":"ListItem","position":3,"name":"Preas","item":"https:\/\/dev.tg4.ie\/ga\/eolas\/preas\/"},{"@type":"ListItem","position":4,"name":"Nuacht R\u00e1itis","item":"https:\/\/dev.tg4.ie\/ga\/eolas\/preas\/nuacht-raitis\/"},{"@type":"ListItem","position":5,"name":"2022","item":"https:\/\/dev.tg4.ie\/ga\/eolas\/preas\/nuacht-raitis\/2022-2\/"},{"@type":"ListItem","position":6,"name":"TG4 ag f\u00e1il faoi r\u00e9ir do 10 cluiche i Sraith N\u00e1isi\u00fanta na mBan a chraoladh beo"}]},{"@type":"WebSite","@id":"https:\/\/dev.tg4.ie\/en\/#website","url":"https:\/\/dev.tg4.ie\/en\/","name":"TG4","description":"S\u00fail Eile","potentialAction":[{"@type":"SearchAction","target":{"@type":"EntryPoint","urlTemplate":"https:\/\/dev.tg4.ie\/en\/?s={search_term_string}"},"query-input":"required name=search_term_string"}],"inLanguage":"ga"}]}},"_links":{"self":[{"href":"https:\/\/dev.tg4.ie\/ga\/wp-json\/wp\/v2\/pages\/166965"}],"collection":[{"href":"https:\/\/dev.tg4.ie\/ga\/wp-json\/wp\/v2\/pages"}],"about":[{"href":"https:\/\/dev.tg4.ie\/ga\/wp-json\/wp\/v2\/types\/page"}],"author":[{"embeddable":true,"href":"https:\/\/dev.tg4.ie\/ga\/wp-json\/wp\/v2\/users\/876"}],"replies":[{"embeddable":true,"href":"https:\/\/dev.tg4.ie\/ga\/wp-json\/wp\/v2\/comments?post=166965"}],"version-history":[{"count":0,"href":"https:\/\/dev.tg4.ie\/ga\/wp-json\/wp\/v2\/pages\/166965\/revisions"}],"up":[{"embeddable":true,"href":"https:\/\/dev.tg4.ie\/ga\/wp-json\/wp\/v2\/pages\/138171"}],"wp:attachment":[{"href":"https:\/\/dev.tg4.ie\/ga\/wp-json\/wp\/v2\/media?parent=166965"}],"curies":[{"name":"wp","href":"https:\/\/api.w.org\/{rel}","templated":true}]}}