{"id":1673,"date":"2015-08-20T15:43:33","date_gmt":"2015-08-20T14:43:33","guid":{"rendered":"https:\/\/dev.tg4.ie\/corporate\/awards\/2014-2\/"},"modified":"2019-10-22T15:41:16","modified_gmt":"2019-10-22T14:41:16","slug":"2014-2","status":"publish","type":"page","link":"https:\/\/dev.tg4.ie\/ga\/eolas\/gradaim\/2014-2\/","title":{"rendered":"2014"},"content":{"rendered":"<h1>2014<\/h1>\n<p><strong>Cro\u00ed Trodach<\/strong><br \/>\nGradam Sp\u00f3irt: F\u00e9ile na Me\u00e1in Ceilteach<\/p>\n<p><strong>Pony Dance<\/strong><br \/>\nGradam Daoine \u00d3ga: F\u00e9ile na Me\u00e1in Ceilteach<\/p>\n<p><strong>P\u00e1id\u00ed \u00d3 S\u00e9 &#8211; R\u00ed an Phar\u00f3iste<\/strong><br \/>\nGradam Sp\u00f3irt: IFTA<\/p>\n<p><strong>1916 Seachtar na C\u00e1sca<\/strong><br \/>\nGradam Cl\u00e1r Gaeilge IFTA<br \/>\nPrint &#8211; Consumer Campaign: \u00a0Gradam Airgid, ICAD<br \/>\nPrint Craft Photograohy, Gradam Airgid, ICAD<br \/>\nPrint Craft Campaign, Gradam Airgid, ICAD<br \/>\nRadio, Single Commercial, Gradam Airgid, ICAD<br \/>\nGradam Airgid, Worldfest Remi Awards<br \/>\nMedia &#8211; Gradam \u00d3ir, Love Radio Awards<br \/>\nIrish Print, Duais Chr\u00e9 Umha, Sharks 2014<br \/>\nIrish Radio, Duais Chr\u00e9-umha, Sharks 2014<br \/>\nInternational Radio\u00a0<span>Duais Airgid, Sharks 2014<br \/>\n<\/span>Irish Print Promo, Gradam \u00d3ir<\/p>\n<p><strong>S\u00e9amas Heaney &#8211; Imeall<\/strong><br \/>\nGradam F\u00e1isn\u00e9ise IFTA<\/p>\n<p><strong>Garra\u00ed Glas<\/strong><br \/>\nSraith na Bliana, Gradaim Chumars\u00e1ide an Oireachtais<\/p>\n<p><strong>R\u00f3is\u00edn N\u00ed Eadhra<\/strong><br \/>\nCraolt\u00f3ir na Bliana, Gradaim Chumars\u00e1ide an Oireachtais<\/p>\n<p><strong>www.tg4.ie\/seann\u00f3s<\/strong><br \/>\nSu\u00edomh na Bliana, Gradaim Chumars\u00e1ide an Oireachtais<\/p>\n<p><strong>R\u00faba\u00ed<\/strong><br \/>\nDoireann N\u00ed Fhoighil, Aisteoir na Bliana, Gradaim Chumars\u00e1ide an Oireachtais<br \/>\nGearrscann\u00e1n is Fearr, Baton Rouge Film Festival<br \/>\nDr\u00e1ma is Fearr, Corona Fastnet Film Festival<br \/>\nScann\u00e1n is Fearr, Corona Fastnet Film Festival<br \/>\nDr\u00e1ma is Fearr, Tribeca Film Festival<br \/>\nGearr Dhr\u00e1ma is Fearr, Belfast Film Festival<br \/>\nGearr Scann\u00e1n is Fearr, Galway Film Festival<br \/>\nGearr Dhr\u00e1ma \u00c9ireannach is Fearr, Charlie Chaplin Comedy Film Festival.<\/p>\n<p><strong>An Dubh ina Gheal<\/strong><br \/>\nMionlaigh Sa Phobal, Moladh, Prix Circom<br \/>\nPr\u00edomh Dhuais, Radharc Awards<\/p>\n<p><strong>Woof\u00e1il<\/strong><br \/>\nGradam Cr\u00e9 Umha, WorldFest Remi<br \/>\nF\u00f3gra\u00edocht Ghr\u00e9as\u00e1in: \u00a0Gradam Cr\u00e9 Umha, ICAD<\/p>\n<p><strong>An Ceoldr\u00e1ma<\/strong><br \/>\nGradam \u00d3ir, WorldFest Remi<\/p>\n<p><strong>Meitheal n\u00f3 Me\u00e1in<\/strong><br \/>\nGradam \u00d3ir, WorldFest Remi<\/p>\n<p><strong>Jockey Eile<\/strong><br \/>\nGradam Platanaim,\u00a0WorldFest Remi<\/p>\n<p><strong>BB agus Bella<\/strong><br \/>\nGradam Platanaim,\u00a0WorldFest Remi<\/p>\n<p><strong>Sc\u00fap<\/strong><br \/>\nGradam Platanaim,\u00a0WorldFest Remi<\/p>\n<p><strong>\u00c1ille an Uaf\u00e1is<\/strong><br \/>\nGradam Platanaim,\u00a0WorldFest Remi<\/p>\n<p><strong>Pampooties<\/strong><br \/>\nGradam Airgid,\u00a0WorldFest Remi<\/p>\n<p><strong>R\u00f3n\u00e1n ar an Camino<\/strong><br \/>\nGradam Airgid,\u00a0WorldFest Remi<\/p>\n<p><strong>Mn\u00e1 D\u00edbeartha<\/strong><br \/>\nGradam Speisialta an Ghi\u00far\u00e9, Worldfest Remi<\/p>\n<p><strong>Nuacht TG4<\/strong><br \/>\nTuairisceoireacht Ini\u00fachach, Duais Speisialta &#8211; World Indigenous Journalism Awards (WIJA 2014)<\/p>\n<p><strong>International Rules<\/strong><br \/>\nBest Print Promo &#8211; Gradam Airgid, Sharks 2014<\/p>\n<p><strong>D\u00edol \u00c9<\/strong><br \/>\nBest Lifestyle Promo &#8211; Sharks 2014<\/p>\n<p><strong>Corman &#8211; It Came from Connemara<\/strong><br \/>\nSpioraid na F\u00e9ile &#8211; Sky Film Festival, An Cloch\u00e1n<\/p>\n<p><strong>Ceolchuairt<\/strong><br \/>\nSraith Faisn\u00e9ise is Fearr, Sky Film Festival, An Cloch\u00e1n<\/p>\n","protected":false},"excerpt":{"rendered":"<p>2014 Cro\u00ed Trodach Gradam Sp\u00f3irt: F\u00e9ile na Me\u00e1in Ceilteach Pony Dance Gradam Daoine \u00d3ga: F\u00e9ile na Me\u00e1in Ceilteach P\u00e1id\u00ed \u00d3 S\u00e9 &#8211; R\u00ed an Phar\u00f3iste Gradam Sp\u00f3irt: IFTA 1916 Seachtar na C\u00e1sca Gradam Cl\u00e1r Gaeilge IFTA Print &#8211; Consumer Campaign: \u00a0Gradam Airgid, ICAD Print Craft Photograohy, Gradam Airgid, ICAD Print Craft Campaign, Gradam Airgid, ICAD [&hellip;]<\/p>\n","protected":false},"author":6,"featured_media":0,"parent":1219,"menu_order":17,"comment_status":"closed","ping_status":"closed","template":"page-templates\/template-corporate.php","meta":{"_acf_changed":false,"footnotes":""},"acf":[],"yoast_head":"<!-- This site is optimized with the Yoast SEO plugin v22.6 - https:\/\/yoast.com\/wordpress\/plugins\/seo\/ -->\n<title>2014 - TG4<\/title>\n<meta name=\"robots\" content=\"index, follow, max-snippet:-1, max-image-preview:large, max-video-preview:-1\" \/>\n<meta property=\"og:locale\" content=\"en_US\" \/>\n<meta property=\"og:type\" content=\"article\" \/>\n<meta property=\"og:title\" content=\"2014 - TG4\" \/>\n<meta property=\"og:description\" content=\"2014 Cro\u00ed Trodach Gradam Sp\u00f3irt: F\u00e9ile na Me\u00e1in Ceilteach Pony Dance Gradam Daoine \u00d3ga: F\u00e9ile na Me\u00e1in Ceilteach P\u00e1id\u00ed \u00d3 S\u00e9 &#8211; R\u00ed an Phar\u00f3iste Gradam Sp\u00f3irt: IFTA 1916 Seachtar na C\u00e1sca Gradam Cl\u00e1r Gaeilge IFTA Print &#8211; Consumer Campaign: \u00a0Gradam Airgid, ICAD Print Craft Photograohy, Gradam Airgid, ICAD Print Craft Campaign, Gradam Airgid, ICAD [&hellip;]\" \/>\n<meta property=\"og:url\" content=\"https:\/\/dev.tg4.ie\/ga\/eolas\/gradaim\/2014-2\/\" \/>\n<meta property=\"og:site_name\" content=\"TG4\" \/>\n<meta property=\"article:publisher\" content=\"https:\/\/www.facebook.com\/TG4TV\" \/>\n<meta property=\"article:modified_time\" content=\"2019-10-22T14:41:16+00:00\" \/>\n<meta property=\"og:image\" content=\"https:\/\/tg4-docs.s3.amazonaws.com\/wp-content\/uploads\/2024\/11\/18151812\/TG4_2024_corcra_teal_1-1920x1080-1.jpg\" \/>\n\t<meta property=\"og:image:width\" content=\"1920\" \/>\n\t<meta property=\"og:image:height\" content=\"1080\" \/>\n\t<meta property=\"og:image:type\" content=\"image\/jpeg\" \/>\n<meta name=\"twitter:card\" content=\"summary_large_image\" \/>\n<meta name=\"twitter:site\" content=\"@TG4TV\" \/>\n<meta name=\"twitter:label1\" content=\"Est. reading time\" \/>\n\t<meta name=\"twitter:data1\" content=\"2 minutes\" \/>\n<script type=\"application\/ld+json\" class=\"yoast-schema-graph\">{\"@context\":\"https:\/\/schema.org\",\"@graph\":[{\"@type\":\"WebPage\",\"@id\":\"https:\/\/dev.tg4.ie\/ga\/eolas\/gradaim\/2014-2\/\",\"url\":\"https:\/\/dev.tg4.ie\/ga\/eolas\/gradaim\/2014-2\/\",\"name\":\"2014 - TG4\",\"isPartOf\":{\"@id\":\"https:\/\/dev.tg4.ie\/en\/#website\"},\"datePublished\":\"2015-08-20T14:43:33+00:00\",\"dateModified\":\"2019-10-22T14:41:16+00:00\",\"breadcrumb\":{\"@id\":\"https:\/\/dev.tg4.ie\/ga\/eolas\/gradaim\/2014-2\/#breadcrumb\"},\"inLanguage\":\"ga\",\"potentialAction\":[{\"@type\":\"ReadAction\",\"target\":[\"https:\/\/dev.tg4.ie\/ga\/eolas\/gradaim\/2014-2\/\"]}]},{\"@type\":\"BreadcrumbList\",\"@id\":\"https:\/\/dev.tg4.ie\/ga\/eolas\/gradaim\/2014-2\/#breadcrumb\",\"itemListElement\":[{\"@type\":\"ListItem\",\"position\":1,\"name\":\"Home\",\"item\":\"https:\/\/dev.tg4.ie\/ga\/\"},{\"@type\":\"ListItem\",\"position\":2,\"name\":\"Eolas\",\"item\":\"https:\/\/dev.tg4.ie\/ga\/eolas\/\"},{\"@type\":\"ListItem\",\"position\":3,\"name\":\"Gradaim\",\"item\":\"https:\/\/dev.tg4.ie\/ga\/eolas\/gradaim\/\"},{\"@type\":\"ListItem\",\"position\":4,\"name\":\"2014\"}]},{\"@type\":\"WebSite\",\"@id\":\"https:\/\/dev.tg4.ie\/en\/#website\",\"url\":\"https:\/\/dev.tg4.ie\/en\/\",\"name\":\"TG4\",\"description\":\"S\u00fail Eile\",\"potentialAction\":[{\"@type\":\"SearchAction\",\"target\":{\"@type\":\"EntryPoint\",\"urlTemplate\":\"https:\/\/dev.tg4.ie\/en\/?s={search_term_string}\"},\"query-input\":\"required name=search_term_string\"}],\"inLanguage\":\"ga\"}]}<\/script>\n<!-- \/ Yoast SEO plugin. -->","yoast_head_json":{"title":"2014 - TG4","robots":{"index":"index","follow":"follow","max-snippet":"max-snippet:-1","max-image-preview":"max-image-preview:large","max-video-preview":"max-video-preview:-1"},"og_locale":"en_US","og_type":"article","og_title":"2014 - TG4","og_description":"2014 Cro\u00ed Trodach Gradam Sp\u00f3irt: F\u00e9ile na Me\u00e1in Ceilteach Pony Dance Gradam Daoine \u00d3ga: F\u00e9ile na Me\u00e1in Ceilteach P\u00e1id\u00ed \u00d3 S\u00e9 &#8211; R\u00ed an Phar\u00f3iste Gradam Sp\u00f3irt: IFTA 1916 Seachtar na C\u00e1sca Gradam Cl\u00e1r Gaeilge IFTA Print &#8211; Consumer Campaign: \u00a0Gradam Airgid, ICAD Print Craft Photograohy, Gradam Airgid, ICAD Print Craft Campaign, Gradam Airgid, ICAD [&hellip;]","og_url":"https:\/\/dev.tg4.ie\/ga\/eolas\/gradaim\/2014-2\/","og_site_name":"TG4","article_publisher":"https:\/\/www.facebook.com\/TG4TV","article_modified_time":"2019-10-22T14:41:16+00:00","og_image":[{"width":1920,"height":1080,"url":"https:\/\/tg4-docs.s3.amazonaws.com\/wp-content\/uploads\/2024\/11\/18151812\/TG4_2024_corcra_teal_1-1920x1080-1.jpg","type":"image\/jpeg"}],"twitter_card":"summary_large_image","twitter_site":"@TG4TV","twitter_misc":{"Est. reading time":"2 minutes"},"schema":{"@context":"https:\/\/schema.org","@graph":[{"@type":"WebPage","@id":"https:\/\/dev.tg4.ie\/ga\/eolas\/gradaim\/2014-2\/","url":"https:\/\/dev.tg4.ie\/ga\/eolas\/gradaim\/2014-2\/","name":"2014 - TG4","isPartOf":{"@id":"https:\/\/dev.tg4.ie\/en\/#website"},"datePublished":"2015-08-20T14:43:33+00:00","dateModified":"2019-10-22T14:41:16+00:00","breadcrumb":{"@id":"https:\/\/dev.tg4.ie\/ga\/eolas\/gradaim\/2014-2\/#breadcrumb"},"inLanguage":"ga","potentialAction":[{"@type":"ReadAction","target":["https:\/\/dev.tg4.ie\/ga\/eolas\/gradaim\/2014-2\/"]}]},{"@type":"BreadcrumbList","@id":"https:\/\/dev.tg4.ie\/ga\/eolas\/gradaim\/2014-2\/#breadcrumb","itemListElement":[{"@type":"ListItem","position":1,"name":"Home","item":"https:\/\/dev.tg4.ie\/ga\/"},{"@type":"ListItem","position":2,"name":"Eolas","item":"https:\/\/dev.tg4.ie\/ga\/eolas\/"},{"@type":"ListItem","position":3,"name":"Gradaim","item":"https:\/\/dev.tg4.ie\/ga\/eolas\/gradaim\/"},{"@type":"ListItem","position":4,"name":"2014"}]},{"@type":"WebSite","@id":"https:\/\/dev.tg4.ie\/en\/#website","url":"https:\/\/dev.tg4.ie\/en\/","name":"TG4","description":"S\u00fail Eile","potentialAction":[{"@type":"SearchAction","target":{"@type":"EntryPoint","urlTemplate":"https:\/\/dev.tg4.ie\/en\/?s={search_term_string}"},"query-input":"required name=search_term_string"}],"inLanguage":"ga"}]}},"_links":{"self":[{"href":"https:\/\/dev.tg4.ie\/ga\/wp-json\/wp\/v2\/pages\/1673"}],"collection":[{"href":"https:\/\/dev.tg4.ie\/ga\/wp-json\/wp\/v2\/pages"}],"about":[{"href":"https:\/\/dev.tg4.ie\/ga\/wp-json\/wp\/v2\/types\/page"}],"author":[{"embeddable":true,"href":"https:\/\/dev.tg4.ie\/ga\/wp-json\/wp\/v2\/users\/6"}],"replies":[{"embeddable":true,"href":"https:\/\/dev.tg4.ie\/ga\/wp-json\/wp\/v2\/comments?post=1673"}],"version-history":[{"count":0,"href":"https:\/\/dev.tg4.ie\/ga\/wp-json\/wp\/v2\/pages\/1673\/revisions"}],"up":[{"embeddable":true,"href":"https:\/\/dev.tg4.ie\/ga\/wp-json\/wp\/v2\/pages\/1219"}],"wp:attachment":[{"href":"https:\/\/dev.tg4.ie\/ga\/wp-json\/wp\/v2\/media?parent=1673"}],"curies":[{"name":"wp","href":"https:\/\/api.w.org\/{rel}","templated":true}]}}