{"id":1679,"date":"2015-08-20T15:46:17","date_gmt":"2015-08-20T14:46:17","guid":{"rendered":"https:\/\/dev.tg4.ie\/corporate\/awards\/2015-2\/"},"modified":"2019-10-22T15:42:13","modified_gmt":"2019-10-22T14:42:13","slug":"2015-2","status":"publish","type":"page","link":"https:\/\/dev.tg4.ie\/ga\/eolas\/gradaim\/2015-2\/","title":{"rendered":"2015"},"content":{"rendered":"<h1>2015<\/h1>\n<table>\n<tbody>\n<tr>\n<td><strong>Cl\u00e1r\/Duine<\/strong><\/td>\n<td><strong>Gradam<\/strong><\/td>\n<td><strong>Eagras<\/strong><\/td>\n<\/tr>\n<tr>\n<td>M\u00e1ire Treasa N\u00ed Cheallaigh<\/td>\n<td>Gradam Mac Con M\u00ed<\/td>\n<td>Cumann L\u00fathchleas Gael<\/td>\n<\/tr>\n<tr>\n<td>Amhr\u00e1n na Mara<\/td>\n<td>Oscar Nomination<\/td>\n<td>Oscars<\/td>\n<\/tr>\n<tr>\n<td>An Bronntanas<\/td>\n<td>Outstanding Contribution to Irish Film and TV<\/td>\n<td>Digital Biscuit<\/td>\n<\/tr>\n<tr>\n<td>An Bronntanas<\/td>\n<td>Special Jury Award<\/td>\n<td>Boston Irish Film Festival<\/td>\n<\/tr>\n<tr>\n<td>S\u00ednte<\/td>\n<td>Short Drama Award<\/td>\n<td>Celtic Media Festival<\/td>\n<\/tr>\n<tr>\n<td>Arkle<\/td>\n<td>Sport Award<\/td>\n<td>Celtic Media Festival<\/td>\n<\/tr>\n<tr>\n<td>P\u00e1id\u00ed \u00d3 S\u00e9 \u2013 R\u00ed an Phar\u00f3iste<\/td>\n<td>Spirit of the Festival Award<\/td>\n<td>Celtic Media Festival<\/td>\n<\/tr>\n<tr>\n<td>C\u00fala 4<br \/>\nAipeanna C\u00falacaint<\/td>\n<td>Gradm Gn\u00f3 as Gaeilge &#8211; Buaiteoir<\/td>\n<td>All Ireland Marketing Awards<\/td>\n<\/tr>\n<tr>\n<td>Corp \u2018s Anam<\/td>\n<td>TV Series of the Year &#8211; Winner<\/td>\n<td>Oireachtas na Gaeilge Media Awards<\/td>\n<\/tr>\n<tr>\n<td>Se\u00e1n Mac a\u2019 tS\u00edthigh<\/td>\n<td>TV Broadcaster of the Year<\/td>\n<td>Oireachtas na Gaeilge Media Awards<\/td>\n<\/tr>\n<tr>\n<td>Katie<\/td>\n<td>TV Programme of the Year &#8211; Winner<\/td>\n<td>Oireachtas na Gaeilge Media Awards<\/td>\n<\/tr>\n<tr>\n<td>Dara Deveaney<\/td>\n<td>Actor of the Year &#8211; Winner<\/td>\n<td>Oireachtas na Gaeilge Media Awards<\/td>\n<\/tr>\n<tr>\n<td>Song of the Sea\/Amhr\u00e1n na Mara<\/td>\n<td>Best Film Award<\/td>\n<td>Irish Film and Television Academy<\/td>\n<\/tr>\n<tr>\n<td>Bia Linn<\/td>\n<td>Bronze Remi Winner<\/td>\n<td>Worldfest-Houston Remi Duplicate Awards<\/td>\n<\/tr>\n<tr>\n<td>An Bronntanas TV Series<\/td>\n<td>Bronze Remi Winner<\/td>\n<td>Worldfest-Houston Remi Duplicate Awards<\/td>\n<\/tr>\n<tr>\n<td>An Bronntanas Feature<\/td>\n<td>Bronze Remi Winner<\/td>\n<td>Worldfest-Houston Remi Duplicate Awards<\/td>\n<\/tr>\n<tr>\n<td>Tortha\u00ed na Daoirse<\/td>\n<td>Bronze Remi Winner<\/td>\n<td>Worldfest-Houston Remi Duplicate Awards<\/td>\n<\/tr>\n<tr>\n<td>Mary O Hara<\/td>\n<td>Silver Remi Winner<\/td>\n<td>Worldfest-Houston Remi Duplicate Awards<\/td>\n<\/tr>\n<tr>\n<td>Saol Faoi Shr\u00e1id<\/td>\n<td>Silver Remi Winner<\/td>\n<td>Worldfest-Houston Remi Duplicate Awards<\/td>\n<\/tr>\n<tr>\n<td>Bosca Ceoil<\/td>\n<td>Gold Remi Winner<\/td>\n<td>Worldfest-Houston Remi Duplicate Awards<\/td>\n<\/tr>\n<tr>\n<td>Fleadh TV<\/td>\n<td>Gold Remi Winner<\/td>\n<td>Worldfest-Houston Remi Duplicate Awards<\/td>\n<\/tr>\n<tr>\n<td>Corp agus Anam<\/td>\n<td>Gold Remi Winner<\/td>\n<td>Worldfest-Houston Remi Duplicate Awards<\/td>\n<\/tr>\n<tr>\n<td>Barney Bunnion<\/td>\n<td>Platinum Remi Winner<\/td>\n<td>Worldfest-Houston Remi Duplicate Awards<\/td>\n<\/tr>\n<tr>\n<td>Dialanna<\/td>\n<td>Platinum Remi Winner<\/td>\n<td>Worldfest-Houston Remi Duplicate Awards<\/td>\n<\/tr>\n<tr>\n<td>Ros na R\u00fan<\/td>\n<td>Gradam Speisialta Fiche Bliain<\/td>\n<td>Oireachtas na Gaeilge<\/td>\n<\/tr>\n<tr>\n<td>An Bronntanas<\/td>\n<td>TV\/Cinema Promo Bronze Award<\/td>\n<td>ICAD Awards<\/td>\n<\/tr>\n<tr>\n<td>An Bronntanas<\/td>\n<td>Art Direction Bronze Award<\/td>\n<td>ICAD Awards<\/td>\n<\/tr>\n<tr>\n<td>An Bronntanas<\/td>\n<td>Use of Photography Bronze Award<\/td>\n<td>ICAD Awards<\/td>\n<\/tr>\n<tr>\n<td>Tom Collins &#8211; An Bronntanas<\/td>\n<td>Gradam Fhoras na Gaeilge<\/td>\n<td>Screen Directors Guild of Ireland<\/td>\n<\/tr>\n<tr>\n<td>C\u00falacaint 3<\/td>\n<td>Aip is fear do Theaghlaigh\/Leana\u00ed<\/td>\n<td>Gradaim M\u00e1ithreachais agus Na\u00edon\u00e1n Boots<\/td>\n<\/tr>\n<\/tbody>\n<\/table>\n","protected":false},"excerpt":{"rendered":"<p>2015 Cl\u00e1r\/Duine Gradam Eagras M\u00e1ire Treasa N\u00ed Cheallaigh Gradam Mac Con M\u00ed Cumann L\u00fathchleas Gael Amhr\u00e1n na Mara Oscar Nomination Oscars An Bronntanas Outstanding Contribution to Irish Film and TV Digital Biscuit An Bronntanas Special Jury Award Boston Irish Film Festival S\u00ednte Short Drama Award Celtic Media Festival Arkle Sport Award Celtic Media Festival P\u00e1id\u00ed [&hellip;]<\/p>\n","protected":false},"author":6,"featured_media":0,"parent":1219,"menu_order":18,"comment_status":"closed","ping_status":"closed","template":"page-templates\/template-corporate.php","meta":{"_acf_changed":false,"footnotes":""},"acf":[],"yoast_head":"<!-- This site is optimized with the Yoast SEO plugin v22.6 - https:\/\/yoast.com\/wordpress\/plugins\/seo\/ -->\n<title>2015 - TG4<\/title>\n<meta name=\"robots\" content=\"index, follow, max-snippet:-1, max-image-preview:large, max-video-preview:-1\" \/>\n<meta property=\"og:locale\" content=\"en_US\" \/>\n<meta property=\"og:type\" content=\"article\" \/>\n<meta property=\"og:title\" content=\"2015 - TG4\" \/>\n<meta property=\"og:description\" content=\"2015 Cl\u00e1r\/Duine Gradam Eagras M\u00e1ire Treasa N\u00ed Cheallaigh Gradam Mac Con M\u00ed Cumann L\u00fathchleas Gael Amhr\u00e1n na Mara Oscar Nomination Oscars An Bronntanas Outstanding Contribution to Irish Film and TV Digital Biscuit An Bronntanas Special Jury Award Boston Irish Film Festival S\u00ednte Short Drama Award Celtic Media Festival Arkle Sport Award Celtic Media Festival P\u00e1id\u00ed [&hellip;]\" \/>\n<meta property=\"og:url\" content=\"https:\/\/dev.tg4.ie\/ga\/eolas\/gradaim\/2015-2\/\" \/>\n<meta property=\"og:site_name\" content=\"TG4\" \/>\n<meta property=\"article:publisher\" content=\"https:\/\/www.facebook.com\/TG4TV\" \/>\n<meta property=\"article:modified_time\" content=\"2019-10-22T14:42:13+00:00\" \/>\n<meta property=\"og:image\" content=\"https:\/\/tg4-docs.s3.amazonaws.com\/wp-content\/uploads\/2024\/11\/18151812\/TG4_2024_corcra_teal_1-1920x1080-1.jpg\" \/>\n\t<meta property=\"og:image:width\" content=\"1920\" \/>\n\t<meta property=\"og:image:height\" content=\"1080\" \/>\n\t<meta property=\"og:image:type\" content=\"image\/jpeg\" \/>\n<meta name=\"twitter:card\" content=\"summary_large_image\" \/>\n<meta name=\"twitter:site\" content=\"@TG4TV\" \/>\n<meta name=\"twitter:label1\" content=\"Est. reading time\" \/>\n\t<meta name=\"twitter:data1\" content=\"2 minutes\" \/>\n<script type=\"application\/ld+json\" class=\"yoast-schema-graph\">{\"@context\":\"https:\/\/schema.org\",\"@graph\":[{\"@type\":\"WebPage\",\"@id\":\"https:\/\/dev.tg4.ie\/ga\/eolas\/gradaim\/2015-2\/\",\"url\":\"https:\/\/dev.tg4.ie\/ga\/eolas\/gradaim\/2015-2\/\",\"name\":\"2015 - TG4\",\"isPartOf\":{\"@id\":\"https:\/\/dev.tg4.ie\/en\/#website\"},\"datePublished\":\"2015-08-20T14:46:17+00:00\",\"dateModified\":\"2019-10-22T14:42:13+00:00\",\"breadcrumb\":{\"@id\":\"https:\/\/dev.tg4.ie\/ga\/eolas\/gradaim\/2015-2\/#breadcrumb\"},\"inLanguage\":\"ga\",\"potentialAction\":[{\"@type\":\"ReadAction\",\"target\":[\"https:\/\/dev.tg4.ie\/ga\/eolas\/gradaim\/2015-2\/\"]}]},{\"@type\":\"BreadcrumbList\",\"@id\":\"https:\/\/dev.tg4.ie\/ga\/eolas\/gradaim\/2015-2\/#breadcrumb\",\"itemListElement\":[{\"@type\":\"ListItem\",\"position\":1,\"name\":\"Home\",\"item\":\"https:\/\/dev.tg4.ie\/ga\/\"},{\"@type\":\"ListItem\",\"position\":2,\"name\":\"Eolas\",\"item\":\"https:\/\/dev.tg4.ie\/ga\/eolas\/\"},{\"@type\":\"ListItem\",\"position\":3,\"name\":\"Gradaim\",\"item\":\"https:\/\/dev.tg4.ie\/ga\/eolas\/gradaim\/\"},{\"@type\":\"ListItem\",\"position\":4,\"name\":\"2015\"}]},{\"@type\":\"WebSite\",\"@id\":\"https:\/\/dev.tg4.ie\/en\/#website\",\"url\":\"https:\/\/dev.tg4.ie\/en\/\",\"name\":\"TG4\",\"description\":\"S\u00fail Eile\",\"potentialAction\":[{\"@type\":\"SearchAction\",\"target\":{\"@type\":\"EntryPoint\",\"urlTemplate\":\"https:\/\/dev.tg4.ie\/en\/?s={search_term_string}\"},\"query-input\":\"required name=search_term_string\"}],\"inLanguage\":\"ga\"}]}<\/script>\n<!-- \/ Yoast SEO plugin. -->","yoast_head_json":{"title":"2015 - TG4","robots":{"index":"index","follow":"follow","max-snippet":"max-snippet:-1","max-image-preview":"max-image-preview:large","max-video-preview":"max-video-preview:-1"},"og_locale":"en_US","og_type":"article","og_title":"2015 - TG4","og_description":"2015 Cl\u00e1r\/Duine Gradam Eagras M\u00e1ire Treasa N\u00ed Cheallaigh Gradam Mac Con M\u00ed Cumann L\u00fathchleas Gael Amhr\u00e1n na Mara Oscar Nomination Oscars An Bronntanas Outstanding Contribution to Irish Film and TV Digital Biscuit An Bronntanas Special Jury Award Boston Irish Film Festival S\u00ednte Short Drama Award Celtic Media Festival Arkle Sport Award Celtic Media Festival P\u00e1id\u00ed [&hellip;]","og_url":"https:\/\/dev.tg4.ie\/ga\/eolas\/gradaim\/2015-2\/","og_site_name":"TG4","article_publisher":"https:\/\/www.facebook.com\/TG4TV","article_modified_time":"2019-10-22T14:42:13+00:00","og_image":[{"width":1920,"height":1080,"url":"https:\/\/tg4-docs.s3.amazonaws.com\/wp-content\/uploads\/2024\/11\/18151812\/TG4_2024_corcra_teal_1-1920x1080-1.jpg","type":"image\/jpeg"}],"twitter_card":"summary_large_image","twitter_site":"@TG4TV","twitter_misc":{"Est. reading time":"2 minutes"},"schema":{"@context":"https:\/\/schema.org","@graph":[{"@type":"WebPage","@id":"https:\/\/dev.tg4.ie\/ga\/eolas\/gradaim\/2015-2\/","url":"https:\/\/dev.tg4.ie\/ga\/eolas\/gradaim\/2015-2\/","name":"2015 - TG4","isPartOf":{"@id":"https:\/\/dev.tg4.ie\/en\/#website"},"datePublished":"2015-08-20T14:46:17+00:00","dateModified":"2019-10-22T14:42:13+00:00","breadcrumb":{"@id":"https:\/\/dev.tg4.ie\/ga\/eolas\/gradaim\/2015-2\/#breadcrumb"},"inLanguage":"ga","potentialAction":[{"@type":"ReadAction","target":["https:\/\/dev.tg4.ie\/ga\/eolas\/gradaim\/2015-2\/"]}]},{"@type":"BreadcrumbList","@id":"https:\/\/dev.tg4.ie\/ga\/eolas\/gradaim\/2015-2\/#breadcrumb","itemListElement":[{"@type":"ListItem","position":1,"name":"Home","item":"https:\/\/dev.tg4.ie\/ga\/"},{"@type":"ListItem","position":2,"name":"Eolas","item":"https:\/\/dev.tg4.ie\/ga\/eolas\/"},{"@type":"ListItem","position":3,"name":"Gradaim","item":"https:\/\/dev.tg4.ie\/ga\/eolas\/gradaim\/"},{"@type":"ListItem","position":4,"name":"2015"}]},{"@type":"WebSite","@id":"https:\/\/dev.tg4.ie\/en\/#website","url":"https:\/\/dev.tg4.ie\/en\/","name":"TG4","description":"S\u00fail Eile","potentialAction":[{"@type":"SearchAction","target":{"@type":"EntryPoint","urlTemplate":"https:\/\/dev.tg4.ie\/en\/?s={search_term_string}"},"query-input":"required name=search_term_string"}],"inLanguage":"ga"}]}},"_links":{"self":[{"href":"https:\/\/dev.tg4.ie\/ga\/wp-json\/wp\/v2\/pages\/1679"}],"collection":[{"href":"https:\/\/dev.tg4.ie\/ga\/wp-json\/wp\/v2\/pages"}],"about":[{"href":"https:\/\/dev.tg4.ie\/ga\/wp-json\/wp\/v2\/types\/page"}],"author":[{"embeddable":true,"href":"https:\/\/dev.tg4.ie\/ga\/wp-json\/wp\/v2\/users\/6"}],"replies":[{"embeddable":true,"href":"https:\/\/dev.tg4.ie\/ga\/wp-json\/wp\/v2\/comments?post=1679"}],"version-history":[{"count":0,"href":"https:\/\/dev.tg4.ie\/ga\/wp-json\/wp\/v2\/pages\/1679\/revisions"}],"up":[{"embeddable":true,"href":"https:\/\/dev.tg4.ie\/ga\/wp-json\/wp\/v2\/pages\/1219"}],"wp:attachment":[{"href":"https:\/\/dev.tg4.ie\/ga\/wp-json\/wp\/v2\/media?parent=1679"}],"curies":[{"name":"wp","href":"https:\/\/api.w.org\/{rel}","templated":true}]}}