{"id":17051,"date":"2016-04-20T15:48:00","date_gmt":"2016-04-20T14:48:43","guid":{"rendered":"https:\/\/dev.tg4.ie\/membership-join\/"},"modified":"2019-03-06T09:34:10","modified_gmt":"2019-03-06T09:34:10","slug":"membership-join","status":"publish","type":"page","link":"https:\/\/dev.tg4.ie\/ga\/brandai-eile\/tg4-archive\/membership-join\/","title":{"rendered":"Cl\u00e1raigh linn"},"content":{"rendered":"<h2>Cl\u00e1r\u00fa<\/h2>\n<div id=\"swpm-form-1\" class=\"swpm-form-builder-container\"><form id=\"member-registration-1\" class=\"swpm-form-builder swpm-form-1 left\" method=\"post\" enctype=\"multipart\/form-data\">\n\t<input type=\"hidden\" name=\"form_id\" value=\"1\" \/><input type =\"hidden\" name=\"level_identifier\" value=\"c81e728d9d4c2f636f067f89cc14862c\" \/><input type =\"hidden\" name=\"swpm_level_hash\" value=\"c186c19be70f0b763d18ea7839479f0f\" \/><input type =\"hidden\" name=\"membership_level\" value=\"2\" \/><fieldset class=\"swpm-fieldset swpm-fieldset-1 fieldset \" id=\"item-swpm-1\"><div class=\"swpm-legend\"><h3>Sonra\u00ed | Member details<\/h3><\/div><ul class=\"swpm-section swpm-section-1\"><li class=\"swpm-item swpm-item-text  \" id=\"item-swpm-17\"><label for=\"swpm-17\" class=\"swpm-desc\">Ainm | First Name  <span class=\"swpm-required-asterisk\">*<\/span><\/label><input type=\"text\"  name=\"swpm-17\" id=\"swpm-17\" value=\"\" class=\"swpm-text  swpm-medium  required  \"  \/><\/li><li class=\"swpm-item swpm-item-text  \" id=\"item-swpm-19\"><label for=\"swpm-19\" class=\"swpm-desc\">Surname | Sloinne  <span class=\"swpm-required-asterisk\">*<\/span><\/label><input type=\"text\"  name=\"swpm-19\" id=\"swpm-19\" value=\"\" class=\"swpm-text  swpm-medium  required  \"  \/><\/li><li class=\"swpm-item swpm-item-textarea  \" id=\"item-swpm-25\"><label for=\"swpm-25\" class=\"swpm-desc\">Seoladh | Address <\/label><div><textarea name=\"swpm-25\" id=\"swpm-25\" class=\"swpm-textarea  swpm-medium  \"><\/textarea><\/div><\/li><li class=\"swpm-item swpm-item-phone  \" id=\"item-swpm-21\"><label for=\"swpm-21\" class=\"swpm-desc\">F\u00f3n | Phone <\/label><input type=\"tel\"  name=\"swpm-21\" id=\"swpm-21\" value=\"\" class=\"swpm-text  swpm-medium   phone \"  \/><\/li><li class=\"swpm-item swpm-item-email  \" id=\"item-swpm-5\"><label for=\"swpm-5\" class=\"swpm-desc\">R\u00edomhphost | Email  <span class=\"swpm-required-asterisk\">*<\/span><\/label><input type=\"email\"  name=\"swpm-5\" id=\"swpm-5\" value=\"\" class=\"swpm-text  swpm-medium  required  email \"  \/><\/li><li class=\"swpm-item swpm-item-text  \" id=\"item-swpm-2\"><label for=\"swpm-2\" class=\"swpm-desc\">Ainm \u00dasaideora | User Name  <span class=\"swpm-required-asterisk\">*<\/span><\/label><input type=\"text\"  name=\"swpm-2\" id=\"swpm-2\" value=\"\" class=\"swpm-text  swpm-medium  required   nowhitespace \"  \/><\/li><li class=\"swpm-item swpm-item-password  \" id=\"item-swpm-3\"><label for=\"swpm-3\" class=\"swpm-desc\">Pasfhocal | Password  <span class=\"swpm-required-asterisk\">*<\/span><\/label><div><input type=\"password\" placeholder=\"Type password here\" name=\"swpm-3\" id=\"swpm-3\" value=\"\" class=\"swpm-text  swpm-medium  required strongPass passmin8 \" \/><\/div><div><input type=\"password\" placeholder=\"Retype password here\" name=\"swpm-3_re\" id=\"swpm-3_re\" value=\"\" class=\"swpm-text  swpm-medium  required  \" \/><\/div><\/li><li class=\"swpm-item swpm-item-text  \" id=\"item-swpm-4\"><label for=\"swpm-4\" class=\"swpm-desc\">Leibh\u00e9al | Membership Level  <span class=\"swpm-required-asterisk\">*<\/span><\/label><input type=\"hidden\"  name=\"swpm-4\" id=\"swpm-4\" value=\"2\" class=\"swpm-text  swpm-medium  required  \"  \/><div> Archive-Member<\/div><\/li><li class=\"swpm-item swpm-item-textarea  \" id=\"item-swpm-58\"><label for=\"swpm-58\" class=\"swpm-desc\">Cu\u00eds Cl\u00e1raithe | Reason for registering  <span class=\"swpm-required-asterisk\">*<\/span><\/label><div><textarea name=\"swpm-58\" id=\"swpm-58\" class=\"swpm-textarea  swpm-medium  required \"><\/textarea><\/div><\/li><\/ul>&nbsp;<\/fieldset><fieldset class=\"swpm-fieldset swpm-verification\" style=\"display:block\">\n          <div class=\"swpm-legend\"><h3>Deimhnigh | Verify<\/h3><\/div>\n          <ul class=\"swpm-section swpm-section-13\">\n          <li class=\"swpm-item swpm-item-text\" style=\"display:block\">\n          <label for=\"swpm-secret\" class=\"swpm-desc\">Please enter any two digits with <strong>no<\/strong> spaces (Example: 12)<span>*<\/span><\/label>\n          <div><input type=\"text\" name=\"swpm-secret\" id=\"swpm-secret\" class=\"swpm-text swpm-medium\" style=\"display:block\" \/><\/div>\n          <\/li><li style=\"display:none;\"><label>This box is for spam protection - <strong>please leave it blank<\/strong>:<\/label><div><input name=\"swpm-spam\" \/><\/div><\/li>\n    <p class=\"swpm-item swpm-item-submit swpm-edit-profile-submit-section\" id=\"item-swpm-8\">\n                <input type=\"submit\" name=\"swpm-fb-submit\" id=\"swpm-8\" value=\"Cl\u00e1raigh | Register\" class=\"swpm-submit \" \/>\n                <\/p><\/ul>\n    <\/fieldset><input type=\"hidden\" name=\"_wp_http_referer\" value=\"\/ga\/wp-json\/wp\/v2\/pages\/17051\" \/><\/form><\/div> <!-- .swpm-form-builder-container -->\n","protected":false},"excerpt":{"rendered":"<p>Cl\u00e1r\u00fa<\/p>\n","protected":false},"author":876,"featured_media":0,"parent":16465,"menu_order":8,"comment_status":"closed","ping_status":"closed","template":"page-templates\/template-corporate.php","meta":{"_acf_changed":false,"footnotes":""},"acf":[],"yoast_head":"<!-- This site is optimized with the Yoast SEO plugin v22.6 - https:\/\/yoast.com\/wordpress\/plugins\/seo\/ -->\n<title>Cl\u00e1raigh linn - TG4<\/title>\n<meta name=\"robots\" content=\"index, follow, max-snippet:-1, max-image-preview:large, max-video-preview:-1\" \/>\n<meta property=\"og:locale\" content=\"en_US\" \/>\n<meta property=\"og:type\" content=\"article\" \/>\n<meta property=\"og:title\" content=\"Cl\u00e1raigh linn - TG4\" \/>\n<meta property=\"og:description\" content=\"Cl\u00e1r\u00fa\" \/>\n<meta property=\"og:url\" content=\"https:\/\/dev.tg4.ie\/ga\/brandai-eile\/tg4-archive\/membership-join\/\" \/>\n<meta property=\"og:site_name\" content=\"TG4\" \/>\n<meta property=\"article:publisher\" content=\"https:\/\/www.facebook.com\/TG4TV\" \/>\n<meta property=\"article:modified_time\" content=\"2019-03-06T09:34:10+00:00\" \/>\n<meta property=\"og:image\" content=\"https:\/\/tg4-docs.s3.amazonaws.com\/wp-content\/uploads\/2024\/11\/18151812\/TG4_2024_corcra_teal_1-1920x1080-1.jpg\" \/>\n\t<meta property=\"og:image:width\" content=\"1920\" \/>\n\t<meta property=\"og:image:height\" content=\"1080\" \/>\n\t<meta property=\"og:image:type\" content=\"image\/jpeg\" \/>\n<meta name=\"twitter:card\" content=\"summary_large_image\" \/>\n<meta name=\"twitter:site\" content=\"@TG4TV\" \/>\n<script type=\"application\/ld+json\" class=\"yoast-schema-graph\">{\"@context\":\"https:\/\/schema.org\",\"@graph\":[{\"@type\":\"WebPage\",\"@id\":\"https:\/\/dev.tg4.ie\/ga\/brandai-eile\/tg4-archive\/membership-join\/\",\"url\":\"https:\/\/dev.tg4.ie\/ga\/brandai-eile\/tg4-archive\/membership-join\/\",\"name\":\"Cl\u00e1raigh linn - TG4\",\"isPartOf\":{\"@id\":\"https:\/\/dev.tg4.ie\/en\/#website\"},\"datePublished\":\"2016-04-20T14:48:43+00:00\",\"dateModified\":\"2019-03-06T09:34:10+00:00\",\"breadcrumb\":{\"@id\":\"https:\/\/dev.tg4.ie\/ga\/brandai-eile\/tg4-archive\/membership-join\/#breadcrumb\"},\"inLanguage\":\"ga\",\"potentialAction\":[{\"@type\":\"ReadAction\",\"target\":[\"https:\/\/dev.tg4.ie\/ga\/brandai-eile\/tg4-archive\/membership-join\/\"]}]},{\"@type\":\"BreadcrumbList\",\"@id\":\"https:\/\/dev.tg4.ie\/ga\/brandai-eile\/tg4-archive\/membership-join\/#breadcrumb\",\"itemListElement\":[{\"@type\":\"ListItem\",\"position\":1,\"name\":\"Home\",\"item\":\"https:\/\/dev.tg4.ie\/ga\/\"},{\"@type\":\"ListItem\",\"position\":2,\"name\":\"Branda\u00ed Eile\",\"item\":\"https:\/\/dev.tg4.ie\/ga\/brandai-eile\/\"},{\"@type\":\"ListItem\",\"position\":3,\"name\":\"Cartlann TG4\",\"item\":\"https:\/\/dev.tg4.ie\/ga\/brandai-eile\/tg4-archive\/\"},{\"@type\":\"ListItem\",\"position\":4,\"name\":\"Cl\u00e1raigh linn\"}]},{\"@type\":\"WebSite\",\"@id\":\"https:\/\/dev.tg4.ie\/en\/#website\",\"url\":\"https:\/\/dev.tg4.ie\/en\/\",\"name\":\"TG4\",\"description\":\"S\u00fail Eile\",\"potentialAction\":[{\"@type\":\"SearchAction\",\"target\":{\"@type\":\"EntryPoint\",\"urlTemplate\":\"https:\/\/dev.tg4.ie\/en\/?s={search_term_string}\"},\"query-input\":\"required name=search_term_string\"}],\"inLanguage\":\"ga\"}]}<\/script>\n<!-- \/ Yoast SEO plugin. -->","yoast_head_json":{"title":"Cl\u00e1raigh linn - TG4","robots":{"index":"index","follow":"follow","max-snippet":"max-snippet:-1","max-image-preview":"max-image-preview:large","max-video-preview":"max-video-preview:-1"},"og_locale":"en_US","og_type":"article","og_title":"Cl\u00e1raigh linn - TG4","og_description":"Cl\u00e1r\u00fa","og_url":"https:\/\/dev.tg4.ie\/ga\/brandai-eile\/tg4-archive\/membership-join\/","og_site_name":"TG4","article_publisher":"https:\/\/www.facebook.com\/TG4TV","article_modified_time":"2019-03-06T09:34:10+00:00","og_image":[{"width":1920,"height":1080,"url":"https:\/\/tg4-docs.s3.amazonaws.com\/wp-content\/uploads\/2024\/11\/18151812\/TG4_2024_corcra_teal_1-1920x1080-1.jpg","type":"image\/jpeg"}],"twitter_card":"summary_large_image","twitter_site":"@TG4TV","schema":{"@context":"https:\/\/schema.org","@graph":[{"@type":"WebPage","@id":"https:\/\/dev.tg4.ie\/ga\/brandai-eile\/tg4-archive\/membership-join\/","url":"https:\/\/dev.tg4.ie\/ga\/brandai-eile\/tg4-archive\/membership-join\/","name":"Cl\u00e1raigh linn - TG4","isPartOf":{"@id":"https:\/\/dev.tg4.ie\/en\/#website"},"datePublished":"2016-04-20T14:48:43+00:00","dateModified":"2019-03-06T09:34:10+00:00","breadcrumb":{"@id":"https:\/\/dev.tg4.ie\/ga\/brandai-eile\/tg4-archive\/membership-join\/#breadcrumb"},"inLanguage":"ga","potentialAction":[{"@type":"ReadAction","target":["https:\/\/dev.tg4.ie\/ga\/brandai-eile\/tg4-archive\/membership-join\/"]}]},{"@type":"BreadcrumbList","@id":"https:\/\/dev.tg4.ie\/ga\/brandai-eile\/tg4-archive\/membership-join\/#breadcrumb","itemListElement":[{"@type":"ListItem","position":1,"name":"Home","item":"https:\/\/dev.tg4.ie\/ga\/"},{"@type":"ListItem","position":2,"name":"Branda\u00ed Eile","item":"https:\/\/dev.tg4.ie\/ga\/brandai-eile\/"},{"@type":"ListItem","position":3,"name":"Cartlann TG4","item":"https:\/\/dev.tg4.ie\/ga\/brandai-eile\/tg4-archive\/"},{"@type":"ListItem","position":4,"name":"Cl\u00e1raigh linn"}]},{"@type":"WebSite","@id":"https:\/\/dev.tg4.ie\/en\/#website","url":"https:\/\/dev.tg4.ie\/en\/","name":"TG4","description":"S\u00fail Eile","potentialAction":[{"@type":"SearchAction","target":{"@type":"EntryPoint","urlTemplate":"https:\/\/dev.tg4.ie\/en\/?s={search_term_string}"},"query-input":"required name=search_term_string"}],"inLanguage":"ga"}]}},"_links":{"self":[{"href":"https:\/\/dev.tg4.ie\/ga\/wp-json\/wp\/v2\/pages\/17051"}],"collection":[{"href":"https:\/\/dev.tg4.ie\/ga\/wp-json\/wp\/v2\/pages"}],"about":[{"href":"https:\/\/dev.tg4.ie\/ga\/wp-json\/wp\/v2\/types\/page"}],"author":[{"embeddable":true,"href":"https:\/\/dev.tg4.ie\/ga\/wp-json\/wp\/v2\/users\/876"}],"replies":[{"embeddable":true,"href":"https:\/\/dev.tg4.ie\/ga\/wp-json\/wp\/v2\/comments?post=17051"}],"version-history":[{"count":0,"href":"https:\/\/dev.tg4.ie\/ga\/wp-json\/wp\/v2\/pages\/17051\/revisions"}],"up":[{"embeddable":true,"href":"https:\/\/dev.tg4.ie\/ga\/wp-json\/wp\/v2\/pages\/16465"}],"wp:attachment":[{"href":"https:\/\/dev.tg4.ie\/ga\/wp-json\/wp\/v2\/media?parent=17051"}],"curies":[{"name":"wp","href":"https:\/\/api.w.org\/{rel}","templated":true}]}}