{"id":17101,"date":"2016-04-21T09:57:02","date_gmt":"2016-04-21T08:57:02","guid":{"rendered":"https:\/\/dev.tg4.ie\/corporate\/preas\/press-releases\/2016-2\/20-04-16-1\/"},"modified":"2019-06-24T16:27:25","modified_gmt":"2019-06-24T15:27:25","slug":"20-04-16-1","status":"publish","type":"page","link":"https:\/\/dev.tg4.ie\/ga\/eolas\/preas\/nuacht-raitis\/2016-2\/20-04-16-1\/","title":{"rendered":"25.04.16"},"content":{"rendered":"<p>Agus an beochraoladh TG4 ar imeachta\u00ed ioml\u00e1na na hiarn\u00f3ine san \u00e1ireamh,\u00a0 d\u2019fh\u00e9ach\u00a0 <strong>beagnach tr\u00ed ceathr\u00fa milli\u00fan duine\u00a0 <\/strong>\u00a0(739,000) ar an aicsean imeartha agus oirfide as P\u00e1irc an Chr\u00f3caigh inn\u00e9,\u00a0 ina raibh an Cluiche Ceannais i Roinn 2\u00a0 (T\u00edr Eoghain v An Cabh\u00e1n) agus an taispe\u00e1ntas taibhsi\u00fail com\u00f3rtha <strong><em>Laochra<\/em><\/strong> ar bun chomh maith le Cluiche Ceannais Roinn 1.<\/p>\n<p>Go deimhin, bh\u00ed an fh\u00e9achaint teilif\u00edse ar <strong><em>Laochra<\/em><\/strong>\u00a0 chomh hard sin go bhfuil \u00e1it bainte amach aige sin freisin ar an liosta den 10 gCl\u00e1r is Airde f\u00e9achana riamh ar TG4.<\/p>\n<p>Rinne an cain\u00e9al beochraoladh cuimsitheach ar chluich\u00ed ceannais na Sraithe Peile \u00f3 Ph\u00e1irc an Chr\u00f3caigh ar\u00eds i mbliana mar go raibh Cluich\u00ed Ceannais Roinn 3 agus Roinn 4 ar f\u00e1il ar TG4 ar an Satharn.<\/p>\n<p>Is cinnte go bhfuil Ardsti\u00farth\u00f3ir TG4,\u00a0 P\u00f3l \u00d3 Gallch\u00f3ir, thar a bheith br\u00f3d\u00fail as na figi\u00fair\u00ed f\u00e9achana seo.\u00a0\u00a0 \u201c<em>Bh\u00ed a fhios againn go mbeadh\u00a0 an-\u00e9ileamh ag an bpobal f\u00e9achana teilif\u00edse ar \u00e1r mbeochraoladh \u00f3 Ph\u00e1irc an Chr\u00f3caigh inn\u00e9,\u201d <\/em>\u00a0a d\u00fairt s\u00e9 \u201c<em>ach is iontach ar fad a chruth\u00fanas a fheice\u00e1il sna\u00a0 tortha\u00ed \u00f3 TAM Ireland.\u00a0\u00a0\u00a0 Is ioma\u00ed cl\u00e1r agus m\u00edr chom\u00f3rtha craolta againn le tamall anuas agus bh\u00ed an ard-fh\u00e9achaint teilif\u00edse seo tuillte go maith ag an bpeil agus ag an dtaispe\u00e1ntas iontach a chuir <\/em>Laochra<em> in\u00e1r l\u00e1thair.\u201d<\/em><\/p>\n","protected":false},"excerpt":{"rendered":"<p>Agus an beochraoladh TG4 ar imeachta\u00ed ioml\u00e1na na hiarn\u00f3ine san \u00e1ireamh,\u00a0 d\u2019fh\u00e9ach\u00a0 beagnach tr\u00ed ceathr\u00fa milli\u00fan duine\u00a0 \u00a0(739,000) ar an aicsean imeartha agus oirfide as P\u00e1irc an Chr\u00f3caigh inn\u00e9,\u00a0 ina raibh an Cluiche Ceannais i Roinn 2\u00a0 (T\u00edr Eoghain v An Cabh\u00e1n) agus an taispe\u00e1ntas taibhsi\u00fail com\u00f3rtha Laochra ar bun chomh maith le Cluiche Ceannais [&hellip;]<\/p>\n","protected":false},"author":4,"featured_media":17152,"parent":6580,"menu_order":17,"comment_status":"closed","ping_status":"closed","template":"page-templates\/template-pr.php","meta":{"_acf_changed":false,"footnotes":""},"acf":[],"yoast_head":"<!-- This site is optimized with the Yoast SEO plugin v22.6 - https:\/\/yoast.com\/wordpress\/plugins\/seo\/ -->\n<title>25.04.16 - TG4<\/title>\n<meta name=\"robots\" content=\"index, follow, max-snippet:-1, max-image-preview:large, max-video-preview:-1\" \/>\n<meta property=\"og:locale\" content=\"en_US\" \/>\n<meta property=\"og:type\" content=\"article\" \/>\n<meta property=\"og:title\" content=\"25.04.16 - TG4\" \/>\n<meta property=\"og:description\" content=\"Agus an beochraoladh TG4 ar imeachta\u00ed ioml\u00e1na na hiarn\u00f3ine san \u00e1ireamh,\u00a0 d\u2019fh\u00e9ach\u00a0 beagnach tr\u00ed ceathr\u00fa milli\u00fan duine\u00a0 \u00a0(739,000) ar an aicsean imeartha agus oirfide as P\u00e1irc an Chr\u00f3caigh inn\u00e9,\u00a0 ina raibh an Cluiche Ceannais i Roinn 2\u00a0 (T\u00edr Eoghain v An Cabh\u00e1n) agus an taispe\u00e1ntas taibhsi\u00fail com\u00f3rtha Laochra ar bun chomh maith le Cluiche Ceannais [&hellip;]\" \/>\n<meta property=\"og:url\" content=\"https:\/\/dev.tg4.ie\/ga\/eolas\/preas\/nuacht-raitis\/2016-2\/20-04-16-1\/\" \/>\n<meta property=\"og:site_name\" content=\"TG4\" \/>\n<meta property=\"article:publisher\" content=\"https:\/\/www.facebook.com\/TG4TV\" \/>\n<meta property=\"article:modified_time\" content=\"2019-06-24T15:27:25+00:00\" \/>\n<meta property=\"og:image\" content=\"https:\/\/tg4-docs.s3.amazonaws.com\/tg4-redesign-2015\/wp-content\/uploads\/2016\/04\/allianz-comp-1.jpg\" \/>\n\t<meta property=\"og:image:width\" content=\"1920\" \/>\n\t<meta property=\"og:image:height\" content=\"1080\" \/>\n\t<meta property=\"og:image:type\" content=\"image\/jpeg\" \/>\n<meta name=\"twitter:card\" content=\"summary_large_image\" \/>\n<meta name=\"twitter:site\" content=\"@TG4TV\" \/>\n<meta name=\"twitter:label1\" content=\"Est. reading time\" \/>\n\t<meta name=\"twitter:data1\" content=\"1 minute\" \/>\n<script type=\"application\/ld+json\" class=\"yoast-schema-graph\">{\"@context\":\"https:\/\/schema.org\",\"@graph\":[{\"@type\":\"WebPage\",\"@id\":\"https:\/\/dev.tg4.ie\/ga\/eolas\/preas\/nuacht-raitis\/2016-2\/20-04-16-1\/\",\"url\":\"https:\/\/dev.tg4.ie\/ga\/eolas\/preas\/nuacht-raitis\/2016-2\/20-04-16-1\/\",\"name\":\"25.04.16 - TG4\",\"isPartOf\":{\"@id\":\"https:\/\/dev.tg4.ie\/en\/#website\"},\"primaryImageOfPage\":{\"@id\":\"https:\/\/dev.tg4.ie\/ga\/eolas\/preas\/nuacht-raitis\/2016-2\/20-04-16-1\/#primaryimage\"},\"image\":{\"@id\":\"https:\/\/dev.tg4.ie\/ga\/eolas\/preas\/nuacht-raitis\/2016-2\/20-04-16-1\/#primaryimage\"},\"thumbnailUrl\":\"https:\/\/tg4-docs.s3.amazonaws.com\/tg4-redesign-2015\/wp-content\/uploads\/2016\/04\/allianz-comp-1.jpg\",\"datePublished\":\"2016-04-21T08:57:02+00:00\",\"dateModified\":\"2019-06-24T15:27:25+00:00\",\"breadcrumb\":{\"@id\":\"https:\/\/dev.tg4.ie\/ga\/eolas\/preas\/nuacht-raitis\/2016-2\/20-04-16-1\/#breadcrumb\"},\"inLanguage\":\"ga\",\"potentialAction\":[{\"@type\":\"ReadAction\",\"target\":[\"https:\/\/dev.tg4.ie\/ga\/eolas\/preas\/nuacht-raitis\/2016-2\/20-04-16-1\/\"]}]},{\"@type\":\"ImageObject\",\"inLanguage\":\"ga\",\"@id\":\"https:\/\/dev.tg4.ie\/ga\/eolas\/preas\/nuacht-raitis\/2016-2\/20-04-16-1\/#primaryimage\",\"url\":\"https:\/\/tg4-docs.s3.amazonaws.com\/tg4-redesign-2015\/wp-content\/uploads\/2016\/04\/allianz-comp-1.jpg\",\"contentUrl\":\"https:\/\/tg4-docs.s3.amazonaws.com\/tg4-redesign-2015\/wp-content\/uploads\/2016\/04\/allianz-comp-1.jpg\",\"width\":1920,\"height\":1080,\"caption\":\"Allianz League Football Final\"},{\"@type\":\"BreadcrumbList\",\"@id\":\"https:\/\/dev.tg4.ie\/ga\/eolas\/preas\/nuacht-raitis\/2016-2\/20-04-16-1\/#breadcrumb\",\"itemListElement\":[{\"@type\":\"ListItem\",\"position\":1,\"name\":\"Home\",\"item\":\"https:\/\/dev.tg4.ie\/ga\/\"},{\"@type\":\"ListItem\",\"position\":2,\"name\":\"Eolas\",\"item\":\"https:\/\/dev.tg4.ie\/ga\/eolas\/\"},{\"@type\":\"ListItem\",\"position\":3,\"name\":\"Preas\",\"item\":\"https:\/\/dev.tg4.ie\/ga\/eolas\/preas\/\"},{\"@type\":\"ListItem\",\"position\":4,\"name\":\"Nuacht R\u00e1itis\",\"item\":\"https:\/\/dev.tg4.ie\/ga\/eolas\/preas\/nuacht-raitis\/\"},{\"@type\":\"ListItem\",\"position\":5,\"name\":\"2016\",\"item\":\"https:\/\/dev.tg4.ie\/ga\/eolas\/preas\/nuacht-raitis\/2016-2\/\"},{\"@type\":\"ListItem\",\"position\":6,\"name\":\"25.04.16\"}]},{\"@type\":\"WebSite\",\"@id\":\"https:\/\/dev.tg4.ie\/en\/#website\",\"url\":\"https:\/\/dev.tg4.ie\/en\/\",\"name\":\"TG4\",\"description\":\"S\u00fail Eile\",\"potentialAction\":[{\"@type\":\"SearchAction\",\"target\":{\"@type\":\"EntryPoint\",\"urlTemplate\":\"https:\/\/dev.tg4.ie\/en\/?s={search_term_string}\"},\"query-input\":\"required name=search_term_string\"}],\"inLanguage\":\"ga\"}]}<\/script>\n<!-- \/ Yoast SEO plugin. -->","yoast_head_json":{"title":"25.04.16 - TG4","robots":{"index":"index","follow":"follow","max-snippet":"max-snippet:-1","max-image-preview":"max-image-preview:large","max-video-preview":"max-video-preview:-1"},"og_locale":"en_US","og_type":"article","og_title":"25.04.16 - TG4","og_description":"Agus an beochraoladh TG4 ar imeachta\u00ed ioml\u00e1na na hiarn\u00f3ine san \u00e1ireamh,\u00a0 d\u2019fh\u00e9ach\u00a0 beagnach tr\u00ed ceathr\u00fa milli\u00fan duine\u00a0 \u00a0(739,000) ar an aicsean imeartha agus oirfide as P\u00e1irc an Chr\u00f3caigh inn\u00e9,\u00a0 ina raibh an Cluiche Ceannais i Roinn 2\u00a0 (T\u00edr Eoghain v An Cabh\u00e1n) agus an taispe\u00e1ntas taibhsi\u00fail com\u00f3rtha Laochra ar bun chomh maith le Cluiche Ceannais [&hellip;]","og_url":"https:\/\/dev.tg4.ie\/ga\/eolas\/preas\/nuacht-raitis\/2016-2\/20-04-16-1\/","og_site_name":"TG4","article_publisher":"https:\/\/www.facebook.com\/TG4TV","article_modified_time":"2019-06-24T15:27:25+00:00","og_image":[{"width":1920,"height":1080,"url":"https:\/\/tg4-docs.s3.amazonaws.com\/tg4-redesign-2015\/wp-content\/uploads\/2016\/04\/allianz-comp-1.jpg","type":"image\/jpeg"}],"twitter_card":"summary_large_image","twitter_site":"@TG4TV","twitter_misc":{"Est. reading time":"1 minute"},"schema":{"@context":"https:\/\/schema.org","@graph":[{"@type":"WebPage","@id":"https:\/\/dev.tg4.ie\/ga\/eolas\/preas\/nuacht-raitis\/2016-2\/20-04-16-1\/","url":"https:\/\/dev.tg4.ie\/ga\/eolas\/preas\/nuacht-raitis\/2016-2\/20-04-16-1\/","name":"25.04.16 - TG4","isPartOf":{"@id":"https:\/\/dev.tg4.ie\/en\/#website"},"primaryImageOfPage":{"@id":"https:\/\/dev.tg4.ie\/ga\/eolas\/preas\/nuacht-raitis\/2016-2\/20-04-16-1\/#primaryimage"},"image":{"@id":"https:\/\/dev.tg4.ie\/ga\/eolas\/preas\/nuacht-raitis\/2016-2\/20-04-16-1\/#primaryimage"},"thumbnailUrl":"https:\/\/tg4-docs.s3.amazonaws.com\/tg4-redesign-2015\/wp-content\/uploads\/2016\/04\/allianz-comp-1.jpg","datePublished":"2016-04-21T08:57:02+00:00","dateModified":"2019-06-24T15:27:25+00:00","breadcrumb":{"@id":"https:\/\/dev.tg4.ie\/ga\/eolas\/preas\/nuacht-raitis\/2016-2\/20-04-16-1\/#breadcrumb"},"inLanguage":"ga","potentialAction":[{"@type":"ReadAction","target":["https:\/\/dev.tg4.ie\/ga\/eolas\/preas\/nuacht-raitis\/2016-2\/20-04-16-1\/"]}]},{"@type":"ImageObject","inLanguage":"ga","@id":"https:\/\/dev.tg4.ie\/ga\/eolas\/preas\/nuacht-raitis\/2016-2\/20-04-16-1\/#primaryimage","url":"https:\/\/tg4-docs.s3.amazonaws.com\/tg4-redesign-2015\/wp-content\/uploads\/2016\/04\/allianz-comp-1.jpg","contentUrl":"https:\/\/tg4-docs.s3.amazonaws.com\/tg4-redesign-2015\/wp-content\/uploads\/2016\/04\/allianz-comp-1.jpg","width":1920,"height":1080,"caption":"Allianz League Football Final"},{"@type":"BreadcrumbList","@id":"https:\/\/dev.tg4.ie\/ga\/eolas\/preas\/nuacht-raitis\/2016-2\/20-04-16-1\/#breadcrumb","itemListElement":[{"@type":"ListItem","position":1,"name":"Home","item":"https:\/\/dev.tg4.ie\/ga\/"},{"@type":"ListItem","position":2,"name":"Eolas","item":"https:\/\/dev.tg4.ie\/ga\/eolas\/"},{"@type":"ListItem","position":3,"name":"Preas","item":"https:\/\/dev.tg4.ie\/ga\/eolas\/preas\/"},{"@type":"ListItem","position":4,"name":"Nuacht R\u00e1itis","item":"https:\/\/dev.tg4.ie\/ga\/eolas\/preas\/nuacht-raitis\/"},{"@type":"ListItem","position":5,"name":"2016","item":"https:\/\/dev.tg4.ie\/ga\/eolas\/preas\/nuacht-raitis\/2016-2\/"},{"@type":"ListItem","position":6,"name":"25.04.16"}]},{"@type":"WebSite","@id":"https:\/\/dev.tg4.ie\/en\/#website","url":"https:\/\/dev.tg4.ie\/en\/","name":"TG4","description":"S\u00fail Eile","potentialAction":[{"@type":"SearchAction","target":{"@type":"EntryPoint","urlTemplate":"https:\/\/dev.tg4.ie\/en\/?s={search_term_string}"},"query-input":"required name=search_term_string"}],"inLanguage":"ga"}]}},"_links":{"self":[{"href":"https:\/\/dev.tg4.ie\/ga\/wp-json\/wp\/v2\/pages\/17101"}],"collection":[{"href":"https:\/\/dev.tg4.ie\/ga\/wp-json\/wp\/v2\/pages"}],"about":[{"href":"https:\/\/dev.tg4.ie\/ga\/wp-json\/wp\/v2\/types\/page"}],"author":[{"embeddable":true,"href":"https:\/\/dev.tg4.ie\/ga\/wp-json\/wp\/v2\/users\/4"}],"replies":[{"embeddable":true,"href":"https:\/\/dev.tg4.ie\/ga\/wp-json\/wp\/v2\/comments?post=17101"}],"version-history":[{"count":0,"href":"https:\/\/dev.tg4.ie\/ga\/wp-json\/wp\/v2\/pages\/17101\/revisions"}],"up":[{"embeddable":true,"href":"https:\/\/dev.tg4.ie\/ga\/wp-json\/wp\/v2\/pages\/6580"}],"wp:featuredmedia":[{"embeddable":true,"href":"https:\/\/dev.tg4.ie\/ga\/wp-json\/wp\/v2\/media\/17152"}],"wp:attachment":[{"href":"https:\/\/dev.tg4.ie\/ga\/wp-json\/wp\/v2\/media?parent=17101"}],"curies":[{"name":"wp","href":"https:\/\/api.w.org\/{rel}","templated":true}]}}