{"id":171475,"date":"2022-08-02T14:26:08","date_gmt":"2022-08-02T13:26:08","guid":{"rendered":"https:\/\/dev.tg4.ie\/?page_id=171475"},"modified":"2022-08-02T14:26:08","modified_gmt":"2022-08-02T13:26:08","slug":"dfheach-491000-ar-chluichi-ceannais-tg4-i-bpeil-na-mban-ar-tg4-de-domhnaigh","status":"publish","type":"page","link":"https:\/\/dev.tg4.ie\/ga\/eolas\/preas\/nuacht-raitis\/2022-2\/dfheach-491000-ar-chluichi-ceannais-tg4-i-bpeil-na-mban-ar-tg4-de-domhnaigh\/","title":{"rendered":"D\u2019fh\u00e9ach 491,000 ar Chluich\u00ed Ceannais TG4 i bPeil na mBan ar TG4 D\u00e9 Domhnaigh"},"content":{"rendered":"<p><img loading=\"lazy\" decoding=\"async\" width=\"1920\" height=\"1080\" src=\"https:\/\/tg4-docs.s3.amazonaws.com\/wp-content\/uploads\/2022\/08\/02141715\/An_Mhi_Buaiteoiri_CC_Peil_na_mBan_2022_1-1920x1080-1.jpg\" alt=\"\" class=\"alignleft size-full wp-image-171477\" srcset=\"https:\/\/tg4-docs.s3.amazonaws.com\/wp-content\/uploads\/2022\/08\/02141715\/An_Mhi_Buaiteoiri_CC_Peil_na_mBan_2022_1-1920x1080-1.jpg 1920w, https:\/\/tg4-docs.s3.amazonaws.com\/wp-content\/uploads\/2022\/08\/02141715\/An_Mhi_Buaiteoiri_CC_Peil_na_mBan_2022_1-1920x1080-1-250x141.jpg 250w, https:\/\/tg4-docs.s3.amazonaws.com\/wp-content\/uploads\/2022\/08\/02141715\/An_Mhi_Buaiteoiri_CC_Peil_na_mBan_2022_1-1920x1080-1-700x394.jpg 700w, https:\/\/tg4-docs.s3.amazonaws.com\/wp-content\/uploads\/2022\/08\/02141715\/An_Mhi_Buaiteoiri_CC_Peil_na_mBan_2022_1-1920x1080-1-252x141.jpg 252w, https:\/\/tg4-docs.s3.amazonaws.com\/wp-content\/uploads\/2022\/08\/02141715\/An_Mhi_Buaiteoiri_CC_Peil_na_mBan_2022_1-1920x1080-1-1536x864.jpg 1536w, https:\/\/tg4-docs.s3.amazonaws.com\/wp-content\/uploads\/2022\/08\/02141715\/An_Mhi_Buaiteoiri_CC_Peil_na_mBan_2022_1-1920x1080-1-120x68.jpg 120w\" sizes=\"(max-width: 1920px) 100vw, 1920px\" \/><br \/>\n&nbsp;<br \/>\nDe r\u00e9ir figi\u00fair\u00ed f\u00e9achana \u00f3 TAM Ireland, d\u2019fh\u00e9ach 491,000 duine ar chluich\u00ed ceannais TG4 i bPeil na mBan D\u00e9 Domhnaigh.   Bh\u00ed me\u00e1n lucht f\u00e9achana de 204,900 ag f\u00e9achaint ar chraoladh beo chluiche na sinsear idir An Mh\u00ed agus Ciarra\u00ed.  Bh\u00ed 30.6% den lucht f\u00e9achana ag an am ag f\u00e9achaint ar an gcluiche ceannais.  Ag 5:10pm a bh\u00ed an lucht f\u00e9achana ba mh\u00f3 ag an mbeochraoladh agus 279,800 duine ag f\u00e9achaint ar An Mh\u00ed ag tabhairt Corn Bhreand\u00e1in U\u00ed Mh\u00e1irt\u00edn leo don dara bliain as a ch\u00e9ile.<br \/>\n&nbsp;<br \/>\nBh\u00ed lucht f\u00e9achana \u00f3 n\u00edos m\u00f3 n\u00e1 50 t\u00edr ag breathn\u00fa ar na cluich\u00ed ceannais ar sheinnteoir TG4 le 14,000 sruth den chluiche \u00f3 lucht f\u00e9achana idirn\u00e1isi\u00fanta. Cl\u00e1ra\u00edodh breis agus 20,000 sruth eile \u00f3 lucht f\u00e9achana in \u00c9irinn ar an seinnteoir chomh maith.<br \/>\n&nbsp;<br \/>\nD\u00fairt <strong>Ard-Sti\u00farth\u00f3ir TG4, Alan Esslemont<\/strong>, <em>\u201cMo bhu\u00edochas \u00f3 chro\u00ed leis na contaetha ar fad, Loch Garman agus Ciarra\u00ed go h\u00e1irithe, a throid go dt\u00ed an deireadh i gcaitheamh na Craoibhe an s\u00e9as\u00far seo, comhghairdeas le Laois agus leis an M\u00ed agus t\u00e1im ag s\u00fail go m\u00f3r le ath-imirt Aontroma agus Fhear Manach a bheidh \u00e1 chraoladh beo ar TG4. Gabhaimid bu\u00edochas ar leith leis an slua ollmh\u00f3r a thaistil chuig na Cluich\u00ed Ceannais as gach cearn d\u2019\u00c9irinn. T\u00e1 Contae na M\u00ed ach go h\u00e1irithe mar eiseaml\u00e1ir do chontaetha eile maidir le c\u00e9n chaoi slua taca\u00edochta ollmh\u00f3r a choth\u00fa don LGFA sa d\u00e1 inscne agus ag gach aois.  Is moladh an-mh\u00f3r don chontae ar fad \u00e9, an l\u00e9iri\u00fa de \u2018fandom\u2019 na M\u00ed a chonaic muid i bP\u00e1irc an Chr\u00f3caigh.<br \/>\nD\u00e9 Domhnaigh craoladh an 22\u00fa heagr\u00e1n de Chraobhchom\u00f3rtas TG4 i bPeil na mBan, stair uath\u00fail de sp\u00f3rt a mhionlaigh an socha\u00ed \u00e1 chur chun cinn ag me\u00e1n teanga a mhionlaigh an st\u00e1t. Ag seasamh go comhfhiosach le ch\u00e9ile t\u00e1imid ag f\u00e1s le ch\u00e9ile.  Faoin am a bhainimid 50 bliain den LGFA amach in 2024, t\u00e1 s\u00fail againn go mbeimid go l\u00e9ir n\u00edos faide ar an mb\u00f3thar i dtreo f\u00edor chomhionannais deiseanna do Pheil Ghaelach na mBan agus do na me\u00e1in Ghaeilge.\u201d<\/em><br \/>\n&nbsp;<br \/>\nD\u00fairt <strong>Uachtar\u00e1n Peil na mBan M\u00edche\u00e1l Naughton<\/strong>, <em>\u201cBh\u00ed an-\u00e1thas orainn s\u00edneadh c\u00faig bliana ar \u00e1r gcomhph\u00e1irt\u00edocht a fh\u00f3gairt le TG4 chun Craobh Uile-\u00c9ireann TG4 2022 a sheoladh. Glacaim bu\u00edochas le hArd-Sti\u00farth\u00f3ir TG4, Alan Esslemont, le Ceannasa\u00ed Sp\u00f3rt TG4, R\u00f3n\u00e1n \u00d3 Coisdealbha, agus le foireann TG4 ar fad as a dtiomantas do pheil na mban.<br \/>\n\u201cLeanann an feachtas #ProperFan ag tarraingt na samhla\u00edochta do lucht lean\u00fana Pheil na mBan agus t\u00e1 s\u00e9as\u00far eile den scoth cr\u00edochnaithe againn le Cluich\u00ed Ceannais iontacha eile D\u00e9 Domhnaigh i bP\u00e1irc an Chr\u00f3caigh. Bh\u00ed 46,440 lucht f\u00e9achana i l\u00e1thair ar an l\u00e1, agus d\u2019fh\u00e9ach l\u00edon m\u00f3r daoine as gach cearn den domhan chun f\u00e9achaint ar thr\u00ed chluiche den scoth.<br \/>\n\u201cCuireann TG4 an t-ard\u00e1n ar f\u00e1il do dhaoine f\u00e9achaint ar \u00e1r gcluich\u00ed n\u00ed hamh\u00e1in in \u00c9irinn, ach ar fud an domhain ar Sheinnteoir TG4 agus ar Aip Teilif\u00edse agus Cliste TG4.<br \/>\n\u201cT\u00e1imid ag s\u00fail anois len\u00e1r athimirt ar Chluiche Ceannais S\u00f3isir na h\u00c9ireann TG4 ar an Satharn, 13 L\u00fanasa, nuair a bheidh Aontroim agus Fear Manach in ioma\u00edocht ar\u00eds sa chluiche s\u00f3isear.&#8221;<\/em><br \/>\n&nbsp;<\/p>\n","protected":false},"excerpt":{"rendered":"<p>&nbsp; De r\u00e9ir figi\u00fair\u00ed f\u00e9achana \u00f3 TAM Ireland, d\u2019fh\u00e9ach 491,000 duine ar chluich\u00ed ceannais TG4 i bPeil na mBan D\u00e9 Domhnaigh. Bh\u00ed me\u00e1n lucht f\u00e9achana de 204,900 ag f\u00e9achaint ar chraoladh beo chluiche na sinsear idir An Mh\u00ed agus Ciarra\u00ed. Bh\u00ed 30.6% den lucht f\u00e9achana ag an am ag f\u00e9achaint ar an gcluiche ceannais. Ag [&hellip;]<\/p>\n","protected":false},"author":876,"featured_media":0,"parent":138171,"menu_order":24,"comment_status":"closed","ping_status":"closed","template":"page-templates\/template-pr.php","meta":{"_acf_changed":false,"footnotes":""},"acf":[],"yoast_head":"<!-- This site is optimized with the Yoast SEO plugin v22.6 - https:\/\/yoast.com\/wordpress\/plugins\/seo\/ -->\n<title>D\u2019fh\u00e9ach 491,000 ar Chluich\u00ed Ceannais TG4 i bPeil na mBan ar TG4 D\u00e9 Domhnaigh | Preas R\u00e1iteas | TG4<\/title>\n<meta name=\"description\" content=\"De r\u00e9ir figi\u00fair\u00ed f\u00e9achana \u00f3 TAM Ireland, d\u2019fh\u00e9ach 491,000 duine ar chluich\u00ed ceannais TG4 i bPeil na mBan D\u00e9 Domhnaigh. Bh\u00ed me\u00e1n lucht f\u00e9achana de 204,900 ag f\u00e9achaint ar chraoladh beo chluiche na sinsear idir An Mh\u00ed agus Ciarra\u00ed.\" \/>\n<meta name=\"robots\" content=\"index, follow, max-snippet:-1, max-image-preview:large, max-video-preview:-1\" \/>\n<meta property=\"og:locale\" content=\"en_US\" \/>\n<meta property=\"og:type\" content=\"article\" \/>\n<meta property=\"og:title\" content=\"D\u2019fh\u00e9ach 491,000 ar Chluich\u00ed Ceannais TG4 i bPeil na mBan ar TG4 D\u00e9 Domhnaigh | Preas R\u00e1iteas | TG4\" \/>\n<meta property=\"og:description\" content=\"De r\u00e9ir figi\u00fair\u00ed f\u00e9achana \u00f3 TAM Ireland, d\u2019fh\u00e9ach 491,000 duine ar chluich\u00ed ceannais TG4 i bPeil na mBan D\u00e9 Domhnaigh. Bh\u00ed me\u00e1n lucht f\u00e9achana de 204,900 ag f\u00e9achaint ar chraoladh beo chluiche na sinsear idir An Mh\u00ed agus Ciarra\u00ed.\" \/>\n<meta property=\"og:url\" content=\"https:\/\/dev.tg4.ie\/ga\/eolas\/preas\/nuacht-raitis\/2022-2\/dfheach-491000-ar-chluichi-ceannais-tg4-i-bpeil-na-mban-ar-tg4-de-domhnaigh\/\" \/>\n<meta property=\"og:site_name\" content=\"TG4\" \/>\n<meta property=\"article:publisher\" content=\"https:\/\/www.facebook.com\/TG4TV\" \/>\n<meta property=\"og:image\" content=\"https:\/\/tg4-docs.s3.amazonaws.com\/wp-content\/uploads\/2022\/08\/02141715\/An_Mhi_Buaiteoiri_CC_Peil_na_mBan_2022_1-1920x1080-1.jpg\" \/>\n\t<meta property=\"og:image:width\" content=\"1920\" \/>\n\t<meta property=\"og:image:height\" content=\"1080\" \/>\n\t<meta property=\"og:image:type\" content=\"image\/jpeg\" \/>\n<meta name=\"twitter:card\" content=\"summary_large_image\" \/>\n<meta name=\"twitter:image\" content=\"https:\/\/tg4-docs.s3.amazonaws.com\/wp-content\/uploads\/2022\/08\/02141715\/An_Mhi_Buaiteoiri_CC_Peil_na_mBan_2022_1-1920x1080-1.jpg\" \/>\n<meta name=\"twitter:site\" content=\"@TG4TV\" \/>\n<meta name=\"twitter:label1\" content=\"Est. reading time\" \/>\n\t<meta name=\"twitter:data1\" content=\"3 minutes\" \/>\n<script type=\"application\/ld+json\" class=\"yoast-schema-graph\">{\"@context\":\"https:\/\/schema.org\",\"@graph\":[{\"@type\":\"WebPage\",\"@id\":\"https:\/\/dev.tg4.ie\/ga\/eolas\/preas\/nuacht-raitis\/2022-2\/dfheach-491000-ar-chluichi-ceannais-tg4-i-bpeil-na-mban-ar-tg4-de-domhnaigh\/\",\"url\":\"https:\/\/dev.tg4.ie\/ga\/eolas\/preas\/nuacht-raitis\/2022-2\/dfheach-491000-ar-chluichi-ceannais-tg4-i-bpeil-na-mban-ar-tg4-de-domhnaigh\/\",\"name\":\"D\u2019fh\u00e9ach 491,000 ar Chluich\u00ed Ceannais TG4 i bPeil na mBan ar TG4 D\u00e9 Domhnaigh | Preas R\u00e1iteas | TG4\",\"isPartOf\":{\"@id\":\"https:\/\/dev.tg4.ie\/en\/#website\"},\"primaryImageOfPage\":{\"@id\":\"https:\/\/dev.tg4.ie\/ga\/eolas\/preas\/nuacht-raitis\/2022-2\/dfheach-491000-ar-chluichi-ceannais-tg4-i-bpeil-na-mban-ar-tg4-de-domhnaigh\/#primaryimage\"},\"image\":{\"@id\":\"https:\/\/dev.tg4.ie\/ga\/eolas\/preas\/nuacht-raitis\/2022-2\/dfheach-491000-ar-chluichi-ceannais-tg4-i-bpeil-na-mban-ar-tg4-de-domhnaigh\/#primaryimage\"},\"thumbnailUrl\":\"https:\/\/dev.tg4.ie\/wp-content\/uploads\/2022\/08\/An_Mhi_Buaiteoiri_CC_Peil_na_mBan_2022_1-1920x1080-1.jpg\",\"datePublished\":\"2022-08-02T13:26:08+00:00\",\"dateModified\":\"2022-08-02T13:26:08+00:00\",\"description\":\"De r\u00e9ir figi\u00fair\u00ed f\u00e9achana \u00f3 TAM Ireland, d\u2019fh\u00e9ach 491,000 duine ar chluich\u00ed ceannais TG4 i bPeil na mBan D\u00e9 Domhnaigh. Bh\u00ed me\u00e1n lucht f\u00e9achana de 204,900 ag f\u00e9achaint ar chraoladh beo chluiche na sinsear idir An Mh\u00ed agus Ciarra\u00ed.\",\"breadcrumb\":{\"@id\":\"https:\/\/dev.tg4.ie\/ga\/eolas\/preas\/nuacht-raitis\/2022-2\/dfheach-491000-ar-chluichi-ceannais-tg4-i-bpeil-na-mban-ar-tg4-de-domhnaigh\/#breadcrumb\"},\"inLanguage\":\"ga\",\"potentialAction\":[{\"@type\":\"ReadAction\",\"target\":[\"https:\/\/dev.tg4.ie\/ga\/eolas\/preas\/nuacht-raitis\/2022-2\/dfheach-491000-ar-chluichi-ceannais-tg4-i-bpeil-na-mban-ar-tg4-de-domhnaigh\/\"]}]},{\"@type\":\"ImageObject\",\"inLanguage\":\"ga\",\"@id\":\"https:\/\/dev.tg4.ie\/ga\/eolas\/preas\/nuacht-raitis\/2022-2\/dfheach-491000-ar-chluichi-ceannais-tg4-i-bpeil-na-mban-ar-tg4-de-domhnaigh\/#primaryimage\",\"url\":\"https:\/\/dev.tg4.ie\/wp-content\/uploads\/2022\/08\/An_Mhi_Buaiteoiri_CC_Peil_na_mBan_2022_1-1920x1080-1.jpg\",\"contentUrl\":\"https:\/\/dev.tg4.ie\/wp-content\/uploads\/2022\/08\/An_Mhi_Buaiteoiri_CC_Peil_na_mBan_2022_1-1920x1080-1.jpg\"},{\"@type\":\"BreadcrumbList\",\"@id\":\"https:\/\/dev.tg4.ie\/ga\/eolas\/preas\/nuacht-raitis\/2022-2\/dfheach-491000-ar-chluichi-ceannais-tg4-i-bpeil-na-mban-ar-tg4-de-domhnaigh\/#breadcrumb\",\"itemListElement\":[{\"@type\":\"ListItem\",\"position\":1,\"name\":\"Home\",\"item\":\"https:\/\/dev.tg4.ie\/ga\/\"},{\"@type\":\"ListItem\",\"position\":2,\"name\":\"Eolas\",\"item\":\"https:\/\/dev.tg4.ie\/ga\/eolas\/\"},{\"@type\":\"ListItem\",\"position\":3,\"name\":\"Preas\",\"item\":\"https:\/\/dev.tg4.ie\/ga\/eolas\/preas\/\"},{\"@type\":\"ListItem\",\"position\":4,\"name\":\"Nuacht R\u00e1itis\",\"item\":\"https:\/\/dev.tg4.ie\/ga\/eolas\/preas\/nuacht-raitis\/\"},{\"@type\":\"ListItem\",\"position\":5,\"name\":\"2022\",\"item\":\"https:\/\/dev.tg4.ie\/ga\/eolas\/preas\/nuacht-raitis\/2022-2\/\"},{\"@type\":\"ListItem\",\"position\":6,\"name\":\"D\u2019fh\u00e9ach 491,000 ar Chluich\u00ed Ceannais TG4 i bPeil na mBan ar TG4 D\u00e9 Domhnaigh\"}]},{\"@type\":\"WebSite\",\"@id\":\"https:\/\/dev.tg4.ie\/en\/#website\",\"url\":\"https:\/\/dev.tg4.ie\/en\/\",\"name\":\"TG4\",\"description\":\"S\u00fail Eile\",\"potentialAction\":[{\"@type\":\"SearchAction\",\"target\":{\"@type\":\"EntryPoint\",\"urlTemplate\":\"https:\/\/dev.tg4.ie\/en\/?s={search_term_string}\"},\"query-input\":\"required name=search_term_string\"}],\"inLanguage\":\"ga\"}]}<\/script>\n<!-- \/ Yoast SEO plugin. -->","yoast_head_json":{"title":"D\u2019fh\u00e9ach 491,000 ar Chluich\u00ed Ceannais TG4 i bPeil na mBan ar TG4 D\u00e9 Domhnaigh | Preas R\u00e1iteas | TG4","description":"De r\u00e9ir figi\u00fair\u00ed f\u00e9achana \u00f3 TAM Ireland, d\u2019fh\u00e9ach 491,000 duine ar chluich\u00ed ceannais TG4 i bPeil na mBan D\u00e9 Domhnaigh. Bh\u00ed me\u00e1n lucht f\u00e9achana de 204,900 ag f\u00e9achaint ar chraoladh beo chluiche na sinsear idir An Mh\u00ed agus Ciarra\u00ed.","robots":{"index":"index","follow":"follow","max-snippet":"max-snippet:-1","max-image-preview":"max-image-preview:large","max-video-preview":"max-video-preview:-1"},"og_locale":"en_US","og_type":"article","og_title":"D\u2019fh\u00e9ach 491,000 ar Chluich\u00ed Ceannais TG4 i bPeil na mBan ar TG4 D\u00e9 Domhnaigh | Preas R\u00e1iteas | TG4","og_description":"De r\u00e9ir figi\u00fair\u00ed f\u00e9achana \u00f3 TAM Ireland, d\u2019fh\u00e9ach 491,000 duine ar chluich\u00ed ceannais TG4 i bPeil na mBan D\u00e9 Domhnaigh. Bh\u00ed me\u00e1n lucht f\u00e9achana de 204,900 ag f\u00e9achaint ar chraoladh beo chluiche na sinsear idir An Mh\u00ed agus Ciarra\u00ed.","og_url":"https:\/\/dev.tg4.ie\/ga\/eolas\/preas\/nuacht-raitis\/2022-2\/dfheach-491000-ar-chluichi-ceannais-tg4-i-bpeil-na-mban-ar-tg4-de-domhnaigh\/","og_site_name":"TG4","article_publisher":"https:\/\/www.facebook.com\/TG4TV","og_image":[{"width":1920,"height":1080,"url":"https:\/\/tg4-docs.s3.amazonaws.com\/wp-content\/uploads\/2022\/08\/02141715\/An_Mhi_Buaiteoiri_CC_Peil_na_mBan_2022_1-1920x1080-1.jpg","type":"image\/jpeg"}],"twitter_card":"summary_large_image","twitter_image":"https:\/\/tg4-docs.s3.amazonaws.com\/wp-content\/uploads\/2022\/08\/02141715\/An_Mhi_Buaiteoiri_CC_Peil_na_mBan_2022_1-1920x1080-1.jpg","twitter_site":"@TG4TV","twitter_misc":{"Est. reading time":"3 minutes"},"schema":{"@context":"https:\/\/schema.org","@graph":[{"@type":"WebPage","@id":"https:\/\/dev.tg4.ie\/ga\/eolas\/preas\/nuacht-raitis\/2022-2\/dfheach-491000-ar-chluichi-ceannais-tg4-i-bpeil-na-mban-ar-tg4-de-domhnaigh\/","url":"https:\/\/dev.tg4.ie\/ga\/eolas\/preas\/nuacht-raitis\/2022-2\/dfheach-491000-ar-chluichi-ceannais-tg4-i-bpeil-na-mban-ar-tg4-de-domhnaigh\/","name":"D\u2019fh\u00e9ach 491,000 ar Chluich\u00ed Ceannais TG4 i bPeil na mBan ar TG4 D\u00e9 Domhnaigh | Preas R\u00e1iteas | TG4","isPartOf":{"@id":"https:\/\/dev.tg4.ie\/en\/#website"},"primaryImageOfPage":{"@id":"https:\/\/dev.tg4.ie\/ga\/eolas\/preas\/nuacht-raitis\/2022-2\/dfheach-491000-ar-chluichi-ceannais-tg4-i-bpeil-na-mban-ar-tg4-de-domhnaigh\/#primaryimage"},"image":{"@id":"https:\/\/dev.tg4.ie\/ga\/eolas\/preas\/nuacht-raitis\/2022-2\/dfheach-491000-ar-chluichi-ceannais-tg4-i-bpeil-na-mban-ar-tg4-de-domhnaigh\/#primaryimage"},"thumbnailUrl":"https:\/\/dev.tg4.ie\/wp-content\/uploads\/2022\/08\/An_Mhi_Buaiteoiri_CC_Peil_na_mBan_2022_1-1920x1080-1.jpg","datePublished":"2022-08-02T13:26:08+00:00","dateModified":"2022-08-02T13:26:08+00:00","description":"De r\u00e9ir figi\u00fair\u00ed f\u00e9achana \u00f3 TAM Ireland, d\u2019fh\u00e9ach 491,000 duine ar chluich\u00ed ceannais TG4 i bPeil na mBan D\u00e9 Domhnaigh. Bh\u00ed me\u00e1n lucht f\u00e9achana de 204,900 ag f\u00e9achaint ar chraoladh beo chluiche na sinsear idir An Mh\u00ed agus Ciarra\u00ed.","breadcrumb":{"@id":"https:\/\/dev.tg4.ie\/ga\/eolas\/preas\/nuacht-raitis\/2022-2\/dfheach-491000-ar-chluichi-ceannais-tg4-i-bpeil-na-mban-ar-tg4-de-domhnaigh\/#breadcrumb"},"inLanguage":"ga","potentialAction":[{"@type":"ReadAction","target":["https:\/\/dev.tg4.ie\/ga\/eolas\/preas\/nuacht-raitis\/2022-2\/dfheach-491000-ar-chluichi-ceannais-tg4-i-bpeil-na-mban-ar-tg4-de-domhnaigh\/"]}]},{"@type":"ImageObject","inLanguage":"ga","@id":"https:\/\/dev.tg4.ie\/ga\/eolas\/preas\/nuacht-raitis\/2022-2\/dfheach-491000-ar-chluichi-ceannais-tg4-i-bpeil-na-mban-ar-tg4-de-domhnaigh\/#primaryimage","url":"https:\/\/dev.tg4.ie\/wp-content\/uploads\/2022\/08\/An_Mhi_Buaiteoiri_CC_Peil_na_mBan_2022_1-1920x1080-1.jpg","contentUrl":"https:\/\/dev.tg4.ie\/wp-content\/uploads\/2022\/08\/An_Mhi_Buaiteoiri_CC_Peil_na_mBan_2022_1-1920x1080-1.jpg"},{"@type":"BreadcrumbList","@id":"https:\/\/dev.tg4.ie\/ga\/eolas\/preas\/nuacht-raitis\/2022-2\/dfheach-491000-ar-chluichi-ceannais-tg4-i-bpeil-na-mban-ar-tg4-de-domhnaigh\/#breadcrumb","itemListElement":[{"@type":"ListItem","position":1,"name":"Home","item":"https:\/\/dev.tg4.ie\/ga\/"},{"@type":"ListItem","position":2,"name":"Eolas","item":"https:\/\/dev.tg4.ie\/ga\/eolas\/"},{"@type":"ListItem","position":3,"name":"Preas","item":"https:\/\/dev.tg4.ie\/ga\/eolas\/preas\/"},{"@type":"ListItem","position":4,"name":"Nuacht R\u00e1itis","item":"https:\/\/dev.tg4.ie\/ga\/eolas\/preas\/nuacht-raitis\/"},{"@type":"ListItem","position":5,"name":"2022","item":"https:\/\/dev.tg4.ie\/ga\/eolas\/preas\/nuacht-raitis\/2022-2\/"},{"@type":"ListItem","position":6,"name":"D\u2019fh\u00e9ach 491,000 ar Chluich\u00ed Ceannais TG4 i bPeil na mBan ar TG4 D\u00e9 Domhnaigh"}]},{"@type":"WebSite","@id":"https:\/\/dev.tg4.ie\/en\/#website","url":"https:\/\/dev.tg4.ie\/en\/","name":"TG4","description":"S\u00fail Eile","potentialAction":[{"@type":"SearchAction","target":{"@type":"EntryPoint","urlTemplate":"https:\/\/dev.tg4.ie\/en\/?s={search_term_string}"},"query-input":"required name=search_term_string"}],"inLanguage":"ga"}]}},"_links":{"self":[{"href":"https:\/\/dev.tg4.ie\/ga\/wp-json\/wp\/v2\/pages\/171475"}],"collection":[{"href":"https:\/\/dev.tg4.ie\/ga\/wp-json\/wp\/v2\/pages"}],"about":[{"href":"https:\/\/dev.tg4.ie\/ga\/wp-json\/wp\/v2\/types\/page"}],"author":[{"embeddable":true,"href":"https:\/\/dev.tg4.ie\/ga\/wp-json\/wp\/v2\/users\/876"}],"replies":[{"embeddable":true,"href":"https:\/\/dev.tg4.ie\/ga\/wp-json\/wp\/v2\/comments?post=171475"}],"version-history":[{"count":0,"href":"https:\/\/dev.tg4.ie\/ga\/wp-json\/wp\/v2\/pages\/171475\/revisions"}],"up":[{"embeddable":true,"href":"https:\/\/dev.tg4.ie\/ga\/wp-json\/wp\/v2\/pages\/138171"}],"wp:attachment":[{"href":"https:\/\/dev.tg4.ie\/ga\/wp-json\/wp\/v2\/media?parent=171475"}],"curies":[{"name":"wp","href":"https:\/\/api.w.org\/{rel}","templated":true}]}}