{"id":171498,"date":"2022-08-03T09:44:12","date_gmt":"2022-08-03T08:44:12","guid":{"rendered":"https:\/\/dev.tg4.ie\/?page_id=171498"},"modified":"2022-08-03T09:44:12","modified_gmt":"2022-08-03T08:44:12","slug":"an-cailin-ciuin-roghnaithe-ag-ifta-do-na-oscars","status":"publish","type":"page","link":"https:\/\/dev.tg4.ie\/ga\/eolas\/preas\/nuacht-raitis\/2022-2\/an-cailin-ciuin-roghnaithe-ag-ifta-do-na-oscars\/","title":{"rendered":"An Cail\u00edn Ci\u00fain roghnaithe ag IFTA do na Oscars"},"content":{"rendered":"<p><img loading=\"lazy\" decoding=\"async\" width=\"1920\" height=\"1080\" src=\"https:\/\/tg4-docs.s3.amazonaws.com\/tg4-redesign-2015\/wp-content\/uploads\/2022\/02\/AnCailinCiuin_TheQuietGirl_Cait_Catherine_Clinch_2-1920x1080-1.jpg\" alt=\"\" class=\"alignleft size-full wp-image-141459\" srcset=\"https:\/\/tg4-docs.s3.amazonaws.com\/tg4-redesign-2015\/wp-content\/uploads\/2022\/02\/AnCailinCiuin_TheQuietGirl_Cait_Catherine_Clinch_2-1920x1080-1.jpg 1920w, https:\/\/tg4-docs.s3.amazonaws.com\/tg4-redesign-2015\/wp-content\/uploads\/2022\/02\/AnCailinCiuin_TheQuietGirl_Cait_Catherine_Clinch_2-1920x1080-1-250x141.jpg 250w, https:\/\/tg4-docs.s3.amazonaws.com\/tg4-redesign-2015\/wp-content\/uploads\/2022\/02\/AnCailinCiuin_TheQuietGirl_Cait_Catherine_Clinch_2-1920x1080-1-700x394.jpg 700w, https:\/\/tg4-docs.s3.amazonaws.com\/tg4-redesign-2015\/wp-content\/uploads\/2022\/02\/AnCailinCiuin_TheQuietGirl_Cait_Catherine_Clinch_2-1920x1080-1-252x141.jpg 252w, https:\/\/tg4-docs.s3.amazonaws.com\/tg4-redesign-2015\/wp-content\/uploads\/2022\/02\/AnCailinCiuin_TheQuietGirl_Cait_Catherine_Clinch_2-1920x1080-1-1536x864.jpg 1536w, https:\/\/tg4-docs.s3.amazonaws.com\/tg4-redesign-2015\/wp-content\/uploads\/2022\/02\/AnCailinCiuin_TheQuietGirl_Cait_Catherine_Clinch_2-1920x1080-1-120x68.jpg 120w\" sizes=\"(max-width: 1920px) 100vw, 1920px\" \/><br \/>\n&nbsp;<\/p>\n<div style=\"position: relative; overflow: auto; width: 100%; padding-bottom: 56.25%;\"><iframe loading=\"lazy\" src=\"https:\/\/www.youtube.com\/embed\/uOLJqEJI_-o\" width=\"100%\" height=\"100%\" frameborder=\"0\" scrolling=\"no\" allowFullscreen=\"true\" style=\"position: absolute; top: 0px; display: block;\"><\/iframe><\/div>\n<p>&nbsp;<br \/>\nT\u00e1 s\u00e9 f\u00f3gartha ag IFTA inniu gurb \u00e9 an scann\u00e1n An Cail\u00edn Ci\u00fain at\u00e1 roghnaithe mar iontr\u00e1il na h\u00c9ireann do na Oscars sa chatag\u00f3ir \u2018Pr\u00edomhscann\u00e1n Idirn\u00e1isi\u00fanta is Fearr\u2019.  Is \u00e9 seo an tr\u00ed\u00fa bliain as a ch\u00e9ile a bhfuil scann\u00e1n \u00f3n sc\u00e9im CINE4 roghnaithe ag IFTA le cur ar aghaidh ag na Gradaim Oscars.<br \/>\n&nbsp;<br \/>\nIs \u00e9 An Cail\u00edn Ci\u00fain an ch\u00e9ad scann\u00e1n fada \u00f3n scr\u00edbhneoir agus sti\u00farth\u00f3ir, Colm Bair\u00e9ad agus \u00f3n l\u00e9iritheoir, Cleona N\u00ed Chrualaoi \u00f3 Insc\u00e9al bunaithe ar an leabhar \u2018Foster\u2019 le Claire Keegan.  Sc\u00e9al casta, cigilteach is ea \u00e9 faoi theacht in aois a dh\u00e9anann ini\u00fachadh ar cheisteanna teaghlaigh, neamairt agus cumha tr\u00ed sh\u00faile a phr\u00edomhcharachtair \u00f3ig.<br \/>\n&nbsp;<\/p>\n<p>Taispe\u00e1nadh An Cail\u00edn Ci\u00fain den ch\u00e9ad uair ag F\u00e9ile Scann\u00e1n Idirn\u00e1isi\u00fanta Bheirl\u00edn Berlinale i M\u00ed Feabhra agus bhain s\u00e9 Duais an Grand Prix of the Generation Kplus don Scann\u00e1n Is Fearr amach ann. Chuir An Cail\u00edn Ci\u00fain t\u00fas le F\u00e9ile Scann\u00e1n Idirn\u00e1isi\u00fanta Bhaile \u00c1tha Cliath Virgin Media i mbliana freisin, an ch\u00e9ad uair a bhfuil t\u00fas curtha ag scann\u00e1n Gaeilge leis an bhf\u00e9ile agus bronnadh gradam don scann\u00e1n \u00c9ireannach is Fearr agus Duais an Lucht F\u00e9achana air. Ag na Gradaim IFTA i M\u00ed M\u00e1rta, bronnadh ocht ngradam ar fad ar an scann\u00e1n; \u2018Scann\u00e1n is Fearr\u2019, \u2018Sti\u00farth\u00f3ir is Fearr\u2019 agus \u2018Ban-Aisteoir is Fearr\u2019 ina measc.  T\u00e1 an scann\u00e1n f\u00f3s sna picti\u00farlanna in \u00c9irinn agus sa Bhreatain \u00f3 eis\u00edodh \u00e9 i M\u00ed Bealtaine agus t\u00e1 os cionn \u20ac800,000 caite ag oifig na dtic\u00e9ad go dt\u00ed seo. T\u00e1 s\u00e9 ar taispe\u00e1int freisin sa Nua Sh\u00e9alainn agus beidh s\u00e9 \u00e1 eisi\u00faint i M\u00ed Me\u00e1n F\u00f3mhair san Astr\u00e1il, chomh maith le bheith ar taispe\u00e1int ag f\u00e9ilte scann\u00e1n idirn\u00e1isi\u00fanta eile sa T\u00e9av\u00e1in \u00e1it ar bronnadh Gradam an Lucht F\u00e9achana air ag F\u00e9ile Scann\u00e1n Taipei, i Hong Cong agus F\u00e9ile Scann\u00e1n Sydney.<br \/>\n&nbsp;<\/p>\n<p>T\u00e1 l\u00e9irmheast\u00f3ir\u00ed agus an lucht f\u00e9achana ar aon fhocal faoin scann\u00e1n agus c\u00faig r\u00e9alta \u00e1 dtabhairt acu araon.<br \/>\n&nbsp;<\/p>\n<p>Ins\u00edonn \u2018An Cail\u00edn Ci\u00fain\u2019\u202fsc\u00e9al Ch\u00e1it (Catherine Clinch) \u2013 cail\u00edn \u00f3g naoi mbliana d\u2019aois \u00f3 theaghlach at\u00e1 r\u00f3phl\u00f3daithe, m\u00edfheidhmi\u00fail agus a chuirtear ar shi\u00fal chun c\u00f3na\u00ed le tuismitheoir\u00ed altrama don samhradh. D\u2019ainneoin f\u00e1ilte chro\u00ed\u00fail \u00f3n bhean, Eibhl\u00edn (Carrie Crowley), d\u2019fhan fear an t\u00ed, Se\u00e1n (Andrew Bennett) amach \u00f3 Ch\u00e1it, agus \u00edse uaidhsean, ach le himeacht ama thosaigh cairdeas ag neart\u00fa eatarthu. Go mall, faoi ch\u00faram na gCinsealach, bl\u00e1tha\u00edonn C\u00e1it agus aims\u00edonn s\u00ed sl\u00ed \u00far beatha. Ach sa teach seo n\u00e1r ch\u00f3ir aon r\u00fain a bheith ann, tagann s\u00ed ar aon fh\u00edrinne phianmhar amh\u00e1in.<br \/>\n&nbsp;<\/p>\n<p>D\u00fairt <strong>Mary Ellen N\u00ed Chual\u00e1in, Bainisteoir Coimisi\u00fanaithe TG4<\/strong>, <em>&#8220;Comhghairdeas \u00f3 chro\u00ed le Insc\u00e9al, le Colm agus Cleona, leis an gcliar agus le gach duine a raibh p\u00e1irt acu in An Cail\u00edn Ci\u00fain as bheith roghnaithe d\u2019iontr\u00e1il na h\u00c9ireann ag na Oscars.  Ba mhaith liom comhghairdeas a dh\u00e9anamh freisin le M\u00e1ire N\u00ed Chonl\u00e1in, L\u00e9iritheoir Feidhmi\u00fach\u00e1in an scann\u00e1in i TG4 agus len\u00e1r gcomhleacaithe i bhF\u00eds \u00c9ireann agus in \u00dadar\u00e1s Craolach\u00e1in na h\u00c9ireann. T\u00e1 An Cail\u00edn Ci\u00fain tar \u00e9is dul i bhfeidhm go m\u00f3r ar gach duine a bhfuil s\u00e9 feicthe acu go dt\u00ed seo, anseo sa mbaile agus ar lucht f\u00e9achana ar fud an domhain sa mBreatain, an Eoraip, An Nua-Sh\u00e9alainn, An T\u00e9av\u00e1in agus An Astr\u00e1il.  Is l\u00e9ir go bhfuil ag \u00e9ir\u00ed le sc\u00e9im Cine4 tionscal scann\u00e1n na Gaeilge a fhorbairt agus t\u00e1 TG4 thar a bheith br\u00f3d\u00fail as sin.&#8221; <\/em><br \/>\n&nbsp;<\/p>\n<p>D\u00fairt <strong>M\u00e1ire N\u00ed Chonl\u00e1in, L\u00e9iritheoir Feidhmi\u00fach\u00e1in TG4<\/strong>, <em>\u201cIs de bharr fh\u00eds agus tallann na beirte, Colm agus Cleona a bhfuil An Cail\u00edn Ci\u00fain roghnaithe d\u2019iontr\u00e1il na h\u00c9ireann do na Oscars. T\u00e1 seoid de scann\u00e1n cruthuithe acu, agus scoth na n-aisteoir\u00ed agus cri\u00fa p\u00e1irteach ann. T\u00e1 s\u00e9 tuillte ag gach duine d\u00edobh. Treasla\u00edm a n-ainmni\u00fach\u00e1n leo.  Go maire siad a nuacht.\u201d<\/em><br \/>\n&nbsp;<\/p>\n<p>D\u00fairt <strong>Scr\u00edbhneoir\/Sti\u00farth\u00f3ir, Colm Bair\u00e9ad agus L\u00e9iritheoir, Cleona N\u00ed Chrualaoi<\/strong> \u00f3 Insc\u00e9al <em>&#8220;Is m\u00f3r an on\u00f3ir d\u00fainn go bhfuil An Cail\u00edn Ci\u00fain roghnaithe d&#8217;iontr\u00e1il na h\u00c9ireann don 95\u00fa Gradaim na hAcadamh sa chatag\u00f3ir Fadscann\u00e1n Idirn\u00e1isi\u00fanta is Fearr. \u00c1r mbu\u00edochas \u00f3 chro\u00ed le IFTA agus a choiste roghn\u00fach\u00e1in. Chreideamar i gc\u00f3na\u00ed sa smaoineamh go bhf\u00e9adfadh scann\u00e1n Gaeilge seasamh gualainn ar ghualainn le scoth na scann\u00e1na\u00edochta domhanda agus motha\u00edmid chomh br\u00f3d\u00fail as a bheith ag d\u00e9anamh ionada\u00edochta thar ceann \u00e1r dt\u00edr agus \u00e1r dteanga ar an mbealach seo. Ba mh\u00f3r an phribhl\u00e9id \u00e9 \u201cFoster\u201d le Claire Keegan a chur in oiri\u00faint don sc\u00e1ile\u00e1n m\u00f3r agus n\u00ed f\u00e9idir linn fanacht len\u00e1r scann\u00e1n a chur os comhair baill den Acadamh agus An Cail\u00edn Ci\u00fain ag lean\u00faint lena leathadh amach ar an ard\u00e1n idirn\u00e1isi\u00fanta. N\u00ed bheadh aon chuid de seo ind\u00e9anta gan f\u00eds TG4, F\u00eds \u00c9ireann agus \u00dadar\u00e1s Craolach\u00e1in na h\u00c9ireann a chomh-mhaoinigh an sc\u00e9im cheannr\u00f3da\u00edoch Cine4, a bhfuil gl\u00fain nua de scann\u00e1in Ghaeilge cruthaithe aige at\u00e1 \u00e1 aithint ar fud an domhain.&#8221;<\/em><\/p>\n<p>&nbsp;<\/p>\n","protected":false},"excerpt":{"rendered":"<p>&nbsp; &nbsp; T\u00e1 s\u00e9 f\u00f3gartha ag IFTA inniu gurb \u00e9 an scann\u00e1n An Cail\u00edn Ci\u00fain at\u00e1 roghnaithe mar iontr\u00e1il na h\u00c9ireann do na Oscars sa chatag\u00f3ir \u2018Pr\u00edomhscann\u00e1n Idirn\u00e1isi\u00fanta is Fearr\u2019. Is \u00e9 seo an tr\u00ed\u00fa bliain as a ch\u00e9ile a bhfuil scann\u00e1n \u00f3n sc\u00e9im CINE4 roghnaithe ag IFTA le cur ar aghaidh ag na Gradaim [&hellip;]<\/p>\n","protected":false},"author":876,"featured_media":0,"parent":138171,"menu_order":25,"comment_status":"closed","ping_status":"closed","template":"page-templates\/template-pr.php","meta":{"_acf_changed":false,"footnotes":""},"acf":[],"yoast_head":"<!-- This site is optimized with the Yoast SEO plugin v22.6 - https:\/\/yoast.com\/wordpress\/plugins\/seo\/ -->\n<title>An Cail\u00edn Ci\u00fain roghnaithe ag IFTA do na Oscars | Preas R\u00e1iteas | TG4<\/title>\n<meta name=\"description\" content=\"T\u00e1 s\u00e9 f\u00f3gartha ag IFTA inniu gurb \u00e9 an scann\u00e1n An Cail\u00edn Ci\u00fain at\u00e1 roghnaithe mar iontr\u00e1il na h\u00c9ireann do na Oscars sa chatag\u00f3ir \u2018Pr\u00edomhscann\u00e1n Idirn\u00e1isi\u00fanta is Fearr\u2019.\" \/>\n<meta name=\"robots\" content=\"index, follow, max-snippet:-1, max-image-preview:large, max-video-preview:-1\" \/>\n<meta property=\"og:locale\" content=\"en_US\" \/>\n<meta property=\"og:type\" content=\"article\" \/>\n<meta property=\"og:title\" content=\"An Cail\u00edn Ci\u00fain roghnaithe ag IFTA do na Oscars | Preas R\u00e1iteas | TG4\" \/>\n<meta property=\"og:description\" content=\"T\u00e1 s\u00e9 f\u00f3gartha ag IFTA inniu gurb \u00e9 an scann\u00e1n An Cail\u00edn Ci\u00fain at\u00e1 roghnaithe mar iontr\u00e1il na h\u00c9ireann do na Oscars sa chatag\u00f3ir \u2018Pr\u00edomhscann\u00e1n Idirn\u00e1isi\u00fanta is Fearr\u2019.\" \/>\n<meta property=\"og:url\" content=\"https:\/\/dev.tg4.ie\/ga\/eolas\/preas\/nuacht-raitis\/2022-2\/an-cailin-ciuin-roghnaithe-ag-ifta-do-na-oscars\/\" \/>\n<meta property=\"og:site_name\" content=\"TG4\" \/>\n<meta property=\"article:publisher\" content=\"https:\/\/www.facebook.com\/TG4TV\" \/>\n<meta property=\"og:image\" content=\"https:\/\/tg4-docs.s3.amazonaws.com\/tg4-redesign-2015\/wp-content\/uploads\/2022\/02\/AnCailinCiuin_TheQuietGirl_Cait_Catherine_Clinch_2-1920x1080-1.jpg\" \/>\n\t<meta property=\"og:image:width\" content=\"1920\" \/>\n\t<meta property=\"og:image:height\" content=\"1080\" \/>\n\t<meta property=\"og:image:type\" content=\"image\/jpeg\" \/>\n<meta name=\"twitter:card\" content=\"summary_large_image\" \/>\n<meta name=\"twitter:image\" content=\"https:\/\/tg4-docs.s3.amazonaws.com\/tg4-redesign-2015\/wp-content\/uploads\/2022\/02\/AnCailinCiuin_TheQuietGirl_Cait_Catherine_Clinch_2-1920x1080-1.jpg\" \/>\n<meta name=\"twitter:site\" content=\"@TG4TV\" \/>\n<meta name=\"twitter:label1\" content=\"Est. reading time\" \/>\n\t<meta name=\"twitter:data1\" content=\"3 minutes\" \/>\n<script type=\"application\/ld+json\" class=\"yoast-schema-graph\">{\"@context\":\"https:\/\/schema.org\",\"@graph\":[{\"@type\":\"WebPage\",\"@id\":\"https:\/\/dev.tg4.ie\/ga\/eolas\/preas\/nuacht-raitis\/2022-2\/an-cailin-ciuin-roghnaithe-ag-ifta-do-na-oscars\/\",\"url\":\"https:\/\/dev.tg4.ie\/ga\/eolas\/preas\/nuacht-raitis\/2022-2\/an-cailin-ciuin-roghnaithe-ag-ifta-do-na-oscars\/\",\"name\":\"An Cail\u00edn Ci\u00fain roghnaithe ag IFTA do na Oscars | Preas R\u00e1iteas | TG4\",\"isPartOf\":{\"@id\":\"https:\/\/dev.tg4.ie\/en\/#website\"},\"primaryImageOfPage\":{\"@id\":\"https:\/\/dev.tg4.ie\/ga\/eolas\/preas\/nuacht-raitis\/2022-2\/an-cailin-ciuin-roghnaithe-ag-ifta-do-na-oscars\/#primaryimage\"},\"image\":{\"@id\":\"https:\/\/dev.tg4.ie\/ga\/eolas\/preas\/nuacht-raitis\/2022-2\/an-cailin-ciuin-roghnaithe-ag-ifta-do-na-oscars\/#primaryimage\"},\"thumbnailUrl\":\"https:\/\/dev.tg4.ie\/wp-content\/uploads\/2022\/02\/AnCailinCiuin_TheQuietGirl_Cait_Catherine_Clinch_2-1920x1080-1.jpg\",\"datePublished\":\"2022-08-03T08:44:12+00:00\",\"dateModified\":\"2022-08-03T08:44:12+00:00\",\"description\":\"T\u00e1 s\u00e9 f\u00f3gartha ag IFTA inniu gurb \u00e9 an scann\u00e1n An Cail\u00edn Ci\u00fain at\u00e1 roghnaithe mar iontr\u00e1il na h\u00c9ireann do na Oscars sa chatag\u00f3ir \u2018Pr\u00edomhscann\u00e1n Idirn\u00e1isi\u00fanta is Fearr\u2019.\",\"breadcrumb\":{\"@id\":\"https:\/\/dev.tg4.ie\/ga\/eolas\/preas\/nuacht-raitis\/2022-2\/an-cailin-ciuin-roghnaithe-ag-ifta-do-na-oscars\/#breadcrumb\"},\"inLanguage\":\"ga\",\"potentialAction\":[{\"@type\":\"ReadAction\",\"target\":[\"https:\/\/dev.tg4.ie\/ga\/eolas\/preas\/nuacht-raitis\/2022-2\/an-cailin-ciuin-roghnaithe-ag-ifta-do-na-oscars\/\"]}]},{\"@type\":\"ImageObject\",\"inLanguage\":\"ga\",\"@id\":\"https:\/\/dev.tg4.ie\/ga\/eolas\/preas\/nuacht-raitis\/2022-2\/an-cailin-ciuin-roghnaithe-ag-ifta-do-na-oscars\/#primaryimage\",\"url\":\"https:\/\/dev.tg4.ie\/wp-content\/uploads\/2022\/02\/AnCailinCiuin_TheQuietGirl_Cait_Catherine_Clinch_2-1920x1080-1.jpg\",\"contentUrl\":\"https:\/\/dev.tg4.ie\/wp-content\/uploads\/2022\/02\/AnCailinCiuin_TheQuietGirl_Cait_Catherine_Clinch_2-1920x1080-1.jpg\"},{\"@type\":\"BreadcrumbList\",\"@id\":\"https:\/\/dev.tg4.ie\/ga\/eolas\/preas\/nuacht-raitis\/2022-2\/an-cailin-ciuin-roghnaithe-ag-ifta-do-na-oscars\/#breadcrumb\",\"itemListElement\":[{\"@type\":\"ListItem\",\"position\":1,\"name\":\"Home\",\"item\":\"https:\/\/dev.tg4.ie\/ga\/\"},{\"@type\":\"ListItem\",\"position\":2,\"name\":\"Eolas\",\"item\":\"https:\/\/dev.tg4.ie\/ga\/eolas\/\"},{\"@type\":\"ListItem\",\"position\":3,\"name\":\"Preas\",\"item\":\"https:\/\/dev.tg4.ie\/ga\/eolas\/preas\/\"},{\"@type\":\"ListItem\",\"position\":4,\"name\":\"Nuacht R\u00e1itis\",\"item\":\"https:\/\/dev.tg4.ie\/ga\/eolas\/preas\/nuacht-raitis\/\"},{\"@type\":\"ListItem\",\"position\":5,\"name\":\"2022\",\"item\":\"https:\/\/dev.tg4.ie\/ga\/eolas\/preas\/nuacht-raitis\/2022-2\/\"},{\"@type\":\"ListItem\",\"position\":6,\"name\":\"An Cail\u00edn Ci\u00fain roghnaithe ag IFTA do na Oscars\"}]},{\"@type\":\"WebSite\",\"@id\":\"https:\/\/dev.tg4.ie\/en\/#website\",\"url\":\"https:\/\/dev.tg4.ie\/en\/\",\"name\":\"TG4\",\"description\":\"S\u00fail Eile\",\"potentialAction\":[{\"@type\":\"SearchAction\",\"target\":{\"@type\":\"EntryPoint\",\"urlTemplate\":\"https:\/\/dev.tg4.ie\/en\/?s={search_term_string}\"},\"query-input\":\"required name=search_term_string\"}],\"inLanguage\":\"ga\"}]}<\/script>\n<!-- \/ Yoast SEO plugin. -->","yoast_head_json":{"title":"An Cail\u00edn Ci\u00fain roghnaithe ag IFTA do na Oscars | Preas R\u00e1iteas | TG4","description":"T\u00e1 s\u00e9 f\u00f3gartha ag IFTA inniu gurb \u00e9 an scann\u00e1n An Cail\u00edn Ci\u00fain at\u00e1 roghnaithe mar iontr\u00e1il na h\u00c9ireann do na Oscars sa chatag\u00f3ir \u2018Pr\u00edomhscann\u00e1n Idirn\u00e1isi\u00fanta is Fearr\u2019.","robots":{"index":"index","follow":"follow","max-snippet":"max-snippet:-1","max-image-preview":"max-image-preview:large","max-video-preview":"max-video-preview:-1"},"og_locale":"en_US","og_type":"article","og_title":"An Cail\u00edn Ci\u00fain roghnaithe ag IFTA do na Oscars | Preas R\u00e1iteas | TG4","og_description":"T\u00e1 s\u00e9 f\u00f3gartha ag IFTA inniu gurb \u00e9 an scann\u00e1n An Cail\u00edn Ci\u00fain at\u00e1 roghnaithe mar iontr\u00e1il na h\u00c9ireann do na Oscars sa chatag\u00f3ir \u2018Pr\u00edomhscann\u00e1n Idirn\u00e1isi\u00fanta is Fearr\u2019.","og_url":"https:\/\/dev.tg4.ie\/ga\/eolas\/preas\/nuacht-raitis\/2022-2\/an-cailin-ciuin-roghnaithe-ag-ifta-do-na-oscars\/","og_site_name":"TG4","article_publisher":"https:\/\/www.facebook.com\/TG4TV","og_image":[{"width":1920,"height":1080,"url":"https:\/\/tg4-docs.s3.amazonaws.com\/tg4-redesign-2015\/wp-content\/uploads\/2022\/02\/AnCailinCiuin_TheQuietGirl_Cait_Catherine_Clinch_2-1920x1080-1.jpg","type":"image\/jpeg"}],"twitter_card":"summary_large_image","twitter_image":"https:\/\/tg4-docs.s3.amazonaws.com\/tg4-redesign-2015\/wp-content\/uploads\/2022\/02\/AnCailinCiuin_TheQuietGirl_Cait_Catherine_Clinch_2-1920x1080-1.jpg","twitter_site":"@TG4TV","twitter_misc":{"Est. reading time":"3 minutes"},"schema":{"@context":"https:\/\/schema.org","@graph":[{"@type":"WebPage","@id":"https:\/\/dev.tg4.ie\/ga\/eolas\/preas\/nuacht-raitis\/2022-2\/an-cailin-ciuin-roghnaithe-ag-ifta-do-na-oscars\/","url":"https:\/\/dev.tg4.ie\/ga\/eolas\/preas\/nuacht-raitis\/2022-2\/an-cailin-ciuin-roghnaithe-ag-ifta-do-na-oscars\/","name":"An Cail\u00edn Ci\u00fain roghnaithe ag IFTA do na Oscars | Preas R\u00e1iteas | TG4","isPartOf":{"@id":"https:\/\/dev.tg4.ie\/en\/#website"},"primaryImageOfPage":{"@id":"https:\/\/dev.tg4.ie\/ga\/eolas\/preas\/nuacht-raitis\/2022-2\/an-cailin-ciuin-roghnaithe-ag-ifta-do-na-oscars\/#primaryimage"},"image":{"@id":"https:\/\/dev.tg4.ie\/ga\/eolas\/preas\/nuacht-raitis\/2022-2\/an-cailin-ciuin-roghnaithe-ag-ifta-do-na-oscars\/#primaryimage"},"thumbnailUrl":"https:\/\/dev.tg4.ie\/wp-content\/uploads\/2022\/02\/AnCailinCiuin_TheQuietGirl_Cait_Catherine_Clinch_2-1920x1080-1.jpg","datePublished":"2022-08-03T08:44:12+00:00","dateModified":"2022-08-03T08:44:12+00:00","description":"T\u00e1 s\u00e9 f\u00f3gartha ag IFTA inniu gurb \u00e9 an scann\u00e1n An Cail\u00edn Ci\u00fain at\u00e1 roghnaithe mar iontr\u00e1il na h\u00c9ireann do na Oscars sa chatag\u00f3ir \u2018Pr\u00edomhscann\u00e1n Idirn\u00e1isi\u00fanta is Fearr\u2019.","breadcrumb":{"@id":"https:\/\/dev.tg4.ie\/ga\/eolas\/preas\/nuacht-raitis\/2022-2\/an-cailin-ciuin-roghnaithe-ag-ifta-do-na-oscars\/#breadcrumb"},"inLanguage":"ga","potentialAction":[{"@type":"ReadAction","target":["https:\/\/dev.tg4.ie\/ga\/eolas\/preas\/nuacht-raitis\/2022-2\/an-cailin-ciuin-roghnaithe-ag-ifta-do-na-oscars\/"]}]},{"@type":"ImageObject","inLanguage":"ga","@id":"https:\/\/dev.tg4.ie\/ga\/eolas\/preas\/nuacht-raitis\/2022-2\/an-cailin-ciuin-roghnaithe-ag-ifta-do-na-oscars\/#primaryimage","url":"https:\/\/dev.tg4.ie\/wp-content\/uploads\/2022\/02\/AnCailinCiuin_TheQuietGirl_Cait_Catherine_Clinch_2-1920x1080-1.jpg","contentUrl":"https:\/\/dev.tg4.ie\/wp-content\/uploads\/2022\/02\/AnCailinCiuin_TheQuietGirl_Cait_Catherine_Clinch_2-1920x1080-1.jpg"},{"@type":"BreadcrumbList","@id":"https:\/\/dev.tg4.ie\/ga\/eolas\/preas\/nuacht-raitis\/2022-2\/an-cailin-ciuin-roghnaithe-ag-ifta-do-na-oscars\/#breadcrumb","itemListElement":[{"@type":"ListItem","position":1,"name":"Home","item":"https:\/\/dev.tg4.ie\/ga\/"},{"@type":"ListItem","position":2,"name":"Eolas","item":"https:\/\/dev.tg4.ie\/ga\/eolas\/"},{"@type":"ListItem","position":3,"name":"Preas","item":"https:\/\/dev.tg4.ie\/ga\/eolas\/preas\/"},{"@type":"ListItem","position":4,"name":"Nuacht R\u00e1itis","item":"https:\/\/dev.tg4.ie\/ga\/eolas\/preas\/nuacht-raitis\/"},{"@type":"ListItem","position":5,"name":"2022","item":"https:\/\/dev.tg4.ie\/ga\/eolas\/preas\/nuacht-raitis\/2022-2\/"},{"@type":"ListItem","position":6,"name":"An Cail\u00edn Ci\u00fain roghnaithe ag IFTA do na Oscars"}]},{"@type":"WebSite","@id":"https:\/\/dev.tg4.ie\/en\/#website","url":"https:\/\/dev.tg4.ie\/en\/","name":"TG4","description":"S\u00fail Eile","potentialAction":[{"@type":"SearchAction","target":{"@type":"EntryPoint","urlTemplate":"https:\/\/dev.tg4.ie\/en\/?s={search_term_string}"},"query-input":"required name=search_term_string"}],"inLanguage":"ga"}]}},"_links":{"self":[{"href":"https:\/\/dev.tg4.ie\/ga\/wp-json\/wp\/v2\/pages\/171498"}],"collection":[{"href":"https:\/\/dev.tg4.ie\/ga\/wp-json\/wp\/v2\/pages"}],"about":[{"href":"https:\/\/dev.tg4.ie\/ga\/wp-json\/wp\/v2\/types\/page"}],"author":[{"embeddable":true,"href":"https:\/\/dev.tg4.ie\/ga\/wp-json\/wp\/v2\/users\/876"}],"replies":[{"embeddable":true,"href":"https:\/\/dev.tg4.ie\/ga\/wp-json\/wp\/v2\/comments?post=171498"}],"version-history":[{"count":0,"href":"https:\/\/dev.tg4.ie\/ga\/wp-json\/wp\/v2\/pages\/171498\/revisions"}],"up":[{"embeddable":true,"href":"https:\/\/dev.tg4.ie\/ga\/wp-json\/wp\/v2\/pages\/138171"}],"wp:attachment":[{"href":"https:\/\/dev.tg4.ie\/ga\/wp-json\/wp\/v2\/media?parent=171498"}],"curies":[{"name":"wp","href":"https:\/\/api.w.org\/{rel}","templated":true}]}}