{"id":171621,"date":"2022-08-10T16:31:59","date_gmt":"2022-08-10T15:31:59","guid":{"rendered":"https:\/\/dev.tg4.ie\/?page_id=171621"},"modified":"2022-08-10T16:53:36","modified_gmt":"2022-08-10T15:53:36","slug":"na-ratai-is-airde-dfhleadh-cheoil-na-heireann-ar-tg4-o-bhi-2017-ann","status":"publish","type":"page","link":"https:\/\/dev.tg4.ie\/ga\/eolas\/preas\/nuacht-raitis\/2022-2\/na-ratai-is-airde-dfhleadh-cheoil-na-heireann-ar-tg4-o-bhi-2017-ann\/","title":{"rendered":"Na r\u00e1ta\u00ed is airde d\u2019Fhleadh Cheoil na h\u00c9ireann ar TG4 \u00f3 bh\u00ed 2017 ann"},"content":{"rendered":"<p><img loading=\"lazy\" decoding=\"async\" width=\"1920\" height=\"1080\" src=\"https:\/\/tg4-docs.s3.amazonaws.com\/wp-content\/uploads\/2022\/08\/10162457\/Fleadh_2022-Beo_Laithreoiri_1_1920x1080.jpg\" alt=\"\" class=\"alignleft size-full wp-image-171622\" srcset=\"https:\/\/tg4-docs.s3.amazonaws.com\/wp-content\/uploads\/2022\/08\/10162457\/Fleadh_2022-Beo_Laithreoiri_1_1920x1080.jpg 1920w, https:\/\/tg4-docs.s3.amazonaws.com\/wp-content\/uploads\/2022\/08\/10162457\/Fleadh_2022-Beo_Laithreoiri_1_1920x1080-250x141.jpg 250w, https:\/\/tg4-docs.s3.amazonaws.com\/wp-content\/uploads\/2022\/08\/10162457\/Fleadh_2022-Beo_Laithreoiri_1_1920x1080-700x394.jpg 700w, https:\/\/tg4-docs.s3.amazonaws.com\/wp-content\/uploads\/2022\/08\/10162457\/Fleadh_2022-Beo_Laithreoiri_1_1920x1080-252x141.jpg 252w, https:\/\/tg4-docs.s3.amazonaws.com\/wp-content\/uploads\/2022\/08\/10162457\/Fleadh_2022-Beo_Laithreoiri_1_1920x1080-1536x864.jpg 1536w, https:\/\/tg4-docs.s3.amazonaws.com\/wp-content\/uploads\/2022\/08\/10162457\/Fleadh_2022-Beo_Laithreoiri_1_1920x1080-120x68.jpg 120w\" sizes=\"(max-width: 1920px) 100vw, 1920px\" \/><br \/>\n&nbsp;<\/p>\n<p>Tar \u00e9is briseadh dh\u00e1 bhliain, bh\u00ed Fleadh Cheoil na h\u00c9ireann ar ais sa Mhuileann gCearr, \u00e1it ar tosa\u00edodh \u00ed i 1951.  Chraol TG4 beo \u00f3n bhFleadh gach o\u00edche \u00f3 D\u00e9 hAoine an 5 L\u00fanasa go dt\u00ed D\u00e9 D\u00f3mhnaigh an 7 L\u00fanasa ar feadh n\u00f3cha n\u00f3im\u00e9ad gach o\u00edche.  Bh\u00ed na l\u00e1ithreoir\u00ed Daith\u00ed \u00d3 S\u00e9 agus Doireann N\u00ed Ghlac\u00e1in i dteannta Peadar \u00d3 Goill agus Maggie Carthy agus scoth ceolt\u00f3ir\u00ed cumasacha na h\u00c9ireann, Martin Hayes, John Francis Flynn, Inni-K, An\u00fana, Liz Carroll, At The Racket, Kila, 3 On The Bund, agus neart eile ina measc.<br \/>\n&nbsp;<br \/>\nBa \u00ed Fleadh 2022 an Fhleadh Cheoil is m\u00f3 lucht f\u00e9achana ar TG4 \u00f3 bh\u00ed 2017 ann, agus t\u00e1 s\u00ed ar cheann de na sraitheanna is m\u00f3 ar \u00e9irigh l\u00e9i \u00f3 thosaigh TG4 ag craoladh \u00f3 Fhleadh Cheoil na h\u00c9ireann in 2013. Chraol TG4 breis agus aon uair d\u00e9ag san ioml\u00e1n \u00f3 Fhleadh Cheoil na h\u00c9ireann i mbliana, ceithre chl\u00e1r \u00f3 na babhta\u00ed ceannais c\u00faige i m\u00ed I\u00fail ina measc sin.<br \/>\n&nbsp;<br \/>\nD\u2019fh\u00e9ach 413,000 duine ar an tsraith ar an deireadh seachtaine ar TG4.  Ba \u00e9 cl\u00e1r o\u00edche D\u00e9 Domhnaigh an 9 L\u00fanasa an cl\u00e1r ba mh\u00f3 f\u00e9achana, le sciar 9% den lucht f\u00e9achana, agus d&#8217;fh\u00e9ach 76,200 duine ar an me\u00e1n air. Ba \u00e9 111,000 duine an l\u00edon ba mh\u00f3 daoine a d\u2019fh\u00e9ach ar an gcl\u00e1r ag aon am amh\u00e1in, agus \u00e9 sin ag tarl\u00fa leathbhealach tr\u00ed chl\u00e1r o\u00edche D\u00e9 Domhnaigh.  Ghlac an pobal ar l\u00edne, ar \u00e1ir\u00edodh daoine \u00f3 gach cearn den domhan ann, p\u00e1irt sa spraoi uile ar na me\u00e1in sh\u00f3isialta, ag cruth\u00fa a gcuid \u00e1bhair TikTok f\u00e9in agus ag \u00fas\u00e1id na haischlibe #Fleadh2022. T\u00e1 an haischlib luaite breis agus 33 milli\u00fan uair, agus tugadh breis agus 2 milli\u00fan cuairt uirthi go dt\u00ed seo ar na hard\u00e1in me\u00e1n s\u00f3isialta.  Bh\u00ed com\u00f3rtais na Fleidhe Ceoil \u00e1 sruth\u00fa beo ar Sheinnteoir TG4 agus ar leathanaigh Facebook na Fleidhe Ceoil, agus d\u2019fh\u00e9ach breis agus 100,000 duine ar na sruthanna.  D\u2019fh\u00e9ach breis agus 12,000 duine ar Fhleadh 2022 ar Sheinnteoir TG4 ar fud na cruinne.  Is f\u00e9idir breathn\u00fa ar an tsraith ar fud an domhain ar Sheinnteoir TG4: <a href=\"https:\/\/nasc.tg4.tv\/fleadh2022\" rel=\"noopener\" target=\"_blank\">https:\/\/nasc.tg4.tv\/fleadh2022<\/a><br \/>\n&nbsp;<br \/>\nThosaigh Fleadh 2022 le p\u00edosa nua ceoil, The Homecoming Suite, a chum an fidl\u00e9ir Gael-Mheirice\u00e1nach Liz Carroll, agus a thaibhigh Liz Carroll agus an \u2018Fleadh Fiddle Orchestra\u2019. Is \u00ed Liz an ch\u00e9ad duine de cheolt\u00f3ir\u00ed traidisi\u00fanta na h\u00c9ireann ar rugadh i Meirice\u00e1 iad a ainmn\u00edodh do ghradam Grammy, agus bronnadh gradam Chumad\u00f3ir na Bliana uirthi ag Gradam Ceoil TG4 in 2011. Bhuaigh s\u00ed craobh Shinsear na h\u00c9ireann ar an bhfidil in 1975!  Craoladh \u00f3m\u00f3s tochtmhar don cheolt\u00f3ir agus m\u00fainteoir Ashling Murphy ar chl\u00e1r D\u00e9 Sathairn d\u2019Fhleadh 2022.<br \/>\n&nbsp;<br \/>\nRinne <strong>Alan Esslemont, Ard-Sti\u00farth\u00f3ir TG4<\/strong> comhghairdeas le gach duine a raibh baint acu le rath Fhleadh 2022 agus d\u00fairt <em>\u201cBa mhaith liom comhghairdeas a dh\u00e9anamh le gach duine a raibh baint acu le l\u00e9iri\u00fa ilard\u00e1in Fhleadh 2022 in \u00e9ineacht le TG4 i mbliana.  Comhghairdeas le Comhaltas Ceolt\u00f3ir\u00ed \u00c9ireann as an rath a bh\u00ed ar Fhleadh Cheoil na h\u00c9ireann ar\u00eds i mbliana sa Mhuileann gCearr. L\u00e9ir\u00edonn Fleadh 2022 an chomhph\u00e1irt\u00edocht lean\u00fanach idir TG4 agus Comhaltas Ceolt\u00f3ir\u00ed \u00c9ireann tr\u00edna bheith ag cur le ceol, le cult\u00far agus le pobal ar fud na cruinne. Mo cheol sibh.\u201d<\/em><\/p>\n<p>&nbsp;<\/p>\n","protected":false},"excerpt":{"rendered":"<p>&nbsp; Tar \u00e9is briseadh dh\u00e1 bhliain, bh\u00ed Fleadh Cheoil na h\u00c9ireann ar ais sa Mhuileann gCearr, \u00e1it ar tosa\u00edodh \u00ed i 1951. Chraol TG4 beo \u00f3n bhFleadh gach o\u00edche \u00f3 D\u00e9 hAoine an 5 L\u00fanasa go dt\u00ed D\u00e9 D\u00f3mhnaigh an 7 L\u00fanasa ar feadh n\u00f3cha n\u00f3im\u00e9ad gach o\u00edche. Bh\u00ed na l\u00e1ithreoir\u00ed Daith\u00ed \u00d3 S\u00e9 agus [&hellip;]<\/p>\n","protected":false},"author":876,"featured_media":0,"parent":138171,"menu_order":26,"comment_status":"closed","ping_status":"closed","template":"page-templates\/template-pr.php","meta":{"_acf_changed":false,"footnotes":""},"acf":[],"yoast_head":"<!-- This site is optimized with the Yoast SEO plugin v22.6 - https:\/\/yoast.com\/wordpress\/plugins\/seo\/ -->\n<title>Na r\u00e1ta\u00ed is airde d\u2019Fhleadh Cheoil na h\u00c9ireann ar TG4 \u00f3 bh\u00ed 2017 ann | Preas R\u00e1iteas | TG4<\/title>\n<meta name=\"description\" content=\"Ba \u00ed Fleadh 2022 an Fhleadh Cheoil is m\u00f3 lucht f\u00e9achana ar TG4 \u00f3 bh\u00ed 2017 ann, agus t\u00e1 s\u00ed ar cheann de na sraitheanna is m\u00f3 ar \u00e9irigh l\u00e9i \u00f3 thosaigh TG4 ag craoladh \u00f3 Fhleadh Cheoil na h\u00c9ireann in 2013.\" \/>\n<meta name=\"robots\" content=\"index, follow, max-snippet:-1, max-image-preview:large, max-video-preview:-1\" \/>\n<meta property=\"og:locale\" content=\"en_US\" \/>\n<meta property=\"og:type\" content=\"article\" \/>\n<meta property=\"og:title\" content=\"Na r\u00e1ta\u00ed is airde d\u2019Fhleadh Cheoil na h\u00c9ireann ar TG4 \u00f3 bh\u00ed 2017 ann | Preas R\u00e1iteas | TG4\" \/>\n<meta property=\"og:description\" content=\"Ba \u00ed Fleadh 2022 an Fhleadh Cheoil is m\u00f3 lucht f\u00e9achana ar TG4 \u00f3 bh\u00ed 2017 ann, agus t\u00e1 s\u00ed ar cheann de na sraitheanna is m\u00f3 ar \u00e9irigh l\u00e9i \u00f3 thosaigh TG4 ag craoladh \u00f3 Fhleadh Cheoil na h\u00c9ireann in 2013.\" \/>\n<meta property=\"og:url\" content=\"https:\/\/dev.tg4.ie\/ga\/eolas\/preas\/nuacht-raitis\/2022-2\/na-ratai-is-airde-dfhleadh-cheoil-na-heireann-ar-tg4-o-bhi-2017-ann\/\" \/>\n<meta property=\"og:site_name\" content=\"TG4\" \/>\n<meta property=\"article:publisher\" content=\"https:\/\/www.facebook.com\/TG4TV\" \/>\n<meta property=\"article:modified_time\" content=\"2022-08-10T15:53:36+00:00\" \/>\n<meta property=\"og:image\" content=\"https:\/\/tg4-docs.s3.amazonaws.com\/wp-content\/uploads\/2022\/08\/10162457\/Fleadh_2022-Beo_Laithreoiri_1_1920x1080.jpg\" \/>\n\t<meta property=\"og:image:width\" content=\"1920\" \/>\n\t<meta property=\"og:image:height\" content=\"1080\" \/>\n\t<meta property=\"og:image:type\" content=\"image\/jpeg\" \/>\n<meta name=\"twitter:card\" content=\"summary_large_image\" \/>\n<meta name=\"twitter:image\" content=\"https:\/\/tg4-docs.s3.amazonaws.com\/wp-content\/uploads\/2022\/08\/10162457\/Fleadh_2022-Beo_Laithreoiri_1_1920x1080.jpg\" \/>\n<meta name=\"twitter:site\" content=\"@TG4TV\" \/>\n<meta name=\"twitter:label1\" content=\"Est. reading time\" \/>\n\t<meta name=\"twitter:data1\" content=\"3 minutes\" \/>\n<script type=\"application\/ld+json\" class=\"yoast-schema-graph\">{\"@context\":\"https:\/\/schema.org\",\"@graph\":[{\"@type\":\"WebPage\",\"@id\":\"https:\/\/dev.tg4.ie\/ga\/eolas\/preas\/nuacht-raitis\/2022-2\/na-ratai-is-airde-dfhleadh-cheoil-na-heireann-ar-tg4-o-bhi-2017-ann\/\",\"url\":\"https:\/\/dev.tg4.ie\/ga\/eolas\/preas\/nuacht-raitis\/2022-2\/na-ratai-is-airde-dfhleadh-cheoil-na-heireann-ar-tg4-o-bhi-2017-ann\/\",\"name\":\"Na r\u00e1ta\u00ed is airde d\u2019Fhleadh Cheoil na h\u00c9ireann ar TG4 \u00f3 bh\u00ed 2017 ann | Preas R\u00e1iteas | TG4\",\"isPartOf\":{\"@id\":\"https:\/\/dev.tg4.ie\/en\/#website\"},\"primaryImageOfPage\":{\"@id\":\"https:\/\/dev.tg4.ie\/ga\/eolas\/preas\/nuacht-raitis\/2022-2\/na-ratai-is-airde-dfhleadh-cheoil-na-heireann-ar-tg4-o-bhi-2017-ann\/#primaryimage\"},\"image\":{\"@id\":\"https:\/\/dev.tg4.ie\/ga\/eolas\/preas\/nuacht-raitis\/2022-2\/na-ratai-is-airde-dfhleadh-cheoil-na-heireann-ar-tg4-o-bhi-2017-ann\/#primaryimage\"},\"thumbnailUrl\":\"https:\/\/dev.tg4.ie\/wp-content\/uploads\/2022\/08\/Fleadh_2022-Beo_Laithreoiri_1_1920x1080.jpg\",\"datePublished\":\"2022-08-10T15:31:59+00:00\",\"dateModified\":\"2022-08-10T15:53:36+00:00\",\"description\":\"Ba \u00ed Fleadh 2022 an Fhleadh Cheoil is m\u00f3 lucht f\u00e9achana ar TG4 \u00f3 bh\u00ed 2017 ann, agus t\u00e1 s\u00ed ar cheann de na sraitheanna is m\u00f3 ar \u00e9irigh l\u00e9i \u00f3 thosaigh TG4 ag craoladh \u00f3 Fhleadh Cheoil na h\u00c9ireann in 2013.\",\"breadcrumb\":{\"@id\":\"https:\/\/dev.tg4.ie\/ga\/eolas\/preas\/nuacht-raitis\/2022-2\/na-ratai-is-airde-dfhleadh-cheoil-na-heireann-ar-tg4-o-bhi-2017-ann\/#breadcrumb\"},\"inLanguage\":\"ga\",\"potentialAction\":[{\"@type\":\"ReadAction\",\"target\":[\"https:\/\/dev.tg4.ie\/ga\/eolas\/preas\/nuacht-raitis\/2022-2\/na-ratai-is-airde-dfhleadh-cheoil-na-heireann-ar-tg4-o-bhi-2017-ann\/\"]}]},{\"@type\":\"ImageObject\",\"inLanguage\":\"ga\",\"@id\":\"https:\/\/dev.tg4.ie\/ga\/eolas\/preas\/nuacht-raitis\/2022-2\/na-ratai-is-airde-dfhleadh-cheoil-na-heireann-ar-tg4-o-bhi-2017-ann\/#primaryimage\",\"url\":\"https:\/\/dev.tg4.ie\/wp-content\/uploads\/2022\/08\/Fleadh_2022-Beo_Laithreoiri_1_1920x1080.jpg\",\"contentUrl\":\"https:\/\/dev.tg4.ie\/wp-content\/uploads\/2022\/08\/Fleadh_2022-Beo_Laithreoiri_1_1920x1080.jpg\"},{\"@type\":\"BreadcrumbList\",\"@id\":\"https:\/\/dev.tg4.ie\/ga\/eolas\/preas\/nuacht-raitis\/2022-2\/na-ratai-is-airde-dfhleadh-cheoil-na-heireann-ar-tg4-o-bhi-2017-ann\/#breadcrumb\",\"itemListElement\":[{\"@type\":\"ListItem\",\"position\":1,\"name\":\"Home\",\"item\":\"https:\/\/dev.tg4.ie\/ga\/\"},{\"@type\":\"ListItem\",\"position\":2,\"name\":\"Eolas\",\"item\":\"https:\/\/dev.tg4.ie\/ga\/eolas\/\"},{\"@type\":\"ListItem\",\"position\":3,\"name\":\"Preas\",\"item\":\"https:\/\/dev.tg4.ie\/ga\/eolas\/preas\/\"},{\"@type\":\"ListItem\",\"position\":4,\"name\":\"Nuacht R\u00e1itis\",\"item\":\"https:\/\/dev.tg4.ie\/ga\/eolas\/preas\/nuacht-raitis\/\"},{\"@type\":\"ListItem\",\"position\":5,\"name\":\"2022\",\"item\":\"https:\/\/dev.tg4.ie\/ga\/eolas\/preas\/nuacht-raitis\/2022-2\/\"},{\"@type\":\"ListItem\",\"position\":6,\"name\":\"Na r\u00e1ta\u00ed is airde d\u2019Fhleadh Cheoil na h\u00c9ireann ar TG4 \u00f3 bh\u00ed 2017 ann\"}]},{\"@type\":\"WebSite\",\"@id\":\"https:\/\/dev.tg4.ie\/en\/#website\",\"url\":\"https:\/\/dev.tg4.ie\/en\/\",\"name\":\"TG4\",\"description\":\"S\u00fail Eile\",\"potentialAction\":[{\"@type\":\"SearchAction\",\"target\":{\"@type\":\"EntryPoint\",\"urlTemplate\":\"https:\/\/dev.tg4.ie\/en\/?s={search_term_string}\"},\"query-input\":\"required name=search_term_string\"}],\"inLanguage\":\"ga\"}]}<\/script>\n<!-- \/ Yoast SEO plugin. -->","yoast_head_json":{"title":"Na r\u00e1ta\u00ed is airde d\u2019Fhleadh Cheoil na h\u00c9ireann ar TG4 \u00f3 bh\u00ed 2017 ann | Preas R\u00e1iteas | TG4","description":"Ba \u00ed Fleadh 2022 an Fhleadh Cheoil is m\u00f3 lucht f\u00e9achana ar TG4 \u00f3 bh\u00ed 2017 ann, agus t\u00e1 s\u00ed ar cheann de na sraitheanna is m\u00f3 ar \u00e9irigh l\u00e9i \u00f3 thosaigh TG4 ag craoladh \u00f3 Fhleadh Cheoil na h\u00c9ireann in 2013.","robots":{"index":"index","follow":"follow","max-snippet":"max-snippet:-1","max-image-preview":"max-image-preview:large","max-video-preview":"max-video-preview:-1"},"og_locale":"en_US","og_type":"article","og_title":"Na r\u00e1ta\u00ed is airde d\u2019Fhleadh Cheoil na h\u00c9ireann ar TG4 \u00f3 bh\u00ed 2017 ann | Preas R\u00e1iteas | TG4","og_description":"Ba \u00ed Fleadh 2022 an Fhleadh Cheoil is m\u00f3 lucht f\u00e9achana ar TG4 \u00f3 bh\u00ed 2017 ann, agus t\u00e1 s\u00ed ar cheann de na sraitheanna is m\u00f3 ar \u00e9irigh l\u00e9i \u00f3 thosaigh TG4 ag craoladh \u00f3 Fhleadh Cheoil na h\u00c9ireann in 2013.","og_url":"https:\/\/dev.tg4.ie\/ga\/eolas\/preas\/nuacht-raitis\/2022-2\/na-ratai-is-airde-dfhleadh-cheoil-na-heireann-ar-tg4-o-bhi-2017-ann\/","og_site_name":"TG4","article_publisher":"https:\/\/www.facebook.com\/TG4TV","article_modified_time":"2022-08-10T15:53:36+00:00","og_image":[{"width":1920,"height":1080,"url":"https:\/\/tg4-docs.s3.amazonaws.com\/wp-content\/uploads\/2022\/08\/10162457\/Fleadh_2022-Beo_Laithreoiri_1_1920x1080.jpg","type":"image\/jpeg"}],"twitter_card":"summary_large_image","twitter_image":"https:\/\/tg4-docs.s3.amazonaws.com\/wp-content\/uploads\/2022\/08\/10162457\/Fleadh_2022-Beo_Laithreoiri_1_1920x1080.jpg","twitter_site":"@TG4TV","twitter_misc":{"Est. reading time":"3 minutes"},"schema":{"@context":"https:\/\/schema.org","@graph":[{"@type":"WebPage","@id":"https:\/\/dev.tg4.ie\/ga\/eolas\/preas\/nuacht-raitis\/2022-2\/na-ratai-is-airde-dfhleadh-cheoil-na-heireann-ar-tg4-o-bhi-2017-ann\/","url":"https:\/\/dev.tg4.ie\/ga\/eolas\/preas\/nuacht-raitis\/2022-2\/na-ratai-is-airde-dfhleadh-cheoil-na-heireann-ar-tg4-o-bhi-2017-ann\/","name":"Na r\u00e1ta\u00ed is airde d\u2019Fhleadh Cheoil na h\u00c9ireann ar TG4 \u00f3 bh\u00ed 2017 ann | Preas R\u00e1iteas | TG4","isPartOf":{"@id":"https:\/\/dev.tg4.ie\/en\/#website"},"primaryImageOfPage":{"@id":"https:\/\/dev.tg4.ie\/ga\/eolas\/preas\/nuacht-raitis\/2022-2\/na-ratai-is-airde-dfhleadh-cheoil-na-heireann-ar-tg4-o-bhi-2017-ann\/#primaryimage"},"image":{"@id":"https:\/\/dev.tg4.ie\/ga\/eolas\/preas\/nuacht-raitis\/2022-2\/na-ratai-is-airde-dfhleadh-cheoil-na-heireann-ar-tg4-o-bhi-2017-ann\/#primaryimage"},"thumbnailUrl":"https:\/\/dev.tg4.ie\/wp-content\/uploads\/2022\/08\/Fleadh_2022-Beo_Laithreoiri_1_1920x1080.jpg","datePublished":"2022-08-10T15:31:59+00:00","dateModified":"2022-08-10T15:53:36+00:00","description":"Ba \u00ed Fleadh 2022 an Fhleadh Cheoil is m\u00f3 lucht f\u00e9achana ar TG4 \u00f3 bh\u00ed 2017 ann, agus t\u00e1 s\u00ed ar cheann de na sraitheanna is m\u00f3 ar \u00e9irigh l\u00e9i \u00f3 thosaigh TG4 ag craoladh \u00f3 Fhleadh Cheoil na h\u00c9ireann in 2013.","breadcrumb":{"@id":"https:\/\/dev.tg4.ie\/ga\/eolas\/preas\/nuacht-raitis\/2022-2\/na-ratai-is-airde-dfhleadh-cheoil-na-heireann-ar-tg4-o-bhi-2017-ann\/#breadcrumb"},"inLanguage":"ga","potentialAction":[{"@type":"ReadAction","target":["https:\/\/dev.tg4.ie\/ga\/eolas\/preas\/nuacht-raitis\/2022-2\/na-ratai-is-airde-dfhleadh-cheoil-na-heireann-ar-tg4-o-bhi-2017-ann\/"]}]},{"@type":"ImageObject","inLanguage":"ga","@id":"https:\/\/dev.tg4.ie\/ga\/eolas\/preas\/nuacht-raitis\/2022-2\/na-ratai-is-airde-dfhleadh-cheoil-na-heireann-ar-tg4-o-bhi-2017-ann\/#primaryimage","url":"https:\/\/dev.tg4.ie\/wp-content\/uploads\/2022\/08\/Fleadh_2022-Beo_Laithreoiri_1_1920x1080.jpg","contentUrl":"https:\/\/dev.tg4.ie\/wp-content\/uploads\/2022\/08\/Fleadh_2022-Beo_Laithreoiri_1_1920x1080.jpg"},{"@type":"BreadcrumbList","@id":"https:\/\/dev.tg4.ie\/ga\/eolas\/preas\/nuacht-raitis\/2022-2\/na-ratai-is-airde-dfhleadh-cheoil-na-heireann-ar-tg4-o-bhi-2017-ann\/#breadcrumb","itemListElement":[{"@type":"ListItem","position":1,"name":"Home","item":"https:\/\/dev.tg4.ie\/ga\/"},{"@type":"ListItem","position":2,"name":"Eolas","item":"https:\/\/dev.tg4.ie\/ga\/eolas\/"},{"@type":"ListItem","position":3,"name":"Preas","item":"https:\/\/dev.tg4.ie\/ga\/eolas\/preas\/"},{"@type":"ListItem","position":4,"name":"Nuacht R\u00e1itis","item":"https:\/\/dev.tg4.ie\/ga\/eolas\/preas\/nuacht-raitis\/"},{"@type":"ListItem","position":5,"name":"2022","item":"https:\/\/dev.tg4.ie\/ga\/eolas\/preas\/nuacht-raitis\/2022-2\/"},{"@type":"ListItem","position":6,"name":"Na r\u00e1ta\u00ed is airde d\u2019Fhleadh Cheoil na h\u00c9ireann ar TG4 \u00f3 bh\u00ed 2017 ann"}]},{"@type":"WebSite","@id":"https:\/\/dev.tg4.ie\/en\/#website","url":"https:\/\/dev.tg4.ie\/en\/","name":"TG4","description":"S\u00fail Eile","potentialAction":[{"@type":"SearchAction","target":{"@type":"EntryPoint","urlTemplate":"https:\/\/dev.tg4.ie\/en\/?s={search_term_string}"},"query-input":"required name=search_term_string"}],"inLanguage":"ga"}]}},"_links":{"self":[{"href":"https:\/\/dev.tg4.ie\/ga\/wp-json\/wp\/v2\/pages\/171621"}],"collection":[{"href":"https:\/\/dev.tg4.ie\/ga\/wp-json\/wp\/v2\/pages"}],"about":[{"href":"https:\/\/dev.tg4.ie\/ga\/wp-json\/wp\/v2\/types\/page"}],"author":[{"embeddable":true,"href":"https:\/\/dev.tg4.ie\/ga\/wp-json\/wp\/v2\/users\/876"}],"replies":[{"embeddable":true,"href":"https:\/\/dev.tg4.ie\/ga\/wp-json\/wp\/v2\/comments?post=171621"}],"version-history":[{"count":0,"href":"https:\/\/dev.tg4.ie\/ga\/wp-json\/wp\/v2\/pages\/171621\/revisions"}],"up":[{"embeddable":true,"href":"https:\/\/dev.tg4.ie\/ga\/wp-json\/wp\/v2\/pages\/138171"}],"wp:attachment":[{"href":"https:\/\/dev.tg4.ie\/ga\/wp-json\/wp\/v2\/media?parent=171621"}],"curies":[{"name":"wp","href":"https:\/\/api.w.org\/{rel}","templated":true}]}}