{"id":171787,"date":"2022-08-22T12:00:48","date_gmt":"2022-08-22T11:00:48","guid":{"rendered":"https:\/\/dev.tg4.ie\/?page_id=171787"},"modified":"2022-08-22T12:00:48","modified_gmt":"2022-08-22T11:00:48","slug":"comradaiocht-cruthaitheacht-agus-comhar-na-gcomharsan-i-sceideal-fomhair-tg4","status":"publish","type":"page","link":"https:\/\/dev.tg4.ie\/ga\/eolas\/preas\/nuacht-raitis\/2022-2\/comradaiocht-cruthaitheacht-agus-comhar-na-gcomharsan-i-sceideal-fomhair-tg4\/","title":{"rendered":"Comr\u00e1da\u00edocht, Cruthaitheacht, agus Comhar na gComharsan i Sceideal F\u00f3mhair TG4"},"content":{"rendered":"<p><img loading=\"lazy\" decoding=\"async\" width=\"1920\" height=\"1080\" class=\"alignleft size-full wp-image-171788\" src=\"https:\/\/tg4-docs.s3.amazonaws.com\/wp-content\/uploads\/2022\/08\/19102628\/Seoladh_2022_Grainne_Seoige_1-1920x1080-1.jpg\" alt=\"\" srcset=\"https:\/\/tg4-docs.s3.amazonaws.com\/wp-content\/uploads\/2022\/08\/19102628\/Seoladh_2022_Grainne_Seoige_1-1920x1080-1.jpg 1920w, https:\/\/tg4-docs.s3.amazonaws.com\/wp-content\/uploads\/2022\/08\/19102628\/Seoladh_2022_Grainne_Seoige_1-1920x1080-1-250x141.jpg 250w, https:\/\/tg4-docs.s3.amazonaws.com\/wp-content\/uploads\/2022\/08\/19102628\/Seoladh_2022_Grainne_Seoige_1-1920x1080-1-700x394.jpg 700w, https:\/\/tg4-docs.s3.amazonaws.com\/wp-content\/uploads\/2022\/08\/19102628\/Seoladh_2022_Grainne_Seoige_1-1920x1080-1-252x141.jpg 252w, https:\/\/tg4-docs.s3.amazonaws.com\/wp-content\/uploads\/2022\/08\/19102628\/Seoladh_2022_Grainne_Seoige_1-1920x1080-1-1536x864.jpg 1536w, https:\/\/tg4-docs.s3.amazonaws.com\/wp-content\/uploads\/2022\/08\/19102628\/Seoladh_2022_Grainne_Seoige_1-1920x1080-1-120x68.jpg 120w\" sizes=\"(max-width: 1920px) 100vw, 1920px\" \/><br \/>\n&nbsp;<br \/>\n<strong><a href=\"https:\/\/twitter.com\/search?q=%23f%C3%B3mhar22&amp;src=typed_query\" target=\"_blank\" rel=\"noopener\">#F\u00f3mhar22<\/a><\/strong><br \/>\n&nbsp;<br \/>\n<strong>Grianghraif &amp; Eolas Eile: <a href=\"https:\/\/dev.tg4.ie\/fomhar22\" target=\"_blank\" rel=\"noopener\">tg4.ie\/fomhar22<\/a><\/strong><br \/>\n&nbsp;<br \/>\nDen ch\u00e9ad uair le tr\u00ed bliana, bh\u00ed deis teacht le ch\u00e9ile chun sceideal f\u00f3mhair TG4 a sheoladh ag \u00f3c\u00e1id do na me\u00e1in sa Guinness Storehouse i mBaile \u00c1tha Cliath inniu. Ceili\u00faradh ar na t\u00e9ama\u00ed \u2018<em>Comr\u00e1da\u00edocht, Cruthaitheacht, agus Comhar na gComharsan\u2019<\/em>\u00a0at\u00e1 sa sceideal nua agus iad le brath sna cl\u00e1racha cumhachtacha f\u00edorasacha, eala\u00edon agus cult\u00fair, an \u2018<em>s\u00fail eile\u2019<\/em>\u00a0ar sp\u00f3rt na h\u00c9ireann, dr\u00e1ma nua do dhaoine \u00f3ga agus scann\u00e1in Ghaeilge den ch\u00e9ad scoth i bpicti\u00farlanna ar fud na cruinne.<br \/>\n&nbsp;<br \/>\n<strong>D\u00fairt Ard-Sti\u00farth\u00f3ir TG4 Alan Esslemont<\/strong>,<em>\u201cIs ionann\u00a0\u00e1bhar sheoladh an\u00a0fh\u00f3mhair\u00a0i mbliana agus l\u00e9iri\u00fa ar\u00a0an muin\u00edn agus\u00a0ar\u00a0an uaillmhian a bhaineann le F\u00eds TG4 Tar \u00c9is Covid.<\/em><\/p>\n<p><em>F\u00e1ilt\u00edonn TG4 roimh fhoilsi\u00fa Thuarasc\u00e1il an Choimisi\u00fain um Thodhcha\u00ed na Me\u00e1n\u00a0ina moltar\u00a0go mbun\u00f3fa\u00ed coimisi\u00fan ar na me\u00e1in Ghaeilge. F\u00e1ilt\u00edonn TG4 roimh an moladh seo ach n\u00edor cheart \u00e9 a \u00fas\u00e1id mar leithsc\u00e9al chun moill a chur ar infheist\u00edocht sna me\u00e1in Ghaeilge at\u00e1 againn cheana f\u00e9in.<\/em><\/p>\n<p><em>Agus an Ghaeilge\u00a0ina\u00a0c\u00e9ad teanga\u00a0St\u00e1it\u00a0agus\u00a0anois\u00a0ar\u00a0cheann de\u00a0theangacha oifigi\u00fala na hEorpa, ba ch\u00f3ir go mbeadh\u00a0St\u00e1t na h\u00c9ireann ina eiseaml\u00e1ir do mhionteangacha eile na hEorpa.\u00a0Seachas\u00a0sin, t\u00e1 baol ann go nd\u00e9anfaidh an\u00a0St\u00e1t dam\u00e1iste d\u00e1 ch\u00e1il sa r\u00e9imse sin, \u00e1 l\u00e9iri\u00fa f\u00e9in mar sprionl\u00f3ir ar n\u00f3s cuma liom at\u00e1 ag iarraidh\u00a0an\u00a0dallamull\u00f3g a chur ar ch\u00e1ch. Maidir leis na me\u00e1in chumars\u00e1ide, faigheann na craolt\u00f3ir\u00ed Breatnaise agus Bascaise\u00a0a dh\u00e1 oiread\u00a0maoini\u00fa\u00a0poibl\u00ed\u00a0le\u00a0TG4.<\/em><\/p>\n<p><em>T\u00e1 s\u00e9 oiri\u00fanach ar an l\u00e1 seo aitheantas a thabhairt do chumas ceannaireachta\u00a0Mhich\u00edl U\u00ed Choile\u00e1in, c\u00e9ad bliain i ndiaidh a bh\u00e1is.\u00a0Mac\u00a0cainteoir\u00ed Gaeilge\u00a0ab ea\u00a0\u00e9, d\u2019aithin \u00d3 Coile\u00e1in an dochar at\u00e1 d\u00e9anta don teanga de bharr mionl\u00fa s\u00f3isialta agus d\u00edth st\u00e1dais. Scr\u00edobh \u00d3 Coile\u00e1in gurb \u00e9 normal\u00fa na Gaeilge in \u00c9irinn \u201can tasc is m\u00f3\u201d\u00a0a bh\u00ed ar an\u00a0St\u00e1t nua. Iarraim ar\u00a0an\u00a0Rialtas seo ar L\u00e1 an Bhuis\u00e9id i\u00a0Me\u00e1n F\u00f3mhair \u00f3m\u00f3s a thabhairt d\u2019fh\u00eds Mhich\u00edl U\u00ed Choile\u00e1in agus fuinneamh \u00f3 chro\u00ed agus infheist\u00edocht a thabhairt d\u00e1 gcuid strait\u00e9is\u00ed don Ghaeilge. Cuireann TG4 a muin\u00edn agus a uaillmhian ar f\u00e1il don\u00a0St\u00e1t. \u00a0Anois an t-am tabhairt faoi.\u201d<\/em><br \/>\n&nbsp;<br \/>\nSa chl\u00e1r\u00a0<strong>An Buachaill Gealgh\u00e1ireach,<\/strong>\u00a0inseoidh Theo Dorgan an sc\u00e9al a bhaineann leis an amhr\u00e1n\u00a0<em>\u2018The Laughing Boy\u2019\u00a0<\/em>a scr\u00edobh Brendan Behan i gcuimhne ar Mh\u00edche\u00e1l \u00d3 Coile\u00e1in. Craolfar an cl\u00e1r D\u00e9 C\u00e9adaoin mar chom\u00f3radh c\u00e9ad bliain a bh\u00e1is. \u00a0Sa chl\u00e1r\u00a0<strong>Ar Lorg na F\u00edrinne<\/strong>, leanfar teaghlaigh \u00edospartaigh na coimhlinte sna s\u00e9 contae agus iad ag iarraidh teacht ar an bhf\u00edrinne faoi bh\u00e1s a ndaoine muinteartha. \u00a0D\u00e9anfar ini\u00fachadh ar na Lochlannaigh tr\u00ed sh\u00faile bheirt scl\u00e1bha\u00ed as \u00c9irinn, Findan agus Melkorka i gcl\u00e1r nua dr\u00e1ma faisn\u00e9ise\u00a0<strong>\u00cdospartaigh na Lochlannach. \u00a0<\/strong>Seolfar sraith nua c\u00farsa\u00ed reatha\u00a0<strong>Ini\u00fachadh TG4\u00a0<\/strong>ina nd\u00e9anfaidh an t-iriseoir Kevin Magee ini\u00fachadh n\u00edos doimhne ar bhun agus barr na gceannl\u00ednte.<br \/>\n&nbsp;<br \/>\nTabharfaidh tri\u00far ban misni\u00fail faoi ghn\u00e9ithe \u00e9ags\u00fala de shaol na mban in \u00c9irinn a scagadh. \u00a0D\u00e9anfaidh Gr\u00e1inne Seoige ini\u00fachadh ar an athr\u00fa saoil agus ar an gcaoi a gcaitear leis sa t\u00edr seo i\u00a0<strong>Meanap\u00e1s: Meon Nua\u00a0<\/strong>agus s\u00fail aici feachtas a thos\u00fa chun polasa\u00ed n\u00e1isi\u00fanta meanap\u00e1is a chur i bhfeidhm.<strong>\u00a0<\/strong>Labhr\u00f3idh Mary Kennedy faoi gach ghn\u00e9 de bheith ag dul in aois agus faoin tionchar at\u00e1 aige sin ar mhn\u00e1 sa chl\u00e1r\u00a0<strong>Mary Kennedy: Fad Saoil<\/strong>\u00a0agus beidh S\u00edomha N\u00ed Ruairc ag pl\u00e9 leis an gcaidreamh at\u00e1 ag mn\u00e1 \u00f3ga le h\u00edomh\u00e1 colainne sa chl\u00e1r\u00a0<strong>S\u00edomha: Idir Anam \u2018Is Chorp<\/strong>.<br \/>\n&nbsp;<br \/>\nBeidh Hector thar s\u00e1ile ar\u00eds tar \u00e9is 18 m\u00ed a chaitheamh ag baile agus aghaidh \u00e1 thabhairt aige ar thuras \u00f3 na Balc\u00e1in in Oirthear na hEorpa go dt\u00ed an r\u00e9igi\u00fan Baltach sa tsraith\u00a0<strong>Hector Balkans go Baltics.\u00a0<\/strong>Beidh Breannd\u00e1n \u00d3 Beaglaoich agus a mhac Cormac ar an mb\u00f3thar ag lorg an cheoil \u00f3 Chorcaigh go Cill Mhant\u00e1in ina veain camp\u00e1la,\u00a0<em>Beauty,<\/em>\u00a0i sraith nua de<strong>\u00a0Sl\u00ed na mBeaglaoich.\u00a0<\/strong>Rachaidh Doireann N\u00ed Ghlac\u00e1in ag cuardach chro\u00ed an cheoil i gceantair nach bhfuil chomh haitheanta sin i dtaobh an cheoil thraidisi\u00fanta i sraith nua<strong>\u00a0Ceolaireacht.\u00a0<\/strong><br \/>\n&nbsp;<br \/>\nRachaidh M\u00e1irt\u00edn Tom She\u00e1in\u00edn ar thuras timpeall na t\u00edre sa chl\u00e1r\u00a0<strong>Cneasaithe<\/strong>\u00a0chun a fh\u00e1il amach an gcreidtear i gc\u00f3na\u00ed sna leigheasanna. Tabharfar l\u00e9argas ar mhuintir Ghaeltacht na nD\u00e9ise i gcaitheamh bliana sa tsraith\u00a0<strong>Ceithre R\u00e1ithe sna D\u00e9ise<\/strong>. \u00a0Beidh S\u00edle Nic Chonaonaigh ar cuairt ar\u00a0<strong>Bailte<\/strong>\u00a0nua; T\u00edr an Fhia i gConamara, Rann na Feirste i gCo. Dh\u00fan na nGall, B\u00e9al \u00c1tha an Ghaorthaidh i gCo. Chorca\u00ed, agus an Baile Riabhach ar leithinis Dhaingean U\u00ed Ch\u00fais.<br \/>\n&nbsp;<br \/>\nNochtfar \u00c9ire \u00f3n sp\u00e9ir agus na r\u00fain a bhaineann l\u00e9i sa tsraith\u00a0<strong>R\u00fain \u00f3n Sp\u00e9ir<\/strong>, agus beidh Diarmuid \u00d3 Drisceoil ag nochtadh r\u00fain na Dubhabhann sa tsraith nua\u00a0<strong>Cois M\u00f3ire<\/strong>. T\u00e1 an tsraith eala\u00edon\u00a0<strong>IMEALL<\/strong>\u00a0ar ais chun l\u00e9argas a thabhairt ar na heala\u00edona \u00f3n imeall isteach.<br \/>\n&nbsp;<br \/>\nBeidh\u00a0<strong>Rugba\u00ed Beo<\/strong>\u00a0ar ais ar an 17 Me\u00e1n F\u00f3mhair le Craobhchom\u00f3rtas Rugba\u00ed Aontaithe agus beidh craoladh eisiach den Chluiche Ceannais ar TG4 an s\u00e9as\u00far seo. Gheobhaidh Gr\u00e1inne McElwain amach faoi choirn \u00e9ags\u00fala CLG a bhronntar ar fud na t\u00edre i sraith nua\u00a0<strong>Sc\u00e9alta na gCorn.\u00a0<\/strong>\u00a0T\u00e1\u00a0<strong>Underdogs<\/strong>\u00a0ag lascadh na gcam\u00e1n i mbliana agus beidh s\u00fail ag na roghn\u00f3ir\u00ed Jamie Wall, John Allen agus Claire O\u2019Connor teacht ar scuad fear at\u00e1 cumasach agus d\u00edocasach le haghaidh a thabhairt ar cheann de na foirne iom\u00e1na is fearr sa t\u00edr. Leanfar leis an aicsean is fearr \u00f3 CLG ar\u00a0<strong>GAA Beo<\/strong>\u00a0ar TG4.<br \/>\n&nbsp;<br \/>\nDen ch\u00e9ad uair riamh, beidh\u00a0deis\u00a0ag an bpobal\u00a0iomaitheoir \u00f3g\u00a0as \u00c9irinn\u00a0a roghn\u00fa\u00a0don<strong>\u00a0Junior Eurovision<\/strong>\u00a0a bheidh ar si\u00fal i mbliana san Airm\u00e9in.<br \/>\n&nbsp;<br \/>\nIs fada go bhfaighfear amach c\u00e9ard a tharl\u00f3idh do Bhriain nuair a fhilleann\u00a0<strong>Ros na R\u00fan<\/strong>\u00a0go luath. \u00a0Beidh sraith nua dr\u00e1ma\u00edochta do ph\u00e1ist\u00ed,\u00a0<strong>Saol Ella<\/strong>, ar si\u00fal<strong>\u00a0<\/strong>an s\u00e9as\u00far seo ina dtabharfar cuntas ar chail\u00edn tr\u00ed bliana d\u00e9ag darb ainm Ella arb \u00ed mian a cro\u00ed st\u00f3cach a aimsi\u00fa agus a c\u00e9ad ph\u00f3g a fh\u00e1il uaidh.<br \/>\n&nbsp;<br \/>\nT\u00e1 TG4 ag cur lena strait\u00e9is\u00a0<em>TG4 Gach \u00c1it<\/em>\u00a0ar\u00eds i mbliana. \u00a0Beidh an ch\u00e9ad scann\u00e1n eile \u00f3 sc\u00e9im Cine4,\u00a0<strong>R\u00f3ise &amp; Frank<\/strong>, le Br\u00edd N\u00ed Neachtain agus Cillian \u00d3 Gairbh\u00ed, arna l\u00e9iri\u00fa ag Macalla, sna picti\u00farlanna \u00f3n 16 Me\u00e1n F\u00f3mhair. Ins\u00edtear sc\u00e9al R\u00f3ise, a bhfuair a fear ch\u00e9ile Frank b\u00e1s dh\u00e1 bhliain \u00f3 shin agus \u00ed f\u00f3s cr\u00e1ite ag an mbriseadh cro\u00ed. Le teacht madra mist\u00e9ireach, at\u00e1 an-mh\u00f3r le R\u00f3ise, is cos\u00fail, t\u00e1 an chuma air go bhfuil athr\u00fa m\u00f3r ar na bac\u00e1in.<br \/>\n&nbsp;<br \/>\nT\u00e1\u00a0<strong>An Cail\u00edn Ci\u00fain\u00a0<\/strong>roghnaithe ag IFTA mar iontr\u00e1il na h\u00c9ireann do na Oscars sa chatag\u00f3ir \u2018An Pr\u00edomhscann\u00e1n Idirn\u00e1isi\u00fanta is Fearr\u2019. T\u00e1 Insc\u00e9al, an comhlacht l\u00e9iri\u00fach\u00e1in a l\u00e9irigh An Cail\u00edn Ci\u00fain, ag d\u00edri\u00fa anois ar fheachtas ar leith do na Oscars. F\u00f3gr\u00f3far gearrliosta de 15 scann\u00e1n don chatag\u00f3ir ar an 21 Nollaig.\u00a0 T\u00e1 Insc\u00e9al ar t\u00ed margadh d\u00e1ileach\u00e1in a dh\u00e9anamh sna St\u00e1it Aontaithe, le go n-eiseofar An Cail\u00edn Ci\u00fain i bpicti\u00farlanna ar fud Mheirice\u00e1.<\/p>\n<p>Taispe\u00e1nfar \u00a0dh\u00e1 scann\u00e1n eile \u00f3 sc\u00e9im Cine4,\u00a0den ch\u00e9ad uair ar TG4 san fh\u00f3mhar, is iad sin <strong>Arracht <\/strong>agus <strong>Foscadh<\/strong>.<br \/>\n&nbsp;<br \/>\nBeidh TG4 ar f\u00e1il ar Sky Glass a sheolfar an tseachtain seo in \u00c9irinn. \u00a0Ar Seinnteoir TG4, at\u00e1 ar f\u00e1il ar fud an domhain mar Aip ar IOS, Android n\u00f3 ar Theilif\u00eds Cliste, beidh sraitheanna eisiacha dr\u00e1ma\u00edochta\u00a0<strong>Fenris<\/strong>\u00a0\u00f3n Iorua,\u00a0<strong>Harmonica\u00a0<\/strong>\u00f3n tSualainn agus\u00a0<strong>Blackport<\/strong>\u00a0\u00f3n \u00cdoslainn agus sraith nua cheoil\u00a0<strong>Snugcheol<\/strong>\u00a0ina mbeidh ceolt\u00f3ir\u00ed traidisi\u00fanta den scoth ag ceol i roinnt de na cl\u00faideacha is fearr aithne agus is aist\u00ed sa t\u00edr. \u00a0Leanfaidh\u00a0<strong>MOLSC\u00c9AL<\/strong>\u00a0le sc\u00e9alta phobal na Gaeltachta agus na Gaeilge a insint ar na me\u00e1in sh\u00f3isialta agus tabharfaidh\u00a0<strong>BLOC\u00a0<\/strong>l\u00e9argas nua ar shaol dhaoine \u00f3ga sa Ghaeltacht le sraith nua\u00a0<strong>\u00d3g sa nGaeltacht<\/strong>\u00a0at\u00e1 ag tos\u00fa go luath.<br \/>\n&nbsp;<br \/>\n&nbsp;<br \/>\nT\u00e1 gach eolas faoi sceideal an fh\u00f3mhair ar f\u00e1il anseo:\u00a0<a href=\"https:\/\/dev.tg4.ie\/fomhar22\" rel=\"noopener\" target=\"_blank\">tg4.ie\/fomhar22<\/a><\/p>\n<p>&nbsp;<\/p>\n","protected":false},"excerpt":{"rendered":"<p>&nbsp; #F\u00f3mhar22 &nbsp; Grianghraif &amp; Eolas Eile: tg4.ie\/fomhar22 &nbsp; Den ch\u00e9ad uair le tr\u00ed bliana, bh\u00ed deis teacht le ch\u00e9ile chun sceideal f\u00f3mhair TG4 a sheoladh ag \u00f3c\u00e1id do na me\u00e1in sa Guinness Storehouse i mBaile \u00c1tha Cliath inniu. Ceili\u00faradh ar na t\u00e9ama\u00ed \u2018Comr\u00e1da\u00edocht, Cruthaitheacht, agus Comhar na gComharsan\u2019\u00a0at\u00e1 sa sceideal nua agus iad le [&hellip;]<\/p>\n","protected":false},"author":876,"featured_media":0,"parent":138171,"menu_order":27,"comment_status":"closed","ping_status":"closed","template":"page-templates\/template-pr.php","meta":{"_acf_changed":false,"footnotes":""},"acf":[],"yoast_head":"<!-- This site is optimized with the Yoast SEO plugin v22.6 - https:\/\/yoast.com\/wordpress\/plugins\/seo\/ -->\n<title>Comr\u00e1da\u00edocht, Cruthaitheacht, agus Comhar na gComharsan i Sceideal F\u00f3mhair TG4 | Preas R\u00e1iteas | TG4<\/title>\n<meta name=\"description\" content=\"Den ch\u00e9ad uair le tr\u00ed bliana, bh\u00ed deis teacht le ch\u00e9ile chun sceideal f\u00f3mhair TG4 a sheoladh ag \u00f3c\u00e1id do na me\u00e1in sa Guinness Storehouse i mBaile \u00c1tha Cliath inniu.\" \/>\n<meta name=\"robots\" content=\"index, follow, max-snippet:-1, max-image-preview:large, max-video-preview:-1\" \/>\n<meta property=\"og:locale\" content=\"en_US\" \/>\n<meta property=\"og:type\" content=\"article\" \/>\n<meta property=\"og:title\" content=\"Comr\u00e1da\u00edocht, Cruthaitheacht, agus Comhar na gComharsan i Sceideal F\u00f3mhair TG4 | Preas R\u00e1iteas | TG4\" \/>\n<meta property=\"og:description\" content=\"Den ch\u00e9ad uair le tr\u00ed bliana, bh\u00ed deis teacht le ch\u00e9ile chun sceideal f\u00f3mhair TG4 a sheoladh ag \u00f3c\u00e1id do na me\u00e1in sa Guinness Storehouse i mBaile \u00c1tha Cliath inniu.\" \/>\n<meta property=\"og:url\" content=\"https:\/\/dev.tg4.ie\/ga\/eolas\/preas\/nuacht-raitis\/2022-2\/comradaiocht-cruthaitheacht-agus-comhar-na-gcomharsan-i-sceideal-fomhair-tg4\/\" \/>\n<meta property=\"og:site_name\" content=\"TG4\" \/>\n<meta property=\"article:publisher\" content=\"https:\/\/www.facebook.com\/TG4TV\" \/>\n<meta property=\"og:image\" content=\"https:\/\/tg4-docs.s3.amazonaws.com\/wp-content\/uploads\/2022\/08\/19102628\/Seoladh_2022_Grainne_Seoige_1-1920x1080-1.jpg\" \/>\n\t<meta property=\"og:image:width\" content=\"1920\" \/>\n\t<meta property=\"og:image:height\" content=\"1080\" \/>\n\t<meta property=\"og:image:type\" content=\"image\/jpeg\" \/>\n<meta name=\"twitter:card\" content=\"summary_large_image\" \/>\n<meta name=\"twitter:image\" content=\"https:\/\/tg4-docs.s3.amazonaws.com\/wp-content\/uploads\/2022\/08\/19102628\/Seoladh_2022_Grainne_Seoige_1-1920x1080-1.jpg\" \/>\n<meta name=\"twitter:site\" content=\"@TG4TV\" \/>\n<meta name=\"twitter:label1\" content=\"Est. reading time\" \/>\n\t<meta name=\"twitter:data1\" content=\"6 minutes\" \/>\n<script type=\"application\/ld+json\" class=\"yoast-schema-graph\">{\"@context\":\"https:\/\/schema.org\",\"@graph\":[{\"@type\":\"WebPage\",\"@id\":\"https:\/\/dev.tg4.ie\/ga\/eolas\/preas\/nuacht-raitis\/2022-2\/comradaiocht-cruthaitheacht-agus-comhar-na-gcomharsan-i-sceideal-fomhair-tg4\/\",\"url\":\"https:\/\/dev.tg4.ie\/ga\/eolas\/preas\/nuacht-raitis\/2022-2\/comradaiocht-cruthaitheacht-agus-comhar-na-gcomharsan-i-sceideal-fomhair-tg4\/\",\"name\":\"Comr\u00e1da\u00edocht, Cruthaitheacht, agus Comhar na gComharsan i Sceideal F\u00f3mhair TG4 | Preas R\u00e1iteas | TG4\",\"isPartOf\":{\"@id\":\"https:\/\/dev.tg4.ie\/en\/#website\"},\"primaryImageOfPage\":{\"@id\":\"https:\/\/dev.tg4.ie\/ga\/eolas\/preas\/nuacht-raitis\/2022-2\/comradaiocht-cruthaitheacht-agus-comhar-na-gcomharsan-i-sceideal-fomhair-tg4\/#primaryimage\"},\"image\":{\"@id\":\"https:\/\/dev.tg4.ie\/ga\/eolas\/preas\/nuacht-raitis\/2022-2\/comradaiocht-cruthaitheacht-agus-comhar-na-gcomharsan-i-sceideal-fomhair-tg4\/#primaryimage\"},\"thumbnailUrl\":\"https:\/\/dev.tg4.ie\/wp-content\/uploads\/2022\/08\/Seoladh_2022_Grainne_Seoige_1-1920x1080-1.jpg\",\"datePublished\":\"2022-08-22T11:00:48+00:00\",\"dateModified\":\"2022-08-22T11:00:48+00:00\",\"description\":\"Den ch\u00e9ad uair le tr\u00ed bliana, bh\u00ed deis teacht le ch\u00e9ile chun sceideal f\u00f3mhair TG4 a sheoladh ag \u00f3c\u00e1id do na me\u00e1in sa Guinness Storehouse i mBaile \u00c1tha Cliath inniu.\",\"breadcrumb\":{\"@id\":\"https:\/\/dev.tg4.ie\/ga\/eolas\/preas\/nuacht-raitis\/2022-2\/comradaiocht-cruthaitheacht-agus-comhar-na-gcomharsan-i-sceideal-fomhair-tg4\/#breadcrumb\"},\"inLanguage\":\"ga\",\"potentialAction\":[{\"@type\":\"ReadAction\",\"target\":[\"https:\/\/dev.tg4.ie\/ga\/eolas\/preas\/nuacht-raitis\/2022-2\/comradaiocht-cruthaitheacht-agus-comhar-na-gcomharsan-i-sceideal-fomhair-tg4\/\"]}]},{\"@type\":\"ImageObject\",\"inLanguage\":\"ga\",\"@id\":\"https:\/\/dev.tg4.ie\/ga\/eolas\/preas\/nuacht-raitis\/2022-2\/comradaiocht-cruthaitheacht-agus-comhar-na-gcomharsan-i-sceideal-fomhair-tg4\/#primaryimage\",\"url\":\"https:\/\/dev.tg4.ie\/wp-content\/uploads\/2022\/08\/Seoladh_2022_Grainne_Seoige_1-1920x1080-1.jpg\",\"contentUrl\":\"https:\/\/dev.tg4.ie\/wp-content\/uploads\/2022\/08\/Seoladh_2022_Grainne_Seoige_1-1920x1080-1.jpg\"},{\"@type\":\"BreadcrumbList\",\"@id\":\"https:\/\/dev.tg4.ie\/ga\/eolas\/preas\/nuacht-raitis\/2022-2\/comradaiocht-cruthaitheacht-agus-comhar-na-gcomharsan-i-sceideal-fomhair-tg4\/#breadcrumb\",\"itemListElement\":[{\"@type\":\"ListItem\",\"position\":1,\"name\":\"Home\",\"item\":\"https:\/\/dev.tg4.ie\/ga\/\"},{\"@type\":\"ListItem\",\"position\":2,\"name\":\"Eolas\",\"item\":\"https:\/\/dev.tg4.ie\/ga\/eolas\/\"},{\"@type\":\"ListItem\",\"position\":3,\"name\":\"Preas\",\"item\":\"https:\/\/dev.tg4.ie\/ga\/eolas\/preas\/\"},{\"@type\":\"ListItem\",\"position\":4,\"name\":\"Nuacht R\u00e1itis\",\"item\":\"https:\/\/dev.tg4.ie\/ga\/eolas\/preas\/nuacht-raitis\/\"},{\"@type\":\"ListItem\",\"position\":5,\"name\":\"2022\",\"item\":\"https:\/\/dev.tg4.ie\/ga\/eolas\/preas\/nuacht-raitis\/2022-2\/\"},{\"@type\":\"ListItem\",\"position\":6,\"name\":\"Comr\u00e1da\u00edocht, Cruthaitheacht, agus Comhar na gComharsan i Sceideal F\u00f3mhair TG4\"}]},{\"@type\":\"WebSite\",\"@id\":\"https:\/\/dev.tg4.ie\/en\/#website\",\"url\":\"https:\/\/dev.tg4.ie\/en\/\",\"name\":\"TG4\",\"description\":\"S\u00fail Eile\",\"potentialAction\":[{\"@type\":\"SearchAction\",\"target\":{\"@type\":\"EntryPoint\",\"urlTemplate\":\"https:\/\/dev.tg4.ie\/en\/?s={search_term_string}\"},\"query-input\":\"required name=search_term_string\"}],\"inLanguage\":\"ga\"}]}<\/script>\n<!-- \/ Yoast SEO plugin. -->","yoast_head_json":{"title":"Comr\u00e1da\u00edocht, Cruthaitheacht, agus Comhar na gComharsan i Sceideal F\u00f3mhair TG4 | Preas R\u00e1iteas | TG4","description":"Den ch\u00e9ad uair le tr\u00ed bliana, bh\u00ed deis teacht le ch\u00e9ile chun sceideal f\u00f3mhair TG4 a sheoladh ag \u00f3c\u00e1id do na me\u00e1in sa Guinness Storehouse i mBaile \u00c1tha Cliath inniu.","robots":{"index":"index","follow":"follow","max-snippet":"max-snippet:-1","max-image-preview":"max-image-preview:large","max-video-preview":"max-video-preview:-1"},"og_locale":"en_US","og_type":"article","og_title":"Comr\u00e1da\u00edocht, Cruthaitheacht, agus Comhar na gComharsan i Sceideal F\u00f3mhair TG4 | Preas R\u00e1iteas | TG4","og_description":"Den ch\u00e9ad uair le tr\u00ed bliana, bh\u00ed deis teacht le ch\u00e9ile chun sceideal f\u00f3mhair TG4 a sheoladh ag \u00f3c\u00e1id do na me\u00e1in sa Guinness Storehouse i mBaile \u00c1tha Cliath inniu.","og_url":"https:\/\/dev.tg4.ie\/ga\/eolas\/preas\/nuacht-raitis\/2022-2\/comradaiocht-cruthaitheacht-agus-comhar-na-gcomharsan-i-sceideal-fomhair-tg4\/","og_site_name":"TG4","article_publisher":"https:\/\/www.facebook.com\/TG4TV","og_image":[{"width":1920,"height":1080,"url":"https:\/\/tg4-docs.s3.amazonaws.com\/wp-content\/uploads\/2022\/08\/19102628\/Seoladh_2022_Grainne_Seoige_1-1920x1080-1.jpg","type":"image\/jpeg"}],"twitter_card":"summary_large_image","twitter_image":"https:\/\/tg4-docs.s3.amazonaws.com\/wp-content\/uploads\/2022\/08\/19102628\/Seoladh_2022_Grainne_Seoige_1-1920x1080-1.jpg","twitter_site":"@TG4TV","twitter_misc":{"Est. reading time":"6 minutes"},"schema":{"@context":"https:\/\/schema.org","@graph":[{"@type":"WebPage","@id":"https:\/\/dev.tg4.ie\/ga\/eolas\/preas\/nuacht-raitis\/2022-2\/comradaiocht-cruthaitheacht-agus-comhar-na-gcomharsan-i-sceideal-fomhair-tg4\/","url":"https:\/\/dev.tg4.ie\/ga\/eolas\/preas\/nuacht-raitis\/2022-2\/comradaiocht-cruthaitheacht-agus-comhar-na-gcomharsan-i-sceideal-fomhair-tg4\/","name":"Comr\u00e1da\u00edocht, Cruthaitheacht, agus Comhar na gComharsan i Sceideal F\u00f3mhair TG4 | Preas R\u00e1iteas | TG4","isPartOf":{"@id":"https:\/\/dev.tg4.ie\/en\/#website"},"primaryImageOfPage":{"@id":"https:\/\/dev.tg4.ie\/ga\/eolas\/preas\/nuacht-raitis\/2022-2\/comradaiocht-cruthaitheacht-agus-comhar-na-gcomharsan-i-sceideal-fomhair-tg4\/#primaryimage"},"image":{"@id":"https:\/\/dev.tg4.ie\/ga\/eolas\/preas\/nuacht-raitis\/2022-2\/comradaiocht-cruthaitheacht-agus-comhar-na-gcomharsan-i-sceideal-fomhair-tg4\/#primaryimage"},"thumbnailUrl":"https:\/\/dev.tg4.ie\/wp-content\/uploads\/2022\/08\/Seoladh_2022_Grainne_Seoige_1-1920x1080-1.jpg","datePublished":"2022-08-22T11:00:48+00:00","dateModified":"2022-08-22T11:00:48+00:00","description":"Den ch\u00e9ad uair le tr\u00ed bliana, bh\u00ed deis teacht le ch\u00e9ile chun sceideal f\u00f3mhair TG4 a sheoladh ag \u00f3c\u00e1id do na me\u00e1in sa Guinness Storehouse i mBaile \u00c1tha Cliath inniu.","breadcrumb":{"@id":"https:\/\/dev.tg4.ie\/ga\/eolas\/preas\/nuacht-raitis\/2022-2\/comradaiocht-cruthaitheacht-agus-comhar-na-gcomharsan-i-sceideal-fomhair-tg4\/#breadcrumb"},"inLanguage":"ga","potentialAction":[{"@type":"ReadAction","target":["https:\/\/dev.tg4.ie\/ga\/eolas\/preas\/nuacht-raitis\/2022-2\/comradaiocht-cruthaitheacht-agus-comhar-na-gcomharsan-i-sceideal-fomhair-tg4\/"]}]},{"@type":"ImageObject","inLanguage":"ga","@id":"https:\/\/dev.tg4.ie\/ga\/eolas\/preas\/nuacht-raitis\/2022-2\/comradaiocht-cruthaitheacht-agus-comhar-na-gcomharsan-i-sceideal-fomhair-tg4\/#primaryimage","url":"https:\/\/dev.tg4.ie\/wp-content\/uploads\/2022\/08\/Seoladh_2022_Grainne_Seoige_1-1920x1080-1.jpg","contentUrl":"https:\/\/dev.tg4.ie\/wp-content\/uploads\/2022\/08\/Seoladh_2022_Grainne_Seoige_1-1920x1080-1.jpg"},{"@type":"BreadcrumbList","@id":"https:\/\/dev.tg4.ie\/ga\/eolas\/preas\/nuacht-raitis\/2022-2\/comradaiocht-cruthaitheacht-agus-comhar-na-gcomharsan-i-sceideal-fomhair-tg4\/#breadcrumb","itemListElement":[{"@type":"ListItem","position":1,"name":"Home","item":"https:\/\/dev.tg4.ie\/ga\/"},{"@type":"ListItem","position":2,"name":"Eolas","item":"https:\/\/dev.tg4.ie\/ga\/eolas\/"},{"@type":"ListItem","position":3,"name":"Preas","item":"https:\/\/dev.tg4.ie\/ga\/eolas\/preas\/"},{"@type":"ListItem","position":4,"name":"Nuacht R\u00e1itis","item":"https:\/\/dev.tg4.ie\/ga\/eolas\/preas\/nuacht-raitis\/"},{"@type":"ListItem","position":5,"name":"2022","item":"https:\/\/dev.tg4.ie\/ga\/eolas\/preas\/nuacht-raitis\/2022-2\/"},{"@type":"ListItem","position":6,"name":"Comr\u00e1da\u00edocht, Cruthaitheacht, agus Comhar na gComharsan i Sceideal F\u00f3mhair TG4"}]},{"@type":"WebSite","@id":"https:\/\/dev.tg4.ie\/en\/#website","url":"https:\/\/dev.tg4.ie\/en\/","name":"TG4","description":"S\u00fail Eile","potentialAction":[{"@type":"SearchAction","target":{"@type":"EntryPoint","urlTemplate":"https:\/\/dev.tg4.ie\/en\/?s={search_term_string}"},"query-input":"required name=search_term_string"}],"inLanguage":"ga"}]}},"_links":{"self":[{"href":"https:\/\/dev.tg4.ie\/ga\/wp-json\/wp\/v2\/pages\/171787"}],"collection":[{"href":"https:\/\/dev.tg4.ie\/ga\/wp-json\/wp\/v2\/pages"}],"about":[{"href":"https:\/\/dev.tg4.ie\/ga\/wp-json\/wp\/v2\/types\/page"}],"author":[{"embeddable":true,"href":"https:\/\/dev.tg4.ie\/ga\/wp-json\/wp\/v2\/users\/876"}],"replies":[{"embeddable":true,"href":"https:\/\/dev.tg4.ie\/ga\/wp-json\/wp\/v2\/comments?post=171787"}],"version-history":[{"count":0,"href":"https:\/\/dev.tg4.ie\/ga\/wp-json\/wp\/v2\/pages\/171787\/revisions"}],"up":[{"embeddable":true,"href":"https:\/\/dev.tg4.ie\/ga\/wp-json\/wp\/v2\/pages\/138171"}],"wp:attachment":[{"href":"https:\/\/dev.tg4.ie\/ga\/wp-json\/wp\/v2\/media?parent=171787"}],"curies":[{"name":"wp","href":"https:\/\/api.w.org\/{rel}","templated":true}]}}