{"id":172000,"date":"2022-08-29T15:05:47","date_gmt":"2022-08-29T14:05:47","guid":{"rendered":"https:\/\/dev.tg4.ie\/?page_id=172000"},"modified":"2022-08-29T15:05:47","modified_gmt":"2022-08-29T14:05:47","slug":"sceim-nua-do-leiritheoiri-i-ndun-na-ngall-fogartha-ag-tg4-agus-udaras-na-gaeltachta","status":"publish","type":"page","link":"https:\/\/dev.tg4.ie\/ga\/eolas\/preas\/nuacht-raitis\/2022-2\/sceim-nua-do-leiritheoiri-i-ndun-na-ngall-fogartha-ag-tg4-agus-udaras-na-gaeltachta\/","title":{"rendered":"Sc\u00e9im nua do L\u00e9iritheoir\u00ed i nD\u00fan na nGall f\u00f3gartha ag TG4 agus \u00dadar\u00e1s na Gaeltachta"},"content":{"rendered":"<p><img loading=\"lazy\" decoding=\"async\" width=\"1920\" height=\"1080\" src=\"https:\/\/tg4-docs.s3.amazonaws.com\/wp-content\/uploads\/2022\/08\/29145838\/TG4_agus_Udaras_2022_1-1920x1080-1.jpg\" alt=\"\" class=\"alignleft size-full wp-image-172002\" srcset=\"https:\/\/tg4-docs.s3.amazonaws.com\/wp-content\/uploads\/2022\/08\/29145838\/TG4_agus_Udaras_2022_1-1920x1080-1.jpg 1920w, https:\/\/tg4-docs.s3.amazonaws.com\/wp-content\/uploads\/2022\/08\/29145838\/TG4_agus_Udaras_2022_1-1920x1080-1-250x141.jpg 250w, https:\/\/tg4-docs.s3.amazonaws.com\/wp-content\/uploads\/2022\/08\/29145838\/TG4_agus_Udaras_2022_1-1920x1080-1-700x394.jpg 700w, https:\/\/tg4-docs.s3.amazonaws.com\/wp-content\/uploads\/2022\/08\/29145838\/TG4_agus_Udaras_2022_1-1920x1080-1-252x141.jpg 252w, https:\/\/tg4-docs.s3.amazonaws.com\/wp-content\/uploads\/2022\/08\/29145838\/TG4_agus_Udaras_2022_1-1920x1080-1-1536x864.jpg 1536w, https:\/\/tg4-docs.s3.amazonaws.com\/wp-content\/uploads\/2022\/08\/29145838\/TG4_agus_Udaras_2022_1-1920x1080-1-120x68.jpg 120w\" sizes=\"(max-width: 1920px) 100vw, 1920px\" \/><br \/>\n&nbsp;<br \/>\nD&#8217;fh\u00f3gair TG4 i gcomhar le h\u00dadar\u00e1s na Gaeltachta sc\u00e9im nua forbartha dr\u00e1ma\u00edochta ag \u00f3c\u00e1id do l\u00e9iritheoir\u00ed teilif\u00edse inniu sa GTeic i nGaoth Dobhair.  Is \u00e9 aidhm na sc\u00e9ime nua borradh a chur faoin tionscal closamhairc i nGaeltacht Dh\u00fan na nGall.  T\u00e1 l\u00e9irithe sp\u00e9ise \u00e1 lorg \u00f3 chomhlachta\u00ed l\u00e9iri\u00fach\u00e1in c\u00e1ilithe chun forbairt agus l\u00e9iri\u00fa a dh\u00e9anamh ar shraith dhr\u00e1ma\u00edochta a bheidh suite i gC\u00faige Uladh agus a chraolfar le linn an phr\u00edomh-ama f\u00e9achana ar TG4.  Sraith s\u00e9 chl\u00e1r a bheidh caoga n\u00f3im\u00e9ad an ceann ar fhad a bheidh i gceist agus d&#8217;fh\u00e9adfa\u00ed athchoimisi\u00fan\u00fa a dh\u00e9anamh ar an tsraith go bliant\u00fail.   T\u00e1thar ag s\u00fail go mbeidh deiseanna c\u00f3mhaoinithe ar f\u00e1il don chomhlacht a \u00e9ireoidh leis.<br \/>\n&nbsp;<br \/>\nT\u00e1 sraith chomhaimseartha suite i gC\u00faige Uladh a bheidh d\u00edrithe ar an lucht f\u00e9achana ginear\u00e1lta \u00e1 lorg. Smaointe d\u00e1na, cruthaitheacha le st\u00edl ar leith at\u00e1 ag teast\u00e1il.  Ba cheart cur chuige l\u00e1idir dr\u00e1ma\u00edochta agus sc\u00e9ala\u00edochta a bheith sna hiarratais.   Script at\u00e1 scr\u00edofa i nGaeilge at\u00e1 d\u00edrithe ar an bpobal a labhra\u00edonn Gaeilge go rialta at\u00e1thar ag s\u00fail l\u00e9i, ach go bhfuil s\u00e9 de chumas inti lucht f\u00e9achana n\u00edos leithne a mhealladh freisin.<br \/>\n&nbsp;<br \/>\nOibreoidh TG4 agus \u00dadar\u00e1s na Gaeltachta i gcomhar le ch\u00e9ile chun deiseanna forbartha a chur ar bun at\u00e1 d\u00edrithe go sonrach ar riachtanais na sraithe seo, sc\u00e9ala\u00edocht scripteanna agus \u00e1iseanna cu\u00ed l\u00e9iri\u00fach\u00e1in a fhorbairt ina measc.<br \/>\n&nbsp;<br \/>\nT\u00e1thar ag s\u00fail go gcuirfear t\u00fas leis an l\u00e9iri\u00fa i bhF\u00f3mhar 2023 agus go gcraolfar \u00e9 ar TG4 in 2024.<br \/>\n&nbsp;<br \/>\nD\u00fairt <strong>Ard-Sti\u00farth\u00f3ir TG4, Alan Esslemont<\/strong> ag seoladh na sc\u00e9ime inniu, <em>&#8220;T\u00e1 \u00e1thas orm an sc\u00e9im th\u00e1bhachtach seo a fh\u00f3gairt inniu i gcomhar le h\u00dadar\u00e1s na Gaeltachta. T\u00e1 forbairt na hearn\u00e1la l\u00e9iri\u00fach\u00e1n neamhsple\u00e1ch sna ceantair Ghaeltachta ar cheann de phr\u00edomhspriocanna TG4 in\u00e1r bhF\u00eds Tar \u00c9is Covid. Is mian linn an earn\u00e1il anseo i nGaeltacht Dh\u00fan na nGall a threisi\u00fa agus a fhorbairt. T\u00e1 c\u00e1il ar leith ar an bpobal seo as a gcuid scileanna dr\u00e1ma\u00edochta agus cruthaitheacha ar TG4 agus ba mhaith linn cur leis sin, tac\u00fa le comhlachta\u00ed cruthaitheacha anseo agus deiseanna nua a chruth\u00fa a chuirfidh bonn faoin ngeilleagar \u00e1iti\u00fail.\u201d<\/em><br \/>\n&nbsp;<br \/>\nD\u00fairt <strong>Miche\u00e1l \u00d3 h\u00c9anaigh, Pr\u00edomhfheidhmeannach \u00dadar\u00e1s na Gaeltachta<\/strong>: &#8220;<em>T\u00e1 f\u00e1ilte mh\u00f3r \u00e1 cur ag an \u00dadar\u00e1s roimh an sc\u00e9im seo; t\u00e1 dl\u00fathbhaint ag \u00dadar\u00e1s na Gaeltachta leis an earn\u00e1il closamhairc \u00f3 ch\u00e9ad laethanta an tionscail sa nGaeltacht. T\u00e1 muid s\u00e1sta gur f\u00e9idir linn an taca\u00edocht seo a thabhairt,  a chuireann len\u00e1r gcomhph\u00e1irt\u00edocht lean\u00fanach le TG4 agus le haidhmeanna an \u00dadar\u00e1is, maidir le forbairt na hearn\u00e1la teilif\u00edse sna r\u00e9igi\u00fain Ghaeltachta \u00e9ags\u00fala.&#8221;<\/em><br \/>\n&nbsp;<br \/>\nChun breis eolais a fh\u00e1il faoin sc\u00e9im, is f\u00e9idir teagmh\u00e1il a dh\u00e9anamh le Bainisteoir Coimisi\u00fanaithe TG4, Mary Ellen N\u00ed Chual\u00e1in, ag <a href=\"mailto:maryellen.ni.chualain@dev.tg4.ie\" rel=\"noopener\" target=\"_blank\">maryellen.ni.chualain@dev.tg4.ie<\/a><br \/>\n&nbsp;<\/p>\n","protected":false},"excerpt":{"rendered":"<p>&nbsp; D&#8217;fh\u00f3gair TG4 i gcomhar le h\u00dadar\u00e1s na Gaeltachta sc\u00e9im nua forbartha dr\u00e1ma\u00edochta ag \u00f3c\u00e1id do l\u00e9iritheoir\u00ed teilif\u00edse inniu sa GTeic i nGaoth Dobhair. Is \u00e9 aidhm na sc\u00e9ime nua borradh a chur faoin tionscal closamhairc i nGaeltacht Dh\u00fan na nGall. T\u00e1 l\u00e9irithe sp\u00e9ise \u00e1 lorg \u00f3 chomhlachta\u00ed l\u00e9iri\u00fach\u00e1in c\u00e1ilithe chun forbairt agus l\u00e9iri\u00fa a [&hellip;]<\/p>\n","protected":false},"author":876,"featured_media":0,"parent":138171,"menu_order":28,"comment_status":"closed","ping_status":"closed","template":"page-templates\/template-pr.php","meta":{"_acf_changed":false,"footnotes":""},"acf":[],"yoast_head":"<!-- This site is optimized with the Yoast SEO plugin v22.6 - https:\/\/yoast.com\/wordpress\/plugins\/seo\/ -->\n<title>Sc\u00e9im nua do L\u00e9iritheoir\u00ed i nD\u00fan na nGall f\u00f3gartha ag TG4 agus \u00dadar\u00e1s na Gaeltachta | Preas R\u00e1iteas | TG4<\/title>\n<meta name=\"description\" content=\"D&#039;fh\u00f3gair TG4 i gcomhar le h\u00dadar\u00e1s na Gaeltachta sc\u00e9im nua forbartha dr\u00e1ma\u00edochta ag \u00f3c\u00e1id do l\u00e9iritheoir\u00ed teilif\u00edse inniu sa GTeic i nGaoth Dobhair.\" \/>\n<meta name=\"robots\" content=\"index, follow, max-snippet:-1, max-image-preview:large, max-video-preview:-1\" \/>\n<meta property=\"og:locale\" content=\"en_US\" \/>\n<meta property=\"og:type\" content=\"article\" \/>\n<meta property=\"og:title\" content=\"Sc\u00e9im nua do L\u00e9iritheoir\u00ed i nD\u00fan na nGall f\u00f3gartha ag TG4 agus \u00dadar\u00e1s na Gaeltachta | Preas R\u00e1iteas | TG4\" \/>\n<meta property=\"og:description\" content=\"D&#039;fh\u00f3gair TG4 i gcomhar le h\u00dadar\u00e1s na Gaeltachta sc\u00e9im nua forbartha dr\u00e1ma\u00edochta ag \u00f3c\u00e1id do l\u00e9iritheoir\u00ed teilif\u00edse inniu sa GTeic i nGaoth Dobhair.\" \/>\n<meta property=\"og:url\" content=\"https:\/\/dev.tg4.ie\/ga\/eolas\/preas\/nuacht-raitis\/2022-2\/sceim-nua-do-leiritheoiri-i-ndun-na-ngall-fogartha-ag-tg4-agus-udaras-na-gaeltachta\/\" \/>\n<meta property=\"og:site_name\" content=\"TG4\" \/>\n<meta property=\"article:publisher\" content=\"https:\/\/www.facebook.com\/TG4TV\" \/>\n<meta property=\"og:image\" content=\"https:\/\/tg4-docs.s3.amazonaws.com\/wp-content\/uploads\/2022\/08\/29145838\/TG4_agus_Udaras_2022_1-1920x1080-1.jpg\" \/>\n\t<meta property=\"og:image:width\" content=\"1920\" \/>\n\t<meta property=\"og:image:height\" content=\"1080\" \/>\n\t<meta property=\"og:image:type\" content=\"image\/jpeg\" \/>\n<meta name=\"twitter:card\" content=\"summary_large_image\" \/>\n<meta name=\"twitter:image\" content=\"https:\/\/tg4-docs.s3.amazonaws.com\/wp-content\/uploads\/2022\/08\/29145838\/TG4_agus_Udaras_2022_1-1920x1080-1.jpg\" \/>\n<meta name=\"twitter:site\" content=\"@TG4TV\" \/>\n<meta name=\"twitter:label1\" content=\"Est. reading time\" \/>\n\t<meta name=\"twitter:data1\" content=\"3 minutes\" \/>\n<script type=\"application\/ld+json\" class=\"yoast-schema-graph\">{\"@context\":\"https:\/\/schema.org\",\"@graph\":[{\"@type\":\"WebPage\",\"@id\":\"https:\/\/dev.tg4.ie\/ga\/eolas\/preas\/nuacht-raitis\/2022-2\/sceim-nua-do-leiritheoiri-i-ndun-na-ngall-fogartha-ag-tg4-agus-udaras-na-gaeltachta\/\",\"url\":\"https:\/\/dev.tg4.ie\/ga\/eolas\/preas\/nuacht-raitis\/2022-2\/sceim-nua-do-leiritheoiri-i-ndun-na-ngall-fogartha-ag-tg4-agus-udaras-na-gaeltachta\/\",\"name\":\"Sc\u00e9im nua do L\u00e9iritheoir\u00ed i nD\u00fan na nGall f\u00f3gartha ag TG4 agus \u00dadar\u00e1s na Gaeltachta | Preas R\u00e1iteas | TG4\",\"isPartOf\":{\"@id\":\"https:\/\/dev.tg4.ie\/en\/#website\"},\"primaryImageOfPage\":{\"@id\":\"https:\/\/dev.tg4.ie\/ga\/eolas\/preas\/nuacht-raitis\/2022-2\/sceim-nua-do-leiritheoiri-i-ndun-na-ngall-fogartha-ag-tg4-agus-udaras-na-gaeltachta\/#primaryimage\"},\"image\":{\"@id\":\"https:\/\/dev.tg4.ie\/ga\/eolas\/preas\/nuacht-raitis\/2022-2\/sceim-nua-do-leiritheoiri-i-ndun-na-ngall-fogartha-ag-tg4-agus-udaras-na-gaeltachta\/#primaryimage\"},\"thumbnailUrl\":\"https:\/\/dev.tg4.ie\/wp-content\/uploads\/2022\/08\/TG4_agus_Udaras_2022_1-1920x1080-1.jpg\",\"datePublished\":\"2022-08-29T14:05:47+00:00\",\"dateModified\":\"2022-08-29T14:05:47+00:00\",\"description\":\"D'fh\u00f3gair TG4 i gcomhar le h\u00dadar\u00e1s na Gaeltachta sc\u00e9im nua forbartha dr\u00e1ma\u00edochta ag \u00f3c\u00e1id do l\u00e9iritheoir\u00ed teilif\u00edse inniu sa GTeic i nGaoth Dobhair.\",\"breadcrumb\":{\"@id\":\"https:\/\/dev.tg4.ie\/ga\/eolas\/preas\/nuacht-raitis\/2022-2\/sceim-nua-do-leiritheoiri-i-ndun-na-ngall-fogartha-ag-tg4-agus-udaras-na-gaeltachta\/#breadcrumb\"},\"inLanguage\":\"ga\",\"potentialAction\":[{\"@type\":\"ReadAction\",\"target\":[\"https:\/\/dev.tg4.ie\/ga\/eolas\/preas\/nuacht-raitis\/2022-2\/sceim-nua-do-leiritheoiri-i-ndun-na-ngall-fogartha-ag-tg4-agus-udaras-na-gaeltachta\/\"]}]},{\"@type\":\"ImageObject\",\"inLanguage\":\"ga\",\"@id\":\"https:\/\/dev.tg4.ie\/ga\/eolas\/preas\/nuacht-raitis\/2022-2\/sceim-nua-do-leiritheoiri-i-ndun-na-ngall-fogartha-ag-tg4-agus-udaras-na-gaeltachta\/#primaryimage\",\"url\":\"https:\/\/dev.tg4.ie\/wp-content\/uploads\/2022\/08\/TG4_agus_Udaras_2022_1-1920x1080-1.jpg\",\"contentUrl\":\"https:\/\/dev.tg4.ie\/wp-content\/uploads\/2022\/08\/TG4_agus_Udaras_2022_1-1920x1080-1.jpg\"},{\"@type\":\"BreadcrumbList\",\"@id\":\"https:\/\/dev.tg4.ie\/ga\/eolas\/preas\/nuacht-raitis\/2022-2\/sceim-nua-do-leiritheoiri-i-ndun-na-ngall-fogartha-ag-tg4-agus-udaras-na-gaeltachta\/#breadcrumb\",\"itemListElement\":[{\"@type\":\"ListItem\",\"position\":1,\"name\":\"Home\",\"item\":\"https:\/\/dev.tg4.ie\/ga\/\"},{\"@type\":\"ListItem\",\"position\":2,\"name\":\"Eolas\",\"item\":\"https:\/\/dev.tg4.ie\/ga\/eolas\/\"},{\"@type\":\"ListItem\",\"position\":3,\"name\":\"Preas\",\"item\":\"https:\/\/dev.tg4.ie\/ga\/eolas\/preas\/\"},{\"@type\":\"ListItem\",\"position\":4,\"name\":\"Nuacht R\u00e1itis\",\"item\":\"https:\/\/dev.tg4.ie\/ga\/eolas\/preas\/nuacht-raitis\/\"},{\"@type\":\"ListItem\",\"position\":5,\"name\":\"2022\",\"item\":\"https:\/\/dev.tg4.ie\/ga\/eolas\/preas\/nuacht-raitis\/2022-2\/\"},{\"@type\":\"ListItem\",\"position\":6,\"name\":\"Sc\u00e9im nua do L\u00e9iritheoir\u00ed i nD\u00fan na nGall f\u00f3gartha ag TG4 agus \u00dadar\u00e1s na Gaeltachta\"}]},{\"@type\":\"WebSite\",\"@id\":\"https:\/\/dev.tg4.ie\/en\/#website\",\"url\":\"https:\/\/dev.tg4.ie\/en\/\",\"name\":\"TG4\",\"description\":\"S\u00fail Eile\",\"potentialAction\":[{\"@type\":\"SearchAction\",\"target\":{\"@type\":\"EntryPoint\",\"urlTemplate\":\"https:\/\/dev.tg4.ie\/en\/?s={search_term_string}\"},\"query-input\":\"required name=search_term_string\"}],\"inLanguage\":\"ga\"}]}<\/script>\n<!-- \/ Yoast SEO plugin. -->","yoast_head_json":{"title":"Sc\u00e9im nua do L\u00e9iritheoir\u00ed i nD\u00fan na nGall f\u00f3gartha ag TG4 agus \u00dadar\u00e1s na Gaeltachta | Preas R\u00e1iteas | TG4","description":"D'fh\u00f3gair TG4 i gcomhar le h\u00dadar\u00e1s na Gaeltachta sc\u00e9im nua forbartha dr\u00e1ma\u00edochta ag \u00f3c\u00e1id do l\u00e9iritheoir\u00ed teilif\u00edse inniu sa GTeic i nGaoth Dobhair.","robots":{"index":"index","follow":"follow","max-snippet":"max-snippet:-1","max-image-preview":"max-image-preview:large","max-video-preview":"max-video-preview:-1"},"og_locale":"en_US","og_type":"article","og_title":"Sc\u00e9im nua do L\u00e9iritheoir\u00ed i nD\u00fan na nGall f\u00f3gartha ag TG4 agus \u00dadar\u00e1s na Gaeltachta | Preas R\u00e1iteas | TG4","og_description":"D'fh\u00f3gair TG4 i gcomhar le h\u00dadar\u00e1s na Gaeltachta sc\u00e9im nua forbartha dr\u00e1ma\u00edochta ag \u00f3c\u00e1id do l\u00e9iritheoir\u00ed teilif\u00edse inniu sa GTeic i nGaoth Dobhair.","og_url":"https:\/\/dev.tg4.ie\/ga\/eolas\/preas\/nuacht-raitis\/2022-2\/sceim-nua-do-leiritheoiri-i-ndun-na-ngall-fogartha-ag-tg4-agus-udaras-na-gaeltachta\/","og_site_name":"TG4","article_publisher":"https:\/\/www.facebook.com\/TG4TV","og_image":[{"width":1920,"height":1080,"url":"https:\/\/tg4-docs.s3.amazonaws.com\/wp-content\/uploads\/2022\/08\/29145838\/TG4_agus_Udaras_2022_1-1920x1080-1.jpg","type":"image\/jpeg"}],"twitter_card":"summary_large_image","twitter_image":"https:\/\/tg4-docs.s3.amazonaws.com\/wp-content\/uploads\/2022\/08\/29145838\/TG4_agus_Udaras_2022_1-1920x1080-1.jpg","twitter_site":"@TG4TV","twitter_misc":{"Est. reading time":"3 minutes"},"schema":{"@context":"https:\/\/schema.org","@graph":[{"@type":"WebPage","@id":"https:\/\/dev.tg4.ie\/ga\/eolas\/preas\/nuacht-raitis\/2022-2\/sceim-nua-do-leiritheoiri-i-ndun-na-ngall-fogartha-ag-tg4-agus-udaras-na-gaeltachta\/","url":"https:\/\/dev.tg4.ie\/ga\/eolas\/preas\/nuacht-raitis\/2022-2\/sceim-nua-do-leiritheoiri-i-ndun-na-ngall-fogartha-ag-tg4-agus-udaras-na-gaeltachta\/","name":"Sc\u00e9im nua do L\u00e9iritheoir\u00ed i nD\u00fan na nGall f\u00f3gartha ag TG4 agus \u00dadar\u00e1s na Gaeltachta | Preas R\u00e1iteas | TG4","isPartOf":{"@id":"https:\/\/dev.tg4.ie\/en\/#website"},"primaryImageOfPage":{"@id":"https:\/\/dev.tg4.ie\/ga\/eolas\/preas\/nuacht-raitis\/2022-2\/sceim-nua-do-leiritheoiri-i-ndun-na-ngall-fogartha-ag-tg4-agus-udaras-na-gaeltachta\/#primaryimage"},"image":{"@id":"https:\/\/dev.tg4.ie\/ga\/eolas\/preas\/nuacht-raitis\/2022-2\/sceim-nua-do-leiritheoiri-i-ndun-na-ngall-fogartha-ag-tg4-agus-udaras-na-gaeltachta\/#primaryimage"},"thumbnailUrl":"https:\/\/dev.tg4.ie\/wp-content\/uploads\/2022\/08\/TG4_agus_Udaras_2022_1-1920x1080-1.jpg","datePublished":"2022-08-29T14:05:47+00:00","dateModified":"2022-08-29T14:05:47+00:00","description":"D'fh\u00f3gair TG4 i gcomhar le h\u00dadar\u00e1s na Gaeltachta sc\u00e9im nua forbartha dr\u00e1ma\u00edochta ag \u00f3c\u00e1id do l\u00e9iritheoir\u00ed teilif\u00edse inniu sa GTeic i nGaoth Dobhair.","breadcrumb":{"@id":"https:\/\/dev.tg4.ie\/ga\/eolas\/preas\/nuacht-raitis\/2022-2\/sceim-nua-do-leiritheoiri-i-ndun-na-ngall-fogartha-ag-tg4-agus-udaras-na-gaeltachta\/#breadcrumb"},"inLanguage":"ga","potentialAction":[{"@type":"ReadAction","target":["https:\/\/dev.tg4.ie\/ga\/eolas\/preas\/nuacht-raitis\/2022-2\/sceim-nua-do-leiritheoiri-i-ndun-na-ngall-fogartha-ag-tg4-agus-udaras-na-gaeltachta\/"]}]},{"@type":"ImageObject","inLanguage":"ga","@id":"https:\/\/dev.tg4.ie\/ga\/eolas\/preas\/nuacht-raitis\/2022-2\/sceim-nua-do-leiritheoiri-i-ndun-na-ngall-fogartha-ag-tg4-agus-udaras-na-gaeltachta\/#primaryimage","url":"https:\/\/dev.tg4.ie\/wp-content\/uploads\/2022\/08\/TG4_agus_Udaras_2022_1-1920x1080-1.jpg","contentUrl":"https:\/\/dev.tg4.ie\/wp-content\/uploads\/2022\/08\/TG4_agus_Udaras_2022_1-1920x1080-1.jpg"},{"@type":"BreadcrumbList","@id":"https:\/\/dev.tg4.ie\/ga\/eolas\/preas\/nuacht-raitis\/2022-2\/sceim-nua-do-leiritheoiri-i-ndun-na-ngall-fogartha-ag-tg4-agus-udaras-na-gaeltachta\/#breadcrumb","itemListElement":[{"@type":"ListItem","position":1,"name":"Home","item":"https:\/\/dev.tg4.ie\/ga\/"},{"@type":"ListItem","position":2,"name":"Eolas","item":"https:\/\/dev.tg4.ie\/ga\/eolas\/"},{"@type":"ListItem","position":3,"name":"Preas","item":"https:\/\/dev.tg4.ie\/ga\/eolas\/preas\/"},{"@type":"ListItem","position":4,"name":"Nuacht R\u00e1itis","item":"https:\/\/dev.tg4.ie\/ga\/eolas\/preas\/nuacht-raitis\/"},{"@type":"ListItem","position":5,"name":"2022","item":"https:\/\/dev.tg4.ie\/ga\/eolas\/preas\/nuacht-raitis\/2022-2\/"},{"@type":"ListItem","position":6,"name":"Sc\u00e9im nua do L\u00e9iritheoir\u00ed i nD\u00fan na nGall f\u00f3gartha ag TG4 agus \u00dadar\u00e1s na Gaeltachta"}]},{"@type":"WebSite","@id":"https:\/\/dev.tg4.ie\/en\/#website","url":"https:\/\/dev.tg4.ie\/en\/","name":"TG4","description":"S\u00fail Eile","potentialAction":[{"@type":"SearchAction","target":{"@type":"EntryPoint","urlTemplate":"https:\/\/dev.tg4.ie\/en\/?s={search_term_string}"},"query-input":"required name=search_term_string"}],"inLanguage":"ga"}]}},"_links":{"self":[{"href":"https:\/\/dev.tg4.ie\/ga\/wp-json\/wp\/v2\/pages\/172000"}],"collection":[{"href":"https:\/\/dev.tg4.ie\/ga\/wp-json\/wp\/v2\/pages"}],"about":[{"href":"https:\/\/dev.tg4.ie\/ga\/wp-json\/wp\/v2\/types\/page"}],"author":[{"embeddable":true,"href":"https:\/\/dev.tg4.ie\/ga\/wp-json\/wp\/v2\/users\/876"}],"replies":[{"embeddable":true,"href":"https:\/\/dev.tg4.ie\/ga\/wp-json\/wp\/v2\/comments?post=172000"}],"version-history":[{"count":0,"href":"https:\/\/dev.tg4.ie\/ga\/wp-json\/wp\/v2\/pages\/172000\/revisions"}],"up":[{"embeddable":true,"href":"https:\/\/dev.tg4.ie\/ga\/wp-json\/wp\/v2\/pages\/138171"}],"wp:attachment":[{"href":"https:\/\/dev.tg4.ie\/ga\/wp-json\/wp\/v2\/media?parent=172000"}],"curies":[{"name":"wp","href":"https:\/\/api.w.org\/{rel}","templated":true}]}}